{"id":503,"date":"2024-01-17T08:02:53","date_gmt":"2024-01-17T07:02:53","guid":{"rendered":"https:\/\/www.manukahoney.eu\/?post_type=product&#038;p=503"},"modified":"2026-02-17T13:57:08","modified_gmt":"2026-02-17T12:57:08","slug":"manuka-honey-drops-propolis","status":"publish","type":"product","link":"https:\/\/www.manukanewzealand.com\/tr\/product\/manuka-honey-drops-propolis\/","title":{"rendered":"Manuka Bal Damlas\u0131 &amp; Propolis"},"content":{"rendered":"<h1>MNZ Manuka Bal\u0131 Pastilleri - \u0130zomalt ve Propolis ile<\/h1>\n<p><strong>MNZ Manuka Bal\u0131 Pastilleri<\/strong> ile yap\u0131lan \u00f6zenle haz\u0131rlanm\u0131\u015f pastillerdir. <strong>\u0130zomalt<\/strong>, <strong>ham monofloral MGO 100+ Manuka bal\u0131<\/strong> ve az miktarda <strong>propolis<\/strong>. P\u00fcr\u00fczs\u00fcz bir doku ve ho\u015f, dengeli bir tat sunarlar.<\/p>\n<h2>Neden MNZ Manuka Ball\u0131 Pastilleri se\u00e7melisiniz?<\/h2>\n<p>MNZ safl\u0131k, \u015feffafl\u0131k ve g\u00fcvenilir men\u015fe anlam\u0131na gelir. Bu pastiller, Yeni Zelanda'dan gelen hakiki Manuka bal\u0131 ile birlikte \u015feker alternatifi olarak \u0130zomalt kullan\u0131larak \u00fcretilmi\u015ftir.<\/p>\n<p>\u0130zomalt hafif bir tatl\u0131l\u0131k sa\u011flayarak Manuka bal\u0131n\u0131n do\u011fal aromas\u0131n\u0131n a\u015f\u0131r\u0131 tatl\u0131 olmadan ortaya \u00e7\u0131kmas\u0131n\u0131 sa\u011flar. Propolis ilavesi form\u00fcl\u00fc tamamlar ve \u00e7ok y\u00f6nl\u00fc bir bile\u015fim olu\u015fturur.<\/p>\n<p>Kat\u0131 pastil format\u0131 sayesinde ta\u015f\u0131mas\u0131 ve kullan\u0131m\u0131 kolayd\u0131r. Seyahat, i\u015f veya s\u0131v\u0131 bala uygun bir alternatif tercih etti\u011finiz g\u00fcnl\u00fck anlar i\u00e7in idealdir. MNZ ad\u0131 tutarl\u0131 kaliteyi, tam izlenebilirli\u011fi ve \u00f6zenle se\u00e7ilmi\u015f i\u00e7erikleri temsil eder.<\/p>\n<ul>\n<li>Ham monofloral MGO 100+ Manuka bal\u0131 ile<\/li>\n<li>\u015eeker ikamesi olarak \u0130zomalt ile yap\u0131lm\u0131\u015ft\u0131r<\/li>\n<li>Propolis i\u00e7erir<\/li>\n<li>Ho\u015f, dengeli tatl\u0131l\u0131k<\/li>\n<li>Kullan\u0131\u015fl\u0131 ve ta\u015f\u0131mas\u0131 kolay<\/li>\n<\/ul>\n<h3>\u0130\u00e7indekiler<\/h3>\n<p>\u0130zomalt, Manuka bal\u0131 (MGO 100+), Propolis<\/p>\n<h3>Her 100 g i\u00e7in besin de\u011ferleri<\/h3>\n<ul>\n<li>Enerji: 1130 kJ \/ 270 kcal<\/li>\n<li>Ya\u011f: 0,0 g<\/li>\n<li>doymu\u015f: 0.0 g<\/li>\n<li>Karbonhidratlar: 38.1 g<\/li>\n<li>bunun i\u00e7inde \u015fekerler: 32,7 g<\/li>\n<li>Lif: 60,0 g<\/li>\n<li>Protein: 0,1 g<\/li>\n<li>Tuz: 0,013 g<\/li>\n<\/ul>\n<h3>\u00d6nemli bilgiler<\/h3>\n<p>A\u015f\u0131r\u0131 t\u00fcketimin m\u00fcshil etkisi olabilir.<br \/>\nBir ya\u015f\u0131ndan k\u00fc\u00e7\u00fck \u00e7ocuklar i\u00e7in uygun de\u011fildir.<br \/>\nSerin ve kuru bir yerde saklay\u0131n.<\/p>","protected":false},"excerpt":{"rendered":"<p>MNZ Manuka Honey Pastilles \u2013 With Isomalt &amp; Propolis MNZ Manuka Honey Pastilles are carefully crafted lozenges made with Isomalt, raw monofloral MGO 100+ Manuka honey and a small amount of propolis. They offer a smooth texture and a pleasant, balanced taste. Why choose MNZ Manuka Honey Pastilles? MNZ stands for purity, transparency and trusted [&#8230;]\n","protected":false},"featured_media":35177,"comment_status":"closed","ping_status":"closed","template":"","meta":[],"product_brand":[],"product_cat":[113],"product_tag":[],"class_list":{"0":"post-503","1":"product","2":"type-product","3":"status-publish","4":"has-post-thumbnail","6":"product_cat-uncategorized","8":"first","9":"instock","10":"taxable","11":"shipping-taxable","12":"purchasable","13":"product-type-simple"},"yoast_head":"<!-- This site is optimized with the Yoast SEO plugin v27.3 - https:\/\/yoast.com\/product\/yoast-seo-wordpress\/ -->\n<title>MNZ Manuka Honey Pastilles MGO 100+ | With Isomalt &amp; Propolis | Low Sugar<\/title>\n<meta name=\"description\" content=\"Premium Manuka honey pastilles with raw MGO 100+ Manuka honey, Isomalt and propolis. Pleasantly sweet, sugar free and ideal for daily use or on the go.\" \/>\n<meta name=\"robots\" content=\"index, follow, max-snippet:-1, max-image-preview:large, max-video-preview:-1\" \/>\n<link rel=\"canonical\" href=\"https:\/\/www.manukanewzealand.com\/tr\/product\/manuka-honey-drops-propolis\/\" \/>\n<meta property=\"og:locale\" content=\"tr_TR\" \/>\n<meta property=\"og:type\" content=\"article\" \/>\n<meta property=\"og:title\" content=\"MNZ Manuka Honey Pastilles MGO 100+ | With Isomalt &amp; Propolis | Low Sugar\" \/>\n<meta property=\"og:description\" content=\"Premium Manuka honey pastilles with raw MGO 100+ Manuka honey, Isomalt and propolis. Pleasantly sweet, sugar free and ideal for daily use or on the go.\" \/>\n<meta property=\"og:url\" content=\"https:\/\/www.manukanewzealand.com\/tr\/product\/manuka-honey-drops-propolis\/\" \/>\n<meta property=\"og:site_name\" content=\"MNZ - Manuka New Zealand - The Best Raw Manuka Honey | Global\" \/>\n<meta property=\"article:modified_time\" content=\"2026-02-17T12:57:08+00:00\" \/>\n<meta property=\"og:image\" content=\"https:\/\/www.manukanewzealand.com\/wp-content\/uploads\/2024\/01\/MNZ-lozenges-manuka-honey-propolis.png\" \/>\n\t<meta property=\"og:image:width\" content=\"500\" \/>\n\t<meta property=\"og:image:height\" content=\"500\" \/>\n\t<meta property=\"og:image:type\" content=\"image\/png\" \/>\n<meta name=\"twitter:card\" content=\"summary_large_image\" \/>\n<meta name=\"twitter:label1\" content=\"Fiyat\" \/>\n\t<meta name=\"twitter:data1\" content=\"&euro;14,95 incl. VAT\" \/>\n\t<meta name=\"twitter:label2\" content=\"Availability\" \/>\n\t<meta name=\"twitter:data2\" content=\"In stock\" \/>\n<script type=\"application\/ld+json\" class=\"yoast-schema-graph\">{\"@context\":\"https:\\\/\\\/schema.org\",\"@graph\":[{\"@type\":\"WebPage\",\"@id\":\"https:\\\/\\\/www.manukanewzealand.com\\\/product\\\/manuka-honey-drops-propolis\\\/\",\"url\":\"https:\\\/\\\/www.manukanewzealand.com\\\/product\\\/manuka-honey-drops-propolis\\\/\",\"name\":\"MNZ Manuka Honey Pastilles MGO 100+ | With Isomalt & Propolis | Low Sugar\",\"isPartOf\":{\"@id\":\"https:\\\/\\\/www.manukanewzealand.com\\\/es\\\/#website\"},\"primaryImageOfPage\":{\"@id\":\"https:\\\/\\\/www.manukanewzealand.com\\\/product\\\/manuka-honey-drops-propolis\\\/#primaryimage\"},\"image\":{\"@id\":\"https:\\\/\\\/www.manukanewzealand.com\\\/product\\\/manuka-honey-drops-propolis\\\/#primaryimage\"},\"thumbnailUrl\":\"https:\\\/\\\/www.manukanewzealand.com\\\/wp-content\\\/uploads\\\/2024\\\/01\\\/MNZ-lozenges-manuka-honey-propolis.png\",\"datePublished\":\"2024-01-17T07:02:53+00:00\",\"dateModified\":\"2026-02-17T12:57:08+00:00\",\"description\":\"Premium Manuka honey pastilles with raw MGO 100+ Manuka honey, Isomalt and propolis. Pleasantly sweet, sugar free and ideal for daily use or on the go.\",\"breadcrumb\":{\"@id\":\"https:\\\/\\\/www.manukanewzealand.com\\\/product\\\/manuka-honey-drops-propolis\\\/#breadcrumb\"},\"inLanguage\":\"tr\",\"potentialAction\":[{\"@type\":\"ReadAction\",\"target\":[\"https:\\\/\\\/www.manukanewzealand.com\\\/product\\\/manuka-honey-drops-propolis\\\/\"]}]},{\"@type\":\"ImageObject\",\"inLanguage\":\"tr\",\"@id\":\"https:\\\/\\\/www.manukanewzealand.com\\\/product\\\/manuka-honey-drops-propolis\\\/#primaryimage\",\"url\":\"https:\\\/\\\/www.manukanewzealand.com\\\/wp-content\\\/uploads\\\/2024\\\/01\\\/MNZ-lozenges-manuka-honey-propolis.png\",\"contentUrl\":\"https:\\\/\\\/www.manukanewzealand.com\\\/wp-content\\\/uploads\\\/2024\\\/01\\\/MNZ-lozenges-manuka-honey-propolis.png\",\"width\":500,\"height\":500},{\"@type\":\"BreadcrumbList\",\"@id\":\"https:\\\/\\\/www.manukanewzealand.com\\\/product\\\/manuka-honey-drops-propolis\\\/#breadcrumb\",\"itemListElement\":[{\"@type\":\"ListItem\",\"position\":1,\"name\":\"Home\",\"item\":\"https:\\\/\\\/www.manukanewzealand.com\\\/\"},{\"@type\":\"ListItem\",\"position\":2,\"name\":\"MNZ Products\",\"item\":\"https:\\\/\\\/www.manukanewzealand.com\\\/mnz-products\\\/\"},{\"@type\":\"ListItem\",\"position\":3,\"name\":\"Manuka Honey Drops &#038; Propolis\"}]},{\"@type\":\"WebSite\",\"@id\":\"https:\\\/\\\/www.manukanewzealand.com\\\/es\\\/#website\",\"url\":\"https:\\\/\\\/www.manukanewzealand.com\\\/es\\\/\",\"name\":\"MNZ - Manuka New Zealand - The Best Raw Manuka Honey | Global\",\"description\":\"\",\"publisher\":{\"@id\":\"https:\\\/\\\/www.manukanewzealand.com\\\/es\\\/#organization\"},\"potentialAction\":[{\"@type\":\"SearchAction\",\"target\":{\"@type\":\"EntryPoint\",\"urlTemplate\":\"https:\\\/\\\/www.manukanewzealand.com\\\/es\\\/?s={search_term_string}\"},\"query-input\":{\"@type\":\"PropertyValueSpecification\",\"valueRequired\":true,\"valueName\":\"search_term_string\"}}],\"inLanguage\":\"tr\"},{\"@type\":\"Organization\",\"@id\":\"https:\\\/\\\/www.manukanewzealand.com\\\/es\\\/#organization\",\"name\":\"MNZ - Manuka New Zealand - The Best Raw Manuka Honey | Global\",\"url\":\"https:\\\/\\\/www.manukanewzealand.com\\\/es\\\/\",\"logo\":{\"@type\":\"ImageObject\",\"inLanguage\":\"tr\",\"@id\":\"https:\\\/\\\/www.manukanewzealand.com\\\/es\\\/#\\\/schema\\\/logo\\\/image\\\/\",\"url\":\"https:\\\/\\\/www.manukanewzealand.com\\\/wp-content\\\/uploads\\\/2022\\\/11\\\/mnz-logo-200x200-1-1.png\",\"contentUrl\":\"https:\\\/\\\/www.manukanewzealand.com\\\/wp-content\\\/uploads\\\/2022\\\/11\\\/mnz-logo-200x200-1-1.png\",\"width\":200,\"height\":200,\"caption\":\"MNZ - Manuka New Zealand - The Best Raw Manuka Honey | Global\"},\"image\":{\"@id\":\"https:\\\/\\\/www.manukanewzealand.com\\\/es\\\/#\\\/schema\\\/logo\\\/image\\\/\"}}]}<\/script>\n<meta property=\"product:price:amount\" content=\"14.95\" \/>\n<meta property=\"product:price:currency\" content=\"EUR\" \/>\n<meta property=\"og:availability\" content=\"instock\" \/>\n<meta property=\"product:availability\" content=\"instock\" \/>\n<meta property=\"product:retailer_item_id\" content=\"MNZ052\" \/>\n<meta property=\"product:condition\" content=\"new\" \/>\n<!-- \/ Yoast SEO plugin. -->","yoast_head_json":{"title":"MNZ Manuka Bal\u0131 Pastilleri MGO 100+ | \u0130zomalt ve Propolisli | D\u00fc\u015f\u00fck \u015eekerli","description":"Ham MGO 100+ Manuka bal\u0131, \u0130zomalt ve propolis i\u00e7eren birinci s\u0131n\u0131f Manuka bal\u0131 pastilleri. Ho\u015f tatl\u0131, \u015fekersiz ve g\u00fcnl\u00fck kullan\u0131m veya hareket halindeyken kullan\u0131m i\u00e7in idealdir.","robots":{"index":"index","follow":"follow","max-snippet":"max-snippet:-1","max-image-preview":"max-image-preview:large","max-video-preview":"max-video-preview:-1"},"canonical":"https:\/\/www.manukanewzealand.com\/tr\/product\/manuka-honey-drops-propolis\/","og_locale":"tr_TR","og_type":"article","og_title":"MNZ Manuka Honey Pastilles MGO 100+ | With Isomalt & Propolis | Low Sugar","og_description":"Premium Manuka honey pastilles with raw MGO 100+ Manuka honey, Isomalt and propolis. Pleasantly sweet, sugar free and ideal for daily use or on the go.","og_url":"https:\/\/www.manukanewzealand.com\/tr\/product\/manuka-honey-drops-propolis\/","og_site_name":"MNZ - Manuka New Zealand - The Best Raw Manuka Honey | Global","article_modified_time":"2026-02-17T12:57:08+00:00","og_image":[{"width":500,"height":500,"url":"https:\/\/www.manukanewzealand.com\/wp-content\/uploads\/2024\/01\/MNZ-lozenges-manuka-honey-propolis.png","type":"image\/png"}],"twitter_card":"summary_large_image","twitter_misc":{"Fiyat":"&euro;14,95 incl. VAT","Availability":"In stock"},"schema":{"@context":"https:\/\/schema.org","@graph":[{"@type":"WebPage","@id":"https:\/\/www.manukanewzealand.com\/product\/manuka-honey-drops-propolis\/","url":"https:\/\/www.manukanewzealand.com\/product\/manuka-honey-drops-propolis\/","name":"MNZ Manuka Bal\u0131 Pastilleri MGO 100+ | \u0130zomalt ve Propolisli | D\u00fc\u015f\u00fck \u015eekerli","isPartOf":{"@id":"https:\/\/www.manukanewzealand.com\/es\/#website"},"primaryImageOfPage":{"@id":"https:\/\/www.manukanewzealand.com\/product\/manuka-honey-drops-propolis\/#primaryimage"},"image":{"@id":"https:\/\/www.manukanewzealand.com\/product\/manuka-honey-drops-propolis\/#primaryimage"},"thumbnailUrl":"https:\/\/www.manukanewzealand.com\/wp-content\/uploads\/2024\/01\/MNZ-lozenges-manuka-honey-propolis.png","datePublished":"2024-01-17T07:02:53+00:00","dateModified":"2026-02-17T12:57:08+00:00","description":"Ham MGO 100+ Manuka bal\u0131, \u0130zomalt ve propolis i\u00e7eren birinci s\u0131n\u0131f Manuka bal\u0131 pastilleri. Ho\u015f tatl\u0131, \u015fekersiz ve g\u00fcnl\u00fck kullan\u0131m veya hareket halindeyken kullan\u0131m i\u00e7in idealdir.","breadcrumb":{"@id":"https:\/\/www.manukanewzealand.com\/product\/manuka-honey-drops-propolis\/#breadcrumb"},"inLanguage":"tr","potentialAction":[{"@type":"ReadAction","target":["https:\/\/www.manukanewzealand.com\/product\/manuka-honey-drops-propolis\/"]}]},{"@type":"ImageObject","inLanguage":"tr","@id":"https:\/\/www.manukanewzealand.com\/product\/manuka-honey-drops-propolis\/#primaryimage","url":"https:\/\/www.manukanewzealand.com\/wp-content\/uploads\/2024\/01\/MNZ-lozenges-manuka-honey-propolis.png","contentUrl":"https:\/\/www.manukanewzealand.com\/wp-content\/uploads\/2024\/01\/MNZ-lozenges-manuka-honey-propolis.png","width":500,"height":500},{"@type":"BreadcrumbList","@id":"https:\/\/www.manukanewzealand.com\/product\/manuka-honey-drops-propolis\/#breadcrumb","itemListElement":[{"@type":"ListItem","position":1,"name":"Home","item":"https:\/\/www.manukanewzealand.com\/"},{"@type":"ListItem","position":2,"name":"MNZ Products","item":"https:\/\/www.manukanewzealand.com\/mnz-products\/"},{"@type":"ListItem","position":3,"name":"Manuka Honey Drops &#038; Propolis"}]},{"@type":"WebSite","@id":"https:\/\/www.manukanewzealand.com\/es\/#website","url":"https:\/\/www.manukanewzealand.com\/es\/","name":"MNZ - Manuka Yeni Zelanda - En \u0130yi Ham Manuka Bal\u0131 | K\u00fcresel","description":"","publisher":{"@id":"https:\/\/www.manukanewzealand.com\/es\/#organization"},"potentialAction":[{"@type":"SearchAction","target":{"@type":"EntryPoint","urlTemplate":"https:\/\/www.manukanewzealand.com\/es\/?s={search_term_string}"},"query-input":{"@type":"PropertyValueSpecification","valueRequired":true,"valueName":"search_term_string"}}],"inLanguage":"tr"},{"@type":"Organization","@id":"https:\/\/www.manukanewzealand.com\/es\/#organization","name":"MNZ - Manuka Yeni Zelanda - En \u0130yi Ham Manuka Bal\u0131 | K\u00fcresel","url":"https:\/\/www.manukanewzealand.com\/es\/","logo":{"@type":"ImageObject","inLanguage":"tr","@id":"https:\/\/www.manukanewzealand.com\/es\/#\/schema\/logo\/image\/","url":"https:\/\/www.manukanewzealand.com\/wp-content\/uploads\/2022\/11\/mnz-logo-200x200-1-1.png","contentUrl":"https:\/\/www.manukanewzealand.com\/wp-content\/uploads\/2022\/11\/mnz-logo-200x200-1-1.png","width":200,"height":200,"caption":"MNZ - Manuka New Zealand - The Best Raw Manuka Honey | Global"},"image":{"@id":"https:\/\/www.manukanewzealand.com\/es\/#\/schema\/logo\/image\/"}}]},"product_price_amount":"14.95","product_price_currency":"EUR","og_availability":"instock","product_availability":"instock","product_retailer_item_id":"MNZ052","product_condition":"new"},"_links":{"self":[{"href":"https:\/\/www.manukanewzealand.com\/tr\/wp-json\/wp\/v2\/product\/503","targetHints":{"allow":["GET"]}}],"collection":[{"href":"https:\/\/www.manukanewzealand.com\/tr\/wp-json\/wp\/v2\/product"}],"about":[{"href":"https:\/\/www.manukanewzealand.com\/tr\/wp-json\/wp\/v2\/types\/product"}],"replies":[{"embeddable":true,"href":"https:\/\/www.manukanewzealand.com\/tr\/wp-json\/wp\/v2\/comments?post=503"}],"wp:featuredmedia":[{"embeddable":true,"href":"https:\/\/www.manukanewzealand.com\/tr\/wp-json\/wp\/v2\/media\/35177"}],"wp:attachment":[{"href":"https:\/\/www.manukanewzealand.com\/tr\/wp-json\/wp\/v2\/media?parent=503"}],"wp:term":[{"taxonomy":"product_brand","embeddable":true,"href":"https:\/\/www.manukanewzealand.com\/tr\/wp-json\/wp\/v2\/product_brand?post=503"},{"taxonomy":"product_cat","embeddable":true,"href":"https:\/\/www.manukanewzealand.com\/tr\/wp-json\/wp\/v2\/product_cat?post=503"},{"taxonomy":"product_tag","embeddable":true,"href":"https:\/\/www.manukanewzealand.com\/tr\/wp-json\/wp\/v2\/product_tag?post=503"}],"curies":[{"name":"wp","href":"https:\/\/api.w.org\/{rel}","templated":true}]}}