{"id":470,"date":"2024-01-29T01:02:25","date_gmt":"2024-01-29T00:02:25","guid":{"rendered":"https:\/\/www.manukahoney.eu\/?post_type=product&#038;p=470"},"modified":"2026-02-17T13:37:54","modified_gmt":"2026-02-17T12:37:54","slug":"mgo-100-manuka-honey-500gr","status":"publish","type":"product","link":"https:\/\/www.manukanewzealand.com\/tr\/product\/mgo-100-manuka-honey-500gr\/","title":{"rendered":"Manuka Bal\u0131 MGO 100+ 500gr."},"content":{"rendered":"<h1>MNZ Manuka Bal\u0131 MGO 100+ - Yeni Zelanda'dan Saf Ham Monofloral Manuka<\/h1>\n<p><strong>MNZ MGO 100+<\/strong> birinci s\u0131n\u0131f bir <strong>ham monofloral Manuka bal\u0131<\/strong> garantili minimum <strong>100 mg\/kg Metilglioksal (MGO)<\/strong>. Yeni Zelanda'dan otantik, sertifikal\u0131 Manuka bal\u0131 isteyenler i\u00e7in p\u00fcr\u00fczs\u00fcz ve eri\u015filebilir bir s\u0131n\u0131ft\u0131r.<\/p>\n<p><strong>Mevcut:<\/strong> 500 gram<\/p>\n<h2>Neden MNZ MGO 100+'\u0131 se\u00e7melisiniz?<\/h2>\n<p>MNZ safl\u0131k, \u015feffafl\u0131k ve g\u00fcvenilir men\u015fe anlam\u0131na gelir. Bu bal asla harmanlanmam\u0131\u015f, seyreltilmemi\u015f veya a\u011f\u0131r i\u015flem g\u00f6rmemi\u015ftir. Sadece Manuka \u00e7i\u00e7e\u011finin nektar\u0131ndan elde edilir ve tan\u0131nm\u0131\u015f MGO standard\u0131na g\u00f6re s\u0131n\u0131fland\u0131r\u0131l\u0131r.<\/p>\n<p>MGO de\u011feri, Manuka bal\u0131n\u0131 benzersiz k\u0131lan bile\u015fik olan Metilglioksal'\u0131n do\u011fal konsantrasyonunu g\u00f6sterir. Garantili MGO 100+ ile bu s\u0131n\u0131f, tam \u00f6zg\u00fcnl\u00fc\u011f\u00fc korurken g\u00fcnl\u00fck kullan\u0131m i\u00e7in dengeli ve g\u00fcvenilir bir se\u00e7im sunar.<\/p>\n<p>Ar\u0131 kovanlar\u0131m\u0131z Yeni Zelanda'n\u0131n uzak, bozulmam\u0131\u015f b\u00f6lgelerinde, yo\u011fun tar\u0131m ve \u00e7evre kirlili\u011finden uzakta yer almaktad\u0131r. Her parti, MGO seviyesini ve monofloral durumunu do\u011frulamak i\u00e7in ba\u011f\u0131ms\u0131z olarak laboratuvarda test edilir. Kavanoz \u00fczerindeki MNZ etiketi ve alt\u0131n MGO m\u00fchr\u00fc, tam izlenebilirli\u011fi ve g\u00fcvenebilece\u011finiz tutarl\u0131 kaliteyi temsil eder.<\/p>\n<ul>\n<li>100% ham, \u0131s\u0131t\u0131lmam\u0131\u015f ve past\u00f6rize edilmemi\u015f<\/li>\n<li>Sertifikal\u0131 monofloral Manuka bal\u0131<\/li>\n<li>Garantili minimum MGO 100+<\/li>\n<li>Ba\u011f\u0131ms\u0131z laboratuvar testleri<\/li>\n<li>Yeni Zelanda'da hasat edilmi\u015f, paketlenmi\u015f ve etiketlenmi\u015ftir<\/li>\n<\/ul>\n<h3>\u0130\u00e7indekiler<\/h3>\n<p>Ham monofloral Manuka bal\u0131<\/p>\n<h3>Her 100 g i\u00e7in besin de\u011ferleri<\/h3>\n<ul>\n<li>Enerji: 1400 kJ \/ 335 kcal<\/li>\n<li>Ya\u011f: 0,0 g<\/li>\n<li>doymu\u015f: 0.0 g<\/li>\n<li>Karbonhidratlar: 82.1 g<\/li>\n<li>bunlar\u0131n \u015fekeri: 82,1 g<\/li>\n<li>Protein: 0,0 g<\/li>\n<li>Lif: 0,0 g<\/li>\n<li>Tuz: 0,03 g<\/li>\n<\/ul>","protected":false},"excerpt":{"rendered":"<p>MNZ Manuka Honey MGO 100+ \u2013 Pure Raw Monofloral Manuka from New Zealand MNZ MGO 100+ is a premium raw monofloral Manuka honey with a guaranteed minimum of 100 mg\/kg Methylglyoxal (MGO). It is a smooth and accessible grade for those who want authentic, certified Manuka honey from New Zealand. Available in: 500 grams Why [&#8230;]\n","protected":false},"featured_media":33829,"comment_status":"closed","ping_status":"closed","template":"","meta":[],"product_brand":[],"product_cat":[113],"product_tag":[],"class_list":{"0":"post-470","1":"product","2":"type-product","3":"status-publish","4":"has-post-thumbnail","6":"product_cat-uncategorized","8":"first","9":"instock","10":"taxable","11":"shipping-taxable","12":"purchasable","13":"product-type-simple"},"yoast_head":"<!-- This site is optimized with the Yoast SEO plugin v27.3 - https:\/\/yoast.com\/product\/yoast-seo-wordpress\/ -->\n<title>MNZ Manuka Honey MGO 100+ | Raw Monofloral Manuka Honey from New Zealand<\/title>\n<meta name=\"description\" content=\"Premium raw monofloral Manuka honey with guaranteed MGO 100+. Independently tested, unprocessed and harvested in remote New Zealand regions. Authentic MNZ quality.\" \/>\n<meta name=\"robots\" content=\"index, follow, max-snippet:-1, max-image-preview:large, max-video-preview:-1\" \/>\n<link rel=\"canonical\" href=\"https:\/\/www.manukanewzealand.com\/tr\/product\/mgo-100-manuka-honey-500gr\/\" \/>\n<meta property=\"og:locale\" content=\"tr_TR\" \/>\n<meta property=\"og:type\" content=\"article\" \/>\n<meta property=\"og:title\" content=\"MNZ Manuka Honey MGO 100+ | Raw Monofloral Manuka Honey from New Zealand\" \/>\n<meta property=\"og:description\" content=\"Premium raw monofloral Manuka honey with guaranteed MGO 100+. Independently tested, unprocessed and harvested in remote New Zealand regions. Authentic MNZ quality.\" \/>\n<meta property=\"og:url\" content=\"https:\/\/www.manukanewzealand.com\/tr\/product\/mgo-100-manuka-honey-500gr\/\" \/>\n<meta property=\"og:site_name\" content=\"MNZ - Manuka New Zealand - The Best Raw Manuka Honey | Global\" \/>\n<meta property=\"article:modified_time\" content=\"2026-02-17T12:37:54+00:00\" \/>\n<meta property=\"og:image\" content=\"https:\/\/www.manukanewzealand.com\/wp-content\/uploads\/2022\/07\/manukahoney-mnz100-500g-1-1.webp\" \/>\n\t<meta property=\"og:image:width\" content=\"500\" \/>\n\t<meta property=\"og:image:height\" content=\"500\" \/>\n\t<meta property=\"og:image:type\" content=\"image\/webp\" \/>\n<meta name=\"twitter:card\" content=\"summary_large_image\" \/>\n<meta name=\"twitter:label1\" content=\"Fiyat\" \/>\n\t<meta name=\"twitter:data1\" content=\"&euro;59,00 incl. VAT\" \/>\n\t<meta name=\"twitter:label2\" content=\"Availability\" \/>\n\t<meta name=\"twitter:data2\" content=\"In stock\" \/>\n<script type=\"application\/ld+json\" class=\"yoast-schema-graph\">{\"@context\":\"https:\\\/\\\/schema.org\",\"@graph\":[{\"@type\":\"WebPage\",\"@id\":\"https:\\\/\\\/www.manukanewzealand.com\\\/product\\\/mgo-100-manuka-honey-500gr\\\/\",\"url\":\"https:\\\/\\\/www.manukanewzealand.com\\\/product\\\/mgo-100-manuka-honey-500gr\\\/\",\"name\":\"MNZ Manuka Honey MGO 100+ | Raw Monofloral Manuka Honey from New Zealand\",\"isPartOf\":{\"@id\":\"https:\\\/\\\/www.manukanewzealand.com\\\/es\\\/#website\"},\"primaryImageOfPage\":{\"@id\":\"https:\\\/\\\/www.manukanewzealand.com\\\/product\\\/mgo-100-manuka-honey-500gr\\\/#primaryimage\"},\"image\":{\"@id\":\"https:\\\/\\\/www.manukanewzealand.com\\\/product\\\/mgo-100-manuka-honey-500gr\\\/#primaryimage\"},\"thumbnailUrl\":\"https:\\\/\\\/www.manukanewzealand.com\\\/wp-content\\\/uploads\\\/2022\\\/07\\\/manukahoney-mnz100-500g-1-1.webp\",\"datePublished\":\"2024-01-29T00:02:25+00:00\",\"dateModified\":\"2026-02-17T12:37:54+00:00\",\"description\":\"Premium raw monofloral Manuka honey with guaranteed MGO 100+. Independently tested, unprocessed and harvested in remote New Zealand regions. Authentic MNZ quality.\",\"breadcrumb\":{\"@id\":\"https:\\\/\\\/www.manukanewzealand.com\\\/product\\\/mgo-100-manuka-honey-500gr\\\/#breadcrumb\"},\"inLanguage\":\"tr\",\"potentialAction\":[{\"@type\":\"ReadAction\",\"target\":[\"https:\\\/\\\/www.manukanewzealand.com\\\/product\\\/mgo-100-manuka-honey-500gr\\\/\"]}]},{\"@type\":\"ImageObject\",\"inLanguage\":\"tr\",\"@id\":\"https:\\\/\\\/www.manukanewzealand.com\\\/product\\\/mgo-100-manuka-honey-500gr\\\/#primaryimage\",\"url\":\"https:\\\/\\\/www.manukanewzealand.com\\\/wp-content\\\/uploads\\\/2022\\\/07\\\/manukahoney-mnz100-500g-1-1.webp\",\"contentUrl\":\"https:\\\/\\\/www.manukanewzealand.com\\\/wp-content\\\/uploads\\\/2022\\\/07\\\/manukahoney-mnz100-500g-1-1.webp\",\"width\":500,\"height\":500},{\"@type\":\"BreadcrumbList\",\"@id\":\"https:\\\/\\\/www.manukanewzealand.com\\\/product\\\/mgo-100-manuka-honey-500gr\\\/#breadcrumb\",\"itemListElement\":[{\"@type\":\"ListItem\",\"position\":1,\"name\":\"Home\",\"item\":\"https:\\\/\\\/www.manukanewzealand.com\\\/\"},{\"@type\":\"ListItem\",\"position\":2,\"name\":\"MNZ Products\",\"item\":\"https:\\\/\\\/www.manukanewzealand.com\\\/mnz-products\\\/\"},{\"@type\":\"ListItem\",\"position\":3,\"name\":\"Manuka Honey MGO 100+ 500gr.\"}]},{\"@type\":\"WebSite\",\"@id\":\"https:\\\/\\\/www.manukanewzealand.com\\\/es\\\/#website\",\"url\":\"https:\\\/\\\/www.manukanewzealand.com\\\/es\\\/\",\"name\":\"MNZ - Manuka New Zealand - The Best Raw Manuka Honey | Global\",\"description\":\"\",\"publisher\":{\"@id\":\"https:\\\/\\\/www.manukanewzealand.com\\\/es\\\/#organization\"},\"potentialAction\":[{\"@type\":\"SearchAction\",\"target\":{\"@type\":\"EntryPoint\",\"urlTemplate\":\"https:\\\/\\\/www.manukanewzealand.com\\\/es\\\/?s={search_term_string}\"},\"query-input\":{\"@type\":\"PropertyValueSpecification\",\"valueRequired\":true,\"valueName\":\"search_term_string\"}}],\"inLanguage\":\"tr\"},{\"@type\":\"Organization\",\"@id\":\"https:\\\/\\\/www.manukanewzealand.com\\\/es\\\/#organization\",\"name\":\"MNZ - Manuka New Zealand - The Best Raw Manuka Honey | Global\",\"url\":\"https:\\\/\\\/www.manukanewzealand.com\\\/es\\\/\",\"logo\":{\"@type\":\"ImageObject\",\"inLanguage\":\"tr\",\"@id\":\"https:\\\/\\\/www.manukanewzealand.com\\\/es\\\/#\\\/schema\\\/logo\\\/image\\\/\",\"url\":\"https:\\\/\\\/www.manukanewzealand.com\\\/wp-content\\\/uploads\\\/2022\\\/11\\\/mnz-logo-200x200-1-1.png\",\"contentUrl\":\"https:\\\/\\\/www.manukanewzealand.com\\\/wp-content\\\/uploads\\\/2022\\\/11\\\/mnz-logo-200x200-1-1.png\",\"width\":200,\"height\":200,\"caption\":\"MNZ - Manuka New Zealand - The Best Raw Manuka Honey | Global\"},\"image\":{\"@id\":\"https:\\\/\\\/www.manukanewzealand.com\\\/es\\\/#\\\/schema\\\/logo\\\/image\\\/\"}}]}<\/script>\n<meta property=\"product:price:amount\" content=\"59.00\" \/>\n<meta property=\"product:price:currency\" content=\"EUR\" \/>\n<meta property=\"og:availability\" content=\"instock\" \/>\n<meta property=\"product:availability\" content=\"instock\" \/>\n<meta property=\"product:retailer_item_id\" content=\"MNZ002\" \/>\n<meta property=\"product:condition\" content=\"new\" \/>\n<!-- \/ Yoast SEO plugin. -->","yoast_head_json":{"title":"MNZ Manuka Bal\u0131 MGO 100+ | Yeni Zelanda'dan Ham Monofloral Manuka Bal\u0131","description":"Garantili MGO 100+ ile birinci s\u0131n\u0131f ham monofloral Manuka bal\u0131. Ba\u011f\u0131ms\u0131z olarak test edilmi\u015f, i\u015flenmemi\u015f ve Yeni Zelanda'n\u0131n uzak b\u00f6lgelerinde hasat edilmi\u015ftir. Otantik MNZ kalitesi.","robots":{"index":"index","follow":"follow","max-snippet":"max-snippet:-1","max-image-preview":"max-image-preview:large","max-video-preview":"max-video-preview:-1"},"canonical":"https:\/\/www.manukanewzealand.com\/tr\/product\/mgo-100-manuka-honey-500gr\/","og_locale":"tr_TR","og_type":"article","og_title":"MNZ Manuka Honey MGO 100+ | Raw Monofloral Manuka Honey from New Zealand","og_description":"Premium raw monofloral Manuka honey with guaranteed MGO 100+. Independently tested, unprocessed and harvested in remote New Zealand regions. Authentic MNZ quality.","og_url":"https:\/\/www.manukanewzealand.com\/tr\/product\/mgo-100-manuka-honey-500gr\/","og_site_name":"MNZ - Manuka New Zealand - The Best Raw Manuka Honey | Global","article_modified_time":"2026-02-17T12:37:54+00:00","og_image":[{"width":500,"height":500,"url":"https:\/\/www.manukanewzealand.com\/wp-content\/uploads\/2022\/07\/manukahoney-mnz100-500g-1-1.webp","type":"image\/webp"}],"twitter_card":"summary_large_image","twitter_misc":{"Fiyat":"&euro;59,00 incl. VAT","Availability":"In stock"},"schema":{"@context":"https:\/\/schema.org","@graph":[{"@type":"WebPage","@id":"https:\/\/www.manukanewzealand.com\/product\/mgo-100-manuka-honey-500gr\/","url":"https:\/\/www.manukanewzealand.com\/product\/mgo-100-manuka-honey-500gr\/","name":"MNZ Manuka Bal\u0131 MGO 100+ | Yeni Zelanda'dan Ham Monofloral Manuka Bal\u0131","isPartOf":{"@id":"https:\/\/www.manukanewzealand.com\/es\/#website"},"primaryImageOfPage":{"@id":"https:\/\/www.manukanewzealand.com\/product\/mgo-100-manuka-honey-500gr\/#primaryimage"},"image":{"@id":"https:\/\/www.manukanewzealand.com\/product\/mgo-100-manuka-honey-500gr\/#primaryimage"},"thumbnailUrl":"https:\/\/www.manukanewzealand.com\/wp-content\/uploads\/2022\/07\/manukahoney-mnz100-500g-1-1.webp","datePublished":"2024-01-29T00:02:25+00:00","dateModified":"2026-02-17T12:37:54+00:00","description":"Garantili MGO 100+ ile birinci s\u0131n\u0131f ham monofloral Manuka bal\u0131. Ba\u011f\u0131ms\u0131z olarak test edilmi\u015f, i\u015flenmemi\u015f ve Yeni Zelanda'n\u0131n uzak b\u00f6lgelerinde hasat edilmi\u015ftir. Otantik MNZ kalitesi.","breadcrumb":{"@id":"https:\/\/www.manukanewzealand.com\/product\/mgo-100-manuka-honey-500gr\/#breadcrumb"},"inLanguage":"tr","potentialAction":[{"@type":"ReadAction","target":["https:\/\/www.manukanewzealand.com\/product\/mgo-100-manuka-honey-500gr\/"]}]},{"@type":"ImageObject","inLanguage":"tr","@id":"https:\/\/www.manukanewzealand.com\/product\/mgo-100-manuka-honey-500gr\/#primaryimage","url":"https:\/\/www.manukanewzealand.com\/wp-content\/uploads\/2022\/07\/manukahoney-mnz100-500g-1-1.webp","contentUrl":"https:\/\/www.manukanewzealand.com\/wp-content\/uploads\/2022\/07\/manukahoney-mnz100-500g-1-1.webp","width":500,"height":500},{"@type":"BreadcrumbList","@id":"https:\/\/www.manukanewzealand.com\/product\/mgo-100-manuka-honey-500gr\/#breadcrumb","itemListElement":[{"@type":"ListItem","position":1,"name":"Home","item":"https:\/\/www.manukanewzealand.com\/"},{"@type":"ListItem","position":2,"name":"MNZ Products","item":"https:\/\/www.manukanewzealand.com\/mnz-products\/"},{"@type":"ListItem","position":3,"name":"Manuka Honey MGO 100+ 500gr."}]},{"@type":"WebSite","@id":"https:\/\/www.manukanewzealand.com\/es\/#website","url":"https:\/\/www.manukanewzealand.com\/es\/","name":"MNZ - Manuka Yeni Zelanda - En \u0130yi Ham Manuka Bal\u0131 | K\u00fcresel","description":"","publisher":{"@id":"https:\/\/www.manukanewzealand.com\/es\/#organization"},"potentialAction":[{"@type":"SearchAction","target":{"@type":"EntryPoint","urlTemplate":"https:\/\/www.manukanewzealand.com\/es\/?s={search_term_string}"},"query-input":{"@type":"PropertyValueSpecification","valueRequired":true,"valueName":"search_term_string"}}],"inLanguage":"tr"},{"@type":"Organization","@id":"https:\/\/www.manukanewzealand.com\/es\/#organization","name":"MNZ - Manuka Yeni Zelanda - En \u0130yi Ham Manuka Bal\u0131 | K\u00fcresel","url":"https:\/\/www.manukanewzealand.com\/es\/","logo":{"@type":"ImageObject","inLanguage":"tr","@id":"https:\/\/www.manukanewzealand.com\/es\/#\/schema\/logo\/image\/","url":"https:\/\/www.manukanewzealand.com\/wp-content\/uploads\/2022\/11\/mnz-logo-200x200-1-1.png","contentUrl":"https:\/\/www.manukanewzealand.com\/wp-content\/uploads\/2022\/11\/mnz-logo-200x200-1-1.png","width":200,"height":200,"caption":"MNZ - Manuka New Zealand - The Best Raw Manuka Honey | Global"},"image":{"@id":"https:\/\/www.manukanewzealand.com\/es\/#\/schema\/logo\/image\/"}}]},"product_price_amount":"59.00","product_price_currency":"EUR","og_availability":"instock","product_availability":"instock","product_retailer_item_id":"MNZ002","product_condition":"new"},"_links":{"self":[{"href":"https:\/\/www.manukanewzealand.com\/tr\/wp-json\/wp\/v2\/product\/470","targetHints":{"allow":["GET"]}}],"collection":[{"href":"https:\/\/www.manukanewzealand.com\/tr\/wp-json\/wp\/v2\/product"}],"about":[{"href":"https:\/\/www.manukanewzealand.com\/tr\/wp-json\/wp\/v2\/types\/product"}],"replies":[{"embeddable":true,"href":"https:\/\/www.manukanewzealand.com\/tr\/wp-json\/wp\/v2\/comments?post=470"}],"wp:featuredmedia":[{"embeddable":true,"href":"https:\/\/www.manukanewzealand.com\/tr\/wp-json\/wp\/v2\/media\/33829"}],"wp:attachment":[{"href":"https:\/\/www.manukanewzealand.com\/tr\/wp-json\/wp\/v2\/media?parent=470"}],"wp:term":[{"taxonomy":"product_brand","embeddable":true,"href":"https:\/\/www.manukanewzealand.com\/tr\/wp-json\/wp\/v2\/product_brand?post=470"},{"taxonomy":"product_cat","embeddable":true,"href":"https:\/\/www.manukanewzealand.com\/tr\/wp-json\/wp\/v2\/product_cat?post=470"},{"taxonomy":"product_tag","embeddable":true,"href":"https:\/\/www.manukanewzealand.com\/tr\/wp-json\/wp\/v2\/product_tag?post=470"}],"curies":[{"name":"wp","href":"https:\/\/api.w.org\/{rel}","templated":true}]}}