{"id":35279,"date":"2026-02-17T14:13:15","date_gmt":"2026-02-17T13:13:15","guid":{"rendered":"https:\/\/www.manukanewzealand.com\/?post_type=product&#038;p=35279"},"modified":"2026-02-17T14:13:15","modified_gmt":"2026-02-17T13:13:15","slug":"manuka-honey-mgo-50-500gr","status":"publish","type":"product","link":"https:\/\/www.manukanewzealand.com\/tr\/product\/manuka-honey-mgo-50-500gr\/","title":{"rendered":"Manuka Bal\u0131 MGO 50+ 500gr."},"content":{"rendered":"<h1>MNZ Manuka Bal\u0131 MGO 50+ - Kullan\u0131\u015fl\u0131 S\u0131kma \u015ei\u015fede Ham Manuka Bal\u0131<\/h1>\n<p><strong>MNZ MGO 50+<\/strong> y\u00fcksek kaliteli bir <strong>ham Manuka bal\u0131<\/strong> garantili minimum <strong>50 mg\/kg Metilglioksal (MGO)<\/strong>. Bu hafif MGO s\u0131n\u0131f\u0131 g\u00fcnl\u00fck kullan\u0131m i\u00e7in idealdir ve temiz ve kolay servis i\u00e7in pratik bir s\u0131kma \u015fi\u015fesinde gelir.<\/p>\n<p><strong>Mevcut:<\/strong> 500 g (s\u0131kma \u015fi\u015fesi)<\/p>\n<h2>Neden MNZ MGO 50+'y\u0131 se\u00e7melisiniz?<\/h2>\n<p>MNZ safl\u0131k, \u015feffafl\u0131k ve g\u00fcvenilir Yeni Zelanda men\u015fei anlam\u0131na gelir. Bu Manuka bal\u0131 \u00f6zenle tedarik edilmi\u015f ve do\u011fal MGO i\u00e7eri\u011fini do\u011frulamak i\u00e7in test edilmi\u015ftir.<\/p>\n<p>D\u00fc\u015f\u00fck MGO seviyesi ile MGO 50+, p\u00fcr\u00fczs\u00fcz ve ula\u015f\u0131labilir bir tat sunarak g\u00fcnl\u00fck keyif i\u00e7in m\u00fckemmeldir. Kahvalt\u0131da kullan\u0131n, \u00e7ay\u0131n i\u00e7ine kar\u0131\u015ft\u0131r\u0131n, yo\u011furdun \u00fczerine gezdirin veya en sevdi\u011finiz tariflere ekleyin.<\/p>\n<p>Ar\u0131 kovanlar\u0131m\u0131z Yeni Zelanda'n\u0131n uzak, bozulmam\u0131\u015f b\u00f6lgelerinde, yo\u011fun tar\u0131m ve \u00e7evre kirlili\u011finden uzakta yer almaktad\u0131r. Her parti, \u00f6zg\u00fcnl\u00fck ve kaliteyi sa\u011flamak i\u00e7in ba\u011f\u0131ms\u0131z olarak laboratuvarda test edilir. MNZ ad\u0131 ve alt\u0131n MGO m\u00fchr\u00fc tam izlenebilirli\u011fi ve tutarl\u0131 standartlar\u0131 temsil eder.<\/p>\n<p>Kullan\u0131\u015fl\u0131 s\u0131kmal\u0131 \u015fi\u015fe, ka\u015f\u0131\u011fa ihtiya\u00e7 duymadan kolay ve da\u011f\u0131lmadan kullan\u0131m sa\u011flar.<\/p>\n<ul>\n<li>100% ham, \u0131s\u0131t\u0131lmam\u0131\u015f ve past\u00f6rize edilmemi\u015f<\/li>\n<li>MGO 50+ garantili Manuka bal\u0131<\/li>\n<li>Hafif tat, g\u00fcnl\u00fck kullan\u0131m i\u00e7in uygun<\/li>\n<li>Temiz dozajlama i\u00e7in pratik s\u0131kmal\u0131 \u015fi\u015fe<\/li>\n<li>Ba\u011f\u0131ms\u0131z laboratuvar testleri<\/li>\n<li>Yeni Zelanda'da hasat edilmi\u015f, paketlenmi\u015f ve etiketlenmi\u015ftir<\/li>\n<\/ul>\n<h3>\u0130\u00e7indekiler<\/h3>\n<p>Ham Manuka bal\u0131<\/p>\n<h3>Her 100 g i\u00e7in besin de\u011ferleri<\/h3>\n<ul>\n<li>Enerji: 1400 kJ \/ 335 kcal<\/li>\n<li>Ya\u011f: 0,0 g<\/li>\n<li>doygunlu\u011fa ula\u015f\u0131r: 0.0 g<\/li>\n<li>Karbonhidratlar: 82.1 g<\/li>\n<li>bunlar\u0131n \u015fekeri: 82,1 g<\/li>\n<li>Protein: 0,0 g<\/li>\n<li>Lif: 0,0 g<\/li>\n<li>Tuz: 0,03 g<\/li>\n<\/ul>","protected":false},"excerpt":{"rendered":"<p>MNZ Manuka Honey MGO 50+ \u2013 Raw Manuka Honey in a Convenient Squeezy Bottle MNZ MGO 50+ is a high-quality raw Manuka honey with a guaranteed minimum of 50 mg\/kg Methylglyoxal (MGO). This mild MGO grade is ideal for everyday use and comes in a practical squeezy bottle for clean and easy serving. Available in: [&#8230;]\n","protected":false},"featured_media":35280,"comment_status":"closed","ping_status":"closed","template":"","meta":[],"product_brand":[],"product_cat":[113],"product_tag":[],"class_list":{"0":"post-35279","1":"product","2":"type-product","3":"status-publish","4":"has-post-thumbnail","6":"product_cat-uncategorized","8":"first","9":"instock","10":"taxable","11":"shipping-taxable","12":"purchasable","13":"product-type-simple"},"yoast_head":"<!-- This site is optimized with the Yoast SEO plugin v27.3 - https:\/\/yoast.com\/product\/yoast-seo-wordpress\/ -->\n<title>MNZ Manuka Honey MGO 50+ 500g Squeezy Bottle | Raw Manuka Honey<\/title>\n<meta name=\"description\" content=\"Raw MNZ Manuka honey MGO 50+ in a convenient 500 g squeezy bottle. Mild taste, independently tested and sourced from New Zealand.\" \/>\n<meta name=\"robots\" content=\"index, follow, max-snippet:-1, max-image-preview:large, max-video-preview:-1\" \/>\n<link rel=\"canonical\" href=\"https:\/\/www.manukanewzealand.com\/tr\/product\/manuka-honey-mgo-50-500gr\/\" \/>\n<meta property=\"og:locale\" content=\"tr_TR\" \/>\n<meta property=\"og:type\" content=\"article\" \/>\n<meta property=\"og:title\" content=\"MNZ Manuka Honey MGO 50+ 500g Squeezy Bottle | Raw Manuka Honey\" \/>\n<meta property=\"og:description\" content=\"Raw MNZ Manuka honey MGO 50+ in a convenient 500 g squeezy bottle. Mild taste, independently tested and sourced from New Zealand.\" \/>\n<meta property=\"og:url\" content=\"https:\/\/www.manukanewzealand.com\/tr\/product\/manuka-honey-mgo-50-500gr\/\" \/>\n<meta property=\"og:site_name\" content=\"MNZ - Manuka New Zealand - The Best Raw Manuka Honey | Global\" \/>\n<meta property=\"og:image\" content=\"https:\/\/www.manukanewzealand.com\/wp-content\/uploads\/2026\/02\/MGO-50-500gr.jpg\" \/>\n\t<meta property=\"og:image:width\" content=\"500\" \/>\n\t<meta property=\"og:image:height\" content=\"500\" \/>\n\t<meta property=\"og:image:type\" content=\"image\/jpeg\" \/>\n<meta name=\"twitter:card\" content=\"summary_large_image\" \/>\n<meta name=\"twitter:label1\" content=\"Fiyat\" \/>\n\t<meta name=\"twitter:data1\" content=\"&euro;34,50 incl. VAT\" \/>\n\t<meta name=\"twitter:label2\" content=\"Availability\" \/>\n\t<meta name=\"twitter:data2\" content=\"In stock\" \/>\n<script type=\"application\/ld+json\" class=\"yoast-schema-graph\">{\"@context\":\"https:\\\/\\\/schema.org\",\"@graph\":[{\"@type\":\"WebPage\",\"@id\":\"https:\\\/\\\/www.manukanewzealand.com\\\/product\\\/manuka-honey-mgo-50-500gr\\\/\",\"url\":\"https:\\\/\\\/www.manukanewzealand.com\\\/product\\\/manuka-honey-mgo-50-500gr\\\/\",\"name\":\"MNZ Manuka Honey MGO 50+ 500g Squeezy Bottle | Raw Manuka Honey\",\"isPartOf\":{\"@id\":\"https:\\\/\\\/www.manukanewzealand.com\\\/es\\\/#website\"},\"primaryImageOfPage\":{\"@id\":\"https:\\\/\\\/www.manukanewzealand.com\\\/product\\\/manuka-honey-mgo-50-500gr\\\/#primaryimage\"},\"image\":{\"@id\":\"https:\\\/\\\/www.manukanewzealand.com\\\/product\\\/manuka-honey-mgo-50-500gr\\\/#primaryimage\"},\"thumbnailUrl\":\"https:\\\/\\\/www.manukanewzealand.com\\\/wp-content\\\/uploads\\\/2026\\\/02\\\/MGO-50-500gr.jpg\",\"datePublished\":\"2026-02-17T13:13:15+00:00\",\"description\":\"Raw MNZ Manuka honey MGO 50+ in a convenient 500 g squeezy bottle. Mild taste, independently tested and sourced from New Zealand.\",\"breadcrumb\":{\"@id\":\"https:\\\/\\\/www.manukanewzealand.com\\\/product\\\/manuka-honey-mgo-50-500gr\\\/#breadcrumb\"},\"inLanguage\":\"tr\",\"potentialAction\":[{\"@type\":\"ReadAction\",\"target\":[\"https:\\\/\\\/www.manukanewzealand.com\\\/product\\\/manuka-honey-mgo-50-500gr\\\/\"]}]},{\"@type\":\"ImageObject\",\"inLanguage\":\"tr\",\"@id\":\"https:\\\/\\\/www.manukanewzealand.com\\\/product\\\/manuka-honey-mgo-50-500gr\\\/#primaryimage\",\"url\":\"https:\\\/\\\/www.manukanewzealand.com\\\/wp-content\\\/uploads\\\/2026\\\/02\\\/MGO-50-500gr.jpg\",\"contentUrl\":\"https:\\\/\\\/www.manukanewzealand.com\\\/wp-content\\\/uploads\\\/2026\\\/02\\\/MGO-50-500gr.jpg\",\"width\":500,\"height\":500},{\"@type\":\"BreadcrumbList\",\"@id\":\"https:\\\/\\\/www.manukanewzealand.com\\\/product\\\/manuka-honey-mgo-50-500gr\\\/#breadcrumb\",\"itemListElement\":[{\"@type\":\"ListItem\",\"position\":1,\"name\":\"Home\",\"item\":\"https:\\\/\\\/www.manukanewzealand.com\\\/\"},{\"@type\":\"ListItem\",\"position\":2,\"name\":\"MNZ Products\",\"item\":\"https:\\\/\\\/www.manukanewzealand.com\\\/mnz-products\\\/\"},{\"@type\":\"ListItem\",\"position\":3,\"name\":\"Manuka Honey MGO 50+ 500gr.\"}]},{\"@type\":\"WebSite\",\"@id\":\"https:\\\/\\\/www.manukanewzealand.com\\\/es\\\/#website\",\"url\":\"https:\\\/\\\/www.manukanewzealand.com\\\/es\\\/\",\"name\":\"MNZ - Manuka New Zealand - The Best Raw Manuka Honey | Global\",\"description\":\"\",\"publisher\":{\"@id\":\"https:\\\/\\\/www.manukanewzealand.com\\\/es\\\/#organization\"},\"potentialAction\":[{\"@type\":\"SearchAction\",\"target\":{\"@type\":\"EntryPoint\",\"urlTemplate\":\"https:\\\/\\\/www.manukanewzealand.com\\\/es\\\/?s={search_term_string}\"},\"query-input\":{\"@type\":\"PropertyValueSpecification\",\"valueRequired\":true,\"valueName\":\"search_term_string\"}}],\"inLanguage\":\"tr\"},{\"@type\":\"Organization\",\"@id\":\"https:\\\/\\\/www.manukanewzealand.com\\\/es\\\/#organization\",\"name\":\"MNZ - Manuka New Zealand - The Best Raw Manuka Honey | Global\",\"url\":\"https:\\\/\\\/www.manukanewzealand.com\\\/es\\\/\",\"logo\":{\"@type\":\"ImageObject\",\"inLanguage\":\"tr\",\"@id\":\"https:\\\/\\\/www.manukanewzealand.com\\\/es\\\/#\\\/schema\\\/logo\\\/image\\\/\",\"url\":\"https:\\\/\\\/www.manukanewzealand.com\\\/wp-content\\\/uploads\\\/2022\\\/11\\\/mnz-logo-200x200-1-1.png\",\"contentUrl\":\"https:\\\/\\\/www.manukanewzealand.com\\\/wp-content\\\/uploads\\\/2022\\\/11\\\/mnz-logo-200x200-1-1.png\",\"width\":200,\"height\":200,\"caption\":\"MNZ - Manuka New Zealand - The Best Raw Manuka Honey | Global\"},\"image\":{\"@id\":\"https:\\\/\\\/www.manukanewzealand.com\\\/es\\\/#\\\/schema\\\/logo\\\/image\\\/\"}}]}<\/script>\n<meta property=\"product:price:amount\" content=\"34.50\" \/>\n<meta property=\"product:price:currency\" content=\"EUR\" \/>\n<meta property=\"og:availability\" content=\"instock\" \/>\n<meta property=\"product:availability\" content=\"instock\" \/>\n<meta property=\"product:retailer_item_id\" content=\"MNZ024\" \/>\n<meta property=\"product:condition\" content=\"new\" \/>\n<!-- \/ Yoast SEO plugin. -->","yoast_head_json":{"title":"MNZ Manuka Bal\u0131 MGO 50+ 500g S\u0131kma \u015ei\u015fe | Ham Manuka Bal\u0131","description":"Ham MNZ Manuka bal\u0131 MGO 50+, 500 g'l\u0131k kullan\u0131\u015fl\u0131 bir s\u0131kma \u015fi\u015fede. Hafif tat, ba\u011f\u0131ms\u0131z olarak test edilmi\u015f ve Yeni Zelanda'dan temin edilmi\u015ftir.","robots":{"index":"index","follow":"follow","max-snippet":"max-snippet:-1","max-image-preview":"max-image-preview:large","max-video-preview":"max-video-preview:-1"},"canonical":"https:\/\/www.manukanewzealand.com\/tr\/product\/manuka-honey-mgo-50-500gr\/","og_locale":"tr_TR","og_type":"article","og_title":"MNZ Manuka Honey MGO 50+ 500g Squeezy Bottle | Raw Manuka Honey","og_description":"Raw MNZ Manuka honey MGO 50+ in a convenient 500 g squeezy bottle. Mild taste, independently tested and sourced from New Zealand.","og_url":"https:\/\/www.manukanewzealand.com\/tr\/product\/manuka-honey-mgo-50-500gr\/","og_site_name":"MNZ - Manuka New Zealand - The Best Raw Manuka Honey | Global","og_image":[{"width":500,"height":500,"url":"https:\/\/www.manukanewzealand.com\/wp-content\/uploads\/2026\/02\/MGO-50-500gr.jpg","type":"image\/jpeg"}],"twitter_card":"summary_large_image","twitter_misc":{"Fiyat":"&euro;34,50 incl. VAT","Availability":"In stock"},"schema":{"@context":"https:\/\/schema.org","@graph":[{"@type":"WebPage","@id":"https:\/\/www.manukanewzealand.com\/product\/manuka-honey-mgo-50-500gr\/","url":"https:\/\/www.manukanewzealand.com\/product\/manuka-honey-mgo-50-500gr\/","name":"MNZ Manuka Bal\u0131 MGO 50+ 500g S\u0131kma \u015ei\u015fe | Ham Manuka Bal\u0131","isPartOf":{"@id":"https:\/\/www.manukanewzealand.com\/es\/#website"},"primaryImageOfPage":{"@id":"https:\/\/www.manukanewzealand.com\/product\/manuka-honey-mgo-50-500gr\/#primaryimage"},"image":{"@id":"https:\/\/www.manukanewzealand.com\/product\/manuka-honey-mgo-50-500gr\/#primaryimage"},"thumbnailUrl":"https:\/\/www.manukanewzealand.com\/wp-content\/uploads\/2026\/02\/MGO-50-500gr.jpg","datePublished":"2026-02-17T13:13:15+00:00","description":"Ham MNZ Manuka bal\u0131 MGO 50+, 500 g'l\u0131k kullan\u0131\u015fl\u0131 bir s\u0131kma \u015fi\u015fede. Hafif tat, ba\u011f\u0131ms\u0131z olarak test edilmi\u015f ve Yeni Zelanda'dan temin edilmi\u015ftir.","breadcrumb":{"@id":"https:\/\/www.manukanewzealand.com\/product\/manuka-honey-mgo-50-500gr\/#breadcrumb"},"inLanguage":"tr","potentialAction":[{"@type":"ReadAction","target":["https:\/\/www.manukanewzealand.com\/product\/manuka-honey-mgo-50-500gr\/"]}]},{"@type":"ImageObject","inLanguage":"tr","@id":"https:\/\/www.manukanewzealand.com\/product\/manuka-honey-mgo-50-500gr\/#primaryimage","url":"https:\/\/www.manukanewzealand.com\/wp-content\/uploads\/2026\/02\/MGO-50-500gr.jpg","contentUrl":"https:\/\/www.manukanewzealand.com\/wp-content\/uploads\/2026\/02\/MGO-50-500gr.jpg","width":500,"height":500},{"@type":"BreadcrumbList","@id":"https:\/\/www.manukanewzealand.com\/product\/manuka-honey-mgo-50-500gr\/#breadcrumb","itemListElement":[{"@type":"ListItem","position":1,"name":"Home","item":"https:\/\/www.manukanewzealand.com\/"},{"@type":"ListItem","position":2,"name":"MNZ Products","item":"https:\/\/www.manukanewzealand.com\/mnz-products\/"},{"@type":"ListItem","position":3,"name":"Manuka Honey MGO 50+ 500gr."}]},{"@type":"WebSite","@id":"https:\/\/www.manukanewzealand.com\/es\/#website","url":"https:\/\/www.manukanewzealand.com\/es\/","name":"MNZ - Manuka Yeni Zelanda - En \u0130yi Ham Manuka Bal\u0131 | K\u00fcresel","description":"","publisher":{"@id":"https:\/\/www.manukanewzealand.com\/es\/#organization"},"potentialAction":[{"@type":"SearchAction","target":{"@type":"EntryPoint","urlTemplate":"https:\/\/www.manukanewzealand.com\/es\/?s={search_term_string}"},"query-input":{"@type":"PropertyValueSpecification","valueRequired":true,"valueName":"search_term_string"}}],"inLanguage":"tr"},{"@type":"Organization","@id":"https:\/\/www.manukanewzealand.com\/es\/#organization","name":"MNZ - Manuka Yeni Zelanda - En \u0130yi Ham Manuka Bal\u0131 | K\u00fcresel","url":"https:\/\/www.manukanewzealand.com\/es\/","logo":{"@type":"ImageObject","inLanguage":"tr","@id":"https:\/\/www.manukanewzealand.com\/es\/#\/schema\/logo\/image\/","url":"https:\/\/www.manukanewzealand.com\/wp-content\/uploads\/2022\/11\/mnz-logo-200x200-1-1.png","contentUrl":"https:\/\/www.manukanewzealand.com\/wp-content\/uploads\/2022\/11\/mnz-logo-200x200-1-1.png","width":200,"height":200,"caption":"MNZ - Manuka New Zealand - The Best Raw Manuka Honey | Global"},"image":{"@id":"https:\/\/www.manukanewzealand.com\/es\/#\/schema\/logo\/image\/"}}]},"product_price_amount":"34.50","product_price_currency":"EUR","og_availability":"instock","product_availability":"instock","product_retailer_item_id":"MNZ024","product_condition":"new"},"_links":{"self":[{"href":"https:\/\/www.manukanewzealand.com\/tr\/wp-json\/wp\/v2\/product\/35279","targetHints":{"allow":["GET"]}}],"collection":[{"href":"https:\/\/www.manukanewzealand.com\/tr\/wp-json\/wp\/v2\/product"}],"about":[{"href":"https:\/\/www.manukanewzealand.com\/tr\/wp-json\/wp\/v2\/types\/product"}],"replies":[{"embeddable":true,"href":"https:\/\/www.manukanewzealand.com\/tr\/wp-json\/wp\/v2\/comments?post=35279"}],"wp:featuredmedia":[{"embeddable":true,"href":"https:\/\/www.manukanewzealand.com\/tr\/wp-json\/wp\/v2\/media\/35280"}],"wp:attachment":[{"href":"https:\/\/www.manukanewzealand.com\/tr\/wp-json\/wp\/v2\/media?parent=35279"}],"wp:term":[{"taxonomy":"product_brand","embeddable":true,"href":"https:\/\/www.manukanewzealand.com\/tr\/wp-json\/wp\/v2\/product_brand?post=35279"},{"taxonomy":"product_cat","embeddable":true,"href":"https:\/\/www.manukanewzealand.com\/tr\/wp-json\/wp\/v2\/product_cat?post=35279"},{"taxonomy":"product_tag","embeddable":true,"href":"https:\/\/www.manukanewzealand.com\/tr\/wp-json\/wp\/v2\/product_tag?post=35279"}],"curies":[{"name":"wp","href":"https:\/\/api.w.org\/{rel}","templated":true}]}}