{"id":35119,"date":"2025-02-06T11:08:43","date_gmt":"2025-02-06T10:08:43","guid":{"rendered":"https:\/\/www.manukanewzealand.com\/?post_type=product&#038;p=35119"},"modified":"2026-02-17T13:35:17","modified_gmt":"2026-02-17T12:35:17","slug":"manuka-magic-mgo-550-250gr","status":"publish","type":"product","link":"https:\/\/www.manukanewzealand.com\/tr\/product\/manuka-magic-mgo-550-250gr\/","title":{"rendered":"Manuka Magic MGO 550+ 250gr."},"content":{"rendered":"<h1>Manuka Magic MGO 550+ Manuka Bal\u0131 - Yeni Zelanda'dan Premium Ham Monofloral Manuka<\/h1>\n<p><strong>Manuka Magic MGO 550+<\/strong> taraf\u0131ndan <strong>MNZ<\/strong> y\u00fcksek dereceli bir <strong>ham monofloral Manuka bal\u0131<\/strong> garantili minimum <strong>550 mg\/kg Metilglioksal (MGO)<\/strong>. G\u00fc\u00e7l\u00fc bir do\u011fal MGO seviyesine sahip otantik Manuka bal\u0131 isteyenler i\u00e7in g\u00fc\u00e7l\u00fc ve \u00f6zenle se\u00e7ilmi\u015f bir s\u0131n\u0131ft\u0131r.<\/p>\n<p><strong>Mevcut:<\/strong> 250 gram<\/p>\n<h2>Neden Manuka Magic MGO 550+'y\u0131 se\u00e7melisiniz?<\/h2>\n<p>Manuka Magic safl\u0131\u011f\u0131, \u00f6zg\u00fcnl\u00fc\u011f\u00fc ve g\u00fcvenilir Yeni Zelanda men\u015feini temsil eder. Bu bal yaln\u0131zca Manuka \u00e7i\u00e7e\u011finin nektar\u0131ndan elde edilir ve ger\u00e7ek Manuka g\u00fcc\u00fcn\u00fcn tan\u0131nm\u0131\u015f \u00f6l\u00e7\u00fcs\u00fc olan do\u011fal MGO i\u00e7eri\u011fine g\u00f6re s\u0131n\u0131fland\u0131r\u0131l\u0131r.<\/p>\n<p>550+ MGO derecesi, do\u011fal olarak olu\u015fan Metilglioksal\u0131n y\u00fcksek ve konsantre bir seviyesini g\u00f6sterir. Premium Manuka serisinde g\u00fc\u00e7l\u00fc ancak dengeli bir se\u00e7enek sunar.<\/p>\n<p>Ar\u0131 kovanlar\u0131 Yeni Zelanda'n\u0131n uzak, bozulmam\u0131\u015f b\u00f6lgelerinde, yo\u011fun tar\u0131m ve \u00e7evre kirlili\u011finden uzakta yer almaktad\u0131r. Her parti, MGO seviyesini do\u011frulamak ve monofloral durumunu onaylamak i\u00e7in ba\u011f\u0131ms\u0131z olarak test edilir. Kavanoz \u00fczerindeki MNZ ad\u0131 ve alt\u0131n MGO m\u00fchr\u00fc tam izlenebilirli\u011fi, s\u0131k\u0131 kalite kontrol\u00fcn\u00fc ve g\u00fcvenilir men\u015fei yans\u0131tmaktad\u0131r.<\/p>\n<ul>\n<li>100% ham, \u0131s\u0131t\u0131lmam\u0131\u015f ve past\u00f6rize edilmemi\u015f<\/li>\n<li>Sertifikal\u0131 monofloral Manuka bal\u0131<\/li>\n<li>Garantili minimum MGO 550+<\/li>\n<li>Ba\u011f\u0131ms\u0131z laboratuvar testleri<\/li>\n<li>Yeni Zelanda'da hasat edilmi\u015f, paketlenmi\u015f ve etiketlenmi\u015ftir<\/li>\n<\/ul>\n<h3>\u0130\u00e7indekiler<\/h3>\n<p>Ham monofloral Manuka bal\u0131<\/p>\n<h3>Her 100 g i\u00e7in besin de\u011ferleri<\/h3>\n<ul>\n<li>Enerji: 1400 kJ \/ 335 kcal<\/li>\n<li>Ya\u011f: 0,0 g<\/li>\n<li>doymu\u015f: 0.0 g<\/li>\n<li>Karbonhidratlar: 82.1 g<\/li>\n<li>bunlar\u0131n \u015fekeri: 82,1 g<\/li>\n<li>Protein: 0,0 g<\/li>\n<li>Lif: 0,0 g<\/li>\n<li>Tuz: 0,03 g<\/li>\n<\/ul>","protected":false},"excerpt":{"rendered":"<p>Manuka Magic MGO 550+ Manuka Honey \u2013 Premium Raw Monofloral Manuka from New Zealand Manuka Magic MGO 550+ by MNZ is a high-grade raw monofloral Manuka honey with a guaranteed minimum of 550 mg\/kg Methylglyoxal (MGO). It is a powerful and carefully selected grade for those who want authentic Manuka honey with a strong natural [&#8230;]\n","protected":false},"featured_media":35120,"comment_status":"closed","ping_status":"closed","template":"","meta":[],"product_brand":[],"product_cat":[113],"product_tag":[],"class_list":{"0":"post-35119","1":"product","2":"type-product","3":"status-publish","4":"has-post-thumbnail","6":"product_cat-uncategorized","8":"first","9":"instock","10":"taxable","11":"shipping-taxable","12":"purchasable","13":"product-type-simple"},"yoast_head":"<!-- This site is optimized with the Yoast SEO plugin v27.3 - https:\/\/yoast.com\/product\/yoast-seo-wordpress\/ -->\n<title>Manuka Magic Manuka Honey MGO 550+ | Raw Monofloral Manuka Honey from New Zealand | MNZ<\/title>\n<meta name=\"description\" content=\"Premium raw monofloral Manuka honey with guaranteed MGO 550+. Independently tested, unprocessed and harvested in remote New Zealand regions. Authentic MNZ quality.\" \/>\n<meta name=\"robots\" content=\"index, follow, max-snippet:-1, max-image-preview:large, max-video-preview:-1\" \/>\n<link rel=\"canonical\" href=\"https:\/\/www.manukanewzealand.com\/tr\/product\/manuka-magic-mgo-550-250gr\/\" \/>\n<meta property=\"og:locale\" content=\"tr_TR\" \/>\n<meta property=\"og:type\" content=\"article\" \/>\n<meta property=\"og:title\" content=\"Manuka Magic Manuka Honey MGO 550+ | Raw Monofloral Manuka Honey from New Zealand | MNZ\" \/>\n<meta property=\"og:description\" content=\"Premium raw monofloral Manuka honey with guaranteed MGO 550+. Independently tested, unprocessed and harvested in remote New Zealand regions. Authentic MNZ quality.\" \/>\n<meta property=\"og:url\" content=\"https:\/\/www.manukanewzealand.com\/tr\/product\/manuka-magic-mgo-550-250gr\/\" \/>\n<meta property=\"og:site_name\" content=\"MNZ - Manuka New Zealand - The Best Raw Manuka Honey | Global\" \/>\n<meta property=\"article:modified_time\" content=\"2026-02-17T12:35:17+00:00\" \/>\n<meta property=\"og:image\" content=\"https:\/\/www.manukanewzealand.com\/wp-content\/uploads\/2025\/02\/Manuka-Magic-550.webp\" \/>\n\t<meta property=\"og:image:width\" content=\"1000\" \/>\n\t<meta property=\"og:image:height\" content=\"1000\" \/>\n\t<meta property=\"og:image:type\" content=\"image\/webp\" \/>\n<meta name=\"twitter:card\" content=\"summary_large_image\" \/>\n<meta name=\"twitter:label1\" content=\"Fiyat\" \/>\n\t<meta name=\"twitter:data1\" content=\"&euro;64,50 incl. VAT\" \/>\n\t<meta name=\"twitter:label2\" content=\"Availability\" \/>\n\t<meta name=\"twitter:data2\" content=\"In stock\" \/>\n<script type=\"application\/ld+json\" class=\"yoast-schema-graph\">{\"@context\":\"https:\\\/\\\/schema.org\",\"@graph\":[{\"@type\":\"WebPage\",\"@id\":\"https:\\\/\\\/www.manukanewzealand.com\\\/product\\\/manuka-magic-mgo-550-250gr\\\/\",\"url\":\"https:\\\/\\\/www.manukanewzealand.com\\\/product\\\/manuka-magic-mgo-550-250gr\\\/\",\"name\":\"Manuka Magic Manuka Honey MGO 550+ | Raw Monofloral Manuka Honey from New Zealand | MNZ\",\"isPartOf\":{\"@id\":\"https:\\\/\\\/www.manukanewzealand.com\\\/es\\\/#website\"},\"primaryImageOfPage\":{\"@id\":\"https:\\\/\\\/www.manukanewzealand.com\\\/product\\\/manuka-magic-mgo-550-250gr\\\/#primaryimage\"},\"image\":{\"@id\":\"https:\\\/\\\/www.manukanewzealand.com\\\/product\\\/manuka-magic-mgo-550-250gr\\\/#primaryimage\"},\"thumbnailUrl\":\"https:\\\/\\\/www.manukanewzealand.com\\\/wp-content\\\/uploads\\\/2025\\\/02\\\/Manuka-Magic-550.webp\",\"datePublished\":\"2025-02-06T10:08:43+00:00\",\"dateModified\":\"2026-02-17T12:35:17+00:00\",\"description\":\"Premium raw monofloral Manuka honey with guaranteed MGO 550+. Independently tested, unprocessed and harvested in remote New Zealand regions. Authentic MNZ quality.\",\"breadcrumb\":{\"@id\":\"https:\\\/\\\/www.manukanewzealand.com\\\/product\\\/manuka-magic-mgo-550-250gr\\\/#breadcrumb\"},\"inLanguage\":\"tr\",\"potentialAction\":[{\"@type\":\"ReadAction\",\"target\":[\"https:\\\/\\\/www.manukanewzealand.com\\\/product\\\/manuka-magic-mgo-550-250gr\\\/\"]}]},{\"@type\":\"ImageObject\",\"inLanguage\":\"tr\",\"@id\":\"https:\\\/\\\/www.manukanewzealand.com\\\/product\\\/manuka-magic-mgo-550-250gr\\\/#primaryimage\",\"url\":\"https:\\\/\\\/www.manukanewzealand.com\\\/wp-content\\\/uploads\\\/2025\\\/02\\\/Manuka-Magic-550.webp\",\"contentUrl\":\"https:\\\/\\\/www.manukanewzealand.com\\\/wp-content\\\/uploads\\\/2025\\\/02\\\/Manuka-Magic-550.webp\",\"width\":1000,\"height\":1000},{\"@type\":\"BreadcrumbList\",\"@id\":\"https:\\\/\\\/www.manukanewzealand.com\\\/product\\\/manuka-magic-mgo-550-250gr\\\/#breadcrumb\",\"itemListElement\":[{\"@type\":\"ListItem\",\"position\":1,\"name\":\"Home\",\"item\":\"https:\\\/\\\/www.manukanewzealand.com\\\/\"},{\"@type\":\"ListItem\",\"position\":2,\"name\":\"MNZ Products\",\"item\":\"https:\\\/\\\/www.manukanewzealand.com\\\/mnz-products\\\/\"},{\"@type\":\"ListItem\",\"position\":3,\"name\":\"Manuka Magic MGO 550+ 250gr.\"}]},{\"@type\":\"WebSite\",\"@id\":\"https:\\\/\\\/www.manukanewzealand.com\\\/es\\\/#website\",\"url\":\"https:\\\/\\\/www.manukanewzealand.com\\\/es\\\/\",\"name\":\"MNZ - Manuka New Zealand - The Best Raw Manuka Honey | Global\",\"description\":\"\",\"publisher\":{\"@id\":\"https:\\\/\\\/www.manukanewzealand.com\\\/es\\\/#organization\"},\"potentialAction\":[{\"@type\":\"SearchAction\",\"target\":{\"@type\":\"EntryPoint\",\"urlTemplate\":\"https:\\\/\\\/www.manukanewzealand.com\\\/es\\\/?s={search_term_string}\"},\"query-input\":{\"@type\":\"PropertyValueSpecification\",\"valueRequired\":true,\"valueName\":\"search_term_string\"}}],\"inLanguage\":\"tr\"},{\"@type\":\"Organization\",\"@id\":\"https:\\\/\\\/www.manukanewzealand.com\\\/es\\\/#organization\",\"name\":\"MNZ - Manuka New Zealand - The Best Raw Manuka Honey | Global\",\"url\":\"https:\\\/\\\/www.manukanewzealand.com\\\/es\\\/\",\"logo\":{\"@type\":\"ImageObject\",\"inLanguage\":\"tr\",\"@id\":\"https:\\\/\\\/www.manukanewzealand.com\\\/es\\\/#\\\/schema\\\/logo\\\/image\\\/\",\"url\":\"https:\\\/\\\/www.manukanewzealand.com\\\/wp-content\\\/uploads\\\/2022\\\/11\\\/mnz-logo-200x200-1-1.png\",\"contentUrl\":\"https:\\\/\\\/www.manukanewzealand.com\\\/wp-content\\\/uploads\\\/2022\\\/11\\\/mnz-logo-200x200-1-1.png\",\"width\":200,\"height\":200,\"caption\":\"MNZ - Manuka New Zealand - The Best Raw Manuka Honey | Global\"},\"image\":{\"@id\":\"https:\\\/\\\/www.manukanewzealand.com\\\/es\\\/#\\\/schema\\\/logo\\\/image\\\/\"}}]}<\/script>\n<meta property=\"product:price:amount\" content=\"64.50\" \/>\n<meta property=\"product:price:currency\" content=\"EUR\" \/>\n<meta property=\"og:availability\" content=\"instock\" \/>\n<meta property=\"product:availability\" content=\"instock\" \/>\n<meta property=\"product:retailer_item_id\" content=\"MM006\" \/>\n<meta property=\"product:condition\" content=\"new\" \/>\n<!-- \/ Yoast SEO plugin. -->","yoast_head_json":{"title":"Manuka Magic Manuka Bal\u0131 MGO 550+ | Yeni Zelanda'dan Ham Monofloral Manuka Bal\u0131 | MNZ","description":"Garantili MGO 550+ ile birinci s\u0131n\u0131f ham monofloral Manuka bal\u0131. Ba\u011f\u0131ms\u0131z olarak test edilmi\u015f, i\u015flenmemi\u015f ve Yeni Zelanda'n\u0131n uzak b\u00f6lgelerinde hasat edilmi\u015ftir. Otantik MNZ kalitesi.","robots":{"index":"index","follow":"follow","max-snippet":"max-snippet:-1","max-image-preview":"max-image-preview:large","max-video-preview":"max-video-preview:-1"},"canonical":"https:\/\/www.manukanewzealand.com\/tr\/product\/manuka-magic-mgo-550-250gr\/","og_locale":"tr_TR","og_type":"article","og_title":"Manuka Magic Manuka Honey MGO 550+ | Raw Monofloral Manuka Honey from New Zealand | MNZ","og_description":"Premium raw monofloral Manuka honey with guaranteed MGO 550+. Independently tested, unprocessed and harvested in remote New Zealand regions. Authentic MNZ quality.","og_url":"https:\/\/www.manukanewzealand.com\/tr\/product\/manuka-magic-mgo-550-250gr\/","og_site_name":"MNZ - Manuka New Zealand - The Best Raw Manuka Honey | Global","article_modified_time":"2026-02-17T12:35:17+00:00","og_image":[{"width":1000,"height":1000,"url":"https:\/\/www.manukanewzealand.com\/wp-content\/uploads\/2025\/02\/Manuka-Magic-550.webp","type":"image\/webp"}],"twitter_card":"summary_large_image","twitter_misc":{"Fiyat":"&euro;64,50 incl. VAT","Availability":"In stock"},"schema":{"@context":"https:\/\/schema.org","@graph":[{"@type":"WebPage","@id":"https:\/\/www.manukanewzealand.com\/product\/manuka-magic-mgo-550-250gr\/","url":"https:\/\/www.manukanewzealand.com\/product\/manuka-magic-mgo-550-250gr\/","name":"Manuka Magic Manuka Bal\u0131 MGO 550+ | Yeni Zelanda'dan Ham Monofloral Manuka Bal\u0131 | MNZ","isPartOf":{"@id":"https:\/\/www.manukanewzealand.com\/es\/#website"},"primaryImageOfPage":{"@id":"https:\/\/www.manukanewzealand.com\/product\/manuka-magic-mgo-550-250gr\/#primaryimage"},"image":{"@id":"https:\/\/www.manukanewzealand.com\/product\/manuka-magic-mgo-550-250gr\/#primaryimage"},"thumbnailUrl":"https:\/\/www.manukanewzealand.com\/wp-content\/uploads\/2025\/02\/Manuka-Magic-550.webp","datePublished":"2025-02-06T10:08:43+00:00","dateModified":"2026-02-17T12:35:17+00:00","description":"Garantili MGO 550+ ile birinci s\u0131n\u0131f ham monofloral Manuka bal\u0131. Ba\u011f\u0131ms\u0131z olarak test edilmi\u015f, i\u015flenmemi\u015f ve Yeni Zelanda'n\u0131n uzak b\u00f6lgelerinde hasat edilmi\u015ftir. Otantik MNZ kalitesi.","breadcrumb":{"@id":"https:\/\/www.manukanewzealand.com\/product\/manuka-magic-mgo-550-250gr\/#breadcrumb"},"inLanguage":"tr","potentialAction":[{"@type":"ReadAction","target":["https:\/\/www.manukanewzealand.com\/product\/manuka-magic-mgo-550-250gr\/"]}]},{"@type":"ImageObject","inLanguage":"tr","@id":"https:\/\/www.manukanewzealand.com\/product\/manuka-magic-mgo-550-250gr\/#primaryimage","url":"https:\/\/www.manukanewzealand.com\/wp-content\/uploads\/2025\/02\/Manuka-Magic-550.webp","contentUrl":"https:\/\/www.manukanewzealand.com\/wp-content\/uploads\/2025\/02\/Manuka-Magic-550.webp","width":1000,"height":1000},{"@type":"BreadcrumbList","@id":"https:\/\/www.manukanewzealand.com\/product\/manuka-magic-mgo-550-250gr\/#breadcrumb","itemListElement":[{"@type":"ListItem","position":1,"name":"Home","item":"https:\/\/www.manukanewzealand.com\/"},{"@type":"ListItem","position":2,"name":"MNZ Products","item":"https:\/\/www.manukanewzealand.com\/mnz-products\/"},{"@type":"ListItem","position":3,"name":"Manuka Magic MGO 550+ 250gr."}]},{"@type":"WebSite","@id":"https:\/\/www.manukanewzealand.com\/es\/#website","url":"https:\/\/www.manukanewzealand.com\/es\/","name":"MNZ - Manuka Yeni Zelanda - En \u0130yi Ham Manuka Bal\u0131 | K\u00fcresel","description":"","publisher":{"@id":"https:\/\/www.manukanewzealand.com\/es\/#organization"},"potentialAction":[{"@type":"SearchAction","target":{"@type":"EntryPoint","urlTemplate":"https:\/\/www.manukanewzealand.com\/es\/?s={search_term_string}"},"query-input":{"@type":"PropertyValueSpecification","valueRequired":true,"valueName":"search_term_string"}}],"inLanguage":"tr"},{"@type":"Organization","@id":"https:\/\/www.manukanewzealand.com\/es\/#organization","name":"MNZ - Manuka Yeni Zelanda - En \u0130yi Ham Manuka Bal\u0131 | K\u00fcresel","url":"https:\/\/www.manukanewzealand.com\/es\/","logo":{"@type":"ImageObject","inLanguage":"tr","@id":"https:\/\/www.manukanewzealand.com\/es\/#\/schema\/logo\/image\/","url":"https:\/\/www.manukanewzealand.com\/wp-content\/uploads\/2022\/11\/mnz-logo-200x200-1-1.png","contentUrl":"https:\/\/www.manukanewzealand.com\/wp-content\/uploads\/2022\/11\/mnz-logo-200x200-1-1.png","width":200,"height":200,"caption":"MNZ - Manuka New Zealand - The Best Raw Manuka Honey | Global"},"image":{"@id":"https:\/\/www.manukanewzealand.com\/es\/#\/schema\/logo\/image\/"}}]},"product_price_amount":"64.50","product_price_currency":"EUR","og_availability":"instock","product_availability":"instock","product_retailer_item_id":"MM006","product_condition":"new"},"_links":{"self":[{"href":"https:\/\/www.manukanewzealand.com\/tr\/wp-json\/wp\/v2\/product\/35119","targetHints":{"allow":["GET"]}}],"collection":[{"href":"https:\/\/www.manukanewzealand.com\/tr\/wp-json\/wp\/v2\/product"}],"about":[{"href":"https:\/\/www.manukanewzealand.com\/tr\/wp-json\/wp\/v2\/types\/product"}],"replies":[{"embeddable":true,"href":"https:\/\/www.manukanewzealand.com\/tr\/wp-json\/wp\/v2\/comments?post=35119"}],"wp:featuredmedia":[{"embeddable":true,"href":"https:\/\/www.manukanewzealand.com\/tr\/wp-json\/wp\/v2\/media\/35120"}],"wp:attachment":[{"href":"https:\/\/www.manukanewzealand.com\/tr\/wp-json\/wp\/v2\/media?parent=35119"}],"wp:term":[{"taxonomy":"product_brand","embeddable":true,"href":"https:\/\/www.manukanewzealand.com\/tr\/wp-json\/wp\/v2\/product_brand?post=35119"},{"taxonomy":"product_cat","embeddable":true,"href":"https:\/\/www.manukanewzealand.com\/tr\/wp-json\/wp\/v2\/product_cat?post=35119"},{"taxonomy":"product_tag","embeddable":true,"href":"https:\/\/www.manukanewzealand.com\/tr\/wp-json\/wp\/v2\/product_tag?post=35119"}],"curies":[{"name":"wp","href":"https:\/\/api.w.org\/{rel}","templated":true}]}}