{"id":34206,"date":"2024-01-09T16:20:15","date_gmt":"2024-01-09T15:20:15","guid":{"rendered":"https:\/\/www.manukanewzealand.com\/?post_type=product&#038;p=34206"},"modified":"2026-02-17T14:06:08","modified_gmt":"2026-02-17T13:06:08","slug":"kanuka-essential-oil","status":"publish","type":"product","link":"https:\/\/www.manukanewzealand.com\/tr\/product\/kanuka-essential-oil\/","title":{"rendered":"Kanuka Ya\u011f\u0131 (100% esansiyel saf ya\u011f) (Kunzea ericoides)"},"content":{"rendered":"<h1>MNZ Kanuka Ya\u011f\u0131 - Yeni Zelanda'dan Saf U\u00e7ucu Ya\u011f<\/h1>\n<p><strong>MNZ Kanuka Ya\u011f\u0131<\/strong> bir <strong>100% saf u\u00e7ucu ya\u011f<\/strong>, Yeni Zelanda Kanuka \u00e7al\u0131s\u0131n\u0131n yapraklar\u0131ndan ve dallar\u0131ndan dikkatlice buharla dam\u0131t\u0131lm\u0131\u015ft\u0131r (<em>Kunzea ericoides<\/em>). Yeni Zelanda'n\u0131n East Cape b\u00f6lgesinde hasat edilen ve \u00fcretilen bu ya\u011f, taze, hafif baharatl\u0131 ve do\u011fal olarak canl\u0131 aromas\u0131yla bilinir.<\/p>\n<p><strong>\u0130\u00e7indekiler:<\/strong> 10 ml<\/p>\n<h2>Neden MNZ Kanuka Ya\u011f\u0131n\u0131 se\u00e7melisiniz?<\/h2>\n<p>MNZ safl\u0131k, \u015feffafl\u0131k ve g\u00fcvenilir men\u015fe anlam\u0131na gelir. Kanuka ya\u011f\u0131m\u0131z, bitkinin do\u011fal aromatik bile\u015fiklerini koruyan bir y\u00f6ntem olan nazik buhar dam\u0131tma yoluyla elde edilir.<\/p>\n<p>Kanuka ya\u011f\u0131, berrak ve ferahlat\u0131c\u0131 kokusuna katk\u0131da bulunan alfa-pinen gibi bile\u015fenleri do\u011fal olarak i\u00e7eren karma\u015f\u0131k bir aromatik profile sahiptir. Karakteri Yeni Zelanda'n\u0131n e\u015fsiz iklimini ve yerel floras\u0131n\u0131 yans\u0131t\u0131r.<\/p>\n<p>Ya\u011f, katk\u0131 maddesi veya seyreltme olmaks\u0131z\u0131n tamamen saft\u0131r. MNZ ad\u0131 \u00f6zg\u00fcnl\u00fc\u011f\u00fc, tam izlenebilirli\u011fi ve fabrikadan bitmi\u015f \u015fi\u015feye kadar dikkatle y\u00f6netilen bir \u00fcretim s\u00fcrecini temsil eder.<\/p>\n<ul>\n<li>100% saf Kanuka u\u00e7ucu ya\u011f\u0131<\/li>\n<li>Kunzea ericoides'ten (yapraklar ve dallar) dam\u0131t\u0131lm\u0131\u015f buhar<\/li>\n<li>Katk\u0131 maddesi ve seyreltme i\u00e7ermez<\/li>\n<li>Taze, do\u011fal aromatik koku profili<\/li>\n<li>Yeni Zelanda'da tedarik edilmi\u015f ve \u00fcretilmi\u015ftir<\/li>\n<\/ul>\n<h3>Kullan\u0131m<\/h3>\n<p>Sadece harici kullan\u0131m ve aromatik uygulamalar i\u00e7indir.<br \/>\nCilt uygulamas\u0131 i\u00e7in her zaman uygun bir ta\u015f\u0131y\u0131c\u0131 ya\u011f ile seyreltin.<br \/>\nTalimatlara g\u00f6re dif\u00fcz\u00f6r veya aroma yak\u0131c\u0131da kullan\u0131ma uygundur.<\/p>\n<h3>\u00d6nemli bilgiler<\/h3>\n<p>Kulland\u0131ktan sonra \u015fi\u015feyi s\u0131k\u0131ca kapat\u0131n. Do\u011frudan g\u00fcne\u015f \u0131\u015f\u0131\u011f\u0131ndan uzak, serin ve kuru bir yerde saklay\u0131n.<br \/>\n\u00c7ocuklar\u0131n ula\u015famayaca\u011f\u0131 yerlerde saklay\u0131n. G\u00f6z ile temas\u0131ndan ka\u00e7\u0131n\u0131n.<br \/>\nHassas ciltler i\u00e7in kullan\u0131mdan \u00f6nce yama testi yap\u0131lmas\u0131 \u00f6nerilir.<\/p>","protected":false},"excerpt":{"rendered":"<p>MNZ Kanuka Oil \u2013 Pure Essential Oil from New Zealand MNZ Kanuka Oil is a 100% pure essential oil, carefully steam distilled from the leaves and branches of the New Zealand Kanuka shrub (Kunzea ericoides). Harvested and produced in the East Cape region of New Zealand, this oil is known for its fresh, slightly spicy [&#8230;]\n","protected":false},"featured_media":34207,"comment_status":"closed","ping_status":"closed","template":"","meta":[],"product_brand":[],"product_cat":[113],"product_tag":[],"class_list":{"0":"post-34206","1":"product","2":"type-product","3":"status-publish","4":"has-post-thumbnail","6":"product_cat-uncategorized","8":"first","9":"instock","10":"taxable","11":"shipping-taxable","12":"purchasable","13":"product-type-simple"},"yoast_head":"<!-- This site is optimized with the Yoast SEO plugin v27.3 - https:\/\/yoast.com\/product\/yoast-seo-wordpress\/ -->\n<title>MNZ Kanuka Oil 10 ml | Pure Essential Kanuka Oil from New Zealand<\/title>\n<meta name=\"description\" content=\"100% pure Kanuka essential oil from New Zealand, steam distilled from Kunzea ericoides. Fresh, spicy aroma with alpha-pinene. No additives or dilution. 10 ml by MNZ.\" \/>\n<meta name=\"robots\" content=\"index, follow, max-snippet:-1, max-image-preview:large, max-video-preview:-1\" \/>\n<link rel=\"canonical\" href=\"https:\/\/www.manukanewzealand.com\/tr\/product\/kanuka-essential-oil\/\" \/>\n<meta property=\"og:locale\" content=\"tr_TR\" \/>\n<meta property=\"og:type\" content=\"article\" \/>\n<meta property=\"og:title\" content=\"MNZ Kanuka Oil 10 ml | Pure Essential Kanuka Oil from New Zealand\" \/>\n<meta property=\"og:description\" content=\"100% pure Kanuka essential oil from New Zealand, steam distilled from Kunzea ericoides. Fresh, spicy aroma with alpha-pinene. No additives or dilution. 10 ml by MNZ.\" \/>\n<meta property=\"og:url\" content=\"https:\/\/www.manukanewzealand.com\/tr\/product\/kanuka-essential-oil\/\" \/>\n<meta property=\"og:site_name\" content=\"MNZ - Manuka New Zealand - The Best Raw Manuka Honey | Global\" \/>\n<meta property=\"article:modified_time\" content=\"2026-02-17T13:06:08+00:00\" \/>\n<meta property=\"og:image\" content=\"https:\/\/www.manukanewzealand.com\/wp-content\/uploads\/2023\/11\/kanuka-essential-oil.webp\" \/>\n\t<meta property=\"og:image:width\" content=\"500\" \/>\n\t<meta property=\"og:image:height\" content=\"500\" \/>\n\t<meta property=\"og:image:type\" content=\"image\/webp\" \/>\n<meta name=\"twitter:card\" content=\"summary_large_image\" \/>\n<meta name=\"twitter:label1\" content=\"Fiyat\" \/>\n\t<meta name=\"twitter:data1\" content=\"&euro;29,95 incl. VAT\" \/>\n\t<meta name=\"twitter:label2\" content=\"Availability\" \/>\n\t<meta name=\"twitter:data2\" content=\"In stock\" \/>\n<script type=\"application\/ld+json\" class=\"yoast-schema-graph\">{\"@context\":\"https:\\\/\\\/schema.org\",\"@graph\":[{\"@type\":\"WebPage\",\"@id\":\"https:\\\/\\\/www.manukanewzealand.com\\\/product\\\/kanuka-essential-oil\\\/\",\"url\":\"https:\\\/\\\/www.manukanewzealand.com\\\/product\\\/kanuka-essential-oil\\\/\",\"name\":\"MNZ Kanuka Oil 10 ml | Pure Essential Kanuka Oil from New Zealand\",\"isPartOf\":{\"@id\":\"https:\\\/\\\/www.manukanewzealand.com\\\/es\\\/#website\"},\"primaryImageOfPage\":{\"@id\":\"https:\\\/\\\/www.manukanewzealand.com\\\/product\\\/kanuka-essential-oil\\\/#primaryimage\"},\"image\":{\"@id\":\"https:\\\/\\\/www.manukanewzealand.com\\\/product\\\/kanuka-essential-oil\\\/#primaryimage\"},\"thumbnailUrl\":\"https:\\\/\\\/www.manukanewzealand.com\\\/wp-content\\\/uploads\\\/2023\\\/11\\\/kanuka-essential-oil.webp\",\"datePublished\":\"2024-01-09T15:20:15+00:00\",\"dateModified\":\"2026-02-17T13:06:08+00:00\",\"description\":\"100% pure Kanuka essential oil from New Zealand, steam distilled from Kunzea ericoides. Fresh, spicy aroma with alpha-pinene. No additives or dilution. 10 ml by MNZ.\",\"breadcrumb\":{\"@id\":\"https:\\\/\\\/www.manukanewzealand.com\\\/product\\\/kanuka-essential-oil\\\/#breadcrumb\"},\"inLanguage\":\"tr\",\"potentialAction\":[{\"@type\":\"ReadAction\",\"target\":[\"https:\\\/\\\/www.manukanewzealand.com\\\/product\\\/kanuka-essential-oil\\\/\"]}]},{\"@type\":\"ImageObject\",\"inLanguage\":\"tr\",\"@id\":\"https:\\\/\\\/www.manukanewzealand.com\\\/product\\\/kanuka-essential-oil\\\/#primaryimage\",\"url\":\"https:\\\/\\\/www.manukanewzealand.com\\\/wp-content\\\/uploads\\\/2023\\\/11\\\/kanuka-essential-oil.webp\",\"contentUrl\":\"https:\\\/\\\/www.manukanewzealand.com\\\/wp-content\\\/uploads\\\/2023\\\/11\\\/kanuka-essential-oil.webp\",\"width\":500,\"height\":500},{\"@type\":\"BreadcrumbList\",\"@id\":\"https:\\\/\\\/www.manukanewzealand.com\\\/product\\\/kanuka-essential-oil\\\/#breadcrumb\",\"itemListElement\":[{\"@type\":\"ListItem\",\"position\":1,\"name\":\"Home\",\"item\":\"https:\\\/\\\/www.manukanewzealand.com\\\/\"},{\"@type\":\"ListItem\",\"position\":2,\"name\":\"MNZ Products\",\"item\":\"https:\\\/\\\/www.manukanewzealand.com\\\/mnz-products\\\/\"},{\"@type\":\"ListItem\",\"position\":3,\"name\":\"Kanuka Oil (100% essential pure oil) (Kunzea ericoides)\"}]},{\"@type\":\"WebSite\",\"@id\":\"https:\\\/\\\/www.manukanewzealand.com\\\/es\\\/#website\",\"url\":\"https:\\\/\\\/www.manukanewzealand.com\\\/es\\\/\",\"name\":\"MNZ - Manuka New Zealand - The Best Raw Manuka Honey | Global\",\"description\":\"\",\"publisher\":{\"@id\":\"https:\\\/\\\/www.manukanewzealand.com\\\/es\\\/#organization\"},\"potentialAction\":[{\"@type\":\"SearchAction\",\"target\":{\"@type\":\"EntryPoint\",\"urlTemplate\":\"https:\\\/\\\/www.manukanewzealand.com\\\/es\\\/?s={search_term_string}\"},\"query-input\":{\"@type\":\"PropertyValueSpecification\",\"valueRequired\":true,\"valueName\":\"search_term_string\"}}],\"inLanguage\":\"tr\"},{\"@type\":\"Organization\",\"@id\":\"https:\\\/\\\/www.manukanewzealand.com\\\/es\\\/#organization\",\"name\":\"MNZ - Manuka New Zealand - The Best Raw Manuka Honey | Global\",\"url\":\"https:\\\/\\\/www.manukanewzealand.com\\\/es\\\/\",\"logo\":{\"@type\":\"ImageObject\",\"inLanguage\":\"tr\",\"@id\":\"https:\\\/\\\/www.manukanewzealand.com\\\/es\\\/#\\\/schema\\\/logo\\\/image\\\/\",\"url\":\"https:\\\/\\\/www.manukanewzealand.com\\\/wp-content\\\/uploads\\\/2022\\\/11\\\/mnz-logo-200x200-1-1.png\",\"contentUrl\":\"https:\\\/\\\/www.manukanewzealand.com\\\/wp-content\\\/uploads\\\/2022\\\/11\\\/mnz-logo-200x200-1-1.png\",\"width\":200,\"height\":200,\"caption\":\"MNZ - Manuka New Zealand - The Best Raw Manuka Honey | Global\"},\"image\":{\"@id\":\"https:\\\/\\\/www.manukanewzealand.com\\\/es\\\/#\\\/schema\\\/logo\\\/image\\\/\"}}]}<\/script>\n<meta property=\"product:price:amount\" content=\"29.95\" \/>\n<meta property=\"product:price:currency\" content=\"EUR\" \/>\n<meta property=\"og:availability\" content=\"instock\" \/>\n<meta property=\"product:availability\" content=\"instock\" \/>\n<meta property=\"product:retailer_item_id\" content=\"MNZ204\" \/>\n<meta property=\"product:condition\" content=\"new\" \/>\n<!-- \/ Yoast SEO plugin. -->","yoast_head_json":{"title":"MNZ Kanuka Ya\u011f\u0131 10 ml | Yeni Zelanda'dan Saf Esansiyel Kanuka Ya\u011f\u0131","description":"100% Yeni Zelanda'dan saf Kanuka u\u00e7ucu ya\u011f\u0131, Kunzea ericoides'ten buharla dam\u0131t\u0131lm\u0131\u015ft\u0131r. Alfa-pinen i\u00e7eren taze, baharatl\u0131 aroma. Katk\u0131 maddesi veya seyreltme i\u00e7ermez. MNZ taraf\u0131ndan 10 ml.","robots":{"index":"index","follow":"follow","max-snippet":"max-snippet:-1","max-image-preview":"max-image-preview:large","max-video-preview":"max-video-preview:-1"},"canonical":"https:\/\/www.manukanewzealand.com\/tr\/product\/kanuka-essential-oil\/","og_locale":"tr_TR","og_type":"article","og_title":"MNZ Kanuka Oil 10 ml | Pure Essential Kanuka Oil from New Zealand","og_description":"100% pure Kanuka essential oil from New Zealand, steam distilled from Kunzea ericoides. Fresh, spicy aroma with alpha-pinene. No additives or dilution. 10 ml by MNZ.","og_url":"https:\/\/www.manukanewzealand.com\/tr\/product\/kanuka-essential-oil\/","og_site_name":"MNZ - Manuka New Zealand - The Best Raw Manuka Honey | Global","article_modified_time":"2026-02-17T13:06:08+00:00","og_image":[{"width":500,"height":500,"url":"https:\/\/www.manukanewzealand.com\/wp-content\/uploads\/2023\/11\/kanuka-essential-oil.webp","type":"image\/webp"}],"twitter_card":"summary_large_image","twitter_misc":{"Fiyat":"&euro;29,95 incl. VAT","Availability":"In stock"},"schema":{"@context":"https:\/\/schema.org","@graph":[{"@type":"WebPage","@id":"https:\/\/www.manukanewzealand.com\/product\/kanuka-essential-oil\/","url":"https:\/\/www.manukanewzealand.com\/product\/kanuka-essential-oil\/","name":"MNZ Kanuka Ya\u011f\u0131 10 ml | Yeni Zelanda'dan Saf Esansiyel Kanuka Ya\u011f\u0131","isPartOf":{"@id":"https:\/\/www.manukanewzealand.com\/es\/#website"},"primaryImageOfPage":{"@id":"https:\/\/www.manukanewzealand.com\/product\/kanuka-essential-oil\/#primaryimage"},"image":{"@id":"https:\/\/www.manukanewzealand.com\/product\/kanuka-essential-oil\/#primaryimage"},"thumbnailUrl":"https:\/\/www.manukanewzealand.com\/wp-content\/uploads\/2023\/11\/kanuka-essential-oil.webp","datePublished":"2024-01-09T15:20:15+00:00","dateModified":"2026-02-17T13:06:08+00:00","description":"100% Yeni Zelanda'dan saf Kanuka u\u00e7ucu ya\u011f\u0131, Kunzea ericoides'ten buharla dam\u0131t\u0131lm\u0131\u015ft\u0131r. Alfa-pinen i\u00e7eren taze, baharatl\u0131 aroma. Katk\u0131 maddesi veya seyreltme i\u00e7ermez. MNZ taraf\u0131ndan 10 ml.","breadcrumb":{"@id":"https:\/\/www.manukanewzealand.com\/product\/kanuka-essential-oil\/#breadcrumb"},"inLanguage":"tr","potentialAction":[{"@type":"ReadAction","target":["https:\/\/www.manukanewzealand.com\/product\/kanuka-essential-oil\/"]}]},{"@type":"ImageObject","inLanguage":"tr","@id":"https:\/\/www.manukanewzealand.com\/product\/kanuka-essential-oil\/#primaryimage","url":"https:\/\/www.manukanewzealand.com\/wp-content\/uploads\/2023\/11\/kanuka-essential-oil.webp","contentUrl":"https:\/\/www.manukanewzealand.com\/wp-content\/uploads\/2023\/11\/kanuka-essential-oil.webp","width":500,"height":500},{"@type":"BreadcrumbList","@id":"https:\/\/www.manukanewzealand.com\/product\/kanuka-essential-oil\/#breadcrumb","itemListElement":[{"@type":"ListItem","position":1,"name":"Home","item":"https:\/\/www.manukanewzealand.com\/"},{"@type":"ListItem","position":2,"name":"MNZ Products","item":"https:\/\/www.manukanewzealand.com\/mnz-products\/"},{"@type":"ListItem","position":3,"name":"Kanuka Oil (100% essential pure oil) (Kunzea ericoides)"}]},{"@type":"WebSite","@id":"https:\/\/www.manukanewzealand.com\/es\/#website","url":"https:\/\/www.manukanewzealand.com\/es\/","name":"MNZ - Manuka Yeni Zelanda - En \u0130yi Ham Manuka Bal\u0131 | K\u00fcresel","description":"","publisher":{"@id":"https:\/\/www.manukanewzealand.com\/es\/#organization"},"potentialAction":[{"@type":"SearchAction","target":{"@type":"EntryPoint","urlTemplate":"https:\/\/www.manukanewzealand.com\/es\/?s={search_term_string}"},"query-input":{"@type":"PropertyValueSpecification","valueRequired":true,"valueName":"search_term_string"}}],"inLanguage":"tr"},{"@type":"Organization","@id":"https:\/\/www.manukanewzealand.com\/es\/#organization","name":"MNZ - Manuka Yeni Zelanda - En \u0130yi Ham Manuka Bal\u0131 | K\u00fcresel","url":"https:\/\/www.manukanewzealand.com\/es\/","logo":{"@type":"ImageObject","inLanguage":"tr","@id":"https:\/\/www.manukanewzealand.com\/es\/#\/schema\/logo\/image\/","url":"https:\/\/www.manukanewzealand.com\/wp-content\/uploads\/2022\/11\/mnz-logo-200x200-1-1.png","contentUrl":"https:\/\/www.manukanewzealand.com\/wp-content\/uploads\/2022\/11\/mnz-logo-200x200-1-1.png","width":200,"height":200,"caption":"MNZ - Manuka New Zealand - The Best Raw Manuka Honey | Global"},"image":{"@id":"https:\/\/www.manukanewzealand.com\/es\/#\/schema\/logo\/image\/"}}]},"product_price_amount":"29.95","product_price_currency":"EUR","og_availability":"instock","product_availability":"instock","product_retailer_item_id":"MNZ204","product_condition":"new"},"_links":{"self":[{"href":"https:\/\/www.manukanewzealand.com\/tr\/wp-json\/wp\/v2\/product\/34206","targetHints":{"allow":["GET"]}}],"collection":[{"href":"https:\/\/www.manukanewzealand.com\/tr\/wp-json\/wp\/v2\/product"}],"about":[{"href":"https:\/\/www.manukanewzealand.com\/tr\/wp-json\/wp\/v2\/types\/product"}],"replies":[{"embeddable":true,"href":"https:\/\/www.manukanewzealand.com\/tr\/wp-json\/wp\/v2\/comments?post=34206"}],"wp:featuredmedia":[{"embeddable":true,"href":"https:\/\/www.manukanewzealand.com\/tr\/wp-json\/wp\/v2\/media\/34207"}],"wp:attachment":[{"href":"https:\/\/www.manukanewzealand.com\/tr\/wp-json\/wp\/v2\/media?parent=34206"}],"wp:term":[{"taxonomy":"product_brand","embeddable":true,"href":"https:\/\/www.manukanewzealand.com\/tr\/wp-json\/wp\/v2\/product_brand?post=34206"},{"taxonomy":"product_cat","embeddable":true,"href":"https:\/\/www.manukanewzealand.com\/tr\/wp-json\/wp\/v2\/product_cat?post=34206"},{"taxonomy":"product_tag","embeddable":true,"href":"https:\/\/www.manukanewzealand.com\/tr\/wp-json\/wp\/v2\/product_tag?post=34206"}],"curies":[{"name":"wp","href":"https:\/\/api.w.org\/{rel}","templated":true}]}}