{"id":34204,"date":"2024-01-10T16:13:47","date_gmt":"2024-01-10T15:13:47","guid":{"rendered":"https:\/\/www.manukanewzealand.com\/?post_type=product&#038;p=34204"},"modified":"2026-02-17T14:08:43","modified_gmt":"2026-02-17T13:08:43","slug":"kanuka-balm","status":"publish","type":"product","link":"https:\/\/www.manukanewzealand.com\/tr\/product\/kanuka-balm\/","title":{"rendered":"Kanuka Balsam\u0131"},"content":{"rendered":"<h1>MNZ Kanuka Balsam\u0131 15 g - Yeni Zelanda'dan Do\u011fal Bak\u0131m Balsam\u0131<\/h1>\n<p><strong>MNZ Kanuka Balsam\u0131<\/strong> bir <strong>100% do\u011fal, \u00e7ok ama\u00e7l\u0131 bak\u0131m balsam\u0131<\/strong>, y\u00fcksek kalite ile zenginle\u015ftirilmi\u015f <strong>Kanuka ya\u011f\u0131 (Kunzea ericoides)<\/strong>. Kompakt boyutu ta\u015f\u0131may\u0131 kolayla\u015ft\u0131r\u0131r ve g\u00fcnl\u00fck kullan\u0131m, seyahat veya a\u00e7\u0131k hava etkinlikleri i\u00e7in idealdir.<\/p>\n<p><strong>\u0130\u00e7indekiler:<\/strong> 15 g<\/p>\n<h2>Neden MNZ Kanuka Balm'\u0131 se\u00e7melisiniz?<\/h2>\n<p>MNZ safl\u0131k, \u015feffafl\u0131k ve g\u00fcvenilir men\u015fe anlam\u0131na gelir. Bu balsam, hindistan cevizi ya\u011f\u0131, kakao ya\u011f\u0131 ve Yeni Zelanda balmumu dahil olmak \u00fczere \u00f6zenle se\u00e7ilmi\u015f do\u011fal i\u00e7eriklerle \u00fcretilmi\u015ftir.<\/p>\n<p>Kanuka ya\u011f\u0131 balsama karakteristik taze aromas\u0131n\u0131 ve kendine \u00f6zg\u00fc botanik profilini verir. Zengin form\u00fcl\u00fc cilt \u00fczerinde koruyucu bir tabaka olu\u015fturarak cildin yumu\u015fak, beslenmi\u015f ve rahat hissetmesine yard\u0131mc\u0131 olur.<\/p>\n<p>Sert ancak p\u00fcr\u00fczs\u00fcz dokusuyla balm\u0131n uygulanmas\u0131 kolayd\u0131r ve \u00f6zellikle so\u011fuk, r\u00fczgarl\u0131 veya kuru ko\u015fullarda ekstra bak\u0131mdan yararlanan kuru cilt b\u00f6lgeleri, dudaklar ve lekeler i\u00e7in uygundur.<\/p>\n<p>MNZ Kanuka Balm sentetik katk\u0131 maddesi i\u00e7ermez ve Yeni Zelanda'n\u0131n do\u011fal ortam\u0131ndan ilham alan basit, i\u015flevsel cilt bak\u0131m\u0131n\u0131 tercih edenler i\u00e7in tasarlanm\u0131\u015ft\u0131r.<\/p>\n<ul>\n<li>Y\u00fcksek kaliteli Kanuka ya\u011f\u0131 (Kunzea ericoides) ile<\/li>\n<li>100% do\u011fal form\u00fclasyon<\/li>\n<li>Kullan\u0131\u015fl\u0131 seyahat boyu format\u0131<\/li>\n<li>Kuru cilt b\u00f6lgeleri ve dudaklar i\u00e7in uygundur<\/li>\n<li>Sentetik katk\u0131 maddeleri i\u00e7ermez<\/li>\n<\/ul>\n<h3>\u0130\u00e7indekiler (INCI)<\/h3>\n<p>Cocos Nucifera Ya\u011f\u0131, Theobroma Cacao Tohum Ya\u011f\u0131, Cera Alba, Kunzea Ericoides Yaprak Ya\u011f\u0131, Linalool, Limonen, Sitral, Geraniol, Benzil Benzoat.<\/p>\n<h3>Kullan\u0131m<\/h3>\n<p>Cilde az miktarda uygulay\u0131n ve nazik\u00e7e masaj yap\u0131n. Sadece harici kullan\u0131m i\u00e7indir. G\u00f6z ile temas\u0131ndan ka\u00e7\u0131n\u0131n.<\/p>\n<h3>\u00d6nemli bilgiler<\/h3>\n<p>Kulland\u0131ktan sonra kab\u0131 kapat\u0131n. Do\u011frudan g\u00fcne\u015f \u0131\u015f\u0131\u011f\u0131ndan uzak, serin ve kuru bir yerde saklay\u0131n. \u00c7ocuklar\u0131n ula\u015famayaca\u011f\u0131 yerlerde saklay\u0131n. Hassas ciltler i\u00e7in kullanmadan \u00f6nce yama testi yap\u0131lmas\u0131 \u00f6nerilir.<\/p>","protected":false},"excerpt":{"rendered":"<p>MNZ Kanuka Balm 15 g \u2013 Natural Care Balm from New Zealand MNZ Kanuka Balm is a 100% natural, multi-purpose care balm, enriched with high-quality Kanuka oil (Kunzea ericoides). Its compact size makes it easy to carry and ideal for everyday use, travel or outdoor activities. Contents: 15 g Why choose MNZ Kanuka Balm? MNZ [&#8230;]\n","protected":false},"featured_media":34205,"comment_status":"closed","ping_status":"closed","template":"","meta":[],"product_brand":[],"product_cat":[113],"product_tag":[],"class_list":{"0":"post-34204","1":"product","2":"type-product","3":"status-publish","4":"has-post-thumbnail","6":"product_cat-uncategorized","8":"first","9":"instock","10":"taxable","11":"shipping-taxable","12":"purchasable","13":"product-type-simple"},"yoast_head":"<!-- This site is optimized with the Yoast SEO plugin v27.3 - https:\/\/yoast.com\/product\/yoast-seo-wordpress\/ -->\n<title>MNZ Kanuka Balm 15 g | Natural Multi-Purpose Balm with Kanuka Oil<\/title>\n<meta name=\"description\" content=\"100% natural Kanuka balm with Kunzea ericoides oil. Multi-purpose care for dry skin and lips, travel-friendly and free from synthetic additives. 15 g by MNZ.\" \/>\n<meta name=\"robots\" content=\"index, follow, max-snippet:-1, max-image-preview:large, max-video-preview:-1\" \/>\n<link rel=\"canonical\" href=\"https:\/\/www.manukanewzealand.com\/tr\/product\/kanuka-balm\/\" \/>\n<meta property=\"og:locale\" content=\"tr_TR\" \/>\n<meta property=\"og:type\" content=\"article\" \/>\n<meta property=\"og:title\" content=\"MNZ Kanuka Balm 15 g | Natural Multi-Purpose Balm with Kanuka Oil\" \/>\n<meta property=\"og:description\" content=\"100% natural Kanuka balm with Kunzea ericoides oil. Multi-purpose care for dry skin and lips, travel-friendly and free from synthetic additives. 15 g by MNZ.\" \/>\n<meta property=\"og:url\" content=\"https:\/\/www.manukanewzealand.com\/tr\/product\/kanuka-balm\/\" \/>\n<meta property=\"og:site_name\" content=\"MNZ - Manuka New Zealand - The Best Raw Manuka Honey | Global\" \/>\n<meta property=\"article:modified_time\" content=\"2026-02-17T13:08:43+00:00\" \/>\n<meta property=\"og:image\" content=\"https:\/\/www.manukanewzealand.com\/wp-content\/uploads\/2023\/11\/kanuka-balm.webp\" \/>\n\t<meta property=\"og:image:width\" content=\"500\" \/>\n\t<meta property=\"og:image:height\" content=\"500\" \/>\n\t<meta property=\"og:image:type\" content=\"image\/webp\" \/>\n<meta name=\"twitter:card\" content=\"summary_large_image\" \/>\n<meta name=\"twitter:label1\" content=\"Fiyat\" \/>\n\t<meta name=\"twitter:data1\" content=\"&euro;17,50 incl. VAT\" \/>\n\t<meta name=\"twitter:label2\" content=\"Availability\" \/>\n\t<meta name=\"twitter:data2\" content=\"In stock\" \/>\n<script type=\"application\/ld+json\" class=\"yoast-schema-graph\">{\"@context\":\"https:\\\/\\\/schema.org\",\"@graph\":[{\"@type\":\"WebPage\",\"@id\":\"https:\\\/\\\/www.manukanewzealand.com\\\/product\\\/kanuka-balm\\\/\",\"url\":\"https:\\\/\\\/www.manukanewzealand.com\\\/product\\\/kanuka-balm\\\/\",\"name\":\"MNZ Kanuka Balm 15 g | Natural Multi-Purpose Balm with Kanuka Oil\",\"isPartOf\":{\"@id\":\"https:\\\/\\\/www.manukanewzealand.com\\\/es\\\/#website\"},\"primaryImageOfPage\":{\"@id\":\"https:\\\/\\\/www.manukanewzealand.com\\\/product\\\/kanuka-balm\\\/#primaryimage\"},\"image\":{\"@id\":\"https:\\\/\\\/www.manukanewzealand.com\\\/product\\\/kanuka-balm\\\/#primaryimage\"},\"thumbnailUrl\":\"https:\\\/\\\/www.manukanewzealand.com\\\/wp-content\\\/uploads\\\/2023\\\/11\\\/kanuka-balm.webp\",\"datePublished\":\"2024-01-10T15:13:47+00:00\",\"dateModified\":\"2026-02-17T13:08:43+00:00\",\"description\":\"100% natural Kanuka balm with Kunzea ericoides oil. Multi-purpose care for dry skin and lips, travel-friendly and free from synthetic additives. 15 g by MNZ.\",\"breadcrumb\":{\"@id\":\"https:\\\/\\\/www.manukanewzealand.com\\\/product\\\/kanuka-balm\\\/#breadcrumb\"},\"inLanguage\":\"tr\",\"potentialAction\":[{\"@type\":\"ReadAction\",\"target\":[\"https:\\\/\\\/www.manukanewzealand.com\\\/product\\\/kanuka-balm\\\/\"]}]},{\"@type\":\"ImageObject\",\"inLanguage\":\"tr\",\"@id\":\"https:\\\/\\\/www.manukanewzealand.com\\\/product\\\/kanuka-balm\\\/#primaryimage\",\"url\":\"https:\\\/\\\/www.manukanewzealand.com\\\/wp-content\\\/uploads\\\/2023\\\/11\\\/kanuka-balm.webp\",\"contentUrl\":\"https:\\\/\\\/www.manukanewzealand.com\\\/wp-content\\\/uploads\\\/2023\\\/11\\\/kanuka-balm.webp\",\"width\":500,\"height\":500},{\"@type\":\"BreadcrumbList\",\"@id\":\"https:\\\/\\\/www.manukanewzealand.com\\\/product\\\/kanuka-balm\\\/#breadcrumb\",\"itemListElement\":[{\"@type\":\"ListItem\",\"position\":1,\"name\":\"Home\",\"item\":\"https:\\\/\\\/www.manukanewzealand.com\\\/\"},{\"@type\":\"ListItem\",\"position\":2,\"name\":\"MNZ Products\",\"item\":\"https:\\\/\\\/www.manukanewzealand.com\\\/mnz-products\\\/\"},{\"@type\":\"ListItem\",\"position\":3,\"name\":\"Kanuka Balm\"}]},{\"@type\":\"WebSite\",\"@id\":\"https:\\\/\\\/www.manukanewzealand.com\\\/es\\\/#website\",\"url\":\"https:\\\/\\\/www.manukanewzealand.com\\\/es\\\/\",\"name\":\"MNZ - Manuka New Zealand - The Best Raw Manuka Honey | Global\",\"description\":\"\",\"publisher\":{\"@id\":\"https:\\\/\\\/www.manukanewzealand.com\\\/es\\\/#organization\"},\"potentialAction\":[{\"@type\":\"SearchAction\",\"target\":{\"@type\":\"EntryPoint\",\"urlTemplate\":\"https:\\\/\\\/www.manukanewzealand.com\\\/es\\\/?s={search_term_string}\"},\"query-input\":{\"@type\":\"PropertyValueSpecification\",\"valueRequired\":true,\"valueName\":\"search_term_string\"}}],\"inLanguage\":\"tr\"},{\"@type\":\"Organization\",\"@id\":\"https:\\\/\\\/www.manukanewzealand.com\\\/es\\\/#organization\",\"name\":\"MNZ - Manuka New Zealand - The Best Raw Manuka Honey | Global\",\"url\":\"https:\\\/\\\/www.manukanewzealand.com\\\/es\\\/\",\"logo\":{\"@type\":\"ImageObject\",\"inLanguage\":\"tr\",\"@id\":\"https:\\\/\\\/www.manukanewzealand.com\\\/es\\\/#\\\/schema\\\/logo\\\/image\\\/\",\"url\":\"https:\\\/\\\/www.manukanewzealand.com\\\/wp-content\\\/uploads\\\/2022\\\/11\\\/mnz-logo-200x200-1-1.png\",\"contentUrl\":\"https:\\\/\\\/www.manukanewzealand.com\\\/wp-content\\\/uploads\\\/2022\\\/11\\\/mnz-logo-200x200-1-1.png\",\"width\":200,\"height\":200,\"caption\":\"MNZ - Manuka New Zealand - The Best Raw Manuka Honey | Global\"},\"image\":{\"@id\":\"https:\\\/\\\/www.manukanewzealand.com\\\/es\\\/#\\\/schema\\\/logo\\\/image\\\/\"}}]}<\/script>\n<meta property=\"product:price:amount\" content=\"17.50\" \/>\n<meta property=\"product:price:currency\" content=\"EUR\" \/>\n<meta property=\"og:availability\" content=\"instock\" \/>\n<meta property=\"product:availability\" content=\"instock\" \/>\n<meta property=\"product:retailer_item_id\" content=\"MNZ205\" \/>\n<meta property=\"product:condition\" content=\"new\" \/>\n<!-- \/ Yoast SEO plugin. -->","yoast_head_json":{"title":"MNZ Kanuka Balm 15 g | Kanuka Ya\u011f\u0131 \u0130\u00e7eren Do\u011fal \u00c7ok Ama\u00e7l\u0131 Balsam","description":"100% Kunzea ericoides ya\u011f\u0131 i\u00e7eren do\u011fal Kanuka balsam\u0131. Kuru cilt ve dudaklar i\u00e7in \u00e7ok ama\u00e7l\u0131 bak\u0131m, seyahat dostu ve sentetik katk\u0131 maddesi i\u00e7ermez. MNZ taraf\u0131ndan 15 g.","robots":{"index":"index","follow":"follow","max-snippet":"max-snippet:-1","max-image-preview":"max-image-preview:large","max-video-preview":"max-video-preview:-1"},"canonical":"https:\/\/www.manukanewzealand.com\/tr\/product\/kanuka-balm\/","og_locale":"tr_TR","og_type":"article","og_title":"MNZ Kanuka Balm 15 g | Natural Multi-Purpose Balm with Kanuka Oil","og_description":"100% natural Kanuka balm with Kunzea ericoides oil. Multi-purpose care for dry skin and lips, travel-friendly and free from synthetic additives. 15 g by MNZ.","og_url":"https:\/\/www.manukanewzealand.com\/tr\/product\/kanuka-balm\/","og_site_name":"MNZ - Manuka New Zealand - The Best Raw Manuka Honey | Global","article_modified_time":"2026-02-17T13:08:43+00:00","og_image":[{"width":500,"height":500,"url":"https:\/\/www.manukanewzealand.com\/wp-content\/uploads\/2023\/11\/kanuka-balm.webp","type":"image\/webp"}],"twitter_card":"summary_large_image","twitter_misc":{"Fiyat":"&euro;17,50 incl. VAT","Availability":"In stock"},"schema":{"@context":"https:\/\/schema.org","@graph":[{"@type":"WebPage","@id":"https:\/\/www.manukanewzealand.com\/product\/kanuka-balm\/","url":"https:\/\/www.manukanewzealand.com\/product\/kanuka-balm\/","name":"MNZ Kanuka Balm 15 g | Kanuka Ya\u011f\u0131 \u0130\u00e7eren Do\u011fal \u00c7ok Ama\u00e7l\u0131 Balsam","isPartOf":{"@id":"https:\/\/www.manukanewzealand.com\/es\/#website"},"primaryImageOfPage":{"@id":"https:\/\/www.manukanewzealand.com\/product\/kanuka-balm\/#primaryimage"},"image":{"@id":"https:\/\/www.manukanewzealand.com\/product\/kanuka-balm\/#primaryimage"},"thumbnailUrl":"https:\/\/www.manukanewzealand.com\/wp-content\/uploads\/2023\/11\/kanuka-balm.webp","datePublished":"2024-01-10T15:13:47+00:00","dateModified":"2026-02-17T13:08:43+00:00","description":"100% Kunzea ericoides ya\u011f\u0131 i\u00e7eren do\u011fal Kanuka balsam\u0131. Kuru cilt ve dudaklar i\u00e7in \u00e7ok ama\u00e7l\u0131 bak\u0131m, seyahat dostu ve sentetik katk\u0131 maddesi i\u00e7ermez. MNZ taraf\u0131ndan 15 g.","breadcrumb":{"@id":"https:\/\/www.manukanewzealand.com\/product\/kanuka-balm\/#breadcrumb"},"inLanguage":"tr","potentialAction":[{"@type":"ReadAction","target":["https:\/\/www.manukanewzealand.com\/product\/kanuka-balm\/"]}]},{"@type":"ImageObject","inLanguage":"tr","@id":"https:\/\/www.manukanewzealand.com\/product\/kanuka-balm\/#primaryimage","url":"https:\/\/www.manukanewzealand.com\/wp-content\/uploads\/2023\/11\/kanuka-balm.webp","contentUrl":"https:\/\/www.manukanewzealand.com\/wp-content\/uploads\/2023\/11\/kanuka-balm.webp","width":500,"height":500},{"@type":"BreadcrumbList","@id":"https:\/\/www.manukanewzealand.com\/product\/kanuka-balm\/#breadcrumb","itemListElement":[{"@type":"ListItem","position":1,"name":"Home","item":"https:\/\/www.manukanewzealand.com\/"},{"@type":"ListItem","position":2,"name":"MNZ Products","item":"https:\/\/www.manukanewzealand.com\/mnz-products\/"},{"@type":"ListItem","position":3,"name":"Kanuka Balm"}]},{"@type":"WebSite","@id":"https:\/\/www.manukanewzealand.com\/es\/#website","url":"https:\/\/www.manukanewzealand.com\/es\/","name":"MNZ - Manuka Yeni Zelanda - En \u0130yi Ham Manuka Bal\u0131 | K\u00fcresel","description":"","publisher":{"@id":"https:\/\/www.manukanewzealand.com\/es\/#organization"},"potentialAction":[{"@type":"SearchAction","target":{"@type":"EntryPoint","urlTemplate":"https:\/\/www.manukanewzealand.com\/es\/?s={search_term_string}"},"query-input":{"@type":"PropertyValueSpecification","valueRequired":true,"valueName":"search_term_string"}}],"inLanguage":"tr"},{"@type":"Organization","@id":"https:\/\/www.manukanewzealand.com\/es\/#organization","name":"MNZ - Manuka Yeni Zelanda - En \u0130yi Ham Manuka Bal\u0131 | K\u00fcresel","url":"https:\/\/www.manukanewzealand.com\/es\/","logo":{"@type":"ImageObject","inLanguage":"tr","@id":"https:\/\/www.manukanewzealand.com\/es\/#\/schema\/logo\/image\/","url":"https:\/\/www.manukanewzealand.com\/wp-content\/uploads\/2022\/11\/mnz-logo-200x200-1-1.png","contentUrl":"https:\/\/www.manukanewzealand.com\/wp-content\/uploads\/2022\/11\/mnz-logo-200x200-1-1.png","width":200,"height":200,"caption":"MNZ - Manuka New Zealand - The Best Raw Manuka Honey | Global"},"image":{"@id":"https:\/\/www.manukanewzealand.com\/es\/#\/schema\/logo\/image\/"}}]},"product_price_amount":"17.50","product_price_currency":"EUR","og_availability":"instock","product_availability":"instock","product_retailer_item_id":"MNZ205","product_condition":"new"},"_links":{"self":[{"href":"https:\/\/www.manukanewzealand.com\/tr\/wp-json\/wp\/v2\/product\/34204","targetHints":{"allow":["GET"]}}],"collection":[{"href":"https:\/\/www.manukanewzealand.com\/tr\/wp-json\/wp\/v2\/product"}],"about":[{"href":"https:\/\/www.manukanewzealand.com\/tr\/wp-json\/wp\/v2\/types\/product"}],"replies":[{"embeddable":true,"href":"https:\/\/www.manukanewzealand.com\/tr\/wp-json\/wp\/v2\/comments?post=34204"}],"wp:featuredmedia":[{"embeddable":true,"href":"https:\/\/www.manukanewzealand.com\/tr\/wp-json\/wp\/v2\/media\/34205"}],"wp:attachment":[{"href":"https:\/\/www.manukanewzealand.com\/tr\/wp-json\/wp\/v2\/media?parent=34204"}],"wp:term":[{"taxonomy":"product_brand","embeddable":true,"href":"https:\/\/www.manukanewzealand.com\/tr\/wp-json\/wp\/v2\/product_brand?post=34204"},{"taxonomy":"product_cat","embeddable":true,"href":"https:\/\/www.manukanewzealand.com\/tr\/wp-json\/wp\/v2\/product_cat?post=34204"},{"taxonomy":"product_tag","embeddable":true,"href":"https:\/\/www.manukanewzealand.com\/tr\/wp-json\/wp\/v2\/product_tag?post=34204"}],"curies":[{"name":"wp","href":"https:\/\/api.w.org\/{rel}","templated":true}]}}