{"id":3356,"date":"2024-01-19T07:01:00","date_gmt":"2024-01-19T06:01:00","guid":{"rendered":"https:\/\/www.manukahoney.eu\/?post_type=product&#038;p=3356"},"modified":"2026-02-17T13:51:01","modified_gmt":"2026-02-17T12:51:01","slug":"snappaks","status":"publish","type":"product","link":"https:\/\/www.manukanewzealand.com\/tr\/product\/snappaks\/","title":{"rendered":"Manuka Bal\u0131 MGO 100+ Snappaks"},"content":{"rendered":"<h1>MNZ Manuka Bal\u0131 MGO 100+ Snappaks - Hareket Halinde Ham Monofloral Enerji<\/h1>\n<p><strong>MNZ MGO 100+ Snappaks<\/strong> premium i\u00e7erir <strong>ham monofloral Manuka bal\u0131<\/strong> garantili minimum <strong>100 mg\/kg Metilglioksal (MGO)<\/strong>. G\u00fcnl\u00fck kullan\u0131m, spor, seyahat veya h\u0131zl\u0131 ve do\u011fal bir enerji takviyesi istedi\u011finiz her an i\u00e7in m\u00fckemmel \u015fekilde porsiyonlanm\u0131\u015ft\u0131r.<\/p>\n<p><strong>\u0130\u00e7indekiler:<\/strong> 5 graml\u0131k 10 po\u015fet (toplam 50 g)<\/p>\n<h2>Neden MNZ MGO 100+ Snappaks'\u0131 se\u00e7melisiniz?<\/h2>\n<p>MNZ safl\u0131k, \u015feffafl\u0131k ve g\u00fcvenilir Yeni Zelanda men\u015fei anlam\u0131na gelir. Bu Manuka bal\u0131 yaln\u0131zca Manuka \u00e7i\u00e7e\u011finin nektar\u0131ndan elde edilir ve tan\u0131nm\u0131\u015f MGO standard\u0131na g\u00f6re dikkatlice s\u0131n\u0131fland\u0131r\u0131l\u0131r.<\/p>\n<p>MGO, Manuka bal\u0131n\u0131 ay\u0131rt edici k\u0131lan do\u011fal olarak olu\u015fan bile\u015fiktir. Garantili MGO 100+ ile bu Snappak'ler, uygun tek servislik formatta eri\u015filebilir ve g\u00fcvenilir bir kalite sunar.<\/p>\n<p>Bal 100% ham, filtrelenmemi\u015f ve past\u00f6rize edilmemi\u015f olup do\u011fal lezzetini ve karakterini korumaktad\u0131r. Kompakt po\u015fetlerin ta\u015f\u0131nmas\u0131 ve kullan\u0131m\u0131 kolayd\u0131r - sporcular, gezginler, yo\u011fun i\u015f g\u00fcnleri veya k\u00fc\u00e7\u00fck do\u011fal at\u0131\u015ft\u0131rmal\u0131klar i\u00e7in idealdir.<\/p>\n<p>Ar\u0131 kovanlar\u0131m\u0131z Yeni Zelanda'n\u0131n uzak, bozulmam\u0131\u015f b\u00f6lgelerinde yer almaktad\u0131r. Her parti, MGO seviyesini ve monofloral durumunu do\u011frulamak i\u00e7in ba\u011f\u0131ms\u0131z olarak laboratuvarda test edilir. MNZ ad\u0131 ve alt\u0131n MGO m\u00fchr\u00fc \u00f6zg\u00fcnl\u00fc\u011f\u00fc ve tutarl\u0131 kaliteyi temsil eder.<\/p>\n<ul>\n<li>10 uygun 5 g Snappaks<\/li>\n<li>Ham monofloral Manuka bal\u0131<\/li>\n<li>Garantili minimum MGO 100+<\/li>\n<li>100% saf, filtrelenmemi\u015f ve past\u00f6rize edilmemi\u015f<\/li>\n<li>Spor, seyahat veya g\u00fcnl\u00fck kullan\u0131m i\u00e7in ideal<\/li>\n<li>Yeni Zelanda'da hasat edilmi\u015f, paketlenmi\u015f ve etiketlenmi\u015ftir<\/li>\n<\/ul>\n<h3>\u0130\u00e7indekiler<\/h3>\n<p>Ham monofloral Manuka bal\u0131<\/p>\n<h3>Her 100 g i\u00e7in besin de\u011ferleri<\/h3>\n<ul>\n<li>Enerji: 1400 kJ \/ 335 kcal<\/li>\n<li>Ya\u011f: 0,0 g<\/li>\n<li>doymu\u015f: 0.0 g<\/li>\n<li>Karbonhidratlar: 82.1 g<\/li>\n<li>bunlar\u0131n \u015fekeri: 82,1 g<\/li>\n<li>Protein: 0,0 g<\/li>\n<li>Lif: 0,0 g<\/li>\n<li>Tuz: 0,03 g<\/li>\n<\/ul>","protected":false},"excerpt":{"rendered":"<h2>MNZ\u2019s monofloral Manuka Honey<\/h2>\n<p>Available in 10 x 5 gr.<\/p>\n<p>MNZ &#8211; Monofloral Manuka Honey Snappak<br \/>\nHandy size snappak with 5gr each. Manuka Honey MGO 100+<\/p>\n<p>Content: monofloral manuka honey<\/p>\n<p>Nutritional value per 100 gr .: 1400 kj \/ 335 Kcal, 0.0 protein, 0.0 gr. fat, 82.1 gr. carbohydrates; of which 82.1 gr. sugars, 0 gr. fiber and 0.03 gr. salt.<\/p>","protected":false},"featured_media":35198,"comment_status":"closed","ping_status":"closed","template":"","meta":[],"product_brand":[],"product_cat":[113],"product_tag":[],"class_list":{"0":"post-3356","1":"product","2":"type-product","3":"status-publish","4":"has-post-thumbnail","6":"product_cat-uncategorized","8":"first","9":"instock","10":"taxable","11":"shipping-taxable","12":"purchasable","13":"product-type-simple"},"yoast_head":"<!-- This site is optimized with the Yoast SEO plugin v27.3 - https:\/\/yoast.com\/product\/yoast-seo-wordpress\/ -->\n<title>MNZ Manuka Honey Snappaks MGO 100+ 10 x 5 g | Raw Monofloral Manuka Honey New Zealand<\/title>\n<meta name=\"description\" content=\"Raw monofloral Manuka honey Snappaks with guaranteed MGO 100+ (10 x 5 g). Unfiltered, unpasteurised and batch tested. Perfect for sport, travel and daily use.\" \/>\n<meta name=\"robots\" content=\"index, follow, max-snippet:-1, max-image-preview:large, max-video-preview:-1\" \/>\n<link rel=\"canonical\" href=\"https:\/\/www.manukanewzealand.com\/tr\/product\/snappaks\/\" \/>\n<meta property=\"og:locale\" content=\"tr_TR\" \/>\n<meta property=\"og:type\" content=\"article\" \/>\n<meta property=\"og:title\" content=\"MNZ Manuka Honey Snappaks MGO 100+ 10 x 5 g | Raw Monofloral Manuka Honey New Zealand\" \/>\n<meta property=\"og:description\" content=\"Raw monofloral Manuka honey Snappaks with guaranteed MGO 100+ (10 x 5 g). Unfiltered, unpasteurised and batch tested. Perfect for sport, travel and daily use.\" \/>\n<meta property=\"og:url\" content=\"https:\/\/www.manukanewzealand.com\/tr\/product\/snappaks\/\" \/>\n<meta property=\"og:site_name\" content=\"MNZ - Manuka New Zealand - The Best Raw Manuka Honey | Global\" \/>\n<meta property=\"article:modified_time\" content=\"2026-02-17T12:51:01+00:00\" \/>\n<meta property=\"og:image\" content=\"https:\/\/www.manukanewzealand.com\/wp-content\/uploads\/2024\/01\/MNZ-Manuka-Honey-Snappacks.jpg\" \/>\n\t<meta property=\"og:image:width\" content=\"500\" \/>\n\t<meta property=\"og:image:height\" content=\"500\" \/>\n\t<meta property=\"og:image:type\" content=\"image\/jpeg\" \/>\n<meta name=\"twitter:card\" content=\"summary_large_image\" \/>\n<meta name=\"twitter:label1\" content=\"Fiyat\" \/>\n\t<meta name=\"twitter:data1\" content=\"&euro;22,50 incl. VAT\" \/>\n\t<meta name=\"twitter:label2\" content=\"Availability\" \/>\n\t<meta name=\"twitter:data2\" content=\"In stock\" \/>\n<script type=\"application\/ld+json\" class=\"yoast-schema-graph\">{\"@context\":\"https:\\\/\\\/schema.org\",\"@graph\":[{\"@type\":\"WebPage\",\"@id\":\"https:\\\/\\\/www.manukanewzealand.com\\\/product\\\/snappaks\\\/\",\"url\":\"https:\\\/\\\/www.manukanewzealand.com\\\/product\\\/snappaks\\\/\",\"name\":\"MNZ Manuka Honey Snappaks MGO 100+ 10 x 5 g | Raw Monofloral Manuka Honey New Zealand\",\"isPartOf\":{\"@id\":\"https:\\\/\\\/www.manukanewzealand.com\\\/es\\\/#website\"},\"primaryImageOfPage\":{\"@id\":\"https:\\\/\\\/www.manukanewzealand.com\\\/product\\\/snappaks\\\/#primaryimage\"},\"image\":{\"@id\":\"https:\\\/\\\/www.manukanewzealand.com\\\/product\\\/snappaks\\\/#primaryimage\"},\"thumbnailUrl\":\"https:\\\/\\\/www.manukanewzealand.com\\\/wp-content\\\/uploads\\\/2024\\\/01\\\/MNZ-Manuka-Honey-Snappacks.jpg\",\"datePublished\":\"2024-01-19T06:01:00+00:00\",\"dateModified\":\"2026-02-17T12:51:01+00:00\",\"description\":\"Raw monofloral Manuka honey Snappaks with guaranteed MGO 100+ (10 x 5 g). Unfiltered, unpasteurised and batch tested. Perfect for sport, travel and daily use.\",\"breadcrumb\":{\"@id\":\"https:\\\/\\\/www.manukanewzealand.com\\\/product\\\/snappaks\\\/#breadcrumb\"},\"inLanguage\":\"tr\",\"potentialAction\":[{\"@type\":\"ReadAction\",\"target\":[\"https:\\\/\\\/www.manukanewzealand.com\\\/product\\\/snappaks\\\/\"]}]},{\"@type\":\"ImageObject\",\"inLanguage\":\"tr\",\"@id\":\"https:\\\/\\\/www.manukanewzealand.com\\\/product\\\/snappaks\\\/#primaryimage\",\"url\":\"https:\\\/\\\/www.manukanewzealand.com\\\/wp-content\\\/uploads\\\/2024\\\/01\\\/MNZ-Manuka-Honey-Snappacks.jpg\",\"contentUrl\":\"https:\\\/\\\/www.manukanewzealand.com\\\/wp-content\\\/uploads\\\/2024\\\/01\\\/MNZ-Manuka-Honey-Snappacks.jpg\",\"width\":500,\"height\":500},{\"@type\":\"BreadcrumbList\",\"@id\":\"https:\\\/\\\/www.manukanewzealand.com\\\/product\\\/snappaks\\\/#breadcrumb\",\"itemListElement\":[{\"@type\":\"ListItem\",\"position\":1,\"name\":\"Home\",\"item\":\"https:\\\/\\\/www.manukanewzealand.com\\\/\"},{\"@type\":\"ListItem\",\"position\":2,\"name\":\"MNZ Products\",\"item\":\"https:\\\/\\\/www.manukanewzealand.com\\\/mnz-products\\\/\"},{\"@type\":\"ListItem\",\"position\":3,\"name\":\"Manuka Honey MGO 100+ Snappaks\"}]},{\"@type\":\"WebSite\",\"@id\":\"https:\\\/\\\/www.manukanewzealand.com\\\/es\\\/#website\",\"url\":\"https:\\\/\\\/www.manukanewzealand.com\\\/es\\\/\",\"name\":\"MNZ - Manuka New Zealand - The Best Raw Manuka Honey | Global\",\"description\":\"\",\"publisher\":{\"@id\":\"https:\\\/\\\/www.manukanewzealand.com\\\/es\\\/#organization\"},\"potentialAction\":[{\"@type\":\"SearchAction\",\"target\":{\"@type\":\"EntryPoint\",\"urlTemplate\":\"https:\\\/\\\/www.manukanewzealand.com\\\/es\\\/?s={search_term_string}\"},\"query-input\":{\"@type\":\"PropertyValueSpecification\",\"valueRequired\":true,\"valueName\":\"search_term_string\"}}],\"inLanguage\":\"tr\"},{\"@type\":\"Organization\",\"@id\":\"https:\\\/\\\/www.manukanewzealand.com\\\/es\\\/#organization\",\"name\":\"MNZ - Manuka New Zealand - The Best Raw Manuka Honey | Global\",\"url\":\"https:\\\/\\\/www.manukanewzealand.com\\\/es\\\/\",\"logo\":{\"@type\":\"ImageObject\",\"inLanguage\":\"tr\",\"@id\":\"https:\\\/\\\/www.manukanewzealand.com\\\/es\\\/#\\\/schema\\\/logo\\\/image\\\/\",\"url\":\"https:\\\/\\\/www.manukanewzealand.com\\\/wp-content\\\/uploads\\\/2022\\\/11\\\/mnz-logo-200x200-1-1.png\",\"contentUrl\":\"https:\\\/\\\/www.manukanewzealand.com\\\/wp-content\\\/uploads\\\/2022\\\/11\\\/mnz-logo-200x200-1-1.png\",\"width\":200,\"height\":200,\"caption\":\"MNZ - Manuka New Zealand - The Best Raw Manuka Honey | Global\"},\"image\":{\"@id\":\"https:\\\/\\\/www.manukanewzealand.com\\\/es\\\/#\\\/schema\\\/logo\\\/image\\\/\"}}]}<\/script>\n<meta property=\"product:price:amount\" content=\"22.50\" \/>\n<meta property=\"product:price:currency\" content=\"EUR\" \/>\n<meta property=\"og:availability\" content=\"instock\" \/>\n<meta property=\"product:availability\" content=\"instock\" \/>\n<meta property=\"product:retailer_item_id\" content=\"MNZ001.SP.1.10\" \/>\n<meta property=\"product:condition\" content=\"new\" \/>\n<!-- \/ Yoast SEO plugin. -->","yoast_head_json":{"title":"MNZ Manuka Honey Snappaks MGO 100+ 10 x 5 g | Ham Monofloral Manuka Bal\u0131 Yeni Zelanda","description":"Garantili MGO 100+ (10 x 5 g) i\u00e7eren ham monofloral Manuka bal\u0131 Snappaks. Filtrelenmemi\u015f, past\u00f6rize edilmemi\u015f ve parti baz\u0131nda test edilmi\u015ftir. Spor, seyahat ve g\u00fcnl\u00fck kullan\u0131m i\u00e7in m\u00fckemmeldir.","robots":{"index":"index","follow":"follow","max-snippet":"max-snippet:-1","max-image-preview":"max-image-preview:large","max-video-preview":"max-video-preview:-1"},"canonical":"https:\/\/www.manukanewzealand.com\/tr\/product\/snappaks\/","og_locale":"tr_TR","og_type":"article","og_title":"MNZ Manuka Honey Snappaks MGO 100+ 10 x 5 g | Raw Monofloral Manuka Honey New Zealand","og_description":"Raw monofloral Manuka honey Snappaks with guaranteed MGO 100+ (10 x 5 g). Unfiltered, unpasteurised and batch tested. Perfect for sport, travel and daily use.","og_url":"https:\/\/www.manukanewzealand.com\/tr\/product\/snappaks\/","og_site_name":"MNZ - Manuka New Zealand - The Best Raw Manuka Honey | Global","article_modified_time":"2026-02-17T12:51:01+00:00","og_image":[{"width":500,"height":500,"url":"https:\/\/www.manukanewzealand.com\/wp-content\/uploads\/2024\/01\/MNZ-Manuka-Honey-Snappacks.jpg","type":"image\/jpeg"}],"twitter_card":"summary_large_image","twitter_misc":{"Fiyat":"&euro;22,50 incl. VAT","Availability":"In stock"},"schema":{"@context":"https:\/\/schema.org","@graph":[{"@type":"WebPage","@id":"https:\/\/www.manukanewzealand.com\/product\/snappaks\/","url":"https:\/\/www.manukanewzealand.com\/product\/snappaks\/","name":"MNZ Manuka Honey Snappaks MGO 100+ 10 x 5 g | Ham Monofloral Manuka Bal\u0131 Yeni Zelanda","isPartOf":{"@id":"https:\/\/www.manukanewzealand.com\/es\/#website"},"primaryImageOfPage":{"@id":"https:\/\/www.manukanewzealand.com\/product\/snappaks\/#primaryimage"},"image":{"@id":"https:\/\/www.manukanewzealand.com\/product\/snappaks\/#primaryimage"},"thumbnailUrl":"https:\/\/www.manukanewzealand.com\/wp-content\/uploads\/2024\/01\/MNZ-Manuka-Honey-Snappacks.jpg","datePublished":"2024-01-19T06:01:00+00:00","dateModified":"2026-02-17T12:51:01+00:00","description":"Garantili MGO 100+ (10 x 5 g) i\u00e7eren ham monofloral Manuka bal\u0131 Snappaks. Filtrelenmemi\u015f, past\u00f6rize edilmemi\u015f ve parti baz\u0131nda test edilmi\u015ftir. Spor, seyahat ve g\u00fcnl\u00fck kullan\u0131m i\u00e7in m\u00fckemmeldir.","breadcrumb":{"@id":"https:\/\/www.manukanewzealand.com\/product\/snappaks\/#breadcrumb"},"inLanguage":"tr","potentialAction":[{"@type":"ReadAction","target":["https:\/\/www.manukanewzealand.com\/product\/snappaks\/"]}]},{"@type":"ImageObject","inLanguage":"tr","@id":"https:\/\/www.manukanewzealand.com\/product\/snappaks\/#primaryimage","url":"https:\/\/www.manukanewzealand.com\/wp-content\/uploads\/2024\/01\/MNZ-Manuka-Honey-Snappacks.jpg","contentUrl":"https:\/\/www.manukanewzealand.com\/wp-content\/uploads\/2024\/01\/MNZ-Manuka-Honey-Snappacks.jpg","width":500,"height":500},{"@type":"BreadcrumbList","@id":"https:\/\/www.manukanewzealand.com\/product\/snappaks\/#breadcrumb","itemListElement":[{"@type":"ListItem","position":1,"name":"Home","item":"https:\/\/www.manukanewzealand.com\/"},{"@type":"ListItem","position":2,"name":"MNZ Products","item":"https:\/\/www.manukanewzealand.com\/mnz-products\/"},{"@type":"ListItem","position":3,"name":"Manuka Honey MGO 100+ Snappaks"}]},{"@type":"WebSite","@id":"https:\/\/www.manukanewzealand.com\/es\/#website","url":"https:\/\/www.manukanewzealand.com\/es\/","name":"MNZ - Manuka Yeni Zelanda - En \u0130yi Ham Manuka Bal\u0131 | K\u00fcresel","description":"","publisher":{"@id":"https:\/\/www.manukanewzealand.com\/es\/#organization"},"potentialAction":[{"@type":"SearchAction","target":{"@type":"EntryPoint","urlTemplate":"https:\/\/www.manukanewzealand.com\/es\/?s={search_term_string}"},"query-input":{"@type":"PropertyValueSpecification","valueRequired":true,"valueName":"search_term_string"}}],"inLanguage":"tr"},{"@type":"Organization","@id":"https:\/\/www.manukanewzealand.com\/es\/#organization","name":"MNZ - Manuka Yeni Zelanda - En \u0130yi Ham Manuka Bal\u0131 | K\u00fcresel","url":"https:\/\/www.manukanewzealand.com\/es\/","logo":{"@type":"ImageObject","inLanguage":"tr","@id":"https:\/\/www.manukanewzealand.com\/es\/#\/schema\/logo\/image\/","url":"https:\/\/www.manukanewzealand.com\/wp-content\/uploads\/2022\/11\/mnz-logo-200x200-1-1.png","contentUrl":"https:\/\/www.manukanewzealand.com\/wp-content\/uploads\/2022\/11\/mnz-logo-200x200-1-1.png","width":200,"height":200,"caption":"MNZ - Manuka New Zealand - The Best Raw Manuka Honey | Global"},"image":{"@id":"https:\/\/www.manukanewzealand.com\/es\/#\/schema\/logo\/image\/"}}]},"product_price_amount":"22.50","product_price_currency":"EUR","og_availability":"instock","product_availability":"instock","product_retailer_item_id":"MNZ001.SP.1.10","product_condition":"new"},"_links":{"self":[{"href":"https:\/\/www.manukanewzealand.com\/tr\/wp-json\/wp\/v2\/product\/3356","targetHints":{"allow":["GET"]}}],"collection":[{"href":"https:\/\/www.manukanewzealand.com\/tr\/wp-json\/wp\/v2\/product"}],"about":[{"href":"https:\/\/www.manukanewzealand.com\/tr\/wp-json\/wp\/v2\/types\/product"}],"replies":[{"embeddable":true,"href":"https:\/\/www.manukanewzealand.com\/tr\/wp-json\/wp\/v2\/comments?post=3356"}],"wp:featuredmedia":[{"embeddable":true,"href":"https:\/\/www.manukanewzealand.com\/tr\/wp-json\/wp\/v2\/media\/35198"}],"wp:attachment":[{"href":"https:\/\/www.manukanewzealand.com\/tr\/wp-json\/wp\/v2\/media?parent=3356"}],"wp:term":[{"taxonomy":"product_brand","embeddable":true,"href":"https:\/\/www.manukanewzealand.com\/tr\/wp-json\/wp\/v2\/product_brand?post=3356"},{"taxonomy":"product_cat","embeddable":true,"href":"https:\/\/www.manukanewzealand.com\/tr\/wp-json\/wp\/v2\/product_cat?post=3356"},{"taxonomy":"product_tag","embeddable":true,"href":"https:\/\/www.manukanewzealand.com\/tr\/wp-json\/wp\/v2\/product_tag?post=3356"}],"curies":[{"name":"wp","href":"https:\/\/api.w.org\/{rel}","templated":true}]}}