{"id":33316,"date":"2024-01-11T10:14:27","date_gmt":"2024-01-11T09:14:27","guid":{"rendered":"https:\/\/www.manukahoning.nl\/?post_type=product&#038;p=32284"},"modified":"2026-02-17T14:09:46","modified_gmt":"2026-02-17T13:09:46","slug":"propolis-30ml","status":"publish","type":"product","link":"https:\/\/www.manukanewzealand.com\/tr\/product\/propolis-30ml\/","title":{"rendered":"Propolis s\u0131v\u0131s\u0131 (alkols\u00fcz) 30ml."},"content":{"rendered":"<h1>MNZ Alkols\u00fcz Propolis 30 ml - Yeni Zelanda'dan S\u0131v\u0131 Propolis<\/h1>\n<p><strong>MNZ Alkols\u00fcz Propolis<\/strong> birinci s\u0131n\u0131f bir <strong>s\u0131v\u0131 propolis \u00f6z\u00fc<\/strong> Yeni Zelanda'dan temin edilmi\u015f ve alkols\u00fcz olarak \u00f6zenle haz\u0131rlanm\u0131\u015ft\u0131r. Nazik, alkols\u00fcz bir baz ile saf bir form\u00fclasyonu tercih edenler i\u00e7in geli\u015ftirilmi\u015ftir.<\/p>\n<p><strong>\u0130\u00e7indekiler:<\/strong> 30 ml<\/p>\n<h2>Neden MNZ Alkols\u00fcz Propolis'i se\u00e7melisiniz?<\/h2>\n<p>MNZ safl\u0131k, \u015feffafl\u0131k ve g\u00fcvenilir men\u015fe anlam\u0131na gelir. Propolis, ar\u0131lar taraf\u0131ndan kendi enzimleriyle birle\u015ftirilmi\u015f bitki re\u00e7inelerinden do\u011fal olarak \u00fcretilir ve ar\u0131 kovan\u0131 i\u00e7inde \u00f6nemli bir rol oynar.<\/p>\n<p>Yeni Zelanda'n\u0131n e\u015fsiz floras\u0131 kendine \u00f6zg\u00fc bir propolis profiline katk\u0131da bulunur. MNZ Propolis do\u011fal olarak, Yeni Zelanda propolisinin karakteristik bir bile\u015feni olan CAPE (Kafeik Asit Fenetil Ester) dahil olmak \u00fczere \u00e7ok \u00e7e\u015fitli biyoflavonoidler ve fenolik bile\u015fikler i\u00e7erir.<\/p>\n<p>Bu alkols\u00fcz varyant bitkisel gliserin bazl\u0131d\u0131r, bu da ona hafif bir tat verir ve kullan\u0131m\u0131n\u0131 kolayla\u015ft\u0131r\u0131r. S\u0131v\u0131 format\u0131 basit ve hassas dozajlama sa\u011flar.<\/p>\n<ul>\n<li>100% Yeni Zelanda propolisi<\/li>\n<li>Alkol i\u00e7ermeyen form\u00fcl<\/li>\n<li>Do\u011fal olarak olu\u015fan flavonoidler ve fenolik bile\u015fikler a\u00e7\u0131s\u0131ndan zengin<\/li>\n<li>Do\u011fal olarak CAPE i\u00e7erir<\/li>\n<li>Kolay dozajlama i\u00e7in s\u0131v\u0131 form<\/li>\n<\/ul>\n<h3>Kompozisyon<\/h3>\n<p>Bitkisel gliserin (80%), Propolis (20%)<\/p>\n<h3>Kullan\u0131m<\/h3>\n<p>Kullanmadan \u00f6nce iyice \u00e7alkalay\u0131n. Ambalaj \u00fczerindeki talimatlara g\u00f6re kullan\u0131n. G\u00fcnl\u00fck kullan\u0131m i\u00e7in uygundur. K\u00fc\u00e7\u00fck \u00e7ocuklar\u0131n ula\u015famayaca\u011f\u0131 yerlerde saklay\u0131n\u0131z.<\/p>","protected":false},"excerpt":{"rendered":"<p>MNZ Alcohol-Free Propolis 30 ml \u2013 Liquid Propolis from New Zealand MNZ Alcohol-Free Propolis is a premium liquid propolis extract sourced from New Zealand and carefully prepared without alcohol. It is developed for those who prefer a pure formulation with a gentle, alcohol-free base. Contents: 30 ml Why choose MNZ Alcohol-Free Propolis? MNZ stands for [&#8230;]\n","protected":false},"featured_media":33817,"comment_status":"closed","ping_status":"closed","template":"","meta":[],"product_brand":[],"product_cat":[113],"product_tag":[],"class_list":{"0":"post-33316","1":"product","2":"type-product","3":"status-publish","4":"has-post-thumbnail","6":"product_cat-uncategorized","8":"first","9":"instock","10":"taxable","11":"shipping-taxable","12":"purchasable","13":"product-type-simple"},"yoast_head":"<!-- This site is optimized with the Yoast SEO plugin v27.3 - https:\/\/yoast.com\/product\/yoast-seo-wordpress\/ -->\n<title>MNZ Alcohol-Free Propolis 30 ml | Liquid Propolis from New Zealand<\/title>\n<meta name=\"description\" content=\"Alcohol-free liquid propolis from New Zealand with vegetable glycerine. Naturally rich in flavonoids and CAPE. Mild in taste and easy to dose. 30 ml by MNZ.\" \/>\n<meta name=\"robots\" content=\"index, follow, max-snippet:-1, max-image-preview:large, max-video-preview:-1\" \/>\n<link rel=\"canonical\" href=\"https:\/\/www.manukanewzealand.com\/tr\/product\/propolis-30ml\/\" \/>\n<meta property=\"og:locale\" content=\"tr_TR\" \/>\n<meta property=\"og:type\" content=\"article\" \/>\n<meta property=\"og:title\" content=\"MNZ Alcohol-Free Propolis 30 ml | Liquid Propolis from New Zealand\" \/>\n<meta property=\"og:description\" content=\"Alcohol-free liquid propolis from New Zealand with vegetable glycerine. Naturally rich in flavonoids and CAPE. Mild in taste and easy to dose. 30 ml by MNZ.\" \/>\n<meta property=\"og:url\" content=\"https:\/\/www.manukanewzealand.com\/tr\/product\/propolis-30ml\/\" \/>\n<meta property=\"og:site_name\" content=\"MNZ - Manuka New Zealand - The Best Raw Manuka Honey | Global\" \/>\n<meta property=\"article:modified_time\" content=\"2026-02-17T13:09:46+00:00\" \/>\n<meta property=\"og:image\" content=\"https:\/\/www.manukanewzealand.com\/wp-content\/uploads\/2022\/07\/propolis-liquid-mnz-1-1.webp\" \/>\n\t<meta property=\"og:image:width\" content=\"500\" \/>\n\t<meta property=\"og:image:height\" content=\"500\" \/>\n\t<meta property=\"og:image:type\" content=\"image\/webp\" \/>\n<meta name=\"twitter:card\" content=\"summary_large_image\" \/>\n<meta name=\"twitter:label1\" content=\"Fiyat\" \/>\n\t<meta name=\"twitter:data1\" content=\"&euro;25,50 incl. VAT\" \/>\n\t<meta name=\"twitter:label2\" content=\"Availability\" \/>\n\t<meta name=\"twitter:data2\" content=\"In stock\" \/>\n<script type=\"application\/ld+json\" class=\"yoast-schema-graph\">{\"@context\":\"https:\\\/\\\/schema.org\",\"@graph\":[{\"@type\":\"WebPage\",\"@id\":\"https:\\\/\\\/www.manukanewzealand.com\\\/product\\\/propolis-30ml\\\/\",\"url\":\"https:\\\/\\\/www.manukanewzealand.com\\\/product\\\/propolis-30ml\\\/\",\"name\":\"MNZ Alcohol-Free Propolis 30 ml | Liquid Propolis from New Zealand\",\"isPartOf\":{\"@id\":\"https:\\\/\\\/www.manukanewzealand.com\\\/es\\\/#website\"},\"primaryImageOfPage\":{\"@id\":\"https:\\\/\\\/www.manukanewzealand.com\\\/product\\\/propolis-30ml\\\/#primaryimage\"},\"image\":{\"@id\":\"https:\\\/\\\/www.manukanewzealand.com\\\/product\\\/propolis-30ml\\\/#primaryimage\"},\"thumbnailUrl\":\"https:\\\/\\\/www.manukanewzealand.com\\\/wp-content\\\/uploads\\\/2022\\\/07\\\/propolis-liquid-mnz-1-1.webp\",\"datePublished\":\"2024-01-11T09:14:27+00:00\",\"dateModified\":\"2026-02-17T13:09:46+00:00\",\"description\":\"Alcohol-free liquid propolis from New Zealand with vegetable glycerine. Naturally rich in flavonoids and CAPE. Mild in taste and easy to dose. 30 ml by MNZ.\",\"breadcrumb\":{\"@id\":\"https:\\\/\\\/www.manukanewzealand.com\\\/product\\\/propolis-30ml\\\/#breadcrumb\"},\"inLanguage\":\"tr\",\"potentialAction\":[{\"@type\":\"ReadAction\",\"target\":[\"https:\\\/\\\/www.manukanewzealand.com\\\/product\\\/propolis-30ml\\\/\"]}]},{\"@type\":\"ImageObject\",\"inLanguage\":\"tr\",\"@id\":\"https:\\\/\\\/www.manukanewzealand.com\\\/product\\\/propolis-30ml\\\/#primaryimage\",\"url\":\"https:\\\/\\\/www.manukanewzealand.com\\\/wp-content\\\/uploads\\\/2022\\\/07\\\/propolis-liquid-mnz-1-1.webp\",\"contentUrl\":\"https:\\\/\\\/www.manukanewzealand.com\\\/wp-content\\\/uploads\\\/2022\\\/07\\\/propolis-liquid-mnz-1-1.webp\",\"width\":500,\"height\":500},{\"@type\":\"BreadcrumbList\",\"@id\":\"https:\\\/\\\/www.manukanewzealand.com\\\/product\\\/propolis-30ml\\\/#breadcrumb\",\"itemListElement\":[{\"@type\":\"ListItem\",\"position\":1,\"name\":\"Home\",\"item\":\"https:\\\/\\\/www.manukanewzealand.com\\\/\"},{\"@type\":\"ListItem\",\"position\":2,\"name\":\"MNZ Products\",\"item\":\"https:\\\/\\\/www.manukanewzealand.com\\\/mnz-products\\\/\"},{\"@type\":\"ListItem\",\"position\":3,\"name\":\"Propolis liquid (alcohol free) 30ml.\"}]},{\"@type\":\"WebSite\",\"@id\":\"https:\\\/\\\/www.manukanewzealand.com\\\/es\\\/#website\",\"url\":\"https:\\\/\\\/www.manukanewzealand.com\\\/es\\\/\",\"name\":\"MNZ - Manuka New Zealand - The Best Raw Manuka Honey | Global\",\"description\":\"\",\"publisher\":{\"@id\":\"https:\\\/\\\/www.manukanewzealand.com\\\/es\\\/#organization\"},\"potentialAction\":[{\"@type\":\"SearchAction\",\"target\":{\"@type\":\"EntryPoint\",\"urlTemplate\":\"https:\\\/\\\/www.manukanewzealand.com\\\/es\\\/?s={search_term_string}\"},\"query-input\":{\"@type\":\"PropertyValueSpecification\",\"valueRequired\":true,\"valueName\":\"search_term_string\"}}],\"inLanguage\":\"tr\"},{\"@type\":\"Organization\",\"@id\":\"https:\\\/\\\/www.manukanewzealand.com\\\/es\\\/#organization\",\"name\":\"MNZ - Manuka New Zealand - The Best Raw Manuka Honey | Global\",\"url\":\"https:\\\/\\\/www.manukanewzealand.com\\\/es\\\/\",\"logo\":{\"@type\":\"ImageObject\",\"inLanguage\":\"tr\",\"@id\":\"https:\\\/\\\/www.manukanewzealand.com\\\/es\\\/#\\\/schema\\\/logo\\\/image\\\/\",\"url\":\"https:\\\/\\\/www.manukanewzealand.com\\\/wp-content\\\/uploads\\\/2022\\\/11\\\/mnz-logo-200x200-1-1.png\",\"contentUrl\":\"https:\\\/\\\/www.manukanewzealand.com\\\/wp-content\\\/uploads\\\/2022\\\/11\\\/mnz-logo-200x200-1-1.png\",\"width\":200,\"height\":200,\"caption\":\"MNZ - Manuka New Zealand - The Best Raw Manuka Honey | Global\"},\"image\":{\"@id\":\"https:\\\/\\\/www.manukanewzealand.com\\\/es\\\/#\\\/schema\\\/logo\\\/image\\\/\"}}]}<\/script>\n<meta property=\"product:price:amount\" content=\"25.50\" \/>\n<meta property=\"product:price:currency\" content=\"EUR\" \/>\n<meta property=\"og:availability\" content=\"instock\" \/>\n<meta property=\"product:availability\" content=\"instock\" \/>\n<meta property=\"product:retailer_item_id\" content=\"MNZ040\" \/>\n<meta property=\"product:condition\" content=\"new\" \/>\n<!-- \/ Yoast SEO plugin. -->","yoast_head_json":{"title":"MNZ Alkols\u00fcz Propolis 30 ml | Yeni Zelanda'dan S\u0131v\u0131 Propolis","description":"Yeni Zelanda'dan bitkisel gliserinli alkols\u00fcz s\u0131v\u0131 propolis. Flavonoidler ve CAPE a\u00e7\u0131s\u0131ndan do\u011fal olarak zengindir. Tad\u0131 hafiftir ve dozaj\u0131 kolayd\u0131r. MNZ taraf\u0131ndan 30 ml.","robots":{"index":"index","follow":"follow","max-snippet":"max-snippet:-1","max-image-preview":"max-image-preview:large","max-video-preview":"max-video-preview:-1"},"canonical":"https:\/\/www.manukanewzealand.com\/tr\/product\/propolis-30ml\/","og_locale":"tr_TR","og_type":"article","og_title":"MNZ Alcohol-Free Propolis 30 ml | Liquid Propolis from New Zealand","og_description":"Alcohol-free liquid propolis from New Zealand with vegetable glycerine. Naturally rich in flavonoids and CAPE. Mild in taste and easy to dose. 30 ml by MNZ.","og_url":"https:\/\/www.manukanewzealand.com\/tr\/product\/propolis-30ml\/","og_site_name":"MNZ - Manuka New Zealand - The Best Raw Manuka Honey | Global","article_modified_time":"2026-02-17T13:09:46+00:00","og_image":[{"width":500,"height":500,"url":"https:\/\/www.manukanewzealand.com\/wp-content\/uploads\/2022\/07\/propolis-liquid-mnz-1-1.webp","type":"image\/webp"}],"twitter_card":"summary_large_image","twitter_misc":{"Fiyat":"&euro;25,50 incl. VAT","Availability":"In stock"},"schema":{"@context":"https:\/\/schema.org","@graph":[{"@type":"WebPage","@id":"https:\/\/www.manukanewzealand.com\/product\/propolis-30ml\/","url":"https:\/\/www.manukanewzealand.com\/product\/propolis-30ml\/","name":"MNZ Alkols\u00fcz Propolis 30 ml | Yeni Zelanda'dan S\u0131v\u0131 Propolis","isPartOf":{"@id":"https:\/\/www.manukanewzealand.com\/es\/#website"},"primaryImageOfPage":{"@id":"https:\/\/www.manukanewzealand.com\/product\/propolis-30ml\/#primaryimage"},"image":{"@id":"https:\/\/www.manukanewzealand.com\/product\/propolis-30ml\/#primaryimage"},"thumbnailUrl":"https:\/\/www.manukanewzealand.com\/wp-content\/uploads\/2022\/07\/propolis-liquid-mnz-1-1.webp","datePublished":"2024-01-11T09:14:27+00:00","dateModified":"2026-02-17T13:09:46+00:00","description":"Yeni Zelanda'dan bitkisel gliserinli alkols\u00fcz s\u0131v\u0131 propolis. Flavonoidler ve CAPE a\u00e7\u0131s\u0131ndan do\u011fal olarak zengindir. Tad\u0131 hafiftir ve dozaj\u0131 kolayd\u0131r. MNZ taraf\u0131ndan 30 ml.","breadcrumb":{"@id":"https:\/\/www.manukanewzealand.com\/product\/propolis-30ml\/#breadcrumb"},"inLanguage":"tr","potentialAction":[{"@type":"ReadAction","target":["https:\/\/www.manukanewzealand.com\/product\/propolis-30ml\/"]}]},{"@type":"ImageObject","inLanguage":"tr","@id":"https:\/\/www.manukanewzealand.com\/product\/propolis-30ml\/#primaryimage","url":"https:\/\/www.manukanewzealand.com\/wp-content\/uploads\/2022\/07\/propolis-liquid-mnz-1-1.webp","contentUrl":"https:\/\/www.manukanewzealand.com\/wp-content\/uploads\/2022\/07\/propolis-liquid-mnz-1-1.webp","width":500,"height":500},{"@type":"BreadcrumbList","@id":"https:\/\/www.manukanewzealand.com\/product\/propolis-30ml\/#breadcrumb","itemListElement":[{"@type":"ListItem","position":1,"name":"Home","item":"https:\/\/www.manukanewzealand.com\/"},{"@type":"ListItem","position":2,"name":"MNZ Products","item":"https:\/\/www.manukanewzealand.com\/mnz-products\/"},{"@type":"ListItem","position":3,"name":"Propolis liquid (alcohol free) 30ml."}]},{"@type":"WebSite","@id":"https:\/\/www.manukanewzealand.com\/es\/#website","url":"https:\/\/www.manukanewzealand.com\/es\/","name":"MNZ - Manuka Yeni Zelanda - En \u0130yi Ham Manuka Bal\u0131 | K\u00fcresel","description":"","publisher":{"@id":"https:\/\/www.manukanewzealand.com\/es\/#organization"},"potentialAction":[{"@type":"SearchAction","target":{"@type":"EntryPoint","urlTemplate":"https:\/\/www.manukanewzealand.com\/es\/?s={search_term_string}"},"query-input":{"@type":"PropertyValueSpecification","valueRequired":true,"valueName":"search_term_string"}}],"inLanguage":"tr"},{"@type":"Organization","@id":"https:\/\/www.manukanewzealand.com\/es\/#organization","name":"MNZ - Manuka Yeni Zelanda - En \u0130yi Ham Manuka Bal\u0131 | K\u00fcresel","url":"https:\/\/www.manukanewzealand.com\/es\/","logo":{"@type":"ImageObject","inLanguage":"tr","@id":"https:\/\/www.manukanewzealand.com\/es\/#\/schema\/logo\/image\/","url":"https:\/\/www.manukanewzealand.com\/wp-content\/uploads\/2022\/11\/mnz-logo-200x200-1-1.png","contentUrl":"https:\/\/www.manukanewzealand.com\/wp-content\/uploads\/2022\/11\/mnz-logo-200x200-1-1.png","width":200,"height":200,"caption":"MNZ - Manuka New Zealand - The Best Raw Manuka Honey | Global"},"image":{"@id":"https:\/\/www.manukanewzealand.com\/es\/#\/schema\/logo\/image\/"}}]},"product_price_amount":"25.50","product_price_currency":"EUR","og_availability":"instock","product_availability":"instock","product_retailer_item_id":"MNZ040","product_condition":"new"},"_links":{"self":[{"href":"https:\/\/www.manukanewzealand.com\/tr\/wp-json\/wp\/v2\/product\/33316","targetHints":{"allow":["GET"]}}],"collection":[{"href":"https:\/\/www.manukanewzealand.com\/tr\/wp-json\/wp\/v2\/product"}],"about":[{"href":"https:\/\/www.manukanewzealand.com\/tr\/wp-json\/wp\/v2\/types\/product"}],"replies":[{"embeddable":true,"href":"https:\/\/www.manukanewzealand.com\/tr\/wp-json\/wp\/v2\/comments?post=33316"}],"wp:featuredmedia":[{"embeddable":true,"href":"https:\/\/www.manukanewzealand.com\/tr\/wp-json\/wp\/v2\/media\/33817"}],"wp:attachment":[{"href":"https:\/\/www.manukanewzealand.com\/tr\/wp-json\/wp\/v2\/media?parent=33316"}],"wp:term":[{"taxonomy":"product_brand","embeddable":true,"href":"https:\/\/www.manukanewzealand.com\/tr\/wp-json\/wp\/v2\/product_brand?post=33316"},{"taxonomy":"product_cat","embeddable":true,"href":"https:\/\/www.manukanewzealand.com\/tr\/wp-json\/wp\/v2\/product_cat?post=33316"},{"taxonomy":"product_tag","embeddable":true,"href":"https:\/\/www.manukanewzealand.com\/tr\/wp-json\/wp\/v2\/product_tag?post=33316"}],"curies":[{"name":"wp","href":"https:\/\/api.w.org\/{rel}","templated":true}]}}