{"id":33314,"date":"2024-01-15T09:01:18","date_gmt":"2024-01-15T08:01:18","guid":{"rendered":"https:\/\/www.manukahoney.eu\/?post_type=product&#038;p=3359"},"modified":"2026-02-17T14:00:18","modified_gmt":"2026-02-17T13:00:18","slug":"kanuka-honey-250gr","status":"publish","type":"product","link":"https:\/\/www.manukanewzealand.com\/tr\/product\/kanuka-honey-250gr\/","title":{"rendered":"Kanuka Bal\u0131 250gr."},"content":{"rendered":"<h1>MNZ Kanuka Bal\u0131 - Yeni Zelanda'dan Ham Monofloral Bal<\/h1>\n<p><strong>MNZ Kanuka Bal\u0131<\/strong> birinci s\u0131n\u0131f bir <strong>ham monofloral bal<\/strong> Kanuka \u00e7i\u00e7e\u011finden elde edilir (<em>Kunzea ericoides<\/em>) Yeni Zelanda'da \u00fcretilmi\u015ftir. Hafif, p\u00fcr\u00fczs\u00fcz tad\u0131 ve ince dokusuyla bilinen bu bal, Manuka bal\u0131na g\u00f6re daha yumu\u015fak ve hassas bir alternatif sunar.<\/p>\n<p><strong>Mevcut:<\/strong> 250 gram<\/p>\n<h2>Neden MNZ Kanuka Bal\u0131n\u0131 se\u00e7melisiniz?<\/h2>\n<p>MNZ safl\u0131k, \u015feffafl\u0131k ve g\u00fcvenilir Yeni Zelanda men\u015fei anlam\u0131na gelir. Kanuka bal\u0131m\u0131z yaln\u0131zca Kanuka \u00e7i\u00e7e\u011finin nektar\u0131ndan hasat edilir ve monofloral oldu\u011fu dikkatle do\u011frulan\u0131r.<\/p>\n<p>Manuka bal\u0131ndan do\u011fal olarak daha yumu\u015fak ve p\u00fcr\u00fczs\u00fcz bir tada sahip olan Kanuka, yumu\u015fak karakteri ve dengeli tatl\u0131l\u0131\u011f\u0131yla takdir edilmektedir. T\u00fcm MNZ serisini tan\u0131mlayan ayn\u0131 \u00f6zen ve s\u0131k\u0131 kalite standartlar\u0131 ile \u00fcretilmi\u015ftir.<\/p>\n<p>Ar\u0131 kovanlar\u0131m\u0131z Yeni Zelanda'n\u0131n uzak, bozulmam\u0131\u015f b\u00f6lgelerinde, yo\u011fun tar\u0131m ve \u00e7evre kirlili\u011finden uzakta yer almaktad\u0131r. Bal\u0131m\u0131z 100% ham, filtrelenmemi\u015f ve past\u00f6rize edilmemi\u015f olup do\u011fal lezzetini ve karakterini korumaktad\u0131r.<\/p>\n<p>MNZ ad\u0131 \u00f6zg\u00fcnl\u00fc\u011f\u00fc, tam izlenebilirli\u011fi ve kovandan kavanoza kadar tutarl\u0131 kaliteyi temsil eder.<\/p>\n<ul>\n<li>100% ham, \u0131s\u0131t\u0131lmam\u0131\u015f ve past\u00f6rize edilmemi\u015f<\/li>\n<li>Sertifikal\u0131 monofloral Kanuka bal\u0131<\/li>\n<li>Hafif, p\u00fcr\u00fczs\u00fcz ve do\u011fal dengeli lezzet<\/li>\n<li>Ba\u011f\u0131ms\u0131z olarak test edilmi\u015f ve do\u011frulanm\u0131\u015ft\u0131r<\/li>\n<li>Yeni Zelanda'da hasat edilmi\u015f, paketlenmi\u015f ve etiketlenmi\u015ftir<\/li>\n<\/ul>\n<h3>\u0130\u00e7indekiler<\/h3>\n<p>Ham monofloral Kanuka bal\u0131<\/p>\n<h3>Her 100 g i\u00e7in besin de\u011ferleri<\/h3>\n<ul>\n<li>Enerji: 1400 kJ \/ 335 kcal<\/li>\n<li>Ya\u011f: 0,0 g<\/li>\n<li>doymu\u015f: 0.0 g<\/li>\n<li>Karbonhidratlar: 82.1 g<\/li>\n<li>bunlar\u0131n \u015fekeri: 82,1 g<\/li>\n<li>Protein: 0,0 g<\/li>\n<li>Lif: 0,0 g<\/li>\n<li>Tuz: 0,03 g<\/li>\n<\/ul>","protected":false},"excerpt":{"rendered":"<p>MNZ Kanuka Honey \u2013 Raw Monofloral Honey from New Zealand MNZ Kanuka Honey is a premium raw monofloral honey sourced from the Kanuka flower (Kunzea ericoides) in New Zealand. Known for its mild, smooth flavour and fine texture, it offers a softer and more delicate alternative to Manuka honey. Available in: 250 grams Why choose [&#8230;]\n","protected":false},"featured_media":34501,"comment_status":"closed","ping_status":"closed","template":"","meta":[],"product_brand":[],"product_cat":[113],"product_tag":[],"class_list":{"0":"post-33314","1":"product","2":"type-product","3":"status-publish","4":"has-post-thumbnail","6":"product_cat-uncategorized","8":"first","9":"instock","10":"taxable","11":"shipping-taxable","12":"purchasable","13":"product-type-simple"},"yoast_head":"<!-- This site is optimized with the Yoast SEO plugin v27.3 - https:\/\/yoast.com\/product\/yoast-seo-wordpress\/ -->\n<title>MNZ Kanuka Honey 250 g | Raw Monofloral Kanuka Honey from New Zealand<\/title>\n<meta name=\"description\" content=\"Premium raw monofloral Kanuka honey from New Zealand. Mild, smooth in taste, unfiltered and unpasteurised. Independently tested and fully traceable by MNZ.\" \/>\n<meta name=\"robots\" content=\"index, follow, max-snippet:-1, max-image-preview:large, max-video-preview:-1\" \/>\n<link rel=\"canonical\" href=\"https:\/\/www.manukanewzealand.com\/tr\/product\/kanuka-honey-250gr\/\" \/>\n<meta property=\"og:locale\" content=\"tr_TR\" \/>\n<meta property=\"og:type\" content=\"article\" \/>\n<meta property=\"og:title\" content=\"MNZ Kanuka Honey 250 g | Raw Monofloral Kanuka Honey from New Zealand\" \/>\n<meta property=\"og:description\" content=\"Premium raw monofloral Kanuka honey from New Zealand. Mild, smooth in taste, unfiltered and unpasteurised. Independently tested and fully traceable by MNZ.\" \/>\n<meta property=\"og:url\" content=\"https:\/\/www.manukanewzealand.com\/tr\/product\/kanuka-honey-250gr\/\" \/>\n<meta property=\"og:site_name\" content=\"MNZ - Manuka New Zealand - The Best Raw Manuka Honey | Global\" \/>\n<meta property=\"article:modified_time\" content=\"2026-02-17T13:00:18+00:00\" \/>\n<meta property=\"og:image\" content=\"https:\/\/www.manukanewzealand.com\/wp-content\/uploads\/2021\/03\/kanuka-honing.webp\" \/>\n\t<meta property=\"og:image:width\" content=\"500\" \/>\n\t<meta property=\"og:image:height\" content=\"500\" \/>\n\t<meta property=\"og:image:type\" content=\"image\/webp\" \/>\n<meta name=\"twitter:card\" content=\"summary_large_image\" \/>\n<meta name=\"twitter:label1\" content=\"Fiyat\" \/>\n\t<meta name=\"twitter:data1\" content=\"&euro;32,50 incl. VAT\" \/>\n\t<meta name=\"twitter:label2\" content=\"Availability\" \/>\n\t<meta name=\"twitter:data2\" content=\"In stock\" \/>\n<script type=\"application\/ld+json\" class=\"yoast-schema-graph\">{\"@context\":\"https:\\\/\\\/schema.org\",\"@graph\":[{\"@type\":\"WebPage\",\"@id\":\"https:\\\/\\\/www.manukanewzealand.com\\\/product\\\/kanuka-honey-250gr\\\/\",\"url\":\"https:\\\/\\\/www.manukanewzealand.com\\\/product\\\/kanuka-honey-250gr\\\/\",\"name\":\"MNZ Kanuka Honey 250 g | Raw Monofloral Kanuka Honey from New Zealand\",\"isPartOf\":{\"@id\":\"https:\\\/\\\/www.manukanewzealand.com\\\/es\\\/#website\"},\"primaryImageOfPage\":{\"@id\":\"https:\\\/\\\/www.manukanewzealand.com\\\/product\\\/kanuka-honey-250gr\\\/#primaryimage\"},\"image\":{\"@id\":\"https:\\\/\\\/www.manukanewzealand.com\\\/product\\\/kanuka-honey-250gr\\\/#primaryimage\"},\"thumbnailUrl\":\"https:\\\/\\\/www.manukanewzealand.com\\\/wp-content\\\/uploads\\\/2021\\\/03\\\/kanuka-honing.webp\",\"datePublished\":\"2024-01-15T08:01:18+00:00\",\"dateModified\":\"2026-02-17T13:00:18+00:00\",\"description\":\"Premium raw monofloral Kanuka honey from New Zealand. Mild, smooth in taste, unfiltered and unpasteurised. Independently tested and fully traceable by MNZ.\",\"breadcrumb\":{\"@id\":\"https:\\\/\\\/www.manukanewzealand.com\\\/product\\\/kanuka-honey-250gr\\\/#breadcrumb\"},\"inLanguage\":\"tr\",\"potentialAction\":[{\"@type\":\"ReadAction\",\"target\":[\"https:\\\/\\\/www.manukanewzealand.com\\\/product\\\/kanuka-honey-250gr\\\/\"]}]},{\"@type\":\"ImageObject\",\"inLanguage\":\"tr\",\"@id\":\"https:\\\/\\\/www.manukanewzealand.com\\\/product\\\/kanuka-honey-250gr\\\/#primaryimage\",\"url\":\"https:\\\/\\\/www.manukanewzealand.com\\\/wp-content\\\/uploads\\\/2021\\\/03\\\/kanuka-honing.webp\",\"contentUrl\":\"https:\\\/\\\/www.manukanewzealand.com\\\/wp-content\\\/uploads\\\/2021\\\/03\\\/kanuka-honing.webp\",\"width\":500,\"height\":500},{\"@type\":\"BreadcrumbList\",\"@id\":\"https:\\\/\\\/www.manukanewzealand.com\\\/product\\\/kanuka-honey-250gr\\\/#breadcrumb\",\"itemListElement\":[{\"@type\":\"ListItem\",\"position\":1,\"name\":\"Home\",\"item\":\"https:\\\/\\\/www.manukanewzealand.com\\\/\"},{\"@type\":\"ListItem\",\"position\":2,\"name\":\"MNZ Products\",\"item\":\"https:\\\/\\\/www.manukanewzealand.com\\\/mnz-products\\\/\"},{\"@type\":\"ListItem\",\"position\":3,\"name\":\"Kanuka Honey 250gr.\"}]},{\"@type\":\"WebSite\",\"@id\":\"https:\\\/\\\/www.manukanewzealand.com\\\/es\\\/#website\",\"url\":\"https:\\\/\\\/www.manukanewzealand.com\\\/es\\\/\",\"name\":\"MNZ - Manuka New Zealand - The Best Raw Manuka Honey | Global\",\"description\":\"\",\"publisher\":{\"@id\":\"https:\\\/\\\/www.manukanewzealand.com\\\/es\\\/#organization\"},\"potentialAction\":[{\"@type\":\"SearchAction\",\"target\":{\"@type\":\"EntryPoint\",\"urlTemplate\":\"https:\\\/\\\/www.manukanewzealand.com\\\/es\\\/?s={search_term_string}\"},\"query-input\":{\"@type\":\"PropertyValueSpecification\",\"valueRequired\":true,\"valueName\":\"search_term_string\"}}],\"inLanguage\":\"tr\"},{\"@type\":\"Organization\",\"@id\":\"https:\\\/\\\/www.manukanewzealand.com\\\/es\\\/#organization\",\"name\":\"MNZ - Manuka New Zealand - The Best Raw Manuka Honey | Global\",\"url\":\"https:\\\/\\\/www.manukanewzealand.com\\\/es\\\/\",\"logo\":{\"@type\":\"ImageObject\",\"inLanguage\":\"tr\",\"@id\":\"https:\\\/\\\/www.manukanewzealand.com\\\/es\\\/#\\\/schema\\\/logo\\\/image\\\/\",\"url\":\"https:\\\/\\\/www.manukanewzealand.com\\\/wp-content\\\/uploads\\\/2022\\\/11\\\/mnz-logo-200x200-1-1.png\",\"contentUrl\":\"https:\\\/\\\/www.manukanewzealand.com\\\/wp-content\\\/uploads\\\/2022\\\/11\\\/mnz-logo-200x200-1-1.png\",\"width\":200,\"height\":200,\"caption\":\"MNZ - Manuka New Zealand - The Best Raw Manuka Honey | Global\"},\"image\":{\"@id\":\"https:\\\/\\\/www.manukanewzealand.com\\\/es\\\/#\\\/schema\\\/logo\\\/image\\\/\"}}]}<\/script>\n<meta property=\"product:price:amount\" content=\"32.50\" \/>\n<meta property=\"product:price:currency\" content=\"EUR\" \/>\n<meta property=\"og:availability\" content=\"instock\" \/>\n<meta property=\"product:availability\" content=\"instock\" \/>\n<meta property=\"product:retailer_item_id\" content=\"KNZ001\" \/>\n<meta property=\"product:condition\" content=\"new\" \/>\n<!-- \/ Yoast SEO plugin. -->","yoast_head_json":{"title":"MNZ Kanuka Bal\u0131 250 g | Yeni Zelanda'dan Ham Monofloral Kanuka Bal\u0131","description":"Yeni Zelanda'dan birinci s\u0131n\u0131f ham monofloral Kanuka bal\u0131. Hafif, p\u00fcr\u00fczs\u00fcz tad\u0131, filtrelenmemi\u015f ve past\u00f6rize edilmemi\u015ftir. MNZ taraf\u0131ndan ba\u011f\u0131ms\u0131z olarak test edilmi\u015f ve tamamen izlenebilir.","robots":{"index":"index","follow":"follow","max-snippet":"max-snippet:-1","max-image-preview":"max-image-preview:large","max-video-preview":"max-video-preview:-1"},"canonical":"https:\/\/www.manukanewzealand.com\/tr\/product\/kanuka-honey-250gr\/","og_locale":"tr_TR","og_type":"article","og_title":"MNZ Kanuka Honey 250 g | Raw Monofloral Kanuka Honey from New Zealand","og_description":"Premium raw monofloral Kanuka honey from New Zealand. Mild, smooth in taste, unfiltered and unpasteurised. Independently tested and fully traceable by MNZ.","og_url":"https:\/\/www.manukanewzealand.com\/tr\/product\/kanuka-honey-250gr\/","og_site_name":"MNZ - Manuka New Zealand - The Best Raw Manuka Honey | Global","article_modified_time":"2026-02-17T13:00:18+00:00","og_image":[{"width":500,"height":500,"url":"https:\/\/www.manukanewzealand.com\/wp-content\/uploads\/2021\/03\/kanuka-honing.webp","type":"image\/webp"}],"twitter_card":"summary_large_image","twitter_misc":{"Fiyat":"&euro;32,50 incl. VAT","Availability":"In stock"},"schema":{"@context":"https:\/\/schema.org","@graph":[{"@type":"WebPage","@id":"https:\/\/www.manukanewzealand.com\/product\/kanuka-honey-250gr\/","url":"https:\/\/www.manukanewzealand.com\/product\/kanuka-honey-250gr\/","name":"MNZ Kanuka Bal\u0131 250 g | Yeni Zelanda'dan Ham Monofloral Kanuka Bal\u0131","isPartOf":{"@id":"https:\/\/www.manukanewzealand.com\/es\/#website"},"primaryImageOfPage":{"@id":"https:\/\/www.manukanewzealand.com\/product\/kanuka-honey-250gr\/#primaryimage"},"image":{"@id":"https:\/\/www.manukanewzealand.com\/product\/kanuka-honey-250gr\/#primaryimage"},"thumbnailUrl":"https:\/\/www.manukanewzealand.com\/wp-content\/uploads\/2021\/03\/kanuka-honing.webp","datePublished":"2024-01-15T08:01:18+00:00","dateModified":"2026-02-17T13:00:18+00:00","description":"Yeni Zelanda'dan birinci s\u0131n\u0131f ham monofloral Kanuka bal\u0131. Hafif, p\u00fcr\u00fczs\u00fcz tad\u0131, filtrelenmemi\u015f ve past\u00f6rize edilmemi\u015ftir. MNZ taraf\u0131ndan ba\u011f\u0131ms\u0131z olarak test edilmi\u015f ve tamamen izlenebilir.","breadcrumb":{"@id":"https:\/\/www.manukanewzealand.com\/product\/kanuka-honey-250gr\/#breadcrumb"},"inLanguage":"tr","potentialAction":[{"@type":"ReadAction","target":["https:\/\/www.manukanewzealand.com\/product\/kanuka-honey-250gr\/"]}]},{"@type":"ImageObject","inLanguage":"tr","@id":"https:\/\/www.manukanewzealand.com\/product\/kanuka-honey-250gr\/#primaryimage","url":"https:\/\/www.manukanewzealand.com\/wp-content\/uploads\/2021\/03\/kanuka-honing.webp","contentUrl":"https:\/\/www.manukanewzealand.com\/wp-content\/uploads\/2021\/03\/kanuka-honing.webp","width":500,"height":500},{"@type":"BreadcrumbList","@id":"https:\/\/www.manukanewzealand.com\/product\/kanuka-honey-250gr\/#breadcrumb","itemListElement":[{"@type":"ListItem","position":1,"name":"Home","item":"https:\/\/www.manukanewzealand.com\/"},{"@type":"ListItem","position":2,"name":"MNZ Products","item":"https:\/\/www.manukanewzealand.com\/mnz-products\/"},{"@type":"ListItem","position":3,"name":"Kanuka Honey 250gr."}]},{"@type":"WebSite","@id":"https:\/\/www.manukanewzealand.com\/es\/#website","url":"https:\/\/www.manukanewzealand.com\/es\/","name":"MNZ - Manuka Yeni Zelanda - En \u0130yi Ham Manuka Bal\u0131 | K\u00fcresel","description":"","publisher":{"@id":"https:\/\/www.manukanewzealand.com\/es\/#organization"},"potentialAction":[{"@type":"SearchAction","target":{"@type":"EntryPoint","urlTemplate":"https:\/\/www.manukanewzealand.com\/es\/?s={search_term_string}"},"query-input":{"@type":"PropertyValueSpecification","valueRequired":true,"valueName":"search_term_string"}}],"inLanguage":"tr"},{"@type":"Organization","@id":"https:\/\/www.manukanewzealand.com\/es\/#organization","name":"MNZ - Manuka Yeni Zelanda - En \u0130yi Ham Manuka Bal\u0131 | K\u00fcresel","url":"https:\/\/www.manukanewzealand.com\/es\/","logo":{"@type":"ImageObject","inLanguage":"tr","@id":"https:\/\/www.manukanewzealand.com\/es\/#\/schema\/logo\/image\/","url":"https:\/\/www.manukanewzealand.com\/wp-content\/uploads\/2022\/11\/mnz-logo-200x200-1-1.png","contentUrl":"https:\/\/www.manukanewzealand.com\/wp-content\/uploads\/2022\/11\/mnz-logo-200x200-1-1.png","width":200,"height":200,"caption":"MNZ - Manuka New Zealand - The Best Raw Manuka Honey | Global"},"image":{"@id":"https:\/\/www.manukanewzealand.com\/es\/#\/schema\/logo\/image\/"}}]},"product_price_amount":"32.50","product_price_currency":"EUR","og_availability":"instock","product_availability":"instock","product_retailer_item_id":"KNZ001","product_condition":"new"},"_links":{"self":[{"href":"https:\/\/www.manukanewzealand.com\/tr\/wp-json\/wp\/v2\/product\/33314","targetHints":{"allow":["GET"]}}],"collection":[{"href":"https:\/\/www.manukanewzealand.com\/tr\/wp-json\/wp\/v2\/product"}],"about":[{"href":"https:\/\/www.manukanewzealand.com\/tr\/wp-json\/wp\/v2\/types\/product"}],"replies":[{"embeddable":true,"href":"https:\/\/www.manukanewzealand.com\/tr\/wp-json\/wp\/v2\/comments?post=33314"}],"wp:featuredmedia":[{"embeddable":true,"href":"https:\/\/www.manukanewzealand.com\/tr\/wp-json\/wp\/v2\/media\/34501"}],"wp:attachment":[{"href":"https:\/\/www.manukanewzealand.com\/tr\/wp-json\/wp\/v2\/media?parent=33314"}],"wp:term":[{"taxonomy":"product_brand","embeddable":true,"href":"https:\/\/www.manukanewzealand.com\/tr\/wp-json\/wp\/v2\/product_brand?post=33314"},{"taxonomy":"product_cat","embeddable":true,"href":"https:\/\/www.manukanewzealand.com\/tr\/wp-json\/wp\/v2\/product_cat?post=33314"},{"taxonomy":"product_tag","embeddable":true,"href":"https:\/\/www.manukanewzealand.com\/tr\/wp-json\/wp\/v2\/product_tag?post=33314"}],"curies":[{"name":"wp","href":"https:\/\/api.w.org\/{rel}","templated":true}]}}