{"id":26902,"date":"2024-01-12T14:29:33","date_gmt":"2024-01-12T13:29:33","guid":{"rendered":"https:\/\/www.manukahoney.eu\/?post_type=product&#038;p=26902"},"modified":"2026-02-17T14:11:29","modified_gmt":"2026-02-17T13:11:29","slug":"toothpaste-manuka-honey","status":"publish","type":"product","link":"https:\/\/www.manukanewzealand.com\/tr\/product\/toothpaste-manuka-honey\/","title":{"rendered":"Manuka Bal\u0131, Propolis ve Manuka Ya\u011f\u0131 Di\u015f Macunu."},"content":{"rendered":"<h1>MNZ Manuka Ball\u0131 Di\u015f Macunu 75 ml - Yeni Zelanda'dan Do\u011fal A\u011f\u0131z Bak\u0131m\u0131<\/h1>\n<p><strong>MNZ Manuka Ball\u0131 Di\u015f Macunu<\/strong> bir <strong>do\u011fal, az k\u00f6p\u00fcren di\u015f macunu<\/strong> Yeni Zelanda'dan \u00f6zenle se\u00e7ilmi\u015f malzemelerle geli\u015ftirilmi\u015ftir. <strong>ham MGO 550+ Manuka bal\u0131<\/strong>, <strong>Yeni Zelanda propolisi<\/strong> ve <strong>Manuka ya\u011f\u0131<\/strong>. G\u00fcnl\u00fck a\u011f\u0131z bak\u0131m\u0131na uygun, taze ve nazik bir f\u0131r\u00e7alama deneyimi sa\u011flar.<\/p>\n<p><strong>\u0130\u00e7indekiler:<\/strong> 75 ml<\/p>\n<h2>Neden MNZ Manuka Di\u015f Macununu se\u00e7melisiniz?<\/h2>\n<p>MNZ safl\u0131k, \u015feffafl\u0131k ve g\u00fcvenilir kaynak anlam\u0131na gelir. Bu di\u015f macunu, do\u011fal i\u00e7erikleri etkili ama nazik temizlik ve ferahlat\u0131c\u0131 nane aromas\u0131 ile birle\u015ftirir.<\/p>\n<p>Form\u00fcl, sert k\u00f6p\u00fcrt\u00fcc\u00fc maddeler veya gereksiz katk\u0131 maddeleri olmadan bilin\u00e7li bir \u015fekilde geli\u015ftirilmi\u015ftir. Ham Manuka bal\u0131, propolis ve Manuka ya\u011f\u0131 i\u00e7ermesi di\u015f macununa kendine \u00f6zg\u00fc karakterini ve botanik profilini verir.<\/p>\n<p>Az k\u00f6p\u00fcren dokusu, a\u011fz\u0131 bo\u011fmadan temiz ve taze bir a\u011f\u0131z hissi sunar. Flor\u00fcr, sodyum lauril s\u00fclfat (SLS), yapay renkler, yapay aromalar ve koruyucular i\u00e7ermeyen form\u00fcl\u00fc, g\u00fcnl\u00fck kullan\u0131m i\u00e7in bilin\u00e7li bir se\u00e7imdir.<\/p>\n<ul>\n<li>Ham MGO 550+ Manuka bal\u0131 ile<\/li>\n<li>Yeni Zelanda propolisi ve Manuka ya\u011f\u0131 ile<\/li>\n<li>Taze nane aromal\u0131 az k\u00f6p\u00fcren form\u00fcl<\/li>\n<li>Flor\u00fcr ve SLS i\u00e7ermez<\/li>\n<li>Sert a\u015f\u0131nd\u0131r\u0131c\u0131lar yok<\/li>\n<li>G\u00fcnl\u00fck kullan\u0131m ve vejetaryenler i\u00e7in uygundur<\/li>\n<\/ul>\n<h3>\u0130\u00e7indekiler (INCI)<\/h3>\n<p>Gliserin*, Aqua, Hidratl\u0131 Silika, Mel, Sodyum Bikarbonat, Sel\u00fcloz Sak\u0131z\u0131, Cocamidopropyl Betaine, Mentha Arvensis Yaprak Ya\u011f\u0131, Propolis \u00d6z\u00fc, Mentol, Sodyum Klor\u00fcr, Leptospermum Scoparium Dal\/Yaprak Ya\u011f\u0131, Stevioside, Tokoferil Asetat, Mentha Piperita Ya\u011f\u0131.<br \/>\n<br \/>\n<small>*Bitki k\u00f6kenli.<\/small><\/p>\n<h3>Kullan\u0131m<\/h3>\n<p>Di\u015fleri g\u00fcnde iki kez f\u0131r\u00e7alay\u0131n. G\u00fcnl\u00fck kullan\u0131m i\u00e7in uygundur.<\/p>","protected":false},"excerpt":{"rendered":"<p>MNZ Manuka Honey Toothpaste 75 ml \u2013 Natural Oral Care from New Zealand MNZ Manuka Honey Toothpaste is a natural, low-foaming toothpaste developed with carefully selected ingredients from New Zealand, including raw MGO 550+ Manuka honey, New Zealand propolis and Manuka oil. It provides a fresh and gentle brushing experience suitable for daily oral care. [&#8230;]\n","protected":false},"featured_media":34179,"comment_status":"closed","ping_status":"closed","template":"","meta":[],"product_brand":[],"product_cat":[113],"product_tag":[],"class_list":{"0":"post-26902","1":"product","2":"type-product","3":"status-publish","4":"has-post-thumbnail","6":"product_cat-uncategorized","8":"first","9":"instock","10":"taxable","11":"shipping-taxable","12":"purchasable","13":"product-type-simple"},"yoast_head":"<!-- This site is optimized with the Yoast SEO plugin v27.3 - https:\/\/yoast.com\/product\/yoast-seo-wordpress\/ -->\n<title>MNZ Manuka Honey Toothpaste 75 ml | With MGO 550+ Manuka, Propolis &amp; Manuka Oil<\/title>\n<meta name=\"description\" content=\"Natural low-foaming toothpaste with raw MGO 550+ Manuka honey, New Zealand propolis and Manuka oil. Fluoride- and SLS-free. Gentle daily oral care. 75 ml by MNZ.\" \/>\n<meta name=\"robots\" content=\"index, follow, max-snippet:-1, max-image-preview:large, max-video-preview:-1\" \/>\n<link rel=\"canonical\" href=\"https:\/\/www.manukanewzealand.com\/tr\/product\/toothpaste-manuka-honey\/\" \/>\n<meta property=\"og:locale\" content=\"tr_TR\" \/>\n<meta property=\"og:type\" content=\"article\" \/>\n<meta property=\"og:title\" content=\"MNZ Manuka Honey Toothpaste 75 ml | With MGO 550+ Manuka, Propolis &amp; Manuka Oil\" \/>\n<meta property=\"og:description\" content=\"Natural low-foaming toothpaste with raw MGO 550+ Manuka honey, New Zealand propolis and Manuka oil. Fluoride- and SLS-free. Gentle daily oral care. 75 ml by MNZ.\" \/>\n<meta property=\"og:url\" content=\"https:\/\/www.manukanewzealand.com\/tr\/product\/toothpaste-manuka-honey\/\" \/>\n<meta property=\"og:site_name\" content=\"MNZ - Manuka New Zealand - The Best Raw Manuka Honey | Global\" \/>\n<meta property=\"article:modified_time\" content=\"2026-02-17T13:11:29+00:00\" \/>\n<meta property=\"og:image\" content=\"https:\/\/www.manukanewzealand.com\/wp-content\/uploads\/2023\/08\/manuka-tandpasta-mnz.webp\" \/>\n\t<meta property=\"og:image:width\" content=\"500\" \/>\n\t<meta property=\"og:image:height\" content=\"500\" \/>\n\t<meta property=\"og:image:type\" content=\"image\/webp\" \/>\n<meta name=\"twitter:card\" content=\"summary_large_image\" \/>\n<meta name=\"twitter:label1\" content=\"Fiyat\" \/>\n\t<meta name=\"twitter:data1\" content=\"&euro;11,95 incl. VAT\" \/>\n\t<meta name=\"twitter:label2\" content=\"Availability\" \/>\n\t<meta name=\"twitter:data2\" content=\"In stock\" \/>\n<script type=\"application\/ld+json\" class=\"yoast-schema-graph\">{\"@context\":\"https:\\\/\\\/schema.org\",\"@graph\":[{\"@type\":\"WebPage\",\"@id\":\"https:\\\/\\\/www.manukanewzealand.com\\\/product\\\/toothpaste-manuka-honey\\\/\",\"url\":\"https:\\\/\\\/www.manukanewzealand.com\\\/product\\\/toothpaste-manuka-honey\\\/\",\"name\":\"MNZ Manuka Honey Toothpaste 75 ml | With MGO 550+ Manuka, Propolis & Manuka Oil\",\"isPartOf\":{\"@id\":\"https:\\\/\\\/www.manukanewzealand.com\\\/es\\\/#website\"},\"primaryImageOfPage\":{\"@id\":\"https:\\\/\\\/www.manukanewzealand.com\\\/product\\\/toothpaste-manuka-honey\\\/#primaryimage\"},\"image\":{\"@id\":\"https:\\\/\\\/www.manukanewzealand.com\\\/product\\\/toothpaste-manuka-honey\\\/#primaryimage\"},\"thumbnailUrl\":\"https:\\\/\\\/www.manukanewzealand.com\\\/wp-content\\\/uploads\\\/2023\\\/08\\\/manuka-tandpasta-mnz.webp\",\"datePublished\":\"2024-01-12T13:29:33+00:00\",\"dateModified\":\"2026-02-17T13:11:29+00:00\",\"description\":\"Natural low-foaming toothpaste with raw MGO 550+ Manuka honey, New Zealand propolis and Manuka oil. Fluoride- and SLS-free. Gentle daily oral care. 75 ml by MNZ.\",\"breadcrumb\":{\"@id\":\"https:\\\/\\\/www.manukanewzealand.com\\\/product\\\/toothpaste-manuka-honey\\\/#breadcrumb\"},\"inLanguage\":\"tr\",\"potentialAction\":[{\"@type\":\"ReadAction\",\"target\":[\"https:\\\/\\\/www.manukanewzealand.com\\\/product\\\/toothpaste-manuka-honey\\\/\"]}]},{\"@type\":\"ImageObject\",\"inLanguage\":\"tr\",\"@id\":\"https:\\\/\\\/www.manukanewzealand.com\\\/product\\\/toothpaste-manuka-honey\\\/#primaryimage\",\"url\":\"https:\\\/\\\/www.manukanewzealand.com\\\/wp-content\\\/uploads\\\/2023\\\/08\\\/manuka-tandpasta-mnz.webp\",\"contentUrl\":\"https:\\\/\\\/www.manukanewzealand.com\\\/wp-content\\\/uploads\\\/2023\\\/08\\\/manuka-tandpasta-mnz.webp\",\"width\":500,\"height\":500},{\"@type\":\"BreadcrumbList\",\"@id\":\"https:\\\/\\\/www.manukanewzealand.com\\\/product\\\/toothpaste-manuka-honey\\\/#breadcrumb\",\"itemListElement\":[{\"@type\":\"ListItem\",\"position\":1,\"name\":\"Home\",\"item\":\"https:\\\/\\\/www.manukanewzealand.com\\\/\"},{\"@type\":\"ListItem\",\"position\":2,\"name\":\"MNZ Products\",\"item\":\"https:\\\/\\\/www.manukanewzealand.com\\\/mnz-products\\\/\"},{\"@type\":\"ListItem\",\"position\":3,\"name\":\"Manuka Honey, Propolis &#038; Manuka Oil Toothpaste.\"}]},{\"@type\":\"WebSite\",\"@id\":\"https:\\\/\\\/www.manukanewzealand.com\\\/es\\\/#website\",\"url\":\"https:\\\/\\\/www.manukanewzealand.com\\\/es\\\/\",\"name\":\"MNZ - Manuka New Zealand - The Best Raw Manuka Honey | Global\",\"description\":\"\",\"publisher\":{\"@id\":\"https:\\\/\\\/www.manukanewzealand.com\\\/es\\\/#organization\"},\"potentialAction\":[{\"@type\":\"SearchAction\",\"target\":{\"@type\":\"EntryPoint\",\"urlTemplate\":\"https:\\\/\\\/www.manukanewzealand.com\\\/es\\\/?s={search_term_string}\"},\"query-input\":{\"@type\":\"PropertyValueSpecification\",\"valueRequired\":true,\"valueName\":\"search_term_string\"}}],\"inLanguage\":\"tr\"},{\"@type\":\"Organization\",\"@id\":\"https:\\\/\\\/www.manukanewzealand.com\\\/es\\\/#organization\",\"name\":\"MNZ - Manuka New Zealand - The Best Raw Manuka Honey | Global\",\"url\":\"https:\\\/\\\/www.manukanewzealand.com\\\/es\\\/\",\"logo\":{\"@type\":\"ImageObject\",\"inLanguage\":\"tr\",\"@id\":\"https:\\\/\\\/www.manukanewzealand.com\\\/es\\\/#\\\/schema\\\/logo\\\/image\\\/\",\"url\":\"https:\\\/\\\/www.manukanewzealand.com\\\/wp-content\\\/uploads\\\/2022\\\/11\\\/mnz-logo-200x200-1-1.png\",\"contentUrl\":\"https:\\\/\\\/www.manukanewzealand.com\\\/wp-content\\\/uploads\\\/2022\\\/11\\\/mnz-logo-200x200-1-1.png\",\"width\":200,\"height\":200,\"caption\":\"MNZ - Manuka New Zealand - The Best Raw Manuka Honey | Global\"},\"image\":{\"@id\":\"https:\\\/\\\/www.manukanewzealand.com\\\/es\\\/#\\\/schema\\\/logo\\\/image\\\/\"}}]}<\/script>\n<meta property=\"product:price:amount\" content=\"11.95\" \/>\n<meta property=\"product:price:currency\" content=\"EUR\" \/>\n<meta property=\"og:availability\" content=\"instock\" \/>\n<meta property=\"product:availability\" content=\"instock\" \/>\n<meta property=\"product:retailer_item_id\" content=\"MNZ201\" \/>\n<meta property=\"product:condition\" content=\"new\" \/>\n<!-- \/ Yoast SEO plugin. -->","yoast_head_json":{"title":"MNZ Manuka Bal\u0131 Di\u015f Macunu 75 ml | MGO 550+ Manuka, Propolis ve Manuka Ya\u011f\u0131 \u0130\u00e7erir","description":"Ham MGO 550+ Manuka bal\u0131, Yeni Zelanda propolisi ve Manuka ya\u011f\u0131 i\u00e7eren do\u011fal, az k\u00f6p\u00fcren di\u015f macunu. Flor\u00fcr ve SLS i\u00e7ermez. Nazik g\u00fcnl\u00fck a\u011f\u0131z bak\u0131m\u0131. MNZ taraf\u0131ndan 75 ml.","robots":{"index":"index","follow":"follow","max-snippet":"max-snippet:-1","max-image-preview":"max-image-preview:large","max-video-preview":"max-video-preview:-1"},"canonical":"https:\/\/www.manukanewzealand.com\/tr\/product\/toothpaste-manuka-honey\/","og_locale":"tr_TR","og_type":"article","og_title":"MNZ Manuka Honey Toothpaste 75 ml | With MGO 550+ Manuka, Propolis & Manuka Oil","og_description":"Natural low-foaming toothpaste with raw MGO 550+ Manuka honey, New Zealand propolis and Manuka oil. Fluoride- and SLS-free. Gentle daily oral care. 75 ml by MNZ.","og_url":"https:\/\/www.manukanewzealand.com\/tr\/product\/toothpaste-manuka-honey\/","og_site_name":"MNZ - Manuka New Zealand - The Best Raw Manuka Honey | Global","article_modified_time":"2026-02-17T13:11:29+00:00","og_image":[{"width":500,"height":500,"url":"https:\/\/www.manukanewzealand.com\/wp-content\/uploads\/2023\/08\/manuka-tandpasta-mnz.webp","type":"image\/webp"}],"twitter_card":"summary_large_image","twitter_misc":{"Fiyat":"&euro;11,95 incl. VAT","Availability":"In stock"},"schema":{"@context":"https:\/\/schema.org","@graph":[{"@type":"WebPage","@id":"https:\/\/www.manukanewzealand.com\/product\/toothpaste-manuka-honey\/","url":"https:\/\/www.manukanewzealand.com\/product\/toothpaste-manuka-honey\/","name":"MNZ Manuka Bal\u0131 Di\u015f Macunu 75 ml | MGO 550+ Manuka, Propolis ve Manuka Ya\u011f\u0131 \u0130\u00e7erir","isPartOf":{"@id":"https:\/\/www.manukanewzealand.com\/es\/#website"},"primaryImageOfPage":{"@id":"https:\/\/www.manukanewzealand.com\/product\/toothpaste-manuka-honey\/#primaryimage"},"image":{"@id":"https:\/\/www.manukanewzealand.com\/product\/toothpaste-manuka-honey\/#primaryimage"},"thumbnailUrl":"https:\/\/www.manukanewzealand.com\/wp-content\/uploads\/2023\/08\/manuka-tandpasta-mnz.webp","datePublished":"2024-01-12T13:29:33+00:00","dateModified":"2026-02-17T13:11:29+00:00","description":"Ham MGO 550+ Manuka bal\u0131, Yeni Zelanda propolisi ve Manuka ya\u011f\u0131 i\u00e7eren do\u011fal, az k\u00f6p\u00fcren di\u015f macunu. Flor\u00fcr ve SLS i\u00e7ermez. Nazik g\u00fcnl\u00fck a\u011f\u0131z bak\u0131m\u0131. MNZ taraf\u0131ndan 75 ml.","breadcrumb":{"@id":"https:\/\/www.manukanewzealand.com\/product\/toothpaste-manuka-honey\/#breadcrumb"},"inLanguage":"tr","potentialAction":[{"@type":"ReadAction","target":["https:\/\/www.manukanewzealand.com\/product\/toothpaste-manuka-honey\/"]}]},{"@type":"ImageObject","inLanguage":"tr","@id":"https:\/\/www.manukanewzealand.com\/product\/toothpaste-manuka-honey\/#primaryimage","url":"https:\/\/www.manukanewzealand.com\/wp-content\/uploads\/2023\/08\/manuka-tandpasta-mnz.webp","contentUrl":"https:\/\/www.manukanewzealand.com\/wp-content\/uploads\/2023\/08\/manuka-tandpasta-mnz.webp","width":500,"height":500},{"@type":"BreadcrumbList","@id":"https:\/\/www.manukanewzealand.com\/product\/toothpaste-manuka-honey\/#breadcrumb","itemListElement":[{"@type":"ListItem","position":1,"name":"Home","item":"https:\/\/www.manukanewzealand.com\/"},{"@type":"ListItem","position":2,"name":"MNZ Products","item":"https:\/\/www.manukanewzealand.com\/mnz-products\/"},{"@type":"ListItem","position":3,"name":"Manuka Honey, Propolis &#038; Manuka Oil Toothpaste."}]},{"@type":"WebSite","@id":"https:\/\/www.manukanewzealand.com\/es\/#website","url":"https:\/\/www.manukanewzealand.com\/es\/","name":"MNZ - Manuka Yeni Zelanda - En \u0130yi Ham Manuka Bal\u0131 | K\u00fcresel","description":"","publisher":{"@id":"https:\/\/www.manukanewzealand.com\/es\/#organization"},"potentialAction":[{"@type":"SearchAction","target":{"@type":"EntryPoint","urlTemplate":"https:\/\/www.manukanewzealand.com\/es\/?s={search_term_string}"},"query-input":{"@type":"PropertyValueSpecification","valueRequired":true,"valueName":"search_term_string"}}],"inLanguage":"tr"},{"@type":"Organization","@id":"https:\/\/www.manukanewzealand.com\/es\/#organization","name":"MNZ - Manuka Yeni Zelanda - En \u0130yi Ham Manuka Bal\u0131 | K\u00fcresel","url":"https:\/\/www.manukanewzealand.com\/es\/","logo":{"@type":"ImageObject","inLanguage":"tr","@id":"https:\/\/www.manukanewzealand.com\/es\/#\/schema\/logo\/image\/","url":"https:\/\/www.manukanewzealand.com\/wp-content\/uploads\/2022\/11\/mnz-logo-200x200-1-1.png","contentUrl":"https:\/\/www.manukanewzealand.com\/wp-content\/uploads\/2022\/11\/mnz-logo-200x200-1-1.png","width":200,"height":200,"caption":"MNZ - Manuka New Zealand - The Best Raw Manuka Honey | Global"},"image":{"@id":"https:\/\/www.manukanewzealand.com\/es\/#\/schema\/logo\/image\/"}}]},"product_price_amount":"11.95","product_price_currency":"EUR","og_availability":"instock","product_availability":"instock","product_retailer_item_id":"MNZ201","product_condition":"new"},"_links":{"self":[{"href":"https:\/\/www.manukanewzealand.com\/tr\/wp-json\/wp\/v2\/product\/26902","targetHints":{"allow":["GET"]}}],"collection":[{"href":"https:\/\/www.manukanewzealand.com\/tr\/wp-json\/wp\/v2\/product"}],"about":[{"href":"https:\/\/www.manukanewzealand.com\/tr\/wp-json\/wp\/v2\/types\/product"}],"replies":[{"embeddable":true,"href":"https:\/\/www.manukanewzealand.com\/tr\/wp-json\/wp\/v2\/comments?post=26902"}],"wp:featuredmedia":[{"embeddable":true,"href":"https:\/\/www.manukanewzealand.com\/tr\/wp-json\/wp\/v2\/media\/34179"}],"wp:attachment":[{"href":"https:\/\/www.manukanewzealand.com\/tr\/wp-json\/wp\/v2\/media?parent=26902"}],"wp:term":[{"taxonomy":"product_brand","embeddable":true,"href":"https:\/\/www.manukanewzealand.com\/tr\/wp-json\/wp\/v2\/product_brand?post=26902"},{"taxonomy":"product_cat","embeddable":true,"href":"https:\/\/www.manukanewzealand.com\/tr\/wp-json\/wp\/v2\/product_cat?post=26902"},{"taxonomy":"product_tag","embeddable":true,"href":"https:\/\/www.manukanewzealand.com\/tr\/wp-json\/wp\/v2\/product_tag?post=26902"}],"curies":[{"name":"wp","href":"https:\/\/api.w.org\/{rel}","templated":true}]}}