{"id":34413,"date":"2024-04-16T11:35:33","date_gmt":"2024-04-16T10:35:33","guid":{"rendered":"https:\/\/www.manukanewzealand.com\/?page_id=34413"},"modified":"2026-02-18T15:42:12","modified_gmt":"2026-02-18T14:42:12","slug":"distributorapplication","status":"publish","type":"page","link":"https:\/\/www.manukanewzealand.com\/tr\/distributorapplication\/","title":{"rendered":"K\u00fcresel Distrib\u00fct\u00f6r Ortakl\u0131\u011f\u0131 Uygulamas\u0131 - Distrib\u00fct\u00f6rler Aran\u0131yor"},"content":{"rendered":"  <div id=\"page-header-361714605\" class=\"page-header-wrapper\">\n  <div class=\"page-title dark divided-title\">\n\n        <div class=\"page-title-bg\">\n      <div class=\"title-bg fill bg-fill\"\n        data-parallax-container=\".page-title\"\n        data-parallax-background\n        data-parallax=\"-\">\n      <\/div>\n      <div class=\"title-overlay fill\"><\/div>\n    <\/div>\n    \n    <div class=\"page-title-inner container align-center flex-row medium-flex-wrap\" >\n              <div class=\"title-wrapper flex-col text-left medium-text-center\">\n          <h1 class=\"entry-title mb-0\">\n            Distributor application          <\/h1>\n        <\/div>\n                    <div class=\"title-content flex-col flex-right text-right medium-text-center\">\n        <div class=\"title-breadcrumbs pb-half pt-half\"><nav class=\"woocommerce-breadcrumb breadcrumbs \" aria-label=\"Breadcrumb\">Home<\/nav><\/div>      <\/div>\n    <\/div>\n\n     \n<style>\n#page-header-361714605 .page-title-inner {\n  min-height: 250px;\n}\n#page-header-361714605 .title-bg {\n  background-image: url(https:\/\/www.manukanewzealand.com\/wp-content\/uploads\/2026\/02\/mnz-header-2.jpg);\n}\n<\/style>\n  <\/div>\n  <div class=\"container header-wrapper-divider\"><hr\/><\/div>  <\/div>\n  \n\n\t<section class=\"section\" id=\"section_1743466918\">\n\t\t<div class=\"section-bg fill\" >\n\t\t\t\t\t\t\t\t\t\n\t\t\t\n\n\t\t<\/div>\n\n\t\t\n\n\t\t<div class=\"section-content relative\">\n\t\t\t\n<div class=\"row\"  id=\"row-151019051\">\n\n\t<div id=\"col-743604128\" class=\"col small-12 large-12\"  >\n\t\t\t\t<div class=\"col-inner\"  >\n\t\t\t\n\t\t\t\n<p>At <strong>Manuka New Zealand (MNZ)<\/strong>, we produce premium, raw, monofloral Manuka honey in New Zealand under full in-house control from hive to jar. As a specialised manufacturer, we are selectively expanding our international distribution network across Europe and worldwide.<\/p>\n<p>We are seeking experienced wholesale distributors and strategic partners who operate within the health, wellness and premium food sectors, and who value quality, scientific transparency and long-term brand building. MNZ has established a strong reputation in its existing markets and is looking to grow through carefully selected, performance-driven partnerships.<\/p>\n<p>Our ideal partners have:<\/p>\n<ul>\n<li>A strong presence in their local or regional market<\/li>\n<li>Established distribution infrastructure and professional sales teams<\/li>\n<li>A deep understanding of their consumer base<\/li>\n<li>A commitment to premium positioning and brand integrity<\/li>\n<\/ul>\n<p>Partnering with MNZ provides:<\/p>\n<ul>\n<li>Access to a premium portfolio of raw, monofloral MGO Manuka honey products<\/li>\n<li>Full transparency and batch-level traceability<\/li>\n<li>Scientific and technical product knowledge<\/li>\n<li>Marketing and launch support, including professional materials and product training<\/li>\n<li>Strategic collaboration opportunities to strengthen brand visibility and long-term market development<\/li>\n<\/ul>\n<p>If you are a wholesale distributor looking to introduce a scientifically backed, premium New Zealand Manuka honey brand to your market, we invite you to contact us. We are focused on building sustainable, long-term partnerships that create value for both parties.<\/p>\n<p>Please use the form below to discuss distribution opportunities with MNZ. We look forward to exploring a potential collaboration.<\/p>\n\t<div id=\"gap-2010381115\" class=\"gap-element clearfix\" style=\"display:block; height:auto;\">\n\t\t\n<style>\n#gap-2010381115 {\n  padding-top: 75px;\n}\n<\/style>\n\t<\/div>\n\t\n<h2 id=\"headline-28-34506\" class=\"ct-headline\">MNZ Global Distributor Partnership Application<\/h2>\n\n<div class=\"wpforms-container wpforms-container-full\" id=\"wpforms-34420\"><form id=\"wpforms-form-34420\" class=\"wpforms-validate wpforms-form wpforms-ajax-form\" data-formid=\"34420\" method=\"post\" enctype=\"multipart\/form-data\" action=\"\/tr\/wp-json\/wp\/v2\/pages\/34413\" data-token=\"075a832a858b60cbd06df190964d6c53\" data-token-time=\"1775404574\"><noscript class=\"wpforms-error-noscript\">Bu formu bitirebilmek i\u00e7in taray\u0131c\u0131n\u0131zda JavaScript&#039;i etkinle\u015ftirin.<\/noscript><div class=\"wpforms-field-container\"><div id=\"wpforms-34420-field_3-container\" class=\"wpforms-field wpforms-field-text\" data-field-id=\"3\"><label class=\"wpforms-field-label\" for=\"wpforms-34420-field_3\">Company name <span class=\"wpforms-required-label\">*<\/span><\/label><input type=\"text\" id=\"wpforms-34420-field_3\" class=\"wpforms-field-large wpforms-field-required\" name=\"wpforms[fields][3]\" required><\/div><div id=\"wpforms-34420-field_14-container\" class=\"wpforms-field wpforms-field-text\" data-field-id=\"14\"><label class=\"wpforms-field-label\" for=\"wpforms-34420-field_14\">Company website <span class=\"wpforms-required-label\">*<\/span><\/label><input type=\"text\" id=\"wpforms-34420-field_14\" class=\"wpforms-field-large wpforms-field-required\" name=\"wpforms[fields][14]\" required><\/div><div id=\"wpforms-34420-field_8-container\" class=\"wpforms-field wpforms-field-text\" data-field-id=\"8\"><label class=\"wpforms-field-label\" for=\"wpforms-34420-field_8\">Full Name <span class=\"wpforms-required-label\">*<\/span><\/label><input type=\"text\" id=\"wpforms-34420-field_8\" class=\"wpforms-field-large wpforms-field-required\" name=\"wpforms[fields][8]\" required><\/div><div id=\"wpforms-34420-field_11-container\" class=\"wpforms-field wpforms-field-text\" data-field-id=\"11\"><label class=\"wpforms-field-label\" for=\"wpforms-34420-field_11\">Country <span class=\"wpforms-required-label\">*<\/span><\/label><input type=\"text\" id=\"wpforms-34420-field_11\" class=\"wpforms-field-large wpforms-field-required\" name=\"wpforms[fields][11]\" required><\/div><div id=\"wpforms-34420-field_15-container\" class=\"wpforms-field wpforms-field-text\" data-field-id=\"15\"><label class=\"wpforms-field-label\" for=\"wpforms-34420-field_15\">Address <span class=\"wpforms-required-label\">*<\/span><\/label><input type=\"text\" id=\"wpforms-34420-field_15\" class=\"wpforms-field-large wpforms-field-required\" name=\"wpforms[fields][15]\" required><\/div><div id=\"wpforms-34420-field_16-container\" class=\"wpforms-field wpforms-field-text\" data-field-id=\"16\"><label class=\"wpforms-field-label\" for=\"wpforms-34420-field_16\">City <span class=\"wpforms-required-label\">*<\/span><\/label><input type=\"text\" id=\"wpforms-34420-field_16\" class=\"wpforms-field-large wpforms-field-required\" name=\"wpforms[fields][16]\" required><\/div><div id=\"wpforms-34420-field_17-container\" class=\"wpforms-field wpforms-field-text\" data-field-id=\"17\"><label class=\"wpforms-field-label\" for=\"wpforms-34420-field_17\">State <span class=\"wpforms-required-label\">*<\/span><\/label><input type=\"text\" id=\"wpforms-34420-field_17\" class=\"wpforms-field-large wpforms-field-required\" name=\"wpforms[fields][17]\" required><\/div><div id=\"wpforms-34420-field_18-container\" class=\"wpforms-field wpforms-field-text\" data-field-id=\"18\"><label class=\"wpforms-field-label\" for=\"wpforms-34420-field_18\">VAT Number <span class=\"wpforms-required-label\">*<\/span><\/label><input type=\"text\" id=\"wpforms-34420-field_18\" class=\"wpforms-field-large wpforms-field-required\" name=\"wpforms[fields][18]\" required><\/div><div id=\"wpforms-34420-field_1-container\" class=\"wpforms-field wpforms-field-email\" data-field-id=\"1\"><label class=\"wpforms-field-label\" for=\"wpforms-34420-field_1\">E-mail <span class=\"wpforms-required-label\">*<\/span><\/label><input type=\"email\" id=\"wpforms-34420-field_1\" class=\"wpforms-field-large wpforms-field-required\" name=\"wpforms[fields][1]\" spellcheck=\"false\" required><\/div><div id=\"wpforms-34420-field_10-container\" class=\"wpforms-field wpforms-field-text\" data-field-id=\"10\"><label class=\"wpforms-field-label\" for=\"wpforms-34420-field_10\">Phone number <span class=\"wpforms-required-label\">*<\/span><\/label><input type=\"text\" id=\"wpforms-34420-field_10\" class=\"wpforms-field-large wpforms-field-required\" name=\"wpforms[fields][10]\" required><\/div><div id=\"wpforms-34420-field_20-container\" class=\"wpforms-field wpforms-field-radio\" data-field-id=\"20\"><label class=\"wpforms-field-label\">Do you have experience in the distribution industry? <span class=\"wpforms-required-label\">*<\/span><\/label><ul id=\"wpforms-34420-field_20\" class=\"wpforms-field-required\"><li class=\"choice-1 depth-1\"><input type=\"radio\" id=\"wpforms-34420-field_20_1\" name=\"wpforms[fields][20]\" value=\"Yes\" required ><label class=\"wpforms-field-label-inline\" for=\"wpforms-34420-field_20_1\">Yes<\/label><\/li><li class=\"choice-2 depth-1\"><input type=\"radio\" id=\"wpforms-34420-field_20_2\" name=\"wpforms[fields][20]\" value=\"No\" required ><label class=\"wpforms-field-label-inline\" for=\"wpforms-34420-field_20_2\">No<\/label><\/li><\/ul><\/div><div id=\"wpforms-34420-field_21-container\" class=\"wpforms-field wpforms-field-text\" data-field-id=\"21\"><label class=\"wpforms-field-label\" for=\"wpforms-34420-field_21\">Years of Experience in Sales &amp; Distribution <span class=\"wpforms-required-label\">*<\/span><\/label><input type=\"text\" id=\"wpforms-34420-field_21\" class=\"wpforms-field-large wpforms-field-required\" name=\"wpforms[fields][21]\" required><\/div><div id=\"wpforms-34420-field_13-container\" class=\"wpforms-field wpforms-field-checkbox\" data-field-id=\"13\"><label class=\"wpforms-field-label\">Company type <span class=\"wpforms-required-label\">*<\/span><\/label><ul id=\"wpforms-34420-field_13\" class=\"wpforms-field-required\"><li class=\"choice-1 depth-1\"><input type=\"checkbox\" id=\"wpforms-34420-field_13_1\" name=\"wpforms[fields][13][]\" value=\"Wholesale B2B\" required ><label class=\"wpforms-field-label-inline\" for=\"wpforms-34420-field_13_1\">Wholesale B2B<\/label><\/li><li class=\"choice-2 depth-1\"><input type=\"checkbox\" id=\"wpforms-34420-field_13_2\" name=\"wpforms[fields][13][]\" value=\"Wholesale B2C\" required ><label class=\"wpforms-field-label-inline\" for=\"wpforms-34420-field_13_2\">Wholesale B2C<\/label><\/li><li class=\"choice-3 depth-1\"><input type=\"checkbox\" id=\"wpforms-34420-field_13_3\" name=\"wpforms[fields][13][]\" value=\"E-commerce\" required ><label class=\"wpforms-field-label-inline\" for=\"wpforms-34420-field_13_3\">E-commerce<\/label><\/li><li class=\"choice-4 depth-1\"><input type=\"checkbox\" id=\"wpforms-34420-field_13_4\" name=\"wpforms[fields][13][]\" value=\"Retail chain\" required ><label class=\"wpforms-field-label-inline\" for=\"wpforms-34420-field_13_4\">Retail chain<\/label><\/li><\/ul><\/div><div id=\"wpforms-34420-field_22-container\" class=\"wpforms-field wpforms-field-text\" data-field-id=\"22\"><label class=\"wpforms-field-label\" for=\"wpforms-34420-field_22\">What products or brands have you distributed in the past? <span class=\"wpforms-required-label\">*<\/span><\/label><input type=\"text\" id=\"wpforms-34420-field_22\" class=\"wpforms-field-large wpforms-field-required\" name=\"wpforms[fields][22]\" required><\/div><div id=\"wpforms-34420-field_23-container\" class=\"wpforms-field wpforms-field-text\" data-field-id=\"23\"><label class=\"wpforms-field-label\" for=\"wpforms-34420-field_23\">Please describe why you are interested in becoming a distributor. <span class=\"wpforms-required-label\">*<\/span><\/label><input type=\"text\" id=\"wpforms-34420-field_23\" class=\"wpforms-field-large wpforms-field-required\" name=\"wpforms[fields][23]\" required><\/div><div id=\"wpforms-34420-field_2-container\" class=\"wpforms-field wpforms-field-textarea\" data-field-id=\"2\"><label class=\"wpforms-field-label\" for=\"wpforms-34420-field_2\">Message <span class=\"wpforms-required-label\">*<\/span><\/label><textarea id=\"wpforms-34420-field_2\" class=\"wpforms-field-large wpforms-field-required\" name=\"wpforms[fields][2]\" required><\/textarea><\/div><div id=\"wpforms-34420-field_5-container\" class=\"wpforms-field wpforms-field-checkbox\" data-field-id=\"5\"><label class=\"wpforms-field-label wpforms-label-hide\">AVG <span class=\"wpforms-required-label\">*<\/span><\/label><ul id=\"wpforms-34420-field_5\" class=\"wpforms-field-required\"><li class=\"choice-1 depth-1\"><input type=\"checkbox\" id=\"wpforms-34420-field_5_1\" name=\"wpforms[fields][5][]\" value=\"By using this form you agree to the storage and processing of your data by this website. (GDPR)\" required ><label class=\"wpforms-field-label-inline\" for=\"wpforms-34420-field_5_1\">By using this form you agree to the storage and processing of your data by this website. (GDPR)<\/label><\/li><\/ul><\/div><\/div><!-- .wpforms-field-container --><div class=\"wpforms-recaptcha-container wpforms-is-turnstile\" ><div class=\"wpforms-turnstile\" data-sitekey=\"0x4AAAAAAADBwFxZL1HI__7f\" data-action=\"FormID-34420\"><\/div><input type=\"text\" name=\"g-recaptcha-hidden\" class=\"wpforms-recaptcha-hidden\" style=\"position:absolute!important;clip:rect(0,0,0,0)!important;height:1px!important;width:1px!important;border:0!important;overflow:hidden!important;padding:0!important;margin:0!important;\" data-rule-turnstile=\"1\"><\/div><div class=\"wpforms-submit-container\" ><input type=\"hidden\" name=\"wpforms[id]\" value=\"34420\"><input type=\"hidden\" name=\"page_title\" value=\"\"><input type=\"hidden\" name=\"page_url\" value=\"https:\/\/www.manukanewzealand.com\/tr\/wp-json\/wp\/v2\/pages\/34413\"><input type=\"hidden\" name=\"url_referer\" value=\"\"><button type=\"submit\" name=\"wpforms[submit]\" id=\"wpforms-submit-34420\" class=\"wpforms-submit\" data-alt-text=\"This form has been sent\" data-submit-text=\"Submit\" aria-live=\"assertive\" value=\"wpforms-submit\">Submit<\/button><img decoding=\"async\" src=\"https:\/\/www.manukanewzealand.com\/wp-content\/plugins\/wpforms-lite\/assets\/images\/submit-spin.svg\" class=\"wpforms-submit-spinner\" style=\"display: none;\" width=\"26\" height=\"26\" alt=\"Y\u00fckleniyor\"><\/div><\/form><\/div>  <!-- .wpforms-container -->\n\n\t\t<\/div>\n\t\t\t\t\t<\/div>\n\n\t\n<\/div>\n\t\t<\/div>\n\n\t\t\n<style>\n#section_1743466918 {\n  padding-top: 30px;\n  padding-bottom: 30px;\n}\n<\/style>\n\t<\/section>\n\t\n","protected":false},"excerpt":{"rendered":"","protected":false},"author":2,"featured_media":0,"parent":0,"menu_order":0,"comment_status":"closed","ping_status":"closed","template":"","meta":{"footnotes":""},"class_list":["post-34413","page","type-page","status-publish","hentry"],"yoast_head":"<!-- This site is optimized with the Yoast SEO plugin v27.3 - https:\/\/yoast.com\/product\/yoast-seo-wordpress\/ -->\n<title>Global Distributor Partnership Application - Distributors wanted - MNZ - Manuka New Zealand - The Best Raw Manuka Honey | Global<\/title>\n<meta name=\"description\" content=\"Join MNZ as we expand our global network, seeking experienced Global wholesale distributors passionate about high-quality, raw manuka honey. Discover the unique benefits and market potential of partnering with a renowned manuka honey manufacturer\" \/>\n<meta name=\"robots\" content=\"index, follow, max-snippet:-1, max-image-preview:large, max-video-preview:-1\" \/>\n<link rel=\"canonical\" href=\"https:\/\/www.manukanewzealand.com\/tr\/distributorapplication\/\" \/>\n<meta property=\"og:locale\" content=\"tr_TR\" \/>\n<meta property=\"og:type\" content=\"article\" \/>\n<meta property=\"og:title\" content=\"Global Distributor Partnership Application - Distributors wanted - MNZ - Manuka New Zealand - The Best Raw Manuka Honey | Global\" \/>\n<meta property=\"og:description\" content=\"Join MNZ as we expand our global network, seeking experienced Global wholesale distributors passionate about high-quality, raw manuka honey. Discover the unique benefits and market potential of partnering with a renowned manuka honey manufacturer\" \/>\n<meta property=\"og:url\" content=\"https:\/\/www.manukanewzealand.com\/tr\/distributorapplication\/\" \/>\n<meta property=\"og:site_name\" content=\"MNZ - Manuka New Zealand - The Best Raw Manuka Honey | Global\" \/>\n<meta property=\"article:modified_time\" content=\"2026-02-18T14:42:12+00:00\" \/>\n<meta property=\"og:image\" content=\"https:\/\/www.manukanewzealand.com\/wp-content\/uploads\/2022\/11\/mnz-logo-200x200-1-1.png\" \/>\n\t<meta property=\"og:image:width\" content=\"200\" \/>\n\t<meta property=\"og:image:height\" content=\"200\" \/>\n\t<meta property=\"og:image:type\" content=\"image\/png\" \/>\n<meta name=\"twitter:card\" content=\"summary_large_image\" \/>\n<meta name=\"twitter:label1\" content=\"Tahmini okuma s\u00fcresi\" \/>\n\t<meta name=\"twitter:data1\" content=\"1 dakika\" \/>\n<script type=\"application\/ld+json\" class=\"yoast-schema-graph\">{\"@context\":\"https:\\\/\\\/schema.org\",\"@graph\":[{\"@type\":\"WebPage\",\"@id\":\"https:\\\/\\\/www.manukanewzealand.com\\\/distributorapplication\\\/\",\"url\":\"https:\\\/\\\/www.manukanewzealand.com\\\/distributorapplication\\\/\",\"name\":\"Global Distributor Partnership Application - Distributors wanted - MNZ - Manuka New Zealand - The Best Raw Manuka Honey | Global\",\"isPartOf\":{\"@id\":\"https:\\\/\\\/www.manukanewzealand.com\\\/es\\\/#website\"},\"datePublished\":\"2024-04-16T10:35:33+00:00\",\"dateModified\":\"2026-02-18T14:42:12+00:00\",\"description\":\"Join MNZ as we expand our global network, seeking experienced Global wholesale distributors passionate about high-quality, raw manuka honey. Discover the unique benefits and market potential of partnering with a renowned manuka honey manufacturer\",\"breadcrumb\":{\"@id\":\"https:\\\/\\\/www.manukanewzealand.com\\\/distributorapplication\\\/#breadcrumb\"},\"inLanguage\":\"tr\",\"potentialAction\":[{\"@type\":\"ReadAction\",\"target\":[\"https:\\\/\\\/www.manukanewzealand.com\\\/distributorapplication\\\/\"]}]},{\"@type\":\"BreadcrumbList\",\"@id\":\"https:\\\/\\\/www.manukanewzealand.com\\\/distributorapplication\\\/#breadcrumb\",\"itemListElement\":[{\"@type\":\"ListItem\",\"position\":1,\"name\":\"Home\",\"item\":\"https:\\\/\\\/www.manukanewzealand.com\\\/\"},{\"@type\":\"ListItem\",\"position\":2,\"name\":\"Global Distributor Partnership Application &#8211; Distributors wanted\"}]},{\"@type\":\"WebSite\",\"@id\":\"https:\\\/\\\/www.manukanewzealand.com\\\/es\\\/#website\",\"url\":\"https:\\\/\\\/www.manukanewzealand.com\\\/es\\\/\",\"name\":\"MNZ - Manuka New Zealand - The Best Raw Manuka Honey | Global\",\"description\":\"\",\"publisher\":{\"@id\":\"https:\\\/\\\/www.manukanewzealand.com\\\/es\\\/#organization\"},\"potentialAction\":[{\"@type\":\"SearchAction\",\"target\":{\"@type\":\"EntryPoint\",\"urlTemplate\":\"https:\\\/\\\/www.manukanewzealand.com\\\/es\\\/?s={search_term_string}\"},\"query-input\":{\"@type\":\"PropertyValueSpecification\",\"valueRequired\":true,\"valueName\":\"search_term_string\"}}],\"inLanguage\":\"tr\"},{\"@type\":\"Organization\",\"@id\":\"https:\\\/\\\/www.manukanewzealand.com\\\/es\\\/#organization\",\"name\":\"MNZ - Manuka New Zealand - The Best Raw Manuka Honey | Global\",\"url\":\"https:\\\/\\\/www.manukanewzealand.com\\\/es\\\/\",\"logo\":{\"@type\":\"ImageObject\",\"inLanguage\":\"tr\",\"@id\":\"https:\\\/\\\/www.manukanewzealand.com\\\/es\\\/#\\\/schema\\\/logo\\\/image\\\/\",\"url\":\"https:\\\/\\\/www.manukanewzealand.com\\\/wp-content\\\/uploads\\\/2022\\\/11\\\/mnz-logo-200x200-1-1.png\",\"contentUrl\":\"https:\\\/\\\/www.manukanewzealand.com\\\/wp-content\\\/uploads\\\/2022\\\/11\\\/mnz-logo-200x200-1-1.png\",\"width\":200,\"height\":200,\"caption\":\"MNZ - Manuka New Zealand - The Best Raw Manuka Honey | Global\"},\"image\":{\"@id\":\"https:\\\/\\\/www.manukanewzealand.com\\\/es\\\/#\\\/schema\\\/logo\\\/image\\\/\"}}]}<\/script>\n<!-- \/ Yoast SEO plugin. -->","yoast_head_json":{"title":"K\u00fcresel Distrib\u00fct\u00f6r Ortakl\u0131\u011f\u0131 Ba\u015fvurusu - Distrib\u00fct\u00f6rler aran\u0131yor - MNZ - Manuka Yeni Zelanda - En \u0130yi Ham Manuka Bal\u0131 | K\u00fcresel","description":"Y\u00fcksek kaliteli, ham manuka bal\u0131 konusunda tutkulu, deneyimli K\u00fcresel toptan sat\u0131\u015f distrib\u00fct\u00f6rleri arayarak k\u00fcresel a\u011f\u0131m\u0131z\u0131 geni\u015fletirken MNZ'ye kat\u0131l\u0131n. Tan\u0131nm\u0131\u015f bir manuka bal\u0131 \u00fcreticisi ile ortakl\u0131k kurman\u0131n benzersiz faydalar\u0131n\u0131 ve pazar potansiyelini ke\u015ffedin","robots":{"index":"index","follow":"follow","max-snippet":"max-snippet:-1","max-image-preview":"max-image-preview:large","max-video-preview":"max-video-preview:-1"},"canonical":"https:\/\/www.manukanewzealand.com\/tr\/distributorapplication\/","og_locale":"tr_TR","og_type":"article","og_title":"Global Distributor Partnership Application - Distributors wanted - MNZ - Manuka New Zealand - The Best Raw Manuka Honey | Global","og_description":"Join MNZ as we expand our global network, seeking experienced Global wholesale distributors passionate about high-quality, raw manuka honey. Discover the unique benefits and market potential of partnering with a renowned manuka honey manufacturer","og_url":"https:\/\/www.manukanewzealand.com\/tr\/distributorapplication\/","og_site_name":"MNZ - Manuka New Zealand - The Best Raw Manuka Honey | Global","article_modified_time":"2026-02-18T14:42:12+00:00","og_image":[{"width":200,"height":200,"url":"https:\/\/www.manukanewzealand.com\/wp-content\/uploads\/2022\/11\/mnz-logo-200x200-1-1.png","type":"image\/png"}],"twitter_card":"summary_large_image","twitter_misc":{"Tahmini okuma s\u00fcresi":"1 dakika"},"schema":{"@context":"https:\/\/schema.org","@graph":[{"@type":"WebPage","@id":"https:\/\/www.manukanewzealand.com\/distributorapplication\/","url":"https:\/\/www.manukanewzealand.com\/distributorapplication\/","name":"K\u00fcresel Distrib\u00fct\u00f6r Ortakl\u0131\u011f\u0131 Ba\u015fvurusu - Distrib\u00fct\u00f6rler aran\u0131yor - MNZ - Manuka Yeni Zelanda - En \u0130yi Ham Manuka Bal\u0131 | K\u00fcresel","isPartOf":{"@id":"https:\/\/www.manukanewzealand.com\/es\/#website"},"datePublished":"2024-04-16T10:35:33+00:00","dateModified":"2026-02-18T14:42:12+00:00","description":"Y\u00fcksek kaliteli, ham manuka bal\u0131 konusunda tutkulu, deneyimli K\u00fcresel toptan sat\u0131\u015f distrib\u00fct\u00f6rleri arayarak k\u00fcresel a\u011f\u0131m\u0131z\u0131 geni\u015fletirken MNZ'ye kat\u0131l\u0131n. Tan\u0131nm\u0131\u015f bir manuka bal\u0131 \u00fcreticisi ile ortakl\u0131k kurman\u0131n benzersiz faydalar\u0131n\u0131 ve pazar potansiyelini ke\u015ffedin","breadcrumb":{"@id":"https:\/\/www.manukanewzealand.com\/distributorapplication\/#breadcrumb"},"inLanguage":"tr","potentialAction":[{"@type":"ReadAction","target":["https:\/\/www.manukanewzealand.com\/distributorapplication\/"]}]},{"@type":"BreadcrumbList","@id":"https:\/\/www.manukanewzealand.com\/distributorapplication\/#breadcrumb","itemListElement":[{"@type":"ListItem","position":1,"name":"Home","item":"https:\/\/www.manukanewzealand.com\/"},{"@type":"ListItem","position":2,"name":"Global Distributor Partnership Application &#8211; Distributors wanted"}]},{"@type":"WebSite","@id":"https:\/\/www.manukanewzealand.com\/es\/#website","url":"https:\/\/www.manukanewzealand.com\/es\/","name":"MNZ - Manuka Yeni Zelanda - En \u0130yi Ham Manuka Bal\u0131 | K\u00fcresel","description":"","publisher":{"@id":"https:\/\/www.manukanewzealand.com\/es\/#organization"},"potentialAction":[{"@type":"SearchAction","target":{"@type":"EntryPoint","urlTemplate":"https:\/\/www.manukanewzealand.com\/es\/?s={search_term_string}"},"query-input":{"@type":"PropertyValueSpecification","valueRequired":true,"valueName":"search_term_string"}}],"inLanguage":"tr"},{"@type":"Organization","@id":"https:\/\/www.manukanewzealand.com\/es\/#organization","name":"MNZ - Manuka Yeni Zelanda - En \u0130yi Ham Manuka Bal\u0131 | K\u00fcresel","url":"https:\/\/www.manukanewzealand.com\/es\/","logo":{"@type":"ImageObject","inLanguage":"tr","@id":"https:\/\/www.manukanewzealand.com\/es\/#\/schema\/logo\/image\/","url":"https:\/\/www.manukanewzealand.com\/wp-content\/uploads\/2022\/11\/mnz-logo-200x200-1-1.png","contentUrl":"https:\/\/www.manukanewzealand.com\/wp-content\/uploads\/2022\/11\/mnz-logo-200x200-1-1.png","width":200,"height":200,"caption":"MNZ - Manuka New Zealand - The Best Raw Manuka Honey | Global"},"image":{"@id":"https:\/\/www.manukanewzealand.com\/es\/#\/schema\/logo\/image\/"}}]}},"_links":{"self":[{"href":"https:\/\/www.manukanewzealand.com\/tr\/wp-json\/wp\/v2\/pages\/34413","targetHints":{"allow":["GET"]}}],"collection":[{"href":"https:\/\/www.manukanewzealand.com\/tr\/wp-json\/wp\/v2\/pages"}],"about":[{"href":"https:\/\/www.manukanewzealand.com\/tr\/wp-json\/wp\/v2\/types\/page"}],"author":[{"embeddable":true,"href":"https:\/\/www.manukanewzealand.com\/tr\/wp-json\/wp\/v2\/users\/2"}],"replies":[{"embeddable":true,"href":"https:\/\/www.manukanewzealand.com\/tr\/wp-json\/wp\/v2\/comments?post=34413"}],"version-history":[{"count":1,"href":"https:\/\/www.manukanewzealand.com\/tr\/wp-json\/wp\/v2\/pages\/34413\/revisions"}],"predecessor-version":[{"id":35318,"href":"https:\/\/www.manukanewzealand.com\/tr\/wp-json\/wp\/v2\/pages\/34413\/revisions\/35318"}],"wp:attachment":[{"href":"https:\/\/www.manukanewzealand.com\/tr\/wp-json\/wp\/v2\/media?parent=34413"}],"curies":[{"name":"wp","href":"https:\/\/api.w.org\/{rel}","templated":true}]}}