{"id":34168,"date":"2023-07-18T15:42:12","date_gmt":"2023-07-18T14:42:12","guid":{"rendered":"https:\/\/www.manukanewzealand.com\/?page_id=34168"},"modified":"2026-02-18T15:03:34","modified_gmt":"2026-02-18T14:03:34","slug":"wireless-frequency-protection","status":"publish","type":"page","link":"https:\/\/www.manukanewzealand.com\/tr\/wireless-frequency-protection\/","title":{"rendered":"Kablosuz Frekans Korumas\u0131"},"content":{"rendered":"<div id=\"page-header-802920346\" class=\"page-header-wrapper\">\n  <div class=\"page-title dark divided-title\">\n\n        <div class=\"page-title-bg\">\n      <div class=\"title-bg fill bg-fill\"\n        data-parallax-container=\".page-title\"\n        data-parallax-background\n data-parallax=\"-\">\n      <\/div>\n      <div class=\"title-overlay fill\"><\/div>\n    <\/div>\n    \n    <div class=\"page-title-inner container align-center flex-row medium-flex-wrap\" >\n              <div class=\"title-wrapper flex-col text-left medium-text-center\">\n          <h1 class=\"entry-title mb-0\">\n            Kablosuz Frekans Korumas\u0131          <\/h1>\n        <\/div>\n                    <div class=\"title-content flex-col flex-right text-right medium-text-center\">\n        <div class=\"title-breadcrumbs pb-half pt-half\"><nav class=\"woocommerce-breadcrumb breadcrumbs\" aria-label=\"Ekmek k\u0131r\u0131nt\u0131s\u0131\">Ev<\/nav><\/div>      <\/div>\n    <\/div>\n\n     \n<style>\n#page-header-802920346 .page-title-inner {\n  min-height: 250px;\n}\n#page-header-802920346 .title-bg {\n  background-image: url(https:\/\/www.manukanewzealand.com\/wp-content\/uploads\/2026\/02\/mnz-header-2.jpg);\n}\n<\/style>\n  <\/div>\n  <div class=\"container header-wrapper-divider\"><hr\/><\/div>  <\/div>\n  \n\n\t<section class=\"section\" id=\"section_543933270\">\n\t\t<div class=\"section-bg fill\" >\n\t\t\t\t\t\t\t\t\t\n\t\t\t\n\n\t\t<\/div>\n\n\t\t\n\n\t\t<div class=\"section-content relative\">\n\t\t\t\n<div class=\"row align-middle align-center\"  id=\"row-203159736\">\n\n\t<div id=\"col-163921575\" class=\"col medium-12 small-12 large-8\"  >\n\t\t\t\t<div class=\"col-inner\"  >\n\t\t\t\n\t\t\t\n<p>Son y\u0131llarda, kablosuz ileti\u015fim altyap\u0131s\u0131 da dahil olmak \u00fczere baz\u0131 \u00e7evresel fakt\u00f6rlere uzun s\u00fcre maruz kalman\u0131n bal ar\u0131s\u0131 sa\u011fl\u0131\u011f\u0131 \u00fczerindeki olas\u0131 etkileri hakk\u0131nda tart\u0131\u015fmalar ortaya \u00e7\u0131km\u0131\u015ft\u0131r. Ar\u0131lar tozla\u015fma ve ekosistem dengesinde hayati bir rol oynad\u0131\u011f\u0131ndan, sorumlu kovan y\u00f6netimi, \u00e7evrelerinin dikkatli bir \u015fekilde dikkate al\u0131nmas\u0131n\u0131 gerektirir.<\/p>\n<p>MNZ kovan yerle\u015ftirme stratejisinde ihtiyatl\u0131 bir yakla\u015f\u0131m izlemektedir. Ar\u0131 kovanlar\u0131m\u0131z kas\u0131tl\u0131 olarak \u00e7evredeki altyap\u0131n\u0131n en az oldu\u011fu uzak, k\u0131rsal yerlere yerle\u015ftirilmektedir. \u00d6zenle se\u00e7ilen bu alanlar yaln\u0131zca Manuka a\u011fa\u00e7lar\u0131n\u0131n bollu\u011fu i\u00e7in de\u011fil, ayn\u0131 zamanda yo\u011fun insan faaliyetlerinden ve b\u00fcy\u00fck \u00f6l\u00e7ekli tesislerden uzakl\u0131klar\u0131 i\u00e7in de se\u00e7ilmi\u015ftir.<\/p>\n<p>Ah\u015fap ar\u0131 kovanlar\u0131m\u0131z\u0131 izole ve do\u011fal ortamlara yerle\u015ftirerek MNZ, ar\u0131lar\u0131n y\u00f6n bulma ve ev arama becerileri de dahil olmak \u00fczere do\u011fal davran\u0131\u015flar\u0131n\u0131 destekleyen istikrarl\u0131 ko\u015fullar sa\u011flamay\u0131 ama\u00e7lamaktad\u0131r. Bu yakla\u015f\u0131m, ar\u0131 refah\u0131 ve s\u00fcrd\u00fcr\u00fclebilir ar\u0131c\u0131l\u0131k uygulamalar\u0131na y\u00f6nelik daha geni\u015f taahh\u00fcd\u00fcm\u00fcz\u00fcn bir par\u00e7as\u0131n\u0131 olu\u015fturmaktad\u0131r.<\/p>\n\t\t<\/div>\n\t\t\t\t\t<\/div>\n\n\t\n\n\t<div id=\"col-796516515\" class=\"col medium-12 small-12 large-4\"  >\n\t\t\t\t<div class=\"col-inner text-center\"  >\n\t\t\t\n\t\t\t\n\t<div class=\"img has-hover x md-x lg-x y md-y lg-y\" id=\"image_1211570367\">\n\t\t\t\t\t\t\t\t<div class=\"img-inner dark\" >\n\t\t\t<img decoding=\"async\" width=\"595\" height=\"842\" src=\"https:\/\/www.manukanewzealand.com\/wp-content\/uploads\/2023\/04\/beeprotective-logo-fc-1.webp\" class=\"attachment-original size-original\" alt=\"\" srcset=\"https:\/\/www.manukanewzealand.com\/wp-content\/uploads\/2023\/04\/beeprotective-logo-fc-1.webp 595w, https:\/\/www.manukanewzealand.com\/wp-content\/uploads\/2023\/04\/beeprotective-logo-fc-1-500x708.webp 500w, https:\/\/www.manukanewzealand.com\/wp-content\/uploads\/2023\/04\/beeprotective-logo-fc-1-212x300.webp 212w, https:\/\/www.manukanewzealand.com\/wp-content\/uploads\/2023\/04\/beeprotective-logo-fc-1-8x12.webp 8w\" sizes=\"(max-width: 595px) 100vw, 595px\" \/>\t\t\t\t\t\t\n\t\t\t\t\t<\/div>\n\t\t\t\t\t\t\t\t\n<style>\n#image_1211570367 {\n  width: 42%;\n}\n<\/style>\n\t<\/div>\n\t\n\t\t<\/div>\n\t\t\t\t\n<style>\n#col-796516515 > .col-inner {\n  max-width: 500px;\n}\n<\/style>\n\t<\/div>\n\n\t\n<\/div>\n\t\t<\/div>\n\n\t\t\n<style>\n#section_543933270 {\n  padding-top: 30px;\n  padding-bottom: 30px;\n}\n<\/style>\n\t<\/section>\n\t\n\n\t<section class=\"section has-parallax\" id=\"section_328831655\">\n\t\t<div class=\"section-bg fill\" data-parallax-container=\".section\" data-parallax-background data-parallax=\"-4\">\n\t\t\t<img decoding=\"async\" width=\"500\" height=\"500\" src=\"https:\/\/www.manukanewzealand.com\/wp-content\/uploads\/2024\/12\/bees.jpg\" class=\"bg attachment-original size-original\" alt=\"\" \/>\t\t\t\t\t\t<div class=\"section-bg-overlay absolute fill\"><\/div>\n\t\t\t\n\n\t\t<\/div>\n\n\t\t\n\n\t\t<div class=\"section-content relative\">\n\t\t\t\n<div class=\"row\"  id=\"row-1713677267\">\n\n\t<div id=\"col-964571757\" class=\"col small-12 large-12\"  >\n\t\t\t\t<div class=\"col-inner dark\"  >\n\t\t\t\n\t\t\t\n\t<div id=\"text-2933558136\" class=\"text\">\n\t\t\n<h4><strong>\u00d6zet<\/strong><\/h4>\n<div>Kentle\u015fme ve kablosuz teknolojilerin artan kullan\u0131m\u0131, n\u00fcfusun yo\u011fun oldu\u011fu b\u00f6lgelerde radyofrekans elektromanyetik alanlar\u0131n (RF-EMF) daha y\u00fcksek emisyon oranlar\u0131na yol a\u00e7maktad\u0131r. Bu insan kaynakl\u0131 elektromanyetik radyasyon bir t\u00fcr \u00e7evre kirlili\u011fidir ve ar\u0131lar veya di\u011fer u\u00e7an b\u00f6cekler \u00fczerinde potansiyel bir stres fakt\u00f6r\u00fcd\u00fcr. \u015eehirlerde genellikle, kablosuz teknolojiler taraf\u0131ndan yayg\u0131n olarak kullan\u0131lan 2,4 ve 5,8 GHz bantlar\u0131nda elektromanyetik frekanslar \u00fcreten mikrodalga frekanslar\u0131nda \u00e7al\u0131\u015fan kablosuz cihazlar\u0131n yo\u011funlu\u011fu y\u00fcksektir. Bug\u00fcne kadar iyonla\u015ft\u0131r\u0131c\u0131 olmayan elektromanyetik radyasyonun b\u00f6ceklerin canl\u0131l\u0131\u011f\u0131 ve davran\u0131\u015flar\u0131 \u00fczerindeki etkileri tam olarak anla\u015f\u0131lamam\u0131\u015ft\u0131r. Deneyimizde model organizma olarak bal ar\u0131lar\u0131n\u0131 kulland\u0131k ve 2.4 ve 5.8 GHz'e tan\u0131mlanm\u0131\u015f maruziyetlerin yavru geli\u015fimi, uzun \u00f6m\u00fcrl\u00fcl\u00fck ve davran\u0131\u015f \u00fczerindeki etkilerini analiz ettik.<br \/>saha ko\u015fullar\u0131 alt\u0131nda hedef arama yetene\u011fi. Bu radyasyonu \u00fcretmek i\u00e7in, Karlsruhe Teknoloji Enstit\u00fcs\u00fc \u0130leti\u015fim M\u00fchendisli\u011fi Laboratuvar\u0131 (CEL) taraf\u0131ndan bu deney i\u00e7in tasarlanan tutarl\u0131, tan\u0131mlanabilir ve ger\u00e7ek\u00e7i bir elektromanyetik radyasyon \u00fcreten y\u00fcksek kaliteli bir radyasyon kayna\u011f\u0131 kulland\u0131k. Elde etti\u011fimiz sonu\u00e7lar, uzun s\u00fcreli maruziyetlerin bal ar\u0131lar\u0131n\u0131n ev arama yetene\u011fi \u00fczerinde \u00f6nemli etkileri oldu\u011funu, ancak yavru geli\u015fimi ve yeti\u015fkin i\u015f\u00e7i \u00f6mr\u00fc \u00fczerinde herhangi bir etkisi olmad\u0131\u011f\u0131n\u0131 g\u00f6stermektedir. Bu yeni ve y\u00fcksek kaliteli teknik d\u00fczene\u011fi kullanan bu disiplinler aras\u0131 \u00e7al\u0131\u015fma, yayg\u0131n olarak kullan\u0131lan bu frekanslar\u0131n serbest u\u00e7an bal ar\u0131lar\u0131n\u0131n \u00f6nemli uygunluk parametreleri \u00fczerindeki etkileri hakk\u0131nda yeni veriler sa\u011flamaktad\u0131r.\u00a0<strong>M. Treder, M. M\u00fcller, L. Fellner ve di\u011ferleri, Bal ar\u0131s\u0131 kolonilerinin sim\u00fcle edilmi\u015f radyofrekans elektromanyetik alanlara (RFEMF) tan\u0131ml\u0131 maruziyeti: Yavru geli\u015fimi ya da uzun \u00f6m\u00fcrl\u00fcl\u00fck \u00fczerinde de\u011fil ama hedef arama yetene\u011fi \u00fczerinde olumsuz etkiler, Science of the Total Environment (2023) https:\/\/doi.org\/10.1016\/j.scitotenv.2023.165211<\/strong><\/div>\n\t\t\n<style>\n#text-2933558136 {\n  font-size: 0.8rem;\n}\n<\/style>\n\t<\/div>\n\t\n\t\t<\/div>\n\t\t\t\t\t<\/div>\n\n\t\n<\/div>\n\t\t<\/div>\n\n\t\t\n<style>\n#section_328831655 {\n  padding-top: 30px;\n  padding-bottom: 30px;\n}\n#section_328831655 .section-bg-overlay {\n  background-color: rgba(0, 0, 0, 0.419);\n}\n#section_328831655 .section-bg img {\n  object-position: 35% 53%;\n}\n<\/style>\n\t<\/section>\n\t\n\n\t<section class=\"section\" id=\"section_1670974852\">\n\t\t<div class=\"section-bg fill\" >\n\t\t\t\t\t\t\t\t\t\n\t\t\t\n\n\t\t<\/div>\n\n\t\t\n\n\t\t<div class=\"section-content relative\">\n\t\t\t\n<div class=\"row\"  id=\"row-360809469\">\n\n\t<div id=\"col-464815636\" class=\"col small-12 large-12\"  >\n\t\t\t\t<div class=\"col-inner\"  >\n\t\t\t\n\t\t\t\n<p>MNZ'nin kovanlar\u0131 b\u00fcy\u00fck \u00f6l\u00e7ekli altyap\u0131dan uzakta konumland\u0131rma karar\u0131, ar\u0131 refah\u0131na y\u00f6nelik daha geni\u015f taahh\u00fcd\u00fcm\u00fcz\u00fcn bir par\u00e7as\u0131n\u0131 olu\u015fturmaktad\u0131r. Kolonilerimiz i\u00e7in istikrarl\u0131 ve rahats\u0131z edilmeyen ko\u015fullar sa\u011flayan uzak, do\u011fal konumlara \u00f6ncelik veriyoruz.<\/p>\n<p>Ar\u0131lar, yiyecek aramak ve kovana g\u00fcvenli bir \u015fekilde d\u00f6nmek i\u00e7in son derece geli\u015fmi\u015f y\u00f6n bulma ve y\u00f6n bulma yeteneklerine g\u00fcvenirler. MNZ, \u00e7evredeki faaliyetlerin en az oldu\u011fu izole k\u0131rsal alanlar\u0131 se\u00e7erek, bu davran\u0131\u015flar\u0131n gereksiz d\u0131\u015f rahats\u0131zl\u0131klar olmadan i\u015flemesine olanak tan\u0131yan do\u011fal bir ortam\u0131 desteklemektedir.<\/p>\n<p>Bu ihtiyati yakla\u015f\u0131m, sa\u011fl\u0131kl\u0131 kolonileri ve s\u00fcrd\u00fcr\u00fclebilir ar\u0131c\u0131l\u0131k uygulamalar\u0131n\u0131 s\u00fcrd\u00fcrmeye olan ba\u011fl\u0131l\u0131\u011f\u0131m\u0131z\u0131 yans\u0131tmaktad\u0131r. Kovan yerle\u015ftirme, d\u00fczenli kovan denetimlerini, s\u0131k\u0131 kalite kontrol prosed\u00fcrlerini ve Yeni Zelanda h\u00fck\u00fcmet d\u00fczenlemelerine tam uyumu i\u00e7eren kapsaml\u0131 bir Ar\u0131 Koruma ve Sa\u011fl\u0131k Program\u0131n\u0131n yaln\u0131zca bir unsurudur.<\/p>\n<p>Sorumlu kovan y\u00f6netimine ve \u00f6zenle se\u00e7ilmi\u015f ortamlara odaklanan MNZ, y\u00fcksek kaliteli, ham, filtrelenmemi\u015f ve past\u00f6rize edilmemi\u015f monofloral Manuka bal\u0131 \u00fcretirken ar\u0131lar\u0131n\u0131n refah\u0131n\u0131 korumak i\u00e7in \u00e7al\u0131\u015fmaktad\u0131r. Sa\u011fl\u0131kl\u0131 tozlay\u0131c\u0131lar\u0131 desteklemek, uzun vadeli s\u00fcrd\u00fcr\u00fclebilirli\u011fimizin ve do\u011fal \u00fcretim standartlar\u0131na ba\u011fl\u0131l\u0131\u011f\u0131m\u0131z\u0131n merkezinde yer almaktad\u0131r.<\/p>\n\t\t<\/div>\n\t\t\t\t\t<\/div>\n\n\t\n\n<style>\n#row-360809469 > .col > .col-inner {\n  padding: 50px 0px 0px 0px;\n}\n<\/style>\n<\/div>\n<div class=\"row\"  id=\"row-1988411425\">\n\n\t<div id=\"col-2038391443\" class=\"col small-12 large-12\"  >\n\t\t\t\t<div class=\"col-inner\"  >\n\t\t\t\n\t\t\t\n\t<div id=\"stack-951956336\" class=\"stack stack-row justify-center items-center\">\n\t\t\n\t<div class=\"img has-hover x md-x lg-x y md-y lg-y\" id=\"image_965723763\">\n\t\t\t\t\t\t\t\t<div class=\"img-inner dark\" >\n\t\t\t<img decoding=\"async\" width=\"212\" height=\"300\" src=\"https:\/\/www.manukanewzealand.com\/wp-content\/uploads\/2023\/04\/beeprotective-logo-fc-1-212x300.webp\" class=\"attachment-medium size-medium\" alt=\"\" srcset=\"https:\/\/www.manukanewzealand.com\/wp-content\/uploads\/2023\/04\/beeprotective-logo-fc-1-212x300.webp 212w, https:\/\/www.manukanewzealand.com\/wp-content\/uploads\/2023\/04\/beeprotective-logo-fc-1-500x708.webp 500w, https:\/\/www.manukanewzealand.com\/wp-content\/uploads\/2023\/04\/beeprotective-logo-fc-1-8x12.webp 8w, https:\/\/www.manukanewzealand.com\/wp-content\/uploads\/2023\/04\/beeprotective-logo-fc-1.webp 595w\" sizes=\"(max-width: 212px) 100vw, 212px\" \/>\t\t\t\t\t\t\n\t\t\t\t\t<\/div>\n\t\t\t\t\t\t\t\t\n<style>\n#image_965723763 {\n  width: 30%;\n}\n@media (min-width:550px) {\n  #image_965723763 {\n    width: 24%;\n  }\n}\n@media (min-width:850px) {\n  #image_965723763 {\n    width: 15%;\n  }\n}\n<\/style>\n\t<\/div>\n\t\n\t<div class=\"img has-hover x md-x lg-x y md-y lg-y\" id=\"image_1910096859\">\n\t\t\t\t\t\t\t\t<div class=\"img-inner dark\" >\n\t\t\t<img decoding=\"async\" width=\"300\" height=\"300\" src=\"https:\/\/www.manukanewzealand.com\/wp-content\/uploads\/2022\/02\/Manuka-ID-1-300x300.png\" class=\"attachment-medium size-medium\" alt=\"\" srcset=\"https:\/\/www.manukanewzealand.com\/wp-content\/uploads\/2022\/02\/Manuka-ID-1-300x300.png 300w, https:\/\/www.manukanewzealand.com\/wp-content\/uploads\/2022\/02\/Manuka-ID-1-500x500.png 500w, https:\/\/www.manukanewzealand.com\/wp-content\/uploads\/2022\/02\/Manuka-ID-1-100x100.png 100w, https:\/\/www.manukanewzealand.com\/wp-content\/uploads\/2022\/02\/Manuka-ID-1-80x80.png 80w, https:\/\/www.manukanewzealand.com\/wp-content\/uploads\/2022\/02\/Manuka-ID-1-12x12.png 12w, https:\/\/www.manukanewzealand.com\/wp-content\/uploads\/2022\/02\/Manuka-ID-1.png 573w\" sizes=\"(max-width: 300px) 100vw, 300px\" \/>\t\t\t\t\t\t\n\t\t\t\t\t<\/div>\n\t\t\t\t\t\t\t\t\n<style>\n#image_1910096859 {\n  width: 39%;\n}\n@media (min-width:550px) {\n  #image_1910096859 {\n    width: 32%;\n  }\n}\n@media (min-width:850px) {\n  #image_1910096859 {\n    width: 22%;\n  }\n}\n<\/style>\n\t<\/div>\n\t\n\t<div class=\"img has-hover x md-x lg-x y md-y lg-y\" id=\"image_1085775257\">\n\t\t\t\t\t\t\t\t<div class=\"img-inner dark\" >\n\t\t\t<img decoding=\"async\" width=\"240\" height=\"300\" src=\"https:\/\/www.manukanewzealand.com\/wp-content\/uploads\/2023\/04\/mnz-regular-logo-240x300.webp\" class=\"attachment-medium size-medium\" alt=\"\" srcset=\"https:\/\/www.manukanewzealand.com\/wp-content\/uploads\/2023\/04\/mnz-regular-logo-240x300.webp 240w, https:\/\/www.manukanewzealand.com\/wp-content\/uploads\/2023\/04\/mnz-regular-logo-500x624.webp 500w, https:\/\/www.manukanewzealand.com\/wp-content\/uploads\/2023\/04\/mnz-regular-logo-64x80.webp 64w, https:\/\/www.manukanewzealand.com\/wp-content\/uploads\/2023\/04\/mnz-regular-logo.webp 585w\" sizes=\"(max-width: 240px) 100vw, 240px\" \/>\t\t\t\t\t\t\n\t\t\t\t\t<\/div>\n\t\t\t\t\t\t\t\t\n<style>\n#image_1085775257 {\n  width: 26%;\n}\n@media (min-width:550px) {\n  #image_1085775257 {\n    width: 21%;\n  }\n}\n@media (min-width:850px) {\n  #image_1085775257 {\n    width: 13%;\n  }\n}\n<\/style>\n\t<\/div>\n\t\n\t\t\n<style>\n#stack-951956336 > * {\n  --stack-gap: 0rem;\n}\n<\/style>\n\t<\/div>\n\t\n\t\t<\/div>\n\t\t\t\t\t<\/div>\n\n\t\n<\/div>\n\t\t<\/div>\n\n\t\t\n<style>\n#section_1670974852 {\n  padding-top: 30px;\n  padding-bottom: 30px;\n}\n<\/style>\n\t<\/section>","protected":false},"excerpt":{"rendered":"","protected":false},"author":2,"featured_media":0,"parent":0,"menu_order":0,"comment_status":"closed","ping_status":"closed","template":"","meta":{"footnotes":""},"class_list":["post-34168","page","type-page","status-publish","hentry"],"yoast_head":"<!-- This site is optimized with the Yoast SEO plugin v27.3 - https:\/\/yoast.com\/product\/yoast-seo-wordpress\/ -->\n<title>Wireless Frequency Protection - MNZ - Manuka New Zealand - The Best Raw Manuka Honey | Global<\/title>\n<meta name=\"robots\" content=\"index, follow, max-snippet:-1, max-image-preview:large, max-video-preview:-1\" \/>\n<link rel=\"canonical\" href=\"https:\/\/www.manukanewzealand.com\/tr\/wireless-frequency-protection\/\" \/>\n<meta property=\"og:locale\" content=\"tr_TR\" \/>\n<meta property=\"og:type\" content=\"article\" \/>\n<meta property=\"og:title\" content=\"Wireless Frequency Protection - MNZ - Manuka New Zealand - The Best Raw Manuka Honey | Global\" \/>\n<meta property=\"og:url\" content=\"https:\/\/www.manukanewzealand.com\/tr\/wireless-frequency-protection\/\" \/>\n<meta property=\"og:site_name\" content=\"MNZ - Manuka New Zealand - The Best Raw Manuka Honey | Global\" \/>\n<meta property=\"article:modified_time\" content=\"2026-02-18T14:03:34+00:00\" \/>\n<meta property=\"og:image\" content=\"https:\/\/www.manukanewzealand.com\/wp-content\/uploads\/2022\/11\/mnz-logo-200x200-1-1.png\" \/>\n\t<meta property=\"og:image:width\" content=\"200\" \/>\n\t<meta property=\"og:image:height\" content=\"200\" \/>\n\t<meta property=\"og:image:type\" content=\"image\/png\" \/>\n<meta name=\"twitter:card\" content=\"summary_large_image\" \/>\n<meta name=\"twitter:label1\" content=\"Tahmini okuma s\u00fcresi\" \/>\n\t<meta name=\"twitter:data1\" content=\"3 dakika\" \/>\n<script type=\"application\/ld+json\" class=\"yoast-schema-graph\">{\"@context\":\"https:\\\/\\\/schema.org\",\"@graph\":[{\"@type\":\"WebPage\",\"@id\":\"https:\\\/\\\/www.manukanewzealand.com\\\/wireless-frequency-protection\\\/\",\"url\":\"https:\\\/\\\/www.manukanewzealand.com\\\/wireless-frequency-protection\\\/\",\"name\":\"Wireless Frequency Protection - MNZ - Manuka New Zealand - The Best Raw Manuka Honey | Global\",\"isPartOf\":{\"@id\":\"https:\\\/\\\/www.manukanewzealand.com\\\/es\\\/#website\"},\"datePublished\":\"2023-07-18T14:42:12+00:00\",\"dateModified\":\"2026-02-18T14:03:34+00:00\",\"breadcrumb\":{\"@id\":\"https:\\\/\\\/www.manukanewzealand.com\\\/wireless-frequency-protection\\\/#breadcrumb\"},\"inLanguage\":\"tr\",\"potentialAction\":[{\"@type\":\"ReadAction\",\"target\":[\"https:\\\/\\\/www.manukanewzealand.com\\\/wireless-frequency-protection\\\/\"]}]},{\"@type\":\"BreadcrumbList\",\"@id\":\"https:\\\/\\\/www.manukanewzealand.com\\\/wireless-frequency-protection\\\/#breadcrumb\",\"itemListElement\":[{\"@type\":\"ListItem\",\"position\":1,\"name\":\"Home\",\"item\":\"https:\\\/\\\/www.manukanewzealand.com\\\/\"},{\"@type\":\"ListItem\",\"position\":2,\"name\":\"Wireless Frequency Protection\"}]},{\"@type\":\"WebSite\",\"@id\":\"https:\\\/\\\/www.manukanewzealand.com\\\/es\\\/#website\",\"url\":\"https:\\\/\\\/www.manukanewzealand.com\\\/es\\\/\",\"name\":\"MNZ - Manuka New Zealand - The Best Raw Manuka Honey | Global\",\"description\":\"\",\"publisher\":{\"@id\":\"https:\\\/\\\/www.manukanewzealand.com\\\/es\\\/#organization\"},\"potentialAction\":[{\"@type\":\"SearchAction\",\"target\":{\"@type\":\"EntryPoint\",\"urlTemplate\":\"https:\\\/\\\/www.manukanewzealand.com\\\/es\\\/?s={search_term_string}\"},\"query-input\":{\"@type\":\"PropertyValueSpecification\",\"valueRequired\":true,\"valueName\":\"search_term_string\"}}],\"inLanguage\":\"tr\"},{\"@type\":\"Organization\",\"@id\":\"https:\\\/\\\/www.manukanewzealand.com\\\/es\\\/#organization\",\"name\":\"MNZ - Manuka New Zealand - The Best Raw Manuka Honey | Global\",\"url\":\"https:\\\/\\\/www.manukanewzealand.com\\\/es\\\/\",\"logo\":{\"@type\":\"ImageObject\",\"inLanguage\":\"tr\",\"@id\":\"https:\\\/\\\/www.manukanewzealand.com\\\/es\\\/#\\\/schema\\\/logo\\\/image\\\/\",\"url\":\"https:\\\/\\\/www.manukanewzealand.com\\\/wp-content\\\/uploads\\\/2022\\\/11\\\/mnz-logo-200x200-1-1.png\",\"contentUrl\":\"https:\\\/\\\/www.manukanewzealand.com\\\/wp-content\\\/uploads\\\/2022\\\/11\\\/mnz-logo-200x200-1-1.png\",\"width\":200,\"height\":200,\"caption\":\"MNZ - Manuka New Zealand - The Best Raw Manuka Honey | Global\"},\"image\":{\"@id\":\"https:\\\/\\\/www.manukanewzealand.com\\\/es\\\/#\\\/schema\\\/logo\\\/image\\\/\"}}]}<\/script>\n<!-- \/ Yoast SEO plugin. -->","yoast_head_json":{"title":"Kablosuz Frekans Korumas\u0131 - MNZ - Manuka Yeni Zelanda - En \u0130yi Ham Manuka Bal\u0131 | K\u00fcresel","robots":{"index":"index","follow":"follow","max-snippet":"max-snippet:-1","max-image-preview":"max-image-preview:large","max-video-preview":"max-video-preview:-1"},"canonical":"https:\/\/www.manukanewzealand.com\/tr\/wireless-frequency-protection\/","og_locale":"tr_TR","og_type":"article","og_title":"Wireless Frequency Protection - MNZ - Manuka New Zealand - The Best Raw Manuka Honey | Global","og_url":"https:\/\/www.manukanewzealand.com\/tr\/wireless-frequency-protection\/","og_site_name":"MNZ - Manuka New Zealand - The Best Raw Manuka Honey | Global","article_modified_time":"2026-02-18T14:03:34+00:00","og_image":[{"width":200,"height":200,"url":"https:\/\/www.manukanewzealand.com\/wp-content\/uploads\/2022\/11\/mnz-logo-200x200-1-1.png","type":"image\/png"}],"twitter_card":"summary_large_image","twitter_misc":{"Tahmini okuma s\u00fcresi":"3 dakika"},"schema":{"@context":"https:\/\/schema.org","@graph":[{"@type":"WebPage","@id":"https:\/\/www.manukanewzealand.com\/wireless-frequency-protection\/","url":"https:\/\/www.manukanewzealand.com\/wireless-frequency-protection\/","name":"Kablosuz Frekans Korumas\u0131 - MNZ - Manuka Yeni Zelanda - En \u0130yi Ham Manuka Bal\u0131 | K\u00fcresel","isPartOf":{"@id":"https:\/\/www.manukanewzealand.com\/es\/#website"},"datePublished":"2023-07-18T14:42:12+00:00","dateModified":"2026-02-18T14:03:34+00:00","breadcrumb":{"@id":"https:\/\/www.manukanewzealand.com\/wireless-frequency-protection\/#breadcrumb"},"inLanguage":"tr","potentialAction":[{"@type":"ReadAction","target":["https:\/\/www.manukanewzealand.com\/wireless-frequency-protection\/"]}]},{"@type":"BreadcrumbList","@id":"https:\/\/www.manukanewzealand.com\/wireless-frequency-protection\/#breadcrumb","itemListElement":[{"@type":"ListItem","position":1,"name":"Home","item":"https:\/\/www.manukanewzealand.com\/"},{"@type":"ListItem","position":2,"name":"Wireless Frequency Protection"}]},{"@type":"WebSite","@id":"https:\/\/www.manukanewzealand.com\/es\/#website","url":"https:\/\/www.manukanewzealand.com\/es\/","name":"MNZ - Manuka Yeni Zelanda - En \u0130yi Ham Manuka Bal\u0131 | K\u00fcresel","description":"","publisher":{"@id":"https:\/\/www.manukanewzealand.com\/es\/#organization"},"potentialAction":[{"@type":"SearchAction","target":{"@type":"EntryPoint","urlTemplate":"https:\/\/www.manukanewzealand.com\/es\/?s={search_term_string}"},"query-input":{"@type":"PropertyValueSpecification","valueRequired":true,"valueName":"search_term_string"}}],"inLanguage":"tr"},{"@type":"Organization","@id":"https:\/\/www.manukanewzealand.com\/es\/#organization","name":"MNZ - Manuka Yeni Zelanda - En \u0130yi Ham Manuka Bal\u0131 | K\u00fcresel","url":"https:\/\/www.manukanewzealand.com\/es\/","logo":{"@type":"ImageObject","inLanguage":"tr","@id":"https:\/\/www.manukanewzealand.com\/es\/#\/schema\/logo\/image\/","url":"https:\/\/www.manukanewzealand.com\/wp-content\/uploads\/2022\/11\/mnz-logo-200x200-1-1.png","contentUrl":"https:\/\/www.manukanewzealand.com\/wp-content\/uploads\/2022\/11\/mnz-logo-200x200-1-1.png","width":200,"height":200,"caption":"MNZ - Manuka New Zealand - The Best Raw Manuka Honey | Global"},"image":{"@id":"https:\/\/www.manukanewzealand.com\/es\/#\/schema\/logo\/image\/"}}]}},"_links":{"self":[{"href":"https:\/\/www.manukanewzealand.com\/tr\/wp-json\/wp\/v2\/pages\/34168","targetHints":{"allow":["GET"]}}],"collection":[{"href":"https:\/\/www.manukanewzealand.com\/tr\/wp-json\/wp\/v2\/pages"}],"about":[{"href":"https:\/\/www.manukanewzealand.com\/tr\/wp-json\/wp\/v2\/types\/page"}],"author":[{"embeddable":true,"href":"https:\/\/www.manukanewzealand.com\/tr\/wp-json\/wp\/v2\/users\/2"}],"replies":[{"embeddable":true,"href":"https:\/\/www.manukanewzealand.com\/tr\/wp-json\/wp\/v2\/comments?post=34168"}],"version-history":[{"count":1,"href":"https:\/\/www.manukanewzealand.com\/tr\/wp-json\/wp\/v2\/pages\/34168\/revisions"}],"predecessor-version":[{"id":35291,"href":"https:\/\/www.manukanewzealand.com\/tr\/wp-json\/wp\/v2\/pages\/34168\/revisions\/35291"}],"wp:attachment":[{"href":"https:\/\/www.manukanewzealand.com\/tr\/wp-json\/wp\/v2\/media?parent=34168"}],"curies":[{"name":"wp","href":"https:\/\/api.w.org\/{rel}","templated":true}]}}