{"id":33604,"date":"2022-08-24T11:58:46","date_gmt":"2022-08-24T10:58:46","guid":{"rendered":"https:\/\/www.manukanewzealand.com\/?page_id=33604"},"modified":"2026-02-18T15:39:00","modified_gmt":"2026-02-18T14:39:00","slug":"information","status":"publish","type":"page","link":"https:\/\/www.manukanewzealand.com\/tr\/information\/","title":{"rendered":"Fiyatland\u0131rma, Nakliye ve Sipari\u015f Bilgileri"},"content":{"rendered":"<div id=\"page-header-1869802696\" class=\"page-header-wrapper\">\n  <div class=\"page-title dark simple-title\">\n\n        <div class=\"page-title-bg\">\n      <div class=\"title-bg fill bg-fill\"\n        data-parallax-container=\".page-title\"\n        data-parallax-background\n data-parallax=\"-\">\n      <\/div>\n      <div class=\"title-overlay fill\"><\/div>\n    <\/div>\n    \n    <div class=\"page-title-inner container align-center flex-row medium-flex-wrap\" >\n              <div class=\"title-wrapper is-large flex-col text-left medium-text-center\">\n          <h1 class=\"entry-title mb-0\">\n            Fiyatland\u0131rma, Nakliye ve Sipari\u015f Bilgileri          <\/h1>\n        <\/div>\n                    <div class=\"title-content flex-col flex-right text-right medium-text-center\">\n        <div class=\"title-breadcrumbs pb-half pt-half\"><nav class=\"woocommerce-breadcrumb breadcrumbs\" aria-label=\"Ekmek k\u0131r\u0131nt\u0131s\u0131\">Ev<\/nav><\/div>      <\/div>\n    <\/div>\n\n     \n<style>\n#page-header-1869802696 .page-title-inner {\n  min-height: 250px;\n}\n#page-header-1869802696 .title-bg {\n  background-image: url(https:\/\/www.manukanewzealand.com\/wp-content\/uploads\/2026\/02\/mnz-header-2.jpg);\n}\n<\/style>\n  <\/div>\n    <\/div>\n  \n\n\t<section class=\"section\" id=\"section_1148487157\">\n\t\t<div class=\"section-bg fill\" >\n\t\t\t\t\t\t\t\t\t\n\t\t\t\n\n\t\t<\/div>\n\n\t\t\n\n\t\t<div class=\"section-content relative\">\n\t\t\t\n<div class=\"row\"  id=\"row-303703299\">\n\n\t<div id=\"col-1093079990\" class=\"col small-12 large-12\"  >\n\t\t\t\t<div class=\"col-inner\"  >\n\t\t\t\n\t\t\t\n<div class=\"container section-title-container\" style=\"margin-top:75px;\"><h3 class=\"section-title section-title-center\"><b aria-hidden=\"true\"><\/b><span class=\"section-title-main\" >G\u0130ZL\u0130L\u0130K, SORUMLULUK REDD\u0130, \u015eARTLAR ve KO\u015eULLAR<\/span><b aria-hidden=\"true\"><\/b><\/h3><\/div>\n<p style=\"text-align: center;\"><a href=\"https:\/\/www.manukanewzealand.com\/tr\/privacy\/\" rel=\"nofollow\">Gizlilik Politikas\u0131<\/a> |\u00a0<a href=\"https:\/\/www.manukanewzealand.com\/tr\/disclaimer\/\" rel=\"nofollow\">Sorumluluk Reddi \u00a0<\/a>|<a href=\"https:\/\/www.manukanewzealand.com\/tr\/generalconditions\/\" rel=\"nofollow\">\u015eartlar ve Ko\u015fullar<\/a><\/p>\n<div class=\"container section-title-container\" style=\"margin-top:75px;\"><h3 class=\"section-title section-title-center\"><b aria-hidden=\"true\"><\/b><span class=\"section-title-main\" >TESL\u0130MAT<\/span><b aria-hidden=\"true\"><\/b><\/h3><\/div>\n<div id=\"_rich_text-96-20\" class=\"oxy-rich-text\">\n<h3>D\u00dcNYA \u00c7APINDA \u00dcCRETSIZ* TESLIMAT<\/h3>\n<p>D\u00fcnya \u00e7ap\u0131ndaki \u00e7o\u011fu \u00fclkeye 250 \u20ac \u00fczerindeki sipari\u015flerde \u00fccretsiz g\u00f6nderimin keyfini \u00e7\u0131kar\u0131n. 250 \u20ac'nun alt\u0131ndaki sipari\u015flerde, kargo \u00e7o\u011fu AB destinasyonu i\u00e7in sadece 50 \u20ac'dan ba\u015flar ve belirli \u00fclkeler i\u00e7in tam \u00fccretler \u00f6deme s\u0131ras\u0131nda g\u00f6sterilir.<\/p>\n<\/div>\n<div id=\"_rich_text-110-33604\" class=\"oxy-rich-text\">\n<h3>D\u00dcNYA \u00c7APINDA TESLI\u0307MAT<\/h3>\n<p>D\u00fcnya \u00e7ap\u0131nda teslimat sa\u011fl\u0131yoruz ve belirli teslimat maliyetleri \u00f6deme i\u015flemi s\u0131ras\u0131nda hesaplanacak ve size sunulacakt\u0131r.<\/p>\n<\/div>\n<div class=\"container section-title-container\" style=\"margin-top:75px;\"><h3 class=\"section-title section-title-center\"><b aria-hidden=\"true\"><\/b><span class=\"section-title-main\" >HESAP<\/span><b aria-hidden=\"true\"><\/b><\/h3><\/div>\n<p><strong>Bir hesap olu\u015fturun<br \/><\/strong>\u00fczerinden kolayca ve \u00fccretsiz olarak bir hesap olu\u015fturabilirsiniz.\u00a0\u00a0<a href=\"https:\/\/www.manukanewzealand.com\/tr\/my-account\/\">https:\/\/www.manukanewzealand.com\/my-account\/<\/a><br \/><strong><br \/>Oturum a\u00e7<br \/><\/strong>Giri\u015f yapmak h\u0131zl\u0131 ve kolayd\u0131r\u00a0\u00a0<a href=\"https:\/\/www.manukanewzealand.com\/tr\/my-account\/\">https:\/\/www.manukanewzealand.com\/my-account\/<\/a><br \/><strong><br \/>\u015eifrenizi mi unuttunuz<br \/><\/strong>Hesap \u015fifrenizi \u015fu yolla kolayca talep edebilirsiniz\u00a0<a href=\"https:\/\/www.manukanewzealand.com\/tr\/my-account\/lost-password\/\">https:\/\/www.manukanewzealand.com\/my-account\/lost-password\/<\/a><\/p>\n<div class=\"container section-title-container\" style=\"margin-top:75px;\"><h3 class=\"section-title section-title-center\"><b aria-hidden=\"true\"><\/b><span class=\"section-title-main\" >S\u0130PAR\u0130\u015e<\/span><b aria-hidden=\"true\"><\/b><\/h3><\/div>\n<p><strong>Basit ve h\u0131zl\u0131<\/strong><br \/>Sipari\u015finizi vermek ve \u00f6demenizi yapmak online ma\u011fazam\u0131z arac\u0131l\u0131\u011f\u0131yla en kolay ve en h\u0131zl\u0131d\u0131r.<\/p>\n<p><strong>Sipari\u015f Onay\u0131<\/strong><br \/>Otomatik olarak e-posta ile bir sipari\u015f onay\u0131 alacaks\u0131n\u0131z.\u00a0<\/p>\n<p><strong>\u0130sim ve adres bilgileri<\/strong><br \/>Sipari\u015finizi d\u00fczg\u00fcn bir \u015fekilde i\u015fleme koyabilmek i\u00e7in adres bilgilerinize ek olarak telefon numaran\u0131za ve e-posta adresinize de ihtiyac\u0131m\u0131z var. Verileriniz sat\u0131lmayacak veya \u00fc\u00e7\u00fcnc\u00fc \u015fah\u0131slara aktar\u0131lmayacakt\u0131r!<\/p>\n<p><strong>Farkl\u0131 teslimat adresi<\/strong><br \/>Sipari\u015finiz s\u0131ras\u0131nda farkl\u0131 bir teslimat adresi girebilirsiniz.<\/p>\n<div class=\"container section-title-container\" style=\"margin-top:75px;\"><h3 class=\"section-title section-title-center\"><b aria-hidden=\"true\"><\/b><span class=\"section-title-main\" >\u00d6DEME SE\u00c7ENEKLERI\u0307<\/span><b aria-hidden=\"true\"><\/b><\/h3><\/div>\n<p><strong>A\u015fa\u011f\u0131daki \u00f6deme se\u00e7eneklerini kullanmak i\u00e7in EK MAL\u0130YET YOKTUR:<\/strong><\/p>\n<ul>\n<li><strong>Apple Pay<\/strong> - T\u00fcm d\u00fcnyada kullan\u0131labilir (Apple Pay'in desteklendi\u011fi yerlerde)<\/li>\n<li><strong>Kart (Kredi\/Banka)<\/strong> - D\u00fcnya \u00e7ap\u0131nda mevcut<\/li>\n<\/ul>\n<p>\u00a0<\/p>\n<div class=\"container section-title-container\" style=\"margin-top:75px;\"><h3 class=\"section-title section-title-center\"><b aria-hidden=\"true\"><\/b><span class=\"section-title-main\" >F\u0130YATLAR<\/span><b aria-hidden=\"true\"><\/b><\/h3><\/div>\n<p><strong>Belirtilen t\u00fcm fiyatlara KDV dahildir.<\/strong><br \/>9% KDV Dahil : G\u0131da | 21% KDV Dahil : Kozmetik<br \/><em>Hatalar ve de\u011fi\u015fiklikler sakl\u0131d\u0131r. D\u00f6viz kuru de\u011fi\u015firse, \u00f6nceden haber verilmeksizin veya yeni fiyat listesi olmaks\u0131z\u0131n fiyat de\u011fi\u015fikli\u011fi yap\u0131labilir. Fiyat de\u011fi\u015fiklikleri de\u011fi\u015fikli\u011fe tabidir. Bask\u0131 ve yay\u0131n hatalar\u0131 sakl\u0131d\u0131r. Bu web sitesinde belirtilen fiyatlara KDV dahildir. Ge\u00e7erli bir AB KDV numaras\u0131 ile sipari\u015f veriyorsan\u0131z, bunu \u00f6deme s\u0131ras\u0131nda ekleyebilirsiniz, bu da 0% KDV \u00fccreti ile sonu\u00e7lanacakt\u0131r.<\/em><\/p>\n<div class=\"container section-title-container\" style=\"margin-top:75px;\"><h3 class=\"section-title section-title-center\"><b aria-hidden=\"true\"><\/b><span class=\"section-title-main\" >TESLI\u0307MAT S\u00dcRELERI\u0307<\/span><b aria-hidden=\"true\"><\/b><\/h3><\/div>\n<p>Sipari\u015fleri Pazartesi'den Cuma'ya, sabah 7:00 ile ak\u015fam 5:00 aras\u0131nda i\u015fleme al\u0131yoruz.<\/p>\n<p>Sipari\u015finiz i\u015fleme al\u0131nd\u0131ktan sonra teslimat, bulundu\u011funuz yere ba\u011fl\u0131 olarak genellikle 2 ila 24 i\u015f g\u00fcn\u00fc s\u00fcrer. Paketiniz depomuzdan \u00e7\u0131kar \u00e7\u0131kmaz, sipari\u015finizi kolayca takip edebilmeniz i\u00e7in bir takip ba\u011flant\u0131s\u0131 i\u00e7eren bir g\u00f6nderi onay e-postas\u0131 alacaks\u0131n\u0131z.<\/p>\n<p>Sipari\u015fler PostNL veya UPS ile g\u00f6nderilir.<\/p>\n<p>Herhangi bir sorunuz varsa veya yard\u0131ma ihtiyac\u0131n\u0131z varsa, m\u00fc\u015fteri destek ekibimiz size yard\u0131mc\u0131 olmaktan her zaman mutluluk duyacakt\u0131r.<\/p>\n<div class=\"container section-title-container\" style=\"margin-top:75px;\"><h3 class=\"section-title section-title-center\"><b aria-hidden=\"true\"><\/b><span class=\"section-title-main\" >G\u00fcmr\u00fckler, Har\u00e7lar ve \u0130thalat Vergileri<\/span><b aria-hidden=\"true\"><\/b><\/h3><\/div>\n<p>Avrupa Birli\u011fi d\u0131\u015f\u0131ndaki teslimatlar i\u00e7in sipari\u015finiz g\u00fcmr\u00fck vergilerine, ithalat vergilerine veya yerel i\u015flem \u00fccretlerine tabi olabilir. Bu \u00fccretler var\u0131\u015f \u00fclkesindeki yetkililer taraf\u0131ndan belirlenir ve \u00fcr\u00fcn fiyatlar\u0131m\u0131za veya nakliye \u00fccretlerimize dahil de\u011fildir.<\/p>\n<p>Uygulanabilir t\u00fcm g\u00fcmr\u00fck vergileri, KDV veya ek \u00fccretler al\u0131c\u0131n\u0131n sorumlulu\u011fundad\u0131r. Sipari\u015finizi vermeden \u00f6nce olas\u0131 ithalat maliyetleri hakk\u0131nda daha fazla bilgi i\u00e7in yerel g\u00fcmr\u00fck ofisinize dan\u0131\u015fman\u0131z\u0131 \u00f6neririz.<\/p>\n<p>G\u00fcmr\u00fckleme i\u015flemlerinin zaman zaman tahmini teslimat s\u00fcresinin \u00f6tesinde gecikmelere neden olabilece\u011fini l\u00fctfen unutmay\u0131n.<\/p>\n\t\t<\/div>\n\t\t\t\t\t<\/div>\n\n\t\n<\/div>\n\t\t<\/div>\n\n\t\t\n<style>\n#section_1148487157 {\n  padding-top: 30px;\n  padding-bottom: 30px;\n}\n<\/style>\n\t<\/section>","protected":false},"excerpt":{"rendered":"","protected":false},"author":2,"featured_media":0,"parent":0,"menu_order":0,"comment_status":"closed","ping_status":"closed","template":"","meta":{"footnotes":""},"class_list":["post-33604","page","type-page","status-publish","hentry"],"yoast_head":"<!-- This site is optimized with the Yoast SEO plugin v27.3 - https:\/\/yoast.com\/product\/yoast-seo-wordpress\/ -->\n<title>Pricing, Shipping and Ordering Information - MNZ - Manuka New Zealand - The Best Raw Manuka Honey | Global<\/title>\n<meta name=\"description\" content=\"Discover MNZ&#039;s competitive prices and excellent international shipping options. With affordable shipping rates, get MNZ products delivered quickly and conveniently to your doorstep anywhere in the world. Shop now for quality and value\" \/>\n<meta name=\"robots\" content=\"index, follow, max-snippet:-1, max-image-preview:large, max-video-preview:-1\" \/>\n<link rel=\"canonical\" href=\"https:\/\/www.manukanewzealand.com\/tr\/information\/\" \/>\n<meta property=\"og:locale\" content=\"tr_TR\" \/>\n<meta property=\"og:type\" content=\"article\" \/>\n<meta property=\"og:title\" content=\"Pricing, Shipping and Ordering Information - MNZ - Manuka New Zealand - The Best Raw Manuka Honey | Global\" \/>\n<meta property=\"og:description\" content=\"Discover MNZ&#039;s competitive prices and excellent international shipping options. With affordable shipping rates, get MNZ products delivered quickly and conveniently to your doorstep anywhere in the world. Shop now for quality and value\" \/>\n<meta property=\"og:url\" content=\"https:\/\/www.manukanewzealand.com\/tr\/information\/\" \/>\n<meta property=\"og:site_name\" content=\"MNZ - Manuka New Zealand - The Best Raw Manuka Honey | Global\" \/>\n<meta property=\"article:modified_time\" content=\"2026-02-18T14:39:00+00:00\" \/>\n<meta property=\"og:image\" content=\"https:\/\/www.manukanewzealand.com\/wp-content\/uploads\/2022\/11\/mnz-logo-200x200-1-1.png\" \/>\n\t<meta property=\"og:image:width\" content=\"200\" \/>\n\t<meta property=\"og:image:height\" content=\"200\" \/>\n\t<meta property=\"og:image:type\" content=\"image\/png\" \/>\n<meta name=\"twitter:card\" content=\"summary_large_image\" \/>\n<meta name=\"twitter:label1\" content=\"Tahmini okuma s\u00fcresi\" \/>\n\t<meta name=\"twitter:data1\" content=\"3 dakika\" \/>\n<script type=\"application\/ld+json\" class=\"yoast-schema-graph\">{\"@context\":\"https:\\\/\\\/schema.org\",\"@graph\":[{\"@type\":\"WebPage\",\"@id\":\"https:\\\/\\\/www.manukanewzealand.com\\\/information\\\/\",\"url\":\"https:\\\/\\\/www.manukanewzealand.com\\\/information\\\/\",\"name\":\"Pricing, Shipping and Ordering Information - MNZ - Manuka New Zealand - The Best Raw Manuka Honey | Global\",\"isPartOf\":{\"@id\":\"https:\\\/\\\/www.manukanewzealand.com\\\/es\\\/#website\"},\"datePublished\":\"2022-08-24T10:58:46+00:00\",\"dateModified\":\"2026-02-18T14:39:00+00:00\",\"description\":\"Discover MNZ's competitive prices and excellent international shipping options. With affordable shipping rates, get MNZ products delivered quickly and conveniently to your doorstep anywhere in the world. Shop now for quality and value\",\"breadcrumb\":{\"@id\":\"https:\\\/\\\/www.manukanewzealand.com\\\/information\\\/#breadcrumb\"},\"inLanguage\":\"tr\",\"potentialAction\":[{\"@type\":\"ReadAction\",\"target\":[\"https:\\\/\\\/www.manukanewzealand.com\\\/information\\\/\"]}]},{\"@type\":\"BreadcrumbList\",\"@id\":\"https:\\\/\\\/www.manukanewzealand.com\\\/information\\\/#breadcrumb\",\"itemListElement\":[{\"@type\":\"ListItem\",\"position\":1,\"name\":\"Home\",\"item\":\"https:\\\/\\\/www.manukanewzealand.com\\\/\"},{\"@type\":\"ListItem\",\"position\":2,\"name\":\"Pricing, Shipping and Ordering Information\"}]},{\"@type\":\"WebSite\",\"@id\":\"https:\\\/\\\/www.manukanewzealand.com\\\/es\\\/#website\",\"url\":\"https:\\\/\\\/www.manukanewzealand.com\\\/es\\\/\",\"name\":\"MNZ - Manuka New Zealand - The Best Raw Manuka Honey | Global\",\"description\":\"\",\"publisher\":{\"@id\":\"https:\\\/\\\/www.manukanewzealand.com\\\/es\\\/#organization\"},\"potentialAction\":[{\"@type\":\"SearchAction\",\"target\":{\"@type\":\"EntryPoint\",\"urlTemplate\":\"https:\\\/\\\/www.manukanewzealand.com\\\/es\\\/?s={search_term_string}\"},\"query-input\":{\"@type\":\"PropertyValueSpecification\",\"valueRequired\":true,\"valueName\":\"search_term_string\"}}],\"inLanguage\":\"tr\"},{\"@type\":\"Organization\",\"@id\":\"https:\\\/\\\/www.manukanewzealand.com\\\/es\\\/#organization\",\"name\":\"MNZ - Manuka New Zealand - The Best Raw Manuka Honey | Global\",\"url\":\"https:\\\/\\\/www.manukanewzealand.com\\\/es\\\/\",\"logo\":{\"@type\":\"ImageObject\",\"inLanguage\":\"tr\",\"@id\":\"https:\\\/\\\/www.manukanewzealand.com\\\/es\\\/#\\\/schema\\\/logo\\\/image\\\/\",\"url\":\"https:\\\/\\\/www.manukanewzealand.com\\\/wp-content\\\/uploads\\\/2022\\\/11\\\/mnz-logo-200x200-1-1.png\",\"contentUrl\":\"https:\\\/\\\/www.manukanewzealand.com\\\/wp-content\\\/uploads\\\/2022\\\/11\\\/mnz-logo-200x200-1-1.png\",\"width\":200,\"height\":200,\"caption\":\"MNZ - Manuka New Zealand - The Best Raw Manuka Honey | Global\"},\"image\":{\"@id\":\"https:\\\/\\\/www.manukanewzealand.com\\\/es\\\/#\\\/schema\\\/logo\\\/image\\\/\"}}]}<\/script>\n<!-- \/ Yoast SEO plugin. -->","yoast_head_json":{"title":"Fiyatland\u0131rma, Nakliye ve Sipari\u015f Bilgileri - MNZ - Manuka New Zealand - En \u0130yi Ham Manuka Bal\u0131 | Global","description":"MNZ'nin rekabet\u00e7i fiyatlar\u0131n\u0131 ve m\u00fckemmel uluslararas\u0131 nakliye se\u00e7eneklerini ke\u015ffedin. Uygun kargo \u00fccretleri ile MNZ \u00fcr\u00fcnlerini d\u00fcnyan\u0131n her yerinde kap\u0131n\u0131za kadar h\u0131zl\u0131 ve rahat bir \u015fekilde teslim al\u0131n. Kalite ve de\u011fer i\u00e7in \u015fimdi al\u0131\u015fveri\u015f yap\u0131n","robots":{"index":"index","follow":"follow","max-snippet":"max-snippet:-1","max-image-preview":"max-image-preview:large","max-video-preview":"max-video-preview:-1"},"canonical":"https:\/\/www.manukanewzealand.com\/tr\/information\/","og_locale":"tr_TR","og_type":"article","og_title":"Pricing, Shipping and Ordering Information - MNZ - Manuka New Zealand - The Best Raw Manuka Honey | Global","og_description":"Discover MNZ's competitive prices and excellent international shipping options. With affordable shipping rates, get MNZ products delivered quickly and conveniently to your doorstep anywhere in the world. Shop now for quality and value","og_url":"https:\/\/www.manukanewzealand.com\/tr\/information\/","og_site_name":"MNZ - Manuka New Zealand - The Best Raw Manuka Honey | Global","article_modified_time":"2026-02-18T14:39:00+00:00","og_image":[{"width":200,"height":200,"url":"https:\/\/www.manukanewzealand.com\/wp-content\/uploads\/2022\/11\/mnz-logo-200x200-1-1.png","type":"image\/png"}],"twitter_card":"summary_large_image","twitter_misc":{"Tahmini okuma s\u00fcresi":"3 dakika"},"schema":{"@context":"https:\/\/schema.org","@graph":[{"@type":"WebPage","@id":"https:\/\/www.manukanewzealand.com\/information\/","url":"https:\/\/www.manukanewzealand.com\/information\/","name":"Fiyatland\u0131rma, Nakliye ve Sipari\u015f Bilgileri - MNZ - Manuka New Zealand - En \u0130yi Ham Manuka Bal\u0131 | Global","isPartOf":{"@id":"https:\/\/www.manukanewzealand.com\/es\/#website"},"datePublished":"2022-08-24T10:58:46+00:00","dateModified":"2026-02-18T14:39:00+00:00","description":"MNZ'nin rekabet\u00e7i fiyatlar\u0131n\u0131 ve m\u00fckemmel uluslararas\u0131 nakliye se\u00e7eneklerini ke\u015ffedin. Uygun kargo \u00fccretleri ile MNZ \u00fcr\u00fcnlerini d\u00fcnyan\u0131n her yerinde kap\u0131n\u0131za kadar h\u0131zl\u0131 ve rahat bir \u015fekilde teslim al\u0131n. Kalite ve de\u011fer i\u00e7in \u015fimdi al\u0131\u015fveri\u015f yap\u0131n","breadcrumb":{"@id":"https:\/\/www.manukanewzealand.com\/information\/#breadcrumb"},"inLanguage":"tr","potentialAction":[{"@type":"ReadAction","target":["https:\/\/www.manukanewzealand.com\/information\/"]}]},{"@type":"BreadcrumbList","@id":"https:\/\/www.manukanewzealand.com\/information\/#breadcrumb","itemListElement":[{"@type":"ListItem","position":1,"name":"Home","item":"https:\/\/www.manukanewzealand.com\/"},{"@type":"ListItem","position":2,"name":"Pricing, Shipping and Ordering Information"}]},{"@type":"WebSite","@id":"https:\/\/www.manukanewzealand.com\/es\/#website","url":"https:\/\/www.manukanewzealand.com\/es\/","name":"MNZ - Manuka Yeni Zelanda - En \u0130yi Ham Manuka Bal\u0131 | K\u00fcresel","description":"","publisher":{"@id":"https:\/\/www.manukanewzealand.com\/es\/#organization"},"potentialAction":[{"@type":"SearchAction","target":{"@type":"EntryPoint","urlTemplate":"https:\/\/www.manukanewzealand.com\/es\/?s={search_term_string}"},"query-input":{"@type":"PropertyValueSpecification","valueRequired":true,"valueName":"search_term_string"}}],"inLanguage":"tr"},{"@type":"Organization","@id":"https:\/\/www.manukanewzealand.com\/es\/#organization","name":"MNZ - Manuka Yeni Zelanda - En \u0130yi Ham Manuka Bal\u0131 | K\u00fcresel","url":"https:\/\/www.manukanewzealand.com\/es\/","logo":{"@type":"ImageObject","inLanguage":"tr","@id":"https:\/\/www.manukanewzealand.com\/es\/#\/schema\/logo\/image\/","url":"https:\/\/www.manukanewzealand.com\/wp-content\/uploads\/2022\/11\/mnz-logo-200x200-1-1.png","contentUrl":"https:\/\/www.manukanewzealand.com\/wp-content\/uploads\/2022\/11\/mnz-logo-200x200-1-1.png","width":200,"height":200,"caption":"MNZ - Manuka New Zealand - The Best Raw Manuka Honey | Global"},"image":{"@id":"https:\/\/www.manukanewzealand.com\/es\/#\/schema\/logo\/image\/"}}]}},"_links":{"self":[{"href":"https:\/\/www.manukanewzealand.com\/tr\/wp-json\/wp\/v2\/pages\/33604","targetHints":{"allow":["GET"]}}],"collection":[{"href":"https:\/\/www.manukanewzealand.com\/tr\/wp-json\/wp\/v2\/pages"}],"about":[{"href":"https:\/\/www.manukanewzealand.com\/tr\/wp-json\/wp\/v2\/types\/page"}],"author":[{"embeddable":true,"href":"https:\/\/www.manukanewzealand.com\/tr\/wp-json\/wp\/v2\/users\/2"}],"replies":[{"embeddable":true,"href":"https:\/\/www.manukanewzealand.com\/tr\/wp-json\/wp\/v2\/comments?post=33604"}],"version-history":[{"count":3,"href":"https:\/\/www.manukanewzealand.com\/tr\/wp-json\/wp\/v2\/pages\/33604\/revisions"}],"predecessor-version":[{"id":35315,"href":"https:\/\/www.manukanewzealand.com\/tr\/wp-json\/wp\/v2\/pages\/33604\/revisions\/35315"}],"wp:attachment":[{"href":"https:\/\/www.manukanewzealand.com\/tr\/wp-json\/wp\/v2\/media?parent=33604"}],"curies":[{"name":"wp","href":"https:\/\/api.w.org\/{rel}","templated":true}]}}