{"id":32835,"date":"2022-02-02T16:36:11","date_gmt":"2022-02-02T15:36:11","guid":{"rendered":"https:\/\/www.manukanewzealand.com\/?page_id=32835"},"modified":"2026-02-18T15:01:50","modified_gmt":"2026-02-18T14:01:50","slug":"beeprotection","status":"publish","type":"page","link":"https:\/\/www.manukanewzealand.com\/tr\/beeprotection\/","title":{"rendered":"Ar\u0131 Koruma ve Sa\u011fl\u0131k Program\u0131"},"content":{"rendered":"<div id=\"page-header-1203748669\" class=\"page-header-wrapper\">\n  <div class=\"page-title dark divided-title\">\n\n        <div class=\"page-title-bg\">\n      <div class=\"title-bg fill bg-fill\"\n        data-parallax-container=\".page-title\"\n        data-parallax-background\n data-parallax=\"-\">\n      <\/div>\n      <div class=\"title-overlay fill\"><\/div>\n    <\/div>\n    \n    <div class=\"page-title-inner container align-center flex-row medium-flex-wrap\" >\n              <div class=\"title-wrapper flex-col text-left medium-text-center\">\n          <h1 class=\"entry-title mb-0\">\n            Ar\u0131 Koruma ve Sa\u011fl\u0131k Program\u0131          <\/h1>\n        <\/div>\n                    <div class=\"title-content flex-col flex-right text-right medium-text-center\">\n        <div class=\"title-breadcrumbs pb-half pt-half\"><nav class=\"woocommerce-breadcrumb breadcrumbs\" aria-label=\"Ekmek k\u0131r\u0131nt\u0131s\u0131\">Ev<\/nav><\/div>      <\/div>\n    <\/div>\n\n     \n<style>\n#page-header-1203748669 .page-title-inner {\n  min-height: 250px;\n}\n#page-header-1203748669 .title-bg {\n  background-image: url(https:\/\/www.manukanewzealand.com\/wp-content\/uploads\/2026\/02\/mnz-header-2.jpg);\n}\n<\/style>\n  <\/div>\n  <div class=\"container header-wrapper-divider\"><hr\/><\/div>  <\/div>\n  \n\n\n\t<section class=\"section\" id=\"section_1554765737\">\n\t\t<div class=\"section-bg fill\" >\n\t\t\t\t\t\t\t\t\t\n\t\t\t\n\n\t\t<\/div>\n\n\t\t\n\n\t\t<div class=\"section-content relative\">\n\t\t\t\n\n<div class=\"row\"  id=\"row-2100275879\">\n\n\n\t<div id=\"col-19391427\" class=\"col medium-12 small-12 large-8\"  >\n\t\t\t\t<div class=\"col-inner\"  >\n\t\t\t\n\t\t\t\n\n<p>MNZ'nin Ar\u0131 Koruma ve Sa\u011fl\u0131k Program\u0131n\u0131n bir par\u00e7as\u0131 olarak, kendi \u00f6zel ar\u0131c\u0131lar\u0131m\u0131zla \u00e7al\u0131\u015f\u0131yor ve Yeni Zelanda genelinde mevsimlik ar\u0131c\u0131l\u0131k m\u00fcfetti\u015fleriyle birlikte uzman bir ar\u0131c\u0131l\u0131k uzman\u0131 istihdam ediyoruz. Ekiplerimiz hem Kuzey hem de G\u00fcney Adas\u0131'nda faaliyet g\u00f6stererek kovan sa\u011fl\u0131\u011f\u0131 ve yerle\u015fiminin s\u00fcrekli g\u00f6zetimini sa\u011flamaktad\u0131r.<\/p>\n<p>MNZ \u015fu anda Yeni Zelanda'n\u0131n en \u00fccra k\u0131rsal b\u00f6lgelerinde bulunan ve milyonlarca ar\u0131ya ev sahipli\u011fi yapan 5.600'den fazla kovan\u0131 y\u00f6netmektedir. Kovanlar\u0131n bulundu\u011fu yerler, 80'den fazla koloninin bulundu\u011fu b\u00fcy\u00fck alanlardan yaln\u0131zca birka\u00e7 kovan\u0131n bulundu\u011fu son derece izole alanlara kadar \u00e7e\u015fitlilik g\u00f6stermektedir. Yerle\u015fim, Manuka a\u011fa\u00e7lar\u0131n\u0131n bol oldu\u011fu ve tar\u0131msal faaliyetlere en az maruz kalan bakir b\u00f6lgelerde \u00f6zenle se\u00e7ilmektedir.<\/p>\n<p>Ar\u0131 Koruma ve Sa\u011fl\u0131k Program\u0131, ah\u015fap kovanlar\u0131n d\u00fczenli olarak denetlenmesine, koloni g\u00fcc\u00fcn\u00fcn, ana ar\u0131 canl\u0131l\u0131\u011f\u0131n\u0131n ve genel kovan durumunun izlenmesine odaklanmaktad\u0131r. Varroa ve Tropilaelaps akarlar\u0131 gibi zararl\u0131lar\u0131n yan\u0131 s\u0131ra Nosema ve di\u011fer vir\u00fcsler de dahil olmak \u00fczere patojenlerin tespiti ve y\u00f6netimine \u00f6zel \u00f6nem verilmektedir.<\/p>\n<p>Ana ar\u0131 sa\u011fl\u0131\u011f\u0131 ve tedariki, harici yeti\u015ftiricilerden elde edilen ana ar\u0131lar da dahil olmak \u00fczere yak\u0131ndan izlenir. Bu yap\u0131land\u0131r\u0131lm\u0131\u015f g\u00f6zetim, sa\u011fl\u0131kl\u0131 kolonilerden nihai \u00fcr\u00fcne kadar t\u00fcm tedarik zincirinin b\u00fct\u00fcnl\u00fc\u011f\u00fcn\u00fcn korunmas\u0131na yard\u0131mc\u0131 olur.<\/p>\n<p><strong>Ar\u0131 Koruma ve Sa\u011fl\u0131k Program\u0131m\u0131z\u0131n bir par\u00e7as\u0131 olarak MNZ kat\u0131 bir besleme politikas\u0131 izlemektedir: ar\u0131lar\u0131m\u0131z yaln\u0131zca sezon boyunca biriktirdikleri kendi bal rezervleriyle beslenmektedir. Ek besleme yaln\u0131zca a\u015f\u0131r\u0131 iklim ko\u015fullar\u0131nda dikkate al\u0131n\u0131r. Kovan y\u00f6netim sistemimiz, kolonilerin Yeni Zelanda k\u0131\u015f\u0131 boyunca do\u011fal olarak ya\u015famlar\u0131n\u0131 s\u00fcrd\u00fcrebilmeleri i\u00e7in yeterli bal depolar\u0131n\u0131 muhafaza etmelerini sa\u011flar.<\/strong><\/p>\n<p>Kovan y\u00f6netimine ek olarak, MNZ s\u0131k\u0131 bir kalite kontrol sistemi i\u015fletmektedir. T\u00fcm Manuka ballar\u0131 MPI gerekliliklerine uygun olarak mikrobiyolojik parametreler, toksinler, pestisit kal\u0131nt\u0131lar\u0131, \u015fekerler, polen belirte\u00e7leri, nem i\u00e7eri\u011fi, renk, aroma ve enzim aktivitesi a\u00e7\u0131s\u0131ndan test edilmektedir. Bu, paketleme tesisimize giren ve \u00e7\u0131kan t\u00fcm ballar\u0131n en y\u00fcksek standartlar\u0131 kar\u015f\u0131lamas\u0131n\u0131 sa\u011flar.<\/p>\n<p>MNZ, iki Yeni Zelanda h\u00fck\u00fcmet makam\u0131n\u0131n g\u00f6zetimi alt\u0131nda faaliyet g\u00f6stermektedir. Birincil End\u00fcstriler Bakanl\u0131\u011f\u0131 (MPI) ulusal g\u0131da g\u00fcvenli\u011fi sisteminden sorumludur ve g\u0131da end\u00fcstrisindeki uygunlu\u011fu izler. MNZ, dahili izleme prosed\u00fcrlerimize ek olarak MPI'nin ulusal tarama program\u0131na da kat\u0131lmaktad\u0131r. MPI Hayvansal \u00dcr\u00fcnler Konsolide Test Listesi B\u00f6l\u00fcm 8.0, bal i\u00e7in ge\u00e7erli kimyasal kal\u0131nt\u0131 test program\u0131n\u0131 \u00f6zetlemektedir.<\/p>\n<p>Yeni Zelanda \u00c7evre Koruma Kurumu (EPA) ar\u0131lar\u0131 ve tozlay\u0131c\u0131lar\u0131 korumak i\u00e7in pestisit ve b\u00f6cek ilac\u0131 kullan\u0131m\u0131n\u0131 d\u00fczenlemektedir. Neonikotinoidler ve di\u011fer maddeler i\u00e7in s\u0131k\u0131 kontroller uygulanmakta ve tozlay\u0131c\u0131 sa\u011fl\u0131\u011f\u0131n\u0131 korumaya y\u00f6nelik \u00f6zel \u00f6nlemler al\u0131nmaktad\u0131r.<\/p>\n<p>En \u00f6nemli koruyucu \u00f6nlem kovan yerle\u015fimi olmaya devam etmektedir. MNZ kovanlar\u0131n\u0131 kas\u0131tl\u0131 olarak yo\u011fun tar\u0131mdan uzak, k\u0131rsal ve bozulmam\u0131\u015f yerlere yerle\u015ftirmektedir. Bu, herbisit ve pestisite maruz kalma riskini \u00f6nemli \u00f6l\u00e7\u00fcde azaltmaktad\u0131r.<\/p>\n<p>Ar\u0131 Koruma ve Sa\u011fl\u0131k Program\u0131n\u0131n bir par\u00e7as\u0131 olarak, t\u00fcm bal \u00fcr\u00fcnleri do\u011fal olarak olu\u015fan bile\u015fikler ve potansiyel pestisit eser elementleri a\u00e7\u0131s\u0131ndan kapsaml\u0131 testlerden ge\u00e7irilmektedir. Bu sistematik izleme, safl\u0131k ve kaliteye olan ba\u011fl\u0131l\u0131\u011f\u0131m\u0131z\u0131 desteklemektedir.<\/p>\n<p><strong>MNZ yaln\u0131zca ham, filtrelenmemi\u015f ve past\u00f6rize edilmemi\u015f monofloral Manuka bal\u0131 \u00fcretmektedir. T\u00fcm \u00fcr\u00fcnler Yeni Zelanda'da BPA i\u00e7ermeyen ambalajlar kullan\u0131larak \u00fcretilmekte, i\u015flenmekte ve paketlenmektedir.<\/strong><\/p>\n\n\n\t\t<\/div>\n\t\t\t\t\t<\/div>\n\n\t\n\n\t<div id=\"col-1119359659\" class=\"col medium-12 small-12 large-4\"  >\n\t\t\t\t<div class=\"col-inner text-center\"  >\n\t\t\t\n\t\t\t\n\n\t<div class=\"img has-hover x md-x lg-x y md-y lg-y\" id=\"image_903127087\">\n\t\t\t\t\t\t\t\t<div class=\"img-inner dark\" >\n\t\t\t<img decoding=\"async\" width=\"573\" height=\"573\" src=\"https:\/\/www.manukanewzealand.com\/wp-content\/uploads\/2022\/02\/Manuka-ID-1.png\" class=\"attachment-large size-large\" alt=\"\" srcset=\"https:\/\/www.manukanewzealand.com\/wp-content\/uploads\/2022\/02\/Manuka-ID-1.png 573w, https:\/\/www.manukanewzealand.com\/wp-content\/uploads\/2022\/02\/Manuka-ID-1-500x500.png 500w, https:\/\/www.manukanewzealand.com\/wp-content\/uploads\/2022\/02\/Manuka-ID-1-100x100.png 100w, https:\/\/www.manukanewzealand.com\/wp-content\/uploads\/2022\/02\/Manuka-ID-1-300x300.png 300w, https:\/\/www.manukanewzealand.com\/wp-content\/uploads\/2022\/02\/Manuka-ID-1-80x80.png 80w, https:\/\/www.manukanewzealand.com\/wp-content\/uploads\/2022\/02\/Manuka-ID-1-12x12.png 12w\" sizes=\"(max-width: 573px) 100vw, 573px\" \/>\t\t\t\t\t\t\n\t\t\t\t\t<\/div>\n\t\t\t\t\t\t\t\t\n<style>\n#image_903127087 {\n  width: 100%;\n}\n<\/style>\n\t<\/div>\n\t\n\n\t\n  \n    <div class=\"row large-columns-1 medium-columns- small-columns- row-small slider row-slider slider-nav-reveal slider-nav-push\"  data-flickity-options='{&quot;imagesLoaded&quot;: true, &quot;groupCells&quot;: &quot;100%&quot;, &quot;dragThreshold&quot; : 5, &quot;cellAlign&quot;: &quot;left&quot;,&quot;wrapAround&quot;: true,&quot;prevNextButtons&quot;: true,&quot;percentPosition&quot;: true,&quot;pageDots&quot;: false, &quot;rightToLeft&quot;: false, &quot;autoPlay&quot; : false}' >\n\n  \n\t     <div class=\"product-small col has-hover product type-product post-34206 status-publish first instock product_cat-uncategorized has-post-thumbnail taxable shipping-taxable purchasable product-type-simple\">\n\t<div class=\"col-inner\">\n\t\n<div class=\"badge-container absolute left top z-1\">\n\n<\/div>\n\t<div class=\"product-small box\">\n\t\t<div class=\"box-image\">\n\t\t\t<div class=\"image-none\">\n\t\t\t\t<a href=\"https:\/\/www.manukanewzealand.com\/tr\/product\/kanuka-essential-oil\/\">\n\t\t\t\t\t<img decoding=\"async\" width=\"500\" height=\"500\" src=\"https:\/\/www.manukanewzealand.com\/wp-content\/uploads\/2023\/11\/kanuka-essential-oil.webp\" class=\"attachment-woocommerce_thumbnail size-woocommerce_thumbnail\" alt=\"Kanuka Ya\u011f\u0131 (100% esansiyel saf ya\u011f) (Kunzea ericoides)\" srcset=\"https:\/\/www.manukanewzealand.com\/wp-content\/uploads\/2023\/11\/kanuka-essential-oil.webp 500w, https:\/\/www.manukanewzealand.com\/wp-content\/uploads\/2023\/11\/kanuka-essential-oil-100x100.webp 100w, https:\/\/www.manukanewzealand.com\/wp-content\/uploads\/2023\/11\/kanuka-essential-oil-400x400.webp 400w\" sizes=\"(max-width: 500px) 100vw, 500px\" \/>\t\t\t\t<\/a>\n\t\t\t<\/div>\n\t\t\t<div class=\"image-tools is-small top right show-on-hover\">\n\t\t\t\t\t\t<div class=\"wishlist-icon\">\n\t\t\t<button class=\"wishlist-button button is-outline circle icon\" aria-label=\"\u0130stek Listesi\">\n\t\t\t\t<i class=\"icon-heart\" aria-hidden=\"true\"><\/i>\t\t\t<\/button>\n\t\t\t<div class=\"wishlist-popup dark\">\n\t\t\t\t\n<div\n\tclass=\"yith-wcwl-add-to-wishlist add-to-wishlist-34206 yith-wcwl-add-to-wishlist--link-style wishlist-fragment on-first-load\"\n\tdata-fragment-ref=\"34206\"\n\tdata-fragment-options=\"{&quot;base_url&quot;:&quot;&quot;,&quot;product_id&quot;:34206,&quot;parent_product_id&quot;:0,&quot;product_type&quot;:&quot;simple&quot;,&quot;is_single&quot;:false,&quot;in_default_wishlist&quot;:false,&quot;show_view&quot;:false,&quot;browse_wishlist_text&quot;:&quot;Browse wishlist&quot;,&quot;already_in_wishslist_text&quot;:&quot;The product is already in your wishlist!&quot;,&quot;product_added_text&quot;:&quot;Product added!&quot;,&quot;available_multi_wishlist&quot;:false,&quot;disable_wishlist&quot;:false,&quot;show_count&quot;:false,&quot;ajax_loading&quot;:false,&quot;loop_position&quot;:&quot;after_add_to_cart&quot;,&quot;item&quot;:&quot;add_to_wishlist&quot;}\"\n>\n\t<\/div>\n\t\t\t<\/div>\n\t\t<\/div>\n\t\t\t\t\t<\/div>\n\t\t\t<div class=\"image-tools is-small hide-for-small bottom left show-on-hover\">\n\t\t\t\t\t\t\t<\/div>\n\t\t\t<div class=\"image-tools grid-tools text-center hide-for-small bottom hover-slide-in show-on-hover\">\n\t\t\t\t\t\t\t<\/div>\n\t\t\t\t\t<\/div>\n\n\t\t<div class=\"box-text box-text-products text-center grid-style-2\">\n\t\t\t<div class=\"title-wrapper\"><p class=\"name product-title woocommerce-loop-product__title\"><a href=\"https:\/\/www.manukanewzealand.com\/tr\/product\/kanuka-essential-oil\/\" class=\"woocommerce-LoopProduct-link woocommerce-loop-product__link\">Kanuka Ya\u011f\u0131 (100% esansiyel saf ya\u011f) (Kunzea ericoides)<\/a><\/p><\/div><div class=\"price-wrapper\">\n\t<span class=\"price\"><span class=\"woocommerce-Price-amount amount\"><bdi><span class=\"woocommerce-Price-currencySymbol\">\u20ac<\/span>29,95<\/bdi><\/span> <small class=\"woocommerce-price-suffix\">KDV dahil<\/small><\/span>\n<\/div><div class=\"add-to-cart-button\"><a href=\"\/tr\/wp-json\/wp\/v2\/pages\/32835?add-to-cart=34206\" aria-describedby=\"woocommerce_loop_add_to_cart_link_describedby_34206\" data-quantity=\"1\" class=\"primary is-small mb-0 button product_type_simple add_to_cart_button ajax_add_to_cart is-outline\" data-product_id=\"34206\" data-product_sku=\"MNZ204\" aria-label=\"Sepete ekleyin: \u201cKanuka Ya\u011f\u0131 (100% esansiyel saf ya\u011f) (Kunzea ericoides)\u201d\" rel=\"nofollow\" data-success_message=\"&ldquo;Kanuka Oil (100% essential pure oil) (Kunzea ericoides)&rdquo; has been added to your cart\" role=\"button\">Sepete ekle<\/a><\/div>\t<span id=\"woocommerce_loop_add_to_cart_link_describedby_34206\" class=\"screen-reader-text\">\n\t\t\t<\/span>\n\t\t<\/div>\n\t<\/div>\n\t\t<\/div>\n<\/div><\/div>\n\n\n\t\t<\/div>\n\t\t\t\t\n<style>\n#col-1119359659 > .col-inner {\n  max-width: 500px;\n}\n<\/style>\n\t<\/div>\n\n\t\n\n<\/div>\n\n\t\t<\/div>\n\n\t\t\n<style>\n#section_1554765737 {\n  padding-top: 30px;\n  padding-bottom: 30px;\n}\n<\/style>\n\t<\/section>\n\t\n<p><\/p><!-- \/wp:post-content -->","protected":false},"excerpt":{"rendered":"","protected":false},"author":2,"featured_media":0,"parent":0,"menu_order":0,"comment_status":"closed","ping_status":"closed","template":"","meta":{"footnotes":""},"class_list":["post-32835","page","type-page","status-publish","hentry"],"yoast_head":"<!-- This site is optimized with the Yoast SEO plugin v27.3 - https:\/\/yoast.com\/product\/yoast-seo-wordpress\/ -->\n<title>Bee Protection &amp; Health Program - Manuka New Zealand<\/title>\n<meta name=\"description\" content=\"As part of Manuka New Zealand\u2019s Bee Protection &amp; Health Program, in addition to our own dedicated beekeepers, we currently employ a specialist apiculturist and seasonal beekeeping inspectors based in New Zealand\u2019s North Island, with assigned areas on both the North and South Island. Manuka New Zealand takes good care of our wonderful hard workers; our precious bees.\" \/>\n<meta name=\"robots\" content=\"index, follow, max-snippet:-1, max-image-preview:large, max-video-preview:-1\" \/>\n<link rel=\"canonical\" href=\"https:\/\/www.manukanewzealand.com\/tr\/beeprotection\/\" \/>\n<meta property=\"og:locale\" content=\"tr_TR\" \/>\n<meta property=\"og:type\" content=\"article\" \/>\n<meta property=\"og:title\" content=\"Bee Protection &amp; Health Program - Manuka New Zealand\" \/>\n<meta property=\"og:description\" content=\"As part of Manuka New Zealand\u2019s Bee Protection &amp; Health Program, in addition to our own dedicated beekeepers, we currently employ a specialist apiculturist and seasonal beekeeping inspectors based in New Zealand\u2019s North Island, with assigned areas on both the North and South Island. Manuka New Zealand takes good care of our wonderful hard workers; our precious bees.\" \/>\n<meta property=\"og:url\" content=\"https:\/\/www.manukanewzealand.com\/tr\/beeprotection\/\" \/>\n<meta property=\"og:site_name\" content=\"MNZ - Manuka New Zealand - The Best Raw Manuka Honey | Global\" \/>\n<meta property=\"article:modified_time\" content=\"2026-02-18T14:01:50+00:00\" \/>\n<meta property=\"og:image\" content=\"https:\/\/www.manukanewzealand.com\/wp-content\/uploads\/2022\/11\/mnz-logo-200x200-1-1.png\" \/>\n\t<meta property=\"og:image:width\" content=\"200\" \/>\n\t<meta property=\"og:image:height\" content=\"200\" \/>\n\t<meta property=\"og:image:type\" content=\"image\/png\" \/>\n<meta name=\"twitter:card\" content=\"summary_large_image\" \/>\n<meta name=\"twitter:label1\" content=\"Tahmini okuma s\u00fcresi\" \/>\n\t<meta name=\"twitter:data1\" content=\"9 dakika\" \/>\n<script type=\"application\/ld+json\" class=\"yoast-schema-graph\">{\"@context\":\"https:\\\/\\\/schema.org\",\"@graph\":[{\"@type\":\"WebPage\",\"@id\":\"https:\\\/\\\/www.manukanewzealand.com\\\/beeprotection\\\/\",\"url\":\"https:\\\/\\\/www.manukanewzealand.com\\\/beeprotection\\\/\",\"name\":\"Bee Protection & Health Program - Manuka New Zealand\",\"isPartOf\":{\"@id\":\"https:\\\/\\\/www.manukanewzealand.com\\\/es\\\/#website\"},\"datePublished\":\"2022-02-02T15:36:11+00:00\",\"dateModified\":\"2026-02-18T14:01:50+00:00\",\"description\":\"As part of Manuka New Zealand\u2019s Bee Protection & Health Program, in addition to our own dedicated beekeepers, we currently employ a specialist apiculturist and seasonal beekeeping inspectors based in New Zealand\u2019s North Island, with assigned areas on both the North and South Island. Manuka New Zealand takes good care of our wonderful hard workers; our precious bees.\",\"breadcrumb\":{\"@id\":\"https:\\\/\\\/www.manukanewzealand.com\\\/beeprotection\\\/#breadcrumb\"},\"inLanguage\":\"tr\",\"potentialAction\":[{\"@type\":\"ReadAction\",\"target\":[\"https:\\\/\\\/www.manukanewzealand.com\\\/beeprotection\\\/\"]}]},{\"@type\":\"BreadcrumbList\",\"@id\":\"https:\\\/\\\/www.manukanewzealand.com\\\/beeprotection\\\/#breadcrumb\",\"itemListElement\":[{\"@type\":\"ListItem\",\"position\":1,\"name\":\"Home\",\"item\":\"https:\\\/\\\/www.manukanewzealand.com\\\/\"},{\"@type\":\"ListItem\",\"position\":2,\"name\":\"Bee Protection &#038; Health Program\"}]},{\"@type\":\"WebSite\",\"@id\":\"https:\\\/\\\/www.manukanewzealand.com\\\/es\\\/#website\",\"url\":\"https:\\\/\\\/www.manukanewzealand.com\\\/es\\\/\",\"name\":\"MNZ - Manuka New Zealand - The Best Raw Manuka Honey | Global\",\"description\":\"\",\"publisher\":{\"@id\":\"https:\\\/\\\/www.manukanewzealand.com\\\/es\\\/#organization\"},\"potentialAction\":[{\"@type\":\"SearchAction\",\"target\":{\"@type\":\"EntryPoint\",\"urlTemplate\":\"https:\\\/\\\/www.manukanewzealand.com\\\/es\\\/?s={search_term_string}\"},\"query-input\":{\"@type\":\"PropertyValueSpecification\",\"valueRequired\":true,\"valueName\":\"search_term_string\"}}],\"inLanguage\":\"tr\"},{\"@type\":\"Organization\",\"@id\":\"https:\\\/\\\/www.manukanewzealand.com\\\/es\\\/#organization\",\"name\":\"MNZ - Manuka New Zealand - The Best Raw Manuka Honey | Global\",\"url\":\"https:\\\/\\\/www.manukanewzealand.com\\\/es\\\/\",\"logo\":{\"@type\":\"ImageObject\",\"inLanguage\":\"tr\",\"@id\":\"https:\\\/\\\/www.manukanewzealand.com\\\/es\\\/#\\\/schema\\\/logo\\\/image\\\/\",\"url\":\"https:\\\/\\\/www.manukanewzealand.com\\\/wp-content\\\/uploads\\\/2022\\\/11\\\/mnz-logo-200x200-1-1.png\",\"contentUrl\":\"https:\\\/\\\/www.manukanewzealand.com\\\/wp-content\\\/uploads\\\/2022\\\/11\\\/mnz-logo-200x200-1-1.png\",\"width\":200,\"height\":200,\"caption\":\"MNZ - Manuka New Zealand - The Best Raw Manuka Honey | Global\"},\"image\":{\"@id\":\"https:\\\/\\\/www.manukanewzealand.com\\\/es\\\/#\\\/schema\\\/logo\\\/image\\\/\"}}]}<\/script>\n<meta property=\"product:price:amount\" content=\"29.95\" \/>\n<meta property=\"product:price:currency\" content=\"EUR\" \/>\n<meta property=\"og:availability\" content=\"instock\" \/>\n<meta property=\"product:availability\" content=\"instock\" \/>\n<meta property=\"product:retailer_item_id\" content=\"MNZ204\" \/>\n<meta property=\"product:condition\" content=\"new\" \/>\n<!-- \/ Yoast SEO plugin. -->","yoast_head_json":{"title":"Ar\u0131 Koruma ve Sa\u011fl\u0131k Program\u0131 - Manuka Yeni Zelanda","description":"Manuka Yeni Zelanda'n\u0131n Ar\u0131 Koruma ve Sa\u011fl\u0131k Program\u0131n\u0131n bir par\u00e7as\u0131 olarak, kendi \u00f6zel ar\u0131c\u0131lar\u0131m\u0131za ek olarak, \u015fu anda Yeni Zelanda'n\u0131n Kuzey Adas\u0131'nda bulunan ve hem Kuzey hem de G\u00fcney Adas\u0131'nda g\u00f6revlendirilen uzman bir ar\u0131 yeti\u015ftiricisi ve mevsimlik ar\u0131c\u0131l\u0131k m\u00fcfetti\u015fleri istihdam ediyoruz. Manuka Yeni Zelanda, harika ve \u00e7al\u0131\u015fkan i\u015f\u00e7ilerimiz olan de\u011ferli ar\u0131lar\u0131m\u0131za iyi bakmaktad\u0131r.","robots":{"index":"index","follow":"follow","max-snippet":"max-snippet:-1","max-image-preview":"max-image-preview:large","max-video-preview":"max-video-preview:-1"},"canonical":"https:\/\/www.manukanewzealand.com\/tr\/beeprotection\/","og_locale":"tr_TR","og_type":"article","og_title":"Bee Protection & Health Program - Manuka New Zealand","og_description":"As part of Manuka New Zealand\u2019s Bee Protection & Health Program, in addition to our own dedicated beekeepers, we currently employ a specialist apiculturist and seasonal beekeeping inspectors based in New Zealand\u2019s North Island, with assigned areas on both the North and South Island. Manuka New Zealand takes good care of our wonderful hard workers; our precious bees.","og_url":"https:\/\/www.manukanewzealand.com\/tr\/beeprotection\/","og_site_name":"MNZ - Manuka New Zealand - The Best Raw Manuka Honey | Global","article_modified_time":"2026-02-18T14:01:50+00:00","og_image":[{"width":200,"height":200,"url":"https:\/\/www.manukanewzealand.com\/wp-content\/uploads\/2022\/11\/mnz-logo-200x200-1-1.png","type":"image\/png"}],"twitter_card":"summary_large_image","twitter_misc":{"Tahmini okuma s\u00fcresi":"9 dakika"},"schema":{"@context":"https:\/\/schema.org","@graph":[{"@type":"WebPage","@id":"https:\/\/www.manukanewzealand.com\/beeprotection\/","url":"https:\/\/www.manukanewzealand.com\/beeprotection\/","name":"Ar\u0131 Koruma ve Sa\u011fl\u0131k Program\u0131 - Manuka Yeni Zelanda","isPartOf":{"@id":"https:\/\/www.manukanewzealand.com\/es\/#website"},"datePublished":"2022-02-02T15:36:11+00:00","dateModified":"2026-02-18T14:01:50+00:00","description":"Manuka Yeni Zelanda'n\u0131n Ar\u0131 Koruma ve Sa\u011fl\u0131k Program\u0131n\u0131n bir par\u00e7as\u0131 olarak, kendi \u00f6zel ar\u0131c\u0131lar\u0131m\u0131za ek olarak, \u015fu anda Yeni Zelanda'n\u0131n Kuzey Adas\u0131'nda bulunan ve hem Kuzey hem de G\u00fcney Adas\u0131'nda g\u00f6revlendirilen uzman bir ar\u0131 yeti\u015ftiricisi ve mevsimlik ar\u0131c\u0131l\u0131k m\u00fcfetti\u015fleri istihdam ediyoruz. Manuka Yeni Zelanda, harika ve \u00e7al\u0131\u015fkan i\u015f\u00e7ilerimiz olan de\u011ferli ar\u0131lar\u0131m\u0131za iyi bakmaktad\u0131r.","breadcrumb":{"@id":"https:\/\/www.manukanewzealand.com\/beeprotection\/#breadcrumb"},"inLanguage":"tr","potentialAction":[{"@type":"ReadAction","target":["https:\/\/www.manukanewzealand.com\/beeprotection\/"]}]},{"@type":"BreadcrumbList","@id":"https:\/\/www.manukanewzealand.com\/beeprotection\/#breadcrumb","itemListElement":[{"@type":"ListItem","position":1,"name":"Home","item":"https:\/\/www.manukanewzealand.com\/"},{"@type":"ListItem","position":2,"name":"Bee Protection &#038; Health Program"}]},{"@type":"WebSite","@id":"https:\/\/www.manukanewzealand.com\/es\/#website","url":"https:\/\/www.manukanewzealand.com\/es\/","name":"MNZ - Manuka Yeni Zelanda - En \u0130yi Ham Manuka Bal\u0131 | K\u00fcresel","description":"","publisher":{"@id":"https:\/\/www.manukanewzealand.com\/es\/#organization"},"potentialAction":[{"@type":"SearchAction","target":{"@type":"EntryPoint","urlTemplate":"https:\/\/www.manukanewzealand.com\/es\/?s={search_term_string}"},"query-input":{"@type":"PropertyValueSpecification","valueRequired":true,"valueName":"search_term_string"}}],"inLanguage":"tr"},{"@type":"Organization","@id":"https:\/\/www.manukanewzealand.com\/es\/#organization","name":"MNZ - Manuka Yeni Zelanda - En \u0130yi Ham Manuka Bal\u0131 | K\u00fcresel","url":"https:\/\/www.manukanewzealand.com\/es\/","logo":{"@type":"ImageObject","inLanguage":"tr","@id":"https:\/\/www.manukanewzealand.com\/es\/#\/schema\/logo\/image\/","url":"https:\/\/www.manukanewzealand.com\/wp-content\/uploads\/2022\/11\/mnz-logo-200x200-1-1.png","contentUrl":"https:\/\/www.manukanewzealand.com\/wp-content\/uploads\/2022\/11\/mnz-logo-200x200-1-1.png","width":200,"height":200,"caption":"MNZ - Manuka New Zealand - The Best Raw Manuka Honey | Global"},"image":{"@id":"https:\/\/www.manukanewzealand.com\/es\/#\/schema\/logo\/image\/"}}]},"product_price_amount":"29.95","product_price_currency":"EUR","og_availability":"instock","product_availability":"instock","product_retailer_item_id":"MNZ204","product_condition":"new"},"_links":{"self":[{"href":"https:\/\/www.manukanewzealand.com\/tr\/wp-json\/wp\/v2\/pages\/32835","targetHints":{"allow":["GET"]}}],"collection":[{"href":"https:\/\/www.manukanewzealand.com\/tr\/wp-json\/wp\/v2\/pages"}],"about":[{"href":"https:\/\/www.manukanewzealand.com\/tr\/wp-json\/wp\/v2\/types\/page"}],"author":[{"embeddable":true,"href":"https:\/\/www.manukanewzealand.com\/tr\/wp-json\/wp\/v2\/users\/2"}],"replies":[{"embeddable":true,"href":"https:\/\/www.manukanewzealand.com\/tr\/wp-json\/wp\/v2\/comments?post=32835"}],"version-history":[{"count":1,"href":"https:\/\/www.manukanewzealand.com\/tr\/wp-json\/wp\/v2\/pages\/32835\/revisions"}],"predecessor-version":[{"id":35290,"href":"https:\/\/www.manukanewzealand.com\/tr\/wp-json\/wp\/v2\/pages\/32835\/revisions\/35290"}],"wp:attachment":[{"href":"https:\/\/www.manukanewzealand.com\/tr\/wp-json\/wp\/v2\/media?parent=32835"}],"curies":[{"name":"wp","href":"https:\/\/api.w.org\/{rel}","templated":true}]}}