{"id":29012,"date":"2019-08-14T14:11:44","date_gmt":"2019-08-14T13:11:44","guid":{"rendered":"https:\/\/www.manukanewzealand.com\/?page_id=29012"},"modified":"2026-02-18T15:29:06","modified_gmt":"2026-02-18T14:29:06","slug":"thomashenle","status":"publish","type":"page","link":"https:\/\/www.manukanewzealand.com\/tr\/thomashenle\/","title":{"rendered":"Profes\u00f6r Thomas Henle - Metilglioksal'\u0131n (MGO) ka\u015fifi"},"content":{"rendered":"<div id=\"page-header-670413249\" class=\"page-header-wrapper\">\n  <div class=\"page-title dark divided-title\">\n\n        <div class=\"page-title-bg\">\n      <div class=\"title-bg fill bg-fill\"\n        data-parallax-container=\".page-title\"\n        data-parallax-background\n data-parallax=\"-\">\n      <\/div>\n      <div class=\"title-overlay fill\"><\/div>\n    <\/div>\n    \n    <div class=\"page-title-inner container align-center flex-row medium-flex-wrap\" >\n              <div class=\"title-wrapper flex-col text-left medium-text-center\">\n          <h1 class=\"entry-title mb-0\">\n            Thomas Henle          <\/h1>\n        <\/div>\n                    <div class=\"title-content flex-col flex-right text-right medium-text-center\">\n        <div class=\"title-breadcrumbs pb-half pt-half\"><nav class=\"woocommerce-breadcrumb breadcrumbs\" aria-label=\"Ekmek k\u0131r\u0131nt\u0131s\u0131\">Ev<\/nav><\/div>      <\/div>\n    <\/div>\n\n     \n<style>\n#page-header-670413249 .title-bg {\n  background-image: url(https:\/\/www.manukanewzealand.com\/wp-content\/uploads\/2026\/02\/mnz-header-2.jpg);\n}\n<\/style>\n  <\/div>\n  <div class=\"container header-wrapper-divider\"><hr\/><\/div>  <\/div>\n  \n\n\t<section class=\"section\" id=\"section_193034808\">\n\t\t<div class=\"section-bg fill\" >\n\t\t\t\t\t\t\t\t\t\n\t\t\t\n\n\t\t<\/div>\n\n\t\t\n\n\t\t<div class=\"section-content relative\">\n\t\t\t\n<div class=\"row\"  id=\"row-1203118369\">\n\n\t<div id=\"col-1970181285\" class=\"col medium-12 small-12 large-8\"  >\n\t\t\t\t<div class=\"col-inner\"  >\n\t\t\t\n\t\t\t\n<blockquote>\n<p><em><strong>\u201cBir derecelendirme sistemi bilimsel olarak sa\u011flam olmal\u0131, yay\u0131nlanm\u0131\u015f ve laboratuvarlarda uygulanabilen bir y\u00f6nteme dayanmal\u0131d\u0131r. MGO Manuka bal\u0131 s\u0131n\u0131fland\u0131rmas\u0131 i\u00e7in de durum kesinlikle budur.\u201d<\/strong><\/em><\/p>\n<\/blockquote>\n<p><em>Profes\u00f6r Thomas Henle'den al\u0131nt\u0131 - Dresden Teknik \u00dcniversitesi, Almanya<\/em><\/p>\n<p>2006 y\u0131l\u0131nda Profes\u00f6r Thomas Henle ve Dresden Teknik \u00dcniversitesi'ndeki ara\u015ft\u0131rma ekibi, Manuka bal\u0131nda bulunan \u00f6l\u00e7\u00fclebilir bir bile\u015fik olarak metilglioksal'\u0131 (MGO) tan\u0131mlad\u0131. \u00c7al\u0131\u015fmalar\u0131, MGO seviyelerinin \u00f6l\u00e7\u00fclmesi \u00fczerine in\u015fa edilmi\u015f, bilime dayal\u0131, laboratuvarda do\u011frulanabilir bir s\u0131n\u0131fland\u0131rma sisteminin kurulmas\u0131na yard\u0131mc\u0131 olmu\u015ftur.<\/p>\n<p>Profes\u00f6r Henle, metilglioksal testinin Manuka bal\u0131n\u0131n derecelendirilmesi i\u00e7in g\u00fcvenilir ve nicel bir y\u00f6ntem sa\u011flad\u0131\u011f\u0131n\u0131 belirtmi\u015ftir. Ekibinin yapt\u0131\u011f\u0131 ara\u015ft\u0131rma, \u00f6l\u00e7\u00fclen MGO konsantrasyonu ile bal\u0131n s\u0131n\u0131fland\u0131rma seviyesi aras\u0131nda do\u011frudan bir ili\u015fki oldu\u011funu g\u00f6stermi\u015ftir.<\/p>\n<p>O zamandan beri Profes\u00f6r Henle ve meslekta\u015flar\u0131 Manuka bal\u0131n\u0131n kimyasal bile\u015fimini ve \u00f6l\u00e7\u00fclebilir \u00f6zelliklerini inceleyen bilimsel ara\u015ft\u0131rmalar yay\u0131nlamaya devam ettiler.<\/p>\n\t\t<\/div>\n\t\t\t\t\t<\/div>\n\n\t\n\n\t<div id=\"col-934053094\" class=\"col medium-12 small-12 large-4\"  >\n\t\t\t\t<div class=\"col-inner text-center\"  >\n\t\t\t\n\t\t\t\n\t<div class=\"img has-hover x md-x lg-x y md-y lg-y\" id=\"image_806314987\">\n\t\t\t\t\t\t\t\t<div class=\"img-inner dark\" >\n\t\t\t<img decoding=\"async\" width=\"500\" height=\"500\" src=\"https:\/\/www.manukanewzealand.com\/wp-content\/uploads\/2024\/12\/henle.jpg\" class=\"attachment-large size-large\" alt=\"\" \/>\t\t\t\t\t\t\n\t\t\t\t\t<\/div>\n\t\t\t\t\t\t\t\t\n<style>\n#image_806314987 {\n  width: 100%;\n}\n<\/style>\n\t<\/div>\n\t\n\t\t<\/div>\n\t\t\t\t\n<style>\n#col-934053094 > .col-inner {\n  max-width: 500px;\n}\n<\/style>\n\t<\/div>\n\n\t\n<\/div>\n\t\t<\/div>\n\n\t\t\n<style>\n#section_193034808 {\n  padding-top: 30px;\n  padding-bottom: 30px;\n}\n<\/style>\n\t<\/section>","protected":false},"excerpt":{"rendered":"","protected":false},"author":2,"featured_media":0,"parent":0,"menu_order":0,"comment_status":"closed","ping_status":"closed","template":"","meta":{"footnotes":""},"class_list":["post-29012","page","type-page","status-publish","hentry"],"yoast_head":"<!-- This site is optimized with the Yoast SEO plugin v27.3 - https:\/\/yoast.com\/product\/yoast-seo-wordpress\/ -->\n<title>Professor Thomas Henle - The discoverer of Methylglyoxal (MGO) in Manuka Honey - Manuka New Zealand<\/title>\n<meta name=\"description\" content=\"In 2006, Professor Thomas Henle of the Technical University of Dresden demonstrated that Methylglyoxal (MGO) as a compound is responsible for a unique, high-quality bioactivity and is therefore characteristic of the unique and high-quality qualities and bio-activities of MGO Manuka Honey.\" \/>\n<meta name=\"robots\" content=\"index, follow, max-snippet:-1, max-image-preview:large, max-video-preview:-1\" \/>\n<link rel=\"canonical\" href=\"https:\/\/www.manukanewzealand.com\/tr\/thomashenle\/\" \/>\n<meta property=\"og:locale\" content=\"tr_TR\" \/>\n<meta property=\"og:type\" content=\"article\" \/>\n<meta property=\"og:title\" content=\"Professor Thomas Henle - The discoverer of Methylglyoxal (MGO) in Manuka Honey - Manuka New Zealand\" \/>\n<meta property=\"og:description\" content=\"In 2006, Professor Thomas Henle of the Technical University of Dresden demonstrated that Methylglyoxal (MGO) as a compound is responsible for a unique, high-quality bioactivity and is therefore characteristic of the unique and high-quality qualities and bio-activities of MGO Manuka Honey.\" \/>\n<meta property=\"og:url\" content=\"https:\/\/www.manukanewzealand.com\/tr\/thomashenle\/\" \/>\n<meta property=\"og:site_name\" content=\"MNZ - Manuka New Zealand - The Best Raw Manuka Honey | Global\" \/>\n<meta property=\"article:modified_time\" content=\"2026-02-18T14:29:06+00:00\" \/>\n<meta property=\"og:image\" content=\"https:\/\/www.manukanewzealand.com\/wp-content\/uploads\/2022\/11\/mnz-logo-200x200-1-1.png\" \/>\n\t<meta property=\"og:image:width\" content=\"200\" \/>\n\t<meta property=\"og:image:height\" content=\"200\" \/>\n\t<meta property=\"og:image:type\" content=\"image\/png\" \/>\n<meta name=\"twitter:card\" content=\"summary_large_image\" \/>\n<script type=\"application\/ld+json\" class=\"yoast-schema-graph\">{\"@context\":\"https:\\\/\\\/schema.org\",\"@graph\":[{\"@type\":\"WebPage\",\"@id\":\"https:\\\/\\\/www.manukanewzealand.com\\\/thomashenle\\\/\",\"url\":\"https:\\\/\\\/www.manukanewzealand.com\\\/thomashenle\\\/\",\"name\":\"Professor Thomas Henle - The discoverer of Methylglyoxal (MGO) in Manuka Honey - Manuka New Zealand\",\"isPartOf\":{\"@id\":\"https:\\\/\\\/www.manukanewzealand.com\\\/es\\\/#website\"},\"datePublished\":\"2019-08-14T13:11:44+00:00\",\"dateModified\":\"2026-02-18T14:29:06+00:00\",\"description\":\"In 2006, Professor Thomas Henle of the Technical University of Dresden demonstrated that Methylglyoxal (MGO) as a compound is responsible for a unique, high-quality bioactivity and is therefore characteristic of the unique and high-quality qualities and bio-activities of MGO Manuka Honey.\",\"breadcrumb\":{\"@id\":\"https:\\\/\\\/www.manukanewzealand.com\\\/thomashenle\\\/#breadcrumb\"},\"inLanguage\":\"tr\",\"potentialAction\":[{\"@type\":\"ReadAction\",\"target\":[\"https:\\\/\\\/www.manukanewzealand.com\\\/thomashenle\\\/\"]}]},{\"@type\":\"BreadcrumbList\",\"@id\":\"https:\\\/\\\/www.manukanewzealand.com\\\/thomashenle\\\/#breadcrumb\",\"itemListElement\":[{\"@type\":\"ListItem\",\"position\":1,\"name\":\"Home\",\"item\":\"https:\\\/\\\/www.manukanewzealand.com\\\/\"},{\"@type\":\"ListItem\",\"position\":2,\"name\":\"Professor Thomas Henle &#8211; discoverer of Methylglyoxal (MGO)\"}]},{\"@type\":\"WebSite\",\"@id\":\"https:\\\/\\\/www.manukanewzealand.com\\\/es\\\/#website\",\"url\":\"https:\\\/\\\/www.manukanewzealand.com\\\/es\\\/\",\"name\":\"MNZ - Manuka New Zealand - The Best Raw Manuka Honey | Global\",\"description\":\"\",\"publisher\":{\"@id\":\"https:\\\/\\\/www.manukanewzealand.com\\\/es\\\/#organization\"},\"potentialAction\":[{\"@type\":\"SearchAction\",\"target\":{\"@type\":\"EntryPoint\",\"urlTemplate\":\"https:\\\/\\\/www.manukanewzealand.com\\\/es\\\/?s={search_term_string}\"},\"query-input\":{\"@type\":\"PropertyValueSpecification\",\"valueRequired\":true,\"valueName\":\"search_term_string\"}}],\"inLanguage\":\"tr\"},{\"@type\":\"Organization\",\"@id\":\"https:\\\/\\\/www.manukanewzealand.com\\\/es\\\/#organization\",\"name\":\"MNZ - Manuka New Zealand - The Best Raw Manuka Honey | Global\",\"url\":\"https:\\\/\\\/www.manukanewzealand.com\\\/es\\\/\",\"logo\":{\"@type\":\"ImageObject\",\"inLanguage\":\"tr\",\"@id\":\"https:\\\/\\\/www.manukanewzealand.com\\\/es\\\/#\\\/schema\\\/logo\\\/image\\\/\",\"url\":\"https:\\\/\\\/www.manukanewzealand.com\\\/wp-content\\\/uploads\\\/2022\\\/11\\\/mnz-logo-200x200-1-1.png\",\"contentUrl\":\"https:\\\/\\\/www.manukanewzealand.com\\\/wp-content\\\/uploads\\\/2022\\\/11\\\/mnz-logo-200x200-1-1.png\",\"width\":200,\"height\":200,\"caption\":\"MNZ - Manuka New Zealand - The Best Raw Manuka Honey | Global\"},\"image\":{\"@id\":\"https:\\\/\\\/www.manukanewzealand.com\\\/es\\\/#\\\/schema\\\/logo\\\/image\\\/\"}}]}<\/script>\n<!-- \/ Yoast SEO plugin. -->","yoast_head_json":{"title":"Profes\u00f6r Thomas Henle - Manuka Bal\u0131ndaki Metilglioksal'\u0131n (MGO) ka\u015fifi - Manuka Yeni Zelanda","description":"2006 y\u0131l\u0131nda Dresden Teknik \u00dcniversitesi'nden Profes\u00f6r Thomas Henle, bir bile\u015fik olarak Metilglioksal'\u0131n (MGO) benzersiz, y\u00fcksek kaliteli bir biyoaktiviteden sorumlu oldu\u011funu ve bu nedenle MGO Manuka Bal\u0131n\u0131n benzersiz ve y\u00fcksek kaliteli niteliklerinin ve biyo-aktivitelerinin karakteristik \u00f6zelli\u011fi oldu\u011funu g\u00f6stermi\u015ftir.","robots":{"index":"index","follow":"follow","max-snippet":"max-snippet:-1","max-image-preview":"max-image-preview:large","max-video-preview":"max-video-preview:-1"},"canonical":"https:\/\/www.manukanewzealand.com\/tr\/thomashenle\/","og_locale":"tr_TR","og_type":"article","og_title":"Professor Thomas Henle - The discoverer of Methylglyoxal (MGO) in Manuka Honey - Manuka New Zealand","og_description":"In 2006, Professor Thomas Henle of the Technical University of Dresden demonstrated that Methylglyoxal (MGO) as a compound is responsible for a unique, high-quality bioactivity and is therefore characteristic of the unique and high-quality qualities and bio-activities of MGO Manuka Honey.","og_url":"https:\/\/www.manukanewzealand.com\/tr\/thomashenle\/","og_site_name":"MNZ - Manuka New Zealand - The Best Raw Manuka Honey | Global","article_modified_time":"2026-02-18T14:29:06+00:00","og_image":[{"width":200,"height":200,"url":"https:\/\/www.manukanewzealand.com\/wp-content\/uploads\/2022\/11\/mnz-logo-200x200-1-1.png","type":"image\/png"}],"twitter_card":"summary_large_image","schema":{"@context":"https:\/\/schema.org","@graph":[{"@type":"WebPage","@id":"https:\/\/www.manukanewzealand.com\/thomashenle\/","url":"https:\/\/www.manukanewzealand.com\/thomashenle\/","name":"Profes\u00f6r Thomas Henle - Manuka Bal\u0131ndaki Metilglioksal'\u0131n (MGO) ka\u015fifi - Manuka Yeni Zelanda","isPartOf":{"@id":"https:\/\/www.manukanewzealand.com\/es\/#website"},"datePublished":"2019-08-14T13:11:44+00:00","dateModified":"2026-02-18T14:29:06+00:00","description":"2006 y\u0131l\u0131nda Dresden Teknik \u00dcniversitesi'nden Profes\u00f6r Thomas Henle, bir bile\u015fik olarak Metilglioksal'\u0131n (MGO) benzersiz, y\u00fcksek kaliteli bir biyoaktiviteden sorumlu oldu\u011funu ve bu nedenle MGO Manuka Bal\u0131n\u0131n benzersiz ve y\u00fcksek kaliteli niteliklerinin ve biyo-aktivitelerinin karakteristik \u00f6zelli\u011fi oldu\u011funu g\u00f6stermi\u015ftir.","breadcrumb":{"@id":"https:\/\/www.manukanewzealand.com\/thomashenle\/#breadcrumb"},"inLanguage":"tr","potentialAction":[{"@type":"ReadAction","target":["https:\/\/www.manukanewzealand.com\/thomashenle\/"]}]},{"@type":"BreadcrumbList","@id":"https:\/\/www.manukanewzealand.com\/thomashenle\/#breadcrumb","itemListElement":[{"@type":"ListItem","position":1,"name":"Home","item":"https:\/\/www.manukanewzealand.com\/"},{"@type":"ListItem","position":2,"name":"Professor Thomas Henle &#8211; discoverer of Methylglyoxal (MGO)"}]},{"@type":"WebSite","@id":"https:\/\/www.manukanewzealand.com\/es\/#website","url":"https:\/\/www.manukanewzealand.com\/es\/","name":"MNZ - Manuka Yeni Zelanda - En \u0130yi Ham Manuka Bal\u0131 | K\u00fcresel","description":"","publisher":{"@id":"https:\/\/www.manukanewzealand.com\/es\/#organization"},"potentialAction":[{"@type":"SearchAction","target":{"@type":"EntryPoint","urlTemplate":"https:\/\/www.manukanewzealand.com\/es\/?s={search_term_string}"},"query-input":{"@type":"PropertyValueSpecification","valueRequired":true,"valueName":"search_term_string"}}],"inLanguage":"tr"},{"@type":"Organization","@id":"https:\/\/www.manukanewzealand.com\/es\/#organization","name":"MNZ - Manuka Yeni Zelanda - En \u0130yi Ham Manuka Bal\u0131 | K\u00fcresel","url":"https:\/\/www.manukanewzealand.com\/es\/","logo":{"@type":"ImageObject","inLanguage":"tr","@id":"https:\/\/www.manukanewzealand.com\/es\/#\/schema\/logo\/image\/","url":"https:\/\/www.manukanewzealand.com\/wp-content\/uploads\/2022\/11\/mnz-logo-200x200-1-1.png","contentUrl":"https:\/\/www.manukanewzealand.com\/wp-content\/uploads\/2022\/11\/mnz-logo-200x200-1-1.png","width":200,"height":200,"caption":"MNZ - Manuka New Zealand - The Best Raw Manuka Honey | Global"},"image":{"@id":"https:\/\/www.manukanewzealand.com\/es\/#\/schema\/logo\/image\/"}}]}},"_links":{"self":[{"href":"https:\/\/www.manukanewzealand.com\/tr\/wp-json\/wp\/v2\/pages\/29012","targetHints":{"allow":["GET"]}}],"collection":[{"href":"https:\/\/www.manukanewzealand.com\/tr\/wp-json\/wp\/v2\/pages"}],"about":[{"href":"https:\/\/www.manukanewzealand.com\/tr\/wp-json\/wp\/v2\/types\/page"}],"author":[{"embeddable":true,"href":"https:\/\/www.manukanewzealand.com\/tr\/wp-json\/wp\/v2\/users\/2"}],"replies":[{"embeddable":true,"href":"https:\/\/www.manukanewzealand.com\/tr\/wp-json\/wp\/v2\/comments?post=29012"}],"version-history":[{"count":1,"href":"https:\/\/www.manukanewzealand.com\/tr\/wp-json\/wp\/v2\/pages\/29012\/revisions"}],"predecessor-version":[{"id":35308,"href":"https:\/\/www.manukanewzealand.com\/tr\/wp-json\/wp\/v2\/pages\/29012\/revisions\/35308"}],"wp:attachment":[{"href":"https:\/\/www.manukanewzealand.com\/tr\/wp-json\/wp\/v2\/media?parent=29012"}],"curies":[{"name":"wp","href":"https:\/\/api.w.org\/{rel}","templated":true}]}}