{"id":29006,"date":"2019-08-14T14:06:49","date_gmt":"2019-08-14T13:06:49","guid":{"rendered":"https:\/\/www.manukanewzealand.com\/?page_id=29006"},"modified":"2026-02-18T15:30:07","modified_gmt":"2026-02-18T14:30:07","slug":"petermolan","status":"publish","type":"page","link":"https:\/\/www.manukanewzealand.com\/tr\/petermolan\/","title":{"rendered":"Profes\u00f6r Peter Molan - UMF'nin ka\u015fifi"},"content":{"rendered":"<div id=\"page-header-226056960\" class=\"page-header-wrapper\">\n  <div class=\"page-title dark simple-title\">\n\n        <div class=\"page-title-bg\">\n      <div class=\"title-bg fill bg-fill\"\n        data-parallax-container=\".page-title\"\n        data-parallax-background\n data-parallax=\"-\">\n      <\/div>\n      <div class=\"title-overlay fill\"><\/div>\n    <\/div>\n    \n    <div class=\"page-title-inner container align-center flex-row medium-flex-wrap\" >\n              <div class=\"title-wrapper flex-col text-left medium-text-center\">\n          <h1 class=\"entry-title mb-0\">\n            Peter Molan          <\/h1>\n        <\/div>\n                    <div class=\"title-content flex-col flex-right text-right medium-text-center\">\n        <div class=\"title-breadcrumbs pb-half pt-half\"><nav class=\"woocommerce-breadcrumb breadcrumbs\" aria-label=\"Ekmek k\u0131r\u0131nt\u0131s\u0131\">Ev<\/nav><\/div>      <\/div>\n    <\/div>\n\n     \n<style>\n#page-header-226056960 .title-bg {\n  background-image: url(https:\/\/www.manukanewzealand.com\/wp-content\/uploads\/2026\/02\/mnz-header-2.jpg);\n}\n<\/style>\n  <\/div>\n    <\/div>\n  \n\n\t<section class=\"section\" id=\"section_942346034\">\n\t\t<div class=\"section-bg fill\" >\n\t\t\t\t\t\t\t\t\t\n\t\t\t\n\n\t\t<\/div>\n\n\t\t\n\n\t\t<div class=\"section-content relative\">\n\t\t\t\n<div class=\"row\"  id=\"row-53254175\">\n\n\t<div id=\"col-1852740329\" class=\"col medium-12 small-12 large-8\"  >\n\t\t\t\t<div class=\"col-inner\"  >\n\t\t\t\n\t\t\t\n<blockquote>\n<p><em><strong>\u201cMetilglioksal testi, Manuka bal\u0131n\u0131n ay\u0131rt edici \u00f6zelliklerini s\u0131n\u0131fland\u0131rmak i\u00e7in net ve \u00f6l\u00e7\u00fclebilir bir yol sa\u011flar.\u201d<\/strong><\/em><\/p>\n<\/blockquote>\n<p><em>Al\u0131nt\u0131 Profes\u00f6r Peter Molan'a atfedilmi\u015ftir - Waikato \u00dcniversitesi, Yeni Zelanda<\/em><\/p>\n<p>Profes\u00f6r Peter Molan 2015 y\u0131l\u0131na kadar Waikato \u00dcniversitesi'ne ba\u011fl\u0131yd\u0131. Kendisi ve Waikato Bal Ara\u015ft\u0131rma Birimi'ndeki ekibi 1985 y\u0131l\u0131ndan itibaren Manuka bal\u0131n\u0131n ay\u0131rt edici \u00f6zelliklerine ili\u015fkin kapsaml\u0131 ara\u015ft\u0131rmalar y\u00fcr\u00fctm\u00fc\u015ft\u00fcr.<\/p>\n<p>\u00c7al\u0131\u015fmalar\u0131 \u00e7ok say\u0131da bilimsel yay\u0131na yol a\u00e7m\u0131\u015f ve Manuka bal\u0131n\u0131n \u00f6l\u00e7\u00fclebilir \u00f6zelliklerinin uluslararas\u0131 alanda tan\u0131nmas\u0131na yard\u0131mc\u0131 olmu\u015ftur. UMF (Benzersiz Manuka Fakt\u00f6r\u00fc) olarak bilinen ve o d\u00f6nemde mevcut olan laboratuvar test y\u00f6ntemlerine dayanarak Manuka bal\u0131n\u0131 s\u0131n\u0131fland\u0131rmay\u0131 ama\u00e7layan derecelendirme konseptini tan\u0131tt\u0131.<\/p>\n<p>UMF de\u011ferleri tarihsel olarak kar\u015f\u0131la\u015ft\u0131rmal\u0131 laboratuvar \u00f6l\u00e7\u00fcmleri ile ili\u015fkilendirilmi\u015ftir. Zaman i\u00e7inde, daha ileri bilimsel geli\u015fmeler metilglioksal\u0131n (MGO) Manuka bal\u0131nda \u00f6l\u00e7\u00fclebilir \u00f6nemli bir bile\u015fik oldu\u011funu ortaya koymu\u015ftur. MGO konsantrasyonlar\u0131n\u0131 \u00f6l\u00e7mek i\u00e7in kullan\u0131lan laboratuvar y\u00f6ntemi IANZ taraf\u0131ndan ISO 17025 standartlar\u0131 kapsam\u0131nda akredite edilmi\u015ftir.<\/p>\n<p>Profes\u00f6r Peter Molan 2008 y\u0131l\u0131ndan bu yana, ara\u015ft\u0131rmalar\u0131 Manuka bal\u0131nda \u00f6l\u00e7\u00fclebilir bir belirte\u00e7 olarak metilglioksal'\u0131 tan\u0131mlayan Profes\u00f6r Thomas Henle ile yak\u0131n bir \u015fekilde \u00e7al\u0131\u015fm\u0131\u015ft\u0131r. Profes\u00f6r Molan Eyl\u00fcl 2015'te vefat etmi\u015ftir. Ara\u015ft\u0131rmalar\u0131 Manuka bal\u0131n\u0131n bilimsel \u00e7al\u0131\u015fmalar\u0131nda etkili olmaya devam etmektedir.<\/p>\n<p><a href=\"https:\/\/www.manukanewzealand.com\/tr\/thomashenle\/\"><strong>Profes\u00f6r Thomas Henle ve metilglioksal\u0131n (MGO) tan\u0131mlanmas\u0131 hakk\u0131nda daha fazla bilgi edinin.<\/strong><\/a><\/p>\n\t\t<\/div>\n\t\t\t\t\t<\/div>\n\n\t\n\n\t<div id=\"col-1477247551\" class=\"col medium-12 small-12 large-4\"  >\n\t\t\t\t<div class=\"col-inner text-center\"  >\n\t\t\t\n\t\t\t\n\t<div class=\"img has-hover x md-x lg-x y md-y lg-y\" id=\"image_1333747648\">\n\t\t\t\t\t\t\t\t<div class=\"img-inner dark\" >\n\t\t\t<img decoding=\"async\" width=\"500\" height=\"500\" src=\"https:\/\/www.manukanewzealand.com\/wp-content\/uploads\/2024\/12\/molan.jpg\" class=\"attachment-large size-large\" alt=\"\" \/>\t\t\t\t\t\t\n\t\t\t\t\t<\/div>\n\t\t\t\t\t\t\t\t\n<style>\n#image_1333747648 {\n  width: 100%;\n}\n<\/style>\n\t<\/div>\n\t\n\t\t<\/div>\n\t\t\t\t\n<style>\n#col-1477247551 > .col-inner {\n  max-width: 500px;\n}\n<\/style>\n\t<\/div>\n\n\t\n<\/div>\n\t\t<\/div>\n\n\t\t\n<style>\n#section_942346034 {\n  padding-top: 30px;\n  padding-bottom: 30px;\n}\n<\/style>\n\t<\/section>","protected":false},"excerpt":{"rendered":"","protected":false},"author":2,"featured_media":0,"parent":0,"menu_order":0,"comment_status":"closed","ping_status":"closed","template":"","meta":{"footnotes":""},"class_list":["post-29006","page","type-page","status-publish","hentry"],"yoast_head":"<!-- This site is optimized with the Yoast SEO plugin v27.3 - https:\/\/yoast.com\/product\/yoast-seo-wordpress\/ -->\n<title>UMF Manuka Honing - The discovery of Professor Peter Molan<\/title>\n<meta name=\"description\" content=\"Methylglyoxal testing is a clear and unambiguous way to let consumers know, supported by Peter Molan; discoverer UMF value.\" \/>\n<meta name=\"robots\" content=\"index, follow, max-snippet:-1, max-image-preview:large, max-video-preview:-1\" \/>\n<link rel=\"canonical\" href=\"https:\/\/www.manukanewzealand.com\/tr\/petermolan\/\" \/>\n<meta property=\"og:locale\" content=\"tr_TR\" \/>\n<meta property=\"og:type\" content=\"article\" \/>\n<meta property=\"og:title\" content=\"UMF Manuka Honing - The discovery of Professor Peter Molan\" \/>\n<meta property=\"og:description\" content=\"Methylglyoxal testing is a clear and unambiguous way to let consumers know, supported by Peter Molan; discoverer UMF value.\" \/>\n<meta property=\"og:url\" content=\"https:\/\/www.manukanewzealand.com\/tr\/petermolan\/\" \/>\n<meta property=\"og:site_name\" content=\"MNZ - Manuka New Zealand - The Best Raw Manuka Honey | Global\" \/>\n<meta property=\"article:modified_time\" content=\"2026-02-18T14:30:07+00:00\" \/>\n<meta property=\"og:image\" content=\"https:\/\/www.manukanewzealand.com\/wp-content\/uploads\/2022\/11\/mnz-logo-200x200-1-1.png\" \/>\n\t<meta property=\"og:image:width\" content=\"200\" \/>\n\t<meta property=\"og:image:height\" content=\"200\" \/>\n\t<meta property=\"og:image:type\" content=\"image\/png\" \/>\n<meta name=\"twitter:card\" content=\"summary_large_image\" \/>\n<script type=\"application\/ld+json\" class=\"yoast-schema-graph\">{\"@context\":\"https:\\\/\\\/schema.org\",\"@graph\":[{\"@type\":\"WebPage\",\"@id\":\"https:\\\/\\\/www.manukanewzealand.com\\\/petermolan\\\/\",\"url\":\"https:\\\/\\\/www.manukanewzealand.com\\\/petermolan\\\/\",\"name\":\"UMF Manuka Honing - The discovery of Professor Peter Molan\",\"isPartOf\":{\"@id\":\"https:\\\/\\\/www.manukanewzealand.com\\\/es\\\/#website\"},\"datePublished\":\"2019-08-14T13:06:49+00:00\",\"dateModified\":\"2026-02-18T14:30:07+00:00\",\"description\":\"Methylglyoxal testing is a clear and unambiguous way to let consumers know, supported by Peter Molan; discoverer UMF value.\",\"breadcrumb\":{\"@id\":\"https:\\\/\\\/www.manukanewzealand.com\\\/petermolan\\\/#breadcrumb\"},\"inLanguage\":\"tr\",\"potentialAction\":[{\"@type\":\"ReadAction\",\"target\":[\"https:\\\/\\\/www.manukanewzealand.com\\\/petermolan\\\/\"]}]},{\"@type\":\"BreadcrumbList\",\"@id\":\"https:\\\/\\\/www.manukanewzealand.com\\\/petermolan\\\/#breadcrumb\",\"itemListElement\":[{\"@type\":\"ListItem\",\"position\":1,\"name\":\"Home\",\"item\":\"https:\\\/\\\/www.manukanewzealand.com\\\/\"},{\"@type\":\"ListItem\",\"position\":2,\"name\":\"Professor Peter Molan &#8211; The discoverer of UMF\"}]},{\"@type\":\"WebSite\",\"@id\":\"https:\\\/\\\/www.manukanewzealand.com\\\/es\\\/#website\",\"url\":\"https:\\\/\\\/www.manukanewzealand.com\\\/es\\\/\",\"name\":\"MNZ - Manuka New Zealand - The Best Raw Manuka Honey | Global\",\"description\":\"\",\"publisher\":{\"@id\":\"https:\\\/\\\/www.manukanewzealand.com\\\/es\\\/#organization\"},\"potentialAction\":[{\"@type\":\"SearchAction\",\"target\":{\"@type\":\"EntryPoint\",\"urlTemplate\":\"https:\\\/\\\/www.manukanewzealand.com\\\/es\\\/?s={search_term_string}\"},\"query-input\":{\"@type\":\"PropertyValueSpecification\",\"valueRequired\":true,\"valueName\":\"search_term_string\"}}],\"inLanguage\":\"tr\"},{\"@type\":\"Organization\",\"@id\":\"https:\\\/\\\/www.manukanewzealand.com\\\/es\\\/#organization\",\"name\":\"MNZ - Manuka New Zealand - The Best Raw Manuka Honey | Global\",\"url\":\"https:\\\/\\\/www.manukanewzealand.com\\\/es\\\/\",\"logo\":{\"@type\":\"ImageObject\",\"inLanguage\":\"tr\",\"@id\":\"https:\\\/\\\/www.manukanewzealand.com\\\/es\\\/#\\\/schema\\\/logo\\\/image\\\/\",\"url\":\"https:\\\/\\\/www.manukanewzealand.com\\\/wp-content\\\/uploads\\\/2022\\\/11\\\/mnz-logo-200x200-1-1.png\",\"contentUrl\":\"https:\\\/\\\/www.manukanewzealand.com\\\/wp-content\\\/uploads\\\/2022\\\/11\\\/mnz-logo-200x200-1-1.png\",\"width\":200,\"height\":200,\"caption\":\"MNZ - Manuka New Zealand - The Best Raw Manuka Honey | Global\"},\"image\":{\"@id\":\"https:\\\/\\\/www.manukanewzealand.com\\\/es\\\/#\\\/schema\\\/logo\\\/image\\\/\"}}]}<\/script>\n<!-- \/ Yoast SEO plugin. -->","yoast_head_json":{"title":"UMF Manuka Honlama - Profes\u00f6r Peter Molan'\u0131n ke\u015ffi","description":"Metilglioksal testi, UMF de\u011ferini ke\u015ffeden Peter Molan taraf\u0131ndan desteklenen, t\u00fcketicileri bilgilendirmenin a\u00e7\u0131k ve net bir yoludur.","robots":{"index":"index","follow":"follow","max-snippet":"max-snippet:-1","max-image-preview":"max-image-preview:large","max-video-preview":"max-video-preview:-1"},"canonical":"https:\/\/www.manukanewzealand.com\/tr\/petermolan\/","og_locale":"tr_TR","og_type":"article","og_title":"UMF Manuka Honing - The discovery of Professor Peter Molan","og_description":"Methylglyoxal testing is a clear and unambiguous way to let consumers know, supported by Peter Molan; discoverer UMF value.","og_url":"https:\/\/www.manukanewzealand.com\/tr\/petermolan\/","og_site_name":"MNZ - Manuka New Zealand - The Best Raw Manuka Honey | Global","article_modified_time":"2026-02-18T14:30:07+00:00","og_image":[{"width":200,"height":200,"url":"https:\/\/www.manukanewzealand.com\/wp-content\/uploads\/2022\/11\/mnz-logo-200x200-1-1.png","type":"image\/png"}],"twitter_card":"summary_large_image","schema":{"@context":"https:\/\/schema.org","@graph":[{"@type":"WebPage","@id":"https:\/\/www.manukanewzealand.com\/petermolan\/","url":"https:\/\/www.manukanewzealand.com\/petermolan\/","name":"UMF Manuka Honlama - Profes\u00f6r Peter Molan'\u0131n ke\u015ffi","isPartOf":{"@id":"https:\/\/www.manukanewzealand.com\/es\/#website"},"datePublished":"2019-08-14T13:06:49+00:00","dateModified":"2026-02-18T14:30:07+00:00","description":"Metilglioksal testi, UMF de\u011ferini ke\u015ffeden Peter Molan taraf\u0131ndan desteklenen, t\u00fcketicileri bilgilendirmenin a\u00e7\u0131k ve net bir yoludur.","breadcrumb":{"@id":"https:\/\/www.manukanewzealand.com\/petermolan\/#breadcrumb"},"inLanguage":"tr","potentialAction":[{"@type":"ReadAction","target":["https:\/\/www.manukanewzealand.com\/petermolan\/"]}]},{"@type":"BreadcrumbList","@id":"https:\/\/www.manukanewzealand.com\/petermolan\/#breadcrumb","itemListElement":[{"@type":"ListItem","position":1,"name":"Home","item":"https:\/\/www.manukanewzealand.com\/"},{"@type":"ListItem","position":2,"name":"Professor Peter Molan &#8211; The discoverer of UMF"}]},{"@type":"WebSite","@id":"https:\/\/www.manukanewzealand.com\/es\/#website","url":"https:\/\/www.manukanewzealand.com\/es\/","name":"MNZ - Manuka Yeni Zelanda - En \u0130yi Ham Manuka Bal\u0131 | K\u00fcresel","description":"","publisher":{"@id":"https:\/\/www.manukanewzealand.com\/es\/#organization"},"potentialAction":[{"@type":"SearchAction","target":{"@type":"EntryPoint","urlTemplate":"https:\/\/www.manukanewzealand.com\/es\/?s={search_term_string}"},"query-input":{"@type":"PropertyValueSpecification","valueRequired":true,"valueName":"search_term_string"}}],"inLanguage":"tr"},{"@type":"Organization","@id":"https:\/\/www.manukanewzealand.com\/es\/#organization","name":"MNZ - Manuka Yeni Zelanda - En \u0130yi Ham Manuka Bal\u0131 | K\u00fcresel","url":"https:\/\/www.manukanewzealand.com\/es\/","logo":{"@type":"ImageObject","inLanguage":"tr","@id":"https:\/\/www.manukanewzealand.com\/es\/#\/schema\/logo\/image\/","url":"https:\/\/www.manukanewzealand.com\/wp-content\/uploads\/2022\/11\/mnz-logo-200x200-1-1.png","contentUrl":"https:\/\/www.manukanewzealand.com\/wp-content\/uploads\/2022\/11\/mnz-logo-200x200-1-1.png","width":200,"height":200,"caption":"MNZ - Manuka New Zealand - The Best Raw Manuka Honey | Global"},"image":{"@id":"https:\/\/www.manukanewzealand.com\/es\/#\/schema\/logo\/image\/"}}]}},"_links":{"self":[{"href":"https:\/\/www.manukanewzealand.com\/tr\/wp-json\/wp\/v2\/pages\/29006","targetHints":{"allow":["GET"]}}],"collection":[{"href":"https:\/\/www.manukanewzealand.com\/tr\/wp-json\/wp\/v2\/pages"}],"about":[{"href":"https:\/\/www.manukanewzealand.com\/tr\/wp-json\/wp\/v2\/types\/page"}],"author":[{"embeddable":true,"href":"https:\/\/www.manukanewzealand.com\/tr\/wp-json\/wp\/v2\/users\/2"}],"replies":[{"embeddable":true,"href":"https:\/\/www.manukanewzealand.com\/tr\/wp-json\/wp\/v2\/comments?post=29006"}],"version-history":[{"count":1,"href":"https:\/\/www.manukanewzealand.com\/tr\/wp-json\/wp\/v2\/pages\/29006\/revisions"}],"predecessor-version":[{"id":35309,"href":"https:\/\/www.manukanewzealand.com\/tr\/wp-json\/wp\/v2\/pages\/29006\/revisions\/35309"}],"wp:attachment":[{"href":"https:\/\/www.manukanewzealand.com\/tr\/wp-json\/wp\/v2\/media?parent=29006"}],"curies":[{"name":"wp","href":"https:\/\/api.w.org\/{rel}","templated":true}]}}