{"id":28919,"date":"2019-08-14T13:14:00","date_gmt":"2019-08-14T12:14:00","guid":{"rendered":"https:\/\/www.manukanewzealand.com\/?page_id=28919"},"modified":"2026-02-18T15:32:00","modified_gmt":"2026-02-18T14:32:00","slug":"science","status":"publish","type":"page","link":"https:\/\/www.manukanewzealand.com\/tr\/science\/","title":{"rendered":"Manuka Bal\u0131 Bilimi"},"content":{"rendered":"<div id=\"page-header-356089394\" class=\"page-header-wrapper\">\n  <div class=\"page-title dark simple-title\">\n\n        <div class=\"page-title-bg\">\n      <div class=\"title-bg fill bg-fill\"\n        data-parallax-container=\".page-title\"\n        data-parallax-background\n data-parallax=\"-\">\n      <\/div>\n      <div class=\"title-overlay fill\"><\/div>\n    <\/div>\n    \n    <div class=\"page-title-inner container align-center flex-row medium-flex-wrap\" >\n              <div class=\"title-wrapper flex-col text-left medium-text-center\">\n          <h1 class=\"entry-title mb-0\">\n            Manuka Bal\u0131n\u0131n Arkas\u0131ndaki Bilim          <\/h1>\n        <\/div>\n                    <div class=\"title-content flex-col flex-right text-right medium-text-center\">\n        <div class=\"title-breadcrumbs pb-half pt-half\"><nav class=\"woocommerce-breadcrumb breadcrumbs\" aria-label=\"Ekmek k\u0131r\u0131nt\u0131s\u0131\">Ev<\/nav><\/div>      <\/div>\n    <\/div>\n\n     \n<style>\n#page-header-356089394 .title-bg {\n  background-image: url(https:\/\/www.manukanewzealand.com\/wp-content\/uploads\/2026\/02\/mnz-header-2.jpg);\n}\n<\/style>\n  <\/div>\n    <\/div>\n  \n<div class=\"row\"  id=\"row-410980770\">\n\n\t<div id=\"col-822462448\" class=\"col small-12 large-12\"  >\n\t\t\t\t<div class=\"col-inner\"  >\n\t\t\t\n\t\t\t\n<p>Y\u0131llar boyunca Manuka bal\u0131n\u0131n bile\u015fimi ve \u00f6l\u00e7\u00fclebilir \u00f6zellikleri \u00fczerine kapsaml\u0131 bilimsel ara\u015ft\u0131rmalar yap\u0131lm\u0131\u015ft\u0131r. Profes\u00f6r Thomas Henle, Profes\u00f6r Peter Molan, Profes\u00f6r Keiji Terao ve Dr. Robert Laheij gibi ara\u015ft\u0131rmac\u0131lar bu alanda giderek artan hakemli yay\u0131nlara katk\u0131da bulunmu\u015flard\u0131r.<\/p>\n<p>Manuka bal\u0131, kimyasal profili ve \u00f6l\u00e7\u00fclebilir bile\u015fikleri a\u00e7\u0131s\u0131ndan akademik ve klinik ara\u015ft\u0131rma ortamlar\u0131nda incelenmeye devam etmektedir. Her y\u0131l, bile\u015fimini ve s\u0131n\u0131fland\u0131rma belirte\u00e7lerini ara\u015ft\u0131ran yeni bilimsel makaleler yay\u0131nlanmaktad\u0131r. Bu yay\u0131nlar\u0131n bir\u00e7o\u011fu yerle\u015fik bilimsel dergiler ve akademik yay\u0131nc\u0131lar arac\u0131l\u0131\u011f\u0131yla elde edilebilir.<\/p>\n<p><strong>Manuka bal\u0131 ara\u015ft\u0131rmalar\u0131na kat\u0131lan kurumlar \u015funlard\u0131r:<\/strong><\/p>\n<p>\n<strong>Dresden Teknik \u00dcniversitesi (Almanya)<\/strong><br \/>\n<strong>Kobe \u00dcniversitesi (Japonya)<\/strong><br \/>\n<strong>UCLA (ABD)<\/strong><br \/>\n<strong>Auckland \u00dcniversitesi (Yeni Zelanda)<\/strong><br \/>\n<strong>Elisabeth-TweeSteden Hastanesi (Hollanda)<\/strong>\n<\/p>\n\t\t<\/div>\n\t\t\t\t\t<\/div>\n\n\t\n<\/div>","protected":false},"excerpt":{"rendered":"","protected":false},"author":2,"featured_media":0,"parent":0,"menu_order":0,"comment_status":"closed","ping_status":"closed","template":"","meta":{"footnotes":""},"class_list":["post-28919","page","type-page","status-publish","hentry"],"yoast_head":"<!-- This site is optimized with the Yoast SEO plugin v27.3 - https:\/\/yoast.com\/product\/yoast-seo-wordpress\/ -->\n<title>Scientific publications about Manuka Honing - Manuka New Zealand<\/title>\n<meta name=\"description\" content=\"Over the years, much groundbreaking scientific research has been done into the unique qualities of Manuka Honey. Leading researchers such as Thomas Henle and Keiji Terao have many publications to their name. In addition, many universities have published publications.\" \/>\n<meta name=\"robots\" content=\"index, follow, max-snippet:-1, max-image-preview:large, max-video-preview:-1\" \/>\n<link rel=\"canonical\" href=\"https:\/\/www.manukanewzealand.com\/tr\/science\/\" \/>\n<meta property=\"og:locale\" content=\"tr_TR\" \/>\n<meta property=\"og:type\" content=\"article\" \/>\n<meta property=\"og:title\" content=\"Scientific publications about Manuka Honing - Manuka New Zealand\" \/>\n<meta property=\"og:description\" content=\"Over the years, much groundbreaking scientific research has been done into the unique qualities of Manuka Honey. Leading researchers such as Thomas Henle and Keiji Terao have many publications to their name. In addition, many universities have published publications.\" \/>\n<meta property=\"og:url\" content=\"https:\/\/www.manukanewzealand.com\/tr\/science\/\" \/>\n<meta property=\"og:site_name\" content=\"MNZ - Manuka New Zealand - The Best Raw Manuka Honey | Global\" \/>\n<meta property=\"article:modified_time\" content=\"2026-02-18T14:32:00+00:00\" \/>\n<meta property=\"og:image\" content=\"https:\/\/www.manukanewzealand.com\/wp-content\/uploads\/2022\/11\/mnz-logo-200x200-1-1.png\" \/>\n\t<meta property=\"og:image:width\" content=\"200\" \/>\n\t<meta property=\"og:image:height\" content=\"200\" \/>\n\t<meta property=\"og:image:type\" content=\"image\/png\" \/>\n<meta name=\"twitter:card\" content=\"summary_large_image\" \/>\n<meta name=\"twitter:label1\" content=\"Tahmini okuma s\u00fcresi\" \/>\n\t<meta name=\"twitter:data1\" content=\"1 dakika\" \/>\n<script type=\"application\/ld+json\" class=\"yoast-schema-graph\">{\"@context\":\"https:\\\/\\\/schema.org\",\"@graph\":[{\"@type\":\"WebPage\",\"@id\":\"https:\\\/\\\/www.manukanewzealand.com\\\/science\\\/\",\"url\":\"https:\\\/\\\/www.manukanewzealand.com\\\/science\\\/\",\"name\":\"Scientific publications about Manuka Honing - Manuka New Zealand\",\"isPartOf\":{\"@id\":\"https:\\\/\\\/www.manukanewzealand.com\\\/es\\\/#website\"},\"datePublished\":\"2019-08-14T12:14:00+00:00\",\"dateModified\":\"2026-02-18T14:32:00+00:00\",\"description\":\"Over the years, much groundbreaking scientific research has been done into the unique qualities of Manuka Honey. Leading researchers such as Thomas Henle and Keiji Terao have many publications to their name. In addition, many universities have published publications.\",\"breadcrumb\":{\"@id\":\"https:\\\/\\\/www.manukanewzealand.com\\\/science\\\/#breadcrumb\"},\"inLanguage\":\"tr\",\"potentialAction\":[{\"@type\":\"ReadAction\",\"target\":[\"https:\\\/\\\/www.manukanewzealand.com\\\/science\\\/\"]}]},{\"@type\":\"BreadcrumbList\",\"@id\":\"https:\\\/\\\/www.manukanewzealand.com\\\/science\\\/#breadcrumb\",\"itemListElement\":[{\"@type\":\"ListItem\",\"position\":1,\"name\":\"Home\",\"item\":\"https:\\\/\\\/www.manukanewzealand.com\\\/\"},{\"@type\":\"ListItem\",\"position\":2,\"name\":\"Manuka Honey Science\"}]},{\"@type\":\"WebSite\",\"@id\":\"https:\\\/\\\/www.manukanewzealand.com\\\/es\\\/#website\",\"url\":\"https:\\\/\\\/www.manukanewzealand.com\\\/es\\\/\",\"name\":\"MNZ - Manuka New Zealand - The Best Raw Manuka Honey | Global\",\"description\":\"\",\"publisher\":{\"@id\":\"https:\\\/\\\/www.manukanewzealand.com\\\/es\\\/#organization\"},\"potentialAction\":[{\"@type\":\"SearchAction\",\"target\":{\"@type\":\"EntryPoint\",\"urlTemplate\":\"https:\\\/\\\/www.manukanewzealand.com\\\/es\\\/?s={search_term_string}\"},\"query-input\":{\"@type\":\"PropertyValueSpecification\",\"valueRequired\":true,\"valueName\":\"search_term_string\"}}],\"inLanguage\":\"tr\"},{\"@type\":\"Organization\",\"@id\":\"https:\\\/\\\/www.manukanewzealand.com\\\/es\\\/#organization\",\"name\":\"MNZ - Manuka New Zealand - The Best Raw Manuka Honey | Global\",\"url\":\"https:\\\/\\\/www.manukanewzealand.com\\\/es\\\/\",\"logo\":{\"@type\":\"ImageObject\",\"inLanguage\":\"tr\",\"@id\":\"https:\\\/\\\/www.manukanewzealand.com\\\/es\\\/#\\\/schema\\\/logo\\\/image\\\/\",\"url\":\"https:\\\/\\\/www.manukanewzealand.com\\\/wp-content\\\/uploads\\\/2022\\\/11\\\/mnz-logo-200x200-1-1.png\",\"contentUrl\":\"https:\\\/\\\/www.manukanewzealand.com\\\/wp-content\\\/uploads\\\/2022\\\/11\\\/mnz-logo-200x200-1-1.png\",\"width\":200,\"height\":200,\"caption\":\"MNZ - Manuka New Zealand - The Best Raw Manuka Honey | Global\"},\"image\":{\"@id\":\"https:\\\/\\\/www.manukanewzealand.com\\\/es\\\/#\\\/schema\\\/logo\\\/image\\\/\"}}]}<\/script>\n<!-- \/ Yoast SEO plugin. -->","yoast_head_json":{"title":"Manuka Honlama hakk\u0131nda bilimsel yay\u0131nlar - Manuka Yeni Zelanda","description":"Y\u0131llar boyunca Manuka Bal\u0131n\u0131n e\u015fsiz nitelikleri \u00fczerine \u00e7\u0131\u011f\u0131r a\u00e7an pek \u00e7ok bilimsel ara\u015ft\u0131rma yap\u0131lm\u0131\u015ft\u0131r. Thomas Henle ve Keiji Terao gibi \u00f6nde gelen ara\u015ft\u0131rmac\u0131lar\u0131n \u00e7ok say\u0131da yay\u0131n\u0131 bulunmaktad\u0131r. Ayr\u0131ca bir\u00e7ok \u00fcniversitenin de yay\u0131nlar\u0131 bulunmaktad\u0131r.","robots":{"index":"index","follow":"follow","max-snippet":"max-snippet:-1","max-image-preview":"max-image-preview:large","max-video-preview":"max-video-preview:-1"},"canonical":"https:\/\/www.manukanewzealand.com\/tr\/science\/","og_locale":"tr_TR","og_type":"article","og_title":"Scientific publications about Manuka Honing - Manuka New Zealand","og_description":"Over the years, much groundbreaking scientific research has been done into the unique qualities of Manuka Honey. Leading researchers such as Thomas Henle and Keiji Terao have many publications to their name. In addition, many universities have published publications.","og_url":"https:\/\/www.manukanewzealand.com\/tr\/science\/","og_site_name":"MNZ - Manuka New Zealand - The Best Raw Manuka Honey | Global","article_modified_time":"2026-02-18T14:32:00+00:00","og_image":[{"width":200,"height":200,"url":"https:\/\/www.manukanewzealand.com\/wp-content\/uploads\/2022\/11\/mnz-logo-200x200-1-1.png","type":"image\/png"}],"twitter_card":"summary_large_image","twitter_misc":{"Tahmini okuma s\u00fcresi":"1 dakika"},"schema":{"@context":"https:\/\/schema.org","@graph":[{"@type":"WebPage","@id":"https:\/\/www.manukanewzealand.com\/science\/","url":"https:\/\/www.manukanewzealand.com\/science\/","name":"Manuka Honlama hakk\u0131nda bilimsel yay\u0131nlar - Manuka Yeni Zelanda","isPartOf":{"@id":"https:\/\/www.manukanewzealand.com\/es\/#website"},"datePublished":"2019-08-14T12:14:00+00:00","dateModified":"2026-02-18T14:32:00+00:00","description":"Y\u0131llar boyunca Manuka Bal\u0131n\u0131n e\u015fsiz nitelikleri \u00fczerine \u00e7\u0131\u011f\u0131r a\u00e7an pek \u00e7ok bilimsel ara\u015ft\u0131rma yap\u0131lm\u0131\u015ft\u0131r. Thomas Henle ve Keiji Terao gibi \u00f6nde gelen ara\u015ft\u0131rmac\u0131lar\u0131n \u00e7ok say\u0131da yay\u0131n\u0131 bulunmaktad\u0131r. Ayr\u0131ca bir\u00e7ok \u00fcniversitenin de yay\u0131nlar\u0131 bulunmaktad\u0131r.","breadcrumb":{"@id":"https:\/\/www.manukanewzealand.com\/science\/#breadcrumb"},"inLanguage":"tr","potentialAction":[{"@type":"ReadAction","target":["https:\/\/www.manukanewzealand.com\/science\/"]}]},{"@type":"BreadcrumbList","@id":"https:\/\/www.manukanewzealand.com\/science\/#breadcrumb","itemListElement":[{"@type":"ListItem","position":1,"name":"Home","item":"https:\/\/www.manukanewzealand.com\/"},{"@type":"ListItem","position":2,"name":"Manuka Honey Science"}]},{"@type":"WebSite","@id":"https:\/\/www.manukanewzealand.com\/es\/#website","url":"https:\/\/www.manukanewzealand.com\/es\/","name":"MNZ - Manuka Yeni Zelanda - En \u0130yi Ham Manuka Bal\u0131 | K\u00fcresel","description":"","publisher":{"@id":"https:\/\/www.manukanewzealand.com\/es\/#organization"},"potentialAction":[{"@type":"SearchAction","target":{"@type":"EntryPoint","urlTemplate":"https:\/\/www.manukanewzealand.com\/es\/?s={search_term_string}"},"query-input":{"@type":"PropertyValueSpecification","valueRequired":true,"valueName":"search_term_string"}}],"inLanguage":"tr"},{"@type":"Organization","@id":"https:\/\/www.manukanewzealand.com\/es\/#organization","name":"MNZ - Manuka Yeni Zelanda - En \u0130yi Ham Manuka Bal\u0131 | K\u00fcresel","url":"https:\/\/www.manukanewzealand.com\/es\/","logo":{"@type":"ImageObject","inLanguage":"tr","@id":"https:\/\/www.manukanewzealand.com\/es\/#\/schema\/logo\/image\/","url":"https:\/\/www.manukanewzealand.com\/wp-content\/uploads\/2022\/11\/mnz-logo-200x200-1-1.png","contentUrl":"https:\/\/www.manukanewzealand.com\/wp-content\/uploads\/2022\/11\/mnz-logo-200x200-1-1.png","width":200,"height":200,"caption":"MNZ - Manuka New Zealand - The Best Raw Manuka Honey | Global"},"image":{"@id":"https:\/\/www.manukanewzealand.com\/es\/#\/schema\/logo\/image\/"}}]}},"_links":{"self":[{"href":"https:\/\/www.manukanewzealand.com\/tr\/wp-json\/wp\/v2\/pages\/28919","targetHints":{"allow":["GET"]}}],"collection":[{"href":"https:\/\/www.manukanewzealand.com\/tr\/wp-json\/wp\/v2\/pages"}],"about":[{"href":"https:\/\/www.manukanewzealand.com\/tr\/wp-json\/wp\/v2\/types\/page"}],"author":[{"embeddable":true,"href":"https:\/\/www.manukanewzealand.com\/tr\/wp-json\/wp\/v2\/users\/2"}],"replies":[{"embeddable":true,"href":"https:\/\/www.manukanewzealand.com\/tr\/wp-json\/wp\/v2\/comments?post=28919"}],"version-history":[{"count":1,"href":"https:\/\/www.manukanewzealand.com\/tr\/wp-json\/wp\/v2\/pages\/28919\/revisions"}],"predecessor-version":[{"id":35311,"href":"https:\/\/www.manukanewzealand.com\/tr\/wp-json\/wp\/v2\/pages\/28919\/revisions\/35311"}],"wp:attachment":[{"href":"https:\/\/www.manukanewzealand.com\/tr\/wp-json\/wp\/v2\/media?parent=28919"}],"curies":[{"name":"wp","href":"https:\/\/api.w.org\/{rel}","templated":true}]}}