{"id":28897,"date":"2019-08-14T12:59:30","date_gmt":"2019-08-14T11:59:30","guid":{"rendered":"https:\/\/www.manukanewzealand.com\/?page_id=28897"},"modified":"2026-02-18T15:04:37","modified_gmt":"2026-02-18T14:04:37","slug":"experts","status":"publish","type":"page","link":"https:\/\/www.manukanewzealand.com\/tr\/experts\/","title":{"rendered":"Uzmanlar"},"content":{"rendered":"<div id=\"page-header-1435340035\" class=\"page-header-wrapper\">\n  <div class=\"page-title dark divided-title\">\n\n        <div class=\"page-title-bg\">\n      <div class=\"title-bg fill bg-fill\"\n        data-parallax-container=\".page-title\"\n        data-parallax-background\n data-parallax=\"-\">\n      <\/div>\n      <div class=\"title-overlay fill\"><\/div>\n    <\/div>\n    \n    <div class=\"page-title-inner container align-center flex-row medium-flex-wrap\" >\n              <div class=\"title-wrapper flex-col text-left medium-text-center\">\n          <h1 class=\"entry-title mb-0\">\n            MNZ uzmanlar\u0131          <\/h1>\n        <\/div>\n                    <div class=\"title-content flex-col flex-right text-right medium-text-center\">\n        <div class=\"title-breadcrumbs pb-half pt-half\"><nav class=\"woocommerce-breadcrumb breadcrumbs\" aria-label=\"Ekmek k\u0131r\u0131nt\u0131s\u0131\">Ev<\/nav><\/div>      <\/div>\n    <\/div>\n\n     \n<style>\n#page-header-1435340035 .page-title-inner {\n  min-height: 250px;\n}\n#page-header-1435340035 .title-bg {\n  background-image: url(https:\/\/www.manukanewzealand.com\/wp-content\/uploads\/2026\/02\/mnz-header-2.jpg);\n}\n<\/style>\n  <\/div>\n  <div class=\"container header-wrapper-divider\"><hr\/><\/div>  <\/div>\n  \n\n\t<section class=\"section\" id=\"section_1972351985\">\n\t\t<div class=\"section-bg fill\" >\n\t\t\t\t\t\t\t\t\t\n\t\t\t\n\n\t\t<\/div>\n\n\t\t\n\n\t\t<div class=\"section-content relative\">\n\t\t\t\n<div class=\"row\"  id=\"row-1917599649\">\n\n\t<div id=\"col-1815608040\" class=\"col medium-12 small-12 large-8\"  >\n\t\t\t\t<div class=\"col-inner\"  >\n\t\t\t\n\t\t\t\n<h2>Manuka Bal\u0131 - Do\u011fadan Gelen E\u015fsiz Bir Hediye<\/h2>\n<p>Manuka bal\u0131, Yeni Zelanda'n\u0131n yerli Manuka \u00e7al\u0131s\u0131ndan (<em>Leptospermum scoparium<\/em>), \u00fclkenin engebeli ve uzak arazisinde yeti\u015fen bir bitkidir. Yeni Zelanda'n\u0131n uzun co\u011frafi izolasyonu, flora ve faunas\u0131n\u0131n kendine \u00f6zg\u00fc bir \u015fekilde evrimle\u015fmesine izin vermi\u015f ve d\u00fcnyan\u0131n ba\u015fka hi\u00e7bir yerinde bulunmayan bitki t\u00fcrlerinin ortaya \u00e7\u0131kmas\u0131na neden olmu\u015ftur.<\/p>\n<p>Manuka bitkisi az b\u00fcy\u00fcyen bir \u00e7al\u0131dan k\u00fc\u00e7\u00fck bir a\u011faca kadar uzan\u0131r ve her y\u0131l sadece k\u0131sa bir s\u00fcre \u00e7i\u00e7ek a\u00e7ar. Bu s\u00fcre zarf\u0131nda ar\u0131lar, Manuka bal\u0131na karakteristik profilini veren nektar\u0131 toplar. M\u0101ori topluluklar\u0131 nesiller boyunca Manuka bitkisine geleneksel uygulamalar\u0131n\u0131n bir par\u00e7as\u0131 olarak de\u011fer vermi\u015ftir.<\/p>\n<p>Bal ar\u0131lar\u0131 Yeni Zelanda'ya 19. y\u00fczy\u0131lda getirilmi\u015f ve zamanla Manuka bal\u0131 kendine \u00f6zg\u00fc bile\u015fimiyle tan\u0131nm\u0131\u015ft\u0131r. Modern bilimsel ara\u015ft\u0131rmalar o zamandan beri bu bal\u0131 benzersiz k\u0131lan do\u011fal olarak olu\u015fan bile\u015fiklerin daha iyi anla\u015f\u0131lmas\u0131na yard\u0131mc\u0131 olmu\u015ftur.<\/p>\n<h2>Manuka Bal\u0131 Uzmanlar\u0131<\/h2>\n<p>MNZ ar\u0131 \u00fcr\u00fcnlerini gururla Yeni Zelanda'da \u00fcretmektedir. Hasat, i\u015fleme ve paketleme Yeni Zelanda Birincil End\u00fcstriler Bakanl\u0131\u011f\u0131 (MPI) taraf\u0131ndan belirlenen kat\u0131 standartlar alt\u0131nda faaliyet g\u00f6steren kendi tesisimizde ger\u00e7ekle\u015ftirilmektedir.<\/p>\n<p>Ham, monofloral Manuka bal\u0131m\u0131z safl\u0131k, izlenebilirlik ve tutarl\u0131 kalite ile tan\u0131mlan\u0131r. Ah\u015fap ar\u0131 kovanlar\u0131, \u00e7evresel maruziyeti azaltmak ve kolonilerimiz i\u00e7in do\u011fal bir ortam sa\u011flamak amac\u0131yla Yeni Zelanda'n\u0131n uzak, bozulmam\u0131\u015f b\u00f6lgelerine yerle\u015ftirilmi\u015ftir.<\/p>\n<p>MNZ'de sa\u011fl\u0131kl\u0131 ar\u0131 kolonileri yapt\u0131\u011f\u0131m\u0131z her \u015feyin temelini olu\u015fturur. Ar\u0131c\u0131lar\u0131m\u0131z, ar\u0131lar\u0131n istikrarl\u0131 bir ortamda geli\u015febilmelerini ve Manuka bal\u0131 \u00fcretebilmelerini sa\u011flamak i\u00e7in kovan ko\u015fullar\u0131n\u0131 yak\u0131ndan izler.<\/p>\n<p>Kovanlar\u0131m\u0131z izole k\u0131rsal alanlarda bulundu\u011fundan, \u00e7evresel kirlenme riski en aza indirilmi\u015ftir. Buna ek olarak, her Manuka bal\u0131 partisi s\u0131k\u0131 kalite standartlar\u0131n\u0131 kar\u015f\u0131lad\u0131\u011f\u0131n\u0131 ve istenmeyen kal\u0131nt\u0131lar i\u00e7ermedi\u011fini do\u011frulamak i\u00e7in titiz laboratuvar testlerinden ge\u00e7irilir.<\/p>\n\t\t<\/div>\n\t\t\t\t\t<\/div>\n\n\t\n\n\t<div id=\"col-676125649\" class=\"col medium-12 small-12 large-4\"  >\n\t\t\t\t<div class=\"col-inner text-center\"  >\n\t\t\t\n\t\t\t\n\t\n  \n    <div class=\"row large-columns-1 medium-columns- small-columns- row-small slider row-slider slider-nav-reveal slider-nav-push\"  data-flickity-options='{&quot;imagesLoaded&quot;: true, &quot;groupCells&quot;: &quot;100%&quot;, &quot;dragThreshold&quot; : 5, &quot;cellAlign&quot;: &quot;left&quot;,&quot;wrapAround&quot;: true,&quot;prevNextButtons&quot;: true,&quot;percentPosition&quot;: true,&quot;pageDots&quot;: false, &quot;rightToLeft&quot;: false, &quot;autoPlay&quot; : false}' >\n\n  \n\t     <div class=\"product-small col has-hover product type-product post-35119 status-publish first instock product_cat-uncategorized has-post-thumbnail taxable shipping-taxable purchasable product-type-simple\">\n\t<div class=\"col-inner\">\n\t\n<div class=\"badge-container absolute left top z-1\">\n\n<\/div>\n\t<div class=\"product-small box\">\n\t\t<div class=\"box-image\">\n\t\t\t<div class=\"image-none\">\n\t\t\t\t<a href=\"https:\/\/www.manukanewzealand.com\/tr\/product\/manuka-magic-mgo-550-250gr\/\">\n\t\t\t\t\t<img decoding=\"async\" width=\"500\" height=\"500\" src=\"https:\/\/www.manukanewzealand.com\/wp-content\/uploads\/2025\/02\/Manuka-Magic-550-500x500.webp\" class=\"attachment-woocommerce_thumbnail size-woocommerce_thumbnail\" alt=\"Manuka Magic MGO 550+ 250gr.\" srcset=\"https:\/\/www.manukanewzealand.com\/wp-content\/uploads\/2025\/02\/Manuka-Magic-550-500x500.webp 500w, https:\/\/www.manukanewzealand.com\/wp-content\/uploads\/2025\/02\/Manuka-Magic-550-300x300.webp 300w, https:\/\/www.manukanewzealand.com\/wp-content\/uploads\/2025\/02\/Manuka-Magic-550-80x80.webp 80w, https:\/\/www.manukanewzealand.com\/wp-content\/uploads\/2025\/02\/Manuka-Magic-550-768x768.webp 768w, https:\/\/www.manukanewzealand.com\/wp-content\/uploads\/2025\/02\/Manuka-Magic-550-12x12.webp 12w, https:\/\/www.manukanewzealand.com\/wp-content\/uploads\/2025\/02\/Manuka-Magic-550-100x100.webp 100w, https:\/\/www.manukanewzealand.com\/wp-content\/uploads\/2025\/02\/Manuka-Magic-550.webp 1000w\" sizes=\"(max-width: 500px) 100vw, 500px\" \/>\t\t\t\t<\/a>\n\t\t\t<\/div>\n\t\t\t<div class=\"image-tools is-small top right show-on-hover\">\n\t\t\t\t\t\t<div class=\"wishlist-icon\">\n\t\t\t<button class=\"wishlist-button button is-outline circle icon\" aria-label=\"\u0130stek Listesi\">\n\t\t\t\t<i class=\"icon-heart\" aria-hidden=\"true\"><\/i>\t\t\t<\/button>\n\t\t\t<div class=\"wishlist-popup dark\">\n\t\t\t\t\n<div\n\tclass=\"yith-wcwl-add-to-wishlist add-to-wishlist-35119 yith-wcwl-add-to-wishlist--link-style wishlist-fragment on-first-load\"\n\tdata-fragment-ref=\"35119\"\n\tdata-fragment-options=\"{&quot;base_url&quot;:&quot;&quot;,&quot;product_id&quot;:35119,&quot;parent_product_id&quot;:0,&quot;product_type&quot;:&quot;simple&quot;,&quot;is_single&quot;:false,&quot;in_default_wishlist&quot;:false,&quot;show_view&quot;:false,&quot;browse_wishlist_text&quot;:&quot;Browse wishlist&quot;,&quot;already_in_wishslist_text&quot;:&quot;The product is already in your wishlist!&quot;,&quot;product_added_text&quot;:&quot;Product added!&quot;,&quot;available_multi_wishlist&quot;:false,&quot;disable_wishlist&quot;:false,&quot;show_count&quot;:false,&quot;ajax_loading&quot;:false,&quot;loop_position&quot;:&quot;after_add_to_cart&quot;,&quot;item&quot;:&quot;add_to_wishlist&quot;}\"\n>\n\t<\/div>\n\t\t\t<\/div>\n\t\t<\/div>\n\t\t\t\t\t<\/div>\n\t\t\t<div class=\"image-tools is-small hide-for-small bottom left show-on-hover\">\n\t\t\t\t\t\t\t<\/div>\n\t\t\t<div class=\"image-tools grid-tools text-center hide-for-small bottom hover-slide-in show-on-hover\">\n\t\t\t\t\t\t\t<\/div>\n\t\t\t\t\t<\/div>\n\n\t\t<div class=\"box-text box-text-products text-center grid-style-2\">\n\t\t\t<div class=\"title-wrapper\"><p class=\"name product-title woocommerce-loop-product__title\"><a href=\"https:\/\/www.manukanewzealand.com\/tr\/product\/manuka-magic-mgo-550-250gr\/\" class=\"woocommerce-LoopProduct-link woocommerce-loop-product__link\">Manuka Magic MGO 550+ 250gr.<\/a><\/p><\/div><div class=\"price-wrapper\">\n\t<span class=\"price\"><span class=\"woocommerce-Price-amount amount\"><bdi><span class=\"woocommerce-Price-currencySymbol\">\u20ac<\/span>64,50<\/bdi><\/span> <small class=\"woocommerce-price-suffix\">KDV dahil<\/small><\/span>\n<\/div><div class=\"add-to-cart-button\"><a href=\"\/tr\/wp-json\/wp\/v2\/pages\/28897?add-to-cart=35119\" aria-describedby=\"woocommerce_loop_add_to_cart_link_describedby_35119\" data-quantity=\"1\" class=\"primary is-small mb-0 button product_type_simple add_to_cart_button ajax_add_to_cart is-outline\" data-product_id=\"35119\" data-product_sku=\"MM006\" aria-label=\"Sepete ekleyin: \u201cManuka Magic MGO 550+ 250gr.\u201d\" rel=\"nofollow\" data-success_message=\"&ldquo;Manuka Magic MGO 550+ 250gr.&rdquo; has been added to your cart\" role=\"button\">Sepete ekle<\/a><\/div>\t<span id=\"woocommerce_loop_add_to_cart_link_describedby_35119\" class=\"screen-reader-text\">\n\t\t\t<\/span>\n\t\t<\/div>\n\t<\/div>\n\t\t<\/div>\n<\/div><\/div>\n\t\t<\/div>\n\t\t\t\t\n<style>\n#col-676125649 > .col-inner {\n  max-width: 500px;\n}\n<\/style>\n\t<\/div>\n\n\t\n<\/div>\n\t\t<\/div>\n\n\t\t\n<style>\n#section_1972351985 {\n  padding-top: 30px;\n  padding-bottom: 30px;\n}\n<\/style>\n\t<\/section>","protected":false},"excerpt":{"rendered":"","protected":false},"author":2,"featured_media":0,"parent":0,"menu_order":0,"comment_status":"closed","ping_status":"closed","template":"","meta":{"footnotes":""},"class_list":["post-28897","page","type-page","status-publish","hentry"],"yoast_head":"<!-- This site is optimized with the Yoast SEO plugin v27.3 - https:\/\/yoast.com\/product\/yoast-seo-wordpress\/ -->\n<title>Experts in MGO Manuka Honey - Manuka New Zealand<\/title>\n<meta name=\"description\" content=\"Manuka New Zealand; 100% New Zealand. Manuka New Zealand is a leading producer of bee products from New Zealand. Manuka New Zealand harvests, processes and packages its by-products in New Zealand, which means they meet the strict quality standards of New Zealand. Original Manuka Honey from New Zealand\" \/>\n<meta name=\"robots\" content=\"index, follow, max-snippet:-1, max-image-preview:large, max-video-preview:-1\" \/>\n<link rel=\"canonical\" href=\"https:\/\/www.manukanewzealand.com\/tr\/experts\/\" \/>\n<meta property=\"og:locale\" content=\"tr_TR\" \/>\n<meta property=\"og:type\" content=\"article\" \/>\n<meta property=\"og:title\" content=\"Experts in MGO Manuka Honey - Manuka New Zealand\" \/>\n<meta property=\"og:description\" content=\"Manuka New Zealand; 100% New Zealand. Manuka New Zealand is a leading producer of bee products from New Zealand. Manuka New Zealand harvests, processes and packages its by-products in New Zealand, which means they meet the strict quality standards of New Zealand. Original Manuka Honey from New Zealand\" \/>\n<meta property=\"og:url\" content=\"https:\/\/www.manukanewzealand.com\/tr\/experts\/\" \/>\n<meta property=\"og:site_name\" content=\"MNZ - Manuka New Zealand - The Best Raw Manuka Honey | Global\" \/>\n<meta property=\"article:modified_time\" content=\"2026-02-18T14:04:37+00:00\" \/>\n<meta property=\"og:image\" content=\"https:\/\/www.manukanewzealand.com\/wp-content\/uploads\/2022\/11\/mnz-logo-200x200-1-1.png\" \/>\n\t<meta property=\"og:image:width\" content=\"200\" \/>\n\t<meta property=\"og:image:height\" content=\"200\" \/>\n\t<meta property=\"og:image:type\" content=\"image\/png\" \/>\n<meta name=\"twitter:card\" content=\"summary_large_image\" \/>\n<script type=\"application\/ld+json\" class=\"yoast-schema-graph\">{\"@context\":\"https:\\\/\\\/schema.org\",\"@graph\":[{\"@type\":\"WebPage\",\"@id\":\"https:\\\/\\\/www.manukanewzealand.com\\\/experts\\\/\",\"url\":\"https:\\\/\\\/www.manukanewzealand.com\\\/experts\\\/\",\"name\":\"Experts in MGO Manuka Honey - Manuka New Zealand\",\"isPartOf\":{\"@id\":\"https:\\\/\\\/www.manukanewzealand.com\\\/es\\\/#website\"},\"datePublished\":\"2019-08-14T11:59:30+00:00\",\"dateModified\":\"2026-02-18T14:04:37+00:00\",\"description\":\"Manuka New Zealand; 100% New Zealand. Manuka New Zealand is a leading producer of bee products from New Zealand. Manuka New Zealand harvests, processes and packages its by-products in New Zealand, which means they meet the strict quality standards of New Zealand. Original Manuka Honey from New Zealand\",\"breadcrumb\":{\"@id\":\"https:\\\/\\\/www.manukanewzealand.com\\\/experts\\\/#breadcrumb\"},\"inLanguage\":\"tr\",\"potentialAction\":[{\"@type\":\"ReadAction\",\"target\":[\"https:\\\/\\\/www.manukanewzealand.com\\\/experts\\\/\"]}]},{\"@type\":\"BreadcrumbList\",\"@id\":\"https:\\\/\\\/www.manukanewzealand.com\\\/experts\\\/#breadcrumb\",\"itemListElement\":[{\"@type\":\"ListItem\",\"position\":1,\"name\":\"Home\",\"item\":\"https:\\\/\\\/www.manukanewzealand.com\\\/\"},{\"@type\":\"ListItem\",\"position\":2,\"name\":\"Experts\"}]},{\"@type\":\"WebSite\",\"@id\":\"https:\\\/\\\/www.manukanewzealand.com\\\/es\\\/#website\",\"url\":\"https:\\\/\\\/www.manukanewzealand.com\\\/es\\\/\",\"name\":\"MNZ - Manuka New Zealand - The Best Raw Manuka Honey | Global\",\"description\":\"\",\"publisher\":{\"@id\":\"https:\\\/\\\/www.manukanewzealand.com\\\/es\\\/#organization\"},\"potentialAction\":[{\"@type\":\"SearchAction\",\"target\":{\"@type\":\"EntryPoint\",\"urlTemplate\":\"https:\\\/\\\/www.manukanewzealand.com\\\/es\\\/?s={search_term_string}\"},\"query-input\":{\"@type\":\"PropertyValueSpecification\",\"valueRequired\":true,\"valueName\":\"search_term_string\"}}],\"inLanguage\":\"tr\"},{\"@type\":\"Organization\",\"@id\":\"https:\\\/\\\/www.manukanewzealand.com\\\/es\\\/#organization\",\"name\":\"MNZ - Manuka New Zealand - The Best Raw Manuka Honey | Global\",\"url\":\"https:\\\/\\\/www.manukanewzealand.com\\\/es\\\/\",\"logo\":{\"@type\":\"ImageObject\",\"inLanguage\":\"tr\",\"@id\":\"https:\\\/\\\/www.manukanewzealand.com\\\/es\\\/#\\\/schema\\\/logo\\\/image\\\/\",\"url\":\"https:\\\/\\\/www.manukanewzealand.com\\\/wp-content\\\/uploads\\\/2022\\\/11\\\/mnz-logo-200x200-1-1.png\",\"contentUrl\":\"https:\\\/\\\/www.manukanewzealand.com\\\/wp-content\\\/uploads\\\/2022\\\/11\\\/mnz-logo-200x200-1-1.png\",\"width\":200,\"height\":200,\"caption\":\"MNZ - Manuka New Zealand - The Best Raw Manuka Honey | Global\"},\"image\":{\"@id\":\"https:\\\/\\\/www.manukanewzealand.com\\\/es\\\/#\\\/schema\\\/logo\\\/image\\\/\"}}]}<\/script>\n<meta property=\"product:price:amount\" content=\"64.50\" \/>\n<meta property=\"product:price:currency\" content=\"EUR\" \/>\n<meta property=\"og:availability\" content=\"instock\" \/>\n<meta property=\"product:availability\" content=\"instock\" \/>\n<meta property=\"product:retailer_item_id\" content=\"MM006\" \/>\n<meta property=\"product:condition\" content=\"new\" \/>\n<!-- \/ Yoast SEO plugin. -->","yoast_head_json":{"title":"MGO Manuka Bal\u0131 Uzmanlar\u0131 - Manuka Yeni Zelanda","description":"Manuka Yeni Zelanda; 100% Yeni Zelanda. Manuka New Zealand, Yeni Zelanda'n\u0131n \u00f6nde gelen ar\u0131 \u00fcr\u00fcnleri \u00fcreticisidir. Manuka Yeni Zelanda, yan \u00fcr\u00fcnlerini Yeni Zelanda'da hasat etmekte, i\u015flemekte ve paketlemektedir; bu da Yeni Zelanda'n\u0131n kat\u0131 kalite standartlar\u0131n\u0131 kar\u015f\u0131lad\u0131klar\u0131 anlam\u0131na gelmektedir. Yeni Zelanda'dan Orijinal Manuka Bal\u0131","robots":{"index":"index","follow":"follow","max-snippet":"max-snippet:-1","max-image-preview":"max-image-preview:large","max-video-preview":"max-video-preview:-1"},"canonical":"https:\/\/www.manukanewzealand.com\/tr\/experts\/","og_locale":"tr_TR","og_type":"article","og_title":"Experts in MGO Manuka Honey - Manuka New Zealand","og_description":"Manuka New Zealand; 100% New Zealand. Manuka New Zealand is a leading producer of bee products from New Zealand. Manuka New Zealand harvests, processes and packages its by-products in New Zealand, which means they meet the strict quality standards of New Zealand. Original Manuka Honey from New Zealand","og_url":"https:\/\/www.manukanewzealand.com\/tr\/experts\/","og_site_name":"MNZ - Manuka New Zealand - The Best Raw Manuka Honey | Global","article_modified_time":"2026-02-18T14:04:37+00:00","og_image":[{"width":200,"height":200,"url":"https:\/\/www.manukanewzealand.com\/wp-content\/uploads\/2022\/11\/mnz-logo-200x200-1-1.png","type":"image\/png"}],"twitter_card":"summary_large_image","schema":{"@context":"https:\/\/schema.org","@graph":[{"@type":"WebPage","@id":"https:\/\/www.manukanewzealand.com\/experts\/","url":"https:\/\/www.manukanewzealand.com\/experts\/","name":"MGO Manuka Bal\u0131 Uzmanlar\u0131 - Manuka Yeni Zelanda","isPartOf":{"@id":"https:\/\/www.manukanewzealand.com\/es\/#website"},"datePublished":"2019-08-14T11:59:30+00:00","dateModified":"2026-02-18T14:04:37+00:00","description":"Manuka Yeni Zelanda; 100% Yeni Zelanda. Manuka New Zealand, Yeni Zelanda'n\u0131n \u00f6nde gelen ar\u0131 \u00fcr\u00fcnleri \u00fcreticisidir. Manuka Yeni Zelanda, yan \u00fcr\u00fcnlerini Yeni Zelanda'da hasat etmekte, i\u015flemekte ve paketlemektedir; bu da Yeni Zelanda'n\u0131n kat\u0131 kalite standartlar\u0131n\u0131 kar\u015f\u0131lad\u0131klar\u0131 anlam\u0131na gelmektedir. Yeni Zelanda'dan Orijinal Manuka Bal\u0131","breadcrumb":{"@id":"https:\/\/www.manukanewzealand.com\/experts\/#breadcrumb"},"inLanguage":"tr","potentialAction":[{"@type":"ReadAction","target":["https:\/\/www.manukanewzealand.com\/experts\/"]}]},{"@type":"BreadcrumbList","@id":"https:\/\/www.manukanewzealand.com\/experts\/#breadcrumb","itemListElement":[{"@type":"ListItem","position":1,"name":"Home","item":"https:\/\/www.manukanewzealand.com\/"},{"@type":"ListItem","position":2,"name":"Experts"}]},{"@type":"WebSite","@id":"https:\/\/www.manukanewzealand.com\/es\/#website","url":"https:\/\/www.manukanewzealand.com\/es\/","name":"MNZ - Manuka Yeni Zelanda - En \u0130yi Ham Manuka Bal\u0131 | K\u00fcresel","description":"","publisher":{"@id":"https:\/\/www.manukanewzealand.com\/es\/#organization"},"potentialAction":[{"@type":"SearchAction","target":{"@type":"EntryPoint","urlTemplate":"https:\/\/www.manukanewzealand.com\/es\/?s={search_term_string}"},"query-input":{"@type":"PropertyValueSpecification","valueRequired":true,"valueName":"search_term_string"}}],"inLanguage":"tr"},{"@type":"Organization","@id":"https:\/\/www.manukanewzealand.com\/es\/#organization","name":"MNZ - Manuka Yeni Zelanda - En \u0130yi Ham Manuka Bal\u0131 | K\u00fcresel","url":"https:\/\/www.manukanewzealand.com\/es\/","logo":{"@type":"ImageObject","inLanguage":"tr","@id":"https:\/\/www.manukanewzealand.com\/es\/#\/schema\/logo\/image\/","url":"https:\/\/www.manukanewzealand.com\/wp-content\/uploads\/2022\/11\/mnz-logo-200x200-1-1.png","contentUrl":"https:\/\/www.manukanewzealand.com\/wp-content\/uploads\/2022\/11\/mnz-logo-200x200-1-1.png","width":200,"height":200,"caption":"MNZ - Manuka New Zealand - The Best Raw Manuka Honey | Global"},"image":{"@id":"https:\/\/www.manukanewzealand.com\/es\/#\/schema\/logo\/image\/"}}]},"product_price_amount":"64.50","product_price_currency":"EUR","og_availability":"instock","product_availability":"instock","product_retailer_item_id":"MM006","product_condition":"new"},"_links":{"self":[{"href":"https:\/\/www.manukanewzealand.com\/tr\/wp-json\/wp\/v2\/pages\/28897","targetHints":{"allow":["GET"]}}],"collection":[{"href":"https:\/\/www.manukanewzealand.com\/tr\/wp-json\/wp\/v2\/pages"}],"about":[{"href":"https:\/\/www.manukanewzealand.com\/tr\/wp-json\/wp\/v2\/types\/page"}],"author":[{"embeddable":true,"href":"https:\/\/www.manukanewzealand.com\/tr\/wp-json\/wp\/v2\/users\/2"}],"replies":[{"embeddable":true,"href":"https:\/\/www.manukanewzealand.com\/tr\/wp-json\/wp\/v2\/comments?post=28897"}],"version-history":[{"count":1,"href":"https:\/\/www.manukanewzealand.com\/tr\/wp-json\/wp\/v2\/pages\/28897\/revisions"}],"predecessor-version":[{"id":35292,"href":"https:\/\/www.manukanewzealand.com\/tr\/wp-json\/wp\/v2\/pages\/28897\/revisions\/35292"}],"wp:attachment":[{"href":"https:\/\/www.manukanewzealand.com\/tr\/wp-json\/wp\/v2\/media?parent=28897"}],"curies":[{"name":"wp","href":"https:\/\/api.w.org\/{rel}","templated":true}]}}