{"id":28891,"date":"2019-08-14T12:53:44","date_gmt":"2019-08-14T11:53:44","guid":{"rendered":"https:\/\/www.manukanewzealand.com\/?page_id=28891"},"modified":"2026-02-18T15:41:00","modified_gmt":"2026-02-18T14:41:00","slug":"disclaimer","status":"publish","type":"page","link":"https:\/\/www.manukanewzealand.com\/tr\/disclaimer\/","title":{"rendered":"Sorumluluk Reddi"},"content":{"rendered":"<div id=\"page-header-622912439\" class=\"page-header-wrapper\">\n  <div class=\"page-title dark simple-title\">\n\n        <div class=\"page-title-bg\">\n      <div class=\"title-bg fill bg-fill\"\n        data-parallax-container=\".page-title\"\n        data-parallax-background\n data-parallax=\"-\">\n      <\/div>\n      <div class=\"title-overlay fill\"><\/div>\n    <\/div>\n    \n    <div class=\"page-title-inner container align-center flex-row medium-flex-wrap\" >\n              <div class=\"title-wrapper flex-col text-left medium-text-center\">\n          <h1 class=\"entry-title mb-0\">\n            Sorumluluk Reddi          <\/h1>\n        <\/div>\n                    <div class=\"title-content flex-col flex-right text-right medium-text-center\">\n        <div class=\"title-breadcrumbs pb-half pt-half\"><nav class=\"woocommerce-breadcrumb breadcrumbs\" aria-label=\"Ekmek k\u0131r\u0131nt\u0131s\u0131\">Ev<\/nav><\/div>      <\/div>\n    <\/div>\n\n     \n<style>\n#page-header-622912439 .page-title-inner {\n  min-height: 250px;\n}\n#page-header-622912439 .title-bg {\n  background-image: url(https:\/\/www.manukanewzealand.com\/wp-content\/uploads\/2026\/02\/mnz-header-2.jpg);\n}\n<\/style>\n  <\/div>\n    <\/div>\n  \n\n\t<section class=\"section\" id=\"section_636377974\">\n\t\t<div class=\"section-bg fill\" >\n\t\t\t\t\t\t\t\t\t\n\t\t\t\n\n\t\t<\/div>\n\n\t\t\n\n\t\t<div class=\"section-content relative\">\n\t\t\t\n<div class=\"row\"  id=\"row-1362713606\">\n\n\t<div id=\"col-530492934\" class=\"col small-12 large-12\"  >\n\t\t\t\t<div class=\"col-inner\"  >\n\t\t\t\n\t\t\t\n<h2>Sorumluluk Reddi<\/h2>\n<p><strong>Fikri M\u00fclkiyet<\/strong><br \/>\nBu web sitesindeki t\u00fcm i\u00e7erik - metinler, resimler, tasar\u0131m \u00f6\u011feleri, ticari markalar, logolar ve alan adlar\u0131 dahil - a\u015fa\u011f\u0131dakilerin m\u00fclkiyetindedir <strong>Manuka Yeni Zelanda B.V.<\/strong> ve <strong>MNZ Manuka Yeni Zelanda EMEA B.V.<\/strong> veya onlar\u0131n lisans verenleri. Bu i\u00e7erik telif hakk\u0131, ticari marka ve di\u011fer fikri m\u00fclkiyet yasalar\u0131 ile korunmaktad\u0131r.<br \/>\nBu web sitesinin hi\u00e7bir b\u00f6l\u00fcm\u00fc Manuka New Zealand B.V. veya MNZ Manuka New Zealand EMEA B.V.'nin \u00f6nceden yaz\u0131l\u0131 izni olmadan \u00e7o\u011falt\u0131lamaz, da\u011f\u0131t\u0131lamaz, de\u011fi\u015ftirilemez, yay\u0131nlanamaz veya herhangi bir \u015fekilde kullan\u0131lamaz.<\/p>\n<p><strong>Bilgi ve Do\u011fruluk<\/strong><br \/>\nBu web sitesindeki bilgileri b\u00fcy\u00fck bir titizlikle derledik. Ancak, <strong>Manuka Yeni Zelanda B.V.<\/strong> ve <strong>MNZ Manuka Yeni Zelanda EMEA B.V.<\/strong> t\u00fcm i\u00e7eri\u011fin her zaman eksiksiz, do\u011fru veya g\u00fcncel oldu\u011funu garanti edemez.<br \/>\n\u00d6nceden haber vermeksizin i\u00e7eri\u011fi g\u00fcncelleme, de\u011fi\u015ftirme veya kald\u0131rma hakk\u0131m\u0131z\u0131 sakl\u0131 tutar\u0131z. Ziyaret\u00e7iler, sa\u011flanan bilgileri nas\u0131l kulland\u0131klar\u0131ndan ve yorumlad\u0131klar\u0131ndan sorumludur.<\/p>\n<p><strong>\u00dc\u00e7\u00fcnc\u00fc Taraf Ba\u011flant\u0131lar\u0131<\/strong><br \/>\nBu web sitesi, a\u015fa\u011f\u0131dakiler taraf\u0131ndan i\u015fletilmeyen veya kontrol edilmeyen harici web sitelerine ba\u011flant\u0131lar i\u00e7erebilir <strong>Manuka Yeni Zelanda B.V.<\/strong> veya <strong>MNZ Manuka Yeni Zelanda EMEA B.V.<\/strong>.<br \/>\nBu harici web sitelerinin i\u00e7eri\u011finden, kullan\u0131labilirli\u011finden veya g\u00fcvenli\u011finden sorumlu de\u011filiz. Bu t\u00fcr web sitelerine eri\u015fim riski size aittir.<\/p>\n<p><strong>Sorumluluk<\/strong><br \/>\nHi\u00e7biri <strong>Manuka Yeni Zelanda B.V.<\/strong> ne de <strong>MNZ Manuka Yeni Zelanda EMEA B.V.<\/strong> bu web sitesinin kullan\u0131m\u0131ndan, sa\u011flanan bilgilerden veya web sitesine ge\u00e7ici olarak eri\u015filememesinden kaynaklanan do\u011frudan veya dolayl\u0131 zararlardan sorumlu olmayacakt\u0131r. Buna teknik ar\u0131zalar, vir\u00fcsler, yanl\u0131\u015fl\u0131klar veya eksik bilgilerden kaynaklanan zararlar da dahildir, ancak bunlarla s\u0131n\u0131rl\u0131 de\u011fildir.<br \/>\n<em>Bu feragatnamedeki hi\u00e7bir \u015fey, ihmalden kaynaklanan \u00f6l\u00fcm veya ki\u015fisel yaralanma sorumlulu\u011fu, AB yasalar\u0131 uyar\u0131nca zorunlu \u00fcr\u00fcn sorumlulu\u011fu veya kas\u0131tl\u0131 suistimal veya a\u011f\u0131r ihmalden kaynaklanan hasar dahil olmak \u00fczere, b\u00f6yle bir hari\u00e7 tutman\u0131n yasa d\u0131\u015f\u0131 olaca\u011f\u0131 durumlarda sorumlulu\u011fu hari\u00e7 tutmaz veya s\u0131n\u0131rlamaz.<\/em><\/p>\n<p><strong>Dijital Hizmetler Yasas\u0131 (DSA) Bildirimi<\/strong><br \/>\nBu web sitesindeki herhangi bir i\u00e7eri\u011fin yasa d\u0131\u015f\u0131 oldu\u011funu veya haklar\u0131n\u0131z\u0131 ihlal etti\u011fini d\u00fc\u015f\u00fcn\u00fcyorsan\u0131z, l\u00fctfen bizimle <a href=\"https:\/\/www.manukanewzealand.com\/tr\/contact\/\">\u0130leti\u015fim sayfas\u0131<\/a>. Bu t\u00fcr bildirimleri Dijital Hizmetler Yasas\u0131 da dahil olmak \u00fczere y\u00fcr\u00fcrl\u00fckteki AB mevzuat\u0131na uygun olarak ele al\u0131yoruz.<\/p>\n<p><strong>Gizlilik ve \u00c7erezler<\/strong><br \/>\nKi\u015fisel verilerin i\u015flenmesi ve \u00e7erezlerin kullan\u0131m\u0131 <a href=\"\/tr\/privacy-policy\/\">Gizlilik Politikas\u0131<\/a> ve <a href=\"\/tr\/cookie-policy\/\">\u00c7erez Politikas\u0131<\/a>.<\/p>\n<p><em>\u00a9 2025 Manuka New Zealand B.V. \/ MNZ Manuka New Zealand EMEA B.V. - T\u00fcm haklar\u0131 sakl\u0131d\u0131r.<\/em><\/p>\n\t\t<\/div>\n\t\t\t\t\t<\/div>\n\n\t\n<\/div>\n\t\t<\/div>\n\n\t\t\n<style>\n#section_636377974 {\n  padding-top: 30px;\n  padding-bottom: 30px;\n}\n<\/style>\n\t<\/section>","protected":false},"excerpt":{"rendered":"","protected":false},"author":2,"featured_media":0,"parent":0,"menu_order":0,"comment_status":"closed","ping_status":"closed","template":"","meta":{"footnotes":""},"class_list":["post-28891","page","type-page","status-publish","hentry"],"yoast_head":"<!-- This site is optimized with the Yoast SEO plugin v27.3 - https:\/\/yoast.com\/product\/yoast-seo-wordpress\/ -->\n<title>Disclaimer - MNZ - Manuka New Zealand - The Best Raw Manuka Honey | Global<\/title>\n<meta name=\"description\" content=\"Disclaimer Manuka New Zealand - EON Health B.V.\" \/>\n<meta name=\"robots\" content=\"noindex, nofollow\" \/>\n<meta property=\"og:locale\" content=\"tr_TR\" \/>\n<meta property=\"og:type\" content=\"article\" \/>\n<meta property=\"og:title\" content=\"Disclaimer - MNZ - Manuka New Zealand - The Best Raw Manuka Honey | Global\" \/>\n<meta property=\"og:description\" content=\"Disclaimer Manuka New Zealand - EON Health B.V.\" \/>\n<meta property=\"og:url\" content=\"https:\/\/www.manukanewzealand.com\/tr\/disclaimer\/\" \/>\n<meta property=\"og:site_name\" content=\"MNZ - Manuka New Zealand - The Best Raw Manuka Honey | Global\" \/>\n<meta property=\"article:modified_time\" content=\"2026-02-18T14:41:00+00:00\" \/>\n<meta property=\"og:image\" content=\"https:\/\/www.manukanewzealand.com\/wp-content\/uploads\/2022\/11\/mnz-logo-200x200-1-1.png\" \/>\n\t<meta property=\"og:image:width\" content=\"200\" \/>\n\t<meta property=\"og:image:height\" content=\"200\" \/>\n\t<meta property=\"og:image:type\" content=\"image\/png\" \/>\n<meta name=\"twitter:card\" content=\"summary_large_image\" \/>\n<meta name=\"twitter:label1\" content=\"Tahmini okuma s\u00fcresi\" \/>\n\t<meta name=\"twitter:data1\" content=\"2 dakika\" \/>\n<script type=\"application\/ld+json\" class=\"yoast-schema-graph\">{\"@context\":\"https:\\\/\\\/schema.org\",\"@graph\":[{\"@type\":\"WebPage\",\"@id\":\"https:\\\/\\\/www.manukanewzealand.com\\\/disclaimer\\\/\",\"url\":\"https:\\\/\\\/www.manukanewzealand.com\\\/disclaimer\\\/\",\"name\":\"Disclaimer - MNZ - Manuka New Zealand - The Best Raw Manuka Honey | Global\",\"isPartOf\":{\"@id\":\"https:\\\/\\\/www.manukanewzealand.com\\\/es\\\/#website\"},\"datePublished\":\"2019-08-14T11:53:44+00:00\",\"dateModified\":\"2026-02-18T14:41:00+00:00\",\"description\":\"Disclaimer Manuka New Zealand - EON Health B.V.\",\"breadcrumb\":{\"@id\":\"https:\\\/\\\/www.manukanewzealand.com\\\/disclaimer\\\/#breadcrumb\"},\"inLanguage\":\"tr\",\"potentialAction\":[{\"@type\":\"ReadAction\",\"target\":[\"https:\\\/\\\/www.manukanewzealand.com\\\/disclaimer\\\/\"]}]},{\"@type\":\"BreadcrumbList\",\"@id\":\"https:\\\/\\\/www.manukanewzealand.com\\\/disclaimer\\\/#breadcrumb\",\"itemListElement\":[{\"@type\":\"ListItem\",\"position\":1,\"name\":\"Home\",\"item\":\"https:\\\/\\\/www.manukanewzealand.com\\\/\"},{\"@type\":\"ListItem\",\"position\":2,\"name\":\"Disclaimer\"}]},{\"@type\":\"WebSite\",\"@id\":\"https:\\\/\\\/www.manukanewzealand.com\\\/es\\\/#website\",\"url\":\"https:\\\/\\\/www.manukanewzealand.com\\\/es\\\/\",\"name\":\"MNZ - Manuka New Zealand - The Best Raw Manuka Honey | Global\",\"description\":\"\",\"publisher\":{\"@id\":\"https:\\\/\\\/www.manukanewzealand.com\\\/es\\\/#organization\"},\"potentialAction\":[{\"@type\":\"SearchAction\",\"target\":{\"@type\":\"EntryPoint\",\"urlTemplate\":\"https:\\\/\\\/www.manukanewzealand.com\\\/es\\\/?s={search_term_string}\"},\"query-input\":{\"@type\":\"PropertyValueSpecification\",\"valueRequired\":true,\"valueName\":\"search_term_string\"}}],\"inLanguage\":\"tr\"},{\"@type\":\"Organization\",\"@id\":\"https:\\\/\\\/www.manukanewzealand.com\\\/es\\\/#organization\",\"name\":\"MNZ - Manuka New Zealand - The Best Raw Manuka Honey | Global\",\"url\":\"https:\\\/\\\/www.manukanewzealand.com\\\/es\\\/\",\"logo\":{\"@type\":\"ImageObject\",\"inLanguage\":\"tr\",\"@id\":\"https:\\\/\\\/www.manukanewzealand.com\\\/es\\\/#\\\/schema\\\/logo\\\/image\\\/\",\"url\":\"https:\\\/\\\/www.manukanewzealand.com\\\/wp-content\\\/uploads\\\/2022\\\/11\\\/mnz-logo-200x200-1-1.png\",\"contentUrl\":\"https:\\\/\\\/www.manukanewzealand.com\\\/wp-content\\\/uploads\\\/2022\\\/11\\\/mnz-logo-200x200-1-1.png\",\"width\":200,\"height\":200,\"caption\":\"MNZ - Manuka New Zealand - The Best Raw Manuka Honey | Global\"},\"image\":{\"@id\":\"https:\\\/\\\/www.manukanewzealand.com\\\/es\\\/#\\\/schema\\\/logo\\\/image\\\/\"}}]}<\/script>\n<!-- \/ Yoast SEO plugin. -->","yoast_head_json":{"title":"Yasal Uyar\u0131 - MNZ - Manuka Yeni Zelanda - En \u0130yi Ham Manuka Bal\u0131 | K\u00fcresel","description":"Yasal Uyar\u0131 Manuka Yeni Zelanda - EON Health B.V.","robots":{"index":"noindex","follow":"nofollow"},"og_locale":"tr_TR","og_type":"article","og_title":"Disclaimer - MNZ - Manuka New Zealand - The Best Raw Manuka Honey | Global","og_description":"Disclaimer Manuka New Zealand - EON Health B.V.","og_url":"https:\/\/www.manukanewzealand.com\/tr\/disclaimer\/","og_site_name":"MNZ - Manuka New Zealand - The Best Raw Manuka Honey | Global","article_modified_time":"2026-02-18T14:41:00+00:00","og_image":[{"width":200,"height":200,"url":"https:\/\/www.manukanewzealand.com\/wp-content\/uploads\/2022\/11\/mnz-logo-200x200-1-1.png","type":"image\/png"}],"twitter_card":"summary_large_image","twitter_misc":{"Tahmini okuma s\u00fcresi":"2 dakika"},"schema":{"@context":"https:\/\/schema.org","@graph":[{"@type":"WebPage","@id":"https:\/\/www.manukanewzealand.com\/disclaimer\/","url":"https:\/\/www.manukanewzealand.com\/disclaimer\/","name":"Yasal Uyar\u0131 - MNZ - Manuka Yeni Zelanda - En \u0130yi Ham Manuka Bal\u0131 | K\u00fcresel","isPartOf":{"@id":"https:\/\/www.manukanewzealand.com\/es\/#website"},"datePublished":"2019-08-14T11:53:44+00:00","dateModified":"2026-02-18T14:41:00+00:00","description":"Yasal Uyar\u0131 Manuka Yeni Zelanda - EON Health B.V.","breadcrumb":{"@id":"https:\/\/www.manukanewzealand.com\/disclaimer\/#breadcrumb"},"inLanguage":"tr","potentialAction":[{"@type":"ReadAction","target":["https:\/\/www.manukanewzealand.com\/disclaimer\/"]}]},{"@type":"BreadcrumbList","@id":"https:\/\/www.manukanewzealand.com\/disclaimer\/#breadcrumb","itemListElement":[{"@type":"ListItem","position":1,"name":"Home","item":"https:\/\/www.manukanewzealand.com\/"},{"@type":"ListItem","position":2,"name":"Disclaimer"}]},{"@type":"WebSite","@id":"https:\/\/www.manukanewzealand.com\/es\/#website","url":"https:\/\/www.manukanewzealand.com\/es\/","name":"MNZ - Manuka Yeni Zelanda - En \u0130yi Ham Manuka Bal\u0131 | K\u00fcresel","description":"","publisher":{"@id":"https:\/\/www.manukanewzealand.com\/es\/#organization"},"potentialAction":[{"@type":"SearchAction","target":{"@type":"EntryPoint","urlTemplate":"https:\/\/www.manukanewzealand.com\/es\/?s={search_term_string}"},"query-input":{"@type":"PropertyValueSpecification","valueRequired":true,"valueName":"search_term_string"}}],"inLanguage":"tr"},{"@type":"Organization","@id":"https:\/\/www.manukanewzealand.com\/es\/#organization","name":"MNZ - Manuka Yeni Zelanda - En \u0130yi Ham Manuka Bal\u0131 | K\u00fcresel","url":"https:\/\/www.manukanewzealand.com\/es\/","logo":{"@type":"ImageObject","inLanguage":"tr","@id":"https:\/\/www.manukanewzealand.com\/es\/#\/schema\/logo\/image\/","url":"https:\/\/www.manukanewzealand.com\/wp-content\/uploads\/2022\/11\/mnz-logo-200x200-1-1.png","contentUrl":"https:\/\/www.manukanewzealand.com\/wp-content\/uploads\/2022\/11\/mnz-logo-200x200-1-1.png","width":200,"height":200,"caption":"MNZ - Manuka New Zealand - The Best Raw Manuka Honey | Global"},"image":{"@id":"https:\/\/www.manukanewzealand.com\/es\/#\/schema\/logo\/image\/"}}]}},"_links":{"self":[{"href":"https:\/\/www.manukanewzealand.com\/tr\/wp-json\/wp\/v2\/pages\/28891","targetHints":{"allow":["GET"]}}],"collection":[{"href":"https:\/\/www.manukanewzealand.com\/tr\/wp-json\/wp\/v2\/pages"}],"about":[{"href":"https:\/\/www.manukanewzealand.com\/tr\/wp-json\/wp\/v2\/types\/page"}],"author":[{"embeddable":true,"href":"https:\/\/www.manukanewzealand.com\/tr\/wp-json\/wp\/v2\/users\/2"}],"replies":[{"embeddable":true,"href":"https:\/\/www.manukanewzealand.com\/tr\/wp-json\/wp\/v2\/comments?post=28891"}],"version-history":[{"count":3,"href":"https:\/\/www.manukanewzealand.com\/tr\/wp-json\/wp\/v2\/pages\/28891\/revisions"}],"predecessor-version":[{"id":35317,"href":"https:\/\/www.manukanewzealand.com\/tr\/wp-json\/wp\/v2\/pages\/28891\/revisions\/35317"}],"wp:attachment":[{"href":"https:\/\/www.manukanewzealand.com\/tr\/wp-json\/wp\/v2\/media?parent=28891"}],"curies":[{"name":"wp","href":"https:\/\/api.w.org\/{rel}","templated":true}]}}