{"id":28882,"date":"2019-08-14T12:48:22","date_gmt":"2019-08-14T11:48:22","guid":{"rendered":"https:\/\/www.manukanewzealand.com\/?page_id=28882"},"modified":"2026-02-18T15:27:54","modified_gmt":"2026-02-18T14:27:54","slug":"scientists","status":"publish","type":"page","link":"https:\/\/www.manukanewzealand.com\/tr\/scientists\/","title":{"rendered":"MGO Manuka Bal\u0131n\u0131n arkas\u0131ndaki bilim insanlar\u0131"},"content":{"rendered":"<div id=\"page-header-22251062\" class=\"page-header-wrapper\">\n  <div class=\"page-title dark divided-title\">\n\n        <div class=\"page-title-bg\">\n      <div class=\"title-bg fill bg-fill\"\n        data-parallax-container=\".page-title\"\n        data-parallax-background\n data-parallax=\"-\">\n      <\/div>\n      <div class=\"title-overlay fill\"><\/div>\n    <\/div>\n    \n    <div class=\"page-title-inner container align-center flex-row medium-flex-wrap\" >\n              <div class=\"title-wrapper flex-col text-left medium-text-center\">\n          <h1 class=\"entry-title mb-0\">\n            MANUKA BALI BI\u0307LI\u0307M ADAMLARI          <\/h1>\n        <\/div>\n                    <div class=\"title-content flex-col flex-right text-right medium-text-center\">\n        <div class=\"title-breadcrumbs pb-half pt-half\"><nav class=\"woocommerce-breadcrumb breadcrumbs\" aria-label=\"Ekmek k\u0131r\u0131nt\u0131s\u0131\">Ev<\/nav><\/div>      <\/div>\n    <\/div>\n\n     \n<style>\n#page-header-22251062 .page-title-inner {\n  min-height: 250px;\n}\n#page-header-22251062 .title-bg {\n  background-image: url(https:\/\/www.manukanewzealand.com\/wp-content\/uploads\/2026\/02\/mnz-header-2.jpg);\n}\n<\/style>\n  <\/div>\n  <div class=\"container header-wrapper-divider\"><hr\/><\/div>  <\/div>\n  \n\n\t<section class=\"section\" id=\"section_314559725\">\n\t\t<div class=\"section-bg fill\" >\n\t\t\t\t\t\t\t\t\t\n\t\t\t\n\n\t\t<\/div>\n\n\t\t\n\n\t\t<div class=\"section-content relative\">\n\t\t\t\n<div class=\"row\"  id=\"row-1174997184\">\n\n\t<div id=\"col-1111352266\" class=\"col medium-12 small-12 large-8\"  >\n\t\t\t\t<div class=\"col-inner\"  >\n\t\t\t\n\t\t\t\n<h2>PROFES\u00d6R THOMAS HENLE<\/h2>\n<h3>Dresden Teknik \u00dcniversitesi - Almanya<\/h3>\n<blockquote>\n<p><em><strong>\u201cBir derecelendirme sistemi bilimsel olarak sa\u011flam olmal\u0131, yay\u0131nlanm\u0131\u015f ve laboratuvarlarda kullan\u0131labilen bir y\u00f6nteme dayanmal\u0131d\u0131r. MGO Manuka bal\u0131 s\u0131n\u0131fland\u0131rmas\u0131 i\u00e7in de durum kesinlikle budur.\u201d<\/strong><\/em><\/p>\n<\/blockquote>\n<p><em>Profes\u00f6r Thomas Henle - Dresden Teknik \u00dcniversitesi, Almanya<\/em><\/p>\n<p>2006 y\u0131l\u0131nda Profes\u00f6r Thomas Henle ve Dresden Teknik \u00dcniversitesi'ndeki ara\u015ft\u0131rma ekibi, Manuka bal\u0131nda bulunan \u00f6l\u00e7\u00fclebilir bir bile\u015fik olarak metilglioksal'\u0131 (MGO) tan\u0131mlad\u0131. \u00c7al\u0131\u015fmalar\u0131, \u00f6l\u00e7\u00fclebilir laboratuvar analizlerine dayanan bilimsel temelli bir s\u0131n\u0131fland\u0131rma sisteminin geli\u015ftirilmesine \u00f6nemli \u00f6l\u00e7\u00fcde katk\u0131da bulunmu\u015ftur.<\/p>\n<p>O tarihten bu yana Profes\u00f6r Henle, Manuka bal\u0131n\u0131n kimyasal bile\u015fimini ve \u00f6l\u00e7\u00fclebilir belirte\u00e7lerini inceleyen \u00e7ok say\u0131da bilimsel makale yay\u0131nlayarak bu kategorideki uluslararas\u0131 standardizasyonun g\u00fc\u00e7lendirilmesine yard\u0131mc\u0131 olmu\u015ftur.<\/p>\n\t\t<\/div>\n\t\t\t\t\t<\/div>\n\n\t\n\n\t<div id=\"col-1564641714\" class=\"col medium-12 small-12 large-4\"  >\n\t\t\t\t<div class=\"col-inner text-center\"  >\n\t\t\t\n\t\t\t\n\t<div class=\"img has-hover x md-x lg-x y md-y lg-y\" id=\"image_200286340\">\n\t\t\t\t\t\t\t\t<div class=\"img-inner dark\" >\n\t\t\t<img decoding=\"async\" width=\"500\" height=\"500\" src=\"https:\/\/www.manukanewzealand.com\/wp-content\/uploads\/2024\/12\/henle.jpg\" class=\"attachment-original size-original\" alt=\"\" \/>\t\t\t\t\t\t\n\t\t\t\t\t<\/div>\n\t\t\t\t\t\t\t\t\n<style>\n#image_200286340 {\n  width: 80%;\n}\n<\/style>\n\t<\/div>\n\t\n\t\t<\/div>\n\t\t\t\t\n<style>\n#col-1564641714 > .col-inner {\n  max-width: 500px;\n}\n<\/style>\n\t<\/div>\n\n\t\n<\/div>\n<div class=\"row\"  id=\"row-1766096580\">\n\n\t<div id=\"col-483873301\" class=\"col medium-12 small-12 large-8\"  >\n\t\t\t\t<div class=\"col-inner\"  >\n\t\t\t\n\t\t\t\n<h2>PROFES\u00d6R PETER MOLAN<\/h2>\n<h3>Waikato \u00dcniversitesi - Yeni Zelanda<\/h3>\n<blockquote>\n<p><em><strong>\u201cMetilglioksal testi, Manuka bal\u0131n\u0131n ay\u0131rt edici \u00f6zelliklerini s\u0131n\u0131fland\u0131rmak i\u00e7in net ve \u00f6l\u00e7\u00fclebilir bir yol sa\u011flar.\u201d<\/strong><\/em><\/p>\n<\/blockquote>\n<p><em>Profes\u00f6r Peter Molan - Waikato \u00dcniversitesi, Yeni Zelanda<\/em><\/p>\n<p>Profes\u00f6r Peter Molan 1980'lerde Waikato Bal Ara\u015ft\u0131rma Birimi'ni kurdu\u011fu Waikato \u00dcniversitesi'nde Manuka bal\u0131n\u0131 ara\u015ft\u0131rmaya ba\u015flad\u0131. Molan'\u0131n \u00f6nc\u00fc \u00e7al\u0131\u015fmalar\u0131, Manuka bal\u0131n\u0131n benzersiz ve \u00f6l\u00e7\u00fclebilir \u00f6zelliklerine uluslararas\u0131 bilimsel ilginin \u00e7ekilmesine yard\u0131mc\u0131 olmu\u015ftur.<\/p>\n<p>UMF (Unique Manuka Factor) olarak bilinen derecelendirme kavram\u0131n\u0131 ortaya atarak Manuka bal\u0131n\u0131n \u00f6l\u00e7\u00fclebilir parametrelere dayal\u0131 olarak standartla\u015ft\u0131r\u0131lmas\u0131 ve s\u0131n\u0131fland\u0131r\u0131lmas\u0131na y\u00f6nelik ilk \u00e7abalara katk\u0131da bulunmu\u015ftur.<\/p>\n<p>Profes\u00f6r Molan, \u00e7ok say\u0131da bilimsel yay\u0131n arac\u0131l\u0131\u011f\u0131yla Manuka bal\u0131n\u0131n kimyasal profilinin ve kendine \u00f6zg\u00fc bile\u015fiminin anla\u015f\u0131lmas\u0131n\u0131 geli\u015ftirmi\u015ftir. Ara\u015ft\u0131rmalar\u0131, \u00f6l\u00e7\u00fclebilir bir belirte\u00e7 olarak metilglioksal\u0131n (MGO) tan\u0131mlanmas\u0131 ve miktar\u0131n\u0131n belirlenmesi de dahil olmak \u00fczere daha sonraki \u00e7al\u0131\u015fmalar i\u00e7in \u00f6nemli temeller atm\u0131\u015ft\u0131r.<\/p>\n<p><em>Profes\u00f6r Peter Molan 2015 y\u0131l\u0131nda vefat etmi\u015ftir. \u00c7al\u0131\u015fmalar\u0131 Manuka bal\u0131 ara\u015ft\u0131rmalar\u0131 alan\u0131nda etkili olmaya devam etmektedir.<\/em><\/p>\n\t\t<\/div>\n\t\t\t\t\t<\/div>\n\n\t\n\n\t<div id=\"col-328878900\" class=\"col medium-12 small-12 large-4\"  >\n\t\t\t\t<div class=\"col-inner text-center\"  >\n\t\t\t\n\t\t\t\n\t<div class=\"img has-hover x md-x lg-x y md-y lg-y\" id=\"image_283989433\">\n\t\t\t\t\t\t\t\t<div class=\"img-inner dark\" >\n\t\t\t<img decoding=\"async\" width=\"500\" height=\"500\" src=\"https:\/\/www.manukanewzealand.com\/wp-content\/uploads\/2024\/12\/molan.jpg\" class=\"attachment-original size-original\" alt=\"\" \/>\t\t\t\t\t\t\n\t\t\t\t\t<\/div>\n\t\t\t\t\t\t\t\t\n<style>\n#image_283989433 {\n  width: 80%;\n}\n<\/style>\n\t<\/div>\n\t\n\t\t<\/div>\n\t\t\t\t\n<style>\n#col-328878900 > .col-inner {\n  max-width: 500px;\n}\n<\/style>\n\t<\/div>\n\n\t\n<\/div>\n<div class=\"row\"  id=\"row-776942826\">\n\n\t<div id=\"col-56936548\" class=\"col medium-12 small-12 large-8\"  >\n\t\t\t\t<div class=\"col-inner\"  >\n\t\t\t\n\t\t\t\n<h2>PROFES\u00d6R KEIJI TERAO<\/h2>\n<h3>Kobe \u00dcniversitesi T\u0131p Fak\u00fcltesi - Japonya<\/h3>\n<p>Profes\u00f6r Keiji Terao, propolis ve Yeni Zelanda'dan Manuka bal\u0131 da dahil olmak \u00fczere do\u011fal maddelerin kimyasal bile\u015fimi ve i\u015flevsel \u00f6zelliklerine odaklanan ara\u015ft\u0131rmalarda yer alm\u0131\u015ft\u0131r.<\/p>\n<p>\u00c7al\u0131\u015fmalar\u0131, do\u011fal olarak olu\u015fan bile\u015fiklerin bilimsel olarak anla\u015f\u0131lmas\u0131na ve \u00f6l\u00e7\u00fclebilir kimyasal belirte\u00e7lere dayal\u0131 yenilik\u00e7i form\u00fclasyonlar\u0131n geli\u015ftirilmesine katk\u0131da bulunmu\u015ftur.<\/p>\n\t\t<\/div>\n\t\t\t\t\t<\/div>\n\n\t\n\n\t<div id=\"col-1310793414\" class=\"col medium-12 small-12 large-4\"  >\n\t\t\t\t<div class=\"col-inner text-center\"  >\n\t\t\t\n\t\t\t\n\t<div class=\"img has-hover x md-x lg-x y md-y lg-y\" id=\"image_1742559454\">\n\t\t\t\t\t\t\t\t<div class=\"img-inner dark\" >\n\t\t\t<img decoding=\"async\" width=\"500\" height=\"500\" src=\"https:\/\/www.manukanewzealand.com\/wp-content\/uploads\/2024\/12\/Keiji.jpg\" class=\"attachment-original size-original\" alt=\"\" \/>\t\t\t\t\t\t\n\t\t\t\t\t<\/div>\n\t\t\t\t\t\t\t\t\n<style>\n#image_1742559454 {\n  width: 80%;\n}\n<\/style>\n\t<\/div>\n\t\n\t\t<\/div>\n\t\t\t\t\n<style>\n#col-1310793414 > .col-inner {\n  max-width: 500px;\n}\n<\/style>\n\t<\/div>\n\n\t\n<\/div>\n<div class=\"row\"  id=\"row-1638650785\">\n\n\t<div id=\"col-1443082802\" class=\"col medium-12 small-12 large-8\"  >\n\t\t\t\t<div class=\"col-inner\"  >\n\t\t\t\n\t\t\t\n<h2>DR. ROBERT LAHEIJ<\/h2>\n<h3>Elisabeth-TweeSteden Hastanesi - Hollanda<\/h3>\n<p>Dr. Robert Laheij, Manuka bal\u0131n\u0131n \u00f6zelliklerini ve bile\u015fimini gastrointestinal ba\u011flamlarla ili\u015fkili olarak inceleyen klinik ara\u015ft\u0131rmalarda yer alm\u0131\u015ft\u0131r.<\/p>\n<p>\u00c7al\u0131\u015fmalar\u0131, Manuka bal\u0131n\u0131n ve kontroll\u00fc ara\u015ft\u0131rma ortamlar\u0131nda \u00f6l\u00e7\u00fclebilir \u00f6zelliklerinin daha geni\u015f bilimsel ara\u015ft\u0131rmas\u0131na katk\u0131da bulunmaktad\u0131r.<\/p>\n\t\t<\/div>\n\t\t\t\t\t<\/div>\n\n\t\n\n\t<div id=\"col-1934886333\" class=\"col medium-12 small-12 large-4\"  >\n\t\t\t\t<div class=\"col-inner text-center\"  >\n\t\t\t\n\t\t\t\n\t<div class=\"img has-hover x md-x lg-x y md-y lg-y\" id=\"image_2099676265\">\n\t\t\t\t\t\t\t\t<div class=\"img-inner dark\" >\n\t\t\t<img decoding=\"async\" width=\"500\" height=\"500\" src=\"https:\/\/www.manukanewzealand.com\/wp-content\/uploads\/2024\/12\/robert-laheij.jpg\" class=\"attachment-original size-original\" alt=\"\" \/>\t\t\t\t\t\t\n\t\t\t\t\t<\/div>\n\t\t\t\t\t\t\t\t\n<style>\n#image_2099676265 {\n  width: 80%;\n}\n<\/style>\n\t<\/div>\n\t\n\t\t<\/div>\n\t\t\t\t\n<style>\n#col-1934886333 > .col-inner {\n  max-width: 500px;\n}\n<\/style>\n\t<\/div>\n\n\t\n<\/div>\n\t\t<\/div>\n\n\t\t\n<style>\n#section_314559725 {\n  padding-top: 30px;\n  padding-bottom: 30px;\n}\n<\/style>\n\t<\/section>","protected":false},"excerpt":{"rendered":"","protected":false},"author":2,"featured_media":0,"parent":0,"menu_order":0,"comment_status":"closed","ping_status":"closed","template":"","meta":{"footnotes":""},"class_list":["post-28882","page","type-page","status-publish","hentry"],"yoast_head":"<!-- This site is optimized with the Yoast SEO plugin v27.3 - https:\/\/yoast.com\/product\/yoast-seo-wordpress\/ -->\n<title>The Scientists behind MGO Manuka Honey - Manuka New Zealand<\/title>\n<meta name=\"description\" content=\"Professor Thomas Henle demonstrated that Methylglyoxal (MGO) is the component in Manuka Honey that is responsible for the bioactivity; groundbreaking research by Professor Keiji Terao to Alpha-cyclodextrin and Professor Peter Molan to the particular activity of Manuka Honey.\" \/>\n<meta name=\"robots\" content=\"index, follow, max-snippet:-1, max-image-preview:large, max-video-preview:-1\" \/>\n<link rel=\"canonical\" href=\"https:\/\/www.manukanewzealand.com\/tr\/scientists\/\" \/>\n<meta property=\"og:locale\" content=\"tr_TR\" \/>\n<meta property=\"og:type\" content=\"article\" \/>\n<meta property=\"og:title\" content=\"The Scientists behind MGO Manuka Honey - Manuka New Zealand\" \/>\n<meta property=\"og:description\" content=\"Professor Thomas Henle demonstrated that Methylglyoxal (MGO) is the component in Manuka Honey that is responsible for the bioactivity; groundbreaking research by Professor Keiji Terao to Alpha-cyclodextrin and Professor Peter Molan to the particular activity of Manuka Honey.\" \/>\n<meta property=\"og:url\" content=\"https:\/\/www.manukanewzealand.com\/tr\/scientists\/\" \/>\n<meta property=\"og:site_name\" content=\"MNZ - Manuka New Zealand - The Best Raw Manuka Honey | Global\" \/>\n<meta property=\"article:modified_time\" content=\"2026-02-18T14:27:54+00:00\" \/>\n<meta property=\"og:image\" content=\"https:\/\/www.manukanewzealand.com\/wp-content\/uploads\/2022\/11\/mnz-logo-200x200-1-1.png\" \/>\n\t<meta property=\"og:image:width\" content=\"200\" \/>\n\t<meta property=\"og:image:height\" content=\"200\" \/>\n\t<meta property=\"og:image:type\" content=\"image\/png\" \/>\n<meta name=\"twitter:card\" content=\"summary_large_image\" \/>\n<script type=\"application\/ld+json\" class=\"yoast-schema-graph\">{\"@context\":\"https:\\\/\\\/schema.org\",\"@graph\":[{\"@type\":\"WebPage\",\"@id\":\"https:\\\/\\\/www.manukanewzealand.com\\\/scientists\\\/\",\"url\":\"https:\\\/\\\/www.manukanewzealand.com\\\/scientists\\\/\",\"name\":\"The Scientists behind MGO Manuka Honey - Manuka New Zealand\",\"isPartOf\":{\"@id\":\"https:\\\/\\\/www.manukanewzealand.com\\\/es\\\/#website\"},\"datePublished\":\"2019-08-14T11:48:22+00:00\",\"dateModified\":\"2026-02-18T14:27:54+00:00\",\"description\":\"Professor Thomas Henle demonstrated that Methylglyoxal (MGO) is the component in Manuka Honey that is responsible for the bioactivity; groundbreaking research by Professor Keiji Terao to Alpha-cyclodextrin and Professor Peter Molan to the particular activity of Manuka Honey.\",\"breadcrumb\":{\"@id\":\"https:\\\/\\\/www.manukanewzealand.com\\\/scientists\\\/#breadcrumb\"},\"inLanguage\":\"tr\",\"potentialAction\":[{\"@type\":\"ReadAction\",\"target\":[\"https:\\\/\\\/www.manukanewzealand.com\\\/scientists\\\/\"]}]},{\"@type\":\"BreadcrumbList\",\"@id\":\"https:\\\/\\\/www.manukanewzealand.com\\\/scientists\\\/#breadcrumb\",\"itemListElement\":[{\"@type\":\"ListItem\",\"position\":1,\"name\":\"Home\",\"item\":\"https:\\\/\\\/www.manukanewzealand.com\\\/\"},{\"@type\":\"ListItem\",\"position\":2,\"name\":\"The scientists behind MGO Manuka Honey\"}]},{\"@type\":\"WebSite\",\"@id\":\"https:\\\/\\\/www.manukanewzealand.com\\\/es\\\/#website\",\"url\":\"https:\\\/\\\/www.manukanewzealand.com\\\/es\\\/\",\"name\":\"MNZ - Manuka New Zealand - The Best Raw Manuka Honey | Global\",\"description\":\"\",\"publisher\":{\"@id\":\"https:\\\/\\\/www.manukanewzealand.com\\\/es\\\/#organization\"},\"potentialAction\":[{\"@type\":\"SearchAction\",\"target\":{\"@type\":\"EntryPoint\",\"urlTemplate\":\"https:\\\/\\\/www.manukanewzealand.com\\\/es\\\/?s={search_term_string}\"},\"query-input\":{\"@type\":\"PropertyValueSpecification\",\"valueRequired\":true,\"valueName\":\"search_term_string\"}}],\"inLanguage\":\"tr\"},{\"@type\":\"Organization\",\"@id\":\"https:\\\/\\\/www.manukanewzealand.com\\\/es\\\/#organization\",\"name\":\"MNZ - Manuka New Zealand - The Best Raw Manuka Honey | Global\",\"url\":\"https:\\\/\\\/www.manukanewzealand.com\\\/es\\\/\",\"logo\":{\"@type\":\"ImageObject\",\"inLanguage\":\"tr\",\"@id\":\"https:\\\/\\\/www.manukanewzealand.com\\\/es\\\/#\\\/schema\\\/logo\\\/image\\\/\",\"url\":\"https:\\\/\\\/www.manukanewzealand.com\\\/wp-content\\\/uploads\\\/2022\\\/11\\\/mnz-logo-200x200-1-1.png\",\"contentUrl\":\"https:\\\/\\\/www.manukanewzealand.com\\\/wp-content\\\/uploads\\\/2022\\\/11\\\/mnz-logo-200x200-1-1.png\",\"width\":200,\"height\":200,\"caption\":\"MNZ - Manuka New Zealand - The Best Raw Manuka Honey | Global\"},\"image\":{\"@id\":\"https:\\\/\\\/www.manukanewzealand.com\\\/es\\\/#\\\/schema\\\/logo\\\/image\\\/\"}}]}<\/script>\n<!-- \/ Yoast SEO plugin. -->","yoast_head_json":{"title":"MGO Manuka Bal\u0131n\u0131n Arkas\u0131ndaki Bilim \u0130nsanlar\u0131 - Manuka Yeni Zelanda","description":"Profes\u00f6r Thomas Henle, Manuka Bal\u0131n\u0131n biyoaktivitesinden sorumlu bile\u015fenin Metilglioksal (MGO) oldu\u011funu g\u00f6stermi\u015ftir; Profes\u00f6r Keiji Terao'nun Alfa-siklodekstrin ve Profes\u00f6r Peter Molan'\u0131n Manuka Bal\u0131n\u0131n \u00f6zel aktivitesi \u00fczerine \u00e7\u0131\u011f\u0131r a\u00e7an ara\u015ft\u0131rmalar\u0131.","robots":{"index":"index","follow":"follow","max-snippet":"max-snippet:-1","max-image-preview":"max-image-preview:large","max-video-preview":"max-video-preview:-1"},"canonical":"https:\/\/www.manukanewzealand.com\/tr\/scientists\/","og_locale":"tr_TR","og_type":"article","og_title":"The Scientists behind MGO Manuka Honey - Manuka New Zealand","og_description":"Professor Thomas Henle demonstrated that Methylglyoxal (MGO) is the component in Manuka Honey that is responsible for the bioactivity; groundbreaking research by Professor Keiji Terao to Alpha-cyclodextrin and Professor Peter Molan to the particular activity of Manuka Honey.","og_url":"https:\/\/www.manukanewzealand.com\/tr\/scientists\/","og_site_name":"MNZ - Manuka New Zealand - The Best Raw Manuka Honey | Global","article_modified_time":"2026-02-18T14:27:54+00:00","og_image":[{"width":200,"height":200,"url":"https:\/\/www.manukanewzealand.com\/wp-content\/uploads\/2022\/11\/mnz-logo-200x200-1-1.png","type":"image\/png"}],"twitter_card":"summary_large_image","schema":{"@context":"https:\/\/schema.org","@graph":[{"@type":"WebPage","@id":"https:\/\/www.manukanewzealand.com\/scientists\/","url":"https:\/\/www.manukanewzealand.com\/scientists\/","name":"MGO Manuka Bal\u0131n\u0131n Arkas\u0131ndaki Bilim \u0130nsanlar\u0131 - Manuka Yeni Zelanda","isPartOf":{"@id":"https:\/\/www.manukanewzealand.com\/es\/#website"},"datePublished":"2019-08-14T11:48:22+00:00","dateModified":"2026-02-18T14:27:54+00:00","description":"Profes\u00f6r Thomas Henle, Manuka Bal\u0131n\u0131n biyoaktivitesinden sorumlu bile\u015fenin Metilglioksal (MGO) oldu\u011funu g\u00f6stermi\u015ftir; Profes\u00f6r Keiji Terao'nun Alfa-siklodekstrin ve Profes\u00f6r Peter Molan'\u0131n Manuka Bal\u0131n\u0131n \u00f6zel aktivitesi \u00fczerine \u00e7\u0131\u011f\u0131r a\u00e7an ara\u015ft\u0131rmalar\u0131.","breadcrumb":{"@id":"https:\/\/www.manukanewzealand.com\/scientists\/#breadcrumb"},"inLanguage":"tr","potentialAction":[{"@type":"ReadAction","target":["https:\/\/www.manukanewzealand.com\/scientists\/"]}]},{"@type":"BreadcrumbList","@id":"https:\/\/www.manukanewzealand.com\/scientists\/#breadcrumb","itemListElement":[{"@type":"ListItem","position":1,"name":"Home","item":"https:\/\/www.manukanewzealand.com\/"},{"@type":"ListItem","position":2,"name":"The scientists behind MGO Manuka Honey"}]},{"@type":"WebSite","@id":"https:\/\/www.manukanewzealand.com\/es\/#website","url":"https:\/\/www.manukanewzealand.com\/es\/","name":"MNZ - Manuka Yeni Zelanda - En \u0130yi Ham Manuka Bal\u0131 | K\u00fcresel","description":"","publisher":{"@id":"https:\/\/www.manukanewzealand.com\/es\/#organization"},"potentialAction":[{"@type":"SearchAction","target":{"@type":"EntryPoint","urlTemplate":"https:\/\/www.manukanewzealand.com\/es\/?s={search_term_string}"},"query-input":{"@type":"PropertyValueSpecification","valueRequired":true,"valueName":"search_term_string"}}],"inLanguage":"tr"},{"@type":"Organization","@id":"https:\/\/www.manukanewzealand.com\/es\/#organization","name":"MNZ - Manuka Yeni Zelanda - En \u0130yi Ham Manuka Bal\u0131 | K\u00fcresel","url":"https:\/\/www.manukanewzealand.com\/es\/","logo":{"@type":"ImageObject","inLanguage":"tr","@id":"https:\/\/www.manukanewzealand.com\/es\/#\/schema\/logo\/image\/","url":"https:\/\/www.manukanewzealand.com\/wp-content\/uploads\/2022\/11\/mnz-logo-200x200-1-1.png","contentUrl":"https:\/\/www.manukanewzealand.com\/wp-content\/uploads\/2022\/11\/mnz-logo-200x200-1-1.png","width":200,"height":200,"caption":"MNZ - Manuka New Zealand - The Best Raw Manuka Honey | Global"},"image":{"@id":"https:\/\/www.manukanewzealand.com\/es\/#\/schema\/logo\/image\/"}}]}},"_links":{"self":[{"href":"https:\/\/www.manukanewzealand.com\/tr\/wp-json\/wp\/v2\/pages\/28882","targetHints":{"allow":["GET"]}}],"collection":[{"href":"https:\/\/www.manukanewzealand.com\/tr\/wp-json\/wp\/v2\/pages"}],"about":[{"href":"https:\/\/www.manukanewzealand.com\/tr\/wp-json\/wp\/v2\/types\/page"}],"author":[{"embeddable":true,"href":"https:\/\/www.manukanewzealand.com\/tr\/wp-json\/wp\/v2\/users\/2"}],"replies":[{"embeddable":true,"href":"https:\/\/www.manukanewzealand.com\/tr\/wp-json\/wp\/v2\/comments?post=28882"}],"version-history":[{"count":1,"href":"https:\/\/www.manukanewzealand.com\/tr\/wp-json\/wp\/v2\/pages\/28882\/revisions"}],"predecessor-version":[{"id":35307,"href":"https:\/\/www.manukanewzealand.com\/tr\/wp-json\/wp\/v2\/pages\/28882\/revisions\/35307"}],"wp:attachment":[{"href":"https:\/\/www.manukanewzealand.com\/tr\/wp-json\/wp\/v2\/media?parent=28882"}],"curies":[{"name":"wp","href":"https:\/\/api.w.org\/{rel}","templated":true}]}}