{"id":496,"date":"2024-01-23T04:02:02","date_gmt":"2024-01-23T03:02:02","guid":{"rendered":"https:\/\/www.manukahoney.eu\/?post_type=product&#038;p=496"},"modified":"2026-02-17T13:45:12","modified_gmt":"2026-02-17T12:45:12","slug":"mgo-550-manuka-honey-500gr","status":"publish","type":"product","link":"https:\/\/www.manukanewzealand.com\/pt\/product\/mgo-550-manuka-honey-500gr\/","title":{"rendered":"Mel de Manuka MGO 550+ 500gr."},"content":{"rendered":"<h1>MNZ Manuka Honey MGO 550+ - Premium Raw Monofloral Manuka da Nova Zel\u00e2ndia<\/h1>\n<p><strong>MNZ MGO 550+<\/strong> \u00e9 um produto de alta qualidade <strong>mel monofloral cru de Manuka<\/strong> com um m\u00ednimo garantido de <strong>550 mg\/kg Metilglioxal (MGO)<\/strong>. Ele oferece um n\u00edvel forte e concentrado para aqueles que escolhem o aut\u00eantico mel de Manuka com um teor naturalmente elevado de MGO.<\/p>\n<p><strong>Dispon\u00edvel em:<\/strong> 500 gramas<\/p>\n<h2>Por que escolher o MNZ MGO 550+?<\/h2>\n<p>MNZ \u00e9 sin\u00f4nimo de pureza, transpar\u00eancia e origem neozelandesa confi\u00e1vel. Esse mel nunca \u00e9 misturado, dilu\u00eddo ou muito processado. Ele \u00e9 obtido exclusivamente do n\u00e9ctar da flor de Manuka e cuidadosamente classificado de acordo com o reconhecido padr\u00e3o MGO.<\/p>\n<p>O valor de MGO reflete a concentra\u00e7\u00e3o natural de metilglioxal, o composto que torna o mel de Manuka diferenciado. Com um MGO 550+ garantido, esse grau oferece uma for\u00e7a claramente elevada dentro da linha premium do Manuka, mantendo a textura natural e o car\u00e1ter rico.<\/p>\n<p>Nossas colmeias est\u00e3o localizadas em regi\u00f5es remotas e intocadas da Nova Zel\u00e2ndia, longe da agricultura intensiva e da polui\u00e7\u00e3o ambiental. Cada lote \u00e9 testado em laborat\u00f3rio de forma independente para confirmar seu n\u00edvel de MGO e verificar seu status monofloral. O r\u00f3tulo MNZ e o selo dourado MGO representam total rastreabilidade e qualidade premium consistente, da colmeia ao frasco.<\/p>\n<ul>\n<li>100% cru, n\u00e3o aquecido e n\u00e3o pasteurizado<\/li>\n<li>Mel de Manuka monofloral certificado<\/li>\n<li>MGO m\u00ednimo garantido 550+<\/li>\n<li>Testado em laborat\u00f3rio de forma independente<\/li>\n<li>Colhido, embalado e rotulado na Nova Zel\u00e2ndia<\/li>\n<\/ul>\n<h3>Ingredientes<\/h3>\n<p>Mel de Manuka monofloral cru<\/p>\n<h3>Valores nutricionais por 100 g<\/h3>\n<ul>\n<li>Energia: 1400 kJ \/ 335 kcal<\/li>\n<li>Gordura: 0,0 g<\/li>\n<li>dos quais saturados: 0.0 g<\/li>\n<li>Carboidratos: 82.1 g<\/li>\n<li>dos quais a\u00e7\u00facares: 82,1 g<\/li>\n<li>Prote\u00edna: 0,0 g<\/li>\n<li>Fibra: 0,0 g<\/li>\n<li>Sal: 0,03 g<\/li>\n<\/ul>","protected":false},"excerpt":{"rendered":"<p>MNZ Manuka Honey MGO 550+ \u2013 Premium Raw Monofloral Manuka from New Zealand MNZ MGO 550+ is a high-grade raw monofloral Manuka honey with a guaranteed minimum of 550 mg\/kg Methylglyoxal (MGO). It offers a strong and concentrated level for those who choose authentic Manuka honey with a naturally elevated MGO content. Available in: 500 [&#8230;]\n","protected":false},"featured_media":34640,"comment_status":"closed","ping_status":"closed","template":"","meta":[],"product_brand":[],"product_cat":[113],"product_tag":[],"class_list":{"0":"post-496","1":"product","2":"type-product","3":"status-publish","4":"has-post-thumbnail","6":"product_cat-uncategorized","8":"first","9":"instock","10":"taxable","11":"shipping-taxable","12":"purchasable","13":"product-type-simple"},"yoast_head":"<!-- This site is optimized with the Yoast SEO plugin v27.3 - https:\/\/yoast.com\/product\/yoast-seo-wordpress\/ -->\n<title>MNZ Manuka Honey MGO 550+ 500 g | Raw Monofloral Manuka Honey New Zealand<\/title>\n<meta name=\"description\" content=\"Premium raw monofloral Manuka honey with guaranteed MGO 550+. Independently tested, unprocessed and harvested in remote New Zealand regions. 500 g jar by MNZ.\" \/>\n<meta name=\"robots\" content=\"index, follow, max-snippet:-1, max-image-preview:large, max-video-preview:-1\" \/>\n<link rel=\"canonical\" href=\"https:\/\/www.manukanewzealand.com\/pt\/product\/mgo-550-manuka-honey-500gr\/\" \/>\n<meta property=\"og:locale\" content=\"pt_BR\" \/>\n<meta property=\"og:type\" content=\"article\" \/>\n<meta property=\"og:title\" content=\"MNZ Manuka Honey MGO 550+ 500 g | Raw Monofloral Manuka Honey New Zealand\" \/>\n<meta property=\"og:description\" content=\"Premium raw monofloral Manuka honey with guaranteed MGO 550+. Independently tested, unprocessed and harvested in remote New Zealand regions. 500 g jar by MNZ.\" \/>\n<meta property=\"og:url\" content=\"https:\/\/www.manukanewzealand.com\/pt\/product\/mgo-550-manuka-honey-500gr\/\" \/>\n<meta property=\"og:site_name\" content=\"MNZ - Manuka New Zealand - The Best Raw Manuka Honey | Global\" \/>\n<meta property=\"article:modified_time\" content=\"2026-02-17T12:45:12+00:00\" \/>\n<meta property=\"og:image\" content=\"https:\/\/www.manukanewzealand.com\/wp-content\/uploads\/2024\/12\/manukahoney-mnz550-500g.webp\" \/>\n\t<meta property=\"og:image:width\" content=\"500\" \/>\n\t<meta property=\"og:image:height\" content=\"500\" \/>\n\t<meta property=\"og:image:type\" content=\"image\/webp\" \/>\n<meta name=\"twitter:card\" content=\"summary_large_image\" \/>\n<meta name=\"twitter:label1\" content=\"Pre\u00e7o\" \/>\n\t<meta name=\"twitter:data1\" content=\"&euro;125,00 incl. VAT\" \/>\n\t<meta name=\"twitter:label2\" content=\"Availability\" \/>\n\t<meta name=\"twitter:data2\" content=\"In stock\" \/>\n<script type=\"application\/ld+json\" class=\"yoast-schema-graph\">{\"@context\":\"https:\\\/\\\/schema.org\",\"@graph\":[{\"@type\":\"WebPage\",\"@id\":\"https:\\\/\\\/www.manukanewzealand.com\\\/product\\\/mgo-550-manuka-honey-500gr\\\/\",\"url\":\"https:\\\/\\\/www.manukanewzealand.com\\\/product\\\/mgo-550-manuka-honey-500gr\\\/\",\"name\":\"MNZ Manuka Honey MGO 550+ 500 g | Raw Monofloral Manuka Honey New Zealand\",\"isPartOf\":{\"@id\":\"https:\\\/\\\/www.manukanewzealand.com\\\/es\\\/#website\"},\"primaryImageOfPage\":{\"@id\":\"https:\\\/\\\/www.manukanewzealand.com\\\/product\\\/mgo-550-manuka-honey-500gr\\\/#primaryimage\"},\"image\":{\"@id\":\"https:\\\/\\\/www.manukanewzealand.com\\\/product\\\/mgo-550-manuka-honey-500gr\\\/#primaryimage\"},\"thumbnailUrl\":\"https:\\\/\\\/www.manukanewzealand.com\\\/wp-content\\\/uploads\\\/2024\\\/12\\\/manukahoney-mnz550-500g.webp\",\"datePublished\":\"2024-01-23T03:02:02+00:00\",\"dateModified\":\"2026-02-17T12:45:12+00:00\",\"description\":\"Premium raw monofloral Manuka honey with guaranteed MGO 550+. Independently tested, unprocessed and harvested in remote New Zealand regions. 500 g jar by MNZ.\",\"breadcrumb\":{\"@id\":\"https:\\\/\\\/www.manukanewzealand.com\\\/product\\\/mgo-550-manuka-honey-500gr\\\/#breadcrumb\"},\"inLanguage\":\"pt-BR\",\"potentialAction\":[{\"@type\":\"ReadAction\",\"target\":[\"https:\\\/\\\/www.manukanewzealand.com\\\/product\\\/mgo-550-manuka-honey-500gr\\\/\"]}]},{\"@type\":\"ImageObject\",\"inLanguage\":\"pt-BR\",\"@id\":\"https:\\\/\\\/www.manukanewzealand.com\\\/product\\\/mgo-550-manuka-honey-500gr\\\/#primaryimage\",\"url\":\"https:\\\/\\\/www.manukanewzealand.com\\\/wp-content\\\/uploads\\\/2024\\\/12\\\/manukahoney-mnz550-500g.webp\",\"contentUrl\":\"https:\\\/\\\/www.manukanewzealand.com\\\/wp-content\\\/uploads\\\/2024\\\/12\\\/manukahoney-mnz550-500g.webp\",\"width\":500,\"height\":500},{\"@type\":\"BreadcrumbList\",\"@id\":\"https:\\\/\\\/www.manukanewzealand.com\\\/product\\\/mgo-550-manuka-honey-500gr\\\/#breadcrumb\",\"itemListElement\":[{\"@type\":\"ListItem\",\"position\":1,\"name\":\"Home\",\"item\":\"https:\\\/\\\/www.manukanewzealand.com\\\/\"},{\"@type\":\"ListItem\",\"position\":2,\"name\":\"MNZ Products\",\"item\":\"https:\\\/\\\/www.manukanewzealand.com\\\/mnz-products\\\/\"},{\"@type\":\"ListItem\",\"position\":3,\"name\":\"Manuka Honey MGO 550+ 500gr.\"}]},{\"@type\":\"WebSite\",\"@id\":\"https:\\\/\\\/www.manukanewzealand.com\\\/es\\\/#website\",\"url\":\"https:\\\/\\\/www.manukanewzealand.com\\\/es\\\/\",\"name\":\"MNZ - Manuka New Zealand - The Best Raw Manuka Honey | Global\",\"description\":\"\",\"publisher\":{\"@id\":\"https:\\\/\\\/www.manukanewzealand.com\\\/es\\\/#organization\"},\"potentialAction\":[{\"@type\":\"SearchAction\",\"target\":{\"@type\":\"EntryPoint\",\"urlTemplate\":\"https:\\\/\\\/www.manukanewzealand.com\\\/es\\\/?s={search_term_string}\"},\"query-input\":{\"@type\":\"PropertyValueSpecification\",\"valueRequired\":true,\"valueName\":\"search_term_string\"}}],\"inLanguage\":\"pt-BR\"},{\"@type\":\"Organization\",\"@id\":\"https:\\\/\\\/www.manukanewzealand.com\\\/es\\\/#organization\",\"name\":\"MNZ - Manuka New Zealand - The Best Raw Manuka Honey | Global\",\"url\":\"https:\\\/\\\/www.manukanewzealand.com\\\/es\\\/\",\"logo\":{\"@type\":\"ImageObject\",\"inLanguage\":\"pt-BR\",\"@id\":\"https:\\\/\\\/www.manukanewzealand.com\\\/es\\\/#\\\/schema\\\/logo\\\/image\\\/\",\"url\":\"https:\\\/\\\/www.manukanewzealand.com\\\/wp-content\\\/uploads\\\/2022\\\/11\\\/mnz-logo-200x200-1-1.png\",\"contentUrl\":\"https:\\\/\\\/www.manukanewzealand.com\\\/wp-content\\\/uploads\\\/2022\\\/11\\\/mnz-logo-200x200-1-1.png\",\"width\":200,\"height\":200,\"caption\":\"MNZ - Manuka New Zealand - The Best Raw Manuka Honey | Global\"},\"image\":{\"@id\":\"https:\\\/\\\/www.manukanewzealand.com\\\/es\\\/#\\\/schema\\\/logo\\\/image\\\/\"}}]}<\/script>\n<meta property=\"product:price:amount\" content=\"125.00\" \/>\n<meta property=\"product:price:currency\" content=\"EUR\" \/>\n<meta property=\"og:availability\" content=\"instock\" \/>\n<meta property=\"product:availability\" content=\"instock\" \/>\n<meta property=\"product:retailer_item_id\" content=\"MNZ008\" \/>\n<meta property=\"product:condition\" content=\"new\" \/>\n<!-- \/ Yoast SEO plugin. -->","yoast_head_json":{"title":"MNZ Manuka Honey MGO 550+ 500 g | Raw Monofloral Manuka Honey New Zealand","description":"Mel de Manuka monofloral cru de primeira qualidade com garantia de MGO 550+. Testado de forma independente, n\u00e3o processado e colhido em regi\u00f5es remotas da Nova Zel\u00e2ndia. Frasco de 500 g da MNZ.","robots":{"index":"index","follow":"follow","max-snippet":"max-snippet:-1","max-image-preview":"max-image-preview:large","max-video-preview":"max-video-preview:-1"},"canonical":"https:\/\/www.manukanewzealand.com\/pt\/product\/mgo-550-manuka-honey-500gr\/","og_locale":"pt_BR","og_type":"article","og_title":"MNZ Manuka Honey MGO 550+ 500 g | Raw Monofloral Manuka Honey New Zealand","og_description":"Premium raw monofloral Manuka honey with guaranteed MGO 550+. Independently tested, unprocessed and harvested in remote New Zealand regions. 500 g jar by MNZ.","og_url":"https:\/\/www.manukanewzealand.com\/pt\/product\/mgo-550-manuka-honey-500gr\/","og_site_name":"MNZ - Manuka New Zealand - The Best Raw Manuka Honey | Global","article_modified_time":"2026-02-17T12:45:12+00:00","og_image":[{"width":500,"height":500,"url":"https:\/\/www.manukanewzealand.com\/wp-content\/uploads\/2024\/12\/manukahoney-mnz550-500g.webp","type":"image\/webp"}],"twitter_card":"summary_large_image","twitter_misc":{"Pre\u00e7o":"&euro;125,00 incl. VAT","Availability":"In stock"},"schema":{"@context":"https:\/\/schema.org","@graph":[{"@type":"WebPage","@id":"https:\/\/www.manukanewzealand.com\/product\/mgo-550-manuka-honey-500gr\/","url":"https:\/\/www.manukanewzealand.com\/product\/mgo-550-manuka-honey-500gr\/","name":"MNZ Manuka Honey MGO 550+ 500 g | Raw Monofloral Manuka Honey New Zealand","isPartOf":{"@id":"https:\/\/www.manukanewzealand.com\/es\/#website"},"primaryImageOfPage":{"@id":"https:\/\/www.manukanewzealand.com\/product\/mgo-550-manuka-honey-500gr\/#primaryimage"},"image":{"@id":"https:\/\/www.manukanewzealand.com\/product\/mgo-550-manuka-honey-500gr\/#primaryimage"},"thumbnailUrl":"https:\/\/www.manukanewzealand.com\/wp-content\/uploads\/2024\/12\/manukahoney-mnz550-500g.webp","datePublished":"2024-01-23T03:02:02+00:00","dateModified":"2026-02-17T12:45:12+00:00","description":"Mel de Manuka monofloral cru de primeira qualidade com garantia de MGO 550+. Testado de forma independente, n\u00e3o processado e colhido em regi\u00f5es remotas da Nova Zel\u00e2ndia. Frasco de 500 g da MNZ.","breadcrumb":{"@id":"https:\/\/www.manukanewzealand.com\/product\/mgo-550-manuka-honey-500gr\/#breadcrumb"},"inLanguage":"pt-BR","potentialAction":[{"@type":"ReadAction","target":["https:\/\/www.manukanewzealand.com\/product\/mgo-550-manuka-honey-500gr\/"]}]},{"@type":"ImageObject","inLanguage":"pt-BR","@id":"https:\/\/www.manukanewzealand.com\/product\/mgo-550-manuka-honey-500gr\/#primaryimage","url":"https:\/\/www.manukanewzealand.com\/wp-content\/uploads\/2024\/12\/manukahoney-mnz550-500g.webp","contentUrl":"https:\/\/www.manukanewzealand.com\/wp-content\/uploads\/2024\/12\/manukahoney-mnz550-500g.webp","width":500,"height":500},{"@type":"BreadcrumbList","@id":"https:\/\/www.manukanewzealand.com\/product\/mgo-550-manuka-honey-500gr\/#breadcrumb","itemListElement":[{"@type":"ListItem","position":1,"name":"Home","item":"https:\/\/www.manukanewzealand.com\/"},{"@type":"ListItem","position":2,"name":"MNZ Products","item":"https:\/\/www.manukanewzealand.com\/mnz-products\/"},{"@type":"ListItem","position":3,"name":"Manuka Honey MGO 550+ 500gr."}]},{"@type":"WebSite","@id":"https:\/\/www.manukanewzealand.com\/es\/#website","url":"https:\/\/www.manukanewzealand.com\/es\/","name":"MNZ - Manuka New Zealand - O melhor mel de Manuka cru do mundo","description":"","publisher":{"@id":"https:\/\/www.manukanewzealand.com\/es\/#organization"},"potentialAction":[{"@type":"SearchAction","target":{"@type":"EntryPoint","urlTemplate":"https:\/\/www.manukanewzealand.com\/es\/?s={search_term_string}"},"query-input":{"@type":"PropertyValueSpecification","valueRequired":true,"valueName":"search_term_string"}}],"inLanguage":"pt-BR"},{"@type":"Organization","@id":"https:\/\/www.manukanewzealand.com\/es\/#organization","name":"MNZ - Manuka New Zealand - O melhor mel de Manuka cru do mundo","url":"https:\/\/www.manukanewzealand.com\/es\/","logo":{"@type":"ImageObject","inLanguage":"pt-BR","@id":"https:\/\/www.manukanewzealand.com\/es\/#\/schema\/logo\/image\/","url":"https:\/\/www.manukanewzealand.com\/wp-content\/uploads\/2022\/11\/mnz-logo-200x200-1-1.png","contentUrl":"https:\/\/www.manukanewzealand.com\/wp-content\/uploads\/2022\/11\/mnz-logo-200x200-1-1.png","width":200,"height":200,"caption":"MNZ - Manuka New Zealand - The Best Raw Manuka Honey | Global"},"image":{"@id":"https:\/\/www.manukanewzealand.com\/es\/#\/schema\/logo\/image\/"}}]},"product_price_amount":"125.00","product_price_currency":"EUR","og_availability":"instock","product_availability":"instock","product_retailer_item_id":"MNZ008","product_condition":"new"},"_links":{"self":[{"href":"https:\/\/www.manukanewzealand.com\/pt\/wp-json\/wp\/v2\/product\/496","targetHints":{"allow":["GET"]}}],"collection":[{"href":"https:\/\/www.manukanewzealand.com\/pt\/wp-json\/wp\/v2\/product"}],"about":[{"href":"https:\/\/www.manukanewzealand.com\/pt\/wp-json\/wp\/v2\/types\/product"}],"replies":[{"embeddable":true,"href":"https:\/\/www.manukanewzealand.com\/pt\/wp-json\/wp\/v2\/comments?post=496"}],"wp:featuredmedia":[{"embeddable":true,"href":"https:\/\/www.manukanewzealand.com\/pt\/wp-json\/wp\/v2\/media\/34640"}],"wp:attachment":[{"href":"https:\/\/www.manukanewzealand.com\/pt\/wp-json\/wp\/v2\/media?parent=496"}],"wp:term":[{"taxonomy":"product_brand","embeddable":true,"href":"https:\/\/www.manukanewzealand.com\/pt\/wp-json\/wp\/v2\/product_brand?post=496"},{"taxonomy":"product_cat","embeddable":true,"href":"https:\/\/www.manukanewzealand.com\/pt\/wp-json\/wp\/v2\/product_cat?post=496"},{"taxonomy":"product_tag","embeddable":true,"href":"https:\/\/www.manukanewzealand.com\/pt\/wp-json\/wp\/v2\/product_tag?post=496"}],"curies":[{"name":"wp","href":"https:\/\/api.w.org\/{rel}","templated":true}]}}