{"id":35279,"date":"2026-02-17T14:13:15","date_gmt":"2026-02-17T13:13:15","guid":{"rendered":"https:\/\/www.manukanewzealand.com\/?post_type=product&#038;p=35279"},"modified":"2026-02-17T14:13:15","modified_gmt":"2026-02-17T13:13:15","slug":"manuka-honey-mgo-50-500gr","status":"publish","type":"product","link":"https:\/\/www.manukanewzealand.com\/pt\/product\/manuka-honey-mgo-50-500gr\/","title":{"rendered":"Mel de Manuka MGO 50+ 500gr."},"content":{"rendered":"<h1>MNZ Manuka Honey MGO 50+ - Mel de Manuka cru em um pr\u00e1tico frasco espremido<\/h1>\n<p><strong>MNZ MGO 50+<\/strong> \u00e9 um produto de alta qualidade <strong>mel de Manuka cru<\/strong> com um m\u00ednimo garantido de <strong>50 mg\/kg Metilglioxal (MGO)<\/strong>. Esse grau suave de MGO \u00e9 ideal para o uso di\u00e1rio e vem em um pr\u00e1tico frasco squeezy para servir de forma limpa e f\u00e1cil.<\/p>\n<p><strong>Dispon\u00edvel em:<\/strong> 500 g (garrafa squeezy)<\/p>\n<h2>Por que escolher o MNZ MGO 50+?<\/h2>\n<p>MNZ \u00e9 sin\u00f4nimo de pureza, transpar\u00eancia e origem neozelandesa confi\u00e1vel. Esse mel de Manuka \u00e9 cuidadosamente obtido e testado para confirmar seu conte\u00fado natural de MGO.<\/p>\n<p>Com seu n\u00edvel mais baixo de MGO, o MGO 50+ oferece um sabor suave e acess\u00edvel, o que o torna perfeito para ser consumido diariamente. Use-o no caf\u00e9 da manh\u00e3, misture-o ao ch\u00e1, regue-o com iogurte ou adicione-o \u00e0s suas receitas favoritas.<\/p>\n<p>Nossas colmeias est\u00e3o localizadas em regi\u00f5es remotas e intocadas da Nova Zel\u00e2ndia, longe da agricultura intensiva e da polui\u00e7\u00e3o ambiental. Cada lote \u00e9 testado em um laborat\u00f3rio independente para garantir a autenticidade e a qualidade. O nome MNZ e o selo dourado MGO representam total rastreabilidade e padr\u00f5es consistentes.<\/p>\n<p>O pr\u00e1tico frasco squeezy permite o uso f\u00e1cil e sem bagun\u00e7a, sem a necessidade de uma colher.<\/p>\n<ul>\n<li>100% cru, n\u00e3o aquecido e n\u00e3o pasteurizado<\/li>\n<li>Mel de Manuka com garantia de MGO 50+<\/li>\n<li>Sabor suave, adequado para uso di\u00e1rio<\/li>\n<li>Frasco squeezy pr\u00e1tico para dosagem limpa<\/li>\n<li>Testado em laborat\u00f3rio de forma independente<\/li>\n<li>Colhido, embalado e rotulado na Nova Zel\u00e2ndia<\/li>\n<\/ul>\n<h3>Ingredientes<\/h3>\n<p>Mel de Manuka cru<\/p>\n<h3>Valores nutricionais por 100 g<\/h3>\n<ul>\n<li>Energia: 1400 kJ \/ 335 kcal<\/li>\n<li>Gordura: 0,0 g<\/li>\n<li>dos quais saturados: 0.0 g<\/li>\n<li>Carboidratos: 82.1 g<\/li>\n<li>dos quais a\u00e7\u00facares: 82,1 g<\/li>\n<li>Prote\u00edna: 0,0 g<\/li>\n<li>Fibra: 0,0 g<\/li>\n<li>Sal: 0,03 g<\/li>\n<\/ul>","protected":false},"excerpt":{"rendered":"<p>MNZ Manuka Honey MGO 50+ \u2013 Raw Manuka Honey in a Convenient Squeezy Bottle MNZ MGO 50+ is a high-quality raw Manuka honey with a guaranteed minimum of 50 mg\/kg Methylglyoxal (MGO). This mild MGO grade is ideal for everyday use and comes in a practical squeezy bottle for clean and easy serving. Available in: [&#8230;]\n","protected":false},"featured_media":35280,"comment_status":"closed","ping_status":"closed","template":"","meta":[],"product_brand":[],"product_cat":[113],"product_tag":[],"class_list":{"0":"post-35279","1":"product","2":"type-product","3":"status-publish","4":"has-post-thumbnail","6":"product_cat-uncategorized","8":"first","9":"instock","10":"taxable","11":"shipping-taxable","12":"purchasable","13":"product-type-simple"},"yoast_head":"<!-- This site is optimized with the Yoast SEO plugin v27.3 - https:\/\/yoast.com\/product\/yoast-seo-wordpress\/ -->\n<title>MNZ Manuka Honey MGO 50+ 500g Squeezy Bottle | Raw Manuka Honey<\/title>\n<meta name=\"description\" content=\"Raw MNZ Manuka honey MGO 50+ in a convenient 500 g squeezy bottle. Mild taste, independently tested and sourced from New Zealand.\" \/>\n<meta name=\"robots\" content=\"index, follow, max-snippet:-1, max-image-preview:large, max-video-preview:-1\" \/>\n<link rel=\"canonical\" href=\"https:\/\/www.manukanewzealand.com\/pt\/product\/manuka-honey-mgo-50-500gr\/\" \/>\n<meta property=\"og:locale\" content=\"pt_BR\" \/>\n<meta property=\"og:type\" content=\"article\" \/>\n<meta property=\"og:title\" content=\"MNZ Manuka Honey MGO 50+ 500g Squeezy Bottle | Raw Manuka Honey\" \/>\n<meta property=\"og:description\" content=\"Raw MNZ Manuka honey MGO 50+ in a convenient 500 g squeezy bottle. Mild taste, independently tested and sourced from New Zealand.\" \/>\n<meta property=\"og:url\" content=\"https:\/\/www.manukanewzealand.com\/pt\/product\/manuka-honey-mgo-50-500gr\/\" \/>\n<meta property=\"og:site_name\" content=\"MNZ - Manuka New Zealand - The Best Raw Manuka Honey | Global\" \/>\n<meta property=\"og:image\" content=\"https:\/\/www.manukanewzealand.com\/wp-content\/uploads\/2026\/02\/MGO-50-500gr.jpg\" \/>\n\t<meta property=\"og:image:width\" content=\"500\" \/>\n\t<meta property=\"og:image:height\" content=\"500\" \/>\n\t<meta property=\"og:image:type\" content=\"image\/jpeg\" \/>\n<meta name=\"twitter:card\" content=\"summary_large_image\" \/>\n<meta name=\"twitter:label1\" content=\"Pre\u00e7o\" \/>\n\t<meta name=\"twitter:data1\" content=\"&euro;34,50 incl. VAT\" \/>\n\t<meta name=\"twitter:label2\" content=\"Availability\" \/>\n\t<meta name=\"twitter:data2\" content=\"In stock\" \/>\n<script type=\"application\/ld+json\" class=\"yoast-schema-graph\">{\"@context\":\"https:\\\/\\\/schema.org\",\"@graph\":[{\"@type\":\"WebPage\",\"@id\":\"https:\\\/\\\/www.manukanewzealand.com\\\/product\\\/manuka-honey-mgo-50-500gr\\\/\",\"url\":\"https:\\\/\\\/www.manukanewzealand.com\\\/product\\\/manuka-honey-mgo-50-500gr\\\/\",\"name\":\"MNZ Manuka Honey MGO 50+ 500g Squeezy Bottle | Raw Manuka Honey\",\"isPartOf\":{\"@id\":\"https:\\\/\\\/www.manukanewzealand.com\\\/es\\\/#website\"},\"primaryImageOfPage\":{\"@id\":\"https:\\\/\\\/www.manukanewzealand.com\\\/product\\\/manuka-honey-mgo-50-500gr\\\/#primaryimage\"},\"image\":{\"@id\":\"https:\\\/\\\/www.manukanewzealand.com\\\/product\\\/manuka-honey-mgo-50-500gr\\\/#primaryimage\"},\"thumbnailUrl\":\"https:\\\/\\\/www.manukanewzealand.com\\\/wp-content\\\/uploads\\\/2026\\\/02\\\/MGO-50-500gr.jpg\",\"datePublished\":\"2026-02-17T13:13:15+00:00\",\"description\":\"Raw MNZ Manuka honey MGO 50+ in a convenient 500 g squeezy bottle. Mild taste, independently tested and sourced from New Zealand.\",\"breadcrumb\":{\"@id\":\"https:\\\/\\\/www.manukanewzealand.com\\\/product\\\/manuka-honey-mgo-50-500gr\\\/#breadcrumb\"},\"inLanguage\":\"pt-BR\",\"potentialAction\":[{\"@type\":\"ReadAction\",\"target\":[\"https:\\\/\\\/www.manukanewzealand.com\\\/product\\\/manuka-honey-mgo-50-500gr\\\/\"]}]},{\"@type\":\"ImageObject\",\"inLanguage\":\"pt-BR\",\"@id\":\"https:\\\/\\\/www.manukanewzealand.com\\\/product\\\/manuka-honey-mgo-50-500gr\\\/#primaryimage\",\"url\":\"https:\\\/\\\/www.manukanewzealand.com\\\/wp-content\\\/uploads\\\/2026\\\/02\\\/MGO-50-500gr.jpg\",\"contentUrl\":\"https:\\\/\\\/www.manukanewzealand.com\\\/wp-content\\\/uploads\\\/2026\\\/02\\\/MGO-50-500gr.jpg\",\"width\":500,\"height\":500},{\"@type\":\"BreadcrumbList\",\"@id\":\"https:\\\/\\\/www.manukanewzealand.com\\\/product\\\/manuka-honey-mgo-50-500gr\\\/#breadcrumb\",\"itemListElement\":[{\"@type\":\"ListItem\",\"position\":1,\"name\":\"Home\",\"item\":\"https:\\\/\\\/www.manukanewzealand.com\\\/\"},{\"@type\":\"ListItem\",\"position\":2,\"name\":\"MNZ Products\",\"item\":\"https:\\\/\\\/www.manukanewzealand.com\\\/mnz-products\\\/\"},{\"@type\":\"ListItem\",\"position\":3,\"name\":\"Manuka Honey MGO 50+ 500gr.\"}]},{\"@type\":\"WebSite\",\"@id\":\"https:\\\/\\\/www.manukanewzealand.com\\\/es\\\/#website\",\"url\":\"https:\\\/\\\/www.manukanewzealand.com\\\/es\\\/\",\"name\":\"MNZ - Manuka New Zealand - The Best Raw Manuka Honey | Global\",\"description\":\"\",\"publisher\":{\"@id\":\"https:\\\/\\\/www.manukanewzealand.com\\\/es\\\/#organization\"},\"potentialAction\":[{\"@type\":\"SearchAction\",\"target\":{\"@type\":\"EntryPoint\",\"urlTemplate\":\"https:\\\/\\\/www.manukanewzealand.com\\\/es\\\/?s={search_term_string}\"},\"query-input\":{\"@type\":\"PropertyValueSpecification\",\"valueRequired\":true,\"valueName\":\"search_term_string\"}}],\"inLanguage\":\"pt-BR\"},{\"@type\":\"Organization\",\"@id\":\"https:\\\/\\\/www.manukanewzealand.com\\\/es\\\/#organization\",\"name\":\"MNZ - Manuka New Zealand - The Best Raw Manuka Honey | Global\",\"url\":\"https:\\\/\\\/www.manukanewzealand.com\\\/es\\\/\",\"logo\":{\"@type\":\"ImageObject\",\"inLanguage\":\"pt-BR\",\"@id\":\"https:\\\/\\\/www.manukanewzealand.com\\\/es\\\/#\\\/schema\\\/logo\\\/image\\\/\",\"url\":\"https:\\\/\\\/www.manukanewzealand.com\\\/wp-content\\\/uploads\\\/2022\\\/11\\\/mnz-logo-200x200-1-1.png\",\"contentUrl\":\"https:\\\/\\\/www.manukanewzealand.com\\\/wp-content\\\/uploads\\\/2022\\\/11\\\/mnz-logo-200x200-1-1.png\",\"width\":200,\"height\":200,\"caption\":\"MNZ - Manuka New Zealand - The Best Raw Manuka Honey | Global\"},\"image\":{\"@id\":\"https:\\\/\\\/www.manukanewzealand.com\\\/es\\\/#\\\/schema\\\/logo\\\/image\\\/\"}}]}<\/script>\n<meta property=\"product:price:amount\" content=\"34.50\" \/>\n<meta property=\"product:price:currency\" content=\"EUR\" \/>\n<meta property=\"og:availability\" content=\"instock\" \/>\n<meta property=\"product:availability\" content=\"instock\" \/>\n<meta property=\"product:retailer_item_id\" content=\"MNZ024\" \/>\n<meta property=\"product:condition\" content=\"new\" \/>\n<!-- \/ Yoast SEO plugin. -->","yoast_head_json":{"title":"MNZ Manuka Honey MGO 50+ 500g Squeezy Bottle | Raw Manuka Honey","description":"Mel de Manuka cru MNZ MGO 50+ em uma conveniente garrafa squeezy de 500 g. Sabor suave, testado de forma independente e proveniente da Nova Zel\u00e2ndia.","robots":{"index":"index","follow":"follow","max-snippet":"max-snippet:-1","max-image-preview":"max-image-preview:large","max-video-preview":"max-video-preview:-1"},"canonical":"https:\/\/www.manukanewzealand.com\/pt\/product\/manuka-honey-mgo-50-500gr\/","og_locale":"pt_BR","og_type":"article","og_title":"MNZ Manuka Honey MGO 50+ 500g Squeezy Bottle | Raw Manuka Honey","og_description":"Raw MNZ Manuka honey MGO 50+ in a convenient 500 g squeezy bottle. Mild taste, independently tested and sourced from New Zealand.","og_url":"https:\/\/www.manukanewzealand.com\/pt\/product\/manuka-honey-mgo-50-500gr\/","og_site_name":"MNZ - Manuka New Zealand - The Best Raw Manuka Honey | Global","og_image":[{"width":500,"height":500,"url":"https:\/\/www.manukanewzealand.com\/wp-content\/uploads\/2026\/02\/MGO-50-500gr.jpg","type":"image\/jpeg"}],"twitter_card":"summary_large_image","twitter_misc":{"Pre\u00e7o":"&euro;34,50 incl. VAT","Availability":"In stock"},"schema":{"@context":"https:\/\/schema.org","@graph":[{"@type":"WebPage","@id":"https:\/\/www.manukanewzealand.com\/product\/manuka-honey-mgo-50-500gr\/","url":"https:\/\/www.manukanewzealand.com\/product\/manuka-honey-mgo-50-500gr\/","name":"MNZ Manuka Honey MGO 50+ 500g Squeezy Bottle | Raw Manuka Honey","isPartOf":{"@id":"https:\/\/www.manukanewzealand.com\/es\/#website"},"primaryImageOfPage":{"@id":"https:\/\/www.manukanewzealand.com\/product\/manuka-honey-mgo-50-500gr\/#primaryimage"},"image":{"@id":"https:\/\/www.manukanewzealand.com\/product\/manuka-honey-mgo-50-500gr\/#primaryimage"},"thumbnailUrl":"https:\/\/www.manukanewzealand.com\/wp-content\/uploads\/2026\/02\/MGO-50-500gr.jpg","datePublished":"2026-02-17T13:13:15+00:00","description":"Mel de Manuka cru MNZ MGO 50+ em uma conveniente garrafa squeezy de 500 g. Sabor suave, testado de forma independente e proveniente da Nova Zel\u00e2ndia.","breadcrumb":{"@id":"https:\/\/www.manukanewzealand.com\/product\/manuka-honey-mgo-50-500gr\/#breadcrumb"},"inLanguage":"pt-BR","potentialAction":[{"@type":"ReadAction","target":["https:\/\/www.manukanewzealand.com\/product\/manuka-honey-mgo-50-500gr\/"]}]},{"@type":"ImageObject","inLanguage":"pt-BR","@id":"https:\/\/www.manukanewzealand.com\/product\/manuka-honey-mgo-50-500gr\/#primaryimage","url":"https:\/\/www.manukanewzealand.com\/wp-content\/uploads\/2026\/02\/MGO-50-500gr.jpg","contentUrl":"https:\/\/www.manukanewzealand.com\/wp-content\/uploads\/2026\/02\/MGO-50-500gr.jpg","width":500,"height":500},{"@type":"BreadcrumbList","@id":"https:\/\/www.manukanewzealand.com\/product\/manuka-honey-mgo-50-500gr\/#breadcrumb","itemListElement":[{"@type":"ListItem","position":1,"name":"Home","item":"https:\/\/www.manukanewzealand.com\/"},{"@type":"ListItem","position":2,"name":"MNZ Products","item":"https:\/\/www.manukanewzealand.com\/mnz-products\/"},{"@type":"ListItem","position":3,"name":"Manuka Honey MGO 50+ 500gr."}]},{"@type":"WebSite","@id":"https:\/\/www.manukanewzealand.com\/es\/#website","url":"https:\/\/www.manukanewzealand.com\/es\/","name":"MNZ - Manuka New Zealand - O melhor mel de Manuka cru do mundo","description":"","publisher":{"@id":"https:\/\/www.manukanewzealand.com\/es\/#organization"},"potentialAction":[{"@type":"SearchAction","target":{"@type":"EntryPoint","urlTemplate":"https:\/\/www.manukanewzealand.com\/es\/?s={search_term_string}"},"query-input":{"@type":"PropertyValueSpecification","valueRequired":true,"valueName":"search_term_string"}}],"inLanguage":"pt-BR"},{"@type":"Organization","@id":"https:\/\/www.manukanewzealand.com\/es\/#organization","name":"MNZ - Manuka New Zealand - O melhor mel de Manuka cru do mundo","url":"https:\/\/www.manukanewzealand.com\/es\/","logo":{"@type":"ImageObject","inLanguage":"pt-BR","@id":"https:\/\/www.manukanewzealand.com\/es\/#\/schema\/logo\/image\/","url":"https:\/\/www.manukanewzealand.com\/wp-content\/uploads\/2022\/11\/mnz-logo-200x200-1-1.png","contentUrl":"https:\/\/www.manukanewzealand.com\/wp-content\/uploads\/2022\/11\/mnz-logo-200x200-1-1.png","width":200,"height":200,"caption":"MNZ - Manuka New Zealand - The Best Raw Manuka Honey | Global"},"image":{"@id":"https:\/\/www.manukanewzealand.com\/es\/#\/schema\/logo\/image\/"}}]},"product_price_amount":"34.50","product_price_currency":"EUR","og_availability":"instock","product_availability":"instock","product_retailer_item_id":"MNZ024","product_condition":"new"},"_links":{"self":[{"href":"https:\/\/www.manukanewzealand.com\/pt\/wp-json\/wp\/v2\/product\/35279","targetHints":{"allow":["GET"]}}],"collection":[{"href":"https:\/\/www.manukanewzealand.com\/pt\/wp-json\/wp\/v2\/product"}],"about":[{"href":"https:\/\/www.manukanewzealand.com\/pt\/wp-json\/wp\/v2\/types\/product"}],"replies":[{"embeddable":true,"href":"https:\/\/www.manukanewzealand.com\/pt\/wp-json\/wp\/v2\/comments?post=35279"}],"wp:featuredmedia":[{"embeddable":true,"href":"https:\/\/www.manukanewzealand.com\/pt\/wp-json\/wp\/v2\/media\/35280"}],"wp:attachment":[{"href":"https:\/\/www.manukanewzealand.com\/pt\/wp-json\/wp\/v2\/media?parent=35279"}],"wp:term":[{"taxonomy":"product_brand","embeddable":true,"href":"https:\/\/www.manukanewzealand.com\/pt\/wp-json\/wp\/v2\/product_brand?post=35279"},{"taxonomy":"product_cat","embeddable":true,"href":"https:\/\/www.manukanewzealand.com\/pt\/wp-json\/wp\/v2\/product_cat?post=35279"},{"taxonomy":"product_tag","embeddable":true,"href":"https:\/\/www.manukanewzealand.com\/pt\/wp-json\/wp\/v2\/product_tag?post=35279"}],"curies":[{"name":"wp","href":"https:\/\/api.w.org\/{rel}","templated":true}]}}