{"id":34206,"date":"2024-01-09T16:20:15","date_gmt":"2024-01-09T15:20:15","guid":{"rendered":"https:\/\/www.manukanewzealand.com\/?post_type=product&#038;p=34206"},"modified":"2026-02-17T14:06:08","modified_gmt":"2026-02-17T13:06:08","slug":"kanuka-essential-oil","status":"publish","type":"product","link":"https:\/\/www.manukanewzealand.com\/pt\/product\/kanuka-essential-oil\/","title":{"rendered":"\u00d3leo de Kanuka (\u00f3leo puro essencial 100%) (Kunzea ericoides)"},"content":{"rendered":"<h1>\u00d3leo de Kanuka MNZ - \u00d3leo Essencial Puro da Nova Zel\u00e2ndia<\/h1>\n<p><strong>\u00d3leo MNZ Kanuka<\/strong> \u00e9 um <strong>\u00d3leo essencial puro 100%<\/strong>, cuidadosamente destilado a vapor das folhas e dos galhos do arbusto Kanuka da Nova Zel\u00e2ndia (<em>Kunzea ericoides<\/em>). Colhido e produzido na regi\u00e3o de East Cape, na Nova Zel\u00e2ndia, esse \u00f3leo \u00e9 conhecido por seu aroma fresco, levemente picante e naturalmente vibrante.<\/p>\n<p><strong>Conte\u00fado:<\/strong> 10 ml<\/p>\n<h2>Por que escolher o \u00f3leo MNZ Kanuka?<\/h2>\n<p>MNZ \u00e9 sin\u00f4nimo de pureza, transpar\u00eancia e origem confi\u00e1vel. Nosso \u00f3leo de Kanuka \u00e9 obtido por meio de destila\u00e7\u00e3o a vapor suave, um m\u00e9todo que preserva os compostos arom\u00e1ticos naturais da planta.<\/p>\n<p>O \u00f3leo de kanuka tem um perfil arom\u00e1tico complexo, contendo naturalmente constituintes como o alfa-pineno, que contribui para seu aroma claro e refrescante. Sua caracter\u00edstica reflete o clima \u00fanico e a flora nativa da Nova Zel\u00e2ndia.<\/p>\n<p>O \u00f3leo \u00e9 totalmente puro, sem aditivos ou dilui\u00e7\u00e3o. O nome MNZ representa autenticidade, rastreabilidade total e um processo de produ\u00e7\u00e3o cuidadosamente gerenciado, desde a f\u00e1brica at\u00e9 a garrafa acabada.<\/p>\n<ul>\n<li>100% \u00f3leo essencial puro de Kanuka<\/li>\n<li>Destilado a vapor de Kunzea ericoides (folhas e galhos)<\/li>\n<li>Livre de aditivos e dilui\u00e7\u00e3o<\/li>\n<li>Perfil de aroma fresco e naturalmente arom\u00e1tico<\/li>\n<li>Obtido e produzido na Nova Zel\u00e2ndia<\/li>\n<\/ul>\n<h3>Uso<\/h3>\n<p>Somente para uso externo e aplica\u00e7\u00f5es arom\u00e1ticas.<br \/>\nPara aplica\u00e7\u00e3o na pele, sempre dilua com um \u00f3leo transportador adequado.<br \/>\nAdequado para uso em um difusor ou queimador de aroma, de acordo com as instru\u00e7\u00f5es.<\/p>\n<h3>Informa\u00e7\u00f5es importantes<\/h3>\n<p>Feche bem o frasco ap\u00f3s o uso. Armazene em um local fresco e seco, longe da luz solar direta.<br \/>\nManter fora do alcance de crian\u00e7as. Evite o contato com os olhos.<br \/>\nPara peles sens\u00edveis, recomenda-se um teste de contato antes do uso.<\/p>","protected":false},"excerpt":{"rendered":"<p>MNZ Kanuka Oil \u2013 Pure Essential Oil from New Zealand MNZ Kanuka Oil is a 100% pure essential oil, carefully steam distilled from the leaves and branches of the New Zealand Kanuka shrub (Kunzea ericoides). Harvested and produced in the East Cape region of New Zealand, this oil is known for its fresh, slightly spicy [&#8230;]\n","protected":false},"featured_media":34207,"comment_status":"closed","ping_status":"closed","template":"","meta":[],"product_brand":[],"product_cat":[113],"product_tag":[],"class_list":{"0":"post-34206","1":"product","2":"type-product","3":"status-publish","4":"has-post-thumbnail","6":"product_cat-uncategorized","8":"first","9":"instock","10":"taxable","11":"shipping-taxable","12":"purchasable","13":"product-type-simple"},"yoast_head":"<!-- This site is optimized with the Yoast SEO plugin v27.3 - https:\/\/yoast.com\/product\/yoast-seo-wordpress\/ -->\n<title>MNZ Kanuka Oil 10 ml | Pure Essential Kanuka Oil from New Zealand<\/title>\n<meta name=\"description\" content=\"100% pure Kanuka essential oil from New Zealand, steam distilled from Kunzea ericoides. Fresh, spicy aroma with alpha-pinene. No additives or dilution. 10 ml by MNZ.\" \/>\n<meta name=\"robots\" content=\"index, follow, max-snippet:-1, max-image-preview:large, max-video-preview:-1\" \/>\n<link rel=\"canonical\" href=\"https:\/\/www.manukanewzealand.com\/pt\/product\/kanuka-essential-oil\/\" \/>\n<meta property=\"og:locale\" content=\"pt_BR\" \/>\n<meta property=\"og:type\" content=\"article\" \/>\n<meta property=\"og:title\" content=\"MNZ Kanuka Oil 10 ml | Pure Essential Kanuka Oil from New Zealand\" \/>\n<meta property=\"og:description\" content=\"100% pure Kanuka essential oil from New Zealand, steam distilled from Kunzea ericoides. Fresh, spicy aroma with alpha-pinene. No additives or dilution. 10 ml by MNZ.\" \/>\n<meta property=\"og:url\" content=\"https:\/\/www.manukanewzealand.com\/pt\/product\/kanuka-essential-oil\/\" \/>\n<meta property=\"og:site_name\" content=\"MNZ - Manuka New Zealand - The Best Raw Manuka Honey | Global\" \/>\n<meta property=\"article:modified_time\" content=\"2026-02-17T13:06:08+00:00\" \/>\n<meta property=\"og:image\" content=\"https:\/\/www.manukanewzealand.com\/wp-content\/uploads\/2023\/11\/kanuka-essential-oil.webp\" \/>\n\t<meta property=\"og:image:width\" content=\"500\" \/>\n\t<meta property=\"og:image:height\" content=\"500\" \/>\n\t<meta property=\"og:image:type\" content=\"image\/webp\" \/>\n<meta name=\"twitter:card\" content=\"summary_large_image\" \/>\n<meta name=\"twitter:label1\" content=\"Pre\u00e7o\" \/>\n\t<meta name=\"twitter:data1\" content=\"&euro;29,95 incl. VAT\" \/>\n\t<meta name=\"twitter:label2\" content=\"Availability\" \/>\n\t<meta name=\"twitter:data2\" content=\"In stock\" \/>\n<script type=\"application\/ld+json\" class=\"yoast-schema-graph\">{\"@context\":\"https:\\\/\\\/schema.org\",\"@graph\":[{\"@type\":\"WebPage\",\"@id\":\"https:\\\/\\\/www.manukanewzealand.com\\\/product\\\/kanuka-essential-oil\\\/\",\"url\":\"https:\\\/\\\/www.manukanewzealand.com\\\/product\\\/kanuka-essential-oil\\\/\",\"name\":\"MNZ Kanuka Oil 10 ml | Pure Essential Kanuka Oil from New Zealand\",\"isPartOf\":{\"@id\":\"https:\\\/\\\/www.manukanewzealand.com\\\/es\\\/#website\"},\"primaryImageOfPage\":{\"@id\":\"https:\\\/\\\/www.manukanewzealand.com\\\/product\\\/kanuka-essential-oil\\\/#primaryimage\"},\"image\":{\"@id\":\"https:\\\/\\\/www.manukanewzealand.com\\\/product\\\/kanuka-essential-oil\\\/#primaryimage\"},\"thumbnailUrl\":\"https:\\\/\\\/www.manukanewzealand.com\\\/wp-content\\\/uploads\\\/2023\\\/11\\\/kanuka-essential-oil.webp\",\"datePublished\":\"2024-01-09T15:20:15+00:00\",\"dateModified\":\"2026-02-17T13:06:08+00:00\",\"description\":\"100% pure Kanuka essential oil from New Zealand, steam distilled from Kunzea ericoides. Fresh, spicy aroma with alpha-pinene. No additives or dilution. 10 ml by MNZ.\",\"breadcrumb\":{\"@id\":\"https:\\\/\\\/www.manukanewzealand.com\\\/product\\\/kanuka-essential-oil\\\/#breadcrumb\"},\"inLanguage\":\"pt-BR\",\"potentialAction\":[{\"@type\":\"ReadAction\",\"target\":[\"https:\\\/\\\/www.manukanewzealand.com\\\/product\\\/kanuka-essential-oil\\\/\"]}]},{\"@type\":\"ImageObject\",\"inLanguage\":\"pt-BR\",\"@id\":\"https:\\\/\\\/www.manukanewzealand.com\\\/product\\\/kanuka-essential-oil\\\/#primaryimage\",\"url\":\"https:\\\/\\\/www.manukanewzealand.com\\\/wp-content\\\/uploads\\\/2023\\\/11\\\/kanuka-essential-oil.webp\",\"contentUrl\":\"https:\\\/\\\/www.manukanewzealand.com\\\/wp-content\\\/uploads\\\/2023\\\/11\\\/kanuka-essential-oil.webp\",\"width\":500,\"height\":500},{\"@type\":\"BreadcrumbList\",\"@id\":\"https:\\\/\\\/www.manukanewzealand.com\\\/product\\\/kanuka-essential-oil\\\/#breadcrumb\",\"itemListElement\":[{\"@type\":\"ListItem\",\"position\":1,\"name\":\"Home\",\"item\":\"https:\\\/\\\/www.manukanewzealand.com\\\/\"},{\"@type\":\"ListItem\",\"position\":2,\"name\":\"MNZ Products\",\"item\":\"https:\\\/\\\/www.manukanewzealand.com\\\/mnz-products\\\/\"},{\"@type\":\"ListItem\",\"position\":3,\"name\":\"Kanuka Oil (100% essential pure oil) (Kunzea ericoides)\"}]},{\"@type\":\"WebSite\",\"@id\":\"https:\\\/\\\/www.manukanewzealand.com\\\/es\\\/#website\",\"url\":\"https:\\\/\\\/www.manukanewzealand.com\\\/es\\\/\",\"name\":\"MNZ - Manuka New Zealand - The Best Raw Manuka Honey | Global\",\"description\":\"\",\"publisher\":{\"@id\":\"https:\\\/\\\/www.manukanewzealand.com\\\/es\\\/#organization\"},\"potentialAction\":[{\"@type\":\"SearchAction\",\"target\":{\"@type\":\"EntryPoint\",\"urlTemplate\":\"https:\\\/\\\/www.manukanewzealand.com\\\/es\\\/?s={search_term_string}\"},\"query-input\":{\"@type\":\"PropertyValueSpecification\",\"valueRequired\":true,\"valueName\":\"search_term_string\"}}],\"inLanguage\":\"pt-BR\"},{\"@type\":\"Organization\",\"@id\":\"https:\\\/\\\/www.manukanewzealand.com\\\/es\\\/#organization\",\"name\":\"MNZ - Manuka New Zealand - The Best Raw Manuka Honey | Global\",\"url\":\"https:\\\/\\\/www.manukanewzealand.com\\\/es\\\/\",\"logo\":{\"@type\":\"ImageObject\",\"inLanguage\":\"pt-BR\",\"@id\":\"https:\\\/\\\/www.manukanewzealand.com\\\/es\\\/#\\\/schema\\\/logo\\\/image\\\/\",\"url\":\"https:\\\/\\\/www.manukanewzealand.com\\\/wp-content\\\/uploads\\\/2022\\\/11\\\/mnz-logo-200x200-1-1.png\",\"contentUrl\":\"https:\\\/\\\/www.manukanewzealand.com\\\/wp-content\\\/uploads\\\/2022\\\/11\\\/mnz-logo-200x200-1-1.png\",\"width\":200,\"height\":200,\"caption\":\"MNZ - Manuka New Zealand - The Best Raw Manuka Honey | Global\"},\"image\":{\"@id\":\"https:\\\/\\\/www.manukanewzealand.com\\\/es\\\/#\\\/schema\\\/logo\\\/image\\\/\"}}]}<\/script>\n<meta property=\"product:price:amount\" content=\"29.95\" \/>\n<meta property=\"product:price:currency\" content=\"EUR\" \/>\n<meta property=\"og:availability\" content=\"instock\" \/>\n<meta property=\"product:availability\" content=\"instock\" \/>\n<meta property=\"product:retailer_item_id\" content=\"MNZ204\" \/>\n<meta property=\"product:condition\" content=\"new\" \/>\n<!-- \/ Yoast SEO plugin. -->","yoast_head_json":{"title":"MNZ Kanuka Oil 10 ml | \u00d3leo essencial puro de Kanuka da Nova Zel\u00e2ndia","description":"100% \u00f3leo essencial puro de Kanuka da Nova Zel\u00e2ndia, destilado a vapor de Kunzea ericoides. Aroma fresco e picante com alfa-pineno. Sem aditivos ou dilui\u00e7\u00e3o. 10 ml por MNZ.","robots":{"index":"index","follow":"follow","max-snippet":"max-snippet:-1","max-image-preview":"max-image-preview:large","max-video-preview":"max-video-preview:-1"},"canonical":"https:\/\/www.manukanewzealand.com\/pt\/product\/kanuka-essential-oil\/","og_locale":"pt_BR","og_type":"article","og_title":"MNZ Kanuka Oil 10 ml | Pure Essential Kanuka Oil from New Zealand","og_description":"100% pure Kanuka essential oil from New Zealand, steam distilled from Kunzea ericoides. Fresh, spicy aroma with alpha-pinene. No additives or dilution. 10 ml by MNZ.","og_url":"https:\/\/www.manukanewzealand.com\/pt\/product\/kanuka-essential-oil\/","og_site_name":"MNZ - Manuka New Zealand - The Best Raw Manuka Honey | Global","article_modified_time":"2026-02-17T13:06:08+00:00","og_image":[{"width":500,"height":500,"url":"https:\/\/www.manukanewzealand.com\/wp-content\/uploads\/2023\/11\/kanuka-essential-oil.webp","type":"image\/webp"}],"twitter_card":"summary_large_image","twitter_misc":{"Pre\u00e7o":"&euro;29,95 incl. VAT","Availability":"In stock"},"schema":{"@context":"https:\/\/schema.org","@graph":[{"@type":"WebPage","@id":"https:\/\/www.manukanewzealand.com\/product\/kanuka-essential-oil\/","url":"https:\/\/www.manukanewzealand.com\/product\/kanuka-essential-oil\/","name":"MNZ Kanuka Oil 10 ml | \u00d3leo essencial puro de Kanuka da Nova Zel\u00e2ndia","isPartOf":{"@id":"https:\/\/www.manukanewzealand.com\/es\/#website"},"primaryImageOfPage":{"@id":"https:\/\/www.manukanewzealand.com\/product\/kanuka-essential-oil\/#primaryimage"},"image":{"@id":"https:\/\/www.manukanewzealand.com\/product\/kanuka-essential-oil\/#primaryimage"},"thumbnailUrl":"https:\/\/www.manukanewzealand.com\/wp-content\/uploads\/2023\/11\/kanuka-essential-oil.webp","datePublished":"2024-01-09T15:20:15+00:00","dateModified":"2026-02-17T13:06:08+00:00","description":"100% \u00f3leo essencial puro de Kanuka da Nova Zel\u00e2ndia, destilado a vapor de Kunzea ericoides. Aroma fresco e picante com alfa-pineno. Sem aditivos ou dilui\u00e7\u00e3o. 10 ml por MNZ.","breadcrumb":{"@id":"https:\/\/www.manukanewzealand.com\/product\/kanuka-essential-oil\/#breadcrumb"},"inLanguage":"pt-BR","potentialAction":[{"@type":"ReadAction","target":["https:\/\/www.manukanewzealand.com\/product\/kanuka-essential-oil\/"]}]},{"@type":"ImageObject","inLanguage":"pt-BR","@id":"https:\/\/www.manukanewzealand.com\/product\/kanuka-essential-oil\/#primaryimage","url":"https:\/\/www.manukanewzealand.com\/wp-content\/uploads\/2023\/11\/kanuka-essential-oil.webp","contentUrl":"https:\/\/www.manukanewzealand.com\/wp-content\/uploads\/2023\/11\/kanuka-essential-oil.webp","width":500,"height":500},{"@type":"BreadcrumbList","@id":"https:\/\/www.manukanewzealand.com\/product\/kanuka-essential-oil\/#breadcrumb","itemListElement":[{"@type":"ListItem","position":1,"name":"Home","item":"https:\/\/www.manukanewzealand.com\/"},{"@type":"ListItem","position":2,"name":"MNZ Products","item":"https:\/\/www.manukanewzealand.com\/mnz-products\/"},{"@type":"ListItem","position":3,"name":"Kanuka Oil (100% essential pure oil) (Kunzea ericoides)"}]},{"@type":"WebSite","@id":"https:\/\/www.manukanewzealand.com\/es\/#website","url":"https:\/\/www.manukanewzealand.com\/es\/","name":"MNZ - Manuka New Zealand - O melhor mel de Manuka cru do mundo","description":"","publisher":{"@id":"https:\/\/www.manukanewzealand.com\/es\/#organization"},"potentialAction":[{"@type":"SearchAction","target":{"@type":"EntryPoint","urlTemplate":"https:\/\/www.manukanewzealand.com\/es\/?s={search_term_string}"},"query-input":{"@type":"PropertyValueSpecification","valueRequired":true,"valueName":"search_term_string"}}],"inLanguage":"pt-BR"},{"@type":"Organization","@id":"https:\/\/www.manukanewzealand.com\/es\/#organization","name":"MNZ - Manuka New Zealand - O melhor mel de Manuka cru do mundo","url":"https:\/\/www.manukanewzealand.com\/es\/","logo":{"@type":"ImageObject","inLanguage":"pt-BR","@id":"https:\/\/www.manukanewzealand.com\/es\/#\/schema\/logo\/image\/","url":"https:\/\/www.manukanewzealand.com\/wp-content\/uploads\/2022\/11\/mnz-logo-200x200-1-1.png","contentUrl":"https:\/\/www.manukanewzealand.com\/wp-content\/uploads\/2022\/11\/mnz-logo-200x200-1-1.png","width":200,"height":200,"caption":"MNZ - Manuka New Zealand - The Best Raw Manuka Honey | Global"},"image":{"@id":"https:\/\/www.manukanewzealand.com\/es\/#\/schema\/logo\/image\/"}}]},"product_price_amount":"29.95","product_price_currency":"EUR","og_availability":"instock","product_availability":"instock","product_retailer_item_id":"MNZ204","product_condition":"new"},"_links":{"self":[{"href":"https:\/\/www.manukanewzealand.com\/pt\/wp-json\/wp\/v2\/product\/34206","targetHints":{"allow":["GET"]}}],"collection":[{"href":"https:\/\/www.manukanewzealand.com\/pt\/wp-json\/wp\/v2\/product"}],"about":[{"href":"https:\/\/www.manukanewzealand.com\/pt\/wp-json\/wp\/v2\/types\/product"}],"replies":[{"embeddable":true,"href":"https:\/\/www.manukanewzealand.com\/pt\/wp-json\/wp\/v2\/comments?post=34206"}],"wp:featuredmedia":[{"embeddable":true,"href":"https:\/\/www.manukanewzealand.com\/pt\/wp-json\/wp\/v2\/media\/34207"}],"wp:attachment":[{"href":"https:\/\/www.manukanewzealand.com\/pt\/wp-json\/wp\/v2\/media?parent=34206"}],"wp:term":[{"taxonomy":"product_brand","embeddable":true,"href":"https:\/\/www.manukanewzealand.com\/pt\/wp-json\/wp\/v2\/product_brand?post=34206"},{"taxonomy":"product_cat","embeddable":true,"href":"https:\/\/www.manukanewzealand.com\/pt\/wp-json\/wp\/v2\/product_cat?post=34206"},{"taxonomy":"product_tag","embeddable":true,"href":"https:\/\/www.manukanewzealand.com\/pt\/wp-json\/wp\/v2\/product_tag?post=34206"}],"curies":[{"name":"wp","href":"https:\/\/api.w.org\/{rel}","templated":true}]}}