{"id":3356,"date":"2024-01-19T07:01:00","date_gmt":"2024-01-19T06:01:00","guid":{"rendered":"https:\/\/www.manukahoney.eu\/?post_type=product&#038;p=3356"},"modified":"2026-02-17T13:51:01","modified_gmt":"2026-02-17T12:51:01","slug":"snappaks","status":"publish","type":"product","link":"https:\/\/www.manukanewzealand.com\/pt\/product\/snappaks\/","title":{"rendered":"Mel de Manuka MGO 100+ Snappaks"},"content":{"rendered":"<h1>MNZ Manuka Honey MGO 100+ Snappaks - Energia Monofloral Crua para viagem<\/h1>\n<p><strong>MNZ MGO 100+ Snappaks<\/strong> cont\u00e9m pr\u00eamio <strong>mel monofloral cru de Manuka<\/strong> com um m\u00ednimo garantido de <strong>100 mg\/kg Metilglioxal (MGO)<\/strong>. Em por\u00e7\u00f5es perfeitas para o uso di\u00e1rio, esportes, viagens ou sempre que desejar um aumento r\u00e1pido e natural de energia.<\/p>\n<p><strong>Conte\u00fado:<\/strong> 10 sach\u00eas de 5 gramas (total de 50 g)<\/p>\n<h2>Por que escolher o MNZ MGO 100+ Snappaks?<\/h2>\n<p>MNZ \u00e9 sin\u00f4nimo de pureza, transpar\u00eancia e origem neozelandesa confi\u00e1vel. Esse mel de Manuka \u00e9 obtido exclusivamente do n\u00e9ctar da flor de Manuka e cuidadosamente classificado de acordo com o reconhecido padr\u00e3o MGO.<\/p>\n<p>O MGO \u00e9 o composto natural que torna o mel de Manuka diferenciado. Com um MGO 100+ garantido, esses Snappaks oferecem um grau acess\u00edvel e confi\u00e1vel em um formato conveniente de dose \u00fanica.<\/p>\n<p>O mel \u00e9 100% cru, n\u00e3o filtrado e n\u00e3o pasteurizado, preservando seu sabor e car\u00e1ter naturais. Os sach\u00eas compactos s\u00e3o f\u00e1ceis de transportar e simples de usar - ideais para atletas, viajantes, dias de trabalho agitados ou como um pequeno lanche natural.<\/p>\n<p>Nossas colmeias est\u00e3o localizadas em regi\u00f5es remotas e intocadas da Nova Zel\u00e2ndia. Cada lote \u00e9 testado em laborat\u00f3rio de forma independente para confirmar o n\u00edvel de MGO e o status monofloral. O nome MNZ e o selo dourado MGO representam autenticidade e qualidade consistente.<\/p>\n<ul>\n<li>10 convenientes 5 g Snappaks<\/li>\n<li>Mel de Manuka monofloral cru<\/li>\n<li>MGO m\u00ednimo garantido 100+<\/li>\n<li>100% puro, n\u00e3o filtrado e n\u00e3o pasteurizado<\/li>\n<li>Ideal para esportes, viagens ou uso di\u00e1rio<\/li>\n<li>Colhido, embalado e rotulado na Nova Zel\u00e2ndia<\/li>\n<\/ul>\n<h3>Ingredientes<\/h3>\n<p>Mel de Manuka monofloral cru<\/p>\n<h3>Valores nutricionais por 100 g<\/h3>\n<ul>\n<li>Energia: 1400 kJ \/ 335 kcal<\/li>\n<li>Gordura: 0,0 g<\/li>\n<li>dos quais saturados: 0.0 g<\/li>\n<li>Carboidratos: 82.1 g<\/li>\n<li>dos quais a\u00e7\u00facares: 82,1 g<\/li>\n<li>Prote\u00edna: 0,0 g<\/li>\n<li>Fibra: 0,0 g<\/li>\n<li>Sal: 0,03 g<\/li>\n<\/ul>","protected":false},"excerpt":{"rendered":"<h2>MNZ\u2019s monofloral Manuka Honey<\/h2>\n<p>Available in 10 x 5 gr.<\/p>\n<p>MNZ &#8211; Monofloral Manuka Honey Snappak<br \/>\nHandy size snappak with 5gr each. Manuka Honey MGO 100+<\/p>\n<p>Content: monofloral manuka honey<\/p>\n<p>Nutritional value per 100 gr .: 1400 kj \/ 335 Kcal, 0.0 protein, 0.0 gr. fat, 82.1 gr. carbohydrates; of which 82.1 gr. sugars, 0 gr. fiber and 0.03 gr. salt.<\/p>","protected":false},"featured_media":35198,"comment_status":"closed","ping_status":"closed","template":"","meta":[],"product_brand":[],"product_cat":[113],"product_tag":[],"class_list":{"0":"post-3356","1":"product","2":"type-product","3":"status-publish","4":"has-post-thumbnail","6":"product_cat-uncategorized","8":"first","9":"instock","10":"taxable","11":"shipping-taxable","12":"purchasable","13":"product-type-simple"},"yoast_head":"<!-- This site is optimized with the Yoast SEO plugin v27.3 - https:\/\/yoast.com\/product\/yoast-seo-wordpress\/ -->\n<title>MNZ Manuka Honey Snappaks MGO 100+ 10 x 5 g | Raw Monofloral Manuka Honey New Zealand<\/title>\n<meta name=\"description\" content=\"Raw monofloral Manuka honey Snappaks with guaranteed MGO 100+ (10 x 5 g). Unfiltered, unpasteurised and batch tested. Perfect for sport, travel and daily use.\" \/>\n<meta name=\"robots\" content=\"index, follow, max-snippet:-1, max-image-preview:large, max-video-preview:-1\" \/>\n<link rel=\"canonical\" href=\"https:\/\/www.manukanewzealand.com\/pt\/product\/snappaks\/\" \/>\n<meta property=\"og:locale\" content=\"pt_BR\" \/>\n<meta property=\"og:type\" content=\"article\" \/>\n<meta property=\"og:title\" content=\"MNZ Manuka Honey Snappaks MGO 100+ 10 x 5 g | Raw Monofloral Manuka Honey New Zealand\" \/>\n<meta property=\"og:description\" content=\"Raw monofloral Manuka honey Snappaks with guaranteed MGO 100+ (10 x 5 g). Unfiltered, unpasteurised and batch tested. Perfect for sport, travel and daily use.\" \/>\n<meta property=\"og:url\" content=\"https:\/\/www.manukanewzealand.com\/pt\/product\/snappaks\/\" \/>\n<meta property=\"og:site_name\" content=\"MNZ - Manuka New Zealand - The Best Raw Manuka Honey | Global\" \/>\n<meta property=\"article:modified_time\" content=\"2026-02-17T12:51:01+00:00\" \/>\n<meta property=\"og:image\" content=\"https:\/\/www.manukanewzealand.com\/wp-content\/uploads\/2024\/01\/MNZ-Manuka-Honey-Snappacks.jpg\" \/>\n\t<meta property=\"og:image:width\" content=\"500\" \/>\n\t<meta property=\"og:image:height\" content=\"500\" \/>\n\t<meta property=\"og:image:type\" content=\"image\/jpeg\" \/>\n<meta name=\"twitter:card\" content=\"summary_large_image\" \/>\n<meta name=\"twitter:label1\" content=\"Pre\u00e7o\" \/>\n\t<meta name=\"twitter:data1\" content=\"&euro;22,50 incl. VAT\" \/>\n\t<meta name=\"twitter:label2\" content=\"Availability\" \/>\n\t<meta name=\"twitter:data2\" content=\"In stock\" \/>\n<script type=\"application\/ld+json\" class=\"yoast-schema-graph\">{\"@context\":\"https:\\\/\\\/schema.org\",\"@graph\":[{\"@type\":\"WebPage\",\"@id\":\"https:\\\/\\\/www.manukanewzealand.com\\\/product\\\/snappaks\\\/\",\"url\":\"https:\\\/\\\/www.manukanewzealand.com\\\/product\\\/snappaks\\\/\",\"name\":\"MNZ Manuka Honey Snappaks MGO 100+ 10 x 5 g | Raw Monofloral Manuka Honey New Zealand\",\"isPartOf\":{\"@id\":\"https:\\\/\\\/www.manukanewzealand.com\\\/es\\\/#website\"},\"primaryImageOfPage\":{\"@id\":\"https:\\\/\\\/www.manukanewzealand.com\\\/product\\\/snappaks\\\/#primaryimage\"},\"image\":{\"@id\":\"https:\\\/\\\/www.manukanewzealand.com\\\/product\\\/snappaks\\\/#primaryimage\"},\"thumbnailUrl\":\"https:\\\/\\\/www.manukanewzealand.com\\\/wp-content\\\/uploads\\\/2024\\\/01\\\/MNZ-Manuka-Honey-Snappacks.jpg\",\"datePublished\":\"2024-01-19T06:01:00+00:00\",\"dateModified\":\"2026-02-17T12:51:01+00:00\",\"description\":\"Raw monofloral Manuka honey Snappaks with guaranteed MGO 100+ (10 x 5 g). Unfiltered, unpasteurised and batch tested. Perfect for sport, travel and daily use.\",\"breadcrumb\":{\"@id\":\"https:\\\/\\\/www.manukanewzealand.com\\\/product\\\/snappaks\\\/#breadcrumb\"},\"inLanguage\":\"pt-BR\",\"potentialAction\":[{\"@type\":\"ReadAction\",\"target\":[\"https:\\\/\\\/www.manukanewzealand.com\\\/product\\\/snappaks\\\/\"]}]},{\"@type\":\"ImageObject\",\"inLanguage\":\"pt-BR\",\"@id\":\"https:\\\/\\\/www.manukanewzealand.com\\\/product\\\/snappaks\\\/#primaryimage\",\"url\":\"https:\\\/\\\/www.manukanewzealand.com\\\/wp-content\\\/uploads\\\/2024\\\/01\\\/MNZ-Manuka-Honey-Snappacks.jpg\",\"contentUrl\":\"https:\\\/\\\/www.manukanewzealand.com\\\/wp-content\\\/uploads\\\/2024\\\/01\\\/MNZ-Manuka-Honey-Snappacks.jpg\",\"width\":500,\"height\":500},{\"@type\":\"BreadcrumbList\",\"@id\":\"https:\\\/\\\/www.manukanewzealand.com\\\/product\\\/snappaks\\\/#breadcrumb\",\"itemListElement\":[{\"@type\":\"ListItem\",\"position\":1,\"name\":\"Home\",\"item\":\"https:\\\/\\\/www.manukanewzealand.com\\\/\"},{\"@type\":\"ListItem\",\"position\":2,\"name\":\"MNZ Products\",\"item\":\"https:\\\/\\\/www.manukanewzealand.com\\\/mnz-products\\\/\"},{\"@type\":\"ListItem\",\"position\":3,\"name\":\"Manuka Honey MGO 100+ Snappaks\"}]},{\"@type\":\"WebSite\",\"@id\":\"https:\\\/\\\/www.manukanewzealand.com\\\/es\\\/#website\",\"url\":\"https:\\\/\\\/www.manukanewzealand.com\\\/es\\\/\",\"name\":\"MNZ - Manuka New Zealand - The Best Raw Manuka Honey | Global\",\"description\":\"\",\"publisher\":{\"@id\":\"https:\\\/\\\/www.manukanewzealand.com\\\/es\\\/#organization\"},\"potentialAction\":[{\"@type\":\"SearchAction\",\"target\":{\"@type\":\"EntryPoint\",\"urlTemplate\":\"https:\\\/\\\/www.manukanewzealand.com\\\/es\\\/?s={search_term_string}\"},\"query-input\":{\"@type\":\"PropertyValueSpecification\",\"valueRequired\":true,\"valueName\":\"search_term_string\"}}],\"inLanguage\":\"pt-BR\"},{\"@type\":\"Organization\",\"@id\":\"https:\\\/\\\/www.manukanewzealand.com\\\/es\\\/#organization\",\"name\":\"MNZ - Manuka New Zealand - The Best Raw Manuka Honey | Global\",\"url\":\"https:\\\/\\\/www.manukanewzealand.com\\\/es\\\/\",\"logo\":{\"@type\":\"ImageObject\",\"inLanguage\":\"pt-BR\",\"@id\":\"https:\\\/\\\/www.manukanewzealand.com\\\/es\\\/#\\\/schema\\\/logo\\\/image\\\/\",\"url\":\"https:\\\/\\\/www.manukanewzealand.com\\\/wp-content\\\/uploads\\\/2022\\\/11\\\/mnz-logo-200x200-1-1.png\",\"contentUrl\":\"https:\\\/\\\/www.manukanewzealand.com\\\/wp-content\\\/uploads\\\/2022\\\/11\\\/mnz-logo-200x200-1-1.png\",\"width\":200,\"height\":200,\"caption\":\"MNZ - Manuka New Zealand - The Best Raw Manuka Honey | Global\"},\"image\":{\"@id\":\"https:\\\/\\\/www.manukanewzealand.com\\\/es\\\/#\\\/schema\\\/logo\\\/image\\\/\"}}]}<\/script>\n<meta property=\"product:price:amount\" content=\"22.50\" \/>\n<meta property=\"product:price:currency\" content=\"EUR\" \/>\n<meta property=\"og:availability\" content=\"instock\" \/>\n<meta property=\"product:availability\" content=\"instock\" \/>\n<meta property=\"product:retailer_item_id\" content=\"MNZ001.SP.1.10\" \/>\n<meta property=\"product:condition\" content=\"new\" \/>\n<!-- \/ Yoast SEO plugin. -->","yoast_head_json":{"title":"MNZ Manuka Honey Snappaks MGO 100+ 10 x 5 g | Raw Monofloral Manuka Honey New Zealand","description":"Snappaks de mel de Manuka monofloral cru com garantia de MGO 100+ (10 x 5 g). N\u00e3o filtrado, n\u00e3o pasteurizado e testado em lote. Perfeito para esportes, viagens e uso di\u00e1rio.","robots":{"index":"index","follow":"follow","max-snippet":"max-snippet:-1","max-image-preview":"max-image-preview:large","max-video-preview":"max-video-preview:-1"},"canonical":"https:\/\/www.manukanewzealand.com\/pt\/product\/snappaks\/","og_locale":"pt_BR","og_type":"article","og_title":"MNZ Manuka Honey Snappaks MGO 100+ 10 x 5 g | Raw Monofloral Manuka Honey New Zealand","og_description":"Raw monofloral Manuka honey Snappaks with guaranteed MGO 100+ (10 x 5 g). Unfiltered, unpasteurised and batch tested. Perfect for sport, travel and daily use.","og_url":"https:\/\/www.manukanewzealand.com\/pt\/product\/snappaks\/","og_site_name":"MNZ - Manuka New Zealand - The Best Raw Manuka Honey | Global","article_modified_time":"2026-02-17T12:51:01+00:00","og_image":[{"width":500,"height":500,"url":"https:\/\/www.manukanewzealand.com\/wp-content\/uploads\/2024\/01\/MNZ-Manuka-Honey-Snappacks.jpg","type":"image\/jpeg"}],"twitter_card":"summary_large_image","twitter_misc":{"Pre\u00e7o":"&euro;22,50 incl. VAT","Availability":"In stock"},"schema":{"@context":"https:\/\/schema.org","@graph":[{"@type":"WebPage","@id":"https:\/\/www.manukanewzealand.com\/product\/snappaks\/","url":"https:\/\/www.manukanewzealand.com\/product\/snappaks\/","name":"MNZ Manuka Honey Snappaks MGO 100+ 10 x 5 g | Raw Monofloral Manuka Honey New Zealand","isPartOf":{"@id":"https:\/\/www.manukanewzealand.com\/es\/#website"},"primaryImageOfPage":{"@id":"https:\/\/www.manukanewzealand.com\/product\/snappaks\/#primaryimage"},"image":{"@id":"https:\/\/www.manukanewzealand.com\/product\/snappaks\/#primaryimage"},"thumbnailUrl":"https:\/\/www.manukanewzealand.com\/wp-content\/uploads\/2024\/01\/MNZ-Manuka-Honey-Snappacks.jpg","datePublished":"2024-01-19T06:01:00+00:00","dateModified":"2026-02-17T12:51:01+00:00","description":"Snappaks de mel de Manuka monofloral cru com garantia de MGO 100+ (10 x 5 g). N\u00e3o filtrado, n\u00e3o pasteurizado e testado em lote. Perfeito para esportes, viagens e uso di\u00e1rio.","breadcrumb":{"@id":"https:\/\/www.manukanewzealand.com\/product\/snappaks\/#breadcrumb"},"inLanguage":"pt-BR","potentialAction":[{"@type":"ReadAction","target":["https:\/\/www.manukanewzealand.com\/product\/snappaks\/"]}]},{"@type":"ImageObject","inLanguage":"pt-BR","@id":"https:\/\/www.manukanewzealand.com\/product\/snappaks\/#primaryimage","url":"https:\/\/www.manukanewzealand.com\/wp-content\/uploads\/2024\/01\/MNZ-Manuka-Honey-Snappacks.jpg","contentUrl":"https:\/\/www.manukanewzealand.com\/wp-content\/uploads\/2024\/01\/MNZ-Manuka-Honey-Snappacks.jpg","width":500,"height":500},{"@type":"BreadcrumbList","@id":"https:\/\/www.manukanewzealand.com\/product\/snappaks\/#breadcrumb","itemListElement":[{"@type":"ListItem","position":1,"name":"Home","item":"https:\/\/www.manukanewzealand.com\/"},{"@type":"ListItem","position":2,"name":"MNZ Products","item":"https:\/\/www.manukanewzealand.com\/mnz-products\/"},{"@type":"ListItem","position":3,"name":"Manuka Honey MGO 100+ Snappaks"}]},{"@type":"WebSite","@id":"https:\/\/www.manukanewzealand.com\/es\/#website","url":"https:\/\/www.manukanewzealand.com\/es\/","name":"MNZ - Manuka New Zealand - O melhor mel de Manuka cru do mundo","description":"","publisher":{"@id":"https:\/\/www.manukanewzealand.com\/es\/#organization"},"potentialAction":[{"@type":"SearchAction","target":{"@type":"EntryPoint","urlTemplate":"https:\/\/www.manukanewzealand.com\/es\/?s={search_term_string}"},"query-input":{"@type":"PropertyValueSpecification","valueRequired":true,"valueName":"search_term_string"}}],"inLanguage":"pt-BR"},{"@type":"Organization","@id":"https:\/\/www.manukanewzealand.com\/es\/#organization","name":"MNZ - Manuka New Zealand - O melhor mel de Manuka cru do mundo","url":"https:\/\/www.manukanewzealand.com\/es\/","logo":{"@type":"ImageObject","inLanguage":"pt-BR","@id":"https:\/\/www.manukanewzealand.com\/es\/#\/schema\/logo\/image\/","url":"https:\/\/www.manukanewzealand.com\/wp-content\/uploads\/2022\/11\/mnz-logo-200x200-1-1.png","contentUrl":"https:\/\/www.manukanewzealand.com\/wp-content\/uploads\/2022\/11\/mnz-logo-200x200-1-1.png","width":200,"height":200,"caption":"MNZ - Manuka New Zealand - The Best Raw Manuka Honey | Global"},"image":{"@id":"https:\/\/www.manukanewzealand.com\/es\/#\/schema\/logo\/image\/"}}]},"product_price_amount":"22.50","product_price_currency":"EUR","og_availability":"instock","product_availability":"instock","product_retailer_item_id":"MNZ001.SP.1.10","product_condition":"new"},"_links":{"self":[{"href":"https:\/\/www.manukanewzealand.com\/pt\/wp-json\/wp\/v2\/product\/3356","targetHints":{"allow":["GET"]}}],"collection":[{"href":"https:\/\/www.manukanewzealand.com\/pt\/wp-json\/wp\/v2\/product"}],"about":[{"href":"https:\/\/www.manukanewzealand.com\/pt\/wp-json\/wp\/v2\/types\/product"}],"replies":[{"embeddable":true,"href":"https:\/\/www.manukanewzealand.com\/pt\/wp-json\/wp\/v2\/comments?post=3356"}],"wp:featuredmedia":[{"embeddable":true,"href":"https:\/\/www.manukanewzealand.com\/pt\/wp-json\/wp\/v2\/media\/35198"}],"wp:attachment":[{"href":"https:\/\/www.manukanewzealand.com\/pt\/wp-json\/wp\/v2\/media?parent=3356"}],"wp:term":[{"taxonomy":"product_brand","embeddable":true,"href":"https:\/\/www.manukanewzealand.com\/pt\/wp-json\/wp\/v2\/product_brand?post=3356"},{"taxonomy":"product_cat","embeddable":true,"href":"https:\/\/www.manukanewzealand.com\/pt\/wp-json\/wp\/v2\/product_cat?post=3356"},{"taxonomy":"product_tag","embeddable":true,"href":"https:\/\/www.manukanewzealand.com\/pt\/wp-json\/wp\/v2\/product_tag?post=3356"}],"curies":[{"name":"wp","href":"https:\/\/api.w.org\/{rel}","templated":true}]}}