{"id":27115,"date":"2024-01-21T05:03:04","date_gmt":"2024-01-21T04:03:04","guid":{"rendered":"https:\/\/www.manukahoney.eu\/?post_type=product&#038;p=27115"},"modified":"2026-03-19T11:47:50","modified_gmt":"2026-03-19T10:47:50","slug":"mgo-1200-manuka-honey-250gr","status":"publish","type":"product","link":"https:\/\/www.manukanewzealand.com\/pt\/product\/mgo-1200-manuka-honey-250gr\/","title":{"rendered":"MGO 1200+ Manuka Honey 250gr."},"content":{"rendered":"<h1>MNZ Manuka Honey MGO 1200+ - Manuka Monofloral Crua de For\u00e7a Ultra-Alta da Nova Zel\u00e2ndia<\/h1>\n<p><strong>MNZ MGO 1200+<\/strong> \u00e9 um produto ultra-premium <strong>mel monofloral cru de Manuka<\/strong> com um m\u00ednimo garantido de <strong>1200 mg\/kg Metilglioxal (MGO)<\/strong>. Esse \u00e9 um grau excepcionalmente alto e raro para aqueles que escolhem o mel de Manuka genu\u00edno no n\u00edvel mais alto da linha.<\/p>\n<p><strong>Dispon\u00edvel em:<\/strong> 250 gramas<\/p>\n<h2>Por que escolher o MNZ MGO 1200+?<\/h2>\n<p>MNZ \u00e9 sin\u00f4nimo de pureza, transpar\u00eancia e origem neozelandesa confi\u00e1vel. Esse mel nunca \u00e9 misturado, dilu\u00eddo ou muito processado. Ele \u00e9 obtido exclusivamente do n\u00e9ctar da flor de Manuka e classificado de acordo com o reconhecido padr\u00e3o MGO.<\/p>\n<p>O valor de MGO reflete a concentra\u00e7\u00e3o natural de metilglioxal, o composto que torna o mel de Manuka diferenciado. Com um MGO 1200+ garantido, esse grau oferece um n\u00edvel extremamente concentrado dentro do espectro premium do Manuka.<\/p>\n<p>Nossas colmeias est\u00e3o localizadas em regi\u00f5es remotas e intocadas da Nova Zel\u00e2ndia, longe da agricultura intensiva e da polui\u00e7\u00e3o ambiental. Cada lote \u00e9 testado em laborat\u00f3rio de forma independente para confirmar seu n\u00edvel de MGO e verificar seu status monofloral. O r\u00f3tulo MNZ e o selo dourado MGO representam total rastreabilidade e qualidade consistentemente excepcional, da colmeia ao frasco.<\/p>\n<ul>\n<li>100% cru, n\u00e3o aquecido e n\u00e3o pasteurizado<\/li>\n<li>Mel de Manuka monofloral certificado<\/li>\n<li>MGO m\u00ednimo garantido de 1200+<\/li>\n<li>Testado em laborat\u00f3rio de forma independente<\/li>\n<li>Colhido, embalado e rotulado na Nova Zel\u00e2ndia<\/li>\n<\/ul>\n<h3>Ingredientes<\/h3>\n<p>Mel de Manuka monofloral cru<\/p>\n<h3>Valores nutricionais por 100 g<\/h3>\n<ul>\n<li>Energia: 1400 kJ \/ 335 kcal<\/li>\n<li>Gordura: 0,0 g<\/li>\n<li>dos quais saturados: 0.0 g<\/li>\n<li>Carboidratos: 82.1 g<\/li>\n<li>dos quais a\u00e7\u00facares: 82,1 g<\/li>\n<li>Prote\u00edna: 0,0 g<\/li>\n<li>Fibra: 0,0 g<\/li>\n<li>Sal: 0,03 g<\/li>\n<\/ul>","protected":false},"excerpt":{"rendered":"<h2>MGO 1200+ Manuka Honey 250gr.<\/h2>\n<p>MNZ\u2019s monofloral MGO 1200+ Manuka Honey contains at least 1200 mg\/kg Methylgyloxal (MGO)<\/p>\n<p>Available in 250 gr.<\/p>\n<p><strong>Monofloral MGO Manuka Honey<\/strong><br \/>\nMNZ only produces raw, monofloral MGO Manuka Honey, which is classified according to the present values \u200b\u200bof Methylglyoxal (MGO) in mg\/kg. Methylglyoxal (MGO) has been shown through scientific research that this compound occurs naturally in MGO Manuka Honey and is responsible for the high availability and large amounts of bio-active natural substances that benefit the quality of Manuka Honey. The higher the values \u200b\u200bof MGO Manuka Honey, the more bio-active substances are present. Collected from beehives in remote, pristine areas of New Zealand, each batch of MGO Manuka Honey is tested and certified to ensure levels of Methylglyoxal (shown as the MGO number). This guarantees the authenticity and bio-active power of each product. MNZ guarantees the high grade quality of its Manuka Honingen and can be recognized by the MNZ logo and the golden MGO guarantee indication.<\/p>\n<p>Content: raw monofloral manuka honey<\/p>\n<p>Nutritional value per 100 gr .: 1400 kj \/ 335 Kcal, 0.0 protein, 0.0 gr. fat, 82.1 gr. carbohydrates; of which 82.1 gr. sugars, 0 gr. fiber and 0.03 gr. salt.<\/p>","protected":false},"featured_media":33861,"comment_status":"closed","ping_status":"closed","template":"","meta":[],"product_brand":[],"product_cat":[113],"product_tag":[],"class_list":{"0":"post-27115","1":"product","2":"type-product","3":"status-publish","4":"has-post-thumbnail","6":"product_cat-uncategorized","8":"first","9":"instock","10":"taxable","11":"shipping-taxable","12":"purchasable","13":"product-type-simple"},"yoast_head":"<!-- This site is optimized with the Yoast SEO plugin v27.3 - https:\/\/yoast.com\/product\/yoast-seo-wordpress\/ -->\n<title>MNZ Manuka Honey MGO 1200+ 250 g | Raw Monofloral Manuka Honey New Zealand<\/title>\n<meta name=\"description\" content=\"Ultra-premium raw monofloral Manuka honey with guaranteed MGO 1200+. Independently tested, unprocessed and harvested in remote New Zealand regions. 250 g jar by MNZ.\" \/>\n<meta name=\"robots\" content=\"index, follow, max-snippet:-1, max-image-preview:large, max-video-preview:-1\" \/>\n<link rel=\"canonical\" href=\"https:\/\/www.manukanewzealand.com\/pt\/product\/mgo-1200-manuka-honey-250gr\/\" \/>\n<meta property=\"og:locale\" content=\"pt_BR\" \/>\n<meta property=\"og:type\" content=\"article\" \/>\n<meta property=\"og:title\" content=\"MNZ Manuka Honey MGO 1200+ 250 g | Raw Monofloral Manuka Honey New Zealand\" \/>\n<meta property=\"og:description\" content=\"Ultra-premium raw monofloral Manuka honey with guaranteed MGO 1200+. Independently tested, unprocessed and harvested in remote New Zealand regions. 250 g jar by MNZ.\" \/>\n<meta property=\"og:url\" content=\"https:\/\/www.manukanewzealand.com\/pt\/product\/mgo-1200-manuka-honey-250gr\/\" \/>\n<meta property=\"og:site_name\" content=\"MNZ - Manuka New Zealand - The Best Raw Manuka Honey | Global\" \/>\n<meta property=\"article:modified_time\" content=\"2026-03-19T10:47:50+00:00\" \/>\n<meta property=\"og:image\" content=\"https:\/\/www.manukanewzealand.com\/wp-content\/uploads\/2022\/07\/manukahoney-mnz1200-250g-1.webp\" \/>\n\t<meta property=\"og:image:width\" content=\"500\" \/>\n\t<meta property=\"og:image:height\" content=\"500\" \/>\n\t<meta property=\"og:image:type\" content=\"image\/webp\" \/>\n<meta name=\"twitter:card\" content=\"summary_large_image\" \/>\n<meta name=\"twitter:label1\" content=\"Pre\u00e7o\" \/>\n\t<meta name=\"twitter:data1\" content=\"&euro;225,00 incl. VAT\" \/>\n\t<meta name=\"twitter:label2\" content=\"Availability\" \/>\n\t<meta name=\"twitter:data2\" content=\"In stock\" \/>\n<script type=\"application\/ld+json\" class=\"yoast-schema-graph\">{\"@context\":\"https:\\\/\\\/schema.org\",\"@graph\":[{\"@type\":\"WebPage\",\"@id\":\"https:\\\/\\\/www.manukanewzealand.com\\\/product\\\/mgo-1200-manuka-honey-250gr\\\/\",\"url\":\"https:\\\/\\\/www.manukanewzealand.com\\\/product\\\/mgo-1200-manuka-honey-250gr\\\/\",\"name\":\"MNZ Manuka Honey MGO 1200+ 250 g | Raw Monofloral Manuka Honey New Zealand\",\"isPartOf\":{\"@id\":\"https:\\\/\\\/www.manukanewzealand.com\\\/es\\\/#website\"},\"primaryImageOfPage\":{\"@id\":\"https:\\\/\\\/www.manukanewzealand.com\\\/product\\\/mgo-1200-manuka-honey-250gr\\\/#primaryimage\"},\"image\":{\"@id\":\"https:\\\/\\\/www.manukanewzealand.com\\\/product\\\/mgo-1200-manuka-honey-250gr\\\/#primaryimage\"},\"thumbnailUrl\":\"https:\\\/\\\/www.manukanewzealand.com\\\/wp-content\\\/uploads\\\/2022\\\/07\\\/manukahoney-mnz1200-250g-1.webp\",\"datePublished\":\"2024-01-21T04:03:04+00:00\",\"dateModified\":\"2026-03-19T10:47:50+00:00\",\"description\":\"Ultra-premium raw monofloral Manuka honey with guaranteed MGO 1200+. Independently tested, unprocessed and harvested in remote New Zealand regions. 250 g jar by MNZ.\",\"breadcrumb\":{\"@id\":\"https:\\\/\\\/www.manukanewzealand.com\\\/product\\\/mgo-1200-manuka-honey-250gr\\\/#breadcrumb\"},\"inLanguage\":\"pt-BR\",\"potentialAction\":[{\"@type\":\"ReadAction\",\"target\":[\"https:\\\/\\\/www.manukanewzealand.com\\\/product\\\/mgo-1200-manuka-honey-250gr\\\/\"]}]},{\"@type\":\"ImageObject\",\"inLanguage\":\"pt-BR\",\"@id\":\"https:\\\/\\\/www.manukanewzealand.com\\\/product\\\/mgo-1200-manuka-honey-250gr\\\/#primaryimage\",\"url\":\"https:\\\/\\\/www.manukanewzealand.com\\\/wp-content\\\/uploads\\\/2022\\\/07\\\/manukahoney-mnz1200-250g-1.webp\",\"contentUrl\":\"https:\\\/\\\/www.manukanewzealand.com\\\/wp-content\\\/uploads\\\/2022\\\/07\\\/manukahoney-mnz1200-250g-1.webp\",\"width\":500,\"height\":500},{\"@type\":\"BreadcrumbList\",\"@id\":\"https:\\\/\\\/www.manukanewzealand.com\\\/product\\\/mgo-1200-manuka-honey-250gr\\\/#breadcrumb\",\"itemListElement\":[{\"@type\":\"ListItem\",\"position\":1,\"name\":\"Home\",\"item\":\"https:\\\/\\\/www.manukanewzealand.com\\\/\"},{\"@type\":\"ListItem\",\"position\":2,\"name\":\"MNZ Products\",\"item\":\"https:\\\/\\\/www.manukanewzealand.com\\\/mnz-products\\\/\"},{\"@type\":\"ListItem\",\"position\":3,\"name\":\"MGO 1200+ Manuka Honey 250gr.\"}]},{\"@type\":\"WebSite\",\"@id\":\"https:\\\/\\\/www.manukanewzealand.com\\\/es\\\/#website\",\"url\":\"https:\\\/\\\/www.manukanewzealand.com\\\/es\\\/\",\"name\":\"MNZ - Manuka New Zealand - The Best Raw Manuka Honey | Global\",\"description\":\"\",\"publisher\":{\"@id\":\"https:\\\/\\\/www.manukanewzealand.com\\\/es\\\/#organization\"},\"potentialAction\":[{\"@type\":\"SearchAction\",\"target\":{\"@type\":\"EntryPoint\",\"urlTemplate\":\"https:\\\/\\\/www.manukanewzealand.com\\\/es\\\/?s={search_term_string}\"},\"query-input\":{\"@type\":\"PropertyValueSpecification\",\"valueRequired\":true,\"valueName\":\"search_term_string\"}}],\"inLanguage\":\"pt-BR\"},{\"@type\":\"Organization\",\"@id\":\"https:\\\/\\\/www.manukanewzealand.com\\\/es\\\/#organization\",\"name\":\"MNZ - Manuka New Zealand - The Best Raw Manuka Honey | Global\",\"url\":\"https:\\\/\\\/www.manukanewzealand.com\\\/es\\\/\",\"logo\":{\"@type\":\"ImageObject\",\"inLanguage\":\"pt-BR\",\"@id\":\"https:\\\/\\\/www.manukanewzealand.com\\\/es\\\/#\\\/schema\\\/logo\\\/image\\\/\",\"url\":\"https:\\\/\\\/www.manukanewzealand.com\\\/wp-content\\\/uploads\\\/2022\\\/11\\\/mnz-logo-200x200-1-1.png\",\"contentUrl\":\"https:\\\/\\\/www.manukanewzealand.com\\\/wp-content\\\/uploads\\\/2022\\\/11\\\/mnz-logo-200x200-1-1.png\",\"width\":200,\"height\":200,\"caption\":\"MNZ - Manuka New Zealand - The Best Raw Manuka Honey | Global\"},\"image\":{\"@id\":\"https:\\\/\\\/www.manukanewzealand.com\\\/es\\\/#\\\/schema\\\/logo\\\/image\\\/\"}}]}<\/script>\n<meta property=\"product:price:amount\" content=\"225.00\" \/>\n<meta property=\"product:price:currency\" content=\"EUR\" \/>\n<meta property=\"og:availability\" content=\"instock\" \/>\n<meta property=\"product:availability\" content=\"instock\" \/>\n<meta property=\"product:retailer_item_id\" content=\"MNZ021\" \/>\n<meta property=\"product:condition\" content=\"new\" \/>\n<!-- \/ Yoast SEO plugin. -->","yoast_head_json":{"title":"MNZ Manuka Honey MGO 1200+ 250 g | Raw Monofloral Manuka Honey New Zealand","description":"Mel de Manuka monofloral cru ultrapremium com MGO 1200+ garantido. Testado de forma independente, n\u00e3o processado e colhido em regi\u00f5es remotas da Nova Zel\u00e2ndia. Frasco de 250 g da MNZ.","robots":{"index":"index","follow":"follow","max-snippet":"max-snippet:-1","max-image-preview":"max-image-preview:large","max-video-preview":"max-video-preview:-1"},"canonical":"https:\/\/www.manukanewzealand.com\/pt\/product\/mgo-1200-manuka-honey-250gr\/","og_locale":"pt_BR","og_type":"article","og_title":"MNZ Manuka Honey MGO 1200+ 250 g | Raw Monofloral Manuka Honey New Zealand","og_description":"Ultra-premium raw monofloral Manuka honey with guaranteed MGO 1200+. Independently tested, unprocessed and harvested in remote New Zealand regions. 250 g jar by MNZ.","og_url":"https:\/\/www.manukanewzealand.com\/pt\/product\/mgo-1200-manuka-honey-250gr\/","og_site_name":"MNZ - Manuka New Zealand - The Best Raw Manuka Honey | Global","article_modified_time":"2026-03-19T10:47:50+00:00","og_image":[{"width":500,"height":500,"url":"https:\/\/www.manukanewzealand.com\/wp-content\/uploads\/2022\/07\/manukahoney-mnz1200-250g-1.webp","type":"image\/webp"}],"twitter_card":"summary_large_image","twitter_misc":{"Pre\u00e7o":"&euro;225,00 incl. VAT","Availability":"In stock"},"schema":{"@context":"https:\/\/schema.org","@graph":[{"@type":"WebPage","@id":"https:\/\/www.manukanewzealand.com\/product\/mgo-1200-manuka-honey-250gr\/","url":"https:\/\/www.manukanewzealand.com\/product\/mgo-1200-manuka-honey-250gr\/","name":"MNZ Manuka Honey MGO 1200+ 250 g | Raw Monofloral Manuka Honey New Zealand","isPartOf":{"@id":"https:\/\/www.manukanewzealand.com\/es\/#website"},"primaryImageOfPage":{"@id":"https:\/\/www.manukanewzealand.com\/product\/mgo-1200-manuka-honey-250gr\/#primaryimage"},"image":{"@id":"https:\/\/www.manukanewzealand.com\/product\/mgo-1200-manuka-honey-250gr\/#primaryimage"},"thumbnailUrl":"https:\/\/www.manukanewzealand.com\/wp-content\/uploads\/2022\/07\/manukahoney-mnz1200-250g-1.webp","datePublished":"2024-01-21T04:03:04+00:00","dateModified":"2026-03-19T10:47:50+00:00","description":"Mel de Manuka monofloral cru ultrapremium com MGO 1200+ garantido. Testado de forma independente, n\u00e3o processado e colhido em regi\u00f5es remotas da Nova Zel\u00e2ndia. Frasco de 250 g da MNZ.","breadcrumb":{"@id":"https:\/\/www.manukanewzealand.com\/product\/mgo-1200-manuka-honey-250gr\/#breadcrumb"},"inLanguage":"pt-BR","potentialAction":[{"@type":"ReadAction","target":["https:\/\/www.manukanewzealand.com\/product\/mgo-1200-manuka-honey-250gr\/"]}]},{"@type":"ImageObject","inLanguage":"pt-BR","@id":"https:\/\/www.manukanewzealand.com\/product\/mgo-1200-manuka-honey-250gr\/#primaryimage","url":"https:\/\/www.manukanewzealand.com\/wp-content\/uploads\/2022\/07\/manukahoney-mnz1200-250g-1.webp","contentUrl":"https:\/\/www.manukanewzealand.com\/wp-content\/uploads\/2022\/07\/manukahoney-mnz1200-250g-1.webp","width":500,"height":500},{"@type":"BreadcrumbList","@id":"https:\/\/www.manukanewzealand.com\/product\/mgo-1200-manuka-honey-250gr\/#breadcrumb","itemListElement":[{"@type":"ListItem","position":1,"name":"Home","item":"https:\/\/www.manukanewzealand.com\/"},{"@type":"ListItem","position":2,"name":"MNZ Products","item":"https:\/\/www.manukanewzealand.com\/mnz-products\/"},{"@type":"ListItem","position":3,"name":"MGO 1200+ Manuka Honey 250gr."}]},{"@type":"WebSite","@id":"https:\/\/www.manukanewzealand.com\/es\/#website","url":"https:\/\/www.manukanewzealand.com\/es\/","name":"MNZ - Manuka New Zealand - O melhor mel de Manuka cru do mundo","description":"","publisher":{"@id":"https:\/\/www.manukanewzealand.com\/es\/#organization"},"potentialAction":[{"@type":"SearchAction","target":{"@type":"EntryPoint","urlTemplate":"https:\/\/www.manukanewzealand.com\/es\/?s={search_term_string}"},"query-input":{"@type":"PropertyValueSpecification","valueRequired":true,"valueName":"search_term_string"}}],"inLanguage":"pt-BR"},{"@type":"Organization","@id":"https:\/\/www.manukanewzealand.com\/es\/#organization","name":"MNZ - Manuka New Zealand - O melhor mel de Manuka cru do mundo","url":"https:\/\/www.manukanewzealand.com\/es\/","logo":{"@type":"ImageObject","inLanguage":"pt-BR","@id":"https:\/\/www.manukanewzealand.com\/es\/#\/schema\/logo\/image\/","url":"https:\/\/www.manukanewzealand.com\/wp-content\/uploads\/2022\/11\/mnz-logo-200x200-1-1.png","contentUrl":"https:\/\/www.manukanewzealand.com\/wp-content\/uploads\/2022\/11\/mnz-logo-200x200-1-1.png","width":200,"height":200,"caption":"MNZ - Manuka New Zealand - The Best Raw Manuka Honey | Global"},"image":{"@id":"https:\/\/www.manukanewzealand.com\/es\/#\/schema\/logo\/image\/"}}]},"product_price_amount":"225.00","product_price_currency":"EUR","og_availability":"instock","product_availability":"instock","product_retailer_item_id":"MNZ021","product_condition":"new"},"_links":{"self":[{"href":"https:\/\/www.manukanewzealand.com\/pt\/wp-json\/wp\/v2\/product\/27115","targetHints":{"allow":["GET"]}}],"collection":[{"href":"https:\/\/www.manukanewzealand.com\/pt\/wp-json\/wp\/v2\/product"}],"about":[{"href":"https:\/\/www.manukanewzealand.com\/pt\/wp-json\/wp\/v2\/types\/product"}],"replies":[{"embeddable":true,"href":"https:\/\/www.manukanewzealand.com\/pt\/wp-json\/wp\/v2\/comments?post=27115"}],"wp:featuredmedia":[{"embeddable":true,"href":"https:\/\/www.manukanewzealand.com\/pt\/wp-json\/wp\/v2\/media\/33861"}],"wp:attachment":[{"href":"https:\/\/www.manukanewzealand.com\/pt\/wp-json\/wp\/v2\/media?parent=27115"}],"wp:term":[{"taxonomy":"product_brand","embeddable":true,"href":"https:\/\/www.manukanewzealand.com\/pt\/wp-json\/wp\/v2\/product_brand?post=27115"},{"taxonomy":"product_cat","embeddable":true,"href":"https:\/\/www.manukanewzealand.com\/pt\/wp-json\/wp\/v2\/product_cat?post=27115"},{"taxonomy":"product_tag","embeddable":true,"href":"https:\/\/www.manukanewzealand.com\/pt\/wp-json\/wp\/v2\/product_tag?post=27115"}],"curies":[{"name":"wp","href":"https:\/\/api.w.org\/{rel}","templated":true}]}}