{"id":26902,"date":"2024-01-12T14:29:33","date_gmt":"2024-01-12T13:29:33","guid":{"rendered":"https:\/\/www.manukahoney.eu\/?post_type=product&#038;p=26902"},"modified":"2026-02-17T14:11:29","modified_gmt":"2026-02-17T13:11:29","slug":"toothpaste-manuka-honey","status":"publish","type":"product","link":"https:\/\/www.manukanewzealand.com\/pt\/product\/toothpaste-manuka-honey\/","title":{"rendered":"Creme dental com mel de Manuka, pr\u00f3polis e \u00f3leo de Manuka."},"content":{"rendered":"<h1>MNZ Manuka Honey Toothpaste 75 ml - Cuidado bucal natural da Nova Zel\u00e2ndia<\/h1>\n<p><strong>Creme dental MNZ Manuka Honey<\/strong> \u00e9 um <strong>Creme dental natural e com pouca espuma<\/strong> desenvolvido com ingredientes cuidadosamente selecionados da Nova Zel\u00e2ndia, incluindo <strong>Mel de Manuka cru MGO 550+<\/strong>, <strong>Pr\u00f3polis da Nova Zel\u00e2ndia<\/strong> e <strong>\u00d3leo de Manuka<\/strong>. Ele proporciona uma experi\u00eancia de escova\u00e7\u00e3o fresca e suave, adequada para os cuidados bucais di\u00e1rios.<\/p>\n<p><strong>Conte\u00fado:<\/strong> 75 ml<\/p>\n<h2>Por que escolher o creme dental MNZ Manuka?<\/h2>\n<p>MNZ \u00e9 sin\u00f4nimo de pureza, transpar\u00eancia e origem confi\u00e1vel. Esse creme dental combina ingredientes naturais com uma limpeza eficaz, por\u00e9m suave, e um sabor refrescante de menta.<\/p>\n<p>A f\u00f3rmula foi desenvolvida conscientemente sem agentes espumantes agressivos ou aditivos desnecess\u00e1rios. A inclus\u00e3o de mel de Manuka cru, pr\u00f3polis e \u00f3leo de Manuka confere ao creme dental seu car\u00e1ter distinto e seu perfil bot\u00e2nico.<\/p>\n<p>Sua textura com baixa forma\u00e7\u00e3o de espuma oferece uma sensa\u00e7\u00e3o de limpeza e frescor sem sobrecarregar a boca. A f\u00f3rmula \u00e9 isenta de fl\u00faor, lauril sulfato de s\u00f3dio (SLS), corantes artificiais, sabores artificiais e conservantes, o que a torna uma op\u00e7\u00e3o consciente para o uso di\u00e1rio.<\/p>\n<ul>\n<li>Com mel de Manuka cru MGO 550+<\/li>\n<li>Com pr\u00f3polis da Nova Zel\u00e2ndia e \u00f3leo de Manuka<\/li>\n<li>F\u00f3rmula de baixa forma\u00e7\u00e3o de espuma com sabor de menta fresca<\/li>\n<li>Livre de fl\u00faor e SLS<\/li>\n<li>Sem abrasivos agressivos<\/li>\n<li>Adequado para uso di\u00e1rio e para vegetarianos<\/li>\n<\/ul>\n<h3>Ingredientes (INCI)<\/h3>\n<p>Glicerina*, \u00e1gua, s\u00edlica hidratada, mel, bicarbonato de s\u00f3dio, goma de celulose, cocamidopropil beta\u00edna, \u00f3leo de folhas de Mentha arvensis, extrato de pr\u00f3polis, mentol, cloreto de s\u00f3dio, \u00f3leo de ramos\/folhas de Leptospermum scoparium, estevios\u00eddeo, acetato de tocoferil, \u00f3leo de Mentha piperita.<br \/>\n<br \/>\n<small>*De origem vegetal.<\/small><\/p>\n<h3>Uso<\/h3>\n<p>Escovar os dentes duas vezes ao dia. Adequado para uso di\u00e1rio.<\/p>","protected":false},"excerpt":{"rendered":"<p>MNZ Manuka Honey Toothpaste 75 ml \u2013 Natural Oral Care from New Zealand MNZ Manuka Honey Toothpaste is a natural, low-foaming toothpaste developed with carefully selected ingredients from New Zealand, including raw MGO 550+ Manuka honey, New Zealand propolis and Manuka oil. It provides a fresh and gentle brushing experience suitable for daily oral care. [&#8230;]\n","protected":false},"featured_media":34179,"comment_status":"closed","ping_status":"closed","template":"","meta":[],"product_brand":[],"product_cat":[113],"product_tag":[],"class_list":{"0":"post-26902","1":"product","2":"type-product","3":"status-publish","4":"has-post-thumbnail","6":"product_cat-uncategorized","8":"first","9":"instock","10":"taxable","11":"shipping-taxable","12":"purchasable","13":"product-type-simple"},"yoast_head":"<!-- This site is optimized with the Yoast SEO plugin v27.3 - https:\/\/yoast.com\/product\/yoast-seo-wordpress\/ -->\n<title>MNZ Manuka Honey Toothpaste 75 ml | With MGO 550+ Manuka, Propolis &amp; Manuka Oil<\/title>\n<meta name=\"description\" content=\"Natural low-foaming toothpaste with raw MGO 550+ Manuka honey, New Zealand propolis and Manuka oil. Fluoride- and SLS-free. Gentle daily oral care. 75 ml by MNZ.\" \/>\n<meta name=\"robots\" content=\"index, follow, max-snippet:-1, max-image-preview:large, max-video-preview:-1\" \/>\n<link rel=\"canonical\" href=\"https:\/\/www.manukanewzealand.com\/pt\/product\/toothpaste-manuka-honey\/\" \/>\n<meta property=\"og:locale\" content=\"pt_BR\" \/>\n<meta property=\"og:type\" content=\"article\" \/>\n<meta property=\"og:title\" content=\"MNZ Manuka Honey Toothpaste 75 ml | With MGO 550+ Manuka, Propolis &amp; Manuka Oil\" \/>\n<meta property=\"og:description\" content=\"Natural low-foaming toothpaste with raw MGO 550+ Manuka honey, New Zealand propolis and Manuka oil. Fluoride- and SLS-free. Gentle daily oral care. 75 ml by MNZ.\" \/>\n<meta property=\"og:url\" content=\"https:\/\/www.manukanewzealand.com\/pt\/product\/toothpaste-manuka-honey\/\" \/>\n<meta property=\"og:site_name\" content=\"MNZ - Manuka New Zealand - The Best Raw Manuka Honey | Global\" \/>\n<meta property=\"article:modified_time\" content=\"2026-02-17T13:11:29+00:00\" \/>\n<meta property=\"og:image\" content=\"https:\/\/www.manukanewzealand.com\/wp-content\/uploads\/2023\/08\/manuka-tandpasta-mnz.webp\" \/>\n\t<meta property=\"og:image:width\" content=\"500\" \/>\n\t<meta property=\"og:image:height\" content=\"500\" \/>\n\t<meta property=\"og:image:type\" content=\"image\/webp\" \/>\n<meta name=\"twitter:card\" content=\"summary_large_image\" \/>\n<meta name=\"twitter:label1\" content=\"Pre\u00e7o\" \/>\n\t<meta name=\"twitter:data1\" content=\"&euro;11,95 incl. VAT\" \/>\n\t<meta name=\"twitter:label2\" content=\"Availability\" \/>\n\t<meta name=\"twitter:data2\" content=\"In stock\" \/>\n<script type=\"application\/ld+json\" class=\"yoast-schema-graph\">{\"@context\":\"https:\\\/\\\/schema.org\",\"@graph\":[{\"@type\":\"WebPage\",\"@id\":\"https:\\\/\\\/www.manukanewzealand.com\\\/product\\\/toothpaste-manuka-honey\\\/\",\"url\":\"https:\\\/\\\/www.manukanewzealand.com\\\/product\\\/toothpaste-manuka-honey\\\/\",\"name\":\"MNZ Manuka Honey Toothpaste 75 ml | With MGO 550+ Manuka, Propolis & Manuka Oil\",\"isPartOf\":{\"@id\":\"https:\\\/\\\/www.manukanewzealand.com\\\/es\\\/#website\"},\"primaryImageOfPage\":{\"@id\":\"https:\\\/\\\/www.manukanewzealand.com\\\/product\\\/toothpaste-manuka-honey\\\/#primaryimage\"},\"image\":{\"@id\":\"https:\\\/\\\/www.manukanewzealand.com\\\/product\\\/toothpaste-manuka-honey\\\/#primaryimage\"},\"thumbnailUrl\":\"https:\\\/\\\/www.manukanewzealand.com\\\/wp-content\\\/uploads\\\/2023\\\/08\\\/manuka-tandpasta-mnz.webp\",\"datePublished\":\"2024-01-12T13:29:33+00:00\",\"dateModified\":\"2026-02-17T13:11:29+00:00\",\"description\":\"Natural low-foaming toothpaste with raw MGO 550+ Manuka honey, New Zealand propolis and Manuka oil. Fluoride- and SLS-free. Gentle daily oral care. 75 ml by MNZ.\",\"breadcrumb\":{\"@id\":\"https:\\\/\\\/www.manukanewzealand.com\\\/product\\\/toothpaste-manuka-honey\\\/#breadcrumb\"},\"inLanguage\":\"pt-BR\",\"potentialAction\":[{\"@type\":\"ReadAction\",\"target\":[\"https:\\\/\\\/www.manukanewzealand.com\\\/product\\\/toothpaste-manuka-honey\\\/\"]}]},{\"@type\":\"ImageObject\",\"inLanguage\":\"pt-BR\",\"@id\":\"https:\\\/\\\/www.manukanewzealand.com\\\/product\\\/toothpaste-manuka-honey\\\/#primaryimage\",\"url\":\"https:\\\/\\\/www.manukanewzealand.com\\\/wp-content\\\/uploads\\\/2023\\\/08\\\/manuka-tandpasta-mnz.webp\",\"contentUrl\":\"https:\\\/\\\/www.manukanewzealand.com\\\/wp-content\\\/uploads\\\/2023\\\/08\\\/manuka-tandpasta-mnz.webp\",\"width\":500,\"height\":500},{\"@type\":\"BreadcrumbList\",\"@id\":\"https:\\\/\\\/www.manukanewzealand.com\\\/product\\\/toothpaste-manuka-honey\\\/#breadcrumb\",\"itemListElement\":[{\"@type\":\"ListItem\",\"position\":1,\"name\":\"Home\",\"item\":\"https:\\\/\\\/www.manukanewzealand.com\\\/\"},{\"@type\":\"ListItem\",\"position\":2,\"name\":\"MNZ Products\",\"item\":\"https:\\\/\\\/www.manukanewzealand.com\\\/mnz-products\\\/\"},{\"@type\":\"ListItem\",\"position\":3,\"name\":\"Manuka Honey, Propolis &#038; Manuka Oil Toothpaste.\"}]},{\"@type\":\"WebSite\",\"@id\":\"https:\\\/\\\/www.manukanewzealand.com\\\/es\\\/#website\",\"url\":\"https:\\\/\\\/www.manukanewzealand.com\\\/es\\\/\",\"name\":\"MNZ - Manuka New Zealand - The Best Raw Manuka Honey | Global\",\"description\":\"\",\"publisher\":{\"@id\":\"https:\\\/\\\/www.manukanewzealand.com\\\/es\\\/#organization\"},\"potentialAction\":[{\"@type\":\"SearchAction\",\"target\":{\"@type\":\"EntryPoint\",\"urlTemplate\":\"https:\\\/\\\/www.manukanewzealand.com\\\/es\\\/?s={search_term_string}\"},\"query-input\":{\"@type\":\"PropertyValueSpecification\",\"valueRequired\":true,\"valueName\":\"search_term_string\"}}],\"inLanguage\":\"pt-BR\"},{\"@type\":\"Organization\",\"@id\":\"https:\\\/\\\/www.manukanewzealand.com\\\/es\\\/#organization\",\"name\":\"MNZ - Manuka New Zealand - The Best Raw Manuka Honey | Global\",\"url\":\"https:\\\/\\\/www.manukanewzealand.com\\\/es\\\/\",\"logo\":{\"@type\":\"ImageObject\",\"inLanguage\":\"pt-BR\",\"@id\":\"https:\\\/\\\/www.manukanewzealand.com\\\/es\\\/#\\\/schema\\\/logo\\\/image\\\/\",\"url\":\"https:\\\/\\\/www.manukanewzealand.com\\\/wp-content\\\/uploads\\\/2022\\\/11\\\/mnz-logo-200x200-1-1.png\",\"contentUrl\":\"https:\\\/\\\/www.manukanewzealand.com\\\/wp-content\\\/uploads\\\/2022\\\/11\\\/mnz-logo-200x200-1-1.png\",\"width\":200,\"height\":200,\"caption\":\"MNZ - Manuka New Zealand - The Best Raw Manuka Honey | Global\"},\"image\":{\"@id\":\"https:\\\/\\\/www.manukanewzealand.com\\\/es\\\/#\\\/schema\\\/logo\\\/image\\\/\"}}]}<\/script>\n<meta property=\"product:price:amount\" content=\"11.95\" \/>\n<meta property=\"product:price:currency\" content=\"EUR\" \/>\n<meta property=\"og:availability\" content=\"instock\" \/>\n<meta property=\"product:availability\" content=\"instock\" \/>\n<meta property=\"product:retailer_item_id\" content=\"MNZ201\" \/>\n<meta property=\"product:condition\" content=\"new\" \/>\n<!-- \/ Yoast SEO plugin. -->","yoast_head_json":{"title":"MNZ Manuka Honey Toothpaste 75 ml | Com MGO 550+ Manuka, Pr\u00f3polis e \u00d3leo de Manuka","description":"Creme dental natural de baixa forma\u00e7\u00e3o de espuma com mel de Manuka MGO 550+ cru, pr\u00f3polis da Nova Zel\u00e2ndia e \u00f3leo de Manuka. Sem fl\u00faor e SLS. Cuidado bucal di\u00e1rio suave. 75 ml por MNZ.","robots":{"index":"index","follow":"follow","max-snippet":"max-snippet:-1","max-image-preview":"max-image-preview:large","max-video-preview":"max-video-preview:-1"},"canonical":"https:\/\/www.manukanewzealand.com\/pt\/product\/toothpaste-manuka-honey\/","og_locale":"pt_BR","og_type":"article","og_title":"MNZ Manuka Honey Toothpaste 75 ml | With MGO 550+ Manuka, Propolis & Manuka Oil","og_description":"Natural low-foaming toothpaste with raw MGO 550+ Manuka honey, New Zealand propolis and Manuka oil. Fluoride- and SLS-free. Gentle daily oral care. 75 ml by MNZ.","og_url":"https:\/\/www.manukanewzealand.com\/pt\/product\/toothpaste-manuka-honey\/","og_site_name":"MNZ - Manuka New Zealand - The Best Raw Manuka Honey | Global","article_modified_time":"2026-02-17T13:11:29+00:00","og_image":[{"width":500,"height":500,"url":"https:\/\/www.manukanewzealand.com\/wp-content\/uploads\/2023\/08\/manuka-tandpasta-mnz.webp","type":"image\/webp"}],"twitter_card":"summary_large_image","twitter_misc":{"Pre\u00e7o":"&euro;11,95 incl. VAT","Availability":"In stock"},"schema":{"@context":"https:\/\/schema.org","@graph":[{"@type":"WebPage","@id":"https:\/\/www.manukanewzealand.com\/product\/toothpaste-manuka-honey\/","url":"https:\/\/www.manukanewzealand.com\/product\/toothpaste-manuka-honey\/","name":"MNZ Manuka Honey Toothpaste 75 ml | Com MGO 550+ Manuka, Pr\u00f3polis e \u00d3leo de Manuka","isPartOf":{"@id":"https:\/\/www.manukanewzealand.com\/es\/#website"},"primaryImageOfPage":{"@id":"https:\/\/www.manukanewzealand.com\/product\/toothpaste-manuka-honey\/#primaryimage"},"image":{"@id":"https:\/\/www.manukanewzealand.com\/product\/toothpaste-manuka-honey\/#primaryimage"},"thumbnailUrl":"https:\/\/www.manukanewzealand.com\/wp-content\/uploads\/2023\/08\/manuka-tandpasta-mnz.webp","datePublished":"2024-01-12T13:29:33+00:00","dateModified":"2026-02-17T13:11:29+00:00","description":"Creme dental natural de baixa forma\u00e7\u00e3o de espuma com mel de Manuka MGO 550+ cru, pr\u00f3polis da Nova Zel\u00e2ndia e \u00f3leo de Manuka. Sem fl\u00faor e SLS. Cuidado bucal di\u00e1rio suave. 75 ml por MNZ.","breadcrumb":{"@id":"https:\/\/www.manukanewzealand.com\/product\/toothpaste-manuka-honey\/#breadcrumb"},"inLanguage":"pt-BR","potentialAction":[{"@type":"ReadAction","target":["https:\/\/www.manukanewzealand.com\/product\/toothpaste-manuka-honey\/"]}]},{"@type":"ImageObject","inLanguage":"pt-BR","@id":"https:\/\/www.manukanewzealand.com\/product\/toothpaste-manuka-honey\/#primaryimage","url":"https:\/\/www.manukanewzealand.com\/wp-content\/uploads\/2023\/08\/manuka-tandpasta-mnz.webp","contentUrl":"https:\/\/www.manukanewzealand.com\/wp-content\/uploads\/2023\/08\/manuka-tandpasta-mnz.webp","width":500,"height":500},{"@type":"BreadcrumbList","@id":"https:\/\/www.manukanewzealand.com\/product\/toothpaste-manuka-honey\/#breadcrumb","itemListElement":[{"@type":"ListItem","position":1,"name":"Home","item":"https:\/\/www.manukanewzealand.com\/"},{"@type":"ListItem","position":2,"name":"MNZ Products","item":"https:\/\/www.manukanewzealand.com\/mnz-products\/"},{"@type":"ListItem","position":3,"name":"Manuka Honey, Propolis &#038; Manuka Oil Toothpaste."}]},{"@type":"WebSite","@id":"https:\/\/www.manukanewzealand.com\/es\/#website","url":"https:\/\/www.manukanewzealand.com\/es\/","name":"MNZ - Manuka New Zealand - O melhor mel de Manuka cru do mundo","description":"","publisher":{"@id":"https:\/\/www.manukanewzealand.com\/es\/#organization"},"potentialAction":[{"@type":"SearchAction","target":{"@type":"EntryPoint","urlTemplate":"https:\/\/www.manukanewzealand.com\/es\/?s={search_term_string}"},"query-input":{"@type":"PropertyValueSpecification","valueRequired":true,"valueName":"search_term_string"}}],"inLanguage":"pt-BR"},{"@type":"Organization","@id":"https:\/\/www.manukanewzealand.com\/es\/#organization","name":"MNZ - Manuka New Zealand - O melhor mel de Manuka cru do mundo","url":"https:\/\/www.manukanewzealand.com\/es\/","logo":{"@type":"ImageObject","inLanguage":"pt-BR","@id":"https:\/\/www.manukanewzealand.com\/es\/#\/schema\/logo\/image\/","url":"https:\/\/www.manukanewzealand.com\/wp-content\/uploads\/2022\/11\/mnz-logo-200x200-1-1.png","contentUrl":"https:\/\/www.manukanewzealand.com\/wp-content\/uploads\/2022\/11\/mnz-logo-200x200-1-1.png","width":200,"height":200,"caption":"MNZ - Manuka New Zealand - The Best Raw Manuka Honey | Global"},"image":{"@id":"https:\/\/www.manukanewzealand.com\/es\/#\/schema\/logo\/image\/"}}]},"product_price_amount":"11.95","product_price_currency":"EUR","og_availability":"instock","product_availability":"instock","product_retailer_item_id":"MNZ201","product_condition":"new"},"_links":{"self":[{"href":"https:\/\/www.manukanewzealand.com\/pt\/wp-json\/wp\/v2\/product\/26902","targetHints":{"allow":["GET"]}}],"collection":[{"href":"https:\/\/www.manukanewzealand.com\/pt\/wp-json\/wp\/v2\/product"}],"about":[{"href":"https:\/\/www.manukanewzealand.com\/pt\/wp-json\/wp\/v2\/types\/product"}],"replies":[{"embeddable":true,"href":"https:\/\/www.manukanewzealand.com\/pt\/wp-json\/wp\/v2\/comments?post=26902"}],"wp:featuredmedia":[{"embeddable":true,"href":"https:\/\/www.manukanewzealand.com\/pt\/wp-json\/wp\/v2\/media\/34179"}],"wp:attachment":[{"href":"https:\/\/www.manukanewzealand.com\/pt\/wp-json\/wp\/v2\/media?parent=26902"}],"wp:term":[{"taxonomy":"product_brand","embeddable":true,"href":"https:\/\/www.manukanewzealand.com\/pt\/wp-json\/wp\/v2\/product_brand?post=26902"},{"taxonomy":"product_cat","embeddable":true,"href":"https:\/\/www.manukanewzealand.com\/pt\/wp-json\/wp\/v2\/product_cat?post=26902"},{"taxonomy":"product_tag","embeddable":true,"href":"https:\/\/www.manukanewzealand.com\/pt\/wp-json\/wp\/v2\/product_tag?post=26902"}],"curies":[{"name":"wp","href":"https:\/\/api.w.org\/{rel}","templated":true}]}}