{"id":34168,"date":"2023-07-18T15:42:12","date_gmt":"2023-07-18T14:42:12","guid":{"rendered":"https:\/\/www.manukanewzealand.com\/?page_id=34168"},"modified":"2026-02-18T15:03:34","modified_gmt":"2026-02-18T14:03:34","slug":"wireless-frequency-protection","status":"publish","type":"page","link":"https:\/\/www.manukanewzealand.com\/pt\/wireless-frequency-protection\/","title":{"rendered":"Prote\u00e7\u00e3o de frequ\u00eancia sem fio"},"content":{"rendered":"<div id=\"page-header-1683059826\" class=\"page-header-wrapper\">\n  <div class=\"page-title dark divided-title\">\n\n        <div class=\"page-title-bg\">\n      <div class=\"title-bg fill bg-fill\"\n        data-parallax-container=\".page-title\"\n        data-parallax-background\n data-parallax=\"-\">\n      <\/div>\n      <div class=\"title-overlay fill\"><\/div>\n    <\/div>\n    \n    <div class=\"page-title-inner container align-center flex-row medium-flex-wrap\" >\n              <div class=\"title-wrapper flex-col text-left medium-text-center\">\n          <h1 class=\"entry-title mb-0\">\n            Prote\u00e7\u00e3o de frequ\u00eancia sem fio          <\/h1>\n        <\/div>\n                    <div class=\"title-content flex-col flex-right text-right medium-text-center\">\n        <div class=\"title-breadcrumbs pb-half pt-half\"><nav class=\"woocommerce-breadcrumb breadcrumbs\" aria-label=\"Breadcrumb\">In\u00edcio<\/nav><\/div>      <\/div>\n    <\/div>\n\n     \n<style>\n#page-header-1683059826 .page-title-inner {\n  min-height: 250px;\n}\n#page-header-1683059826 .title-bg {\n  background-image: url(https:\/\/www.manukanewzealand.com\/wp-content\/uploads\/2026\/02\/mnz-header-2.jpg);\n}\n<\/style>\n  <\/div>\n  <div class=\"container header-wrapper-divider\"><hr\/><\/div>  <\/div>\n  \n\n\t<section class=\"section\" id=\"section_751886399\">\n\t\t<div class=\"section-bg fill\" >\n\t\t\t\t\t\t\t\t\t\n\t\t\t\n\n\t\t<\/div>\n\n\t\t\n\n\t\t<div class=\"section-content relative\">\n\t\t\t\n<div class=\"row align-middle align-center\"  id=\"row-196697794\">\n\n\t<div id=\"col-1369896440\" class=\"col medium-12 small-12 large-8\"  >\n\t\t\t\t<div class=\"col-inner\"  >\n\t\t\t\n\t\t\t\n<p>Nos \u00faltimos anos, surgiram discuss\u00f5es sobre os poss\u00edveis efeitos da exposi\u00e7\u00e3o de longo prazo a determinados fatores ambientais, incluindo a infraestrutura de comunica\u00e7\u00e3o sem fio, sobre a sa\u00fade das abelhas. Como as abelhas desempenham um papel vital na poliniza\u00e7\u00e3o e no equil\u00edbrio do ecossistema, o gerenciamento respons\u00e1vel da colmeia exige uma considera\u00e7\u00e3o cuidadosa do ambiente.<\/p>\n<p>A MNZ segue uma abordagem preventiva em sua estrat\u00e9gia de coloca\u00e7\u00e3o de colmeias. Nossas colmeias s\u00e3o deliberadamente posicionadas em locais remotos e rurais com o m\u00ednimo de infraestrutura ao redor. Essas \u00e1reas cuidadosamente selecionadas s\u00e3o escolhidas n\u00e3o apenas por sua abund\u00e2ncia de \u00e1rvores Manuka, mas tamb\u00e9m por sua dist\u00e2ncia de atividades humanas intensivas e instala\u00e7\u00f5es de grande escala.<\/p>\n<p>Ao situar nossas colmeias de madeira em ambientes isolados e naturais, a MNZ tem como objetivo proporcionar condi\u00e7\u00f5es est\u00e1veis que apoiem o comportamento natural das abelhas, incluindo a capacidade de orienta\u00e7\u00e3o e de retorno ao lar. Essa abordagem faz parte de nosso compromisso mais amplo com o bem-estar das abelhas e com pr\u00e1ticas sustent\u00e1veis de apicultura.<\/p>\n\t\t<\/div>\n\t\t\t\t\t<\/div>\n\n\t\n\n\t<div id=\"col-2068093135\" class=\"col medium-12 small-12 large-4\"  >\n\t\t\t\t<div class=\"col-inner text-center\"  >\n\t\t\t\n\t\t\t\n\t<div class=\"img has-hover x md-x lg-x y md-y lg-y\" id=\"image_816222229\">\n\t\t\t\t\t\t\t\t<div class=\"img-inner dark\" >\n\t\t\t<img decoding=\"async\" width=\"595\" height=\"842\" src=\"https:\/\/www.manukanewzealand.com\/wp-content\/uploads\/2023\/04\/beeprotective-logo-fc-1.webp\" class=\"attachment-original size-original\" alt=\"\" srcset=\"https:\/\/www.manukanewzealand.com\/wp-content\/uploads\/2023\/04\/beeprotective-logo-fc-1.webp 595w, https:\/\/www.manukanewzealand.com\/wp-content\/uploads\/2023\/04\/beeprotective-logo-fc-1-500x708.webp 500w, https:\/\/www.manukanewzealand.com\/wp-content\/uploads\/2023\/04\/beeprotective-logo-fc-1-212x300.webp 212w, https:\/\/www.manukanewzealand.com\/wp-content\/uploads\/2023\/04\/beeprotective-logo-fc-1-8x12.webp 8w\" sizes=\"(max-width: 595px) 100vw, 595px\" \/>\t\t\t\t\t\t\n\t\t\t\t\t<\/div>\n\t\t\t\t\t\t\t\t\n<style>\n#image_816222229 {\n  width: 42%;\n}\n<\/style>\n\t<\/div>\n\t\n\t\t<\/div>\n\t\t\t\t\n<style>\n#col-2068093135 > .col-inner {\n  max-width: 500px;\n}\n<\/style>\n\t<\/div>\n\n\t\n<\/div>\n\t\t<\/div>\n\n\t\t\n<style>\n#section_751886399 {\n  padding-top: 30px;\n  padding-bottom: 30px;\n}\n<\/style>\n\t<\/section>\n\t\n\n\t<section class=\"section has-parallax\" id=\"section_1526923884\">\n\t\t<div class=\"section-bg fill\" data-parallax-container=\".section\" data-parallax-background data-parallax=\"-4\">\n\t\t\t<img decoding=\"async\" width=\"500\" height=\"500\" src=\"https:\/\/www.manukanewzealand.com\/wp-content\/uploads\/2024\/12\/bees.jpg\" class=\"bg attachment-original size-original\" alt=\"\" \/>\t\t\t\t\t\t<div class=\"section-bg-overlay absolute fill\"><\/div>\n\t\t\t\n\n\t\t<\/div>\n\n\t\t\n\n\t\t<div class=\"section-content relative\">\n\t\t\t\n<div class=\"row\"  id=\"row-99518291\">\n\n\t<div id=\"col-1910051915\" class=\"col small-12 large-12\"  >\n\t\t\t\t<div class=\"col-inner dark\"  >\n\t\t\t\n\t\t\t\n\t<div id=\"text-1541395865\" class=\"text\">\n\t\t\n<h4><strong>Resumo<\/strong><\/h4>\n<div>A urbaniza\u00e7\u00e3o e o uso crescente de tecnologias sem fio levam a taxas mais altas de emiss\u00e3o de campos eletromagn\u00e9ticos de radiofrequ\u00eancia (RF-EMF) em \u00e1reas populosas. Essa radia\u00e7\u00e3o eletromagn\u00e9tica antropog\u00eanica \u00e9 uma forma de polui\u00e7\u00e3o ambiental e um poss\u00edvel fator de estresse para as abelhas e outros insetos voadores. As cidades geralmente t\u00eam uma alta densidade de dispositivos sem fio operando em frequ\u00eancias de micro-ondas, que geram frequ\u00eancias eletromagn\u00e9ticas, por exemplo, nas bandas de 2,4 e 5,8 GHz comumente usadas pelas tecnologias sem fio. At\u00e9 o momento, os efeitos da radia\u00e7\u00e3o eletromagn\u00e9tica n\u00e3o ionizante sobre a vitalidade e o comportamento dos insetos s\u00e3o pouco conhecidos. Em nosso experimento, usamos abelhas como organismos modelo e analisamos os efeitos de exposi\u00e7\u00f5es definidas a 2,4 e 5,8 GHz sobre o desenvolvimento da ninhada, a longevidade e a<br \/>capacidade de retorno em condi\u00e7\u00f5es de campo. Para gerar essa radia\u00e7\u00e3o, usamos uma fonte de radia\u00e7\u00e3o de alta qualidade que gera uma radia\u00e7\u00e3o eletromagn\u00e9tica consistente, defin\u00edvel e realista, projetada para esse experimento pelo Laborat\u00f3rio de Engenharia de Comunica\u00e7\u00f5es (CEL) do Instituto de Tecnologia de Karlsruhe. Nossos resultados mostram efeitos significativos de exposi\u00e7\u00f5es de longo prazo sobre a capacidade de retorno das abelhas forrageiras, mas nenhum efeito sobre o desenvolvimento da ninhada e a longevidade das oper\u00e1rias adultas. Usando essa configura\u00e7\u00e3o t\u00e9cnica inovadora e de alta qualidade, esse trabalho interdisciplinar fornece novos dados sobre os efeitos dessas frequ\u00eancias amplamente usadas em par\u00e2metros importantes de aptid\u00e3o das abelhas mel\u00edferas que voam livremente.\u00a0<strong>M. Treder, M. M\u00fcller, L. Fellner, et al., Defined exposure of honey bee colonies to simulated radiofrequency electromagnetic fields (RFEMF): Negative effects on the homing ability, but not on brood development or longevity, Science of the Total Environment (2023) https:\/\/doi.org\/10.1016\/j.scitotenv.2023.165211<\/strong><\/div>\n\t\t\n<style>\n#text-1541395865 {\n  font-size: 0.8rem;\n}\n<\/style>\n\t<\/div>\n\t\n\t\t<\/div>\n\t\t\t\t\t<\/div>\n\n\t\n<\/div>\n\t\t<\/div>\n\n\t\t\n<style>\n#section_1526923884 {\n  padding-top: 30px;\n  padding-bottom: 30px;\n}\n#section_1526923884 .section-bg-overlay {\n  background-color: rgba(0, 0, 0, 0.419);\n}\n#section_1526923884 .section-bg img {\n  object-position: 35% 53%;\n}\n<\/style>\n\t<\/section>\n\t\n\n\t<section class=\"section\" id=\"section_1524305828\">\n\t\t<div class=\"section-bg fill\" >\n\t\t\t\t\t\t\t\t\t\n\t\t\t\n\n\t\t<\/div>\n\n\t\t\n\n\t\t<div class=\"section-content relative\">\n\t\t\t\n<div class=\"row\"  id=\"row-1159000854\">\n\n\t<div id=\"col-1269841492\" class=\"col small-12 large-12\"  >\n\t\t\t\t<div class=\"col-inner\"  >\n\t\t\t\n\t\t\t\n<p>A decis\u00e3o da MNZ de posicionar as colmeias longe de infraestruturas de grande escala faz parte de nosso compromisso mais amplo com o bem-estar das abelhas. Priorizamos locais remotos e naturais que ofere\u00e7am condi\u00e7\u00f5es est\u00e1veis e sem perturba\u00e7\u00f5es para nossas col\u00f4nias.<\/p>\n<p>As abelhas dependem de habilidades altamente desenvolvidas de orienta\u00e7\u00e3o e localiza\u00e7\u00e3o para buscar alimentos e retornar com seguran\u00e7a \u00e0 colmeia. Ao selecionar \u00e1reas rurais isoladas com o m\u00ednimo de atividade ao redor, a MNZ oferece suporte a um ambiente natural que permite que esses comportamentos funcionem sem perturba\u00e7\u00f5es externas desnecess\u00e1rias.<\/p>\n<p>Essa abordagem preventiva reflete nossa dedica\u00e7\u00e3o em manter col\u00f4nias saud\u00e1veis e pr\u00e1ticas sustent\u00e1veis de apicultura. A coloca\u00e7\u00e3o de colmeias \u00e9 apenas um elemento de um programa abrangente de prote\u00e7\u00e3o e sa\u00fade das abelhas que inclui inspe\u00e7\u00f5es regulares das colmeias, procedimentos rigorosos de controle de qualidade e total conformidade com as regulamenta\u00e7\u00f5es do governo da Nova Zel\u00e2ndia.<\/p>\n<p>Ao se concentrar no gerenciamento respons\u00e1vel das colmeias e em ambientes cuidadosamente selecionados, a MNZ trabalha para proteger o bem-estar de suas abelhas e, ao mesmo tempo, produzir mel Manuka monofloral de alta qualidade, cru, n\u00e3o filtrado e n\u00e3o pasteurizado. O apoio a polinizadores saud\u00e1veis continua sendo fundamental para nossa sustentabilidade de longo prazo e nosso compromisso com os padr\u00f5es de produ\u00e7\u00e3o natural.<\/p>\n\t\t<\/div>\n\t\t\t\t\t<\/div>\n\n\t\n\n<style>\n#row-1159000854 > .col > .col-inner {\n  padding: 50px 0px 0px 0px;\n}\n<\/style>\n<\/div>\n<div class=\"row\"  id=\"row-1728681469\">\n\n\t<div id=\"col-1182273235\" class=\"col small-12 large-12\"  >\n\t\t\t\t<div class=\"col-inner\"  >\n\t\t\t\n\t\t\t\n\t<div id=\"stack-1714206652\" class=\"stack stack-row justify-center items-center\">\n\t\t\n\t<div class=\"img has-hover x md-x lg-x y md-y lg-y\" id=\"image_1152091453\">\n\t\t\t\t\t\t\t\t<div class=\"img-inner dark\" >\n\t\t\t<img decoding=\"async\" width=\"212\" height=\"300\" src=\"https:\/\/www.manukanewzealand.com\/wp-content\/uploads\/2023\/04\/beeprotective-logo-fc-1-212x300.webp\" class=\"attachment-medium size-medium\" alt=\"\" srcset=\"https:\/\/www.manukanewzealand.com\/wp-content\/uploads\/2023\/04\/beeprotective-logo-fc-1-212x300.webp 212w, https:\/\/www.manukanewzealand.com\/wp-content\/uploads\/2023\/04\/beeprotective-logo-fc-1-500x708.webp 500w, https:\/\/www.manukanewzealand.com\/wp-content\/uploads\/2023\/04\/beeprotective-logo-fc-1-8x12.webp 8w, https:\/\/www.manukanewzealand.com\/wp-content\/uploads\/2023\/04\/beeprotective-logo-fc-1.webp 595w\" sizes=\"(max-width: 212px) 100vw, 212px\" \/>\t\t\t\t\t\t\n\t\t\t\t\t<\/div>\n\t\t\t\t\t\t\t\t\n<style>\n#image_1152091453 {\n  width: 30%;\n}\n@media (min-width:550px) {\n  #image_1152091453 {\n    width: 24%;\n  }\n}\n@media (min-width:850px) {\n  #image_1152091453 {\n    width: 15%;\n  }\n}\n<\/style>\n\t<\/div>\n\t\n\t<div class=\"img has-hover x md-x lg-x y md-y lg-y\" id=\"image_37686042\">\n\t\t\t\t\t\t\t\t<div class=\"img-inner dark\" >\n\t\t\t<img decoding=\"async\" width=\"300\" height=\"300\" src=\"https:\/\/www.manukanewzealand.com\/wp-content\/uploads\/2022\/02\/Manuka-ID-1-300x300.png\" class=\"attachment-medium size-medium\" alt=\"\" srcset=\"https:\/\/www.manukanewzealand.com\/wp-content\/uploads\/2022\/02\/Manuka-ID-1-300x300.png 300w, https:\/\/www.manukanewzealand.com\/wp-content\/uploads\/2022\/02\/Manuka-ID-1-500x500.png 500w, https:\/\/www.manukanewzealand.com\/wp-content\/uploads\/2022\/02\/Manuka-ID-1-100x100.png 100w, https:\/\/www.manukanewzealand.com\/wp-content\/uploads\/2022\/02\/Manuka-ID-1-80x80.png 80w, https:\/\/www.manukanewzealand.com\/wp-content\/uploads\/2022\/02\/Manuka-ID-1-12x12.png 12w, https:\/\/www.manukanewzealand.com\/wp-content\/uploads\/2022\/02\/Manuka-ID-1.png 573w\" sizes=\"(max-width: 300px) 100vw, 300px\" \/>\t\t\t\t\t\t\n\t\t\t\t\t<\/div>\n\t\t\t\t\t\t\t\t\n<style>\n#image_37686042 {\n  width: 39%;\n}\n@media (min-width:550px) {\n  #image_37686042 {\n    width: 32%;\n  }\n}\n@media (min-width:850px) {\n  #image_37686042 {\n    width: 22%;\n  }\n}\n<\/style>\n\t<\/div>\n\t\n\t<div class=\"img has-hover x md-x lg-x y md-y lg-y\" id=\"image_967559706\">\n\t\t\t\t\t\t\t\t<div class=\"img-inner dark\" >\n\t\t\t<img decoding=\"async\" width=\"240\" height=\"300\" src=\"https:\/\/www.manukanewzealand.com\/wp-content\/uploads\/2023\/04\/mnz-regular-logo-240x300.webp\" class=\"attachment-medium size-medium\" alt=\"\" srcset=\"https:\/\/www.manukanewzealand.com\/wp-content\/uploads\/2023\/04\/mnz-regular-logo-240x300.webp 240w, https:\/\/www.manukanewzealand.com\/wp-content\/uploads\/2023\/04\/mnz-regular-logo-500x624.webp 500w, https:\/\/www.manukanewzealand.com\/wp-content\/uploads\/2023\/04\/mnz-regular-logo-64x80.webp 64w, https:\/\/www.manukanewzealand.com\/wp-content\/uploads\/2023\/04\/mnz-regular-logo.webp 585w\" sizes=\"(max-width: 240px) 100vw, 240px\" \/>\t\t\t\t\t\t\n\t\t\t\t\t<\/div>\n\t\t\t\t\t\t\t\t\n<style>\n#image_967559706 {\n  width: 26%;\n}\n@media (min-width:550px) {\n  #image_967559706 {\n    width: 21%;\n  }\n}\n@media (min-width:850px) {\n  #image_967559706 {\n    width: 13%;\n  }\n}\n<\/style>\n\t<\/div>\n\t\n\t\t\n<style>\n#stack-1714206652 > * {\n  --stack-gap: 0rem;\n}\n<\/style>\n\t<\/div>\n\t\n\t\t<\/div>\n\t\t\t\t\t<\/div>\n\n\t\n<\/div>\n\t\t<\/div>\n\n\t\t\n<style>\n#section_1524305828 {\n  padding-top: 30px;\n  padding-bottom: 30px;\n}\n<\/style>\n\t<\/section>","protected":false},"excerpt":{"rendered":"","protected":false},"author":2,"featured_media":0,"parent":0,"menu_order":0,"comment_status":"closed","ping_status":"closed","template":"","meta":{"footnotes":""},"class_list":["post-34168","page","type-page","status-publish","hentry"],"yoast_head":"<!-- This site is optimized with the Yoast SEO plugin v27.3 - https:\/\/yoast.com\/product\/yoast-seo-wordpress\/ -->\n<title>Wireless Frequency Protection - MNZ - Manuka New Zealand - The Best Raw Manuka Honey | Global<\/title>\n<meta name=\"robots\" content=\"index, follow, max-snippet:-1, max-image-preview:large, max-video-preview:-1\" \/>\n<link rel=\"canonical\" href=\"https:\/\/www.manukanewzealand.com\/pt\/wireless-frequency-protection\/\" \/>\n<meta property=\"og:locale\" content=\"pt_BR\" \/>\n<meta property=\"og:type\" content=\"article\" \/>\n<meta property=\"og:title\" content=\"Wireless Frequency Protection - MNZ - Manuka New Zealand - The Best Raw Manuka Honey | Global\" \/>\n<meta property=\"og:url\" content=\"https:\/\/www.manukanewzealand.com\/pt\/wireless-frequency-protection\/\" \/>\n<meta property=\"og:site_name\" content=\"MNZ - Manuka New Zealand - The Best Raw Manuka Honey | Global\" \/>\n<meta property=\"article:modified_time\" content=\"2026-02-18T14:03:34+00:00\" \/>\n<meta property=\"og:image\" content=\"https:\/\/www.manukanewzealand.com\/wp-content\/uploads\/2022\/11\/mnz-logo-200x200-1-1.png\" \/>\n\t<meta property=\"og:image:width\" content=\"200\" \/>\n\t<meta property=\"og:image:height\" content=\"200\" \/>\n\t<meta property=\"og:image:type\" content=\"image\/png\" \/>\n<meta name=\"twitter:card\" content=\"summary_large_image\" \/>\n<meta name=\"twitter:label1\" content=\"Est. tempo de leitura\" \/>\n\t<meta name=\"twitter:data1\" content=\"3 minutos\" \/>\n<script type=\"application\/ld+json\" class=\"yoast-schema-graph\">{\"@context\":\"https:\\\/\\\/schema.org\",\"@graph\":[{\"@type\":\"WebPage\",\"@id\":\"https:\\\/\\\/www.manukanewzealand.com\\\/wireless-frequency-protection\\\/\",\"url\":\"https:\\\/\\\/www.manukanewzealand.com\\\/wireless-frequency-protection\\\/\",\"name\":\"Wireless Frequency Protection - MNZ - Manuka New Zealand - The Best Raw Manuka Honey | Global\",\"isPartOf\":{\"@id\":\"https:\\\/\\\/www.manukanewzealand.com\\\/es\\\/#website\"},\"datePublished\":\"2023-07-18T14:42:12+00:00\",\"dateModified\":\"2026-02-18T14:03:34+00:00\",\"breadcrumb\":{\"@id\":\"https:\\\/\\\/www.manukanewzealand.com\\\/wireless-frequency-protection\\\/#breadcrumb\"},\"inLanguage\":\"pt-BR\",\"potentialAction\":[{\"@type\":\"ReadAction\",\"target\":[\"https:\\\/\\\/www.manukanewzealand.com\\\/wireless-frequency-protection\\\/\"]}]},{\"@type\":\"BreadcrumbList\",\"@id\":\"https:\\\/\\\/www.manukanewzealand.com\\\/wireless-frequency-protection\\\/#breadcrumb\",\"itemListElement\":[{\"@type\":\"ListItem\",\"position\":1,\"name\":\"Home\",\"item\":\"https:\\\/\\\/www.manukanewzealand.com\\\/\"},{\"@type\":\"ListItem\",\"position\":2,\"name\":\"Wireless Frequency Protection\"}]},{\"@type\":\"WebSite\",\"@id\":\"https:\\\/\\\/www.manukanewzealand.com\\\/es\\\/#website\",\"url\":\"https:\\\/\\\/www.manukanewzealand.com\\\/es\\\/\",\"name\":\"MNZ - Manuka New Zealand - The Best Raw Manuka Honey | Global\",\"description\":\"\",\"publisher\":{\"@id\":\"https:\\\/\\\/www.manukanewzealand.com\\\/es\\\/#organization\"},\"potentialAction\":[{\"@type\":\"SearchAction\",\"target\":{\"@type\":\"EntryPoint\",\"urlTemplate\":\"https:\\\/\\\/www.manukanewzealand.com\\\/es\\\/?s={search_term_string}\"},\"query-input\":{\"@type\":\"PropertyValueSpecification\",\"valueRequired\":true,\"valueName\":\"search_term_string\"}}],\"inLanguage\":\"pt-BR\"},{\"@type\":\"Organization\",\"@id\":\"https:\\\/\\\/www.manukanewzealand.com\\\/es\\\/#organization\",\"name\":\"MNZ - Manuka New Zealand - The Best Raw Manuka Honey | Global\",\"url\":\"https:\\\/\\\/www.manukanewzealand.com\\\/es\\\/\",\"logo\":{\"@type\":\"ImageObject\",\"inLanguage\":\"pt-BR\",\"@id\":\"https:\\\/\\\/www.manukanewzealand.com\\\/es\\\/#\\\/schema\\\/logo\\\/image\\\/\",\"url\":\"https:\\\/\\\/www.manukanewzealand.com\\\/wp-content\\\/uploads\\\/2022\\\/11\\\/mnz-logo-200x200-1-1.png\",\"contentUrl\":\"https:\\\/\\\/www.manukanewzealand.com\\\/wp-content\\\/uploads\\\/2022\\\/11\\\/mnz-logo-200x200-1-1.png\",\"width\":200,\"height\":200,\"caption\":\"MNZ - Manuka New Zealand - The Best Raw Manuka Honey | Global\"},\"image\":{\"@id\":\"https:\\\/\\\/www.manukanewzealand.com\\\/es\\\/#\\\/schema\\\/logo\\\/image\\\/\"}}]}<\/script>\n<!-- \/ Yoast SEO plugin. -->","yoast_head_json":{"title":"Prote\u00e7\u00e3o de frequ\u00eancia sem fio - MNZ - Manuka New Zealand - O melhor mel de Manuka cru do mundo","robots":{"index":"index","follow":"follow","max-snippet":"max-snippet:-1","max-image-preview":"max-image-preview:large","max-video-preview":"max-video-preview:-1"},"canonical":"https:\/\/www.manukanewzealand.com\/pt\/wireless-frequency-protection\/","og_locale":"pt_BR","og_type":"article","og_title":"Wireless Frequency Protection - MNZ - Manuka New Zealand - The Best Raw Manuka Honey | Global","og_url":"https:\/\/www.manukanewzealand.com\/pt\/wireless-frequency-protection\/","og_site_name":"MNZ - Manuka New Zealand - The Best Raw Manuka Honey | Global","article_modified_time":"2026-02-18T14:03:34+00:00","og_image":[{"width":200,"height":200,"url":"https:\/\/www.manukanewzealand.com\/wp-content\/uploads\/2022\/11\/mnz-logo-200x200-1-1.png","type":"image\/png"}],"twitter_card":"summary_large_image","twitter_misc":{"Est. tempo de leitura":"3 minutos"},"schema":{"@context":"https:\/\/schema.org","@graph":[{"@type":"WebPage","@id":"https:\/\/www.manukanewzealand.com\/wireless-frequency-protection\/","url":"https:\/\/www.manukanewzealand.com\/wireless-frequency-protection\/","name":"Prote\u00e7\u00e3o de frequ\u00eancia sem fio - MNZ - Manuka New Zealand - O melhor mel de Manuka cru do mundo","isPartOf":{"@id":"https:\/\/www.manukanewzealand.com\/es\/#website"},"datePublished":"2023-07-18T14:42:12+00:00","dateModified":"2026-02-18T14:03:34+00:00","breadcrumb":{"@id":"https:\/\/www.manukanewzealand.com\/wireless-frequency-protection\/#breadcrumb"},"inLanguage":"pt-BR","potentialAction":[{"@type":"ReadAction","target":["https:\/\/www.manukanewzealand.com\/wireless-frequency-protection\/"]}]},{"@type":"BreadcrumbList","@id":"https:\/\/www.manukanewzealand.com\/wireless-frequency-protection\/#breadcrumb","itemListElement":[{"@type":"ListItem","position":1,"name":"Home","item":"https:\/\/www.manukanewzealand.com\/"},{"@type":"ListItem","position":2,"name":"Wireless Frequency Protection"}]},{"@type":"WebSite","@id":"https:\/\/www.manukanewzealand.com\/es\/#website","url":"https:\/\/www.manukanewzealand.com\/es\/","name":"MNZ - Manuka New Zealand - O melhor mel de Manuka cru do mundo","description":"","publisher":{"@id":"https:\/\/www.manukanewzealand.com\/es\/#organization"},"potentialAction":[{"@type":"SearchAction","target":{"@type":"EntryPoint","urlTemplate":"https:\/\/www.manukanewzealand.com\/es\/?s={search_term_string}"},"query-input":{"@type":"PropertyValueSpecification","valueRequired":true,"valueName":"search_term_string"}}],"inLanguage":"pt-BR"},{"@type":"Organization","@id":"https:\/\/www.manukanewzealand.com\/es\/#organization","name":"MNZ - Manuka New Zealand - O melhor mel de Manuka cru do mundo","url":"https:\/\/www.manukanewzealand.com\/es\/","logo":{"@type":"ImageObject","inLanguage":"pt-BR","@id":"https:\/\/www.manukanewzealand.com\/es\/#\/schema\/logo\/image\/","url":"https:\/\/www.manukanewzealand.com\/wp-content\/uploads\/2022\/11\/mnz-logo-200x200-1-1.png","contentUrl":"https:\/\/www.manukanewzealand.com\/wp-content\/uploads\/2022\/11\/mnz-logo-200x200-1-1.png","width":200,"height":200,"caption":"MNZ - Manuka New Zealand - The Best Raw Manuka Honey | Global"},"image":{"@id":"https:\/\/www.manukanewzealand.com\/es\/#\/schema\/logo\/image\/"}}]}},"_links":{"self":[{"href":"https:\/\/www.manukanewzealand.com\/pt\/wp-json\/wp\/v2\/pages\/34168","targetHints":{"allow":["GET"]}}],"collection":[{"href":"https:\/\/www.manukanewzealand.com\/pt\/wp-json\/wp\/v2\/pages"}],"about":[{"href":"https:\/\/www.manukanewzealand.com\/pt\/wp-json\/wp\/v2\/types\/page"}],"author":[{"embeddable":true,"href":"https:\/\/www.manukanewzealand.com\/pt\/wp-json\/wp\/v2\/users\/2"}],"replies":[{"embeddable":true,"href":"https:\/\/www.manukanewzealand.com\/pt\/wp-json\/wp\/v2\/comments?post=34168"}],"version-history":[{"count":1,"href":"https:\/\/www.manukanewzealand.com\/pt\/wp-json\/wp\/v2\/pages\/34168\/revisions"}],"predecessor-version":[{"id":35291,"href":"https:\/\/www.manukanewzealand.com\/pt\/wp-json\/wp\/v2\/pages\/34168\/revisions\/35291"}],"wp:attachment":[{"href":"https:\/\/www.manukanewzealand.com\/pt\/wp-json\/wp\/v2\/media?parent=34168"}],"curies":[{"name":"wp","href":"https:\/\/api.w.org\/{rel}","templated":true}]}}