{"id":33604,"date":"2022-08-24T11:58:46","date_gmt":"2022-08-24T10:58:46","guid":{"rendered":"https:\/\/www.manukanewzealand.com\/?page_id=33604"},"modified":"2026-02-18T15:39:00","modified_gmt":"2026-02-18T14:39:00","slug":"information","status":"publish","type":"page","link":"https:\/\/www.manukanewzealand.com\/pt\/information\/","title":{"rendered":"Informa\u00e7\u00f5es sobre pre\u00e7os, remessa e pedidos"},"content":{"rendered":"<div id=\"page-header-1408407882\" class=\"page-header-wrapper\">\n  <div class=\"page-title dark simple-title\">\n\n        <div class=\"page-title-bg\">\n      <div class=\"title-bg fill bg-fill\"\n        data-parallax-container=\".page-title\"\n        data-parallax-background\n data-parallax=\"-\">\n      <\/div>\n      <div class=\"title-overlay fill\"><\/div>\n    <\/div>\n    \n    <div class=\"page-title-inner container align-center flex-row medium-flex-wrap\" >\n              <div class=\"title-wrapper is-large flex-col text-left medium-text-center\">\n          <h1 class=\"entry-title mb-0\">\n            Informa\u00e7\u00f5es sobre pre\u00e7os, remessa e pedidos          <\/h1>\n        <\/div>\n                    <div class=\"title-content flex-col flex-right text-right medium-text-center\">\n        <div class=\"title-breadcrumbs pb-half pt-half\"><nav class=\"woocommerce-breadcrumb breadcrumbs\" aria-label=\"Breadcrumb\">In\u00edcio<\/nav><\/div>      <\/div>\n    <\/div>\n\n     \n<style>\n#page-header-1408407882 .page-title-inner {\n  min-height: 250px;\n}\n#page-header-1408407882 .title-bg {\n  background-image: url(https:\/\/www.manukanewzealand.com\/wp-content\/uploads\/2026\/02\/mnz-header-2.jpg);\n}\n<\/style>\n  <\/div>\n    <\/div>\n  \n\n\t<section class=\"section\" id=\"section_1902047082\">\n\t\t<div class=\"section-bg fill\" >\n\t\t\t\t\t\t\t\t\t\n\t\t\t\n\n\t\t<\/div>\n\n\t\t\n\n\t\t<div class=\"section-content relative\">\n\t\t\t\n<div class=\"row\"  id=\"row-1321569374\">\n\n\t<div id=\"col-1902885657\" class=\"col small-12 large-12\"  >\n\t\t\t\t<div class=\"col-inner\"  >\n\t\t\t\n\t\t\t\n<div class=\"container section-title-container\" style=\"margin-top:75px;\"><h3 class=\"section-title section-title-center\"><b aria-hidden=\"true\"><\/b><span class=\"section-title-main\" >PRIVACIDADE, ISEN\u00c7\u00c3O DE RESPONSABILIDADE, TERMOS E CONDI\u00c7\u00d5ES<\/span><b aria-hidden=\"true\"><\/b><\/h3><\/div>\n<p style=\"text-align: center;\"><a href=\"https:\/\/www.manukanewzealand.com\/pt\/privacy\/\" rel=\"nofollow\">Pol\u00edtica de privacidade<\/a> |\u00a0<a href=\"https:\/\/www.manukanewzealand.com\/pt\/disclaimer\/\" rel=\"nofollow\">Isen\u00e7\u00e3o de responsabilidade \u00a0<\/a>|<a href=\"https:\/\/www.manukanewzealand.com\/pt\/generalconditions\/\" rel=\"nofollow\">Termos e condi\u00e7\u00f5es<\/a><\/p>\n<div class=\"container section-title-container\" style=\"margin-top:75px;\"><h3 class=\"section-title section-title-center\"><b aria-hidden=\"true\"><\/b><span class=\"section-title-main\" >ENTREGA<\/span><b aria-hidden=\"true\"><\/b><\/h3><\/div>\n<div id=\"_rich_text-96-20\" class=\"oxy-rich-text\">\n<h3>ENTREGA GRATUITA* EM TODO O MUNDO<\/h3>\n<p>Aproveite o frete gr\u00e1tis para a maioria dos pa\u00edses do mundo em pedidos acima de \u20ac 250. Para pedidos abaixo de \u20ac 250, o frete come\u00e7a em apenas \u20ac 50 para a maioria dos destinos da UE, com taxas exatas para pa\u00edses selecionados mostradas durante a finaliza\u00e7\u00e3o da compra.<\/p>\n<\/div>\n<div id=\"_rich_text-110-33604\" class=\"oxy-rich-text\">\n<h3>ENTREGA EM TODO O MUNDO<\/h3>\n<p>Fazemos entregas em todo o mundo, e os custos espec\u00edficos de entrega ser\u00e3o calculados e apresentados a voc\u00ea durante o processo de checkout.<\/p>\n<\/div>\n<div class=\"container section-title-container\" style=\"margin-top:75px;\"><h3 class=\"section-title section-title-center\"><b aria-hidden=\"true\"><\/b><span class=\"section-title-main\" >CONTA<\/span><b aria-hidden=\"true\"><\/b><\/h3><\/div>\n<p><strong>Criar uma conta<br \/><\/strong>Voc\u00ea pode criar uma conta de forma f\u00e1cil e gratuita por meio de\u00a0\u00a0<a href=\"https:\/\/www.manukanewzealand.com\/pt\/my-account\/\">https:\/\/www.manukanewzealand.com\/my-account\/<\/a><br \/><strong><br \/>Fazer login<br \/><\/strong>O login \u00e9 r\u00e1pido e f\u00e1cil por meio de\u00a0\u00a0<a href=\"https:\/\/www.manukanewzealand.com\/pt\/my-account\/\">https:\/\/www.manukanewzealand.com\/my-account\/<\/a><br \/><strong><br \/>Esqueceu sua senha?<br \/><\/strong>Voc\u00ea pode solicitar facilmente a senha de sua conta por meio de\u00a0<a href=\"https:\/\/www.manukanewzealand.com\/pt\/my-account\/lost-password\/\">https:\/\/www.manukanewzealand.com\/my-account\/lost-password\/<\/a><\/p>\n<div class=\"container section-title-container\" style=\"margin-top:75px;\"><h3 class=\"section-title section-title-center\"><b aria-hidden=\"true\"><\/b><span class=\"section-title-main\" >PEDIDOS<\/span><b aria-hidden=\"true\"><\/b><\/h3><\/div>\n<p><strong>Simples e r\u00e1pido<\/strong><br \/>Fazer e pagar seu pedido \u00e9 mais f\u00e1cil e r\u00e1pido por meio de nossa loja on-line.<\/p>\n<p><strong>Confirma\u00e7\u00e3o de pedido<\/strong><br \/>Voc\u00ea receber\u00e1 automaticamente uma confirma\u00e7\u00e3o do pedido por e-mail.\u00a0<\/p>\n<p><strong>Detalhes de nome e endere\u00e7o<\/strong><br \/>Para que possamos processar seu pedido adequadamente, tamb\u00e9m precisamos do seu n\u00famero de telefone e endere\u00e7o de e-mail, al\u00e9m dos detalhes do seu endere\u00e7o. Seus dados n\u00e3o ser\u00e3o vendidos ou repassados a terceiros!<\/p>\n<p><strong>Endere\u00e7o de entrega diferente<\/strong><br \/>Voc\u00ea pode inserir um endere\u00e7o de entrega diferente durante o pedido.<\/p>\n<div class=\"container section-title-container\" style=\"margin-top:75px;\"><h3 class=\"section-title section-title-center\"><b aria-hidden=\"true\"><\/b><span class=\"section-title-main\" >OP\u00c7\u00d5ES DE PAGAMENTO<\/span><b aria-hidden=\"true\"><\/b><\/h3><\/div>\n<p><strong>N\u00c3O H\u00c1 CUSTOS ADICIONAIS por usar as seguintes op\u00e7\u00f5es de pagamento:<\/strong><\/p>\n<ul>\n<li><strong>Apple Pay<\/strong> - Dispon\u00edvel globalmente (onde o Apple Pay \u00e9 compat\u00edvel)<\/li>\n<li><strong>Cart\u00e3o (cr\u00e9dito\/d\u00e9bito)<\/strong> - Dispon\u00edvel globalmente<\/li>\n<\/ul>\n<p>\u00a0<\/p>\n<div class=\"container section-title-container\" style=\"margin-top:75px;\"><h3 class=\"section-title section-title-center\"><b aria-hidden=\"true\"><\/b><span class=\"section-title-main\" >PRE\u00c7OS<\/span><b aria-hidden=\"true\"><\/b><\/h3><\/div>\n<p><strong>Todos os pre\u00e7os citados incluem IVA.<\/strong><br \/>Incluindo 9% VAT: Alimentos | Incluindo 21% VAT: Cosm\u00e9ticos<br \/><em>Erros e altera\u00e7\u00f5es reservados. Se a taxa de c\u00e2mbio mudar, uma altera\u00e7\u00e3o de pre\u00e7o poder\u00e1 ser feita sem aviso pr\u00e9vio ou nova lista de pre\u00e7os. As altera\u00e7\u00f5es de pre\u00e7o est\u00e3o sujeitas a altera\u00e7\u00f5es. Reserva-se o direito a erros de impress\u00e3o e publica\u00e7\u00e3o. Os pre\u00e7os indicados neste site incluem IVA. Se estiver fazendo o pedido com um n\u00famero v\u00e1lido de IVA da UE, voc\u00ea poder\u00e1 adicion\u00e1-lo durante a finaliza\u00e7\u00e3o da compra, o que resultar\u00e1 em uma cobran\u00e7a de IVA de 0%.<\/em><\/p>\n<div class=\"container section-title-container\" style=\"margin-top:75px;\"><h3 class=\"section-title section-title-center\"><b aria-hidden=\"true\"><\/b><span class=\"section-title-main\" >PRAZOS DE ENTREGA<\/span><b aria-hidden=\"true\"><\/b><\/h3><\/div>\n<p>Processamos pedidos de segunda a sexta-feira, das 7h \u00e0s 17h.<\/p>\n<p>Depois que seu pedido \u00e9 processado, a entrega normalmente leva de 2 a 24 dias \u00fateis, dependendo de sua localiza\u00e7\u00e3o. Assim que o seu pacote sair do nosso dep\u00f3sito, voc\u00ea receber\u00e1 um e-mail de confirma\u00e7\u00e3o de envio com um link de rastreamento para que possa acompanhar facilmente o seu pedido.<\/p>\n<p>Os pedidos s\u00e3o enviados por PostNL ou UPS.<\/p>\n<p>Se tiver alguma d\u00favida ou precisar de assist\u00eancia, nossa equipe de suporte ao cliente est\u00e1 sempre pronta para ajudar.<\/p>\n<div class=\"container section-title-container\" style=\"margin-top:75px;\"><h3 class=\"section-title section-title-center\"><b aria-hidden=\"true\"><\/b><span class=\"section-title-main\" >Alf\u00e2ndega, taxas e impostos de importa\u00e7\u00e3o<\/span><b aria-hidden=\"true\"><\/b><\/h3><\/div>\n<p>Para entregas fora da Uni\u00e3o Europeia, seu pedido pode estar sujeito a taxas alfandeg\u00e1rias, impostos de importa\u00e7\u00e3o ou taxas de manuseio locais. Esses encargos s\u00e3o determinados pelas autoridades do pa\u00eds de destino e n\u00e3o est\u00e3o inclu\u00eddos nos pre\u00e7os dos produtos ou nos custos de envio.<\/p>\n<p>Quaisquer taxas alfandeg\u00e1rias, IVA ou encargos adicionais aplic\u00e1veis s\u00e3o de responsabilidade do destinat\u00e1rio. Recomendamos verificar com o escrit\u00f3rio de alf\u00e2ndega local para obter mais informa\u00e7\u00f5es sobre poss\u00edveis custos de importa\u00e7\u00e3o antes de fazer seu pedido.<\/p>\n<p>Observe que os procedimentos de libera\u00e7\u00e3o alfandeg\u00e1ria podem ocasionalmente causar atrasos al\u00e9m do prazo de entrega estimado.<\/p>\n\t\t<\/div>\n\t\t\t\t\t<\/div>\n\n\t\n<\/div>\n\t\t<\/div>\n\n\t\t\n<style>\n#section_1902047082 {\n  padding-top: 30px;\n  padding-bottom: 30px;\n}\n<\/style>\n\t<\/section>","protected":false},"excerpt":{"rendered":"","protected":false},"author":2,"featured_media":0,"parent":0,"menu_order":0,"comment_status":"closed","ping_status":"closed","template":"","meta":{"footnotes":""},"class_list":["post-33604","page","type-page","status-publish","hentry"],"yoast_head":"<!-- This site is optimized with the Yoast SEO plugin v27.3 - https:\/\/yoast.com\/product\/yoast-seo-wordpress\/ -->\n<title>Pricing, Shipping and Ordering Information - MNZ - Manuka New Zealand - The Best Raw Manuka Honey | Global<\/title>\n<meta name=\"description\" content=\"Discover MNZ&#039;s competitive prices and excellent international shipping options. With affordable shipping rates, get MNZ products delivered quickly and conveniently to your doorstep anywhere in the world. Shop now for quality and value\" \/>\n<meta name=\"robots\" content=\"index, follow, max-snippet:-1, max-image-preview:large, max-video-preview:-1\" \/>\n<link rel=\"canonical\" href=\"https:\/\/www.manukanewzealand.com\/pt\/information\/\" \/>\n<meta property=\"og:locale\" content=\"pt_BR\" \/>\n<meta property=\"og:type\" content=\"article\" \/>\n<meta property=\"og:title\" content=\"Pricing, Shipping and Ordering Information - MNZ - Manuka New Zealand - The Best Raw Manuka Honey | Global\" \/>\n<meta property=\"og:description\" content=\"Discover MNZ&#039;s competitive prices and excellent international shipping options. With affordable shipping rates, get MNZ products delivered quickly and conveniently to your doorstep anywhere in the world. Shop now for quality and value\" \/>\n<meta property=\"og:url\" content=\"https:\/\/www.manukanewzealand.com\/pt\/information\/\" \/>\n<meta property=\"og:site_name\" content=\"MNZ - Manuka New Zealand - The Best Raw Manuka Honey | Global\" \/>\n<meta property=\"article:modified_time\" content=\"2026-02-18T14:39:00+00:00\" \/>\n<meta property=\"og:image\" content=\"https:\/\/www.manukanewzealand.com\/wp-content\/uploads\/2022\/11\/mnz-logo-200x200-1-1.png\" \/>\n\t<meta property=\"og:image:width\" content=\"200\" \/>\n\t<meta property=\"og:image:height\" content=\"200\" \/>\n\t<meta property=\"og:image:type\" content=\"image\/png\" \/>\n<meta name=\"twitter:card\" content=\"summary_large_image\" \/>\n<meta name=\"twitter:label1\" content=\"Est. tempo de leitura\" \/>\n\t<meta name=\"twitter:data1\" content=\"3 minutos\" \/>\n<script type=\"application\/ld+json\" class=\"yoast-schema-graph\">{\"@context\":\"https:\\\/\\\/schema.org\",\"@graph\":[{\"@type\":\"WebPage\",\"@id\":\"https:\\\/\\\/www.manukanewzealand.com\\\/information\\\/\",\"url\":\"https:\\\/\\\/www.manukanewzealand.com\\\/information\\\/\",\"name\":\"Pricing, Shipping and Ordering Information - MNZ - Manuka New Zealand - The Best Raw Manuka Honey | Global\",\"isPartOf\":{\"@id\":\"https:\\\/\\\/www.manukanewzealand.com\\\/es\\\/#website\"},\"datePublished\":\"2022-08-24T10:58:46+00:00\",\"dateModified\":\"2026-02-18T14:39:00+00:00\",\"description\":\"Discover MNZ's competitive prices and excellent international shipping options. With affordable shipping rates, get MNZ products delivered quickly and conveniently to your doorstep anywhere in the world. Shop now for quality and value\",\"breadcrumb\":{\"@id\":\"https:\\\/\\\/www.manukanewzealand.com\\\/information\\\/#breadcrumb\"},\"inLanguage\":\"pt-BR\",\"potentialAction\":[{\"@type\":\"ReadAction\",\"target\":[\"https:\\\/\\\/www.manukanewzealand.com\\\/information\\\/\"]}]},{\"@type\":\"BreadcrumbList\",\"@id\":\"https:\\\/\\\/www.manukanewzealand.com\\\/information\\\/#breadcrumb\",\"itemListElement\":[{\"@type\":\"ListItem\",\"position\":1,\"name\":\"Home\",\"item\":\"https:\\\/\\\/www.manukanewzealand.com\\\/\"},{\"@type\":\"ListItem\",\"position\":2,\"name\":\"Pricing, Shipping and Ordering Information\"}]},{\"@type\":\"WebSite\",\"@id\":\"https:\\\/\\\/www.manukanewzealand.com\\\/es\\\/#website\",\"url\":\"https:\\\/\\\/www.manukanewzealand.com\\\/es\\\/\",\"name\":\"MNZ - Manuka New Zealand - The Best Raw Manuka Honey | Global\",\"description\":\"\",\"publisher\":{\"@id\":\"https:\\\/\\\/www.manukanewzealand.com\\\/es\\\/#organization\"},\"potentialAction\":[{\"@type\":\"SearchAction\",\"target\":{\"@type\":\"EntryPoint\",\"urlTemplate\":\"https:\\\/\\\/www.manukanewzealand.com\\\/es\\\/?s={search_term_string}\"},\"query-input\":{\"@type\":\"PropertyValueSpecification\",\"valueRequired\":true,\"valueName\":\"search_term_string\"}}],\"inLanguage\":\"pt-BR\"},{\"@type\":\"Organization\",\"@id\":\"https:\\\/\\\/www.manukanewzealand.com\\\/es\\\/#organization\",\"name\":\"MNZ - Manuka New Zealand - The Best Raw Manuka Honey | Global\",\"url\":\"https:\\\/\\\/www.manukanewzealand.com\\\/es\\\/\",\"logo\":{\"@type\":\"ImageObject\",\"inLanguage\":\"pt-BR\",\"@id\":\"https:\\\/\\\/www.manukanewzealand.com\\\/es\\\/#\\\/schema\\\/logo\\\/image\\\/\",\"url\":\"https:\\\/\\\/www.manukanewzealand.com\\\/wp-content\\\/uploads\\\/2022\\\/11\\\/mnz-logo-200x200-1-1.png\",\"contentUrl\":\"https:\\\/\\\/www.manukanewzealand.com\\\/wp-content\\\/uploads\\\/2022\\\/11\\\/mnz-logo-200x200-1-1.png\",\"width\":200,\"height\":200,\"caption\":\"MNZ - Manuka New Zealand - The Best Raw Manuka Honey | Global\"},\"image\":{\"@id\":\"https:\\\/\\\/www.manukanewzealand.com\\\/es\\\/#\\\/schema\\\/logo\\\/image\\\/\"}}]}<\/script>\n<!-- \/ Yoast SEO plugin. -->","yoast_head_json":{"title":"Informa\u00e7\u00f5es sobre pre\u00e7os, remessa e pedidos - MNZ - Manuka New Zealand - O melhor mel de Manuka cru do mundo","description":"Descubra os pre\u00e7os competitivos e as excelentes op\u00e7\u00f5es de remessa internacional da MNZ. Com taxas de remessa acess\u00edveis, os produtos da MNZ s\u00e3o entregues de forma r\u00e1pida e conveniente na porta de sua casa em qualquer lugar do mundo. Compre agora para obter qualidade e valor","robots":{"index":"index","follow":"follow","max-snippet":"max-snippet:-1","max-image-preview":"max-image-preview:large","max-video-preview":"max-video-preview:-1"},"canonical":"https:\/\/www.manukanewzealand.com\/pt\/information\/","og_locale":"pt_BR","og_type":"article","og_title":"Pricing, Shipping and Ordering Information - MNZ - Manuka New Zealand - The Best Raw Manuka Honey | Global","og_description":"Discover MNZ's competitive prices and excellent international shipping options. With affordable shipping rates, get MNZ products delivered quickly and conveniently to your doorstep anywhere in the world. Shop now for quality and value","og_url":"https:\/\/www.manukanewzealand.com\/pt\/information\/","og_site_name":"MNZ - Manuka New Zealand - The Best Raw Manuka Honey | Global","article_modified_time":"2026-02-18T14:39:00+00:00","og_image":[{"width":200,"height":200,"url":"https:\/\/www.manukanewzealand.com\/wp-content\/uploads\/2022\/11\/mnz-logo-200x200-1-1.png","type":"image\/png"}],"twitter_card":"summary_large_image","twitter_misc":{"Est. tempo de leitura":"3 minutos"},"schema":{"@context":"https:\/\/schema.org","@graph":[{"@type":"WebPage","@id":"https:\/\/www.manukanewzealand.com\/information\/","url":"https:\/\/www.manukanewzealand.com\/information\/","name":"Informa\u00e7\u00f5es sobre pre\u00e7os, remessa e pedidos - MNZ - Manuka New Zealand - O melhor mel de Manuka cru do mundo","isPartOf":{"@id":"https:\/\/www.manukanewzealand.com\/es\/#website"},"datePublished":"2022-08-24T10:58:46+00:00","dateModified":"2026-02-18T14:39:00+00:00","description":"Descubra os pre\u00e7os competitivos e as excelentes op\u00e7\u00f5es de remessa internacional da MNZ. Com taxas de remessa acess\u00edveis, os produtos da MNZ s\u00e3o entregues de forma r\u00e1pida e conveniente na porta de sua casa em qualquer lugar do mundo. Compre agora para obter qualidade e valor","breadcrumb":{"@id":"https:\/\/www.manukanewzealand.com\/information\/#breadcrumb"},"inLanguage":"pt-BR","potentialAction":[{"@type":"ReadAction","target":["https:\/\/www.manukanewzealand.com\/information\/"]}]},{"@type":"BreadcrumbList","@id":"https:\/\/www.manukanewzealand.com\/information\/#breadcrumb","itemListElement":[{"@type":"ListItem","position":1,"name":"Home","item":"https:\/\/www.manukanewzealand.com\/"},{"@type":"ListItem","position":2,"name":"Pricing, Shipping and Ordering Information"}]},{"@type":"WebSite","@id":"https:\/\/www.manukanewzealand.com\/es\/#website","url":"https:\/\/www.manukanewzealand.com\/es\/","name":"MNZ - Manuka New Zealand - O melhor mel de Manuka cru do mundo","description":"","publisher":{"@id":"https:\/\/www.manukanewzealand.com\/es\/#organization"},"potentialAction":[{"@type":"SearchAction","target":{"@type":"EntryPoint","urlTemplate":"https:\/\/www.manukanewzealand.com\/es\/?s={search_term_string}"},"query-input":{"@type":"PropertyValueSpecification","valueRequired":true,"valueName":"search_term_string"}}],"inLanguage":"pt-BR"},{"@type":"Organization","@id":"https:\/\/www.manukanewzealand.com\/es\/#organization","name":"MNZ - Manuka New Zealand - O melhor mel de Manuka cru do mundo","url":"https:\/\/www.manukanewzealand.com\/es\/","logo":{"@type":"ImageObject","inLanguage":"pt-BR","@id":"https:\/\/www.manukanewzealand.com\/es\/#\/schema\/logo\/image\/","url":"https:\/\/www.manukanewzealand.com\/wp-content\/uploads\/2022\/11\/mnz-logo-200x200-1-1.png","contentUrl":"https:\/\/www.manukanewzealand.com\/wp-content\/uploads\/2022\/11\/mnz-logo-200x200-1-1.png","width":200,"height":200,"caption":"MNZ - Manuka New Zealand - The Best Raw Manuka Honey | Global"},"image":{"@id":"https:\/\/www.manukanewzealand.com\/es\/#\/schema\/logo\/image\/"}}]}},"_links":{"self":[{"href":"https:\/\/www.manukanewzealand.com\/pt\/wp-json\/wp\/v2\/pages\/33604","targetHints":{"allow":["GET"]}}],"collection":[{"href":"https:\/\/www.manukanewzealand.com\/pt\/wp-json\/wp\/v2\/pages"}],"about":[{"href":"https:\/\/www.manukanewzealand.com\/pt\/wp-json\/wp\/v2\/types\/page"}],"author":[{"embeddable":true,"href":"https:\/\/www.manukanewzealand.com\/pt\/wp-json\/wp\/v2\/users\/2"}],"replies":[{"embeddable":true,"href":"https:\/\/www.manukanewzealand.com\/pt\/wp-json\/wp\/v2\/comments?post=33604"}],"version-history":[{"count":3,"href":"https:\/\/www.manukanewzealand.com\/pt\/wp-json\/wp\/v2\/pages\/33604\/revisions"}],"predecessor-version":[{"id":35315,"href":"https:\/\/www.manukanewzealand.com\/pt\/wp-json\/wp\/v2\/pages\/33604\/revisions\/35315"}],"wp:attachment":[{"href":"https:\/\/www.manukanewzealand.com\/pt\/wp-json\/wp\/v2\/media?parent=33604"}],"curies":[{"name":"wp","href":"https:\/\/api.w.org\/{rel}","templated":true}]}}