{"id":32835,"date":"2022-02-02T16:36:11","date_gmt":"2022-02-02T15:36:11","guid":{"rendered":"https:\/\/www.manukanewzealand.com\/?page_id=32835"},"modified":"2026-02-18T15:01:50","modified_gmt":"2026-02-18T14:01:50","slug":"beeprotection","status":"publish","type":"page","link":"https:\/\/www.manukanewzealand.com\/pt\/beeprotection\/","title":{"rendered":"Programa de prote\u00e7\u00e3o e sa\u00fade das abelhas"},"content":{"rendered":"<div id=\"page-header-132816691\" class=\"page-header-wrapper\">\n  <div class=\"page-title dark divided-title\">\n\n        <div class=\"page-title-bg\">\n      <div class=\"title-bg fill bg-fill\"\n        data-parallax-container=\".page-title\"\n        data-parallax-background\n data-parallax=\"-\">\n      <\/div>\n      <div class=\"title-overlay fill\"><\/div>\n    <\/div>\n    \n    <div class=\"page-title-inner container align-center flex-row medium-flex-wrap\" >\n              <div class=\"title-wrapper flex-col text-left medium-text-center\">\n          <h1 class=\"entry-title mb-0\">\n            Programa de prote\u00e7\u00e3o e sa\u00fade das abelhas          <\/h1>\n        <\/div>\n                    <div class=\"title-content flex-col flex-right text-right medium-text-center\">\n        <div class=\"title-breadcrumbs pb-half pt-half\"><nav class=\"woocommerce-breadcrumb breadcrumbs\" aria-label=\"Breadcrumb\">In\u00edcio<\/nav><\/div>      <\/div>\n    <\/div>\n\n     \n<style>\n#page-header-132816691 .page-title-inner {\n  min-height: 250px;\n}\n#page-header-132816691 .title-bg {\n  background-image: url(https:\/\/www.manukanewzealand.com\/wp-content\/uploads\/2026\/02\/mnz-header-2.jpg);\n}\n<\/style>\n  <\/div>\n  <div class=\"container header-wrapper-divider\"><hr\/><\/div>  <\/div>\n  \n\n\n\t<section class=\"section\" id=\"section_1293925826\">\n\t\t<div class=\"section-bg fill\" >\n\t\t\t\t\t\t\t\t\t\n\t\t\t\n\n\t\t<\/div>\n\n\t\t\n\n\t\t<div class=\"section-content relative\">\n\t\t\t\n\n<div class=\"row\"  id=\"row-1993867059\">\n\n\n\t<div id=\"col-860490818\" class=\"col medium-12 small-12 large-8\"  >\n\t\t\t\t<div class=\"col-inner\"  >\n\t\t\t\n\t\t\t\n\n<p>Como parte do Programa de Prote\u00e7\u00e3o e Sa\u00fade das Abelhas da MNZ, trabalhamos com nossos pr\u00f3prios apicultores dedicados e empregamos um apicultor especializado juntamente com inspetores de apicultura sazonais em toda a Nova Zel\u00e2ndia. Nossas equipes operam tanto na Ilha do Norte quanto na Ilha do Sul, garantindo a supervis\u00e3o cont\u00ednua da sa\u00fade e da coloca\u00e7\u00e3o das colmeias.<\/p>\n<p>Atualmente, a MNZ gerencia mais de 5.600 colmeias, que abrigam muitos milh\u00f5es de abelhas, localizadas em algumas das \u00e1reas rurais mais remotas da Nova Zel\u00e2ndia. A localiza\u00e7\u00e3o das colmeias varia de locais maiores com mais de 80 col\u00f4nias a \u00e1reas altamente isoladas com apenas algumas colmeias. A coloca\u00e7\u00e3o \u00e9 cuidadosamente selecionada em regi\u00f5es intocadas, com abund\u00e2ncia de \u00e1rvores Manuka e exposi\u00e7\u00e3o m\u00ednima \u00e0 atividade agr\u00edcola.<\/p>\n<p>O Bee Protection &amp; Health Program concentra-se na inspe\u00e7\u00e3o regular de colmeias de madeira, monitorando a for\u00e7a da col\u00f4nia, a vitalidade da rainha e a condi\u00e7\u00e3o geral da colmeia. \u00c9 dada aten\u00e7\u00e3o especial \u00e0 detec\u00e7\u00e3o e ao gerenciamento de pragas, como os \u00e1caros Varroa e Tropilaelaps, bem como de agentes patog\u00eanicos, incluindo Nosema e outros v\u00edrus.<\/p>\n<p>A sa\u00fade e a origem das rainhas s\u00e3o monitoradas de perto, inclusive as rainhas obtidas de criadores externos. Essa supervis\u00e3o estruturada ajuda a proteger a integridade de toda a cadeia de suprimentos, desde col\u00f4nias saud\u00e1veis at\u00e9 o produto final.<\/p>\n<p><strong>Como parte de nosso Programa de Prote\u00e7\u00e3o e Sa\u00fade das Abelhas, a MNZ segue uma pol\u00edtica de alimenta\u00e7\u00e3o rigorosa: nossas abelhas s\u00e3o alimentadas exclusivamente com suas pr\u00f3prias reservas de mel acumuladas durante a esta\u00e7\u00e3o. A alimenta\u00e7\u00e3o suplementar s\u00f3 \u00e9 considerada em casos de condi\u00e7\u00f5es clim\u00e1ticas extremas. Nosso sistema de gerenciamento de colmeias garante que as col\u00f4nias mantenham reservas de mel suficientes para se sustentarem naturalmente durante o inverno da Nova Zel\u00e2ndia.<\/strong><\/p>\n<p>Al\u00e9m do gerenciamento das colmeias, a MNZ opera um rigoroso sistema de controle de qualidade. Todo o mel Manuka \u00e9 testado quanto a par\u00e2metros microbiol\u00f3gicos, toxinas, res\u00edduos de pesticidas, a\u00e7\u00facares, marcadores de p\u00f3len, teor de umidade, cor, sabor e atividade enzim\u00e1tica, de acordo com os requisitos do MPI. Isso garante que todo o mel que entra e sai de nossas instala\u00e7\u00f5es de embalagem atenda aos mais altos padr\u00f5es.<\/p>\n<p>A MNZ opera sob a supervis\u00e3o de duas autoridades governamentais da Nova Zel\u00e2ndia. O Minist\u00e9rio das Ind\u00fastrias Prim\u00e1rias (MPI) \u00e9 respons\u00e1vel pelo sistema nacional de seguran\u00e7a alimentar e monitora a conformidade no setor de alimentos. A MNZ participa do programa nacional de triagem do MPI, al\u00e9m dos nossos procedimentos internos de monitoramento. A se\u00e7\u00e3o 8.0 da Lista Consolidada de Testes para Produtos de Origem Animal do MPI descreve o programa de testes de res\u00edduos qu\u00edmicos aplic\u00e1vel ao mel.<\/p>\n<p>A Autoridade de Prote\u00e7\u00e3o Ambiental da Nova Zel\u00e2ndia (EPA) regulamenta o uso de pesticidas e inseticidas para proteger as abelhas e os polinizadores. Controles rigorosos se aplicam aos neonicotinoides e a outras subst\u00e2ncias, com medidas espec\u00edficas destinadas a proteger a sa\u00fade dos polinizadores.<\/p>\n<p>A medida de prote\u00e7\u00e3o mais importante continua sendo a coloca\u00e7\u00e3o da colmeia. A MNZ posiciona deliberadamente suas colmeias em locais remotos, rurais e intocados, longe da agricultura intensiva. Isso reduz significativamente o risco de exposi\u00e7\u00e3o a herbicidas e pesticidas.<\/p>\n<p>Como parte do Programa de Prote\u00e7\u00e3o e Sa\u00fade das Abelhas, todos os produtos de mel passam por testes extensivos de compostos naturais e poss\u00edveis elementos residuais de pesticidas. Esse monitoramento sistem\u00e1tico apoia nosso compromisso com a pureza e a qualidade.<\/p>\n<p><strong>A MNZ produz exclusivamente mel de Manuka monofloral cru, n\u00e3o filtrado e n\u00e3o pasteurizado. Todos os produtos s\u00e3o produzidos, processados e embalados na Nova Zel\u00e2ndia usando embalagens sem BPA.<\/strong><\/p>\n\n\n\t\t<\/div>\n\t\t\t\t\t<\/div>\n\n\t\n\n\t<div id=\"col-1925591454\" class=\"col medium-12 small-12 large-4\"  >\n\t\t\t\t<div class=\"col-inner text-center\"  >\n\t\t\t\n\t\t\t\n\n\t<div class=\"img has-hover x md-x lg-x y md-y lg-y\" id=\"image_1034298317\">\n\t\t\t\t\t\t\t\t<div class=\"img-inner dark\" >\n\t\t\t<img decoding=\"async\" width=\"573\" height=\"573\" src=\"https:\/\/www.manukanewzealand.com\/wp-content\/uploads\/2022\/02\/Manuka-ID-1.png\" class=\"attachment-large size-large\" alt=\"\" srcset=\"https:\/\/www.manukanewzealand.com\/wp-content\/uploads\/2022\/02\/Manuka-ID-1.png 573w, https:\/\/www.manukanewzealand.com\/wp-content\/uploads\/2022\/02\/Manuka-ID-1-500x500.png 500w, https:\/\/www.manukanewzealand.com\/wp-content\/uploads\/2022\/02\/Manuka-ID-1-100x100.png 100w, https:\/\/www.manukanewzealand.com\/wp-content\/uploads\/2022\/02\/Manuka-ID-1-300x300.png 300w, https:\/\/www.manukanewzealand.com\/wp-content\/uploads\/2022\/02\/Manuka-ID-1-80x80.png 80w, https:\/\/www.manukanewzealand.com\/wp-content\/uploads\/2022\/02\/Manuka-ID-1-12x12.png 12w\" sizes=\"(max-width: 573px) 100vw, 573px\" \/>\t\t\t\t\t\t\n\t\t\t\t\t<\/div>\n\t\t\t\t\t\t\t\t\n<style>\n#image_1034298317 {\n  width: 100%;\n}\n<\/style>\n\t<\/div>\n\t\n\n\t\n  \n    <div class=\"row large-columns-1 medium-columns- small-columns- row-small slider row-slider slider-nav-reveal slider-nav-push\"  data-flickity-options='{&quot;imagesLoaded&quot;: true, &quot;groupCells&quot;: &quot;100%&quot;, &quot;dragThreshold&quot; : 5, &quot;cellAlign&quot;: &quot;left&quot;,&quot;wrapAround&quot;: true,&quot;prevNextButtons&quot;: true,&quot;percentPosition&quot;: true,&quot;pageDots&quot;: false, &quot;rightToLeft&quot;: false, &quot;autoPlay&quot; : false}' >\n\n  \n\t     <div class=\"product-small col has-hover product type-product post-33315 status-publish first instock product_cat-uncategorized has-post-thumbnail taxable shipping-taxable purchasable product-type-simple\">\n\t<div class=\"col-inner\">\n\t\n<div class=\"badge-container absolute left top z-1\">\n\n<\/div>\n\t<div class=\"product-small box\">\n\t\t<div class=\"box-image\">\n\t\t\t<div class=\"image-none\">\n\t\t\t\t<a href=\"https:\/\/www.manukanewzealand.com\/pt\/product\/mgo-250-manuka-honey-250gr\/\">\n\t\t\t\t\t<img decoding=\"async\" width=\"500\" height=\"500\" src=\"https:\/\/www.manukanewzealand.com\/wp-content\/uploads\/2022\/07\/manukahoney-mnz250-250g-1.webp\" class=\"attachment-woocommerce_thumbnail size-woocommerce_thumbnail\" alt=\"Mel de Manuka MGO 250+ 250gr.\" srcset=\"https:\/\/www.manukanewzealand.com\/wp-content\/uploads\/2022\/07\/manukahoney-mnz250-250g-1.webp 500w, https:\/\/www.manukanewzealand.com\/wp-content\/uploads\/2022\/07\/manukahoney-mnz250-250g-1-100x100.webp 100w, https:\/\/www.manukanewzealand.com\/wp-content\/uploads\/2022\/07\/manukahoney-mnz250-250g-1-400x400.webp 400w\" sizes=\"(max-width: 500px) 100vw, 500px\" \/>\t\t\t\t<\/a>\n\t\t\t<\/div>\n\t\t\t<div class=\"image-tools is-small top right show-on-hover\">\n\t\t\t\t\t\t<div class=\"wishlist-icon\">\n\t\t\t<button class=\"wishlist-button button is-outline circle icon\" aria-label=\"Lista de desejos\">\n\t\t\t\t<i class=\"icon-heart\" aria-hidden=\"true\"><\/i>\t\t\t<\/button>\n\t\t\t<div class=\"wishlist-popup dark\">\n\t\t\t\t\n<div\n\tclass=\"yith-wcwl-add-to-wishlist add-to-wishlist-33315 yith-wcwl-add-to-wishlist--link-style wishlist-fragment on-first-load\"\n\tdata-fragment-ref=\"33315\"\n\tdata-fragment-options=\"{&quot;base_url&quot;:&quot;&quot;,&quot;product_id&quot;:33315,&quot;parent_product_id&quot;:0,&quot;product_type&quot;:&quot;simple&quot;,&quot;is_single&quot;:false,&quot;in_default_wishlist&quot;:false,&quot;show_view&quot;:false,&quot;browse_wishlist_text&quot;:&quot;Browse wishlist&quot;,&quot;already_in_wishslist_text&quot;:&quot;The product is already in your wishlist!&quot;,&quot;product_added_text&quot;:&quot;Product added!&quot;,&quot;available_multi_wishlist&quot;:false,&quot;disable_wishlist&quot;:false,&quot;show_count&quot;:false,&quot;ajax_loading&quot;:false,&quot;loop_position&quot;:&quot;after_add_to_cart&quot;,&quot;item&quot;:&quot;add_to_wishlist&quot;}\"\n>\n\t<\/div>\n\t\t\t<\/div>\n\t\t<\/div>\n\t\t\t\t\t<\/div>\n\t\t\t<div class=\"image-tools is-small hide-for-small bottom left show-on-hover\">\n\t\t\t\t\t\t\t<\/div>\n\t\t\t<div class=\"image-tools grid-tools text-center hide-for-small bottom hover-slide-in show-on-hover\">\n\t\t\t\t\t\t\t<\/div>\n\t\t\t\t\t<\/div>\n\n\t\t<div class=\"box-text box-text-products text-center grid-style-2\">\n\t\t\t<div class=\"title-wrapper\"><p class=\"name product-title woocommerce-loop-product__title\"><a href=\"https:\/\/www.manukanewzealand.com\/pt\/product\/mgo-250-manuka-honey-250gr\/\" class=\"woocommerce-LoopProduct-link woocommerce-loop-product__link\">Mel de Manuka MGO 250+ 250gr.<\/a><\/p><\/div><div class=\"price-wrapper\">\n\t<span class=\"price\"><span class=\"woocommerce-Price-amount amount\"><bdi><span class=\"woocommerce-Price-currencySymbol\">\u20ac<\/span>40,50<\/bdi><\/span> <small class=\"woocommerce-price-suffix\">incluindo IVA<\/small><\/span>\n<\/div><div class=\"add-to-cart-button\"><a href=\"\/pt\/wp-json\/wp\/v2\/pages\/32835?add-to-cart=33315\" aria-describedby=\"woocommerce_loop_add_to_cart_link_describedby_33315\" data-quantity=\"1\" class=\"primary is-small mb-0 button product_type_simple add_to_cart_button ajax_add_to_cart is-outline\" data-product_id=\"33315\" data-product_sku=\"MNZ003\" aria-label=\"Adicionar ao carrinho: \u201cMel de Manuka MGO 250+ 250gr.\u201d\" rel=\"nofollow\" data-success_message=\"&ldquo;Manuka Honey MGO 250+ 250gr.&rdquo; has been added to your cart\" role=\"button\">Adicionar ao carrinho<\/a><\/div>\t<span id=\"woocommerce_loop_add_to_cart_link_describedby_33315\" class=\"screen-reader-text\">\n\t\t\t<\/span>\n\t\t<\/div>\n\t<\/div>\n\t\t<\/div>\n<\/div><\/div>\n\n\n\t\t<\/div>\n\t\t\t\t\n<style>\n#col-1925591454 > .col-inner {\n  max-width: 500px;\n}\n<\/style>\n\t<\/div>\n\n\t\n\n<\/div>\n\n\t\t<\/div>\n\n\t\t\n<style>\n#section_1293925826 {\n  padding-top: 30px;\n  padding-bottom: 30px;\n}\n<\/style>\n\t<\/section>\n\t\n<p><\/p><!-- \/wp:post-content -->","protected":false},"excerpt":{"rendered":"","protected":false},"author":2,"featured_media":0,"parent":0,"menu_order":0,"comment_status":"closed","ping_status":"closed","template":"","meta":{"footnotes":""},"class_list":["post-32835","page","type-page","status-publish","hentry"],"yoast_head":"<!-- This site is optimized with the Yoast SEO plugin v27.3 - https:\/\/yoast.com\/product\/yoast-seo-wordpress\/ -->\n<title>Bee Protection &amp; Health Program - Manuka New Zealand<\/title>\n<meta name=\"description\" content=\"As part of Manuka New Zealand\u2019s Bee Protection &amp; Health Program, in addition to our own dedicated beekeepers, we currently employ a specialist apiculturist and seasonal beekeeping inspectors based in New Zealand\u2019s North Island, with assigned areas on both the North and South Island. Manuka New Zealand takes good care of our wonderful hard workers; our precious bees.\" \/>\n<meta name=\"robots\" content=\"index, follow, max-snippet:-1, max-image-preview:large, max-video-preview:-1\" \/>\n<link rel=\"canonical\" href=\"https:\/\/www.manukanewzealand.com\/pt\/beeprotection\/\" \/>\n<meta property=\"og:locale\" content=\"pt_BR\" \/>\n<meta property=\"og:type\" content=\"article\" \/>\n<meta property=\"og:title\" content=\"Bee Protection &amp; Health Program - Manuka New Zealand\" \/>\n<meta property=\"og:description\" content=\"As part of Manuka New Zealand\u2019s Bee Protection &amp; Health Program, in addition to our own dedicated beekeepers, we currently employ a specialist apiculturist and seasonal beekeeping inspectors based in New Zealand\u2019s North Island, with assigned areas on both the North and South Island. Manuka New Zealand takes good care of our wonderful hard workers; our precious bees.\" \/>\n<meta property=\"og:url\" content=\"https:\/\/www.manukanewzealand.com\/pt\/beeprotection\/\" \/>\n<meta property=\"og:site_name\" content=\"MNZ - Manuka New Zealand - The Best Raw Manuka Honey | Global\" \/>\n<meta property=\"article:modified_time\" content=\"2026-02-18T14:01:50+00:00\" \/>\n<meta property=\"og:image\" content=\"https:\/\/www.manukanewzealand.com\/wp-content\/uploads\/2022\/11\/mnz-logo-200x200-1-1.png\" \/>\n\t<meta property=\"og:image:width\" content=\"200\" \/>\n\t<meta property=\"og:image:height\" content=\"200\" \/>\n\t<meta property=\"og:image:type\" content=\"image\/png\" \/>\n<meta name=\"twitter:card\" content=\"summary_large_image\" \/>\n<meta name=\"twitter:label1\" content=\"Est. tempo de leitura\" \/>\n\t<meta name=\"twitter:data1\" content=\"9 minutos\" \/>\n<script type=\"application\/ld+json\" class=\"yoast-schema-graph\">{\"@context\":\"https:\\\/\\\/schema.org\",\"@graph\":[{\"@type\":\"WebPage\",\"@id\":\"https:\\\/\\\/www.manukanewzealand.com\\\/beeprotection\\\/\",\"url\":\"https:\\\/\\\/www.manukanewzealand.com\\\/beeprotection\\\/\",\"name\":\"Bee Protection & Health Program - Manuka New Zealand\",\"isPartOf\":{\"@id\":\"https:\\\/\\\/www.manukanewzealand.com\\\/es\\\/#website\"},\"datePublished\":\"2022-02-02T15:36:11+00:00\",\"dateModified\":\"2026-02-18T14:01:50+00:00\",\"description\":\"As part of Manuka New Zealand\u2019s Bee Protection & Health Program, in addition to our own dedicated beekeepers, we currently employ a specialist apiculturist and seasonal beekeeping inspectors based in New Zealand\u2019s North Island, with assigned areas on both the North and South Island. Manuka New Zealand takes good care of our wonderful hard workers; our precious bees.\",\"breadcrumb\":{\"@id\":\"https:\\\/\\\/www.manukanewzealand.com\\\/beeprotection\\\/#breadcrumb\"},\"inLanguage\":\"pt-BR\",\"potentialAction\":[{\"@type\":\"ReadAction\",\"target\":[\"https:\\\/\\\/www.manukanewzealand.com\\\/beeprotection\\\/\"]}]},{\"@type\":\"BreadcrumbList\",\"@id\":\"https:\\\/\\\/www.manukanewzealand.com\\\/beeprotection\\\/#breadcrumb\",\"itemListElement\":[{\"@type\":\"ListItem\",\"position\":1,\"name\":\"Home\",\"item\":\"https:\\\/\\\/www.manukanewzealand.com\\\/\"},{\"@type\":\"ListItem\",\"position\":2,\"name\":\"Bee Protection &#038; Health Program\"}]},{\"@type\":\"WebSite\",\"@id\":\"https:\\\/\\\/www.manukanewzealand.com\\\/es\\\/#website\",\"url\":\"https:\\\/\\\/www.manukanewzealand.com\\\/es\\\/\",\"name\":\"MNZ - Manuka New Zealand - The Best Raw Manuka Honey | Global\",\"description\":\"\",\"publisher\":{\"@id\":\"https:\\\/\\\/www.manukanewzealand.com\\\/es\\\/#organization\"},\"potentialAction\":[{\"@type\":\"SearchAction\",\"target\":{\"@type\":\"EntryPoint\",\"urlTemplate\":\"https:\\\/\\\/www.manukanewzealand.com\\\/es\\\/?s={search_term_string}\"},\"query-input\":{\"@type\":\"PropertyValueSpecification\",\"valueRequired\":true,\"valueName\":\"search_term_string\"}}],\"inLanguage\":\"pt-BR\"},{\"@type\":\"Organization\",\"@id\":\"https:\\\/\\\/www.manukanewzealand.com\\\/es\\\/#organization\",\"name\":\"MNZ - Manuka New Zealand - The Best Raw Manuka Honey | Global\",\"url\":\"https:\\\/\\\/www.manukanewzealand.com\\\/es\\\/\",\"logo\":{\"@type\":\"ImageObject\",\"inLanguage\":\"pt-BR\",\"@id\":\"https:\\\/\\\/www.manukanewzealand.com\\\/es\\\/#\\\/schema\\\/logo\\\/image\\\/\",\"url\":\"https:\\\/\\\/www.manukanewzealand.com\\\/wp-content\\\/uploads\\\/2022\\\/11\\\/mnz-logo-200x200-1-1.png\",\"contentUrl\":\"https:\\\/\\\/www.manukanewzealand.com\\\/wp-content\\\/uploads\\\/2022\\\/11\\\/mnz-logo-200x200-1-1.png\",\"width\":200,\"height\":200,\"caption\":\"MNZ - Manuka New Zealand - The Best Raw Manuka Honey | Global\"},\"image\":{\"@id\":\"https:\\\/\\\/www.manukanewzealand.com\\\/es\\\/#\\\/schema\\\/logo\\\/image\\\/\"}}]}<\/script>\n<meta property=\"product:price:amount\" content=\"40.50\" \/>\n<meta property=\"product:price:currency\" content=\"EUR\" \/>\n<meta property=\"og:availability\" content=\"instock\" \/>\n<meta property=\"product:availability\" content=\"instock\" \/>\n<meta property=\"product:retailer_item_id\" content=\"MNZ003\" \/>\n<meta property=\"product:condition\" content=\"new\" \/>\n<!-- \/ Yoast SEO plugin. -->","yoast_head_json":{"title":"Programa de prote\u00e7\u00e3o e sa\u00fade das abelhas - Manuka New Zealand","description":"Como parte do Programa de Prote\u00e7\u00e3o e Sa\u00fade das Abelhas da Manuka Nova Zel\u00e2ndia, al\u00e9m de nossos apicultores dedicados, atualmente empregamos um apicultor especializado e inspetores de apicultura sazonais baseados na Ilha Norte da Nova Zel\u00e2ndia, com \u00e1reas designadas tanto na Ilha Norte quanto na Ilha Sul. A Manuka New Zealand cuida muito bem de nossos maravilhosos trabalhadores, nossas preciosas abelhas.","robots":{"index":"index","follow":"follow","max-snippet":"max-snippet:-1","max-image-preview":"max-image-preview:large","max-video-preview":"max-video-preview:-1"},"canonical":"https:\/\/www.manukanewzealand.com\/pt\/beeprotection\/","og_locale":"pt_BR","og_type":"article","og_title":"Bee Protection & Health Program - Manuka New Zealand","og_description":"As part of Manuka New Zealand\u2019s Bee Protection & Health Program, in addition to our own dedicated beekeepers, we currently employ a specialist apiculturist and seasonal beekeeping inspectors based in New Zealand\u2019s North Island, with assigned areas on both the North and South Island. Manuka New Zealand takes good care of our wonderful hard workers; our precious bees.","og_url":"https:\/\/www.manukanewzealand.com\/pt\/beeprotection\/","og_site_name":"MNZ - Manuka New Zealand - The Best Raw Manuka Honey | Global","article_modified_time":"2026-02-18T14:01:50+00:00","og_image":[{"width":200,"height":200,"url":"https:\/\/www.manukanewzealand.com\/wp-content\/uploads\/2022\/11\/mnz-logo-200x200-1-1.png","type":"image\/png"}],"twitter_card":"summary_large_image","twitter_misc":{"Est. tempo de leitura":"9 minutos"},"schema":{"@context":"https:\/\/schema.org","@graph":[{"@type":"WebPage","@id":"https:\/\/www.manukanewzealand.com\/beeprotection\/","url":"https:\/\/www.manukanewzealand.com\/beeprotection\/","name":"Programa de prote\u00e7\u00e3o e sa\u00fade das abelhas - Manuka New Zealand","isPartOf":{"@id":"https:\/\/www.manukanewzealand.com\/es\/#website"},"datePublished":"2022-02-02T15:36:11+00:00","dateModified":"2026-02-18T14:01:50+00:00","description":"Como parte do Programa de Prote\u00e7\u00e3o e Sa\u00fade das Abelhas da Manuka Nova Zel\u00e2ndia, al\u00e9m de nossos apicultores dedicados, atualmente empregamos um apicultor especializado e inspetores de apicultura sazonais baseados na Ilha Norte da Nova Zel\u00e2ndia, com \u00e1reas designadas tanto na Ilha Norte quanto na Ilha Sul. A Manuka New Zealand cuida muito bem de nossos maravilhosos trabalhadores, nossas preciosas abelhas.","breadcrumb":{"@id":"https:\/\/www.manukanewzealand.com\/beeprotection\/#breadcrumb"},"inLanguage":"pt-BR","potentialAction":[{"@type":"ReadAction","target":["https:\/\/www.manukanewzealand.com\/beeprotection\/"]}]},{"@type":"BreadcrumbList","@id":"https:\/\/www.manukanewzealand.com\/beeprotection\/#breadcrumb","itemListElement":[{"@type":"ListItem","position":1,"name":"Home","item":"https:\/\/www.manukanewzealand.com\/"},{"@type":"ListItem","position":2,"name":"Bee Protection &#038; Health Program"}]},{"@type":"WebSite","@id":"https:\/\/www.manukanewzealand.com\/es\/#website","url":"https:\/\/www.manukanewzealand.com\/es\/","name":"MNZ - Manuka New Zealand - O melhor mel de Manuka cru do mundo","description":"","publisher":{"@id":"https:\/\/www.manukanewzealand.com\/es\/#organization"},"potentialAction":[{"@type":"SearchAction","target":{"@type":"EntryPoint","urlTemplate":"https:\/\/www.manukanewzealand.com\/es\/?s={search_term_string}"},"query-input":{"@type":"PropertyValueSpecification","valueRequired":true,"valueName":"search_term_string"}}],"inLanguage":"pt-BR"},{"@type":"Organization","@id":"https:\/\/www.manukanewzealand.com\/es\/#organization","name":"MNZ - Manuka New Zealand - O melhor mel de Manuka cru do mundo","url":"https:\/\/www.manukanewzealand.com\/es\/","logo":{"@type":"ImageObject","inLanguage":"pt-BR","@id":"https:\/\/www.manukanewzealand.com\/es\/#\/schema\/logo\/image\/","url":"https:\/\/www.manukanewzealand.com\/wp-content\/uploads\/2022\/11\/mnz-logo-200x200-1-1.png","contentUrl":"https:\/\/www.manukanewzealand.com\/wp-content\/uploads\/2022\/11\/mnz-logo-200x200-1-1.png","width":200,"height":200,"caption":"MNZ - Manuka New Zealand - The Best Raw Manuka Honey | Global"},"image":{"@id":"https:\/\/www.manukanewzealand.com\/es\/#\/schema\/logo\/image\/"}}]},"product_price_amount":"40.50","product_price_currency":"EUR","og_availability":"instock","product_availability":"instock","product_retailer_item_id":"MNZ003","product_condition":"new"},"_links":{"self":[{"href":"https:\/\/www.manukanewzealand.com\/pt\/wp-json\/wp\/v2\/pages\/32835","targetHints":{"allow":["GET"]}}],"collection":[{"href":"https:\/\/www.manukanewzealand.com\/pt\/wp-json\/wp\/v2\/pages"}],"about":[{"href":"https:\/\/www.manukanewzealand.com\/pt\/wp-json\/wp\/v2\/types\/page"}],"author":[{"embeddable":true,"href":"https:\/\/www.manukanewzealand.com\/pt\/wp-json\/wp\/v2\/users\/2"}],"replies":[{"embeddable":true,"href":"https:\/\/www.manukanewzealand.com\/pt\/wp-json\/wp\/v2\/comments?post=32835"}],"version-history":[{"count":1,"href":"https:\/\/www.manukanewzealand.com\/pt\/wp-json\/wp\/v2\/pages\/32835\/revisions"}],"predecessor-version":[{"id":35290,"href":"https:\/\/www.manukanewzealand.com\/pt\/wp-json\/wp\/v2\/pages\/32835\/revisions\/35290"}],"wp:attachment":[{"href":"https:\/\/www.manukanewzealand.com\/pt\/wp-json\/wp\/v2\/media?parent=32835"}],"curies":[{"name":"wp","href":"https:\/\/api.w.org\/{rel}","templated":true}]}}