{"id":28897,"date":"2019-08-14T12:59:30","date_gmt":"2019-08-14T11:59:30","guid":{"rendered":"https:\/\/www.manukanewzealand.com\/?page_id=28897"},"modified":"2026-02-18T15:04:37","modified_gmt":"2026-02-18T14:04:37","slug":"experts","status":"publish","type":"page","link":"https:\/\/www.manukanewzealand.com\/pt\/experts\/","title":{"rendered":"Especialistas"},"content":{"rendered":"<div id=\"page-header-1094512899\" class=\"page-header-wrapper\">\n  <div class=\"page-title dark divided-title\">\n\n        <div class=\"page-title-bg\">\n      <div class=\"title-bg fill bg-fill\"\n        data-parallax-container=\".page-title\"\n        data-parallax-background\n data-parallax=\"-\">\n      <\/div>\n      <div class=\"title-overlay fill\"><\/div>\n    <\/div>\n    \n    <div class=\"page-title-inner container align-center flex-row medium-flex-wrap\" >\n              <div class=\"title-wrapper flex-col text-left medium-text-center\">\n          <h1 class=\"entry-title mb-0\">\n            Os especialistas da MNZ          <\/h1>\n        <\/div>\n                    <div class=\"title-content flex-col flex-right text-right medium-text-center\">\n        <div class=\"title-breadcrumbs pb-half pt-half\"><nav class=\"woocommerce-breadcrumb breadcrumbs\" aria-label=\"Breadcrumb\">In\u00edcio<\/nav><\/div>      <\/div>\n    <\/div>\n\n     \n<style>\n#page-header-1094512899 .page-title-inner {\n  min-height: 250px;\n}\n#page-header-1094512899 .title-bg {\n  background-image: url(https:\/\/www.manukanewzealand.com\/wp-content\/uploads\/2026\/02\/mnz-header-2.jpg);\n}\n<\/style>\n  <\/div>\n  <div class=\"container header-wrapper-divider\"><hr\/><\/div>  <\/div>\n  \n\n\t<section class=\"section\" id=\"section_1645547545\">\n\t\t<div class=\"section-bg fill\" >\n\t\t\t\t\t\t\t\t\t\n\t\t\t\n\n\t\t<\/div>\n\n\t\t\n\n\t\t<div class=\"section-content relative\">\n\t\t\t\n<div class=\"row\"  id=\"row-1526563964\">\n\n\t<div id=\"col-1772046599\" class=\"col medium-12 small-12 large-8\"  >\n\t\t\t\t<div class=\"col-inner\"  >\n\t\t\t\n\t\t\t\n<h2>Mel de Manuka - Um presente \u00fanico da natureza<\/h2>\n<p>O mel de Manuka vem do arbusto nativo da Nova Zel\u00e2ndia Manuka (<em>Leptospermum scoparium<\/em>), uma planta que se desenvolve na paisagem acidentada e remota do pa\u00eds. O longo isolamento geogr\u00e1fico da Nova Zel\u00e2ndia permitiu que sua flora e fauna evolu\u00edssem de forma distinta, dando origem a esp\u00e9cies de plantas n\u00e3o encontradas em nenhum outro lugar do mundo.<\/p>\n<p>A planta Manuka varia de um arbusto de baixo crescimento a uma pequena \u00e1rvore e floresce apenas por um curto per\u00edodo a cada ano. Durante esse per\u00edodo, as abelhas coletam o n\u00e9ctar que d\u00e1 ao mel de Manuka seu perfil caracter\u00edstico. Durante gera\u00e7\u00f5es, as comunidades maori valorizaram a planta Manuka como parte de suas pr\u00e1ticas tradicionais.<\/p>\n<p>As abelhas foram introduzidas na Nova Zel\u00e2ndia no s\u00e9culo XIX e, com o tempo, o mel de Manuka ficou conhecido por sua composi\u00e7\u00e3o diferenciada. Desde ent\u00e3o, a pesquisa cient\u00edfica moderna tem ajudado a entender melhor os compostos naturais que tornam esse mel \u00fanico.<\/p>\n<h2>Especialistas em mel de Manuka<\/h2>\n<p>A MNZ tem orgulho de produzir seus produtos ap\u00edcolas na Nova Zel\u00e2ndia. A colheita, o processamento e a embalagem s\u00e3o realizados em nossas pr\u00f3prias instala\u00e7\u00f5es, operando de acordo com os r\u00edgidos padr\u00f5es estabelecidos pelo Minist\u00e9rio das Ind\u00fastrias Prim\u00e1rias da Nova Zel\u00e2ndia (MPI).<\/p>\n<p>Nosso mel de Manuka cru e monofloral \u00e9 definido pela pureza, rastreabilidade e qualidade consistente. As colmeias de madeira s\u00e3o colocadas em regi\u00f5es remotas e intocadas da Nova Zel\u00e2ndia para reduzir a exposi\u00e7\u00e3o ambiental e manter um ambiente natural para nossas col\u00f4nias.<\/p>\n<p>Na MNZ, col\u00f4nias de abelhas saud\u00e1veis s\u00e3o a base de tudo o que fazemos. Nossos apicultores monitoram de perto as condi\u00e7\u00f5es das colmeias para garantir que as abelhas possam se desenvolver e produzir mel de Manuka em um ambiente est\u00e1vel.<\/p>\n<p>Como nossas colmeias est\u00e3o localizadas em \u00e1reas rurais isoladas, o risco de contamina\u00e7\u00e3o ambiental \u00e9 minimizado. Al\u00e9m disso, cada lote de mel de Manuka \u00e9 submetido a rigorosos testes de laborat\u00f3rio para confirmar que atende aos r\u00edgidos padr\u00f5es de qualidade e est\u00e1 livre de res\u00edduos indesej\u00e1veis.<\/p>\n\t\t<\/div>\n\t\t\t\t\t<\/div>\n\n\t\n\n\t<div id=\"col-2133178987\" class=\"col medium-12 small-12 large-4\"  >\n\t\t\t\t<div class=\"col-inner text-center\"  >\n\t\t\t\n\t\t\t\n\t\n  \n    <div class=\"row large-columns-1 medium-columns- small-columns- row-small slider row-slider slider-nav-reveal slider-nav-push\"  data-flickity-options='{&quot;imagesLoaded&quot;: true, &quot;groupCells&quot;: &quot;100%&quot;, &quot;dragThreshold&quot; : 5, &quot;cellAlign&quot;: &quot;left&quot;,&quot;wrapAround&quot;: true,&quot;prevNextButtons&quot;: true,&quot;percentPosition&quot;: true,&quot;pageDots&quot;: false, &quot;rightToLeft&quot;: false, &quot;autoPlay&quot; : false}' >\n\n  \n\t     <div class=\"product-small col has-hover product type-product post-33312 status-publish first instock product_cat-uncategorized has-post-thumbnail taxable shipping-taxable purchasable product-type-simple\">\n\t<div class=\"col-inner\">\n\t\n<div class=\"badge-container absolute left top z-1\">\n\n<\/div>\n\t<div class=\"product-small box\">\n\t\t<div class=\"box-image\">\n\t\t\t<div class=\"image-none\">\n\t\t\t\t<a href=\"https:\/\/www.manukanewzealand.com\/pt\/product\/mgo-1000-manuka-honey\/\">\n\t\t\t\t\t<img decoding=\"async\" width=\"500\" height=\"500\" src=\"https:\/\/www.manukanewzealand.com\/wp-content\/uploads\/2022\/07\/manukahoney-mnz1000-250g-1.webp\" class=\"attachment-woocommerce_thumbnail size-woocommerce_thumbnail\" alt=\"MGO 1000+ Manuka Honey 250gr.\" srcset=\"https:\/\/www.manukanewzealand.com\/wp-content\/uploads\/2022\/07\/manukahoney-mnz1000-250g-1.webp 500w, https:\/\/www.manukanewzealand.com\/wp-content\/uploads\/2022\/07\/manukahoney-mnz1000-250g-1-100x100.webp 100w\" sizes=\"(max-width: 500px) 100vw, 500px\" \/>\t\t\t\t<\/a>\n\t\t\t<\/div>\n\t\t\t<div class=\"image-tools is-small top right show-on-hover\">\n\t\t\t\t\t\t<div class=\"wishlist-icon\">\n\t\t\t<button class=\"wishlist-button button is-outline circle icon\" aria-label=\"Lista de desejos\">\n\t\t\t\t<i class=\"icon-heart\" aria-hidden=\"true\"><\/i>\t\t\t<\/button>\n\t\t\t<div class=\"wishlist-popup dark\">\n\t\t\t\t\n<div\n\tclass=\"yith-wcwl-add-to-wishlist add-to-wishlist-33312 yith-wcwl-add-to-wishlist--link-style wishlist-fragment on-first-load\"\n\tdata-fragment-ref=\"33312\"\n\tdata-fragment-options=\"{&quot;base_url&quot;:&quot;&quot;,&quot;product_id&quot;:33312,&quot;parent_product_id&quot;:0,&quot;product_type&quot;:&quot;simple&quot;,&quot;is_single&quot;:false,&quot;in_default_wishlist&quot;:false,&quot;show_view&quot;:false,&quot;browse_wishlist_text&quot;:&quot;Browse wishlist&quot;,&quot;already_in_wishslist_text&quot;:&quot;The product is already in your wishlist!&quot;,&quot;product_added_text&quot;:&quot;Product added!&quot;,&quot;available_multi_wishlist&quot;:false,&quot;disable_wishlist&quot;:false,&quot;show_count&quot;:false,&quot;ajax_loading&quot;:false,&quot;loop_position&quot;:&quot;after_add_to_cart&quot;,&quot;item&quot;:&quot;add_to_wishlist&quot;}\"\n>\n\t<\/div>\n\t\t\t<\/div>\n\t\t<\/div>\n\t\t\t\t\t<\/div>\n\t\t\t<div class=\"image-tools is-small hide-for-small bottom left show-on-hover\">\n\t\t\t\t\t\t\t<\/div>\n\t\t\t<div class=\"image-tools grid-tools text-center hide-for-small bottom hover-slide-in show-on-hover\">\n\t\t\t\t\t\t\t<\/div>\n\t\t\t\t\t<\/div>\n\n\t\t<div class=\"box-text box-text-products text-center grid-style-2\">\n\t\t\t<div class=\"title-wrapper\"><p class=\"name product-title woocommerce-loop-product__title\"><a href=\"https:\/\/www.manukanewzealand.com\/pt\/product\/mgo-1000-manuka-honey\/\" class=\"woocommerce-LoopProduct-link woocommerce-loop-product__link\">MGO 1000+ Manuka Honey 250gr.<\/a><\/p><\/div><div class=\"price-wrapper\">\n\t<span class=\"price\"><span class=\"woocommerce-Price-amount amount\"><bdi><span class=\"woocommerce-Price-currencySymbol\">\u20ac<\/span>165,00<\/bdi><\/span> <small class=\"woocommerce-price-suffix\">incluindo IVA<\/small><\/span>\n<\/div><div class=\"add-to-cart-button\"><a href=\"\/pt\/wp-json\/wp\/v2\/pages\/28897?add-to-cart=33312\" aria-describedby=\"woocommerce_loop_add_to_cart_link_describedby_33312\" data-quantity=\"1\" class=\"primary is-small mb-0 button product_type_simple add_to_cart_button ajax_add_to_cart is-outline\" data-product_id=\"33312\" data-product_sku=\"MNZ020\" aria-label=\"Adicionar ao carrinho: \u201cMGO 1000+ Manuka Honey 250gr.\u201d\" rel=\"nofollow\" data-success_message=\"&ldquo;MGO 1000+ Manuka Honey 250gr.&rdquo; has been added to your cart\" role=\"button\">Adicionar ao carrinho<\/a><\/div>\t<span id=\"woocommerce_loop_add_to_cart_link_describedby_33312\" class=\"screen-reader-text\">\n\t\t\t<\/span>\n\t\t<\/div>\n\t<\/div>\n\t\t<\/div>\n<\/div><\/div>\n\t\t<\/div>\n\t\t\t\t\n<style>\n#col-2133178987 > .col-inner {\n  max-width: 500px;\n}\n<\/style>\n\t<\/div>\n\n\t\n<\/div>\n\t\t<\/div>\n\n\t\t\n<style>\n#section_1645547545 {\n  padding-top: 30px;\n  padding-bottom: 30px;\n}\n<\/style>\n\t<\/section>","protected":false},"excerpt":{"rendered":"","protected":false},"author":2,"featured_media":0,"parent":0,"menu_order":0,"comment_status":"closed","ping_status":"closed","template":"","meta":{"footnotes":""},"class_list":["post-28897","page","type-page","status-publish","hentry"],"yoast_head":"<!-- This site is optimized with the Yoast SEO plugin v27.3 - https:\/\/yoast.com\/product\/yoast-seo-wordpress\/ -->\n<title>Experts in MGO Manuka Honey - Manuka New Zealand<\/title>\n<meta name=\"description\" content=\"Manuka New Zealand; 100% New Zealand. Manuka New Zealand is a leading producer of bee products from New Zealand. Manuka New Zealand harvests, processes and packages its by-products in New Zealand, which means they meet the strict quality standards of New Zealand. Original Manuka Honey from New Zealand\" \/>\n<meta name=\"robots\" content=\"index, follow, max-snippet:-1, max-image-preview:large, max-video-preview:-1\" \/>\n<link rel=\"canonical\" href=\"https:\/\/www.manukanewzealand.com\/pt\/experts\/\" \/>\n<meta property=\"og:locale\" content=\"pt_BR\" \/>\n<meta property=\"og:type\" content=\"article\" \/>\n<meta property=\"og:title\" content=\"Experts in MGO Manuka Honey - Manuka New Zealand\" \/>\n<meta property=\"og:description\" content=\"Manuka New Zealand; 100% New Zealand. Manuka New Zealand is a leading producer of bee products from New Zealand. Manuka New Zealand harvests, processes and packages its by-products in New Zealand, which means they meet the strict quality standards of New Zealand. Original Manuka Honey from New Zealand\" \/>\n<meta property=\"og:url\" content=\"https:\/\/www.manukanewzealand.com\/pt\/experts\/\" \/>\n<meta property=\"og:site_name\" content=\"MNZ - Manuka New Zealand - The Best Raw Manuka Honey | Global\" \/>\n<meta property=\"article:modified_time\" content=\"2026-02-18T14:04:37+00:00\" \/>\n<meta property=\"og:image\" content=\"https:\/\/www.manukanewzealand.com\/wp-content\/uploads\/2022\/11\/mnz-logo-200x200-1-1.png\" \/>\n\t<meta property=\"og:image:width\" content=\"200\" \/>\n\t<meta property=\"og:image:height\" content=\"200\" \/>\n\t<meta property=\"og:image:type\" content=\"image\/png\" \/>\n<meta name=\"twitter:card\" content=\"summary_large_image\" \/>\n<script type=\"application\/ld+json\" class=\"yoast-schema-graph\">{\"@context\":\"https:\\\/\\\/schema.org\",\"@graph\":[{\"@type\":\"WebPage\",\"@id\":\"https:\\\/\\\/www.manukanewzealand.com\\\/experts\\\/\",\"url\":\"https:\\\/\\\/www.manukanewzealand.com\\\/experts\\\/\",\"name\":\"Experts in MGO Manuka Honey - Manuka New Zealand\",\"isPartOf\":{\"@id\":\"https:\\\/\\\/www.manukanewzealand.com\\\/es\\\/#website\"},\"datePublished\":\"2019-08-14T11:59:30+00:00\",\"dateModified\":\"2026-02-18T14:04:37+00:00\",\"description\":\"Manuka New Zealand; 100% New Zealand. Manuka New Zealand is a leading producer of bee products from New Zealand. Manuka New Zealand harvests, processes and packages its by-products in New Zealand, which means they meet the strict quality standards of New Zealand. Original Manuka Honey from New Zealand\",\"breadcrumb\":{\"@id\":\"https:\\\/\\\/www.manukanewzealand.com\\\/experts\\\/#breadcrumb\"},\"inLanguage\":\"pt-BR\",\"potentialAction\":[{\"@type\":\"ReadAction\",\"target\":[\"https:\\\/\\\/www.manukanewzealand.com\\\/experts\\\/\"]}]},{\"@type\":\"BreadcrumbList\",\"@id\":\"https:\\\/\\\/www.manukanewzealand.com\\\/experts\\\/#breadcrumb\",\"itemListElement\":[{\"@type\":\"ListItem\",\"position\":1,\"name\":\"Home\",\"item\":\"https:\\\/\\\/www.manukanewzealand.com\\\/\"},{\"@type\":\"ListItem\",\"position\":2,\"name\":\"Experts\"}]},{\"@type\":\"WebSite\",\"@id\":\"https:\\\/\\\/www.manukanewzealand.com\\\/es\\\/#website\",\"url\":\"https:\\\/\\\/www.manukanewzealand.com\\\/es\\\/\",\"name\":\"MNZ - Manuka New Zealand - The Best Raw Manuka Honey | Global\",\"description\":\"\",\"publisher\":{\"@id\":\"https:\\\/\\\/www.manukanewzealand.com\\\/es\\\/#organization\"},\"potentialAction\":[{\"@type\":\"SearchAction\",\"target\":{\"@type\":\"EntryPoint\",\"urlTemplate\":\"https:\\\/\\\/www.manukanewzealand.com\\\/es\\\/?s={search_term_string}\"},\"query-input\":{\"@type\":\"PropertyValueSpecification\",\"valueRequired\":true,\"valueName\":\"search_term_string\"}}],\"inLanguage\":\"pt-BR\"},{\"@type\":\"Organization\",\"@id\":\"https:\\\/\\\/www.manukanewzealand.com\\\/es\\\/#organization\",\"name\":\"MNZ - Manuka New Zealand - The Best Raw Manuka Honey | Global\",\"url\":\"https:\\\/\\\/www.manukanewzealand.com\\\/es\\\/\",\"logo\":{\"@type\":\"ImageObject\",\"inLanguage\":\"pt-BR\",\"@id\":\"https:\\\/\\\/www.manukanewzealand.com\\\/es\\\/#\\\/schema\\\/logo\\\/image\\\/\",\"url\":\"https:\\\/\\\/www.manukanewzealand.com\\\/wp-content\\\/uploads\\\/2022\\\/11\\\/mnz-logo-200x200-1-1.png\",\"contentUrl\":\"https:\\\/\\\/www.manukanewzealand.com\\\/wp-content\\\/uploads\\\/2022\\\/11\\\/mnz-logo-200x200-1-1.png\",\"width\":200,\"height\":200,\"caption\":\"MNZ - Manuka New Zealand - The Best Raw Manuka Honey | Global\"},\"image\":{\"@id\":\"https:\\\/\\\/www.manukanewzealand.com\\\/es\\\/#\\\/schema\\\/logo\\\/image\\\/\"}}]}<\/script>\n<meta property=\"product:price:amount\" content=\"165.00\" \/>\n<meta property=\"product:price:currency\" content=\"EUR\" \/>\n<meta property=\"og:availability\" content=\"instock\" \/>\n<meta property=\"product:availability\" content=\"instock\" \/>\n<meta property=\"product:retailer_item_id\" content=\"MNZ020\" \/>\n<meta property=\"product:condition\" content=\"new\" \/>\n<!-- \/ Yoast SEO plugin. -->","yoast_head_json":{"title":"Especialistas em mel de Manuka MGO - Manuka New Zealand","description":"Manuka New Zealand; 100% Nova Zel\u00e2ndia. A Manuka New Zealand \u00e9 uma das principais produtoras de produtos ap\u00edcolas da Nova Zel\u00e2ndia. A Manuka New Zealand colhe, processa e embala seus subprodutos na Nova Zel\u00e2ndia, o que significa que eles atendem aos r\u00edgidos padr\u00f5es de qualidade da Nova Zel\u00e2ndia. Mel de Manuka original da Nova Zel\u00e2ndia","robots":{"index":"index","follow":"follow","max-snippet":"max-snippet:-1","max-image-preview":"max-image-preview:large","max-video-preview":"max-video-preview:-1"},"canonical":"https:\/\/www.manukanewzealand.com\/pt\/experts\/","og_locale":"pt_BR","og_type":"article","og_title":"Experts in MGO Manuka Honey - Manuka New Zealand","og_description":"Manuka New Zealand; 100% New Zealand. Manuka New Zealand is a leading producer of bee products from New Zealand. Manuka New Zealand harvests, processes and packages its by-products in New Zealand, which means they meet the strict quality standards of New Zealand. Original Manuka Honey from New Zealand","og_url":"https:\/\/www.manukanewzealand.com\/pt\/experts\/","og_site_name":"MNZ - Manuka New Zealand - The Best Raw Manuka Honey | Global","article_modified_time":"2026-02-18T14:04:37+00:00","og_image":[{"width":200,"height":200,"url":"https:\/\/www.manukanewzealand.com\/wp-content\/uploads\/2022\/11\/mnz-logo-200x200-1-1.png","type":"image\/png"}],"twitter_card":"summary_large_image","schema":{"@context":"https:\/\/schema.org","@graph":[{"@type":"WebPage","@id":"https:\/\/www.manukanewzealand.com\/experts\/","url":"https:\/\/www.manukanewzealand.com\/experts\/","name":"Especialistas em mel de Manuka MGO - Manuka New Zealand","isPartOf":{"@id":"https:\/\/www.manukanewzealand.com\/es\/#website"},"datePublished":"2019-08-14T11:59:30+00:00","dateModified":"2026-02-18T14:04:37+00:00","description":"Manuka New Zealand; 100% Nova Zel\u00e2ndia. A Manuka New Zealand \u00e9 uma das principais produtoras de produtos ap\u00edcolas da Nova Zel\u00e2ndia. A Manuka New Zealand colhe, processa e embala seus subprodutos na Nova Zel\u00e2ndia, o que significa que eles atendem aos r\u00edgidos padr\u00f5es de qualidade da Nova Zel\u00e2ndia. Mel de Manuka original da Nova Zel\u00e2ndia","breadcrumb":{"@id":"https:\/\/www.manukanewzealand.com\/experts\/#breadcrumb"},"inLanguage":"pt-BR","potentialAction":[{"@type":"ReadAction","target":["https:\/\/www.manukanewzealand.com\/experts\/"]}]},{"@type":"BreadcrumbList","@id":"https:\/\/www.manukanewzealand.com\/experts\/#breadcrumb","itemListElement":[{"@type":"ListItem","position":1,"name":"Home","item":"https:\/\/www.manukanewzealand.com\/"},{"@type":"ListItem","position":2,"name":"Experts"}]},{"@type":"WebSite","@id":"https:\/\/www.manukanewzealand.com\/es\/#website","url":"https:\/\/www.manukanewzealand.com\/es\/","name":"MNZ - Manuka New Zealand - O melhor mel de Manuka cru do mundo","description":"","publisher":{"@id":"https:\/\/www.manukanewzealand.com\/es\/#organization"},"potentialAction":[{"@type":"SearchAction","target":{"@type":"EntryPoint","urlTemplate":"https:\/\/www.manukanewzealand.com\/es\/?s={search_term_string}"},"query-input":{"@type":"PropertyValueSpecification","valueRequired":true,"valueName":"search_term_string"}}],"inLanguage":"pt-BR"},{"@type":"Organization","@id":"https:\/\/www.manukanewzealand.com\/es\/#organization","name":"MNZ - Manuka New Zealand - O melhor mel de Manuka cru do mundo","url":"https:\/\/www.manukanewzealand.com\/es\/","logo":{"@type":"ImageObject","inLanguage":"pt-BR","@id":"https:\/\/www.manukanewzealand.com\/es\/#\/schema\/logo\/image\/","url":"https:\/\/www.manukanewzealand.com\/wp-content\/uploads\/2022\/11\/mnz-logo-200x200-1-1.png","contentUrl":"https:\/\/www.manukanewzealand.com\/wp-content\/uploads\/2022\/11\/mnz-logo-200x200-1-1.png","width":200,"height":200,"caption":"MNZ - Manuka New Zealand - The Best Raw Manuka Honey | Global"},"image":{"@id":"https:\/\/www.manukanewzealand.com\/es\/#\/schema\/logo\/image\/"}}]},"product_price_amount":"165.00","product_price_currency":"EUR","og_availability":"instock","product_availability":"instock","product_retailer_item_id":"MNZ020","product_condition":"new"},"_links":{"self":[{"href":"https:\/\/www.manukanewzealand.com\/pt\/wp-json\/wp\/v2\/pages\/28897","targetHints":{"allow":["GET"]}}],"collection":[{"href":"https:\/\/www.manukanewzealand.com\/pt\/wp-json\/wp\/v2\/pages"}],"about":[{"href":"https:\/\/www.manukanewzealand.com\/pt\/wp-json\/wp\/v2\/types\/page"}],"author":[{"embeddable":true,"href":"https:\/\/www.manukanewzealand.com\/pt\/wp-json\/wp\/v2\/users\/2"}],"replies":[{"embeddable":true,"href":"https:\/\/www.manukanewzealand.com\/pt\/wp-json\/wp\/v2\/comments?post=28897"}],"version-history":[{"count":1,"href":"https:\/\/www.manukanewzealand.com\/pt\/wp-json\/wp\/v2\/pages\/28897\/revisions"}],"predecessor-version":[{"id":35292,"href":"https:\/\/www.manukanewzealand.com\/pt\/wp-json\/wp\/v2\/pages\/28897\/revisions\/35292"}],"wp:attachment":[{"href":"https:\/\/www.manukanewzealand.com\/pt\/wp-json\/wp\/v2\/media?parent=28897"}],"curies":[{"name":"wp","href":"https:\/\/api.w.org\/{rel}","templated":true}]}}