{"id":28891,"date":"2019-08-14T12:53:44","date_gmt":"2019-08-14T11:53:44","guid":{"rendered":"https:\/\/www.manukanewzealand.com\/?page_id=28891"},"modified":"2026-02-18T15:41:00","modified_gmt":"2026-02-18T14:41:00","slug":"disclaimer","status":"publish","type":"page","link":"https:\/\/www.manukanewzealand.com\/pt\/disclaimer\/","title":{"rendered":"Isen\u00e7\u00e3o de responsabilidade"},"content":{"rendered":"<div id=\"page-header-852835910\" class=\"page-header-wrapper\">\n  <div class=\"page-title dark simple-title\">\n\n        <div class=\"page-title-bg\">\n      <div class=\"title-bg fill bg-fill\"\n        data-parallax-container=\".page-title\"\n        data-parallax-background\n data-parallax=\"-\">\n      <\/div>\n      <div class=\"title-overlay fill\"><\/div>\n    <\/div>\n    \n    <div class=\"page-title-inner container align-center flex-row medium-flex-wrap\" >\n              <div class=\"title-wrapper flex-col text-left medium-text-center\">\n          <h1 class=\"entry-title mb-0\">\n            Isen\u00e7\u00e3o de responsabilidade          <\/h1>\n        <\/div>\n                    <div class=\"title-content flex-col flex-right text-right medium-text-center\">\n        <div class=\"title-breadcrumbs pb-half pt-half\"><nav class=\"woocommerce-breadcrumb breadcrumbs\" aria-label=\"Breadcrumb\">In\u00edcio<\/nav><\/div>      <\/div>\n    <\/div>\n\n     \n<style>\n#page-header-852835910 .page-title-inner {\n  min-height: 250px;\n}\n#page-header-852835910 .title-bg {\n  background-image: url(https:\/\/www.manukanewzealand.com\/wp-content\/uploads\/2026\/02\/mnz-header-2.jpg);\n}\n<\/style>\n  <\/div>\n    <\/div>\n  \n\n\t<section class=\"section\" id=\"section_757373323\">\n\t\t<div class=\"section-bg fill\" >\n\t\t\t\t\t\t\t\t\t\n\t\t\t\n\n\t\t<\/div>\n\n\t\t\n\n\t\t<div class=\"section-content relative\">\n\t\t\t\n<div class=\"row\"  id=\"row-866514629\">\n\n\t<div id=\"col-979547210\" class=\"col small-12 large-12\"  >\n\t\t\t\t<div class=\"col-inner\"  >\n\t\t\t\n\t\t\t\n<h2>Isen\u00e7\u00e3o de responsabilidade<\/h2>\n<p><strong>Propriedade intelectual<\/strong><br \/>\nTodo o conte\u00fado deste site - incluindo textos, imagens, elementos de design, marcas registradas, logotipos e nomes de dom\u00ednio - \u00e9 de propriedade de <strong>Manuka New Zealand B.V.<\/strong> e <strong>MNZ Manuka New Zealand EMEA B.V.<\/strong> ou de seus licenciadores. Esse conte\u00fado \u00e9 protegido por direitos autorais, marcas registradas e outras leis de propriedade intelectual.<br \/>\nNenhuma parte deste site pode ser reproduzida, distribu\u00edda, modificada, publicada ou usada de qualquer forma sem a permiss\u00e3o pr\u00e9via por escrito da Manuka New Zealand B.V. ou da MNZ Manuka New Zealand EMEA B.V.<\/p>\n<p><strong>Informa\u00e7\u00f5es e precis\u00e3o<\/strong><br \/>\nAs informa\u00e7\u00f5es contidas neste site foram compiladas com muito cuidado. No entanto, <strong>Manuka New Zealand B.V.<\/strong> e <strong>MNZ Manuka New Zealand EMEA B.V.<\/strong> n\u00e3o pode garantir que todo o conte\u00fado esteja completo, preciso ou atualizado em todos os momentos.<br \/>\nReservamo-nos o direito de atualizar, modificar ou remover conte\u00fado sem aviso pr\u00e9vio. Os visitantes s\u00e3o respons\u00e1veis pela forma como usam e interpretam as informa\u00e7\u00f5es fornecidas.<\/p>\n<p><strong>Links de terceiros<\/strong><br \/>\nEste site pode conter links para sites externos que n\u00e3o s\u00e3o operados ou controlados pela <strong>Manuka New Zealand B.V.<\/strong> ou <strong>MNZ Manuka New Zealand EMEA B.V.<\/strong>.<br \/>\nN\u00e3o somos respons\u00e1veis pelo conte\u00fado, disponibilidade ou seguran\u00e7a desses sites externos. O acesso a esses sites \u00e9 feito por sua pr\u00f3pria conta e risco.<\/p>\n<p><strong>Responsabilidade civil<\/strong><br \/>\nNenhum dos dois <strong>Manuka New Zealand B.V.<\/strong> nem <strong>MNZ Manuka New Zealand EMEA B.V.<\/strong> ser\u00e1 respons\u00e1vel por quaisquer danos diretos ou indiretos resultantes do uso deste site, das informa\u00e7\u00f5es fornecidas ou da incapacidade tempor\u00e1ria de acessar o site. Isso inclui, mas n\u00e3o se limita a, danos causados por falhas t\u00e9cnicas, v\u00edrus, imprecis\u00f5es ou informa\u00e7\u00f5es incompletas.<br \/>\n<em>Nada nesta isen\u00e7\u00e3o de responsabilidade exclui ou limita a responsabilidade quando tal exclus\u00e3o for ilegal, incluindo a responsabilidade por morte ou les\u00e3o pessoal causada por neglig\u00eancia, responsabilidade obrigat\u00f3ria pelo produto de acordo com a legisla\u00e7\u00e3o da UE ou danos causados por m\u00e1 conduta intencional ou neglig\u00eancia grave.<\/em><\/p>\n<p><strong>Aviso da Lei de Servi\u00e7os Digitais (DSA)<\/strong><br \/>\nCaso acredite que algum conte\u00fado deste site seja ilegal ou infrinja seus direitos, entre em contato conosco por meio do nosso <a href=\"https:\/\/www.manukanewzealand.com\/pt\/contact\/\">P\u00e1gina de contato<\/a>. Lidamos com essas notifica\u00e7\u00f5es de acordo com a legisla\u00e7\u00e3o aplic\u00e1vel da UE, incluindo a Lei de Servi\u00e7os Digitais.<\/p>\n<p><strong>Privacidade e cookies<\/strong><br \/>\nO processamento de dados pessoais e o uso de cookies s\u00e3o regidos por nossos <a href=\"\/pt\/privacy-policy\/\">Pol\u00edtica de privacidade<\/a> e <a href=\"\/pt\/cookie-policy\/\">Pol\u00edtica de cookies<\/a>.<\/p>\n<p><em>\u00a9 2025 Manuka New Zealand B.V. \/ MNZ Manuka New Zealand EMEA B.V. - Todos os direitos reservados.<\/em><\/p>\n\t\t<\/div>\n\t\t\t\t\t<\/div>\n\n\t\n<\/div>\n\t\t<\/div>\n\n\t\t\n<style>\n#section_757373323 {\n  padding-top: 30px;\n  padding-bottom: 30px;\n}\n<\/style>\n\t<\/section>","protected":false},"excerpt":{"rendered":"","protected":false},"author":2,"featured_media":0,"parent":0,"menu_order":0,"comment_status":"closed","ping_status":"closed","template":"","meta":{"footnotes":""},"class_list":["post-28891","page","type-page","status-publish","hentry"],"yoast_head":"<!-- This site is optimized with the Yoast SEO plugin v27.3 - https:\/\/yoast.com\/product\/yoast-seo-wordpress\/ -->\n<title>Disclaimer - MNZ - Manuka New Zealand - The Best Raw Manuka Honey | Global<\/title>\n<meta name=\"description\" content=\"Disclaimer Manuka New Zealand - EON Health B.V.\" \/>\n<meta name=\"robots\" content=\"noindex, nofollow\" \/>\n<meta property=\"og:locale\" content=\"pt_BR\" \/>\n<meta property=\"og:type\" content=\"article\" \/>\n<meta property=\"og:title\" content=\"Disclaimer - MNZ - Manuka New Zealand - The Best Raw Manuka Honey | Global\" \/>\n<meta property=\"og:description\" content=\"Disclaimer Manuka New Zealand - EON Health B.V.\" \/>\n<meta property=\"og:url\" content=\"https:\/\/www.manukanewzealand.com\/pt\/disclaimer\/\" \/>\n<meta property=\"og:site_name\" content=\"MNZ - Manuka New Zealand - The Best Raw Manuka Honey | Global\" \/>\n<meta property=\"article:modified_time\" content=\"2026-02-18T14:41:00+00:00\" \/>\n<meta property=\"og:image\" content=\"https:\/\/www.manukanewzealand.com\/wp-content\/uploads\/2022\/11\/mnz-logo-200x200-1-1.png\" \/>\n\t<meta property=\"og:image:width\" content=\"200\" \/>\n\t<meta property=\"og:image:height\" content=\"200\" \/>\n\t<meta property=\"og:image:type\" content=\"image\/png\" \/>\n<meta name=\"twitter:card\" content=\"summary_large_image\" \/>\n<meta name=\"twitter:label1\" content=\"Est. tempo de leitura\" \/>\n\t<meta name=\"twitter:data1\" content=\"2 minutos\" \/>\n<script type=\"application\/ld+json\" class=\"yoast-schema-graph\">{\"@context\":\"https:\\\/\\\/schema.org\",\"@graph\":[{\"@type\":\"WebPage\",\"@id\":\"https:\\\/\\\/www.manukanewzealand.com\\\/disclaimer\\\/\",\"url\":\"https:\\\/\\\/www.manukanewzealand.com\\\/disclaimer\\\/\",\"name\":\"Disclaimer - MNZ - Manuka New Zealand - The Best Raw Manuka Honey | Global\",\"isPartOf\":{\"@id\":\"https:\\\/\\\/www.manukanewzealand.com\\\/es\\\/#website\"},\"datePublished\":\"2019-08-14T11:53:44+00:00\",\"dateModified\":\"2026-02-18T14:41:00+00:00\",\"description\":\"Disclaimer Manuka New Zealand - EON Health B.V.\",\"breadcrumb\":{\"@id\":\"https:\\\/\\\/www.manukanewzealand.com\\\/disclaimer\\\/#breadcrumb\"},\"inLanguage\":\"pt-BR\",\"potentialAction\":[{\"@type\":\"ReadAction\",\"target\":[\"https:\\\/\\\/www.manukanewzealand.com\\\/disclaimer\\\/\"]}]},{\"@type\":\"BreadcrumbList\",\"@id\":\"https:\\\/\\\/www.manukanewzealand.com\\\/disclaimer\\\/#breadcrumb\",\"itemListElement\":[{\"@type\":\"ListItem\",\"position\":1,\"name\":\"Home\",\"item\":\"https:\\\/\\\/www.manukanewzealand.com\\\/\"},{\"@type\":\"ListItem\",\"position\":2,\"name\":\"Disclaimer\"}]},{\"@type\":\"WebSite\",\"@id\":\"https:\\\/\\\/www.manukanewzealand.com\\\/es\\\/#website\",\"url\":\"https:\\\/\\\/www.manukanewzealand.com\\\/es\\\/\",\"name\":\"MNZ - Manuka New Zealand - The Best Raw Manuka Honey | Global\",\"description\":\"\",\"publisher\":{\"@id\":\"https:\\\/\\\/www.manukanewzealand.com\\\/es\\\/#organization\"},\"potentialAction\":[{\"@type\":\"SearchAction\",\"target\":{\"@type\":\"EntryPoint\",\"urlTemplate\":\"https:\\\/\\\/www.manukanewzealand.com\\\/es\\\/?s={search_term_string}\"},\"query-input\":{\"@type\":\"PropertyValueSpecification\",\"valueRequired\":true,\"valueName\":\"search_term_string\"}}],\"inLanguage\":\"pt-BR\"},{\"@type\":\"Organization\",\"@id\":\"https:\\\/\\\/www.manukanewzealand.com\\\/es\\\/#organization\",\"name\":\"MNZ - Manuka New Zealand - The Best Raw Manuka Honey | Global\",\"url\":\"https:\\\/\\\/www.manukanewzealand.com\\\/es\\\/\",\"logo\":{\"@type\":\"ImageObject\",\"inLanguage\":\"pt-BR\",\"@id\":\"https:\\\/\\\/www.manukanewzealand.com\\\/es\\\/#\\\/schema\\\/logo\\\/image\\\/\",\"url\":\"https:\\\/\\\/www.manukanewzealand.com\\\/wp-content\\\/uploads\\\/2022\\\/11\\\/mnz-logo-200x200-1-1.png\",\"contentUrl\":\"https:\\\/\\\/www.manukanewzealand.com\\\/wp-content\\\/uploads\\\/2022\\\/11\\\/mnz-logo-200x200-1-1.png\",\"width\":200,\"height\":200,\"caption\":\"MNZ - Manuka New Zealand - The Best Raw Manuka Honey | Global\"},\"image\":{\"@id\":\"https:\\\/\\\/www.manukanewzealand.com\\\/es\\\/#\\\/schema\\\/logo\\\/image\\\/\"}}]}<\/script>\n<!-- \/ Yoast SEO plugin. -->","yoast_head_json":{"title":"Isen\u00e7\u00e3o de responsabilidade - MNZ - Manuka New Zealand - O melhor mel de Manuka cru do mundo","description":"Isen\u00e7\u00e3o de responsabilidade Manuka Nova Zel\u00e2ndia - EON Health B.V.","robots":{"index":"noindex","follow":"nofollow"},"og_locale":"pt_BR","og_type":"article","og_title":"Disclaimer - MNZ - Manuka New Zealand - The Best Raw Manuka Honey | Global","og_description":"Disclaimer Manuka New Zealand - EON Health B.V.","og_url":"https:\/\/www.manukanewzealand.com\/pt\/disclaimer\/","og_site_name":"MNZ - Manuka New Zealand - The Best Raw Manuka Honey | Global","article_modified_time":"2026-02-18T14:41:00+00:00","og_image":[{"width":200,"height":200,"url":"https:\/\/www.manukanewzealand.com\/wp-content\/uploads\/2022\/11\/mnz-logo-200x200-1-1.png","type":"image\/png"}],"twitter_card":"summary_large_image","twitter_misc":{"Est. tempo de leitura":"2 minutos"},"schema":{"@context":"https:\/\/schema.org","@graph":[{"@type":"WebPage","@id":"https:\/\/www.manukanewzealand.com\/disclaimer\/","url":"https:\/\/www.manukanewzealand.com\/disclaimer\/","name":"Isen\u00e7\u00e3o de responsabilidade - MNZ - Manuka New Zealand - O melhor mel de Manuka cru do mundo","isPartOf":{"@id":"https:\/\/www.manukanewzealand.com\/es\/#website"},"datePublished":"2019-08-14T11:53:44+00:00","dateModified":"2026-02-18T14:41:00+00:00","description":"Isen\u00e7\u00e3o de responsabilidade Manuka Nova Zel\u00e2ndia - EON Health B.V.","breadcrumb":{"@id":"https:\/\/www.manukanewzealand.com\/disclaimer\/#breadcrumb"},"inLanguage":"pt-BR","potentialAction":[{"@type":"ReadAction","target":["https:\/\/www.manukanewzealand.com\/disclaimer\/"]}]},{"@type":"BreadcrumbList","@id":"https:\/\/www.manukanewzealand.com\/disclaimer\/#breadcrumb","itemListElement":[{"@type":"ListItem","position":1,"name":"Home","item":"https:\/\/www.manukanewzealand.com\/"},{"@type":"ListItem","position":2,"name":"Disclaimer"}]},{"@type":"WebSite","@id":"https:\/\/www.manukanewzealand.com\/es\/#website","url":"https:\/\/www.manukanewzealand.com\/es\/","name":"MNZ - Manuka New Zealand - O melhor mel de Manuka cru do mundo","description":"","publisher":{"@id":"https:\/\/www.manukanewzealand.com\/es\/#organization"},"potentialAction":[{"@type":"SearchAction","target":{"@type":"EntryPoint","urlTemplate":"https:\/\/www.manukanewzealand.com\/es\/?s={search_term_string}"},"query-input":{"@type":"PropertyValueSpecification","valueRequired":true,"valueName":"search_term_string"}}],"inLanguage":"pt-BR"},{"@type":"Organization","@id":"https:\/\/www.manukanewzealand.com\/es\/#organization","name":"MNZ - Manuka New Zealand - O melhor mel de Manuka cru do mundo","url":"https:\/\/www.manukanewzealand.com\/es\/","logo":{"@type":"ImageObject","inLanguage":"pt-BR","@id":"https:\/\/www.manukanewzealand.com\/es\/#\/schema\/logo\/image\/","url":"https:\/\/www.manukanewzealand.com\/wp-content\/uploads\/2022\/11\/mnz-logo-200x200-1-1.png","contentUrl":"https:\/\/www.manukanewzealand.com\/wp-content\/uploads\/2022\/11\/mnz-logo-200x200-1-1.png","width":200,"height":200,"caption":"MNZ - Manuka New Zealand - The Best Raw Manuka Honey | Global"},"image":{"@id":"https:\/\/www.manukanewzealand.com\/es\/#\/schema\/logo\/image\/"}}]}},"_links":{"self":[{"href":"https:\/\/www.manukanewzealand.com\/pt\/wp-json\/wp\/v2\/pages\/28891","targetHints":{"allow":["GET"]}}],"collection":[{"href":"https:\/\/www.manukanewzealand.com\/pt\/wp-json\/wp\/v2\/pages"}],"about":[{"href":"https:\/\/www.manukanewzealand.com\/pt\/wp-json\/wp\/v2\/types\/page"}],"author":[{"embeddable":true,"href":"https:\/\/www.manukanewzealand.com\/pt\/wp-json\/wp\/v2\/users\/2"}],"replies":[{"embeddable":true,"href":"https:\/\/www.manukanewzealand.com\/pt\/wp-json\/wp\/v2\/comments?post=28891"}],"version-history":[{"count":3,"href":"https:\/\/www.manukanewzealand.com\/pt\/wp-json\/wp\/v2\/pages\/28891\/revisions"}],"predecessor-version":[{"id":35317,"href":"https:\/\/www.manukanewzealand.com\/pt\/wp-json\/wp\/v2\/pages\/28891\/revisions\/35317"}],"wp:attachment":[{"href":"https:\/\/www.manukanewzealand.com\/pt\/wp-json\/wp\/v2\/media?parent=28891"}],"curies":[{"name":"wp","href":"https:\/\/api.w.org\/{rel}","templated":true}]}}