{"id":503,"date":"2024-01-17T08:02:53","date_gmt":"2024-01-17T07:02:53","guid":{"rendered":"https:\/\/www.manukahoney.eu\/?post_type=product&#038;p=503"},"modified":"2026-02-17T13:57:08","modified_gmt":"2026-02-17T12:57:08","slug":"manuka-honey-drops-propolis","status":"publish","type":"product","link":"https:\/\/www.manukanewzealand.com\/fr\/product\/pastilles-au-miel-de-manuka-propolis\/","title":{"rendered":"Miel de Manuka en pastilles et propolis"},"content":{"rendered":"<h1>MNZ Pastilles au miel de Manuka - Avec Isomalt et Propolis<\/h1>\n<p><strong>MNZ Pastilles au miel de Manuka<\/strong> sont des pastilles soigneusement \u00e9labor\u00e9es \u00e0 base de <strong>Isomalt<\/strong>, <strong>miel de Manuka monofloral brut MGO 100<\/strong> et une petite quantit\u00e9 de <strong>propolis<\/strong>. Ils offrent une texture onctueuse et un go\u00fbt agr\u00e9able et \u00e9quilibr\u00e9.<\/p>\n<h2>Pourquoi choisir les Pastilles au miel de Manuka MNZ ?<\/h2>\n<p>MNZ est synonyme de puret\u00e9, de transparence et d'origine s\u00fbre. Ces pastilles sont fabriqu\u00e9es \u00e0 partir d'Isomalt, un substitut du sucre, associ\u00e9 \u00e0 du v\u00e9ritable miel de Manuka de Nouvelle-Z\u00e9lande.<\/p>\n<p>L'isomalt apporte un l\u00e9ger go\u00fbt sucr\u00e9, permettant \u00e0 la saveur naturelle du miel de Manuka de s'exprimer sans \u00eatre trop sucr\u00e9e. L'ajout de propolis compl\u00e8te la formule et cr\u00e9e une composition bien \u00e9quilibr\u00e9e.<\/p>\n<p>Le format solide des pastilles les rend faciles \u00e0 transporter et \u00e0 utiliser. Elles sont id\u00e9ales pour les voyages, le travail ou les moments de la vie quotidienne o\u00f9 vous pr\u00e9f\u00e9rez une alternative pratique au miel liquide. Le nom MNZ est synonyme de qualit\u00e9 constante, de tra\u00e7abilit\u00e9 compl\u00e8te et d'ingr\u00e9dients soigneusement s\u00e9lectionn\u00e9s.<\/p>\n<ul>\n<li>Au miel de Manuka monofloral brut MGO 100+.<\/li>\n<li>Fabriqu\u00e9 avec de l'Isomalt comme substitut du sucre<\/li>\n<li>Contient de la propolis<\/li>\n<li>Douceur agr\u00e9able et \u00e9quilibr\u00e9e<\/li>\n<li>Pratique et facile \u00e0 transporter<\/li>\n<\/ul>\n<h3>Ingr\u00e9dients<\/h3>\n<p>Isomalt, miel de Manuka (MGO 100+), Propolis<\/p>\n<h3>Valeurs nutritionnelles pour 100 g<\/h3>\n<ul>\n<li>\u00c9nergie : 1130 kJ \/ 270 kcal<\/li>\n<li>Mati\u00e8res grasses : 0,0 g<\/li>\n<li>dont satur\u00e9 : 0.0 g<\/li>\n<li>Glucides : 38.1 g<\/li>\n<li>dont sucres : 32,7 g<\/li>\n<li>Fibres : 60,0 g<\/li>\n<li>Prot\u00e9ines : 0,1 g<\/li>\n<li>Sel : 0,013 g<\/li>\n<\/ul>\n<h3>Informations importantes<\/h3>\n<p>Une consommation excessive peut avoir un effet laxatif.<br \/>\nNe convient pas aux enfants de moins d'un an.<br \/>\nConserver dans un endroit frais et sec.<\/p>","protected":false},"excerpt":{"rendered":"<p>MNZ Manuka Honey Pastilles \u2013 With Isomalt &amp; Propolis MNZ Manuka Honey Pastilles are carefully crafted lozenges made with Isomalt, raw monofloral MGO 100+ Manuka honey and a small amount of propolis. They offer a smooth texture and a pleasant, balanced taste. Why choose MNZ Manuka Honey Pastilles? MNZ stands for purity, transparency and trusted [&#8230;]\n","protected":false},"featured_media":35177,"comment_status":"closed","ping_status":"closed","template":"","meta":[],"product_brand":[],"product_cat":[113],"product_tag":[],"class_list":{"0":"post-503","1":"product","2":"type-product","3":"status-publish","4":"has-post-thumbnail","6":"product_cat-uncategorized","8":"first","9":"instock","10":"taxable","11":"shipping-taxable","12":"purchasable","13":"product-type-simple"},"yoast_head":"<!-- This site is optimized with the Yoast SEO plugin v27.3 - https:\/\/yoast.com\/product\/yoast-seo-wordpress\/ -->\n<title>MNZ Manuka Honey Pastilles MGO 100+ | With Isomalt &amp; Propolis | Low Sugar<\/title>\n<meta name=\"description\" content=\"Premium Manuka honey pastilles with raw MGO 100+ Manuka honey, Isomalt and propolis. Pleasantly sweet, sugar free and ideal for daily use or on the go.\" \/>\n<meta name=\"robots\" content=\"index, follow, max-snippet:-1, max-image-preview:large, max-video-preview:-1\" \/>\n<link rel=\"canonical\" href=\"https:\/\/www.manukanewzealand.com\/fr\/product\/pastilles-au-miel-de-manuka-propolis\/\" \/>\n<meta property=\"og:locale\" content=\"fr_FR\" \/>\n<meta property=\"og:type\" content=\"article\" \/>\n<meta property=\"og:title\" content=\"MNZ Manuka Honey Pastilles MGO 100+ | With Isomalt &amp; Propolis | Low Sugar\" \/>\n<meta property=\"og:description\" content=\"Premium Manuka honey pastilles with raw MGO 100+ Manuka honey, Isomalt and propolis. Pleasantly sweet, sugar free and ideal for daily use or on the go.\" \/>\n<meta property=\"og:url\" content=\"https:\/\/www.manukanewzealand.com\/fr\/product\/pastilles-au-miel-de-manuka-propolis\/\" \/>\n<meta property=\"og:site_name\" content=\"MNZ - Manuka New Zealand - The Best Raw Manuka Honey | Global\" \/>\n<meta property=\"article:modified_time\" content=\"2026-02-17T12:57:08+00:00\" \/>\n<meta property=\"og:image\" content=\"https:\/\/www.manukanewzealand.com\/wp-content\/uploads\/2024\/01\/MNZ-lozenges-manuka-honey-propolis.png\" \/>\n\t<meta property=\"og:image:width\" content=\"500\" \/>\n\t<meta property=\"og:image:height\" content=\"500\" \/>\n\t<meta property=\"og:image:type\" content=\"image\/png\" \/>\n<meta name=\"twitter:card\" content=\"summary_large_image\" \/>\n<meta name=\"twitter:label1\" content=\"Prix\" \/>\n\t<meta name=\"twitter:data1\" content=\"&euro;14,95 incl. VAT\" \/>\n\t<meta name=\"twitter:label2\" content=\"Availability\" \/>\n\t<meta name=\"twitter:data2\" content=\"In stock\" \/>\n<script type=\"application\/ld+json\" class=\"yoast-schema-graph\">{\"@context\":\"https:\\\/\\\/schema.org\",\"@graph\":[{\"@type\":\"WebPage\",\"@id\":\"https:\\\/\\\/www.manukanewzealand.com\\\/product\\\/manuka-honey-drops-propolis\\\/\",\"url\":\"https:\\\/\\\/www.manukanewzealand.com\\\/product\\\/manuka-honey-drops-propolis\\\/\",\"name\":\"MNZ Manuka Honey Pastilles MGO 100+ | With Isomalt & Propolis | Low Sugar\",\"isPartOf\":{\"@id\":\"https:\\\/\\\/www.manukanewzealand.com\\\/es\\\/#website\"},\"primaryImageOfPage\":{\"@id\":\"https:\\\/\\\/www.manukanewzealand.com\\\/product\\\/manuka-honey-drops-propolis\\\/#primaryimage\"},\"image\":{\"@id\":\"https:\\\/\\\/www.manukanewzealand.com\\\/product\\\/manuka-honey-drops-propolis\\\/#primaryimage\"},\"thumbnailUrl\":\"https:\\\/\\\/www.manukanewzealand.com\\\/wp-content\\\/uploads\\\/2024\\\/01\\\/MNZ-lozenges-manuka-honey-propolis.png\",\"datePublished\":\"2024-01-17T07:02:53+00:00\",\"dateModified\":\"2026-02-17T12:57:08+00:00\",\"description\":\"Premium Manuka honey pastilles with raw MGO 100+ Manuka honey, Isomalt and propolis. Pleasantly sweet, sugar free and ideal for daily use or on the go.\",\"breadcrumb\":{\"@id\":\"https:\\\/\\\/www.manukanewzealand.com\\\/product\\\/manuka-honey-drops-propolis\\\/#breadcrumb\"},\"inLanguage\":\"fr-FR\",\"potentialAction\":[{\"@type\":\"ReadAction\",\"target\":[\"https:\\\/\\\/www.manukanewzealand.com\\\/product\\\/manuka-honey-drops-propolis\\\/\"]}]},{\"@type\":\"ImageObject\",\"inLanguage\":\"fr-FR\",\"@id\":\"https:\\\/\\\/www.manukanewzealand.com\\\/product\\\/manuka-honey-drops-propolis\\\/#primaryimage\",\"url\":\"https:\\\/\\\/www.manukanewzealand.com\\\/wp-content\\\/uploads\\\/2024\\\/01\\\/MNZ-lozenges-manuka-honey-propolis.png\",\"contentUrl\":\"https:\\\/\\\/www.manukanewzealand.com\\\/wp-content\\\/uploads\\\/2024\\\/01\\\/MNZ-lozenges-manuka-honey-propolis.png\",\"width\":500,\"height\":500},{\"@type\":\"BreadcrumbList\",\"@id\":\"https:\\\/\\\/www.manukanewzealand.com\\\/product\\\/manuka-honey-drops-propolis\\\/#breadcrumb\",\"itemListElement\":[{\"@type\":\"ListItem\",\"position\":1,\"name\":\"Home\",\"item\":\"https:\\\/\\\/www.manukanewzealand.com\\\/\"},{\"@type\":\"ListItem\",\"position\":2,\"name\":\"MNZ Products\",\"item\":\"https:\\\/\\\/www.manukanewzealand.com\\\/mnz-products\\\/\"},{\"@type\":\"ListItem\",\"position\":3,\"name\":\"Manuka Honey Drops &#038; Propolis\"}]},{\"@type\":\"WebSite\",\"@id\":\"https:\\\/\\\/www.manukanewzealand.com\\\/es\\\/#website\",\"url\":\"https:\\\/\\\/www.manukanewzealand.com\\\/es\\\/\",\"name\":\"MNZ - Manuka New Zealand - The Best Raw Manuka Honey | Global\",\"description\":\"\",\"publisher\":{\"@id\":\"https:\\\/\\\/www.manukanewzealand.com\\\/es\\\/#organization\"},\"potentialAction\":[{\"@type\":\"SearchAction\",\"target\":{\"@type\":\"EntryPoint\",\"urlTemplate\":\"https:\\\/\\\/www.manukanewzealand.com\\\/es\\\/?s={search_term_string}\"},\"query-input\":{\"@type\":\"PropertyValueSpecification\",\"valueRequired\":true,\"valueName\":\"search_term_string\"}}],\"inLanguage\":\"fr-FR\"},{\"@type\":\"Organization\",\"@id\":\"https:\\\/\\\/www.manukanewzealand.com\\\/es\\\/#organization\",\"name\":\"MNZ - Manuka New Zealand - The Best Raw Manuka Honey | Global\",\"url\":\"https:\\\/\\\/www.manukanewzealand.com\\\/es\\\/\",\"logo\":{\"@type\":\"ImageObject\",\"inLanguage\":\"fr-FR\",\"@id\":\"https:\\\/\\\/www.manukanewzealand.com\\\/es\\\/#\\\/schema\\\/logo\\\/image\\\/\",\"url\":\"https:\\\/\\\/www.manukanewzealand.com\\\/wp-content\\\/uploads\\\/2022\\\/11\\\/mnz-logo-200x200-1-1.png\",\"contentUrl\":\"https:\\\/\\\/www.manukanewzealand.com\\\/wp-content\\\/uploads\\\/2022\\\/11\\\/mnz-logo-200x200-1-1.png\",\"width\":200,\"height\":200,\"caption\":\"MNZ - Manuka New Zealand - The Best Raw Manuka Honey | Global\"},\"image\":{\"@id\":\"https:\\\/\\\/www.manukanewzealand.com\\\/es\\\/#\\\/schema\\\/logo\\\/image\\\/\"}}]}<\/script>\n<meta property=\"product:price:amount\" content=\"14.95\" \/>\n<meta property=\"product:price:currency\" content=\"EUR\" \/>\n<meta property=\"og:availability\" content=\"instock\" \/>\n<meta property=\"product:availability\" content=\"instock\" \/>\n<meta property=\"product:retailer_item_id\" content=\"MNZ052\" \/>\n<meta property=\"product:condition\" content=\"new\" \/>\n<!-- \/ Yoast SEO plugin. -->","yoast_head_json":{"title":"MNZ Manuka Honey Pastilles MGO 100+ | Avec Isomalt &amp; Propolis | Faible en sucre","description":"Pastilles au miel de Manuka de premi\u00e8re qualit\u00e9 avec du miel de Manuka brut MGO 100+, de l'Isomalt et de la propolis. Agr\u00e9ablement sucr\u00e9es, sans sucre, elles sont id\u00e9ales pour un usage quotidien ou en d\u00e9placement.","robots":{"index":"index","follow":"follow","max-snippet":"max-snippet:-1","max-image-preview":"max-image-preview:large","max-video-preview":"max-video-preview:-1"},"canonical":"https:\/\/www.manukanewzealand.com\/fr\/product\/pastilles-au-miel-de-manuka-propolis\/","og_locale":"fr_FR","og_type":"article","og_title":"MNZ Manuka Honey Pastilles MGO 100+ | With Isomalt & Propolis | Low Sugar","og_description":"Premium Manuka honey pastilles with raw MGO 100+ Manuka honey, Isomalt and propolis. Pleasantly sweet, sugar free and ideal for daily use or on the go.","og_url":"https:\/\/www.manukanewzealand.com\/fr\/product\/pastilles-au-miel-de-manuka-propolis\/","og_site_name":"MNZ - Manuka New Zealand - The Best Raw Manuka Honey | Global","article_modified_time":"2026-02-17T12:57:08+00:00","og_image":[{"width":500,"height":500,"url":"https:\/\/www.manukanewzealand.com\/wp-content\/uploads\/2024\/01\/MNZ-lozenges-manuka-honey-propolis.png","type":"image\/png"}],"twitter_card":"summary_large_image","twitter_misc":{"Prix":"&euro;14,95 incl. VAT","Availability":"In stock"},"schema":{"@context":"https:\/\/schema.org","@graph":[{"@type":"WebPage","@id":"https:\/\/www.manukanewzealand.com\/product\/manuka-honey-drops-propolis\/","url":"https:\/\/www.manukanewzealand.com\/product\/manuka-honey-drops-propolis\/","name":"MNZ Manuka Honey Pastilles MGO 100+ | Avec Isomalt &amp; Propolis | Faible en sucre","isPartOf":{"@id":"https:\/\/www.manukanewzealand.com\/es\/#website"},"primaryImageOfPage":{"@id":"https:\/\/www.manukanewzealand.com\/product\/manuka-honey-drops-propolis\/#primaryimage"},"image":{"@id":"https:\/\/www.manukanewzealand.com\/product\/manuka-honey-drops-propolis\/#primaryimage"},"thumbnailUrl":"https:\/\/www.manukanewzealand.com\/wp-content\/uploads\/2024\/01\/MNZ-lozenges-manuka-honey-propolis.png","datePublished":"2024-01-17T07:02:53+00:00","dateModified":"2026-02-17T12:57:08+00:00","description":"Pastilles au miel de Manuka de premi\u00e8re qualit\u00e9 avec du miel de Manuka brut MGO 100+, de l'Isomalt et de la propolis. Agr\u00e9ablement sucr\u00e9es, sans sucre, elles sont id\u00e9ales pour un usage quotidien ou en d\u00e9placement.","breadcrumb":{"@id":"https:\/\/www.manukanewzealand.com\/product\/manuka-honey-drops-propolis\/#breadcrumb"},"inLanguage":"fr-FR","potentialAction":[{"@type":"ReadAction","target":["https:\/\/www.manukanewzealand.com\/product\/manuka-honey-drops-propolis\/"]}]},{"@type":"ImageObject","inLanguage":"fr-FR","@id":"https:\/\/www.manukanewzealand.com\/product\/manuka-honey-drops-propolis\/#primaryimage","url":"https:\/\/www.manukanewzealand.com\/wp-content\/uploads\/2024\/01\/MNZ-lozenges-manuka-honey-propolis.png","contentUrl":"https:\/\/www.manukanewzealand.com\/wp-content\/uploads\/2024\/01\/MNZ-lozenges-manuka-honey-propolis.png","width":500,"height":500},{"@type":"BreadcrumbList","@id":"https:\/\/www.manukanewzealand.com\/product\/manuka-honey-drops-propolis\/#breadcrumb","itemListElement":[{"@type":"ListItem","position":1,"name":"Home","item":"https:\/\/www.manukanewzealand.com\/"},{"@type":"ListItem","position":2,"name":"MNZ Products","item":"https:\/\/www.manukanewzealand.com\/mnz-products\/"},{"@type":"ListItem","position":3,"name":"Manuka Honey Drops &#038; Propolis"}]},{"@type":"WebSite","@id":"https:\/\/www.manukanewzealand.com\/es\/#website","url":"https:\/\/www.manukanewzealand.com\/es\/","name":"MNZ - Manuka New Zealand - Le meilleur miel brut de Manuka | Global","description":"","publisher":{"@id":"https:\/\/www.manukanewzealand.com\/es\/#organization"},"potentialAction":[{"@type":"SearchAction","target":{"@type":"EntryPoint","urlTemplate":"https:\/\/www.manukanewzealand.com\/es\/?s={search_term_string}"},"query-input":{"@type":"PropertyValueSpecification","valueRequired":true,"valueName":"search_term_string"}}],"inLanguage":"fr-FR"},{"@type":"Organization","@id":"https:\/\/www.manukanewzealand.com\/es\/#organization","name":"MNZ - Manuka New Zealand - Le meilleur miel brut de Manuka | Global","url":"https:\/\/www.manukanewzealand.com\/es\/","logo":{"@type":"ImageObject","inLanguage":"fr-FR","@id":"https:\/\/www.manukanewzealand.com\/es\/#\/schema\/logo\/image\/","url":"https:\/\/www.manukanewzealand.com\/wp-content\/uploads\/2022\/11\/mnz-logo-200x200-1-1.png","contentUrl":"https:\/\/www.manukanewzealand.com\/wp-content\/uploads\/2022\/11\/mnz-logo-200x200-1-1.png","width":200,"height":200,"caption":"MNZ - Manuka New Zealand - The Best Raw Manuka Honey | Global"},"image":{"@id":"https:\/\/www.manukanewzealand.com\/es\/#\/schema\/logo\/image\/"}}]},"product_price_amount":"14.95","product_price_currency":"EUR","og_availability":"instock","product_availability":"instock","product_retailer_item_id":"MNZ052","product_condition":"new"},"_links":{"self":[{"href":"https:\/\/www.manukanewzealand.com\/fr\/wp-json\/wp\/v2\/product\/503","targetHints":{"allow":["GET"]}}],"collection":[{"href":"https:\/\/www.manukanewzealand.com\/fr\/wp-json\/wp\/v2\/product"}],"about":[{"href":"https:\/\/www.manukanewzealand.com\/fr\/wp-json\/wp\/v2\/types\/product"}],"replies":[{"embeddable":true,"href":"https:\/\/www.manukanewzealand.com\/fr\/wp-json\/wp\/v2\/comments?post=503"}],"wp:featuredmedia":[{"embeddable":true,"href":"https:\/\/www.manukanewzealand.com\/fr\/wp-json\/wp\/v2\/media\/35177"}],"wp:attachment":[{"href":"https:\/\/www.manukanewzealand.com\/fr\/wp-json\/wp\/v2\/media?parent=503"}],"wp:term":[{"taxonomy":"product_brand","embeddable":true,"href":"https:\/\/www.manukanewzealand.com\/fr\/wp-json\/wp\/v2\/product_brand?post=503"},{"taxonomy":"product_cat","embeddable":true,"href":"https:\/\/www.manukanewzealand.com\/fr\/wp-json\/wp\/v2\/product_cat?post=503"},{"taxonomy":"product_tag","embeddable":true,"href":"https:\/\/www.manukanewzealand.com\/fr\/wp-json\/wp\/v2\/product_tag?post=503"}],"curies":[{"name":"wp","href":"https:\/\/api.w.org\/{rel}","templated":true}]}}