{"id":494,"date":"2024-01-26T03:01:00","date_gmt":"2024-01-26T02:01:00","guid":{"rendered":"https:\/\/www.manukahoney.eu\/?post_type=product&#038;p=494"},"modified":"2026-02-17T13:42:01","modified_gmt":"2026-02-17T12:42:01","slug":"mgo-400-manuka-honey-250gr","status":"publish","type":"product","link":"https:\/\/www.manukanewzealand.com\/fr\/product\/mgo-400-miel-de-manuka\/","title":{"rendered":"Miel de Manuka MGO 400+ 250gr."},"content":{"rendered":"<h1>MNZ Miel de Manuka MGO 400+ - Miel de Manuka monofloral brut de premi\u00e8re qualit\u00e9 de Nouvelle-Z\u00e9lande<\/h1>\n<p><strong>MNZ MGO 400+<\/strong> est une prime <strong>miel de Manuka monofloral brut<\/strong> avec un minimum garanti de <strong>400 mg\/kg M\u00e9thylglyoxal (MGO)<\/strong>. Il s'agit d'un grade de haute r\u00e9sistance pour ceux qui veulent un miel de Manuka authentique avec un niveau naturellement \u00e9lev\u00e9 de MGO.<\/p>\n<p><strong>Disponible en :<\/strong> 250 grammes<\/p>\n<h2>Pourquoi choisir MNZ MGO 400+ ?<\/h2>\n<p>MNZ est synonyme de puret\u00e9, de transparence et d'origine n\u00e9o-z\u00e9landaise fiable. Ce miel n'est jamais m\u00e9lang\u00e9, dilu\u00e9 ou fortement transform\u00e9. Il provient exclusivement du nectar de la fleur de Manuka et est soigneusement class\u00e9 selon la norme reconnue MGO.<\/p>\n<p>L'indice MGO refl\u00e8te la concentration naturelle de m\u00e9thylglyoxal, le compos\u00e9 qui fait la sp\u00e9cificit\u00e9 du miel de Manuka. Avec un MGO garanti de 400+, ce grade offre une option forte et concentr\u00e9e au sein de la gamme premium de Manuka.<\/p>\n<p>Nos ruches sont situ\u00e9es dans des r\u00e9gions recul\u00e9es et pr\u00e9serv\u00e9es de Nouvelle-Z\u00e9lande, loin de l'agriculture intensive et de la pollution environnementale. Chaque lot est test\u00e9 en laboratoire de mani\u00e8re ind\u00e9pendante afin de confirmer son niveau de MGO et de v\u00e9rifier son statut monofloral. Le label MNZ et le sceau or MGO repr\u00e9sentent une tra\u00e7abilit\u00e9 compl\u00e8te et une qualit\u00e9 sup\u00e9rieure constante de la ruche au bocal.<\/p>\n<ul>\n<li>100% brut, non chauff\u00e9 et non pasteuris\u00e9<\/li>\n<li>Miel de Manuka certifi\u00e9 monofloral<\/li>\n<li>Minimum garanti de MGO 400+.<\/li>\n<li>Test\u00e9 en laboratoire de mani\u00e8re ind\u00e9pendante<\/li>\n<li>R\u00e9colt\u00e9, emball\u00e9 et \u00e9tiquet\u00e9 en Nouvelle-Z\u00e9lande<\/li>\n<\/ul>\n<h3>Ingr\u00e9dients<\/h3>\n<p>Miel de Manuka monofloral brut<\/p>\n<h3>Valeurs nutritionnelles pour 100 g<\/h3>\n<ul>\n<li>\u00c9nergie : 1400 kJ \/ 335 kcal<\/li>\n<li>Mati\u00e8res grasses : 0,0 g<\/li>\n<li>dont satur\u00e9 : 0.0 g<\/li>\n<li>Glucides : 82.1 g<\/li>\n<li>dont sucres : 82,1 g<\/li>\n<li>Prot\u00e9ines : 0,0 g<\/li>\n<li>Fibres : 0,0 g<\/li>\n<li>Sel : 0,03 g<\/li>\n<\/ul>","protected":false},"excerpt":{"rendered":"<p>MNZ Manuka Honey MGO 400+ \u2013 Premium Raw Monofloral Manuka from New Zealand MNZ MGO 400+ is a premium raw monofloral Manuka honey with a guaranteed minimum of 400 mg\/kg Methylglyoxal (MGO). It is a high-strength grade for those who want authentic Manuka honey with a naturally elevated MGO level. Available in: 250 grams Why [&#8230;]\n","protected":false},"featured_media":33841,"comment_status":"closed","ping_status":"closed","template":"","meta":[],"product_brand":[],"product_cat":[113],"product_tag":[],"class_list":{"0":"post-494","1":"product","2":"type-product","3":"status-publish","4":"has-post-thumbnail","6":"product_cat-uncategorized","8":"first","9":"instock","10":"taxable","11":"shipping-taxable","12":"purchasable","13":"product-type-simple"},"yoast_head":"<!-- This site is optimized with the Yoast SEO plugin v27.3 - https:\/\/yoast.com\/product\/yoast-seo-wordpress\/ -->\n<title>MNZ Manuka Honey MGO 400+ 250gr | Raw Monofloral Manuka Honey New Zealand<\/title>\n<meta name=\"description\" content=\"Premium raw monofloral Manuka honey with guaranteed MGO 400+. Independently tested, unprocessed and harvested in remote New Zealand regions. 250 g jar by MNZ.\" \/>\n<meta name=\"robots\" content=\"index, follow, max-snippet:-1, max-image-preview:large, max-video-preview:-1\" \/>\n<link rel=\"canonical\" href=\"https:\/\/www.manukanewzealand.com\/fr\/product\/mgo-400-miel-de-manuka\/\" \/>\n<meta property=\"og:locale\" content=\"fr_FR\" \/>\n<meta property=\"og:type\" content=\"article\" \/>\n<meta property=\"og:title\" content=\"MNZ Manuka Honey MGO 400+ 250gr | Raw Monofloral Manuka Honey New Zealand\" \/>\n<meta property=\"og:description\" content=\"Premium raw monofloral Manuka honey with guaranteed MGO 400+. Independently tested, unprocessed and harvested in remote New Zealand regions. 250 g jar by MNZ.\" \/>\n<meta property=\"og:url\" content=\"https:\/\/www.manukanewzealand.com\/fr\/product\/mgo-400-miel-de-manuka\/\" \/>\n<meta property=\"og:site_name\" content=\"MNZ - Manuka New Zealand - The Best Raw Manuka Honey | Global\" \/>\n<meta property=\"article:modified_time\" content=\"2026-02-17T12:42:01+00:00\" \/>\n<meta property=\"og:image\" content=\"https:\/\/www.manukanewzealand.com\/wp-content\/uploads\/2022\/07\/manukahoney-mnz400-250g-1-1.webp\" \/>\n\t<meta property=\"og:image:width\" content=\"500\" \/>\n\t<meta property=\"og:image:height\" content=\"500\" \/>\n\t<meta property=\"og:image:type\" content=\"image\/webp\" \/>\n<meta name=\"twitter:card\" content=\"summary_large_image\" \/>\n<meta name=\"twitter:label1\" content=\"Prix\" \/>\n\t<meta name=\"twitter:data1\" content=\"&euro;47,50 incl. VAT\" \/>\n\t<meta name=\"twitter:label2\" content=\"Availability\" \/>\n\t<meta name=\"twitter:data2\" content=\"In stock\" \/>\n<script type=\"application\/ld+json\" class=\"yoast-schema-graph\">{\"@context\":\"https:\\\/\\\/schema.org\",\"@graph\":[{\"@type\":\"WebPage\",\"@id\":\"https:\\\/\\\/www.manukanewzealand.com\\\/product\\\/mgo-400-manuka-honey-250gr\\\/\",\"url\":\"https:\\\/\\\/www.manukanewzealand.com\\\/product\\\/mgo-400-manuka-honey-250gr\\\/\",\"name\":\"MNZ Manuka Honey MGO 400+ 250gr | Raw Monofloral Manuka Honey New Zealand\",\"isPartOf\":{\"@id\":\"https:\\\/\\\/www.manukanewzealand.com\\\/es\\\/#website\"},\"primaryImageOfPage\":{\"@id\":\"https:\\\/\\\/www.manukanewzealand.com\\\/product\\\/mgo-400-manuka-honey-250gr\\\/#primaryimage\"},\"image\":{\"@id\":\"https:\\\/\\\/www.manukanewzealand.com\\\/product\\\/mgo-400-manuka-honey-250gr\\\/#primaryimage\"},\"thumbnailUrl\":\"https:\\\/\\\/www.manukanewzealand.com\\\/wp-content\\\/uploads\\\/2022\\\/07\\\/manukahoney-mnz400-250g-1-1.webp\",\"datePublished\":\"2024-01-26T02:01:00+00:00\",\"dateModified\":\"2026-02-17T12:42:01+00:00\",\"description\":\"Premium raw monofloral Manuka honey with guaranteed MGO 400+. Independently tested, unprocessed and harvested in remote New Zealand regions. 250 g jar by MNZ.\",\"breadcrumb\":{\"@id\":\"https:\\\/\\\/www.manukanewzealand.com\\\/product\\\/mgo-400-manuka-honey-250gr\\\/#breadcrumb\"},\"inLanguage\":\"fr-FR\",\"potentialAction\":[{\"@type\":\"ReadAction\",\"target\":[\"https:\\\/\\\/www.manukanewzealand.com\\\/product\\\/mgo-400-manuka-honey-250gr\\\/\"]}]},{\"@type\":\"ImageObject\",\"inLanguage\":\"fr-FR\",\"@id\":\"https:\\\/\\\/www.manukanewzealand.com\\\/product\\\/mgo-400-manuka-honey-250gr\\\/#primaryimage\",\"url\":\"https:\\\/\\\/www.manukanewzealand.com\\\/wp-content\\\/uploads\\\/2022\\\/07\\\/manukahoney-mnz400-250g-1-1.webp\",\"contentUrl\":\"https:\\\/\\\/www.manukanewzealand.com\\\/wp-content\\\/uploads\\\/2022\\\/07\\\/manukahoney-mnz400-250g-1-1.webp\",\"width\":500,\"height\":500},{\"@type\":\"BreadcrumbList\",\"@id\":\"https:\\\/\\\/www.manukanewzealand.com\\\/product\\\/mgo-400-manuka-honey-250gr\\\/#breadcrumb\",\"itemListElement\":[{\"@type\":\"ListItem\",\"position\":1,\"name\":\"Home\",\"item\":\"https:\\\/\\\/www.manukanewzealand.com\\\/\"},{\"@type\":\"ListItem\",\"position\":2,\"name\":\"MNZ Products\",\"item\":\"https:\\\/\\\/www.manukanewzealand.com\\\/mnz-products\\\/\"},{\"@type\":\"ListItem\",\"position\":3,\"name\":\"Manuka Honey MGO 400+ 250gr.\"}]},{\"@type\":\"WebSite\",\"@id\":\"https:\\\/\\\/www.manukanewzealand.com\\\/es\\\/#website\",\"url\":\"https:\\\/\\\/www.manukanewzealand.com\\\/es\\\/\",\"name\":\"MNZ - Manuka New Zealand - The Best Raw Manuka Honey | Global\",\"description\":\"\",\"publisher\":{\"@id\":\"https:\\\/\\\/www.manukanewzealand.com\\\/es\\\/#organization\"},\"potentialAction\":[{\"@type\":\"SearchAction\",\"target\":{\"@type\":\"EntryPoint\",\"urlTemplate\":\"https:\\\/\\\/www.manukanewzealand.com\\\/es\\\/?s={search_term_string}\"},\"query-input\":{\"@type\":\"PropertyValueSpecification\",\"valueRequired\":true,\"valueName\":\"search_term_string\"}}],\"inLanguage\":\"fr-FR\"},{\"@type\":\"Organization\",\"@id\":\"https:\\\/\\\/www.manukanewzealand.com\\\/es\\\/#organization\",\"name\":\"MNZ - Manuka New Zealand - The Best Raw Manuka Honey | Global\",\"url\":\"https:\\\/\\\/www.manukanewzealand.com\\\/es\\\/\",\"logo\":{\"@type\":\"ImageObject\",\"inLanguage\":\"fr-FR\",\"@id\":\"https:\\\/\\\/www.manukanewzealand.com\\\/es\\\/#\\\/schema\\\/logo\\\/image\\\/\",\"url\":\"https:\\\/\\\/www.manukanewzealand.com\\\/wp-content\\\/uploads\\\/2022\\\/11\\\/mnz-logo-200x200-1-1.png\",\"contentUrl\":\"https:\\\/\\\/www.manukanewzealand.com\\\/wp-content\\\/uploads\\\/2022\\\/11\\\/mnz-logo-200x200-1-1.png\",\"width\":200,\"height\":200,\"caption\":\"MNZ - Manuka New Zealand - The Best Raw Manuka Honey | Global\"},\"image\":{\"@id\":\"https:\\\/\\\/www.manukanewzealand.com\\\/es\\\/#\\\/schema\\\/logo\\\/image\\\/\"}}]}<\/script>\n<meta property=\"product:price:amount\" content=\"47.50\" \/>\n<meta property=\"product:price:currency\" content=\"EUR\" \/>\n<meta property=\"og:availability\" content=\"instock\" \/>\n<meta property=\"product:availability\" content=\"instock\" \/>\n<meta property=\"product:retailer_item_id\" content=\"MNZ005\" \/>\n<meta property=\"product:condition\" content=\"new\" \/>\n<!-- \/ Yoast SEO plugin. -->","yoast_head_json":{"title":"MNZ Miel de Manuka MGO 400+ 250gr | Miel de Manuka Monofloral Cru Nouvelle Z\u00e9lande","description":"Miel de Manuka monofloral brut de premi\u00e8re qualit\u00e9 avec MGO 400+ garanti. Test\u00e9 de mani\u00e8re ind\u00e9pendante, non trait\u00e9 et r\u00e9colt\u00e9 dans des r\u00e9gions recul\u00e9es de Nouvelle-Z\u00e9lande. Pot de 250 g de MNZ.","robots":{"index":"index","follow":"follow","max-snippet":"max-snippet:-1","max-image-preview":"max-image-preview:large","max-video-preview":"max-video-preview:-1"},"canonical":"https:\/\/www.manukanewzealand.com\/fr\/product\/mgo-400-miel-de-manuka\/","og_locale":"fr_FR","og_type":"article","og_title":"MNZ Manuka Honey MGO 400+ 250gr | Raw Monofloral Manuka Honey New Zealand","og_description":"Premium raw monofloral Manuka honey with guaranteed MGO 400+. Independently tested, unprocessed and harvested in remote New Zealand regions. 250 g jar by MNZ.","og_url":"https:\/\/www.manukanewzealand.com\/fr\/product\/mgo-400-miel-de-manuka\/","og_site_name":"MNZ - Manuka New Zealand - The Best Raw Manuka Honey | Global","article_modified_time":"2026-02-17T12:42:01+00:00","og_image":[{"width":500,"height":500,"url":"https:\/\/www.manukanewzealand.com\/wp-content\/uploads\/2022\/07\/manukahoney-mnz400-250g-1-1.webp","type":"image\/webp"}],"twitter_card":"summary_large_image","twitter_misc":{"Prix":"&euro;47,50 incl. VAT","Availability":"In stock"},"schema":{"@context":"https:\/\/schema.org","@graph":[{"@type":"WebPage","@id":"https:\/\/www.manukanewzealand.com\/product\/mgo-400-manuka-honey-250gr\/","url":"https:\/\/www.manukanewzealand.com\/product\/mgo-400-manuka-honey-250gr\/","name":"MNZ Miel de Manuka MGO 400+ 250gr | Miel de Manuka Monofloral Cru Nouvelle Z\u00e9lande","isPartOf":{"@id":"https:\/\/www.manukanewzealand.com\/es\/#website"},"primaryImageOfPage":{"@id":"https:\/\/www.manukanewzealand.com\/product\/mgo-400-manuka-honey-250gr\/#primaryimage"},"image":{"@id":"https:\/\/www.manukanewzealand.com\/product\/mgo-400-manuka-honey-250gr\/#primaryimage"},"thumbnailUrl":"https:\/\/www.manukanewzealand.com\/wp-content\/uploads\/2022\/07\/manukahoney-mnz400-250g-1-1.webp","datePublished":"2024-01-26T02:01:00+00:00","dateModified":"2026-02-17T12:42:01+00:00","description":"Miel de Manuka monofloral brut de premi\u00e8re qualit\u00e9 avec MGO 400+ garanti. Test\u00e9 de mani\u00e8re ind\u00e9pendante, non trait\u00e9 et r\u00e9colt\u00e9 dans des r\u00e9gions recul\u00e9es de Nouvelle-Z\u00e9lande. Pot de 250 g de MNZ.","breadcrumb":{"@id":"https:\/\/www.manukanewzealand.com\/product\/mgo-400-manuka-honey-250gr\/#breadcrumb"},"inLanguage":"fr-FR","potentialAction":[{"@type":"ReadAction","target":["https:\/\/www.manukanewzealand.com\/product\/mgo-400-manuka-honey-250gr\/"]}]},{"@type":"ImageObject","inLanguage":"fr-FR","@id":"https:\/\/www.manukanewzealand.com\/product\/mgo-400-manuka-honey-250gr\/#primaryimage","url":"https:\/\/www.manukanewzealand.com\/wp-content\/uploads\/2022\/07\/manukahoney-mnz400-250g-1-1.webp","contentUrl":"https:\/\/www.manukanewzealand.com\/wp-content\/uploads\/2022\/07\/manukahoney-mnz400-250g-1-1.webp","width":500,"height":500},{"@type":"BreadcrumbList","@id":"https:\/\/www.manukanewzealand.com\/product\/mgo-400-manuka-honey-250gr\/#breadcrumb","itemListElement":[{"@type":"ListItem","position":1,"name":"Home","item":"https:\/\/www.manukanewzealand.com\/"},{"@type":"ListItem","position":2,"name":"MNZ Products","item":"https:\/\/www.manukanewzealand.com\/mnz-products\/"},{"@type":"ListItem","position":3,"name":"Manuka Honey MGO 400+ 250gr."}]},{"@type":"WebSite","@id":"https:\/\/www.manukanewzealand.com\/es\/#website","url":"https:\/\/www.manukanewzealand.com\/es\/","name":"MNZ - Manuka New Zealand - Le meilleur miel brut de Manuka | Global","description":"","publisher":{"@id":"https:\/\/www.manukanewzealand.com\/es\/#organization"},"potentialAction":[{"@type":"SearchAction","target":{"@type":"EntryPoint","urlTemplate":"https:\/\/www.manukanewzealand.com\/es\/?s={search_term_string}"},"query-input":{"@type":"PropertyValueSpecification","valueRequired":true,"valueName":"search_term_string"}}],"inLanguage":"fr-FR"},{"@type":"Organization","@id":"https:\/\/www.manukanewzealand.com\/es\/#organization","name":"MNZ - Manuka New Zealand - Le meilleur miel brut de Manuka | Global","url":"https:\/\/www.manukanewzealand.com\/es\/","logo":{"@type":"ImageObject","inLanguage":"fr-FR","@id":"https:\/\/www.manukanewzealand.com\/es\/#\/schema\/logo\/image\/","url":"https:\/\/www.manukanewzealand.com\/wp-content\/uploads\/2022\/11\/mnz-logo-200x200-1-1.png","contentUrl":"https:\/\/www.manukanewzealand.com\/wp-content\/uploads\/2022\/11\/mnz-logo-200x200-1-1.png","width":200,"height":200,"caption":"MNZ - Manuka New Zealand - The Best Raw Manuka Honey | Global"},"image":{"@id":"https:\/\/www.manukanewzealand.com\/es\/#\/schema\/logo\/image\/"}}]},"product_price_amount":"47.50","product_price_currency":"EUR","og_availability":"instock","product_availability":"instock","product_retailer_item_id":"MNZ005","product_condition":"new"},"_links":{"self":[{"href":"https:\/\/www.manukanewzealand.com\/fr\/wp-json\/wp\/v2\/product\/494","targetHints":{"allow":["GET"]}}],"collection":[{"href":"https:\/\/www.manukanewzealand.com\/fr\/wp-json\/wp\/v2\/product"}],"about":[{"href":"https:\/\/www.manukanewzealand.com\/fr\/wp-json\/wp\/v2\/types\/product"}],"replies":[{"embeddable":true,"href":"https:\/\/www.manukanewzealand.com\/fr\/wp-json\/wp\/v2\/comments?post=494"}],"wp:featuredmedia":[{"embeddable":true,"href":"https:\/\/www.manukanewzealand.com\/fr\/wp-json\/wp\/v2\/media\/33841"}],"wp:attachment":[{"href":"https:\/\/www.manukanewzealand.com\/fr\/wp-json\/wp\/v2\/media?parent=494"}],"wp:term":[{"taxonomy":"product_brand","embeddable":true,"href":"https:\/\/www.manukanewzealand.com\/fr\/wp-json\/wp\/v2\/product_brand?post=494"},{"taxonomy":"product_cat","embeddable":true,"href":"https:\/\/www.manukanewzealand.com\/fr\/wp-json\/wp\/v2\/product_cat?post=494"},{"taxonomy":"product_tag","embeddable":true,"href":"https:\/\/www.manukanewzealand.com\/fr\/wp-json\/wp\/v2\/product_tag?post=494"}],"curies":[{"name":"wp","href":"https:\/\/api.w.org\/{rel}","templated":true}]}}