{"id":35279,"date":"2026-02-17T14:13:15","date_gmt":"2026-02-17T13:13:15","guid":{"rendered":"https:\/\/www.manukanewzealand.com\/?post_type=product&#038;p=35279"},"modified":"2026-02-17T14:13:15","modified_gmt":"2026-02-17T13:13:15","slug":"manuka-honey-mgo-50-500gr","status":"publish","type":"product","link":"https:\/\/www.manukanewzealand.com\/fr\/product\/manuka-honey-mgo-50-500gr\/","title":{"rendered":"Miel de Manuka MGO 50+ 500gr."},"content":{"rendered":"<h1>MNZ Manuka Honey MGO 50+ - Miel de Manuka brut dans une bouteille pratique \u00e0 presser<\/h1>\n<p><strong>MNZ MGO 50+<\/strong> est un produit de haute qualit\u00e9 <strong>miel de Manuka brut<\/strong> avec un minimum garanti de <strong>50 mg\/kg M\u00e9thylglyoxal (MGO)<\/strong>. Cette qualit\u00e9 MGO douce est id\u00e9ale pour un usage quotidien et est pr\u00e9sent\u00e9e dans un flacon pratique pour une utilisation propre et facile.<\/p>\n<p><strong>Disponible en :<\/strong> 500 g (bouteille press\u00e9e)<\/p>\n<h2>Pourquoi choisir MNZ MGO 50+ ?<\/h2>\n<p>MNZ est synonyme de puret\u00e9, de transparence et d'origine n\u00e9o-z\u00e9landaise fiable. Ce miel de Manuka est soigneusement s\u00e9lectionn\u00e9 et test\u00e9 pour confirmer sa teneur naturelle en MGO.<\/p>\n<p>Avec son taux de MGO plus faible, MGO 50+ offre un go\u00fbt doux et accessible, ce qui le rend parfait pour une consommation quotidienne. Utilisez-le au petit-d\u00e9jeuner, m\u00e9langez-le \u00e0 du th\u00e9, arrosez-le sur du yaourt ou ajoutez-le \u00e0 vos recettes pr\u00e9f\u00e9r\u00e9es.<\/p>\n<p>Nos ruches sont situ\u00e9es dans des r\u00e9gions recul\u00e9es et pr\u00e9serv\u00e9es de Nouvelle-Z\u00e9lande, loin de l'agriculture intensive et de la pollution environnementale. Chaque lot est test\u00e9 en laboratoire de mani\u00e8re ind\u00e9pendante afin de garantir l'authenticit\u00e9 et la qualit\u00e9. Le nom MNZ et le sceau dor\u00e9 MGO repr\u00e9sentent une tra\u00e7abilit\u00e9 compl\u00e8te et des normes coh\u00e9rentes.<\/p>\n<p>Le flacon pratique permet une utilisation facile et sans d\u00e9g\u00e2ts, sans avoir besoin d'une cuill\u00e8re.<\/p>\n<ul>\n<li>100% brut, non chauff\u00e9 et non pasteuris\u00e9<\/li>\n<li>Miel de Manuka avec MGO 50+ garanti<\/li>\n<li>Go\u00fbt doux, adapt\u00e9 \u00e0 un usage quotidien<\/li>\n<li>Flacon pressuris\u00e9 pratique pour un dosage propre<\/li>\n<li>Test\u00e9 en laboratoire de mani\u00e8re ind\u00e9pendante<\/li>\n<li>R\u00e9colt\u00e9, emball\u00e9 et \u00e9tiquet\u00e9 en Nouvelle-Z\u00e9lande<\/li>\n<\/ul>\n<h3>Ingr\u00e9dients<\/h3>\n<p>Miel de Manuka brut<\/p>\n<h3>Valeurs nutritionnelles pour 100 g<\/h3>\n<ul>\n<li>\u00c9nergie : 1400 kJ \/ 335 kcal<\/li>\n<li>Mati\u00e8res grasses : 0,0 g<\/li>\n<li>dont saturation : 0.0 g<\/li>\n<li>Glucides : 82.1 g<\/li>\n<li>dont sucres : 82,1 g<\/li>\n<li>Prot\u00e9ines : 0,0 g<\/li>\n<li>Fibres : 0,0 g<\/li>\n<li>Sel : 0,03 g<\/li>\n<\/ul>","protected":false},"excerpt":{"rendered":"<p>MNZ Manuka Honey MGO 50+ \u2013 Raw Manuka Honey in a Convenient Squeezy Bottle MNZ MGO 50+ is a high-quality raw Manuka honey with a guaranteed minimum of 50 mg\/kg Methylglyoxal (MGO). This mild MGO grade is ideal for everyday use and comes in a practical squeezy bottle for clean and easy serving. Available in: [&#8230;]\n","protected":false},"featured_media":35280,"comment_status":"closed","ping_status":"closed","template":"","meta":[],"product_brand":[],"product_cat":[113],"product_tag":[],"class_list":{"0":"post-35279","1":"product","2":"type-product","3":"status-publish","4":"has-post-thumbnail","6":"product_cat-uncategorized","8":"first","9":"instock","10":"taxable","11":"shipping-taxable","12":"purchasable","13":"product-type-simple"},"yoast_head":"<!-- This site is optimized with the Yoast SEO plugin v27.3 - https:\/\/yoast.com\/product\/yoast-seo-wordpress\/ -->\n<title>MNZ Manuka Honey MGO 50+ 500g Squeezy Bottle | Raw Manuka Honey<\/title>\n<meta name=\"description\" content=\"Raw MNZ Manuka honey MGO 50+ in a convenient 500 g squeezy bottle. Mild taste, independently tested and sourced from New Zealand.\" \/>\n<meta name=\"robots\" content=\"index, follow, max-snippet:-1, max-image-preview:large, max-video-preview:-1\" \/>\n<link rel=\"canonical\" href=\"https:\/\/www.manukanewzealand.com\/fr\/product\/manuka-honey-mgo-50-500gr\/\" \/>\n<meta property=\"og:locale\" content=\"fr_FR\" \/>\n<meta property=\"og:type\" content=\"article\" \/>\n<meta property=\"og:title\" content=\"MNZ Manuka Honey MGO 50+ 500g Squeezy Bottle | Raw Manuka Honey\" \/>\n<meta property=\"og:description\" content=\"Raw MNZ Manuka honey MGO 50+ in a convenient 500 g squeezy bottle. Mild taste, independently tested and sourced from New Zealand.\" \/>\n<meta property=\"og:url\" content=\"https:\/\/www.manukanewzealand.com\/fr\/product\/manuka-honey-mgo-50-500gr\/\" \/>\n<meta property=\"og:site_name\" content=\"MNZ - Manuka New Zealand - The Best Raw Manuka Honey | Global\" \/>\n<meta property=\"og:image\" content=\"https:\/\/www.manukanewzealand.com\/wp-content\/uploads\/2026\/02\/MGO-50-500gr.jpg\" \/>\n\t<meta property=\"og:image:width\" content=\"500\" \/>\n\t<meta property=\"og:image:height\" content=\"500\" \/>\n\t<meta property=\"og:image:type\" content=\"image\/jpeg\" \/>\n<meta name=\"twitter:card\" content=\"summary_large_image\" \/>\n<meta name=\"twitter:label1\" content=\"Prix\" \/>\n\t<meta name=\"twitter:data1\" content=\"&euro;34,50 incl. VAT\" \/>\n\t<meta name=\"twitter:label2\" content=\"Availability\" \/>\n\t<meta name=\"twitter:data2\" content=\"In stock\" \/>\n<script type=\"application\/ld+json\" class=\"yoast-schema-graph\">{\"@context\":\"https:\\\/\\\/schema.org\",\"@graph\":[{\"@type\":\"WebPage\",\"@id\":\"https:\\\/\\\/www.manukanewzealand.com\\\/product\\\/manuka-honey-mgo-50-500gr\\\/\",\"url\":\"https:\\\/\\\/www.manukanewzealand.com\\\/product\\\/manuka-honey-mgo-50-500gr\\\/\",\"name\":\"MNZ Manuka Honey MGO 50+ 500g Squeezy Bottle | Raw Manuka Honey\",\"isPartOf\":{\"@id\":\"https:\\\/\\\/www.manukanewzealand.com\\\/es\\\/#website\"},\"primaryImageOfPage\":{\"@id\":\"https:\\\/\\\/www.manukanewzealand.com\\\/product\\\/manuka-honey-mgo-50-500gr\\\/#primaryimage\"},\"image\":{\"@id\":\"https:\\\/\\\/www.manukanewzealand.com\\\/product\\\/manuka-honey-mgo-50-500gr\\\/#primaryimage\"},\"thumbnailUrl\":\"https:\\\/\\\/www.manukanewzealand.com\\\/wp-content\\\/uploads\\\/2026\\\/02\\\/MGO-50-500gr.jpg\",\"datePublished\":\"2026-02-17T13:13:15+00:00\",\"description\":\"Raw MNZ Manuka honey MGO 50+ in a convenient 500 g squeezy bottle. Mild taste, independently tested and sourced from New Zealand.\",\"breadcrumb\":{\"@id\":\"https:\\\/\\\/www.manukanewzealand.com\\\/product\\\/manuka-honey-mgo-50-500gr\\\/#breadcrumb\"},\"inLanguage\":\"fr-FR\",\"potentialAction\":[{\"@type\":\"ReadAction\",\"target\":[\"https:\\\/\\\/www.manukanewzealand.com\\\/product\\\/manuka-honey-mgo-50-500gr\\\/\"]}]},{\"@type\":\"ImageObject\",\"inLanguage\":\"fr-FR\",\"@id\":\"https:\\\/\\\/www.manukanewzealand.com\\\/product\\\/manuka-honey-mgo-50-500gr\\\/#primaryimage\",\"url\":\"https:\\\/\\\/www.manukanewzealand.com\\\/wp-content\\\/uploads\\\/2026\\\/02\\\/MGO-50-500gr.jpg\",\"contentUrl\":\"https:\\\/\\\/www.manukanewzealand.com\\\/wp-content\\\/uploads\\\/2026\\\/02\\\/MGO-50-500gr.jpg\",\"width\":500,\"height\":500},{\"@type\":\"BreadcrumbList\",\"@id\":\"https:\\\/\\\/www.manukanewzealand.com\\\/product\\\/manuka-honey-mgo-50-500gr\\\/#breadcrumb\",\"itemListElement\":[{\"@type\":\"ListItem\",\"position\":1,\"name\":\"Home\",\"item\":\"https:\\\/\\\/www.manukanewzealand.com\\\/\"},{\"@type\":\"ListItem\",\"position\":2,\"name\":\"MNZ Products\",\"item\":\"https:\\\/\\\/www.manukanewzealand.com\\\/mnz-products\\\/\"},{\"@type\":\"ListItem\",\"position\":3,\"name\":\"Manuka Honey MGO 50+ 500gr.\"}]},{\"@type\":\"WebSite\",\"@id\":\"https:\\\/\\\/www.manukanewzealand.com\\\/es\\\/#website\",\"url\":\"https:\\\/\\\/www.manukanewzealand.com\\\/es\\\/\",\"name\":\"MNZ - Manuka New Zealand - The Best Raw Manuka Honey | Global\",\"description\":\"\",\"publisher\":{\"@id\":\"https:\\\/\\\/www.manukanewzealand.com\\\/es\\\/#organization\"},\"potentialAction\":[{\"@type\":\"SearchAction\",\"target\":{\"@type\":\"EntryPoint\",\"urlTemplate\":\"https:\\\/\\\/www.manukanewzealand.com\\\/es\\\/?s={search_term_string}\"},\"query-input\":{\"@type\":\"PropertyValueSpecification\",\"valueRequired\":true,\"valueName\":\"search_term_string\"}}],\"inLanguage\":\"fr-FR\"},{\"@type\":\"Organization\",\"@id\":\"https:\\\/\\\/www.manukanewzealand.com\\\/es\\\/#organization\",\"name\":\"MNZ - Manuka New Zealand - The Best Raw Manuka Honey | Global\",\"url\":\"https:\\\/\\\/www.manukanewzealand.com\\\/es\\\/\",\"logo\":{\"@type\":\"ImageObject\",\"inLanguage\":\"fr-FR\",\"@id\":\"https:\\\/\\\/www.manukanewzealand.com\\\/es\\\/#\\\/schema\\\/logo\\\/image\\\/\",\"url\":\"https:\\\/\\\/www.manukanewzealand.com\\\/wp-content\\\/uploads\\\/2022\\\/11\\\/mnz-logo-200x200-1-1.png\",\"contentUrl\":\"https:\\\/\\\/www.manukanewzealand.com\\\/wp-content\\\/uploads\\\/2022\\\/11\\\/mnz-logo-200x200-1-1.png\",\"width\":200,\"height\":200,\"caption\":\"MNZ - Manuka New Zealand - The Best Raw Manuka Honey | Global\"},\"image\":{\"@id\":\"https:\\\/\\\/www.manukanewzealand.com\\\/es\\\/#\\\/schema\\\/logo\\\/image\\\/\"}}]}<\/script>\n<meta property=\"product:price:amount\" content=\"34.50\" \/>\n<meta property=\"product:price:currency\" content=\"EUR\" \/>\n<meta property=\"og:availability\" content=\"instock\" \/>\n<meta property=\"product:availability\" content=\"instock\" \/>\n<meta property=\"product:retailer_item_id\" content=\"MNZ024\" \/>\n<meta property=\"product:condition\" content=\"new\" \/>\n<!-- \/ Yoast SEO plugin. -->","yoast_head_json":{"title":"MNZ Miel de Manuka MGO 50+ 500g Bouteille press\u00e9e - Miel de Manuka brut","description":"Miel de Manuka brut MNZ MGO 50+ dans une bouteille pratique de 500 g. Go\u00fbt doux, test\u00e9 de mani\u00e8re ind\u00e9pendante et provenant de Nouvelle-Z\u00e9lande.","robots":{"index":"index","follow":"follow","max-snippet":"max-snippet:-1","max-image-preview":"max-image-preview:large","max-video-preview":"max-video-preview:-1"},"canonical":"https:\/\/www.manukanewzealand.com\/fr\/product\/manuka-honey-mgo-50-500gr\/","og_locale":"fr_FR","og_type":"article","og_title":"MNZ Manuka Honey MGO 50+ 500g Squeezy Bottle | Raw Manuka Honey","og_description":"Raw MNZ Manuka honey MGO 50+ in a convenient 500 g squeezy bottle. Mild taste, independently tested and sourced from New Zealand.","og_url":"https:\/\/www.manukanewzealand.com\/fr\/product\/manuka-honey-mgo-50-500gr\/","og_site_name":"MNZ - Manuka New Zealand - The Best Raw Manuka Honey | Global","og_image":[{"width":500,"height":500,"url":"https:\/\/www.manukanewzealand.com\/wp-content\/uploads\/2026\/02\/MGO-50-500gr.jpg","type":"image\/jpeg"}],"twitter_card":"summary_large_image","twitter_misc":{"Prix":"&euro;34,50 incl. VAT","Availability":"In stock"},"schema":{"@context":"https:\/\/schema.org","@graph":[{"@type":"WebPage","@id":"https:\/\/www.manukanewzealand.com\/product\/manuka-honey-mgo-50-500gr\/","url":"https:\/\/www.manukanewzealand.com\/product\/manuka-honey-mgo-50-500gr\/","name":"MNZ Miel de Manuka MGO 50+ 500g Bouteille press\u00e9e - Miel de Manuka brut","isPartOf":{"@id":"https:\/\/www.manukanewzealand.com\/es\/#website"},"primaryImageOfPage":{"@id":"https:\/\/www.manukanewzealand.com\/product\/manuka-honey-mgo-50-500gr\/#primaryimage"},"image":{"@id":"https:\/\/www.manukanewzealand.com\/product\/manuka-honey-mgo-50-500gr\/#primaryimage"},"thumbnailUrl":"https:\/\/www.manukanewzealand.com\/wp-content\/uploads\/2026\/02\/MGO-50-500gr.jpg","datePublished":"2026-02-17T13:13:15+00:00","description":"Miel de Manuka brut MNZ MGO 50+ dans une bouteille pratique de 500 g. Go\u00fbt doux, test\u00e9 de mani\u00e8re ind\u00e9pendante et provenant de Nouvelle-Z\u00e9lande.","breadcrumb":{"@id":"https:\/\/www.manukanewzealand.com\/product\/manuka-honey-mgo-50-500gr\/#breadcrumb"},"inLanguage":"fr-FR","potentialAction":[{"@type":"ReadAction","target":["https:\/\/www.manukanewzealand.com\/product\/manuka-honey-mgo-50-500gr\/"]}]},{"@type":"ImageObject","inLanguage":"fr-FR","@id":"https:\/\/www.manukanewzealand.com\/product\/manuka-honey-mgo-50-500gr\/#primaryimage","url":"https:\/\/www.manukanewzealand.com\/wp-content\/uploads\/2026\/02\/MGO-50-500gr.jpg","contentUrl":"https:\/\/www.manukanewzealand.com\/wp-content\/uploads\/2026\/02\/MGO-50-500gr.jpg","width":500,"height":500},{"@type":"BreadcrumbList","@id":"https:\/\/www.manukanewzealand.com\/product\/manuka-honey-mgo-50-500gr\/#breadcrumb","itemListElement":[{"@type":"ListItem","position":1,"name":"Home","item":"https:\/\/www.manukanewzealand.com\/"},{"@type":"ListItem","position":2,"name":"MNZ Products","item":"https:\/\/www.manukanewzealand.com\/mnz-products\/"},{"@type":"ListItem","position":3,"name":"Manuka Honey MGO 50+ 500gr."}]},{"@type":"WebSite","@id":"https:\/\/www.manukanewzealand.com\/es\/#website","url":"https:\/\/www.manukanewzealand.com\/es\/","name":"MNZ - Manuka New Zealand - Le meilleur miel brut de Manuka | Global","description":"","publisher":{"@id":"https:\/\/www.manukanewzealand.com\/es\/#organization"},"potentialAction":[{"@type":"SearchAction","target":{"@type":"EntryPoint","urlTemplate":"https:\/\/www.manukanewzealand.com\/es\/?s={search_term_string}"},"query-input":{"@type":"PropertyValueSpecification","valueRequired":true,"valueName":"search_term_string"}}],"inLanguage":"fr-FR"},{"@type":"Organization","@id":"https:\/\/www.manukanewzealand.com\/es\/#organization","name":"MNZ - Manuka New Zealand - Le meilleur miel brut de Manuka | Global","url":"https:\/\/www.manukanewzealand.com\/es\/","logo":{"@type":"ImageObject","inLanguage":"fr-FR","@id":"https:\/\/www.manukanewzealand.com\/es\/#\/schema\/logo\/image\/","url":"https:\/\/www.manukanewzealand.com\/wp-content\/uploads\/2022\/11\/mnz-logo-200x200-1-1.png","contentUrl":"https:\/\/www.manukanewzealand.com\/wp-content\/uploads\/2022\/11\/mnz-logo-200x200-1-1.png","width":200,"height":200,"caption":"MNZ - Manuka New Zealand - The Best Raw Manuka Honey | Global"},"image":{"@id":"https:\/\/www.manukanewzealand.com\/es\/#\/schema\/logo\/image\/"}}]},"product_price_amount":"34.50","product_price_currency":"EUR","og_availability":"instock","product_availability":"instock","product_retailer_item_id":"MNZ024","product_condition":"new"},"_links":{"self":[{"href":"https:\/\/www.manukanewzealand.com\/fr\/wp-json\/wp\/v2\/product\/35279","targetHints":{"allow":["GET"]}}],"collection":[{"href":"https:\/\/www.manukanewzealand.com\/fr\/wp-json\/wp\/v2\/product"}],"about":[{"href":"https:\/\/www.manukanewzealand.com\/fr\/wp-json\/wp\/v2\/types\/product"}],"replies":[{"embeddable":true,"href":"https:\/\/www.manukanewzealand.com\/fr\/wp-json\/wp\/v2\/comments?post=35279"}],"wp:featuredmedia":[{"embeddable":true,"href":"https:\/\/www.manukanewzealand.com\/fr\/wp-json\/wp\/v2\/media\/35280"}],"wp:attachment":[{"href":"https:\/\/www.manukanewzealand.com\/fr\/wp-json\/wp\/v2\/media?parent=35279"}],"wp:term":[{"taxonomy":"product_brand","embeddable":true,"href":"https:\/\/www.manukanewzealand.com\/fr\/wp-json\/wp\/v2\/product_brand?post=35279"},{"taxonomy":"product_cat","embeddable":true,"href":"https:\/\/www.manukanewzealand.com\/fr\/wp-json\/wp\/v2\/product_cat?post=35279"},{"taxonomy":"product_tag","embeddable":true,"href":"https:\/\/www.manukanewzealand.com\/fr\/wp-json\/wp\/v2\/product_tag?post=35279"}],"curies":[{"name":"wp","href":"https:\/\/api.w.org\/{rel}","templated":true}]}}