{"id":34206,"date":"2024-01-09T16:20:15","date_gmt":"2024-01-09T15:20:15","guid":{"rendered":"https:\/\/www.manukanewzealand.com\/?post_type=product&#038;p=34206"},"modified":"2026-02-17T14:06:08","modified_gmt":"2026-02-17T13:06:08","slug":"kanuka-essential-oil","status":"publish","type":"product","link":"https:\/\/www.manukanewzealand.com\/fr\/product\/kanuka-essential-oil\/","title":{"rendered":"Huile de Kanuka (100% huile essentielle pure) (Kunzea ericoides)"},"content":{"rendered":"<h1>MNZ Kanuka Oil - Huile essentielle pure de Nouvelle-Z\u00e9lande<\/h1>\n<p><strong>MNZ Kanuka Oil<\/strong> est un <strong>100% huile essentielle pure<\/strong>, L'huile d'olive, soigneusement distill\u00e9e \u00e0 la vapeur d'eau \u00e0 partir des feuilles et des branches de l'arbuste Kanuka de Nouvelle-Z\u00e9lande (<em>Kunzea ericoides<\/em>). R\u00e9colt\u00e9e et produite dans la r\u00e9gion de East Cape en Nouvelle-Z\u00e9lande, cette huile est connue pour son ar\u00f4me frais, l\u00e9g\u00e8rement \u00e9pic\u00e9 et naturellement vibrant.<\/p>\n<p><strong>Contenu :<\/strong> 10 ml<\/p>\n<h2>Pourquoi choisir MNZ Kanuka Oil ?<\/h2>\n<p>MNZ est synonyme de puret\u00e9, de transparence et d'origine s\u00fbre. Notre huile de Kanuka est obtenue par distillation douce \u00e0 la vapeur d'eau, une m\u00e9thode qui pr\u00e9serve les compos\u00e9s aromatiques naturels de la plante.<\/p>\n<p>L'huile de kanuka pr\u00e9sente un profil aromatique complexe, contenant naturellement des composants tels que l'alpha-pin\u00e8ne, qui contribue \u00e0 son parfum clair et rafra\u00eechissant. Son caract\u00e8re refl\u00e8te le climat unique et la flore indig\u00e8ne de la Nouvelle-Z\u00e9lande.<\/p>\n<p>L'huile est totalement pure, sans additif ni dilution. Le nom MNZ est synonyme d'authenticit\u00e9, de tra\u00e7abilit\u00e9 totale et d'un processus de production soigneusement g\u00e9r\u00e9, de la plante \u00e0 la bouteille finie.<\/p>\n<ul>\n<li>100% huile essentielle Kanuka pure<\/li>\n<li>Distill\u00e9 \u00e0 la vapeur d'eau \u00e0 partir de Kunzea ericoides (feuilles et branches)<\/li>\n<li>Sans additif ni dilution<\/li>\n<li>Profil olfactif frais et naturellement aromatique<\/li>\n<li>Sourc\u00e9s et produits en Nouvelle-Z\u00e9lande<\/li>\n<\/ul>\n<h3>Utilisation<\/h3>\n<p>Pour usage externe et applications aromatiques uniquement.<br \/>\nPour l'application cutan\u00e9e, toujours diluer avec une huile de support appropri\u00e9e.<br \/>\nPeut \u00eatre utilis\u00e9 dans un diffuseur ou un br\u00fbleur d'ar\u00f4mes selon les instructions.<\/p>\n<h3>Informations importantes<\/h3>\n<p>Bien refermer le flacon apr\u00e8s utilisation. Conserver dans un endroit frais et sec, \u00e0 l'abri de la lumi\u00e8re directe du soleil.<br \/>\nTenir hors de port\u00e9e des enfants. \u00c9viter le contact avec les yeux.<br \/>\nPour les peaux sensibles, il est recommand\u00e9 d'effectuer un test \u00e9picutan\u00e9 avant utilisation.<\/p>","protected":false},"excerpt":{"rendered":"<p>MNZ Kanuka Oil \u2013 Pure Essential Oil from New Zealand MNZ Kanuka Oil is a 100% pure essential oil, carefully steam distilled from the leaves and branches of the New Zealand Kanuka shrub (Kunzea ericoides). Harvested and produced in the East Cape region of New Zealand, this oil is known for its fresh, slightly spicy [&#8230;]\n","protected":false},"featured_media":34207,"comment_status":"closed","ping_status":"closed","template":"","meta":[],"product_brand":[],"product_cat":[113],"product_tag":[],"class_list":{"0":"post-34206","1":"product","2":"type-product","3":"status-publish","4":"has-post-thumbnail","6":"product_cat-uncategorized","8":"first","9":"instock","10":"taxable","11":"shipping-taxable","12":"purchasable","13":"product-type-simple"},"yoast_head":"<!-- This site is optimized with the Yoast SEO plugin v27.3 - https:\/\/yoast.com\/product\/yoast-seo-wordpress\/ -->\n<title>MNZ Kanuka Oil 10 ml | Pure Essential Kanuka Oil from New Zealand<\/title>\n<meta name=\"description\" content=\"100% pure Kanuka essential oil from New Zealand, steam distilled from Kunzea ericoides. Fresh, spicy aroma with alpha-pinene. No additives or dilution. 10 ml by MNZ.\" \/>\n<meta name=\"robots\" content=\"index, follow, max-snippet:-1, max-image-preview:large, max-video-preview:-1\" \/>\n<link rel=\"canonical\" href=\"https:\/\/www.manukanewzealand.com\/fr\/product\/kanuka-essential-oil\/\" \/>\n<meta property=\"og:locale\" content=\"fr_FR\" \/>\n<meta property=\"og:type\" content=\"article\" \/>\n<meta property=\"og:title\" content=\"MNZ Kanuka Oil 10 ml | Pure Essential Kanuka Oil from New Zealand\" \/>\n<meta property=\"og:description\" content=\"100% pure Kanuka essential oil from New Zealand, steam distilled from Kunzea ericoides. Fresh, spicy aroma with alpha-pinene. No additives or dilution. 10 ml by MNZ.\" \/>\n<meta property=\"og:url\" content=\"https:\/\/www.manukanewzealand.com\/fr\/product\/kanuka-essential-oil\/\" \/>\n<meta property=\"og:site_name\" content=\"MNZ - Manuka New Zealand - The Best Raw Manuka Honey | Global\" \/>\n<meta property=\"article:modified_time\" content=\"2026-02-17T13:06:08+00:00\" \/>\n<meta property=\"og:image\" content=\"https:\/\/www.manukanewzealand.com\/wp-content\/uploads\/2023\/11\/kanuka-essential-oil.webp\" \/>\n\t<meta property=\"og:image:width\" content=\"500\" \/>\n\t<meta property=\"og:image:height\" content=\"500\" \/>\n\t<meta property=\"og:image:type\" content=\"image\/webp\" \/>\n<meta name=\"twitter:card\" content=\"summary_large_image\" \/>\n<meta name=\"twitter:label1\" content=\"Prix\" \/>\n\t<meta name=\"twitter:data1\" content=\"&euro;29,95 incl. VAT\" \/>\n\t<meta name=\"twitter:label2\" content=\"Availability\" \/>\n\t<meta name=\"twitter:data2\" content=\"In stock\" \/>\n<script type=\"application\/ld+json\" class=\"yoast-schema-graph\">{\"@context\":\"https:\\\/\\\/schema.org\",\"@graph\":[{\"@type\":\"WebPage\",\"@id\":\"https:\\\/\\\/www.manukanewzealand.com\\\/product\\\/kanuka-essential-oil\\\/\",\"url\":\"https:\\\/\\\/www.manukanewzealand.com\\\/product\\\/kanuka-essential-oil\\\/\",\"name\":\"MNZ Kanuka Oil 10 ml | Pure Essential Kanuka Oil from New Zealand\",\"isPartOf\":{\"@id\":\"https:\\\/\\\/www.manukanewzealand.com\\\/es\\\/#website\"},\"primaryImageOfPage\":{\"@id\":\"https:\\\/\\\/www.manukanewzealand.com\\\/product\\\/kanuka-essential-oil\\\/#primaryimage\"},\"image\":{\"@id\":\"https:\\\/\\\/www.manukanewzealand.com\\\/product\\\/kanuka-essential-oil\\\/#primaryimage\"},\"thumbnailUrl\":\"https:\\\/\\\/www.manukanewzealand.com\\\/wp-content\\\/uploads\\\/2023\\\/11\\\/kanuka-essential-oil.webp\",\"datePublished\":\"2024-01-09T15:20:15+00:00\",\"dateModified\":\"2026-02-17T13:06:08+00:00\",\"description\":\"100% pure Kanuka essential oil from New Zealand, steam distilled from Kunzea ericoides. Fresh, spicy aroma with alpha-pinene. No additives or dilution. 10 ml by MNZ.\",\"breadcrumb\":{\"@id\":\"https:\\\/\\\/www.manukanewzealand.com\\\/product\\\/kanuka-essential-oil\\\/#breadcrumb\"},\"inLanguage\":\"fr-FR\",\"potentialAction\":[{\"@type\":\"ReadAction\",\"target\":[\"https:\\\/\\\/www.manukanewzealand.com\\\/product\\\/kanuka-essential-oil\\\/\"]}]},{\"@type\":\"ImageObject\",\"inLanguage\":\"fr-FR\",\"@id\":\"https:\\\/\\\/www.manukanewzealand.com\\\/product\\\/kanuka-essential-oil\\\/#primaryimage\",\"url\":\"https:\\\/\\\/www.manukanewzealand.com\\\/wp-content\\\/uploads\\\/2023\\\/11\\\/kanuka-essential-oil.webp\",\"contentUrl\":\"https:\\\/\\\/www.manukanewzealand.com\\\/wp-content\\\/uploads\\\/2023\\\/11\\\/kanuka-essential-oil.webp\",\"width\":500,\"height\":500},{\"@type\":\"BreadcrumbList\",\"@id\":\"https:\\\/\\\/www.manukanewzealand.com\\\/product\\\/kanuka-essential-oil\\\/#breadcrumb\",\"itemListElement\":[{\"@type\":\"ListItem\",\"position\":1,\"name\":\"Home\",\"item\":\"https:\\\/\\\/www.manukanewzealand.com\\\/\"},{\"@type\":\"ListItem\",\"position\":2,\"name\":\"MNZ Products\",\"item\":\"https:\\\/\\\/www.manukanewzealand.com\\\/mnz-products\\\/\"},{\"@type\":\"ListItem\",\"position\":3,\"name\":\"Kanuka Oil (100% essential pure oil) (Kunzea ericoides)\"}]},{\"@type\":\"WebSite\",\"@id\":\"https:\\\/\\\/www.manukanewzealand.com\\\/es\\\/#website\",\"url\":\"https:\\\/\\\/www.manukanewzealand.com\\\/es\\\/\",\"name\":\"MNZ - Manuka New Zealand - The Best Raw Manuka Honey | Global\",\"description\":\"\",\"publisher\":{\"@id\":\"https:\\\/\\\/www.manukanewzealand.com\\\/es\\\/#organization\"},\"potentialAction\":[{\"@type\":\"SearchAction\",\"target\":{\"@type\":\"EntryPoint\",\"urlTemplate\":\"https:\\\/\\\/www.manukanewzealand.com\\\/es\\\/?s={search_term_string}\"},\"query-input\":{\"@type\":\"PropertyValueSpecification\",\"valueRequired\":true,\"valueName\":\"search_term_string\"}}],\"inLanguage\":\"fr-FR\"},{\"@type\":\"Organization\",\"@id\":\"https:\\\/\\\/www.manukanewzealand.com\\\/es\\\/#organization\",\"name\":\"MNZ - Manuka New Zealand - The Best Raw Manuka Honey | Global\",\"url\":\"https:\\\/\\\/www.manukanewzealand.com\\\/es\\\/\",\"logo\":{\"@type\":\"ImageObject\",\"inLanguage\":\"fr-FR\",\"@id\":\"https:\\\/\\\/www.manukanewzealand.com\\\/es\\\/#\\\/schema\\\/logo\\\/image\\\/\",\"url\":\"https:\\\/\\\/www.manukanewzealand.com\\\/wp-content\\\/uploads\\\/2022\\\/11\\\/mnz-logo-200x200-1-1.png\",\"contentUrl\":\"https:\\\/\\\/www.manukanewzealand.com\\\/wp-content\\\/uploads\\\/2022\\\/11\\\/mnz-logo-200x200-1-1.png\",\"width\":200,\"height\":200,\"caption\":\"MNZ - Manuka New Zealand - The Best Raw Manuka Honey | Global\"},\"image\":{\"@id\":\"https:\\\/\\\/www.manukanewzealand.com\\\/es\\\/#\\\/schema\\\/logo\\\/image\\\/\"}}]}<\/script>\n<meta property=\"product:price:amount\" content=\"29.95\" \/>\n<meta property=\"product:price:currency\" content=\"EUR\" \/>\n<meta property=\"og:availability\" content=\"instock\" \/>\n<meta property=\"product:availability\" content=\"instock\" \/>\n<meta property=\"product:retailer_item_id\" content=\"MNZ204\" \/>\n<meta property=\"product:condition\" content=\"new\" \/>\n<!-- \/ Yoast SEO plugin. -->","yoast_head_json":{"title":"MNZ Kanuka Oil 10 ml | Huile essentielle pure de Kanuka de Nouvelle-Z\u00e9lande","description":"100% huile essentielle Kanuka pure de Nouvelle-Z\u00e9lande, distill\u00e9e \u00e0 la vapeur d'eau \u00e0 partir de Kunzea ericoides. Ar\u00f4me frais et \u00e9pic\u00e9 avec de l'alpha-pin\u00e8ne. Sans additif ni dilution. 10 ml par MNZ.","robots":{"index":"index","follow":"follow","max-snippet":"max-snippet:-1","max-image-preview":"max-image-preview:large","max-video-preview":"max-video-preview:-1"},"canonical":"https:\/\/www.manukanewzealand.com\/fr\/product\/kanuka-essential-oil\/","og_locale":"fr_FR","og_type":"article","og_title":"MNZ Kanuka Oil 10 ml | Pure Essential Kanuka Oil from New Zealand","og_description":"100% pure Kanuka essential oil from New Zealand, steam distilled from Kunzea ericoides. Fresh, spicy aroma with alpha-pinene. No additives or dilution. 10 ml by MNZ.","og_url":"https:\/\/www.manukanewzealand.com\/fr\/product\/kanuka-essential-oil\/","og_site_name":"MNZ - Manuka New Zealand - The Best Raw Manuka Honey | Global","article_modified_time":"2026-02-17T13:06:08+00:00","og_image":[{"width":500,"height":500,"url":"https:\/\/www.manukanewzealand.com\/wp-content\/uploads\/2023\/11\/kanuka-essential-oil.webp","type":"image\/webp"}],"twitter_card":"summary_large_image","twitter_misc":{"Prix":"&euro;29,95 incl. VAT","Availability":"In stock"},"schema":{"@context":"https:\/\/schema.org","@graph":[{"@type":"WebPage","@id":"https:\/\/www.manukanewzealand.com\/product\/kanuka-essential-oil\/","url":"https:\/\/www.manukanewzealand.com\/product\/kanuka-essential-oil\/","name":"MNZ Kanuka Oil 10 ml | Huile essentielle pure de Kanuka de Nouvelle-Z\u00e9lande","isPartOf":{"@id":"https:\/\/www.manukanewzealand.com\/es\/#website"},"primaryImageOfPage":{"@id":"https:\/\/www.manukanewzealand.com\/product\/kanuka-essential-oil\/#primaryimage"},"image":{"@id":"https:\/\/www.manukanewzealand.com\/product\/kanuka-essential-oil\/#primaryimage"},"thumbnailUrl":"https:\/\/www.manukanewzealand.com\/wp-content\/uploads\/2023\/11\/kanuka-essential-oil.webp","datePublished":"2024-01-09T15:20:15+00:00","dateModified":"2026-02-17T13:06:08+00:00","description":"100% huile essentielle Kanuka pure de Nouvelle-Z\u00e9lande, distill\u00e9e \u00e0 la vapeur d'eau \u00e0 partir de Kunzea ericoides. Ar\u00f4me frais et \u00e9pic\u00e9 avec de l'alpha-pin\u00e8ne. Sans additif ni dilution. 10 ml par MNZ.","breadcrumb":{"@id":"https:\/\/www.manukanewzealand.com\/product\/kanuka-essential-oil\/#breadcrumb"},"inLanguage":"fr-FR","potentialAction":[{"@type":"ReadAction","target":["https:\/\/www.manukanewzealand.com\/product\/kanuka-essential-oil\/"]}]},{"@type":"ImageObject","inLanguage":"fr-FR","@id":"https:\/\/www.manukanewzealand.com\/product\/kanuka-essential-oil\/#primaryimage","url":"https:\/\/www.manukanewzealand.com\/wp-content\/uploads\/2023\/11\/kanuka-essential-oil.webp","contentUrl":"https:\/\/www.manukanewzealand.com\/wp-content\/uploads\/2023\/11\/kanuka-essential-oil.webp","width":500,"height":500},{"@type":"BreadcrumbList","@id":"https:\/\/www.manukanewzealand.com\/product\/kanuka-essential-oil\/#breadcrumb","itemListElement":[{"@type":"ListItem","position":1,"name":"Home","item":"https:\/\/www.manukanewzealand.com\/"},{"@type":"ListItem","position":2,"name":"MNZ Products","item":"https:\/\/www.manukanewzealand.com\/mnz-products\/"},{"@type":"ListItem","position":3,"name":"Kanuka Oil (100% essential pure oil) (Kunzea ericoides)"}]},{"@type":"WebSite","@id":"https:\/\/www.manukanewzealand.com\/es\/#website","url":"https:\/\/www.manukanewzealand.com\/es\/","name":"MNZ - Manuka New Zealand - Le meilleur miel brut de Manuka | Global","description":"","publisher":{"@id":"https:\/\/www.manukanewzealand.com\/es\/#organization"},"potentialAction":[{"@type":"SearchAction","target":{"@type":"EntryPoint","urlTemplate":"https:\/\/www.manukanewzealand.com\/es\/?s={search_term_string}"},"query-input":{"@type":"PropertyValueSpecification","valueRequired":true,"valueName":"search_term_string"}}],"inLanguage":"fr-FR"},{"@type":"Organization","@id":"https:\/\/www.manukanewzealand.com\/es\/#organization","name":"MNZ - Manuka New Zealand - Le meilleur miel brut de Manuka | Global","url":"https:\/\/www.manukanewzealand.com\/es\/","logo":{"@type":"ImageObject","inLanguage":"fr-FR","@id":"https:\/\/www.manukanewzealand.com\/es\/#\/schema\/logo\/image\/","url":"https:\/\/www.manukanewzealand.com\/wp-content\/uploads\/2022\/11\/mnz-logo-200x200-1-1.png","contentUrl":"https:\/\/www.manukanewzealand.com\/wp-content\/uploads\/2022\/11\/mnz-logo-200x200-1-1.png","width":200,"height":200,"caption":"MNZ - Manuka New Zealand - The Best Raw Manuka Honey | Global"},"image":{"@id":"https:\/\/www.manukanewzealand.com\/es\/#\/schema\/logo\/image\/"}}]},"product_price_amount":"29.95","product_price_currency":"EUR","og_availability":"instock","product_availability":"instock","product_retailer_item_id":"MNZ204","product_condition":"new"},"_links":{"self":[{"href":"https:\/\/www.manukanewzealand.com\/fr\/wp-json\/wp\/v2\/product\/34206","targetHints":{"allow":["GET"]}}],"collection":[{"href":"https:\/\/www.manukanewzealand.com\/fr\/wp-json\/wp\/v2\/product"}],"about":[{"href":"https:\/\/www.manukanewzealand.com\/fr\/wp-json\/wp\/v2\/types\/product"}],"replies":[{"embeddable":true,"href":"https:\/\/www.manukanewzealand.com\/fr\/wp-json\/wp\/v2\/comments?post=34206"}],"wp:featuredmedia":[{"embeddable":true,"href":"https:\/\/www.manukanewzealand.com\/fr\/wp-json\/wp\/v2\/media\/34207"}],"wp:attachment":[{"href":"https:\/\/www.manukanewzealand.com\/fr\/wp-json\/wp\/v2\/media?parent=34206"}],"wp:term":[{"taxonomy":"product_brand","embeddable":true,"href":"https:\/\/www.manukanewzealand.com\/fr\/wp-json\/wp\/v2\/product_brand?post=34206"},{"taxonomy":"product_cat","embeddable":true,"href":"https:\/\/www.manukanewzealand.com\/fr\/wp-json\/wp\/v2\/product_cat?post=34206"},{"taxonomy":"product_tag","embeddable":true,"href":"https:\/\/www.manukanewzealand.com\/fr\/wp-json\/wp\/v2\/product_tag?post=34206"}],"curies":[{"name":"wp","href":"https:\/\/api.w.org\/{rel}","templated":true}]}}