{"id":3356,"date":"2024-01-19T07:01:00","date_gmt":"2024-01-19T06:01:00","guid":{"rendered":"https:\/\/www.manukahoney.eu\/?post_type=product&#038;p=3356"},"modified":"2026-02-17T13:51:01","modified_gmt":"2026-02-17T12:51:01","slug":"snappaks","status":"publish","type":"product","link":"https:\/\/www.manukanewzealand.com\/fr\/product\/snappak-miel-de-manuka\/","title":{"rendered":"Miel de Manuka MGO 100+ Snappaks"},"content":{"rendered":"<h1>MNZ Miel de Manuka MGO 100+ Snappaks - \u00c9nergie brute monoflorale en mouvement<\/h1>\n<p><strong>MNZ MGO 100+ Snappaks<\/strong> contiennent une prime <strong>miel de Manuka monofloral brut<\/strong> avec un minimum garanti de <strong>100 mg\/kg M\u00e9thylglyoxal (MGO)<\/strong>. Parfaitement dos\u00e9 pour un usage quotidien, le sport, les voyages, ou chaque fois que vous souhaitez un regain d'\u00e9nergie rapide et naturel.<\/p>\n<p><strong>Contenu :<\/strong> 10 sachets de 5 grammes (total 50 g)<\/p>\n<h2>Pourquoi choisir MNZ MGO 100+ Snappaks ?<\/h2>\n<p>MNZ est synonyme de puret\u00e9, de transparence et d'origine n\u00e9o-z\u00e9landaise fiable. Ce miel de Manuka provient exclusivement du nectar de la fleur de Manuka et est soigneusement class\u00e9 selon la norme reconnue MGO.<\/p>\n<p>Le MGO est le compos\u00e9 naturel qui fait la particularit\u00e9 du miel de Manuka. Avec une garantie MGO 100+, ces Snappaks offrent une qualit\u00e9 accessible et fiable dans un format pratique en portion individuelle.<\/p>\n<p>Le miel est 100% brut, non filtr\u00e9 et non pasteuris\u00e9, ce qui pr\u00e9serve sa saveur et son caract\u00e8re naturels. Les sachets compacts sont faciles \u00e0 transporter et \u00e0 utiliser. Ils sont id\u00e9aux pour les sportifs, les voyageurs, les journ\u00e9es de travail charg\u00e9es ou comme petit en-cas naturel.<\/p>\n<p>Nos ruches sont situ\u00e9es dans des r\u00e9gions recul\u00e9es et pr\u00e9serv\u00e9es de Nouvelle-Z\u00e9lande. Chaque lot est test\u00e9 en laboratoire de mani\u00e8re ind\u00e9pendante pour confirmer sa teneur en MGO et son statut monofloral. Le nom MNZ et le sceau dor\u00e9 MGO sont synonymes d'authenticit\u00e9 et de qualit\u00e9 constante.<\/p>\n<ul>\n<li>10 pratiques 5 g Snappaks<\/li>\n<li>Miel de Manuka monofloral brut<\/li>\n<li>Minimum garanti MGO 100+<\/li>\n<li>100% pure, non filtr\u00e9e et non pasteuris\u00e9e<\/li>\n<li>Id\u00e9al pour le sport, les voyages ou l'usage quotidien<\/li>\n<li>R\u00e9colt\u00e9, emball\u00e9 et \u00e9tiquet\u00e9 en Nouvelle-Z\u00e9lande<\/li>\n<\/ul>\n<h3>Ingr\u00e9dients<\/h3>\n<p>Miel de Manuka monofloral brut<\/p>\n<h3>Valeurs nutritionnelles pour 100 g<\/h3>\n<ul>\n<li>\u00c9nergie : 1400 kJ \/ 335 kcal<\/li>\n<li>Mati\u00e8res grasses : 0,0 g<\/li>\n<li>dont satur\u00e9 : 0.0 g<\/li>\n<li>Glucides : 82.1 g<\/li>\n<li>dont sucres : 82,1 g<\/li>\n<li>Prot\u00e9ines : 0,0 g<\/li>\n<li>Fibres : 0,0 g<\/li>\n<li>Sel : 0,03 g<\/li>\n<\/ul>","protected":false},"excerpt":{"rendered":"<h2>Miel de Manuka monofloral de MNZ<\/h2>\n<p>Disponible en 10 x 5 gr.<\/p>\n<p>MNZ &#8211; Monofloral Manuka Honey Snappak<br \/>\nFormat pratique avec 5gr chacun. Miel de Manuka MGO 100<\/p>\n<p>Contenu : miel de manuka monofloral<\/p>\n<p>Valeur nutritionnelle pour 100 gr : 1400 kj \/ 335 Kcal, 0.0 prot\u00e9ine, 0.0 gr. de graisse, 82.1 gr. d'hydrates de carbone ; dont 82.1 gr. de sucres, 0 gr. de fibres et 0.03 gr. de sel.<\/p>","protected":false},"featured_media":35198,"comment_status":"closed","ping_status":"closed","template":"","meta":[],"product_brand":[],"product_cat":[113],"product_tag":[],"class_list":{"0":"post-3356","1":"product","2":"type-product","3":"status-publish","4":"has-post-thumbnail","6":"product_cat-uncategorized","8":"first","9":"instock","10":"taxable","11":"shipping-taxable","12":"purchasable","13":"product-type-simple"},"yoast_head":"<!-- This site is optimized with the Yoast SEO plugin v27.3 - https:\/\/yoast.com\/product\/yoast-seo-wordpress\/ -->\n<title>MNZ Manuka Honey Snappaks MGO 100+ 10 x 5 g | Raw Monofloral Manuka Honey New Zealand<\/title>\n<meta name=\"description\" content=\"Raw monofloral Manuka honey Snappaks with guaranteed MGO 100+ (10 x 5 g). Unfiltered, unpasteurised and batch tested. Perfect for sport, travel and daily use.\" \/>\n<meta name=\"robots\" content=\"index, follow, max-snippet:-1, max-image-preview:large, max-video-preview:-1\" \/>\n<link rel=\"canonical\" href=\"https:\/\/www.manukanewzealand.com\/fr\/product\/snappak-miel-de-manuka\/\" \/>\n<meta property=\"og:locale\" content=\"fr_FR\" \/>\n<meta property=\"og:type\" content=\"article\" \/>\n<meta property=\"og:title\" content=\"MNZ Manuka Honey Snappaks MGO 100+ 10 x 5 g | Raw Monofloral Manuka Honey New Zealand\" \/>\n<meta property=\"og:description\" content=\"Raw monofloral Manuka honey Snappaks with guaranteed MGO 100+ (10 x 5 g). Unfiltered, unpasteurised and batch tested. Perfect for sport, travel and daily use.\" \/>\n<meta property=\"og:url\" content=\"https:\/\/www.manukanewzealand.com\/fr\/product\/snappak-miel-de-manuka\/\" \/>\n<meta property=\"og:site_name\" content=\"MNZ - Manuka New Zealand - The Best Raw Manuka Honey | Global\" \/>\n<meta property=\"article:modified_time\" content=\"2026-02-17T12:51:01+00:00\" \/>\n<meta property=\"og:image\" content=\"https:\/\/www.manukanewzealand.com\/wp-content\/uploads\/2024\/01\/MNZ-Manuka-Honey-Snappacks.jpg\" \/>\n\t<meta property=\"og:image:width\" content=\"500\" \/>\n\t<meta property=\"og:image:height\" content=\"500\" \/>\n\t<meta property=\"og:image:type\" content=\"image\/jpeg\" \/>\n<meta name=\"twitter:card\" content=\"summary_large_image\" \/>\n<meta name=\"twitter:label1\" content=\"Prix\" \/>\n\t<meta name=\"twitter:data1\" content=\"&euro;22,50 incl. VAT\" \/>\n\t<meta name=\"twitter:label2\" content=\"Availability\" \/>\n\t<meta name=\"twitter:data2\" content=\"In stock\" \/>\n<script type=\"application\/ld+json\" class=\"yoast-schema-graph\">{\"@context\":\"https:\\\/\\\/schema.org\",\"@graph\":[{\"@type\":\"WebPage\",\"@id\":\"https:\\\/\\\/www.manukanewzealand.com\\\/product\\\/snappaks\\\/\",\"url\":\"https:\\\/\\\/www.manukanewzealand.com\\\/product\\\/snappaks\\\/\",\"name\":\"MNZ Manuka Honey Snappaks MGO 100+ 10 x 5 g | Raw Monofloral Manuka Honey New Zealand\",\"isPartOf\":{\"@id\":\"https:\\\/\\\/www.manukanewzealand.com\\\/es\\\/#website\"},\"primaryImageOfPage\":{\"@id\":\"https:\\\/\\\/www.manukanewzealand.com\\\/product\\\/snappaks\\\/#primaryimage\"},\"image\":{\"@id\":\"https:\\\/\\\/www.manukanewzealand.com\\\/product\\\/snappaks\\\/#primaryimage\"},\"thumbnailUrl\":\"https:\\\/\\\/www.manukanewzealand.com\\\/wp-content\\\/uploads\\\/2024\\\/01\\\/MNZ-Manuka-Honey-Snappacks.jpg\",\"datePublished\":\"2024-01-19T06:01:00+00:00\",\"dateModified\":\"2026-02-17T12:51:01+00:00\",\"description\":\"Raw monofloral Manuka honey Snappaks with guaranteed MGO 100+ (10 x 5 g). Unfiltered, unpasteurised and batch tested. Perfect for sport, travel and daily use.\",\"breadcrumb\":{\"@id\":\"https:\\\/\\\/www.manukanewzealand.com\\\/product\\\/snappaks\\\/#breadcrumb\"},\"inLanguage\":\"fr-FR\",\"potentialAction\":[{\"@type\":\"ReadAction\",\"target\":[\"https:\\\/\\\/www.manukanewzealand.com\\\/product\\\/snappaks\\\/\"]}]},{\"@type\":\"ImageObject\",\"inLanguage\":\"fr-FR\",\"@id\":\"https:\\\/\\\/www.manukanewzealand.com\\\/product\\\/snappaks\\\/#primaryimage\",\"url\":\"https:\\\/\\\/www.manukanewzealand.com\\\/wp-content\\\/uploads\\\/2024\\\/01\\\/MNZ-Manuka-Honey-Snappacks.jpg\",\"contentUrl\":\"https:\\\/\\\/www.manukanewzealand.com\\\/wp-content\\\/uploads\\\/2024\\\/01\\\/MNZ-Manuka-Honey-Snappacks.jpg\",\"width\":500,\"height\":500},{\"@type\":\"BreadcrumbList\",\"@id\":\"https:\\\/\\\/www.manukanewzealand.com\\\/product\\\/snappaks\\\/#breadcrumb\",\"itemListElement\":[{\"@type\":\"ListItem\",\"position\":1,\"name\":\"Home\",\"item\":\"https:\\\/\\\/www.manukanewzealand.com\\\/\"},{\"@type\":\"ListItem\",\"position\":2,\"name\":\"MNZ Products\",\"item\":\"https:\\\/\\\/www.manukanewzealand.com\\\/mnz-products\\\/\"},{\"@type\":\"ListItem\",\"position\":3,\"name\":\"Manuka Honey MGO 100+ Snappaks\"}]},{\"@type\":\"WebSite\",\"@id\":\"https:\\\/\\\/www.manukanewzealand.com\\\/es\\\/#website\",\"url\":\"https:\\\/\\\/www.manukanewzealand.com\\\/es\\\/\",\"name\":\"MNZ - Manuka New Zealand - The Best Raw Manuka Honey | Global\",\"description\":\"\",\"publisher\":{\"@id\":\"https:\\\/\\\/www.manukanewzealand.com\\\/es\\\/#organization\"},\"potentialAction\":[{\"@type\":\"SearchAction\",\"target\":{\"@type\":\"EntryPoint\",\"urlTemplate\":\"https:\\\/\\\/www.manukanewzealand.com\\\/es\\\/?s={search_term_string}\"},\"query-input\":{\"@type\":\"PropertyValueSpecification\",\"valueRequired\":true,\"valueName\":\"search_term_string\"}}],\"inLanguage\":\"fr-FR\"},{\"@type\":\"Organization\",\"@id\":\"https:\\\/\\\/www.manukanewzealand.com\\\/es\\\/#organization\",\"name\":\"MNZ - Manuka New Zealand - The Best Raw Manuka Honey | Global\",\"url\":\"https:\\\/\\\/www.manukanewzealand.com\\\/es\\\/\",\"logo\":{\"@type\":\"ImageObject\",\"inLanguage\":\"fr-FR\",\"@id\":\"https:\\\/\\\/www.manukanewzealand.com\\\/es\\\/#\\\/schema\\\/logo\\\/image\\\/\",\"url\":\"https:\\\/\\\/www.manukanewzealand.com\\\/wp-content\\\/uploads\\\/2022\\\/11\\\/mnz-logo-200x200-1-1.png\",\"contentUrl\":\"https:\\\/\\\/www.manukanewzealand.com\\\/wp-content\\\/uploads\\\/2022\\\/11\\\/mnz-logo-200x200-1-1.png\",\"width\":200,\"height\":200,\"caption\":\"MNZ - Manuka New Zealand - The Best Raw Manuka Honey | Global\"},\"image\":{\"@id\":\"https:\\\/\\\/www.manukanewzealand.com\\\/es\\\/#\\\/schema\\\/logo\\\/image\\\/\"}}]}<\/script>\n<meta property=\"product:price:amount\" content=\"22.50\" \/>\n<meta property=\"product:price:currency\" content=\"EUR\" \/>\n<meta property=\"og:availability\" content=\"instock\" \/>\n<meta property=\"product:availability\" content=\"instock\" \/>\n<meta property=\"product:retailer_item_id\" content=\"MNZ001.SP.1.10\" \/>\n<meta property=\"product:condition\" content=\"new\" \/>\n<!-- \/ Yoast SEO plugin. -->","yoast_head_json":{"title":"MNZ Miel de Manuka Snappaks MGO 100+ 10 x 5 g | Miel de Manuka Monofloral Cru Nouvelle Z\u00e9lande","description":"Miel de Manuka monofloral brut Snappaks avec MGO 100+ garanti (10 x 5 g). Non filtr\u00e9, non pasteuris\u00e9 et test\u00e9 par lots. Parfait pour le sport, les voyages et l'usage quotidien.","robots":{"index":"index","follow":"follow","max-snippet":"max-snippet:-1","max-image-preview":"max-image-preview:large","max-video-preview":"max-video-preview:-1"},"canonical":"https:\/\/www.manukanewzealand.com\/fr\/product\/snappak-miel-de-manuka\/","og_locale":"fr_FR","og_type":"article","og_title":"MNZ Manuka Honey Snappaks MGO 100+ 10 x 5 g | Raw Monofloral Manuka Honey New Zealand","og_description":"Raw monofloral Manuka honey Snappaks with guaranteed MGO 100+ (10 x 5 g). Unfiltered, unpasteurised and batch tested. Perfect for sport, travel and daily use.","og_url":"https:\/\/www.manukanewzealand.com\/fr\/product\/snappak-miel-de-manuka\/","og_site_name":"MNZ - Manuka New Zealand - The Best Raw Manuka Honey | Global","article_modified_time":"2026-02-17T12:51:01+00:00","og_image":[{"width":500,"height":500,"url":"https:\/\/www.manukanewzealand.com\/wp-content\/uploads\/2024\/01\/MNZ-Manuka-Honey-Snappacks.jpg","type":"image\/jpeg"}],"twitter_card":"summary_large_image","twitter_misc":{"Prix":"&euro;22,50 incl. VAT","Availability":"In stock"},"schema":{"@context":"https:\/\/schema.org","@graph":[{"@type":"WebPage","@id":"https:\/\/www.manukanewzealand.com\/product\/snappaks\/","url":"https:\/\/www.manukanewzealand.com\/product\/snappaks\/","name":"MNZ Miel de Manuka Snappaks MGO 100+ 10 x 5 g | Miel de Manuka Monofloral Cru Nouvelle Z\u00e9lande","isPartOf":{"@id":"https:\/\/www.manukanewzealand.com\/es\/#website"},"primaryImageOfPage":{"@id":"https:\/\/www.manukanewzealand.com\/product\/snappaks\/#primaryimage"},"image":{"@id":"https:\/\/www.manukanewzealand.com\/product\/snappaks\/#primaryimage"},"thumbnailUrl":"https:\/\/www.manukanewzealand.com\/wp-content\/uploads\/2024\/01\/MNZ-Manuka-Honey-Snappacks.jpg","datePublished":"2024-01-19T06:01:00+00:00","dateModified":"2026-02-17T12:51:01+00:00","description":"Miel de Manuka monofloral brut Snappaks avec MGO 100+ garanti (10 x 5 g). Non filtr\u00e9, non pasteuris\u00e9 et test\u00e9 par lots. Parfait pour le sport, les voyages et l'usage quotidien.","breadcrumb":{"@id":"https:\/\/www.manukanewzealand.com\/product\/snappaks\/#breadcrumb"},"inLanguage":"fr-FR","potentialAction":[{"@type":"ReadAction","target":["https:\/\/www.manukanewzealand.com\/product\/snappaks\/"]}]},{"@type":"ImageObject","inLanguage":"fr-FR","@id":"https:\/\/www.manukanewzealand.com\/product\/snappaks\/#primaryimage","url":"https:\/\/www.manukanewzealand.com\/wp-content\/uploads\/2024\/01\/MNZ-Manuka-Honey-Snappacks.jpg","contentUrl":"https:\/\/www.manukanewzealand.com\/wp-content\/uploads\/2024\/01\/MNZ-Manuka-Honey-Snappacks.jpg","width":500,"height":500},{"@type":"BreadcrumbList","@id":"https:\/\/www.manukanewzealand.com\/product\/snappaks\/#breadcrumb","itemListElement":[{"@type":"ListItem","position":1,"name":"Home","item":"https:\/\/www.manukanewzealand.com\/"},{"@type":"ListItem","position":2,"name":"MNZ Products","item":"https:\/\/www.manukanewzealand.com\/mnz-products\/"},{"@type":"ListItem","position":3,"name":"Manuka Honey MGO 100+ Snappaks"}]},{"@type":"WebSite","@id":"https:\/\/www.manukanewzealand.com\/es\/#website","url":"https:\/\/www.manukanewzealand.com\/es\/","name":"MNZ - Manuka New Zealand - Le meilleur miel brut de Manuka | Global","description":"","publisher":{"@id":"https:\/\/www.manukanewzealand.com\/es\/#organization"},"potentialAction":[{"@type":"SearchAction","target":{"@type":"EntryPoint","urlTemplate":"https:\/\/www.manukanewzealand.com\/es\/?s={search_term_string}"},"query-input":{"@type":"PropertyValueSpecification","valueRequired":true,"valueName":"search_term_string"}}],"inLanguage":"fr-FR"},{"@type":"Organization","@id":"https:\/\/www.manukanewzealand.com\/es\/#organization","name":"MNZ - Manuka New Zealand - Le meilleur miel brut de Manuka | Global","url":"https:\/\/www.manukanewzealand.com\/es\/","logo":{"@type":"ImageObject","inLanguage":"fr-FR","@id":"https:\/\/www.manukanewzealand.com\/es\/#\/schema\/logo\/image\/","url":"https:\/\/www.manukanewzealand.com\/wp-content\/uploads\/2022\/11\/mnz-logo-200x200-1-1.png","contentUrl":"https:\/\/www.manukanewzealand.com\/wp-content\/uploads\/2022\/11\/mnz-logo-200x200-1-1.png","width":200,"height":200,"caption":"MNZ - Manuka New Zealand - The Best Raw Manuka Honey | Global"},"image":{"@id":"https:\/\/www.manukanewzealand.com\/es\/#\/schema\/logo\/image\/"}}]},"product_price_amount":"22.50","product_price_currency":"EUR","og_availability":"instock","product_availability":"instock","product_retailer_item_id":"MNZ001.SP.1.10","product_condition":"new"},"_links":{"self":[{"href":"https:\/\/www.manukanewzealand.com\/fr\/wp-json\/wp\/v2\/product\/3356","targetHints":{"allow":["GET"]}}],"collection":[{"href":"https:\/\/www.manukanewzealand.com\/fr\/wp-json\/wp\/v2\/product"}],"about":[{"href":"https:\/\/www.manukanewzealand.com\/fr\/wp-json\/wp\/v2\/types\/product"}],"replies":[{"embeddable":true,"href":"https:\/\/www.manukanewzealand.com\/fr\/wp-json\/wp\/v2\/comments?post=3356"}],"wp:featuredmedia":[{"embeddable":true,"href":"https:\/\/www.manukanewzealand.com\/fr\/wp-json\/wp\/v2\/media\/35198"}],"wp:attachment":[{"href":"https:\/\/www.manukanewzealand.com\/fr\/wp-json\/wp\/v2\/media?parent=3356"}],"wp:term":[{"taxonomy":"product_brand","embeddable":true,"href":"https:\/\/www.manukanewzealand.com\/fr\/wp-json\/wp\/v2\/product_brand?post=3356"},{"taxonomy":"product_cat","embeddable":true,"href":"https:\/\/www.manukanewzealand.com\/fr\/wp-json\/wp\/v2\/product_cat?post=3356"},{"taxonomy":"product_tag","embeddable":true,"href":"https:\/\/www.manukanewzealand.com\/fr\/wp-json\/wp\/v2\/product_tag?post=3356"}],"curies":[{"name":"wp","href":"https:\/\/api.w.org\/{rel}","templated":true}]}}