{"id":33317,"date":"2024-01-20T05:04:40","date_gmt":"2024-01-20T04:04:40","guid":{"rendered":"https:\/\/www.manukahoning.nl\/?post_type=product&#038;p=32288"},"modified":"2026-03-19T11:47:51","modified_gmt":"2026-03-19T10:47:51","slug":"mgo-1500-manuka-honey-250gr","status":"publish","type":"product","link":"https:\/\/www.manukanewzealand.com\/fr\/product\/mgo-1500-miel-de-manuka\/","title":{"rendered":"MGO 1500+ Miel de Manuka 250gr."},"content":{"rendered":"<h1>MNZ Miel de Manuka MGO 1500+ - Miel de Manuka brut de Nouvelle Z\u00e9lande ultra puissant<\/h1>\n<p><strong>MNZ MGO 1500+<\/strong> est l'une des qualit\u00e9s les plus \u00e9lev\u00e9es et les plus concentr\u00e9es de <strong>miel de Manuka monofloral brut<\/strong> disponible. Avec un minimum garanti de <strong>1500 mg\/kg M\u00e9thylglyoxal (MGO)<\/strong>, Il repr\u00e9sente le sommet de la gamme MNZ Manuka.<\/p>\n<p><strong>Disponible en :<\/strong> 250 grammes<\/p>\n<h2>Pourquoi choisir MNZ MGO 1500+ ?<\/h2>\n<p>MNZ est synonyme de puret\u00e9, de transparence et d'origine n\u00e9o-z\u00e9landaise fiable. Ce miel n'est jamais m\u00e9lang\u00e9, dilu\u00e9 ou fortement transform\u00e9. Il provient exclusivement du nectar de la fleur de Manuka et est soigneusement class\u00e9 selon la norme reconnue MGO.<\/p>\n<p>La valeur MGO refl\u00e8te la concentration naturelle de m\u00e9thylglyoxal, le compos\u00e9 qui fait la particularit\u00e9 du miel de Manuka. Avec un MGO garanti de 1500+, il s'agit d'un niveau exceptionnellement rare et hautement concentr\u00e9, s\u00e9lectionn\u00e9 par ceux qui veulent le miel de Manuka le plus fort et le plus exclusif dans la gamme des produits de qualit\u00e9 sup\u00e9rieure.<\/p>\n<p>Nos ruches sont situ\u00e9es dans des r\u00e9gions recul\u00e9es et intactes de Nouvelle-Z\u00e9lande, loin de l'agriculture intensive et de la pollution environnementale. Chaque lot est test\u00e9 ind\u00e9pendamment en laboratoire pour confirmer son niveau de MGO et v\u00e9rifier son statut monofloral. Le label MNZ et le sceau d'or MGO repr\u00e9sentent une tra\u00e7abilit\u00e9 compl\u00e8te et une qualit\u00e9 exceptionnelle constante de la ruche au bocal.<\/p>\n<ul>\n<li>100% brut, non chauff\u00e9 et non pasteuris\u00e9<\/li>\n<li>Miel de Manuka certifi\u00e9 monofloral<\/li>\n<li>Minimum garanti de MGO 1500+.<\/li>\n<li>Test\u00e9 en laboratoire de mani\u00e8re ind\u00e9pendante<\/li>\n<li>R\u00e9colt\u00e9, emball\u00e9 et \u00e9tiquet\u00e9 en Nouvelle-Z\u00e9lande<\/li>\n<\/ul>\n<h3>Ingr\u00e9dients<\/h3>\n<p>Miel de Manuka monofloral brut<\/p>\n<h3>Valeurs nutritionnelles pour 100 g<\/h3>\n<ul>\n<li>\u00c9nergie : 1400 kJ \/ 335 kcal<\/li>\n<li>Mati\u00e8res grasses : 0,0 g<\/li>\n<li>dont satur\u00e9 : 0.0 g<\/li>\n<li>Glucides : 82.1 g<\/li>\n<li>dont sucres : 82,1 g<\/li>\n<li>Prot\u00e9ines : 0,0 g<\/li>\n<li>Fibres : 0,0 g<\/li>\n<li>Sel : 0,03 g<\/li>\n<\/ul>","protected":false},"excerpt":{"rendered":"<p>MNZ Manuka Honey MGO 1500+ \u2013 Ultimate Ultra-High Strength Raw Manuka from New Zealand MNZ MGO 1500+ is one of the highest and most concentrated grades of raw monofloral Manuka honey available. With a guaranteed minimum of 1500 mg\/kg Methylglyoxal (MGO), it represents the very peak of the MNZ Manuka range. Available in: 250 grams [&#8230;]\n","protected":false},"featured_media":34648,"comment_status":"closed","ping_status":"closed","template":"","meta":[],"product_brand":[],"product_cat":[113],"product_tag":[],"class_list":{"0":"post-33317","1":"product","2":"type-product","3":"status-publish","4":"has-post-thumbnail","6":"product_cat-uncategorized","8":"first","9":"instock","10":"taxable","11":"shipping-taxable","12":"purchasable","13":"product-type-simple"},"yoast_head":"<!-- This site is optimized with the Yoast SEO plugin v27.3 - https:\/\/yoast.com\/product\/yoast-seo-wordpress\/ -->\n<title>MNZ Manuka Honey MGO 1500+ 250 g | Raw Monofloral Manuka Honey New Zealand<\/title>\n<meta name=\"description\" content=\"Ultra-premium raw monofloral Manuka honey with guaranteed MGO 1500+. Independently tested, unprocessed and harvested in remote New Zealand regions. 250 g jar by MNZ.\" \/>\n<meta name=\"robots\" content=\"index, follow, max-snippet:-1, max-image-preview:large, max-video-preview:-1\" \/>\n<link rel=\"canonical\" href=\"https:\/\/www.manukanewzealand.com\/fr\/product\/mgo-1500-miel-de-manuka\/\" \/>\n<meta property=\"og:locale\" content=\"fr_FR\" \/>\n<meta property=\"og:type\" content=\"article\" \/>\n<meta property=\"og:title\" content=\"MNZ Manuka Honey MGO 1500+ 250 g | Raw Monofloral Manuka Honey New Zealand\" \/>\n<meta property=\"og:description\" content=\"Ultra-premium raw monofloral Manuka honey with guaranteed MGO 1500+. Independently tested, unprocessed and harvested in remote New Zealand regions. 250 g jar by MNZ.\" \/>\n<meta property=\"og:url\" content=\"https:\/\/www.manukanewzealand.com\/fr\/product\/mgo-1500-miel-de-manuka\/\" \/>\n<meta property=\"og:site_name\" content=\"MNZ - Manuka New Zealand - The Best Raw Manuka Honey | Global\" \/>\n<meta property=\"article:modified_time\" content=\"2026-03-19T10:47:51+00:00\" \/>\n<meta property=\"og:image\" content=\"https:\/\/www.manukanewzealand.com\/wp-content\/uploads\/2024\/12\/manukahoney-mnz1500-250g.webp\" \/>\n\t<meta property=\"og:image:width\" content=\"500\" \/>\n\t<meta property=\"og:image:height\" content=\"500\" \/>\n\t<meta property=\"og:image:type\" content=\"image\/webp\" \/>\n<meta name=\"twitter:card\" content=\"summary_large_image\" \/>\n<meta name=\"twitter:label1\" content=\"Prix\" \/>\n\t<meta name=\"twitter:data1\" content=\"&euro;295,00 incl. VAT\" \/>\n\t<meta name=\"twitter:label2\" content=\"Availability\" \/>\n\t<meta name=\"twitter:data2\" content=\"In stock\" \/>\n<script type=\"application\/ld+json\" class=\"yoast-schema-graph\">{\"@context\":\"https:\\\/\\\/schema.org\",\"@graph\":[{\"@type\":\"WebPage\",\"@id\":\"https:\\\/\\\/www.manukanewzealand.com\\\/product\\\/mgo-1500-manuka-honey-250gr\\\/\",\"url\":\"https:\\\/\\\/www.manukanewzealand.com\\\/product\\\/mgo-1500-manuka-honey-250gr\\\/\",\"name\":\"MNZ Manuka Honey MGO 1500+ 250 g | Raw Monofloral Manuka Honey New Zealand\",\"isPartOf\":{\"@id\":\"https:\\\/\\\/www.manukanewzealand.com\\\/es\\\/#website\"},\"primaryImageOfPage\":{\"@id\":\"https:\\\/\\\/www.manukanewzealand.com\\\/product\\\/mgo-1500-manuka-honey-250gr\\\/#primaryimage\"},\"image\":{\"@id\":\"https:\\\/\\\/www.manukanewzealand.com\\\/product\\\/mgo-1500-manuka-honey-250gr\\\/#primaryimage\"},\"thumbnailUrl\":\"https:\\\/\\\/www.manukanewzealand.com\\\/wp-content\\\/uploads\\\/2024\\\/12\\\/manukahoney-mnz1500-250g.webp\",\"datePublished\":\"2024-01-20T04:04:40+00:00\",\"dateModified\":\"2026-03-19T10:47:51+00:00\",\"description\":\"Ultra-premium raw monofloral Manuka honey with guaranteed MGO 1500+. Independently tested, unprocessed and harvested in remote New Zealand regions. 250 g jar by MNZ.\",\"breadcrumb\":{\"@id\":\"https:\\\/\\\/www.manukanewzealand.com\\\/product\\\/mgo-1500-manuka-honey-250gr\\\/#breadcrumb\"},\"inLanguage\":\"fr-FR\",\"potentialAction\":[{\"@type\":\"ReadAction\",\"target\":[\"https:\\\/\\\/www.manukanewzealand.com\\\/product\\\/mgo-1500-manuka-honey-250gr\\\/\"]}]},{\"@type\":\"ImageObject\",\"inLanguage\":\"fr-FR\",\"@id\":\"https:\\\/\\\/www.manukanewzealand.com\\\/product\\\/mgo-1500-manuka-honey-250gr\\\/#primaryimage\",\"url\":\"https:\\\/\\\/www.manukanewzealand.com\\\/wp-content\\\/uploads\\\/2024\\\/12\\\/manukahoney-mnz1500-250g.webp\",\"contentUrl\":\"https:\\\/\\\/www.manukanewzealand.com\\\/wp-content\\\/uploads\\\/2024\\\/12\\\/manukahoney-mnz1500-250g.webp\",\"width\":500,\"height\":500},{\"@type\":\"BreadcrumbList\",\"@id\":\"https:\\\/\\\/www.manukanewzealand.com\\\/product\\\/mgo-1500-manuka-honey-250gr\\\/#breadcrumb\",\"itemListElement\":[{\"@type\":\"ListItem\",\"position\":1,\"name\":\"Home\",\"item\":\"https:\\\/\\\/www.manukanewzealand.com\\\/\"},{\"@type\":\"ListItem\",\"position\":2,\"name\":\"MNZ Products\",\"item\":\"https:\\\/\\\/www.manukanewzealand.com\\\/mnz-products\\\/\"},{\"@type\":\"ListItem\",\"position\":3,\"name\":\"MGO 1500+ Manuka Honey 250gr.\"}]},{\"@type\":\"WebSite\",\"@id\":\"https:\\\/\\\/www.manukanewzealand.com\\\/es\\\/#website\",\"url\":\"https:\\\/\\\/www.manukanewzealand.com\\\/es\\\/\",\"name\":\"MNZ - Manuka New Zealand - The Best Raw Manuka Honey | Global\",\"description\":\"\",\"publisher\":{\"@id\":\"https:\\\/\\\/www.manukanewzealand.com\\\/es\\\/#organization\"},\"potentialAction\":[{\"@type\":\"SearchAction\",\"target\":{\"@type\":\"EntryPoint\",\"urlTemplate\":\"https:\\\/\\\/www.manukanewzealand.com\\\/es\\\/?s={search_term_string}\"},\"query-input\":{\"@type\":\"PropertyValueSpecification\",\"valueRequired\":true,\"valueName\":\"search_term_string\"}}],\"inLanguage\":\"fr-FR\"},{\"@type\":\"Organization\",\"@id\":\"https:\\\/\\\/www.manukanewzealand.com\\\/es\\\/#organization\",\"name\":\"MNZ - Manuka New Zealand - The Best Raw Manuka Honey | Global\",\"url\":\"https:\\\/\\\/www.manukanewzealand.com\\\/es\\\/\",\"logo\":{\"@type\":\"ImageObject\",\"inLanguage\":\"fr-FR\",\"@id\":\"https:\\\/\\\/www.manukanewzealand.com\\\/es\\\/#\\\/schema\\\/logo\\\/image\\\/\",\"url\":\"https:\\\/\\\/www.manukanewzealand.com\\\/wp-content\\\/uploads\\\/2022\\\/11\\\/mnz-logo-200x200-1-1.png\",\"contentUrl\":\"https:\\\/\\\/www.manukanewzealand.com\\\/wp-content\\\/uploads\\\/2022\\\/11\\\/mnz-logo-200x200-1-1.png\",\"width\":200,\"height\":200,\"caption\":\"MNZ - Manuka New Zealand - The Best Raw Manuka Honey | Global\"},\"image\":{\"@id\":\"https:\\\/\\\/www.manukanewzealand.com\\\/es\\\/#\\\/schema\\\/logo\\\/image\\\/\"}}]}<\/script>\n<meta property=\"product:price:amount\" content=\"295.00\" \/>\n<meta property=\"product:price:currency\" content=\"EUR\" \/>\n<meta property=\"og:availability\" content=\"instock\" \/>\n<meta property=\"product:availability\" content=\"instock\" \/>\n<meta property=\"product:retailer_item_id\" content=\"MNZ023\" \/>\n<meta property=\"product:condition\" content=\"new\" \/>\n<!-- \/ Yoast SEO plugin. -->","yoast_head_json":{"title":"MNZ Miel de Manuka MGO 1500+ 250 g | Miel de Manuka Monofloral Cru Nouvelle Z\u00e9lande","description":"Miel de Manuka monofloral brut ultra-premium avec MGO 1500+ garanti. Test\u00e9 de mani\u00e8re ind\u00e9pendante, non trait\u00e9 et r\u00e9colt\u00e9 dans des r\u00e9gions recul\u00e9es de Nouvelle-Z\u00e9lande. Pot de 250 g de MNZ.","robots":{"index":"index","follow":"follow","max-snippet":"max-snippet:-1","max-image-preview":"max-image-preview:large","max-video-preview":"max-video-preview:-1"},"canonical":"https:\/\/www.manukanewzealand.com\/fr\/product\/mgo-1500-miel-de-manuka\/","og_locale":"fr_FR","og_type":"article","og_title":"MNZ Manuka Honey MGO 1500+ 250 g | Raw Monofloral Manuka Honey New Zealand","og_description":"Ultra-premium raw monofloral Manuka honey with guaranteed MGO 1500+. Independently tested, unprocessed and harvested in remote New Zealand regions. 250 g jar by MNZ.","og_url":"https:\/\/www.manukanewzealand.com\/fr\/product\/mgo-1500-miel-de-manuka\/","og_site_name":"MNZ - Manuka New Zealand - The Best Raw Manuka Honey | Global","article_modified_time":"2026-03-19T10:47:51+00:00","og_image":[{"width":500,"height":500,"url":"https:\/\/www.manukanewzealand.com\/wp-content\/uploads\/2024\/12\/manukahoney-mnz1500-250g.webp","type":"image\/webp"}],"twitter_card":"summary_large_image","twitter_misc":{"Prix":"&euro;295,00 incl. VAT","Availability":"In stock"},"schema":{"@context":"https:\/\/schema.org","@graph":[{"@type":"WebPage","@id":"https:\/\/www.manukanewzealand.com\/product\/mgo-1500-manuka-honey-250gr\/","url":"https:\/\/www.manukanewzealand.com\/product\/mgo-1500-manuka-honey-250gr\/","name":"MNZ Miel de Manuka MGO 1500+ 250 g | Miel de Manuka Monofloral Cru Nouvelle Z\u00e9lande","isPartOf":{"@id":"https:\/\/www.manukanewzealand.com\/es\/#website"},"primaryImageOfPage":{"@id":"https:\/\/www.manukanewzealand.com\/product\/mgo-1500-manuka-honey-250gr\/#primaryimage"},"image":{"@id":"https:\/\/www.manukanewzealand.com\/product\/mgo-1500-manuka-honey-250gr\/#primaryimage"},"thumbnailUrl":"https:\/\/www.manukanewzealand.com\/wp-content\/uploads\/2024\/12\/manukahoney-mnz1500-250g.webp","datePublished":"2024-01-20T04:04:40+00:00","dateModified":"2026-03-19T10:47:51+00:00","description":"Miel de Manuka monofloral brut ultra-premium avec MGO 1500+ garanti. Test\u00e9 de mani\u00e8re ind\u00e9pendante, non trait\u00e9 et r\u00e9colt\u00e9 dans des r\u00e9gions recul\u00e9es de Nouvelle-Z\u00e9lande. Pot de 250 g de MNZ.","breadcrumb":{"@id":"https:\/\/www.manukanewzealand.com\/product\/mgo-1500-manuka-honey-250gr\/#breadcrumb"},"inLanguage":"fr-FR","potentialAction":[{"@type":"ReadAction","target":["https:\/\/www.manukanewzealand.com\/product\/mgo-1500-manuka-honey-250gr\/"]}]},{"@type":"ImageObject","inLanguage":"fr-FR","@id":"https:\/\/www.manukanewzealand.com\/product\/mgo-1500-manuka-honey-250gr\/#primaryimage","url":"https:\/\/www.manukanewzealand.com\/wp-content\/uploads\/2024\/12\/manukahoney-mnz1500-250g.webp","contentUrl":"https:\/\/www.manukanewzealand.com\/wp-content\/uploads\/2024\/12\/manukahoney-mnz1500-250g.webp","width":500,"height":500},{"@type":"BreadcrumbList","@id":"https:\/\/www.manukanewzealand.com\/product\/mgo-1500-manuka-honey-250gr\/#breadcrumb","itemListElement":[{"@type":"ListItem","position":1,"name":"Home","item":"https:\/\/www.manukanewzealand.com\/"},{"@type":"ListItem","position":2,"name":"MNZ Products","item":"https:\/\/www.manukanewzealand.com\/mnz-products\/"},{"@type":"ListItem","position":3,"name":"MGO 1500+ Manuka Honey 250gr."}]},{"@type":"WebSite","@id":"https:\/\/www.manukanewzealand.com\/es\/#website","url":"https:\/\/www.manukanewzealand.com\/es\/","name":"MNZ - Manuka New Zealand - Le meilleur miel brut de Manuka | Global","description":"","publisher":{"@id":"https:\/\/www.manukanewzealand.com\/es\/#organization"},"potentialAction":[{"@type":"SearchAction","target":{"@type":"EntryPoint","urlTemplate":"https:\/\/www.manukanewzealand.com\/es\/?s={search_term_string}"},"query-input":{"@type":"PropertyValueSpecification","valueRequired":true,"valueName":"search_term_string"}}],"inLanguage":"fr-FR"},{"@type":"Organization","@id":"https:\/\/www.manukanewzealand.com\/es\/#organization","name":"MNZ - Manuka New Zealand - Le meilleur miel brut de Manuka | Global","url":"https:\/\/www.manukanewzealand.com\/es\/","logo":{"@type":"ImageObject","inLanguage":"fr-FR","@id":"https:\/\/www.manukanewzealand.com\/es\/#\/schema\/logo\/image\/","url":"https:\/\/www.manukanewzealand.com\/wp-content\/uploads\/2022\/11\/mnz-logo-200x200-1-1.png","contentUrl":"https:\/\/www.manukanewzealand.com\/wp-content\/uploads\/2022\/11\/mnz-logo-200x200-1-1.png","width":200,"height":200,"caption":"MNZ - Manuka New Zealand - The Best Raw Manuka Honey | Global"},"image":{"@id":"https:\/\/www.manukanewzealand.com\/es\/#\/schema\/logo\/image\/"}}]},"product_price_amount":"295.00","product_price_currency":"EUR","og_availability":"instock","product_availability":"instock","product_retailer_item_id":"MNZ023","product_condition":"new"},"_links":{"self":[{"href":"https:\/\/www.manukanewzealand.com\/fr\/wp-json\/wp\/v2\/product\/33317","targetHints":{"allow":["GET"]}}],"collection":[{"href":"https:\/\/www.manukanewzealand.com\/fr\/wp-json\/wp\/v2\/product"}],"about":[{"href":"https:\/\/www.manukanewzealand.com\/fr\/wp-json\/wp\/v2\/types\/product"}],"replies":[{"embeddable":true,"href":"https:\/\/www.manukanewzealand.com\/fr\/wp-json\/wp\/v2\/comments?post=33317"}],"wp:featuredmedia":[{"embeddable":true,"href":"https:\/\/www.manukanewzealand.com\/fr\/wp-json\/wp\/v2\/media\/34648"}],"wp:attachment":[{"href":"https:\/\/www.manukanewzealand.com\/fr\/wp-json\/wp\/v2\/media?parent=33317"}],"wp:term":[{"taxonomy":"product_brand","embeddable":true,"href":"https:\/\/www.manukanewzealand.com\/fr\/wp-json\/wp\/v2\/product_brand?post=33317"},{"taxonomy":"product_cat","embeddable":true,"href":"https:\/\/www.manukanewzealand.com\/fr\/wp-json\/wp\/v2\/product_cat?post=33317"},{"taxonomy":"product_tag","embeddable":true,"href":"https:\/\/www.manukanewzealand.com\/fr\/wp-json\/wp\/v2\/product_tag?post=33317"}],"curies":[{"name":"wp","href":"https:\/\/api.w.org\/{rel}","templated":true}]}}