{"id":33314,"date":"2024-01-15T09:01:18","date_gmt":"2024-01-15T08:01:18","guid":{"rendered":"https:\/\/www.manukahoney.eu\/?post_type=product&#038;p=3359"},"modified":"2026-02-17T14:00:18","modified_gmt":"2026-02-17T13:00:18","slug":"kanuka-honey-250gr","status":"publish","type":"product","link":"https:\/\/www.manukanewzealand.com\/fr\/product\/miel-de-kanuka\/","title":{"rendered":"Miel de Kanuka 250gr."},"content":{"rendered":"<h1>MNZ Kanuka Honey - Miel monofloral brut de Nouvelle-Z\u00e9lande<\/h1>\n<p><strong>MNZ Miel de Kanuka<\/strong> est une prime <strong>miel monofloral brut<\/strong> provenant de la fleur de Kanuka (<em>Kunzea ericoides<\/em>) en Nouvelle-Z\u00e9lande. Connu pour sa saveur douce et sa texture fine, il offre une alternative plus douce et plus d\u00e9licate au miel de Manuka.<\/p>\n<p><strong>Disponible en :<\/strong> 250 grammes<\/p>\n<h2>Pourquoi choisir le miel MNZ Kanuka ?<\/h2>\n<p>MNZ est synonyme de puret\u00e9, de transparence et d'origine n\u00e9o-z\u00e9landaise fiable. Notre miel de Kanuka est r\u00e9colt\u00e9 exclusivement \u00e0 partir du nectar de la fleur de Kanuka et soigneusement v\u00e9rifi\u00e9 comme \u00e9tant monofloral.<\/p>\n<p>Naturellement plus doux et plus agr\u00e9able au go\u00fbt que le miel de Manuka, le Kanuka est appr\u00e9ci\u00e9 pour son caract\u00e8re doux et son go\u00fbt sucr\u00e9 \u00e9quilibr\u00e9. Il est produit avec le m\u00eame soin et les m\u00eames normes de qualit\u00e9 strictes que l'ensemble de la gamme MNZ.<\/p>\n<p>Nos ruches sont situ\u00e9es dans des r\u00e9gions recul\u00e9es et pr\u00e9serv\u00e9es de Nouvelle-Z\u00e9lande, loin de l'agriculture intensive et de la pollution environnementale. Le miel est 100% brut, non filtr\u00e9 et non pasteuris\u00e9, ce qui permet de pr\u00e9server sa saveur et son caract\u00e8re naturels.<\/p>\n<p>Le nom MNZ est synonyme d'authenticit\u00e9, de tra\u00e7abilit\u00e9 totale et de qualit\u00e9 constante de la ruche au bocal.<\/p>\n<ul>\n<li>100% brut, non chauff\u00e9 et non pasteuris\u00e9<\/li>\n<li>Miel de Kanuka certifi\u00e9 monofloral<\/li>\n<li>Saveur douce, lisse et naturellement \u00e9quilibr\u00e9e<\/li>\n<li>Test\u00e9 et v\u00e9rifi\u00e9 de mani\u00e8re ind\u00e9pendante<\/li>\n<li>R\u00e9colt\u00e9, emball\u00e9 et \u00e9tiquet\u00e9 en Nouvelle-Z\u00e9lande<\/li>\n<\/ul>\n<h3>Ingr\u00e9dients<\/h3>\n<p>Miel de Kanuka monofloral brut<\/p>\n<h3>Valeurs nutritionnelles pour 100 g<\/h3>\n<ul>\n<li>\u00c9nergie : 1400 kJ \/ 335 kcal<\/li>\n<li>Mati\u00e8res grasses : 0,0 g<\/li>\n<li>dont satur\u00e9 : 0.0 g<\/li>\n<li>Glucides : 82.1 g<\/li>\n<li>dont sucres : 82,1 g<\/li>\n<li>Prot\u00e9ines : 0,0 g<\/li>\n<li>Fibres : 0,0 g<\/li>\n<li>Sel : 0,03 g<\/li>\n<\/ul>","protected":false},"excerpt":{"rendered":"<p>MNZ Kanuka Honey \u2013 Raw Monofloral Honey from New Zealand MNZ Kanuka Honey is a premium raw monofloral honey sourced from the Kanuka flower (Kunzea ericoides) in New Zealand. Known for its mild, smooth flavour and fine texture, it offers a softer and more delicate alternative to Manuka honey. Available in: 250 grams Why choose [&#8230;]\n","protected":false},"featured_media":34501,"comment_status":"closed","ping_status":"closed","template":"","meta":[],"product_brand":[],"product_cat":[113],"product_tag":[],"class_list":{"0":"post-33314","1":"product","2":"type-product","3":"status-publish","4":"has-post-thumbnail","6":"product_cat-uncategorized","8":"first","9":"instock","10":"taxable","11":"shipping-taxable","12":"purchasable","13":"product-type-simple"},"yoast_head":"<!-- This site is optimized with the Yoast SEO plugin v27.3 - https:\/\/yoast.com\/product\/yoast-seo-wordpress\/ -->\n<title>MNZ Kanuka Honey 250 g | Raw Monofloral Kanuka Honey from New Zealand<\/title>\n<meta name=\"description\" content=\"Premium raw monofloral Kanuka honey from New Zealand. Mild, smooth in taste, unfiltered and unpasteurised. Independently tested and fully traceable by MNZ.\" \/>\n<meta name=\"robots\" content=\"index, follow, max-snippet:-1, max-image-preview:large, max-video-preview:-1\" \/>\n<link rel=\"canonical\" href=\"https:\/\/www.manukanewzealand.com\/fr\/product\/miel-de-kanuka\/\" \/>\n<meta property=\"og:locale\" content=\"fr_FR\" \/>\n<meta property=\"og:type\" content=\"article\" \/>\n<meta property=\"og:title\" content=\"MNZ Kanuka Honey 250 g | Raw Monofloral Kanuka Honey from New Zealand\" \/>\n<meta property=\"og:description\" content=\"Premium raw monofloral Kanuka honey from New Zealand. Mild, smooth in taste, unfiltered and unpasteurised. Independently tested and fully traceable by MNZ.\" \/>\n<meta property=\"og:url\" content=\"https:\/\/www.manukanewzealand.com\/fr\/product\/miel-de-kanuka\/\" \/>\n<meta property=\"og:site_name\" content=\"MNZ - Manuka New Zealand - The Best Raw Manuka Honey | Global\" \/>\n<meta property=\"article:modified_time\" content=\"2026-02-17T13:00:18+00:00\" \/>\n<meta property=\"og:image\" content=\"https:\/\/www.manukanewzealand.com\/wp-content\/uploads\/2021\/03\/kanuka-honing.webp\" \/>\n\t<meta property=\"og:image:width\" content=\"500\" \/>\n\t<meta property=\"og:image:height\" content=\"500\" \/>\n\t<meta property=\"og:image:type\" content=\"image\/webp\" \/>\n<meta name=\"twitter:card\" content=\"summary_large_image\" \/>\n<meta name=\"twitter:label1\" content=\"Prix\" \/>\n\t<meta name=\"twitter:data1\" content=\"&euro;32,50 incl. VAT\" \/>\n\t<meta name=\"twitter:label2\" content=\"Availability\" \/>\n\t<meta name=\"twitter:data2\" content=\"In stock\" \/>\n<script type=\"application\/ld+json\" class=\"yoast-schema-graph\">{\"@context\":\"https:\\\/\\\/schema.org\",\"@graph\":[{\"@type\":\"WebPage\",\"@id\":\"https:\\\/\\\/www.manukanewzealand.com\\\/product\\\/kanuka-honey-250gr\\\/\",\"url\":\"https:\\\/\\\/www.manukanewzealand.com\\\/product\\\/kanuka-honey-250gr\\\/\",\"name\":\"MNZ Kanuka Honey 250 g | Raw Monofloral Kanuka Honey from New Zealand\",\"isPartOf\":{\"@id\":\"https:\\\/\\\/www.manukanewzealand.com\\\/es\\\/#website\"},\"primaryImageOfPage\":{\"@id\":\"https:\\\/\\\/www.manukanewzealand.com\\\/product\\\/kanuka-honey-250gr\\\/#primaryimage\"},\"image\":{\"@id\":\"https:\\\/\\\/www.manukanewzealand.com\\\/product\\\/kanuka-honey-250gr\\\/#primaryimage\"},\"thumbnailUrl\":\"https:\\\/\\\/www.manukanewzealand.com\\\/wp-content\\\/uploads\\\/2021\\\/03\\\/kanuka-honing.webp\",\"datePublished\":\"2024-01-15T08:01:18+00:00\",\"dateModified\":\"2026-02-17T13:00:18+00:00\",\"description\":\"Premium raw monofloral Kanuka honey from New Zealand. Mild, smooth in taste, unfiltered and unpasteurised. Independently tested and fully traceable by MNZ.\",\"breadcrumb\":{\"@id\":\"https:\\\/\\\/www.manukanewzealand.com\\\/product\\\/kanuka-honey-250gr\\\/#breadcrumb\"},\"inLanguage\":\"fr-FR\",\"potentialAction\":[{\"@type\":\"ReadAction\",\"target\":[\"https:\\\/\\\/www.manukanewzealand.com\\\/product\\\/kanuka-honey-250gr\\\/\"]}]},{\"@type\":\"ImageObject\",\"inLanguage\":\"fr-FR\",\"@id\":\"https:\\\/\\\/www.manukanewzealand.com\\\/product\\\/kanuka-honey-250gr\\\/#primaryimage\",\"url\":\"https:\\\/\\\/www.manukanewzealand.com\\\/wp-content\\\/uploads\\\/2021\\\/03\\\/kanuka-honing.webp\",\"contentUrl\":\"https:\\\/\\\/www.manukanewzealand.com\\\/wp-content\\\/uploads\\\/2021\\\/03\\\/kanuka-honing.webp\",\"width\":500,\"height\":500},{\"@type\":\"BreadcrumbList\",\"@id\":\"https:\\\/\\\/www.manukanewzealand.com\\\/product\\\/kanuka-honey-250gr\\\/#breadcrumb\",\"itemListElement\":[{\"@type\":\"ListItem\",\"position\":1,\"name\":\"Home\",\"item\":\"https:\\\/\\\/www.manukanewzealand.com\\\/\"},{\"@type\":\"ListItem\",\"position\":2,\"name\":\"MNZ Products\",\"item\":\"https:\\\/\\\/www.manukanewzealand.com\\\/mnz-products\\\/\"},{\"@type\":\"ListItem\",\"position\":3,\"name\":\"Kanuka Honey 250gr.\"}]},{\"@type\":\"WebSite\",\"@id\":\"https:\\\/\\\/www.manukanewzealand.com\\\/es\\\/#website\",\"url\":\"https:\\\/\\\/www.manukanewzealand.com\\\/es\\\/\",\"name\":\"MNZ - Manuka New Zealand - The Best Raw Manuka Honey | Global\",\"description\":\"\",\"publisher\":{\"@id\":\"https:\\\/\\\/www.manukanewzealand.com\\\/es\\\/#organization\"},\"potentialAction\":[{\"@type\":\"SearchAction\",\"target\":{\"@type\":\"EntryPoint\",\"urlTemplate\":\"https:\\\/\\\/www.manukanewzealand.com\\\/es\\\/?s={search_term_string}\"},\"query-input\":{\"@type\":\"PropertyValueSpecification\",\"valueRequired\":true,\"valueName\":\"search_term_string\"}}],\"inLanguage\":\"fr-FR\"},{\"@type\":\"Organization\",\"@id\":\"https:\\\/\\\/www.manukanewzealand.com\\\/es\\\/#organization\",\"name\":\"MNZ - Manuka New Zealand - The Best Raw Manuka Honey | Global\",\"url\":\"https:\\\/\\\/www.manukanewzealand.com\\\/es\\\/\",\"logo\":{\"@type\":\"ImageObject\",\"inLanguage\":\"fr-FR\",\"@id\":\"https:\\\/\\\/www.manukanewzealand.com\\\/es\\\/#\\\/schema\\\/logo\\\/image\\\/\",\"url\":\"https:\\\/\\\/www.manukanewzealand.com\\\/wp-content\\\/uploads\\\/2022\\\/11\\\/mnz-logo-200x200-1-1.png\",\"contentUrl\":\"https:\\\/\\\/www.manukanewzealand.com\\\/wp-content\\\/uploads\\\/2022\\\/11\\\/mnz-logo-200x200-1-1.png\",\"width\":200,\"height\":200,\"caption\":\"MNZ - Manuka New Zealand - The Best Raw Manuka Honey | Global\"},\"image\":{\"@id\":\"https:\\\/\\\/www.manukanewzealand.com\\\/es\\\/#\\\/schema\\\/logo\\\/image\\\/\"}}]}<\/script>\n<meta property=\"product:price:amount\" content=\"32.50\" \/>\n<meta property=\"product:price:currency\" content=\"EUR\" \/>\n<meta property=\"og:availability\" content=\"instock\" \/>\n<meta property=\"product:availability\" content=\"instock\" \/>\n<meta property=\"product:retailer_item_id\" content=\"KNZ001\" \/>\n<meta property=\"product:condition\" content=\"new\" \/>\n<!-- \/ Yoast SEO plugin. -->","yoast_head_json":{"title":"MNZ Kanuka Honey 250 g | Miel de Kanuka monofloral brut de Nouvelle-Z\u00e9lande","description":"Miel Kanuka monofloral brut de premi\u00e8re qualit\u00e9 de Nouvelle-Z\u00e9lande. Doux, au go\u00fbt agr\u00e9able, non filtr\u00e9 et non pasteuris\u00e9. Test\u00e9 de mani\u00e8re ind\u00e9pendante et enti\u00e8rement tra\u00e7able par MNZ.","robots":{"index":"index","follow":"follow","max-snippet":"max-snippet:-1","max-image-preview":"max-image-preview:large","max-video-preview":"max-video-preview:-1"},"canonical":"https:\/\/www.manukanewzealand.com\/fr\/product\/miel-de-kanuka\/","og_locale":"fr_FR","og_type":"article","og_title":"MNZ Kanuka Honey 250 g | Raw Monofloral Kanuka Honey from New Zealand","og_description":"Premium raw monofloral Kanuka honey from New Zealand. Mild, smooth in taste, unfiltered and unpasteurised. Independently tested and fully traceable by MNZ.","og_url":"https:\/\/www.manukanewzealand.com\/fr\/product\/miel-de-kanuka\/","og_site_name":"MNZ - Manuka New Zealand - The Best Raw Manuka Honey | Global","article_modified_time":"2026-02-17T13:00:18+00:00","og_image":[{"width":500,"height":500,"url":"https:\/\/www.manukanewzealand.com\/wp-content\/uploads\/2021\/03\/kanuka-honing.webp","type":"image\/webp"}],"twitter_card":"summary_large_image","twitter_misc":{"Prix":"&euro;32,50 incl. VAT","Availability":"In stock"},"schema":{"@context":"https:\/\/schema.org","@graph":[{"@type":"WebPage","@id":"https:\/\/www.manukanewzealand.com\/product\/kanuka-honey-250gr\/","url":"https:\/\/www.manukanewzealand.com\/product\/kanuka-honey-250gr\/","name":"MNZ Kanuka Honey 250 g | Miel de Kanuka monofloral brut de Nouvelle-Z\u00e9lande","isPartOf":{"@id":"https:\/\/www.manukanewzealand.com\/es\/#website"},"primaryImageOfPage":{"@id":"https:\/\/www.manukanewzealand.com\/product\/kanuka-honey-250gr\/#primaryimage"},"image":{"@id":"https:\/\/www.manukanewzealand.com\/product\/kanuka-honey-250gr\/#primaryimage"},"thumbnailUrl":"https:\/\/www.manukanewzealand.com\/wp-content\/uploads\/2021\/03\/kanuka-honing.webp","datePublished":"2024-01-15T08:01:18+00:00","dateModified":"2026-02-17T13:00:18+00:00","description":"Miel Kanuka monofloral brut de premi\u00e8re qualit\u00e9 de Nouvelle-Z\u00e9lande. Doux, au go\u00fbt agr\u00e9able, non filtr\u00e9 et non pasteuris\u00e9. Test\u00e9 de mani\u00e8re ind\u00e9pendante et enti\u00e8rement tra\u00e7able par MNZ.","breadcrumb":{"@id":"https:\/\/www.manukanewzealand.com\/product\/kanuka-honey-250gr\/#breadcrumb"},"inLanguage":"fr-FR","potentialAction":[{"@type":"ReadAction","target":["https:\/\/www.manukanewzealand.com\/product\/kanuka-honey-250gr\/"]}]},{"@type":"ImageObject","inLanguage":"fr-FR","@id":"https:\/\/www.manukanewzealand.com\/product\/kanuka-honey-250gr\/#primaryimage","url":"https:\/\/www.manukanewzealand.com\/wp-content\/uploads\/2021\/03\/kanuka-honing.webp","contentUrl":"https:\/\/www.manukanewzealand.com\/wp-content\/uploads\/2021\/03\/kanuka-honing.webp","width":500,"height":500},{"@type":"BreadcrumbList","@id":"https:\/\/www.manukanewzealand.com\/product\/kanuka-honey-250gr\/#breadcrumb","itemListElement":[{"@type":"ListItem","position":1,"name":"Home","item":"https:\/\/www.manukanewzealand.com\/"},{"@type":"ListItem","position":2,"name":"MNZ Products","item":"https:\/\/www.manukanewzealand.com\/mnz-products\/"},{"@type":"ListItem","position":3,"name":"Kanuka Honey 250gr."}]},{"@type":"WebSite","@id":"https:\/\/www.manukanewzealand.com\/es\/#website","url":"https:\/\/www.manukanewzealand.com\/es\/","name":"MNZ - Manuka New Zealand - Le meilleur miel brut de Manuka | Global","description":"","publisher":{"@id":"https:\/\/www.manukanewzealand.com\/es\/#organization"},"potentialAction":[{"@type":"SearchAction","target":{"@type":"EntryPoint","urlTemplate":"https:\/\/www.manukanewzealand.com\/es\/?s={search_term_string}"},"query-input":{"@type":"PropertyValueSpecification","valueRequired":true,"valueName":"search_term_string"}}],"inLanguage":"fr-FR"},{"@type":"Organization","@id":"https:\/\/www.manukanewzealand.com\/es\/#organization","name":"MNZ - Manuka New Zealand - Le meilleur miel brut de Manuka | Global","url":"https:\/\/www.manukanewzealand.com\/es\/","logo":{"@type":"ImageObject","inLanguage":"fr-FR","@id":"https:\/\/www.manukanewzealand.com\/es\/#\/schema\/logo\/image\/","url":"https:\/\/www.manukanewzealand.com\/wp-content\/uploads\/2022\/11\/mnz-logo-200x200-1-1.png","contentUrl":"https:\/\/www.manukanewzealand.com\/wp-content\/uploads\/2022\/11\/mnz-logo-200x200-1-1.png","width":200,"height":200,"caption":"MNZ - Manuka New Zealand - The Best Raw Manuka Honey | Global"},"image":{"@id":"https:\/\/www.manukanewzealand.com\/es\/#\/schema\/logo\/image\/"}}]},"product_price_amount":"32.50","product_price_currency":"EUR","og_availability":"instock","product_availability":"instock","product_retailer_item_id":"KNZ001","product_condition":"new"},"_links":{"self":[{"href":"https:\/\/www.manukanewzealand.com\/fr\/wp-json\/wp\/v2\/product\/33314","targetHints":{"allow":["GET"]}}],"collection":[{"href":"https:\/\/www.manukanewzealand.com\/fr\/wp-json\/wp\/v2\/product"}],"about":[{"href":"https:\/\/www.manukanewzealand.com\/fr\/wp-json\/wp\/v2\/types\/product"}],"replies":[{"embeddable":true,"href":"https:\/\/www.manukanewzealand.com\/fr\/wp-json\/wp\/v2\/comments?post=33314"}],"wp:featuredmedia":[{"embeddable":true,"href":"https:\/\/www.manukanewzealand.com\/fr\/wp-json\/wp\/v2\/media\/34501"}],"wp:attachment":[{"href":"https:\/\/www.manukanewzealand.com\/fr\/wp-json\/wp\/v2\/media?parent=33314"}],"wp:term":[{"taxonomy":"product_brand","embeddable":true,"href":"https:\/\/www.manukanewzealand.com\/fr\/wp-json\/wp\/v2\/product_brand?post=33314"},{"taxonomy":"product_cat","embeddable":true,"href":"https:\/\/www.manukanewzealand.com\/fr\/wp-json\/wp\/v2\/product_cat?post=33314"},{"taxonomy":"product_tag","embeddable":true,"href":"https:\/\/www.manukanewzealand.com\/fr\/wp-json\/wp\/v2\/product_tag?post=33314"}],"curies":[{"name":"wp","href":"https:\/\/api.w.org\/{rel}","templated":true}]}}