{"id":33313,"date":"2024-01-13T12:34:40","date_gmt":"2024-01-13T11:34:40","guid":{"rendered":"https:\/\/www.manukahoney.eu\/?post_type=product&#038;p=499"},"modified":"2026-02-17T14:04:01","modified_gmt":"2026-02-17T13:04:01","slug":"manuka-honey-soap","status":"publish","type":"product","link":"https:\/\/www.manukanewzealand.com\/fr\/product\/savon-miel-de-manuka\/","title":{"rendered":"Savon au miel de Manuka MGO 100"},"content":{"rendered":"<h1>MNZ MGO 100+ Savon de Manuka - Soins luxueux \u00e0 base de plantes de Nouvelle-Z\u00e9lande<\/h1>\n<p><strong>MNZ MGO 100+ Savon de Manuka<\/strong> est un projet soigneusement \u00e9labor\u00e9 <strong>barre nettoyante \u00e0 base de plantes<\/strong>, enrichie de <strong>miel de Manuka brut MGO 100<\/strong> de Nouvelle-Z\u00e9lande. Il nettoie la peau en douceur tout en offrant un parfum raffin\u00e9 et naturel adapt\u00e9 \u00e0 un usage quotidien.<\/p>\n<p><strong>Contenu :<\/strong> 100 g<\/p>\n<h2>Pourquoi choisir le savon de manuka MNZ MGO 100+ ?<\/h2>\n<p>MNZ est synonyme de puret\u00e9, de transparence et d'origine s\u00fbre. Ce savon de Manuka est fabriqu\u00e9 dans le respect de l'homme et de la nature, \u00e0 partir d'huiles v\u00e9g\u00e9tales soigneusement s\u00e9lectionn\u00e9es telles que l'huile d'olive, l'huile de coco, le beurre de karit\u00e9 et l'huile d'amande douce.<\/p>\n<p>L'ajout de miel de Manuka brut donne au savon son aspect distinctif et son caract\u00e8re subtil et chaleureux. Le miel provient de r\u00e9gions recul\u00e9es et pr\u00e9serv\u00e9es de Nouvelle-Z\u00e9lande et contient naturellement du MGO.<\/p>\n<p>La formule est enti\u00e8rement v\u00e9g\u00e9tale, non test\u00e9e sur les animaux et exempte d'additifs inutiles. Le parfum est sans phtalates et a \u00e9t\u00e9 d\u00e9velopp\u00e9 par des parfumeurs en Nouvelle-Z\u00e9lande, inspir\u00e9s par le paysage naturel o\u00f9 pousse la plante Manuka.<\/p>\n<ul>\n<li>Au miel de Manuka brut MGO 100+.<\/li>\n<li>Formule \u00e0 base de plantes avec de l'huile d'olive, de l'huile de coco et du beurre de karit\u00e9<\/li>\n<li>Convient \u00e0 un usage quotidien<\/li>\n<li>Sans SLS, parab\u00e8nes, phtalates et BHT<\/li>\n<li>Non test\u00e9 sur les animaux<\/li>\n<li>100% emballage recyclable<\/li>\n<\/ul>\n<h3>Ingr\u00e9dients (INCI)<\/h3>\n<p>Olivate de sodium, Cocoate de sodium, St\u00e9arate de sodium, Aqua, Parfum*, Glyc\u00e9rine, Chlorure de sodium, <em>Leptospermum Scoparium Mel<\/em>, Beurre de Butyrospermum Parkii, huile de Prunus Amygdalus Dulcis, CI 77492, diac\u00e9tate de glutamate t\u00e9trasodique.<br \/>\n<br \/>\n<small>*Contient des allerg\u00e8nes naturels : Benzyl Alcohol, Geraniol.<\/small><\/p>\n<h3>Utilisation<\/h3>\n<p>Appliquer sur la peau humide, faire mousser d\u00e9licatement et rincer abondamment. Usage externe uniquement. \u00c9viter tout contact avec les yeux.<\/p>","protected":false},"excerpt":{"rendered":"<p>MNZ MGO 100+ Manuka Soap \u2013 Luxurious Plant-Based Skincare from New Zealand MNZ MGO 100+ Manuka Soap is a carefully crafted plant-based cleansing bar, enriched with raw MGO 100+ Manuka honey from New Zealand. It gently cleanses the skin while offering a refined and natural fragrance experience suitable for everyday use. Contents: 100 g Why [&#8230;]\n","protected":false},"featured_media":33916,"comment_status":"closed","ping_status":"closed","template":"","meta":[],"product_brand":[],"product_cat":[113],"product_tag":[],"class_list":{"0":"post-33313","1":"product","2":"type-product","3":"status-publish","4":"has-post-thumbnail","6":"product_cat-uncategorized","8":"first","9":"instock","10":"taxable","11":"shipping-taxable","12":"purchasable","13":"product-type-simple"},"yoast_head":"<!-- This site is optimized with the Yoast SEO plugin v27.3 - https:\/\/yoast.com\/product\/yoast-seo-wordpress\/ -->\n<title>MNZ MGO 100+ Manuka Soap 100 g | Plant-Based Bar with Raw Manuka Honey | New Zealand<\/title>\n<meta name=\"description\" content=\"Plant-based Manuka soap enriched with raw MGO 100+ Manuka honey. Free from SLS, parabens, phthalates and BHT. Warm phthalate-free fragrance. 100 g by MNZ.\" \/>\n<meta name=\"robots\" content=\"index, follow, max-snippet:-1, max-image-preview:large, max-video-preview:-1\" \/>\n<link rel=\"canonical\" href=\"https:\/\/www.manukanewzealand.com\/fr\/product\/savon-miel-de-manuka\/\" \/>\n<meta property=\"og:locale\" content=\"fr_FR\" \/>\n<meta property=\"og:type\" content=\"article\" \/>\n<meta property=\"og:title\" content=\"MNZ MGO 100+ Manuka Soap 100 g | Plant-Based Bar with Raw Manuka Honey | New Zealand\" \/>\n<meta property=\"og:description\" content=\"Plant-based Manuka soap enriched with raw MGO 100+ Manuka honey. Free from SLS, parabens, phthalates and BHT. Warm phthalate-free fragrance. 100 g by MNZ.\" \/>\n<meta property=\"og:url\" content=\"https:\/\/www.manukanewzealand.com\/fr\/product\/savon-miel-de-manuka\/\" \/>\n<meta property=\"og:site_name\" content=\"MNZ - Manuka New Zealand - The Best Raw Manuka Honey | Global\" \/>\n<meta property=\"article:modified_time\" content=\"2026-02-17T13:04:01+00:00\" \/>\n<meta property=\"og:image\" content=\"https:\/\/www.manukanewzealand.com\/wp-content\/uploads\/2021\/03\/manukahoney-soap-1.webp\" \/>\n\t<meta property=\"og:image:width\" content=\"500\" \/>\n\t<meta property=\"og:image:height\" content=\"500\" \/>\n\t<meta property=\"og:image:type\" content=\"image\/webp\" \/>\n<meta name=\"twitter:card\" content=\"summary_large_image\" \/>\n<meta name=\"twitter:label1\" content=\"Prix\" \/>\n\t<meta name=\"twitter:data1\" content=\"&euro;9,95 incl. VAT\" \/>\n\t<meta name=\"twitter:label2\" content=\"Availability\" \/>\n\t<meta name=\"twitter:data2\" content=\"In stock\" \/>\n<script type=\"application\/ld+json\" class=\"yoast-schema-graph\">{\"@context\":\"https:\\\/\\\/schema.org\",\"@graph\":[{\"@type\":\"WebPage\",\"@id\":\"https:\\\/\\\/www.manukanewzealand.com\\\/product\\\/manuka-honey-soap\\\/\",\"url\":\"https:\\\/\\\/www.manukanewzealand.com\\\/product\\\/manuka-honey-soap\\\/\",\"name\":\"MNZ MGO 100+ Manuka Soap 100 g | Plant-Based Bar with Raw Manuka Honey | New Zealand\",\"isPartOf\":{\"@id\":\"https:\\\/\\\/www.manukanewzealand.com\\\/es\\\/#website\"},\"primaryImageOfPage\":{\"@id\":\"https:\\\/\\\/www.manukanewzealand.com\\\/product\\\/manuka-honey-soap\\\/#primaryimage\"},\"image\":{\"@id\":\"https:\\\/\\\/www.manukanewzealand.com\\\/product\\\/manuka-honey-soap\\\/#primaryimage\"},\"thumbnailUrl\":\"https:\\\/\\\/www.manukanewzealand.com\\\/wp-content\\\/uploads\\\/2021\\\/03\\\/manukahoney-soap-1.webp\",\"datePublished\":\"2024-01-13T11:34:40+00:00\",\"dateModified\":\"2026-02-17T13:04:01+00:00\",\"description\":\"Plant-based Manuka soap enriched with raw MGO 100+ Manuka honey. Free from SLS, parabens, phthalates and BHT. Warm phthalate-free fragrance. 100 g by MNZ.\",\"breadcrumb\":{\"@id\":\"https:\\\/\\\/www.manukanewzealand.com\\\/product\\\/manuka-honey-soap\\\/#breadcrumb\"},\"inLanguage\":\"fr-FR\",\"potentialAction\":[{\"@type\":\"ReadAction\",\"target\":[\"https:\\\/\\\/www.manukanewzealand.com\\\/product\\\/manuka-honey-soap\\\/\"]}]},{\"@type\":\"ImageObject\",\"inLanguage\":\"fr-FR\",\"@id\":\"https:\\\/\\\/www.manukanewzealand.com\\\/product\\\/manuka-honey-soap\\\/#primaryimage\",\"url\":\"https:\\\/\\\/www.manukanewzealand.com\\\/wp-content\\\/uploads\\\/2021\\\/03\\\/manukahoney-soap-1.webp\",\"contentUrl\":\"https:\\\/\\\/www.manukanewzealand.com\\\/wp-content\\\/uploads\\\/2021\\\/03\\\/manukahoney-soap-1.webp\",\"width\":500,\"height\":500},{\"@type\":\"BreadcrumbList\",\"@id\":\"https:\\\/\\\/www.manukanewzealand.com\\\/product\\\/manuka-honey-soap\\\/#breadcrumb\",\"itemListElement\":[{\"@type\":\"ListItem\",\"position\":1,\"name\":\"Home\",\"item\":\"https:\\\/\\\/www.manukanewzealand.com\\\/\"},{\"@type\":\"ListItem\",\"position\":2,\"name\":\"MNZ Products\",\"item\":\"https:\\\/\\\/www.manukanewzealand.com\\\/mnz-products\\\/\"},{\"@type\":\"ListItem\",\"position\":3,\"name\":\"Manuka Honey MGO 100+ Soap\"}]},{\"@type\":\"WebSite\",\"@id\":\"https:\\\/\\\/www.manukanewzealand.com\\\/es\\\/#website\",\"url\":\"https:\\\/\\\/www.manukanewzealand.com\\\/es\\\/\",\"name\":\"MNZ - Manuka New Zealand - The Best Raw Manuka Honey | Global\",\"description\":\"\",\"publisher\":{\"@id\":\"https:\\\/\\\/www.manukanewzealand.com\\\/es\\\/#organization\"},\"potentialAction\":[{\"@type\":\"SearchAction\",\"target\":{\"@type\":\"EntryPoint\",\"urlTemplate\":\"https:\\\/\\\/www.manukanewzealand.com\\\/es\\\/?s={search_term_string}\"},\"query-input\":{\"@type\":\"PropertyValueSpecification\",\"valueRequired\":true,\"valueName\":\"search_term_string\"}}],\"inLanguage\":\"fr-FR\"},{\"@type\":\"Organization\",\"@id\":\"https:\\\/\\\/www.manukanewzealand.com\\\/es\\\/#organization\",\"name\":\"MNZ - Manuka New Zealand - The Best Raw Manuka Honey | Global\",\"url\":\"https:\\\/\\\/www.manukanewzealand.com\\\/es\\\/\",\"logo\":{\"@type\":\"ImageObject\",\"inLanguage\":\"fr-FR\",\"@id\":\"https:\\\/\\\/www.manukanewzealand.com\\\/es\\\/#\\\/schema\\\/logo\\\/image\\\/\",\"url\":\"https:\\\/\\\/www.manukanewzealand.com\\\/wp-content\\\/uploads\\\/2022\\\/11\\\/mnz-logo-200x200-1-1.png\",\"contentUrl\":\"https:\\\/\\\/www.manukanewzealand.com\\\/wp-content\\\/uploads\\\/2022\\\/11\\\/mnz-logo-200x200-1-1.png\",\"width\":200,\"height\":200,\"caption\":\"MNZ - Manuka New Zealand - The Best Raw Manuka Honey | Global\"},\"image\":{\"@id\":\"https:\\\/\\\/www.manukanewzealand.com\\\/es\\\/#\\\/schema\\\/logo\\\/image\\\/\"}}]}<\/script>\n<meta property=\"product:price:amount\" content=\"9.95\" \/>\n<meta property=\"product:price:currency\" content=\"EUR\" \/>\n<meta property=\"og:availability\" content=\"instock\" \/>\n<meta property=\"product:availability\" content=\"instock\" \/>\n<meta property=\"product:retailer_item_id\" content=\"MNZ200\" \/>\n<meta property=\"product:condition\" content=\"new\" \/>\n<!-- \/ Yoast SEO plugin. -->","yoast_head_json":{"title":"MNZ MGO 100+ Savon de Manuka 100 g | Barre v\u00e9g\u00e9tale au miel de Manuka brut | Nouvelle-Z\u00e9lande","description":"Savon de Manuka \u00e0 base de plantes, enrichi de miel de Manuka brut MGO 100+. Sans SLS, parab\u00e8nes, phtalates ni BHT. Parfum chaud sans phtalates. 100 g par MNZ.","robots":{"index":"index","follow":"follow","max-snippet":"max-snippet:-1","max-image-preview":"max-image-preview:large","max-video-preview":"max-video-preview:-1"},"canonical":"https:\/\/www.manukanewzealand.com\/fr\/product\/savon-miel-de-manuka\/","og_locale":"fr_FR","og_type":"article","og_title":"MNZ MGO 100+ Manuka Soap 100 g | Plant-Based Bar with Raw Manuka Honey | New Zealand","og_description":"Plant-based Manuka soap enriched with raw MGO 100+ Manuka honey. Free from SLS, parabens, phthalates and BHT. Warm phthalate-free fragrance. 100 g by MNZ.","og_url":"https:\/\/www.manukanewzealand.com\/fr\/product\/savon-miel-de-manuka\/","og_site_name":"MNZ - Manuka New Zealand - The Best Raw Manuka Honey | Global","article_modified_time":"2026-02-17T13:04:01+00:00","og_image":[{"width":500,"height":500,"url":"https:\/\/www.manukanewzealand.com\/wp-content\/uploads\/2021\/03\/manukahoney-soap-1.webp","type":"image\/webp"}],"twitter_card":"summary_large_image","twitter_misc":{"Prix":"&euro;9,95 incl. VAT","Availability":"In stock"},"schema":{"@context":"https:\/\/schema.org","@graph":[{"@type":"WebPage","@id":"https:\/\/www.manukanewzealand.com\/product\/manuka-honey-soap\/","url":"https:\/\/www.manukanewzealand.com\/product\/manuka-honey-soap\/","name":"MNZ MGO 100+ Savon de Manuka 100 g | Barre v\u00e9g\u00e9tale au miel de Manuka brut | Nouvelle-Z\u00e9lande","isPartOf":{"@id":"https:\/\/www.manukanewzealand.com\/es\/#website"},"primaryImageOfPage":{"@id":"https:\/\/www.manukanewzealand.com\/product\/manuka-honey-soap\/#primaryimage"},"image":{"@id":"https:\/\/www.manukanewzealand.com\/product\/manuka-honey-soap\/#primaryimage"},"thumbnailUrl":"https:\/\/www.manukanewzealand.com\/wp-content\/uploads\/2021\/03\/manukahoney-soap-1.webp","datePublished":"2024-01-13T11:34:40+00:00","dateModified":"2026-02-17T13:04:01+00:00","description":"Savon de Manuka \u00e0 base de plantes, enrichi de miel de Manuka brut MGO 100+. Sans SLS, parab\u00e8nes, phtalates ni BHT. Parfum chaud sans phtalates. 100 g par MNZ.","breadcrumb":{"@id":"https:\/\/www.manukanewzealand.com\/product\/manuka-honey-soap\/#breadcrumb"},"inLanguage":"fr-FR","potentialAction":[{"@type":"ReadAction","target":["https:\/\/www.manukanewzealand.com\/product\/manuka-honey-soap\/"]}]},{"@type":"ImageObject","inLanguage":"fr-FR","@id":"https:\/\/www.manukanewzealand.com\/product\/manuka-honey-soap\/#primaryimage","url":"https:\/\/www.manukanewzealand.com\/wp-content\/uploads\/2021\/03\/manukahoney-soap-1.webp","contentUrl":"https:\/\/www.manukanewzealand.com\/wp-content\/uploads\/2021\/03\/manukahoney-soap-1.webp","width":500,"height":500},{"@type":"BreadcrumbList","@id":"https:\/\/www.manukanewzealand.com\/product\/manuka-honey-soap\/#breadcrumb","itemListElement":[{"@type":"ListItem","position":1,"name":"Home","item":"https:\/\/www.manukanewzealand.com\/"},{"@type":"ListItem","position":2,"name":"MNZ Products","item":"https:\/\/www.manukanewzealand.com\/mnz-products\/"},{"@type":"ListItem","position":3,"name":"Manuka Honey MGO 100+ Soap"}]},{"@type":"WebSite","@id":"https:\/\/www.manukanewzealand.com\/es\/#website","url":"https:\/\/www.manukanewzealand.com\/es\/","name":"MNZ - Manuka New Zealand - Le meilleur miel brut de Manuka | Global","description":"","publisher":{"@id":"https:\/\/www.manukanewzealand.com\/es\/#organization"},"potentialAction":[{"@type":"SearchAction","target":{"@type":"EntryPoint","urlTemplate":"https:\/\/www.manukanewzealand.com\/es\/?s={search_term_string}"},"query-input":{"@type":"PropertyValueSpecification","valueRequired":true,"valueName":"search_term_string"}}],"inLanguage":"fr-FR"},{"@type":"Organization","@id":"https:\/\/www.manukanewzealand.com\/es\/#organization","name":"MNZ - Manuka New Zealand - Le meilleur miel brut de Manuka | Global","url":"https:\/\/www.manukanewzealand.com\/es\/","logo":{"@type":"ImageObject","inLanguage":"fr-FR","@id":"https:\/\/www.manukanewzealand.com\/es\/#\/schema\/logo\/image\/","url":"https:\/\/www.manukanewzealand.com\/wp-content\/uploads\/2022\/11\/mnz-logo-200x200-1-1.png","contentUrl":"https:\/\/www.manukanewzealand.com\/wp-content\/uploads\/2022\/11\/mnz-logo-200x200-1-1.png","width":200,"height":200,"caption":"MNZ - Manuka New Zealand - The Best Raw Manuka Honey | Global"},"image":{"@id":"https:\/\/www.manukanewzealand.com\/es\/#\/schema\/logo\/image\/"}}]},"product_price_amount":"9.95","product_price_currency":"EUR","og_availability":"instock","product_availability":"instock","product_retailer_item_id":"MNZ200","product_condition":"new"},"_links":{"self":[{"href":"https:\/\/www.manukanewzealand.com\/fr\/wp-json\/wp\/v2\/product\/33313","targetHints":{"allow":["GET"]}}],"collection":[{"href":"https:\/\/www.manukanewzealand.com\/fr\/wp-json\/wp\/v2\/product"}],"about":[{"href":"https:\/\/www.manukanewzealand.com\/fr\/wp-json\/wp\/v2\/types\/product"}],"replies":[{"embeddable":true,"href":"https:\/\/www.manukanewzealand.com\/fr\/wp-json\/wp\/v2\/comments?post=33313"}],"wp:featuredmedia":[{"embeddable":true,"href":"https:\/\/www.manukanewzealand.com\/fr\/wp-json\/wp\/v2\/media\/33916"}],"wp:attachment":[{"href":"https:\/\/www.manukanewzealand.com\/fr\/wp-json\/wp\/v2\/media?parent=33313"}],"wp:term":[{"taxonomy":"product_brand","embeddable":true,"href":"https:\/\/www.manukanewzealand.com\/fr\/wp-json\/wp\/v2\/product_brand?post=33313"},{"taxonomy":"product_cat","embeddable":true,"href":"https:\/\/www.manukanewzealand.com\/fr\/wp-json\/wp\/v2\/product_cat?post=33313"},{"taxonomy":"product_tag","embeddable":true,"href":"https:\/\/www.manukanewzealand.com\/fr\/wp-json\/wp\/v2\/product_tag?post=33313"}],"curies":[{"name":"wp","href":"https:\/\/api.w.org\/{rel}","templated":true}]}}