{"id":26902,"date":"2024-01-12T14:29:33","date_gmt":"2024-01-12T13:29:33","guid":{"rendered":"https:\/\/www.manukahoney.eu\/?post_type=product&#038;p=26902"},"modified":"2026-02-17T14:11:29","modified_gmt":"2026-02-17T13:11:29","slug":"toothpaste-manuka-honey","status":"publish","type":"product","link":"https:\/\/www.manukanewzealand.com\/fr\/product\/dentifrice-au-miel-de-manuka\/","title":{"rendered":"Dentifrice au miel de manuka, \u00e0 la propolis et \u00e0 l'huile de manuka."},"content":{"rendered":"<h1>MNZ Manuka Honey Toothpaste 75 ml - Soins bucco-dentaires naturels de Nouvelle-Z\u00e9lande<\/h1>\n<p><strong>Dentifrice au miel de Manuka MNZ<\/strong> est un <strong>dentifrice naturel peu moussant<\/strong> \u00e9labor\u00e9 \u00e0 partir d'ingr\u00e9dients soigneusement s\u00e9lectionn\u00e9s en Nouvelle-Z\u00e9lande, notamment <strong>miel de Manuka brut MGO 550<\/strong>, <strong>Propolis de Nouvelle-Z\u00e9lande<\/strong> et <strong>Huile de manuka<\/strong>. Il offre une exp\u00e9rience de brossage fra\u00eeche et douce, adapt\u00e9e aux soins bucco-dentaires quotidiens.<\/p>\n<p><strong>Contenu :<\/strong> 75 ml<\/p>\n<h2>Pourquoi choisir le dentifrice au manuka de MNZ ?<\/h2>\n<p>MNZ est synonyme de puret\u00e9, de transparence et d'origine s\u00fbre. Ce dentifrice associe des ingr\u00e9dients naturels \u00e0 un nettoyage efficace mais doux et \u00e0 un ar\u00f4me de menthe rafra\u00eechissant.<\/p>\n<p>La formule est d\u00e9lib\u00e9r\u00e9ment \u00e9labor\u00e9e sans agents moussants agressifs ni additifs inutiles. L'inclusion de miel de Manuka brut, de propolis et d'huile de Manuka conf\u00e8re au dentifrice son caract\u00e8re distinctif et son profil botanique.<\/p>\n<p>Sa texture peu moussante offre une sensation de propret\u00e9 et de fra\u00eecheur sans envahir la bouche. La formule est exempte de fluorure, de laurylsulfate de sodium (SLS), de colorants artificiels, d'ar\u00f4mes artificiels et de conservateurs, ce qui en fait un choix judicieux pour un usage quotidien.<\/p>\n<ul>\n<li>Au miel de Manuka MGO 550+ brut<\/li>\n<li>Avec de la propolis de Nouvelle-Z\u00e9lande et de l'huile de Manuka<\/li>\n<li>Formule peu moussante au go\u00fbt de menthe fra\u00eeche<\/li>\n<li>Sans fluor et sans SLS<\/li>\n<li>Pas d'abrasifs agressifs<\/li>\n<li>Convient \u00e0 un usage quotidien et aux v\u00e9g\u00e9tariens<\/li>\n<\/ul>\n<h3>Ingr\u00e9dients (INCI)<\/h3>\n<p>Glyc\u00e9rine*, Aqua, Silice hydrat\u00e9e, Mel, Bicarbonate de sodium, Gomme de cellulose, Cocamidopropyl Betaine, Huile de feuille de Mentha Arvensis, Extrait de Propolis, Menthol, Chlorure de sodium, Huile de branche\/feuille de Leptospermum Scoparium, St\u00e9vioside, Ac\u00e9tate de tocoph\u00e9ryle, Huile de Mentha Piperita.<br \/>\n<br \/>\n<small>*D'origine v\u00e9g\u00e9tale.<\/small><\/p>\n<h3>Utilisation<\/h3>\n<p>Brosser les dents deux fois par jour. Convient pour un usage quotidien.<\/p>","protected":false},"excerpt":{"rendered":"<p>MNZ Manuka Honey Toothpaste 75 ml \u2013 Natural Oral Care from New Zealand MNZ Manuka Honey Toothpaste is a natural, low-foaming toothpaste developed with carefully selected ingredients from New Zealand, including raw MGO 550+ Manuka honey, New Zealand propolis and Manuka oil. It provides a fresh and gentle brushing experience suitable for daily oral care. [&#8230;]\n","protected":false},"featured_media":34179,"comment_status":"closed","ping_status":"closed","template":"","meta":[],"product_brand":[],"product_cat":[113],"product_tag":[],"class_list":{"0":"post-26902","1":"product","2":"type-product","3":"status-publish","4":"has-post-thumbnail","6":"product_cat-uncategorized","8":"first","9":"instock","10":"taxable","11":"shipping-taxable","12":"purchasable","13":"product-type-simple"},"yoast_head":"<!-- This site is optimized with the Yoast SEO plugin v27.3 - https:\/\/yoast.com\/product\/yoast-seo-wordpress\/ -->\n<title>MNZ Manuka Honey Toothpaste 75 ml | With MGO 550+ Manuka, Propolis &amp; Manuka Oil<\/title>\n<meta name=\"description\" content=\"Natural low-foaming toothpaste with raw MGO 550+ Manuka honey, New Zealand propolis and Manuka oil. Fluoride- and SLS-free. Gentle daily oral care. 75 ml by MNZ.\" \/>\n<meta name=\"robots\" content=\"index, follow, max-snippet:-1, max-image-preview:large, max-video-preview:-1\" \/>\n<link rel=\"canonical\" href=\"https:\/\/www.manukanewzealand.com\/fr\/product\/dentifrice-au-miel-de-manuka\/\" \/>\n<meta property=\"og:locale\" content=\"fr_FR\" \/>\n<meta property=\"og:type\" content=\"article\" \/>\n<meta property=\"og:title\" content=\"MNZ Manuka Honey Toothpaste 75 ml | With MGO 550+ Manuka, Propolis &amp; Manuka Oil\" \/>\n<meta property=\"og:description\" content=\"Natural low-foaming toothpaste with raw MGO 550+ Manuka honey, New Zealand propolis and Manuka oil. Fluoride- and SLS-free. Gentle daily oral care. 75 ml by MNZ.\" \/>\n<meta property=\"og:url\" content=\"https:\/\/www.manukanewzealand.com\/fr\/product\/dentifrice-au-miel-de-manuka\/\" \/>\n<meta property=\"og:site_name\" content=\"MNZ - Manuka New Zealand - The Best Raw Manuka Honey | Global\" \/>\n<meta property=\"article:modified_time\" content=\"2026-02-17T13:11:29+00:00\" \/>\n<meta property=\"og:image\" content=\"https:\/\/www.manukanewzealand.com\/wp-content\/uploads\/2023\/08\/manuka-tandpasta-mnz.webp\" \/>\n\t<meta property=\"og:image:width\" content=\"500\" \/>\n\t<meta property=\"og:image:height\" content=\"500\" \/>\n\t<meta property=\"og:image:type\" content=\"image\/webp\" \/>\n<meta name=\"twitter:card\" content=\"summary_large_image\" \/>\n<meta name=\"twitter:label1\" content=\"Prix\" \/>\n\t<meta name=\"twitter:data1\" content=\"&euro;11,95 incl. VAT\" \/>\n\t<meta name=\"twitter:label2\" content=\"Availability\" \/>\n\t<meta name=\"twitter:data2\" content=\"In stock\" \/>\n<script type=\"application\/ld+json\" class=\"yoast-schema-graph\">{\"@context\":\"https:\\\/\\\/schema.org\",\"@graph\":[{\"@type\":\"WebPage\",\"@id\":\"https:\\\/\\\/www.manukanewzealand.com\\\/product\\\/toothpaste-manuka-honey\\\/\",\"url\":\"https:\\\/\\\/www.manukanewzealand.com\\\/product\\\/toothpaste-manuka-honey\\\/\",\"name\":\"MNZ Manuka Honey Toothpaste 75 ml | With MGO 550+ Manuka, Propolis & Manuka Oil\",\"isPartOf\":{\"@id\":\"https:\\\/\\\/www.manukanewzealand.com\\\/es\\\/#website\"},\"primaryImageOfPage\":{\"@id\":\"https:\\\/\\\/www.manukanewzealand.com\\\/product\\\/toothpaste-manuka-honey\\\/#primaryimage\"},\"image\":{\"@id\":\"https:\\\/\\\/www.manukanewzealand.com\\\/product\\\/toothpaste-manuka-honey\\\/#primaryimage\"},\"thumbnailUrl\":\"https:\\\/\\\/www.manukanewzealand.com\\\/wp-content\\\/uploads\\\/2023\\\/08\\\/manuka-tandpasta-mnz.webp\",\"datePublished\":\"2024-01-12T13:29:33+00:00\",\"dateModified\":\"2026-02-17T13:11:29+00:00\",\"description\":\"Natural low-foaming toothpaste with raw MGO 550+ Manuka honey, New Zealand propolis and Manuka oil. Fluoride- and SLS-free. Gentle daily oral care. 75 ml by MNZ.\",\"breadcrumb\":{\"@id\":\"https:\\\/\\\/www.manukanewzealand.com\\\/product\\\/toothpaste-manuka-honey\\\/#breadcrumb\"},\"inLanguage\":\"fr-FR\",\"potentialAction\":[{\"@type\":\"ReadAction\",\"target\":[\"https:\\\/\\\/www.manukanewzealand.com\\\/product\\\/toothpaste-manuka-honey\\\/\"]}]},{\"@type\":\"ImageObject\",\"inLanguage\":\"fr-FR\",\"@id\":\"https:\\\/\\\/www.manukanewzealand.com\\\/product\\\/toothpaste-manuka-honey\\\/#primaryimage\",\"url\":\"https:\\\/\\\/www.manukanewzealand.com\\\/wp-content\\\/uploads\\\/2023\\\/08\\\/manuka-tandpasta-mnz.webp\",\"contentUrl\":\"https:\\\/\\\/www.manukanewzealand.com\\\/wp-content\\\/uploads\\\/2023\\\/08\\\/manuka-tandpasta-mnz.webp\",\"width\":500,\"height\":500},{\"@type\":\"BreadcrumbList\",\"@id\":\"https:\\\/\\\/www.manukanewzealand.com\\\/product\\\/toothpaste-manuka-honey\\\/#breadcrumb\",\"itemListElement\":[{\"@type\":\"ListItem\",\"position\":1,\"name\":\"Home\",\"item\":\"https:\\\/\\\/www.manukanewzealand.com\\\/\"},{\"@type\":\"ListItem\",\"position\":2,\"name\":\"MNZ Products\",\"item\":\"https:\\\/\\\/www.manukanewzealand.com\\\/mnz-products\\\/\"},{\"@type\":\"ListItem\",\"position\":3,\"name\":\"Manuka Honey, Propolis &#038; Manuka Oil Toothpaste.\"}]},{\"@type\":\"WebSite\",\"@id\":\"https:\\\/\\\/www.manukanewzealand.com\\\/es\\\/#website\",\"url\":\"https:\\\/\\\/www.manukanewzealand.com\\\/es\\\/\",\"name\":\"MNZ - Manuka New Zealand - The Best Raw Manuka Honey | Global\",\"description\":\"\",\"publisher\":{\"@id\":\"https:\\\/\\\/www.manukanewzealand.com\\\/es\\\/#organization\"},\"potentialAction\":[{\"@type\":\"SearchAction\",\"target\":{\"@type\":\"EntryPoint\",\"urlTemplate\":\"https:\\\/\\\/www.manukanewzealand.com\\\/es\\\/?s={search_term_string}\"},\"query-input\":{\"@type\":\"PropertyValueSpecification\",\"valueRequired\":true,\"valueName\":\"search_term_string\"}}],\"inLanguage\":\"fr-FR\"},{\"@type\":\"Organization\",\"@id\":\"https:\\\/\\\/www.manukanewzealand.com\\\/es\\\/#organization\",\"name\":\"MNZ - Manuka New Zealand - The Best Raw Manuka Honey | Global\",\"url\":\"https:\\\/\\\/www.manukanewzealand.com\\\/es\\\/\",\"logo\":{\"@type\":\"ImageObject\",\"inLanguage\":\"fr-FR\",\"@id\":\"https:\\\/\\\/www.manukanewzealand.com\\\/es\\\/#\\\/schema\\\/logo\\\/image\\\/\",\"url\":\"https:\\\/\\\/www.manukanewzealand.com\\\/wp-content\\\/uploads\\\/2022\\\/11\\\/mnz-logo-200x200-1-1.png\",\"contentUrl\":\"https:\\\/\\\/www.manukanewzealand.com\\\/wp-content\\\/uploads\\\/2022\\\/11\\\/mnz-logo-200x200-1-1.png\",\"width\":200,\"height\":200,\"caption\":\"MNZ - Manuka New Zealand - The Best Raw Manuka Honey | Global\"},\"image\":{\"@id\":\"https:\\\/\\\/www.manukanewzealand.com\\\/es\\\/#\\\/schema\\\/logo\\\/image\\\/\"}}]}<\/script>\n<meta property=\"product:price:amount\" content=\"11.95\" \/>\n<meta property=\"product:price:currency\" content=\"EUR\" \/>\n<meta property=\"og:availability\" content=\"instock\" \/>\n<meta property=\"product:availability\" content=\"instock\" \/>\n<meta property=\"product:retailer_item_id\" content=\"MNZ201\" \/>\n<meta property=\"product:condition\" content=\"new\" \/>\n<!-- \/ Yoast SEO plugin. -->","yoast_head_json":{"title":"MNZ Dentifrice au miel de Manuka 75 ml | Avec MGO 550+ Manuka, Propolis et Huile de Manuka","description":"Dentifrice naturel peu moussant \u00e0 base de miel de Manuka brut MGO 550+, de propolis de Nouvelle-Z\u00e9lande et d'huile de Manuka. Sans fluor ni SLS. Soins bucco-dentaires quotidiens en douceur. 75 ml par MNZ.","robots":{"index":"index","follow":"follow","max-snippet":"max-snippet:-1","max-image-preview":"max-image-preview:large","max-video-preview":"max-video-preview:-1"},"canonical":"https:\/\/www.manukanewzealand.com\/fr\/product\/dentifrice-au-miel-de-manuka\/","og_locale":"fr_FR","og_type":"article","og_title":"MNZ Manuka Honey Toothpaste 75 ml | With MGO 550+ Manuka, Propolis & Manuka Oil","og_description":"Natural low-foaming toothpaste with raw MGO 550+ Manuka honey, New Zealand propolis and Manuka oil. Fluoride- and SLS-free. Gentle daily oral care. 75 ml by MNZ.","og_url":"https:\/\/www.manukanewzealand.com\/fr\/product\/dentifrice-au-miel-de-manuka\/","og_site_name":"MNZ - Manuka New Zealand - The Best Raw Manuka Honey | Global","article_modified_time":"2026-02-17T13:11:29+00:00","og_image":[{"width":500,"height":500,"url":"https:\/\/www.manukanewzealand.com\/wp-content\/uploads\/2023\/08\/manuka-tandpasta-mnz.webp","type":"image\/webp"}],"twitter_card":"summary_large_image","twitter_misc":{"Prix":"&euro;11,95 incl. VAT","Availability":"In stock"},"schema":{"@context":"https:\/\/schema.org","@graph":[{"@type":"WebPage","@id":"https:\/\/www.manukanewzealand.com\/product\/toothpaste-manuka-honey\/","url":"https:\/\/www.manukanewzealand.com\/product\/toothpaste-manuka-honey\/","name":"MNZ Dentifrice au miel de Manuka 75 ml | Avec MGO 550+ Manuka, Propolis et Huile de Manuka","isPartOf":{"@id":"https:\/\/www.manukanewzealand.com\/es\/#website"},"primaryImageOfPage":{"@id":"https:\/\/www.manukanewzealand.com\/product\/toothpaste-manuka-honey\/#primaryimage"},"image":{"@id":"https:\/\/www.manukanewzealand.com\/product\/toothpaste-manuka-honey\/#primaryimage"},"thumbnailUrl":"https:\/\/www.manukanewzealand.com\/wp-content\/uploads\/2023\/08\/manuka-tandpasta-mnz.webp","datePublished":"2024-01-12T13:29:33+00:00","dateModified":"2026-02-17T13:11:29+00:00","description":"Dentifrice naturel peu moussant \u00e0 base de miel de Manuka brut MGO 550+, de propolis de Nouvelle-Z\u00e9lande et d'huile de Manuka. Sans fluor ni SLS. Soins bucco-dentaires quotidiens en douceur. 75 ml par MNZ.","breadcrumb":{"@id":"https:\/\/www.manukanewzealand.com\/product\/toothpaste-manuka-honey\/#breadcrumb"},"inLanguage":"fr-FR","potentialAction":[{"@type":"ReadAction","target":["https:\/\/www.manukanewzealand.com\/product\/toothpaste-manuka-honey\/"]}]},{"@type":"ImageObject","inLanguage":"fr-FR","@id":"https:\/\/www.manukanewzealand.com\/product\/toothpaste-manuka-honey\/#primaryimage","url":"https:\/\/www.manukanewzealand.com\/wp-content\/uploads\/2023\/08\/manuka-tandpasta-mnz.webp","contentUrl":"https:\/\/www.manukanewzealand.com\/wp-content\/uploads\/2023\/08\/manuka-tandpasta-mnz.webp","width":500,"height":500},{"@type":"BreadcrumbList","@id":"https:\/\/www.manukanewzealand.com\/product\/toothpaste-manuka-honey\/#breadcrumb","itemListElement":[{"@type":"ListItem","position":1,"name":"Home","item":"https:\/\/www.manukanewzealand.com\/"},{"@type":"ListItem","position":2,"name":"MNZ Products","item":"https:\/\/www.manukanewzealand.com\/mnz-products\/"},{"@type":"ListItem","position":3,"name":"Manuka Honey, Propolis &#038; Manuka Oil Toothpaste."}]},{"@type":"WebSite","@id":"https:\/\/www.manukanewzealand.com\/es\/#website","url":"https:\/\/www.manukanewzealand.com\/es\/","name":"MNZ - Manuka New Zealand - Le meilleur miel brut de Manuka | Global","description":"","publisher":{"@id":"https:\/\/www.manukanewzealand.com\/es\/#organization"},"potentialAction":[{"@type":"SearchAction","target":{"@type":"EntryPoint","urlTemplate":"https:\/\/www.manukanewzealand.com\/es\/?s={search_term_string}"},"query-input":{"@type":"PropertyValueSpecification","valueRequired":true,"valueName":"search_term_string"}}],"inLanguage":"fr-FR"},{"@type":"Organization","@id":"https:\/\/www.manukanewzealand.com\/es\/#organization","name":"MNZ - Manuka New Zealand - Le meilleur miel brut de Manuka | Global","url":"https:\/\/www.manukanewzealand.com\/es\/","logo":{"@type":"ImageObject","inLanguage":"fr-FR","@id":"https:\/\/www.manukanewzealand.com\/es\/#\/schema\/logo\/image\/","url":"https:\/\/www.manukanewzealand.com\/wp-content\/uploads\/2022\/11\/mnz-logo-200x200-1-1.png","contentUrl":"https:\/\/www.manukanewzealand.com\/wp-content\/uploads\/2022\/11\/mnz-logo-200x200-1-1.png","width":200,"height":200,"caption":"MNZ - Manuka New Zealand - The Best Raw Manuka Honey | Global"},"image":{"@id":"https:\/\/www.manukanewzealand.com\/es\/#\/schema\/logo\/image\/"}}]},"product_price_amount":"11.95","product_price_currency":"EUR","og_availability":"instock","product_availability":"instock","product_retailer_item_id":"MNZ201","product_condition":"new"},"_links":{"self":[{"href":"https:\/\/www.manukanewzealand.com\/fr\/wp-json\/wp\/v2\/product\/26902","targetHints":{"allow":["GET"]}}],"collection":[{"href":"https:\/\/www.manukanewzealand.com\/fr\/wp-json\/wp\/v2\/product"}],"about":[{"href":"https:\/\/www.manukanewzealand.com\/fr\/wp-json\/wp\/v2\/types\/product"}],"replies":[{"embeddable":true,"href":"https:\/\/www.manukanewzealand.com\/fr\/wp-json\/wp\/v2\/comments?post=26902"}],"wp:featuredmedia":[{"embeddable":true,"href":"https:\/\/www.manukanewzealand.com\/fr\/wp-json\/wp\/v2\/media\/34179"}],"wp:attachment":[{"href":"https:\/\/www.manukanewzealand.com\/fr\/wp-json\/wp\/v2\/media?parent=26902"}],"wp:term":[{"taxonomy":"product_brand","embeddable":true,"href":"https:\/\/www.manukanewzealand.com\/fr\/wp-json\/wp\/v2\/product_brand?post=26902"},{"taxonomy":"product_cat","embeddable":true,"href":"https:\/\/www.manukanewzealand.com\/fr\/wp-json\/wp\/v2\/product_cat?post=26902"},{"taxonomy":"product_tag","embeddable":true,"href":"https:\/\/www.manukanewzealand.com\/fr\/wp-json\/wp\/v2\/product_tag?post=26902"}],"curies":[{"name":"wp","href":"https:\/\/api.w.org\/{rel}","templated":true}]}}