{"id":34168,"date":"2023-07-18T15:42:12","date_gmt":"2023-07-18T14:42:12","guid":{"rendered":"https:\/\/www.manukanewzealand.com\/?page_id=34168"},"modified":"2026-02-18T15:03:34","modified_gmt":"2026-02-18T14:03:34","slug":"wireless-frequency-protection","status":"publish","type":"page","link":"https:\/\/www.manukanewzealand.com\/fr\/wireless-frequency-protection\/","title":{"rendered":"Protection contre les fr\u00e9quences sans fil"},"content":{"rendered":"<div id=\"page-header-209044230\" class=\"page-header-wrapper\">\n  <div class=\"page-title dark divided-title\">\n\n        <div class=\"page-title-bg\">\n      <div class=\"title-bg fill bg-fill\"\n        data-parallax-container=\".page-title\"\n        data-parallax-background\n data-parallax=\"-\">\n      <\/div>\n      <div class=\"title-overlay fill\"><\/div>\n    <\/div>\n    \n    <div class=\"page-title-inner container align-center flex-row medium-flex-wrap\" >\n              <div class=\"title-wrapper flex-col text-left medium-text-center\">\n          <h1 class=\"entry-title mb-0\">\n            Protection contre les fr\u00e9quences sans fil          <\/h1>\n        <\/div>\n                    <div class=\"title-content flex-col flex-right text-right medium-text-center\">\n        <div class=\"title-breadcrumbs pb-half pt-half\"><nav class=\"woocommerce-breadcrumb breadcrumbs\" aria-label=\"Fil d&#039;Ariane\">Accueil<\/nav><\/div>      <\/div>\n    <\/div>\n\n     \n<style>\n#page-header-209044230 .page-title-inner {\n  min-height: 250px;\n}\n#page-header-209044230 .title-bg {\n  background-image: url(https:\/\/www.manukanewzealand.com\/wp-content\/uploads\/2026\/02\/mnz-header-2.jpg);\n}\n<\/style>\n  <\/div>\n  <div class=\"container header-wrapper-divider\"><hr\/><\/div>  <\/div>\n  \n\n\t<section class=\"section\" id=\"section_837304840\">\n\t\t<div class=\"section-bg fill\" >\n\t\t\t\t\t\t\t\t\t\n\t\t\t\n\n\t\t<\/div>\n\n\t\t\n\n\t\t<div class=\"section-content relative\">\n\t\t\t\n<div class=\"row align-middle align-center\"  id=\"row-684613474\">\n\n\t<div id=\"col-853185084\" class=\"col medium-12 small-12 large-8\"  >\n\t\t\t\t<div class=\"col-inner\"  >\n\t\t\t\n\t\t\t\n<p>Ces derni\u00e8res ann\u00e9es, des discussions ont \u00e9merg\u00e9 sur les effets possibles d'une exposition \u00e0 long terme \u00e0 certains facteurs environnementaux, y compris les infrastructures de communication sans fil, sur la sant\u00e9 des abeilles mellif\u00e8res. Les abeilles jouant un r\u00f4le essentiel dans la pollinisation et l'\u00e9quilibre des \u00e9cosyst\u00e8mes, une gestion responsable des ruches n\u00e9cessite une prise en compte attentive de leur environnement.<\/p>\n<p>MNZ suit une approche de pr\u00e9caution dans sa strat\u00e9gie de placement des ruches. Nos ruches sont d\u00e9lib\u00e9r\u00e9ment plac\u00e9es dans des endroits ruraux \u00e9loign\u00e9s, avec un minimum d'infrastructures environnantes. Ces zones soigneusement s\u00e9lectionn\u00e9es sont choisies non seulement pour leur abondance d'arbres Manuka, mais aussi pour leur \u00e9loignement de l'activit\u00e9 humaine intensive et des installations \u00e0 grande \u00e9chelle.<\/p>\n<p>En installant ses ruches en bois dans des environnements isol\u00e9s et naturels, MNZ vise \u00e0 cr\u00e9er des conditions stables qui favorisent le comportement naturel des abeilles, notamment leur capacit\u00e9 d'orientation et de rep\u00e9rage. Cette approche s'inscrit dans le cadre de notre engagement plus large en faveur du bien-\u00eatre des abeilles et des pratiques apicoles durables.<\/p>\n\t\t<\/div>\n\t\t\t\t\t<\/div>\n\n\t\n\n\t<div id=\"col-1460732110\" class=\"col medium-12 small-12 large-4\"  >\n\t\t\t\t<div class=\"col-inner text-center\"  >\n\t\t\t\n\t\t\t\n\t<div class=\"img has-hover x md-x lg-x y md-y lg-y\" id=\"image_1007016364\">\n\t\t\t\t\t\t\t\t<div class=\"img-inner dark\" >\n\t\t\t<img decoding=\"async\" width=\"595\" height=\"842\" src=\"https:\/\/www.manukanewzealand.com\/wp-content\/uploads\/2023\/04\/beeprotective-logo-fc-1.webp\" class=\"attachment-original size-original\" alt=\"\" srcset=\"https:\/\/www.manukanewzealand.com\/wp-content\/uploads\/2023\/04\/beeprotective-logo-fc-1.webp 595w, https:\/\/www.manukanewzealand.com\/wp-content\/uploads\/2023\/04\/beeprotective-logo-fc-1-500x708.webp 500w, https:\/\/www.manukanewzealand.com\/wp-content\/uploads\/2023\/04\/beeprotective-logo-fc-1-212x300.webp 212w, https:\/\/www.manukanewzealand.com\/wp-content\/uploads\/2023\/04\/beeprotective-logo-fc-1-8x12.webp 8w\" sizes=\"(max-width: 595px) 100vw, 595px\" \/>\t\t\t\t\t\t\n\t\t\t\t\t<\/div>\n\t\t\t\t\t\t\t\t\n<style>\n#image_1007016364 {\n  width: 42%;\n}\n<\/style>\n\t<\/div>\n\t\n\t\t<\/div>\n\t\t\t\t\n<style>\n#col-1460732110 > .col-inner {\n  max-width: 500px;\n}\n<\/style>\n\t<\/div>\n\n\t\n<\/div>\n\t\t<\/div>\n\n\t\t\n<style>\n#section_837304840 {\n  padding-top: 30px;\n  padding-bottom: 30px;\n}\n<\/style>\n\t<\/section>\n\t\n\n\t<section class=\"section has-parallax\" id=\"section_466041907\">\n\t\t<div class=\"section-bg fill\" data-parallax-container=\".section\" data-parallax-background data-parallax=\"-4\">\n\t\t\t<img decoding=\"async\" width=\"500\" height=\"500\" src=\"https:\/\/www.manukanewzealand.com\/wp-content\/uploads\/2024\/12\/bees.jpg\" class=\"bg attachment-original size-original\" alt=\"\" \/>\t\t\t\t\t\t<div class=\"section-bg-overlay absolute fill\"><\/div>\n\t\t\t\n\n\t\t<\/div>\n\n\t\t\n\n\t\t<div class=\"section-content relative\">\n\t\t\t\n<div class=\"row\"  id=\"row-588233405\">\n\n\t<div id=\"col-1569447647\" class=\"col small-12 large-12\"  >\n\t\t\t\t<div class=\"col-inner dark\"  >\n\t\t\t\n\t\t\t\n\t<div id=\"text-2031002953\" class=\"text\">\n\t\t\n<h4><strong>R\u00e9sum\u00e9<\/strong><\/h4>\n<div>L'urbanisation et l'utilisation croissante des technologies sans fil entra\u00eenent une augmentation des taux d'\u00e9mission de champs \u00e9lectromagn\u00e9tiques de radiofr\u00e9quence (CEM RF) dans les zones peupl\u00e9es. Ce rayonnement \u00e9lectromagn\u00e9tique anthropique est une forme de pollution environnementale et un facteur de stress potentiel pour les abeilles et autres insectes volants. Les villes pr\u00e9sentent souvent une forte densit\u00e9 d'appareils sans fil fonctionnant sur des fr\u00e9quences micro-ondes, qui g\u00e9n\u00e8rent des fr\u00e9quences \u00e9lectromagn\u00e9tiques, par exemple dans les bandes de 2,4 et 5,8 GHz couramment utilis\u00e9es par les technologies sans fil. \u00c0 ce jour, les effets des rayonnements \u00e9lectromagn\u00e9tiques non ionisants sur la vitalit\u00e9 et le comportement des insectes sont mal compris. Dans notre exp\u00e9rience, nous avons utilis\u00e9 des abeilles mellif\u00e8res comme organismes mod\u00e8les et analys\u00e9 les effets d'expositions d\u00e9finies \u00e0 2,4 et 5,8 GHz sur le d\u00e9veloppement de la couv\u00e9e, la long\u00e9vit\u00e9 et le comportement des abeilles.<br \/>la capacit\u00e9 d'autoguidage dans des conditions de terrain. Pour g\u00e9n\u00e9rer ce rayonnement, nous avons utilis\u00e9 une source de rayonnement de haute qualit\u00e9 qui g\u00e9n\u00e8re un rayonnement \u00e9lectromagn\u00e9tique coh\u00e9rent, d\u00e9finissable et r\u00e9aliste, con\u00e7u pour cette exp\u00e9rience par le laboratoire d'ing\u00e9nierie des communications (CEL) de l'Institut de technologie de Karlsruhe. Nos r\u00e9sultats montrent des effets significatifs des expositions \u00e0 long terme sur la capacit\u00e9 des abeilles mellif\u00e8res \u00e0 butiner, mais aucun effet sur le d\u00e9veloppement du couvain et la long\u00e9vit\u00e9 des ouvri\u00e8res adultes. Gr\u00e2ce \u00e0 ce nouveau dispositif technique de haute qualit\u00e9, ce travail interdisciplinaire fournit de nouvelles donn\u00e9es sur les effets de ces fr\u00e9quences largement utilis\u00e9es sur d'importants param\u00e8tres de la condition physique des abeilles mellif\u00e8res en vol libre.\u00a0<strong>M. Treder, M. M\u00fcller, L. Fellner, et al, Defined exposure of honey bee colonies to simulated radiofrequency electromagnetic fields (RFEMF) : Negative effects on the homing ability, but not on brood development or longevity, Science of the Total Environment (2023) https:\/\/doi.org\/10.1016\/j.scitotenv.2023.165211<\/strong><\/div>\n\t\t\n<style>\n#text-2031002953 {\n  font-size: 0.8rem;\n}\n<\/style>\n\t<\/div>\n\t\n\t\t<\/div>\n\t\t\t\t\t<\/div>\n\n\t\n<\/div>\n\t\t<\/div>\n\n\t\t\n<style>\n#section_466041907 {\n  padding-top: 30px;\n  padding-bottom: 30px;\n}\n#section_466041907 .section-bg-overlay {\n  background-color: rgba(0, 0, 0, 0.419);\n}\n#section_466041907 .section-bg img {\n  object-position: 35% 53%;\n}\n<\/style>\n\t<\/section>\n\t\n\n\t<section class=\"section\" id=\"section_1634158018\">\n\t\t<div class=\"section-bg fill\" >\n\t\t\t\t\t\t\t\t\t\n\t\t\t\n\n\t\t<\/div>\n\n\t\t\n\n\t\t<div class=\"section-content relative\">\n\t\t\t\n<div class=\"row\"  id=\"row-1835182006\">\n\n\t<div id=\"col-1838416594\" class=\"col small-12 large-12\"  >\n\t\t\t\t<div class=\"col-inner\"  >\n\t\t\t\n\t\t\t\n<p>La d\u00e9cision de MNZ de placer les ruches loin des grandes infrastructures fait partie de notre engagement plus large en faveur du bien-\u00eatre des abeilles. Nous privil\u00e9gions les emplacements \u00e9loign\u00e9s et naturels qui offrent des conditions stables et non perturb\u00e9es \u00e0 nos colonies.<\/p>\n<p>Les abeilles s'appuient sur des capacit\u00e9s d'orientation et de rep\u00e9rage tr\u00e8s d\u00e9velopp\u00e9es pour butiner et retourner en toute s\u00e9curit\u00e9 \u00e0 la ruche. En choisissant des zones rurales isol\u00e9es avec un minimum d'activit\u00e9s environnantes, MNZ soutient un environnement naturel qui permet \u00e0 ces comportements de fonctionner sans perturbations ext\u00e9rieures inutiles.<\/p>\n<p>Cette approche de pr\u00e9caution refl\u00e8te notre engagement \u00e0 maintenir des colonies saines et des pratiques apicoles durables. Le placement des ruches n'est qu'un \u00e9l\u00e9ment d'un programme complet de protection et de sant\u00e9 des abeilles qui comprend des inspections r\u00e9guli\u00e8res des ruches, des proc\u00e9dures strictes de contr\u00f4le de la qualit\u00e9 et une conformit\u00e9 totale avec les r\u00e9glementations du gouvernement n\u00e9o-z\u00e9landais.<\/p>\n<p>En se concentrant sur une gestion responsable des ruches et sur des environnements soigneusement s\u00e9lectionn\u00e9s, MNZ s'efforce de prot\u00e9ger le bien-\u00eatre de ses abeilles tout en produisant un miel de Manuka monofloral brut, non filtr\u00e9 et non pasteuris\u00e9 de grande qualit\u00e9. Le soutien \u00e0 des pollinisateurs en bonne sant\u00e9 reste au c\u0153ur de notre durabilit\u00e9 \u00e0 long terme et de notre engagement en faveur de normes de production naturelles.<\/p>\n\t\t<\/div>\n\t\t\t\t\t<\/div>\n\n\t\n\n<style>\n#row-1835182006 > .col > .col-inner {\n  padding: 50px 0px 0px 0px;\n}\n<\/style>\n<\/div>\n<div class=\"row\"  id=\"row-500098628\">\n\n\t<div id=\"col-1587178904\" class=\"col small-12 large-12\"  >\n\t\t\t\t<div class=\"col-inner\"  >\n\t\t\t\n\t\t\t\n\t<div id=\"stack-1750076542\" class=\"stack stack-row justify-center items-center\">\n\t\t\n\t<div class=\"img has-hover x md-x lg-x y md-y lg-y\" id=\"image_716671255\">\n\t\t\t\t\t\t\t\t<div class=\"img-inner dark\" >\n\t\t\t<img decoding=\"async\" width=\"212\" height=\"300\" src=\"https:\/\/www.manukanewzealand.com\/wp-content\/uploads\/2023\/04\/beeprotective-logo-fc-1-212x300.webp\" class=\"attachment-medium size-medium\" alt=\"\" srcset=\"https:\/\/www.manukanewzealand.com\/wp-content\/uploads\/2023\/04\/beeprotective-logo-fc-1-212x300.webp 212w, https:\/\/www.manukanewzealand.com\/wp-content\/uploads\/2023\/04\/beeprotective-logo-fc-1-500x708.webp 500w, https:\/\/www.manukanewzealand.com\/wp-content\/uploads\/2023\/04\/beeprotective-logo-fc-1-8x12.webp 8w, https:\/\/www.manukanewzealand.com\/wp-content\/uploads\/2023\/04\/beeprotective-logo-fc-1.webp 595w\" sizes=\"(max-width: 212px) 100vw, 212px\" \/>\t\t\t\t\t\t\n\t\t\t\t\t<\/div>\n\t\t\t\t\t\t\t\t\n<style>\n#image_716671255 {\n  width: 30%;\n}\n@media (min-width:550px) {\n  #image_716671255 {\n    width: 24%;\n  }\n}\n@media (min-width:850px) {\n  #image_716671255 {\n    width: 15%;\n  }\n}\n<\/style>\n\t<\/div>\n\t\n\t<div class=\"img has-hover x md-x lg-x y md-y lg-y\" id=\"image_1920237973\">\n\t\t\t\t\t\t\t\t<div class=\"img-inner dark\" >\n\t\t\t<img decoding=\"async\" width=\"300\" height=\"300\" src=\"https:\/\/www.manukanewzealand.com\/wp-content\/uploads\/2022\/02\/Manuka-ID-1-300x300.png\" class=\"attachment-medium size-medium\" alt=\"\" srcset=\"https:\/\/www.manukanewzealand.com\/wp-content\/uploads\/2022\/02\/Manuka-ID-1-300x300.png 300w, https:\/\/www.manukanewzealand.com\/wp-content\/uploads\/2022\/02\/Manuka-ID-1-500x500.png 500w, https:\/\/www.manukanewzealand.com\/wp-content\/uploads\/2022\/02\/Manuka-ID-1-100x100.png 100w, https:\/\/www.manukanewzealand.com\/wp-content\/uploads\/2022\/02\/Manuka-ID-1-80x80.png 80w, https:\/\/www.manukanewzealand.com\/wp-content\/uploads\/2022\/02\/Manuka-ID-1-12x12.png 12w, https:\/\/www.manukanewzealand.com\/wp-content\/uploads\/2022\/02\/Manuka-ID-1.png 573w\" sizes=\"(max-width: 300px) 100vw, 300px\" \/>\t\t\t\t\t\t\n\t\t\t\t\t<\/div>\n\t\t\t\t\t\t\t\t\n<style>\n#image_1920237973 {\n  width: 39%;\n}\n@media (min-width:550px) {\n  #image_1920237973 {\n    width: 32%;\n  }\n}\n@media (min-width:850px) {\n  #image_1920237973 {\n    width: 22%;\n  }\n}\n<\/style>\n\t<\/div>\n\t\n\t<div class=\"img has-hover x md-x lg-x y md-y lg-y\" id=\"image_1226492234\">\n\t\t\t\t\t\t\t\t<div class=\"img-inner dark\" >\n\t\t\t<img decoding=\"async\" width=\"240\" height=\"300\" src=\"https:\/\/www.manukanewzealand.com\/wp-content\/uploads\/2023\/04\/mnz-regular-logo-240x300.webp\" class=\"attachment-medium size-medium\" alt=\"\" srcset=\"https:\/\/www.manukanewzealand.com\/wp-content\/uploads\/2023\/04\/mnz-regular-logo-240x300.webp 240w, https:\/\/www.manukanewzealand.com\/wp-content\/uploads\/2023\/04\/mnz-regular-logo-500x624.webp 500w, https:\/\/www.manukanewzealand.com\/wp-content\/uploads\/2023\/04\/mnz-regular-logo-64x80.webp 64w, https:\/\/www.manukanewzealand.com\/wp-content\/uploads\/2023\/04\/mnz-regular-logo.webp 585w\" sizes=\"(max-width: 240px) 100vw, 240px\" \/>\t\t\t\t\t\t\n\t\t\t\t\t<\/div>\n\t\t\t\t\t\t\t\t\n<style>\n#image_1226492234 {\n  width: 26%;\n}\n@media (min-width:550px) {\n  #image_1226492234 {\n    width: 21%;\n  }\n}\n@media (min-width:850px) {\n  #image_1226492234 {\n    width: 13%;\n  }\n}\n<\/style>\n\t<\/div>\n\t\n\t\t\n<style>\n#stack-1750076542 > * {\n  --stack-gap: 0rem;\n}\n<\/style>\n\t<\/div>\n\t\n\t\t<\/div>\n\t\t\t\t\t<\/div>\n\n\t\n<\/div>\n\t\t<\/div>\n\n\t\t\n<style>\n#section_1634158018 {\n  padding-top: 30px;\n  padding-bottom: 30px;\n}\n<\/style>\n\t<\/section>","protected":false},"excerpt":{"rendered":"","protected":false},"author":2,"featured_media":0,"parent":0,"menu_order":0,"comment_status":"closed","ping_status":"closed","template":"","meta":{"footnotes":""},"class_list":["post-34168","page","type-page","status-publish","hentry"],"yoast_head":"<!-- This site is optimized with the Yoast SEO plugin v27.3 - https:\/\/yoast.com\/product\/yoast-seo-wordpress\/ -->\n<title>Wireless Frequency Protection - MNZ - Manuka New Zealand - The Best Raw Manuka Honey | Global<\/title>\n<meta name=\"robots\" content=\"index, follow, max-snippet:-1, max-image-preview:large, max-video-preview:-1\" \/>\n<link rel=\"canonical\" href=\"https:\/\/www.manukanewzealand.com\/fr\/wireless-frequency-protection\/\" \/>\n<meta property=\"og:locale\" content=\"fr_FR\" \/>\n<meta property=\"og:type\" content=\"article\" \/>\n<meta property=\"og:title\" content=\"Wireless Frequency Protection - MNZ - Manuka New Zealand - The Best Raw Manuka Honey | Global\" \/>\n<meta property=\"og:url\" content=\"https:\/\/www.manukanewzealand.com\/fr\/wireless-frequency-protection\/\" \/>\n<meta property=\"og:site_name\" content=\"MNZ - Manuka New Zealand - The Best Raw Manuka Honey | Global\" \/>\n<meta property=\"article:modified_time\" content=\"2026-02-18T14:03:34+00:00\" \/>\n<meta property=\"og:image\" content=\"https:\/\/www.manukanewzealand.com\/wp-content\/uploads\/2022\/11\/mnz-logo-200x200-1-1.png\" \/>\n\t<meta property=\"og:image:width\" content=\"200\" \/>\n\t<meta property=\"og:image:height\" content=\"200\" \/>\n\t<meta property=\"og:image:type\" content=\"image\/png\" \/>\n<meta name=\"twitter:card\" content=\"summary_large_image\" \/>\n<meta name=\"twitter:label1\" content=\"Dur\u00e9e de lecture estim\u00e9e\" \/>\n\t<meta name=\"twitter:data1\" content=\"3 minutes\" \/>\n<script type=\"application\/ld+json\" class=\"yoast-schema-graph\">{\"@context\":\"https:\\\/\\\/schema.org\",\"@graph\":[{\"@type\":\"WebPage\",\"@id\":\"https:\\\/\\\/www.manukanewzealand.com\\\/wireless-frequency-protection\\\/\",\"url\":\"https:\\\/\\\/www.manukanewzealand.com\\\/wireless-frequency-protection\\\/\",\"name\":\"Wireless Frequency Protection - MNZ - Manuka New Zealand - The Best Raw Manuka Honey | Global\",\"isPartOf\":{\"@id\":\"https:\\\/\\\/www.manukanewzealand.com\\\/es\\\/#website\"},\"datePublished\":\"2023-07-18T14:42:12+00:00\",\"dateModified\":\"2026-02-18T14:03:34+00:00\",\"breadcrumb\":{\"@id\":\"https:\\\/\\\/www.manukanewzealand.com\\\/wireless-frequency-protection\\\/#breadcrumb\"},\"inLanguage\":\"fr-FR\",\"potentialAction\":[{\"@type\":\"ReadAction\",\"target\":[\"https:\\\/\\\/www.manukanewzealand.com\\\/wireless-frequency-protection\\\/\"]}]},{\"@type\":\"BreadcrumbList\",\"@id\":\"https:\\\/\\\/www.manukanewzealand.com\\\/wireless-frequency-protection\\\/#breadcrumb\",\"itemListElement\":[{\"@type\":\"ListItem\",\"position\":1,\"name\":\"Home\",\"item\":\"https:\\\/\\\/www.manukanewzealand.com\\\/\"},{\"@type\":\"ListItem\",\"position\":2,\"name\":\"Wireless Frequency Protection\"}]},{\"@type\":\"WebSite\",\"@id\":\"https:\\\/\\\/www.manukanewzealand.com\\\/es\\\/#website\",\"url\":\"https:\\\/\\\/www.manukanewzealand.com\\\/es\\\/\",\"name\":\"MNZ - Manuka New Zealand - The Best Raw Manuka Honey | Global\",\"description\":\"\",\"publisher\":{\"@id\":\"https:\\\/\\\/www.manukanewzealand.com\\\/es\\\/#organization\"},\"potentialAction\":[{\"@type\":\"SearchAction\",\"target\":{\"@type\":\"EntryPoint\",\"urlTemplate\":\"https:\\\/\\\/www.manukanewzealand.com\\\/es\\\/?s={search_term_string}\"},\"query-input\":{\"@type\":\"PropertyValueSpecification\",\"valueRequired\":true,\"valueName\":\"search_term_string\"}}],\"inLanguage\":\"fr-FR\"},{\"@type\":\"Organization\",\"@id\":\"https:\\\/\\\/www.manukanewzealand.com\\\/es\\\/#organization\",\"name\":\"MNZ - Manuka New Zealand - The Best Raw Manuka Honey | Global\",\"url\":\"https:\\\/\\\/www.manukanewzealand.com\\\/es\\\/\",\"logo\":{\"@type\":\"ImageObject\",\"inLanguage\":\"fr-FR\",\"@id\":\"https:\\\/\\\/www.manukanewzealand.com\\\/es\\\/#\\\/schema\\\/logo\\\/image\\\/\",\"url\":\"https:\\\/\\\/www.manukanewzealand.com\\\/wp-content\\\/uploads\\\/2022\\\/11\\\/mnz-logo-200x200-1-1.png\",\"contentUrl\":\"https:\\\/\\\/www.manukanewzealand.com\\\/wp-content\\\/uploads\\\/2022\\\/11\\\/mnz-logo-200x200-1-1.png\",\"width\":200,\"height\":200,\"caption\":\"MNZ - Manuka New Zealand - The Best Raw Manuka Honey | Global\"},\"image\":{\"@id\":\"https:\\\/\\\/www.manukanewzealand.com\\\/es\\\/#\\\/schema\\\/logo\\\/image\\\/\"}}]}<\/script>\n<!-- \/ Yoast SEO plugin. -->","yoast_head_json":{"title":"Protection contre les fr\u00e9quences sans fil - MNZ - Manuka New Zealand - The Best Raw Manuka Honey | Global","robots":{"index":"index","follow":"follow","max-snippet":"max-snippet:-1","max-image-preview":"max-image-preview:large","max-video-preview":"max-video-preview:-1"},"canonical":"https:\/\/www.manukanewzealand.com\/fr\/wireless-frequency-protection\/","og_locale":"fr_FR","og_type":"article","og_title":"Wireless Frequency Protection - MNZ - Manuka New Zealand - The Best Raw Manuka Honey | Global","og_url":"https:\/\/www.manukanewzealand.com\/fr\/wireless-frequency-protection\/","og_site_name":"MNZ - Manuka New Zealand - The Best Raw Manuka Honey | Global","article_modified_time":"2026-02-18T14:03:34+00:00","og_image":[{"width":200,"height":200,"url":"https:\/\/www.manukanewzealand.com\/wp-content\/uploads\/2022\/11\/mnz-logo-200x200-1-1.png","type":"image\/png"}],"twitter_card":"summary_large_image","twitter_misc":{"Dur\u00e9e de lecture estim\u00e9e":"3 minutes"},"schema":{"@context":"https:\/\/schema.org","@graph":[{"@type":"WebPage","@id":"https:\/\/www.manukanewzealand.com\/wireless-frequency-protection\/","url":"https:\/\/www.manukanewzealand.com\/wireless-frequency-protection\/","name":"Protection contre les fr\u00e9quences sans fil - MNZ - Manuka New Zealand - The Best Raw Manuka Honey | Global","isPartOf":{"@id":"https:\/\/www.manukanewzealand.com\/es\/#website"},"datePublished":"2023-07-18T14:42:12+00:00","dateModified":"2026-02-18T14:03:34+00:00","breadcrumb":{"@id":"https:\/\/www.manukanewzealand.com\/wireless-frequency-protection\/#breadcrumb"},"inLanguage":"fr-FR","potentialAction":[{"@type":"ReadAction","target":["https:\/\/www.manukanewzealand.com\/wireless-frequency-protection\/"]}]},{"@type":"BreadcrumbList","@id":"https:\/\/www.manukanewzealand.com\/wireless-frequency-protection\/#breadcrumb","itemListElement":[{"@type":"ListItem","position":1,"name":"Home","item":"https:\/\/www.manukanewzealand.com\/"},{"@type":"ListItem","position":2,"name":"Wireless Frequency Protection"}]},{"@type":"WebSite","@id":"https:\/\/www.manukanewzealand.com\/es\/#website","url":"https:\/\/www.manukanewzealand.com\/es\/","name":"MNZ - Manuka New Zealand - Le meilleur miel brut de Manuka | Global","description":"","publisher":{"@id":"https:\/\/www.manukanewzealand.com\/es\/#organization"},"potentialAction":[{"@type":"SearchAction","target":{"@type":"EntryPoint","urlTemplate":"https:\/\/www.manukanewzealand.com\/es\/?s={search_term_string}"},"query-input":{"@type":"PropertyValueSpecification","valueRequired":true,"valueName":"search_term_string"}}],"inLanguage":"fr-FR"},{"@type":"Organization","@id":"https:\/\/www.manukanewzealand.com\/es\/#organization","name":"MNZ - Manuka New Zealand - Le meilleur miel brut de Manuka | Global","url":"https:\/\/www.manukanewzealand.com\/es\/","logo":{"@type":"ImageObject","inLanguage":"fr-FR","@id":"https:\/\/www.manukanewzealand.com\/es\/#\/schema\/logo\/image\/","url":"https:\/\/www.manukanewzealand.com\/wp-content\/uploads\/2022\/11\/mnz-logo-200x200-1-1.png","contentUrl":"https:\/\/www.manukanewzealand.com\/wp-content\/uploads\/2022\/11\/mnz-logo-200x200-1-1.png","width":200,"height":200,"caption":"MNZ - Manuka New Zealand - The Best Raw Manuka Honey | Global"},"image":{"@id":"https:\/\/www.manukanewzealand.com\/es\/#\/schema\/logo\/image\/"}}]}},"_links":{"self":[{"href":"https:\/\/www.manukanewzealand.com\/fr\/wp-json\/wp\/v2\/pages\/34168","targetHints":{"allow":["GET"]}}],"collection":[{"href":"https:\/\/www.manukanewzealand.com\/fr\/wp-json\/wp\/v2\/pages"}],"about":[{"href":"https:\/\/www.manukanewzealand.com\/fr\/wp-json\/wp\/v2\/types\/page"}],"author":[{"embeddable":true,"href":"https:\/\/www.manukanewzealand.com\/fr\/wp-json\/wp\/v2\/users\/2"}],"replies":[{"embeddable":true,"href":"https:\/\/www.manukanewzealand.com\/fr\/wp-json\/wp\/v2\/comments?post=34168"}],"version-history":[{"count":1,"href":"https:\/\/www.manukanewzealand.com\/fr\/wp-json\/wp\/v2\/pages\/34168\/revisions"}],"predecessor-version":[{"id":35291,"href":"https:\/\/www.manukanewzealand.com\/fr\/wp-json\/wp\/v2\/pages\/34168\/revisions\/35291"}],"wp:attachment":[{"href":"https:\/\/www.manukanewzealand.com\/fr\/wp-json\/wp\/v2\/media?parent=34168"}],"curies":[{"name":"wp","href":"https:\/\/api.w.org\/{rel}","templated":true}]}}