{"id":33604,"date":"2022-08-24T11:58:46","date_gmt":"2022-08-24T10:58:46","guid":{"rendered":"https:\/\/www.manukanewzealand.com\/?page_id=33604"},"modified":"2026-02-18T15:39:00","modified_gmt":"2026-02-18T14:39:00","slug":"information","status":"publish","type":"page","link":"https:\/\/www.manukanewzealand.com\/fr\/service-a-la-clientele\/","title":{"rendered":"Informations sur les prix, l'exp\u00e9dition et la commande"},"content":{"rendered":"<div id=\"page-header-325395137\" class=\"page-header-wrapper\">\n  <div class=\"page-title dark simple-title\">\n\n        <div class=\"page-title-bg\">\n      <div class=\"title-bg fill bg-fill\"\n        data-parallax-container=\".page-title\"\n        data-parallax-background\n data-parallax=\"-\">\n      <\/div>\n      <div class=\"title-overlay fill\"><\/div>\n    <\/div>\n    \n    <div class=\"page-title-inner container align-center flex-row medium-flex-wrap\" >\n              <div class=\"title-wrapper is-large flex-col text-left medium-text-center\">\n          <h1 class=\"entry-title mb-0\">\n            Prix, exp\u00e9dition et commande          <\/h1>\n        <\/div>\n                    <div class=\"title-content flex-col flex-right text-right medium-text-center\">\n        <div class=\"title-breadcrumbs pb-half pt-half\"><nav class=\"woocommerce-breadcrumb breadcrumbs\" aria-label=\"Fil d&#039;Ariane\">Accueil<\/nav><\/div>      <\/div>\n    <\/div>\n\n     \n<style>\n#page-header-325395137 .page-title-inner {\n  min-height: 250px;\n}\n#page-header-325395137 .title-bg {\n  background-image: url(https:\/\/www.manukanewzealand.com\/wp-content\/uploads\/2026\/02\/mnz-header-2.jpg);\n}\n<\/style>\n  <\/div>\n    <\/div>\n  \n\n\t<section class=\"section\" id=\"section_1206312165\">\n\t\t<div class=\"section-bg fill\" >\n\t\t\t\t\t\t\t\t\t\n\t\t\t\n\n\t\t<\/div>\n\n\t\t\n\n\t\t<div class=\"section-content relative\">\n\t\t\t\n<div class=\"row\"  id=\"row-1335046464\">\n\n\t<div id=\"col-935217534\" class=\"col small-12 large-12\"  >\n\t\t\t\t<div class=\"col-inner\"  >\n\t\t\t\n\t\t\t\n<div class=\"container section-title-container\" style=\"margin-top:75px;\"><h3 class=\"section-title section-title-center\"><b aria-hidden=\"true\"><\/b><span class=\"section-title-main\" >PRIVACY, DISCLAIMER, TERMS and CONDTIONS (confidentialit\u00e9, clause de non-responsabilit\u00e9, conditions g\u00e9n\u00e9rales)<\/span><b aria-hidden=\"true\"><\/b><\/h3><\/div>\n<p style=\"text-align: center;\"><a href=\"https:\/\/www.manukanewzealand.com\/fr\/vie-privee\/\" rel=\"nofollow\">Politique de confidentialit\u00e9<\/a> |\u00a0<a href=\"https:\/\/www.manukanewzealand.com\/fr\/clause-de-non-responsabilite\/\" rel=\"nofollow\">Clause de non-responsabilit\u00e9 \u00a0<\/a>|<a href=\"https:\/\/www.manukanewzealand.com\/fr\/conditions-generales\/\" rel=\"nofollow\">Conditions g\u00e9n\u00e9rales d'utilisation<\/a><\/p>\n<div class=\"container section-title-container\" style=\"margin-top:75px;\"><h3 class=\"section-title section-title-center\"><b aria-hidden=\"true\"><\/b><span class=\"section-title-main\" >LIVRAISON<\/span><b aria-hidden=\"true\"><\/b><\/h3><\/div>\n<div id=\"_rich_text-96-20\" class=\"oxy-rich-text\">\n<h3>LIVRAISON GRATUITE* DANS LE MONDE ENTIER<\/h3>\n<p>Les frais de port sont gratuits dans la plupart des pays du monde pour toute commande sup\u00e9rieure \u00e0 250 euros. Pour les commandes inf\u00e9rieures \u00e0 250 euros, les frais de port commencent \u00e0 50 euros pour la plupart des destinations de l'UE. Les tarifs exacts pour certains pays sont indiqu\u00e9s lors de la validation de la commande.<\/p>\n<\/div>\n<div id=\"_rich_text-110-33604\" class=\"oxy-rich-text\">\n<h3>LIVRAISON DANS LE MONDE ENTIER<\/h3>\n<p>Nous assurons une livraison dans le monde entier et les frais de livraison sp\u00e9cifiques seront calcul\u00e9s et vous seront pr\u00e9sent\u00e9s au cours de la proc\u00e9dure de paiement.<\/p>\n<\/div>\n<div class=\"container section-title-container\" style=\"margin-top:75px;\"><h3 class=\"section-title section-title-center\"><b aria-hidden=\"true\"><\/b><span class=\"section-title-main\" >COMPTE<\/span><b aria-hidden=\"true\"><\/b><\/h3><\/div>\n<p><strong>Cr\u00e9er un compte<br \/><\/strong>Vous pouvez facilement et gratuitement cr\u00e9er un compte via\u00a0\u00a0<a href=\"https:\/\/www.manukanewzealand.com\/fr\/mon-compte\/\">https:\/\/www.manukanewzealand.com\/my-account\/<\/a><br \/><strong><br \/>S'inscrire<br \/><\/strong>La connexion est rapide et facile via\u00a0\u00a0<a href=\"https:\/\/www.manukanewzealand.com\/fr\/mon-compte\/\">https:\/\/www.manukanewzealand.com\/my-account\/<\/a><br \/><strong><br \/>Mot de passe oubli\u00e9<br \/><\/strong>Vous pouvez facilement demander le mot de passe de votre compte via\u00a0<a href=\"https:\/\/www.manukanewzealand.com\/fr\/mon-compte\/lost-password\/\">https:\/\/www.manukanewzealand.com\/my-account\/lost-password\/<\/a><\/p>\n<div class=\"container section-title-container\" style=\"margin-top:75px;\"><h3 class=\"section-title section-title-center\"><b aria-hidden=\"true\"><\/b><span class=\"section-title-main\" >COMMANDES<\/span><b aria-hidden=\"true\"><\/b><\/h3><\/div>\n<p><strong>Simple et rapide<\/strong><br \/>Notre boutique en ligne vous permet de passer et de payer votre commande de la mani\u00e8re la plus simple et la plus rapide qui soit.<\/p>\n<p><strong>Confirmation de commande<\/strong><br \/>Vous recevrez automatiquement une confirmation de commande par e-mail.\u00a0<\/p>\n<p><strong>Nom et adresse<\/strong><br \/>Afin de traiter correctement votre commande, nous avons \u00e9galement besoin de votre num\u00e9ro de t\u00e9l\u00e9phone et de votre adresse \u00e9lectronique en plus de vos coordonn\u00e9es. Vos donn\u00e9es ne seront ni vendues ni transmises \u00e0 des tiers !<\/p>\n<p><strong>Adresse de livraison diff\u00e9rente<\/strong><br \/>Vous pouvez indiquer une autre adresse de livraison lors de votre commande.<\/p>\n<div class=\"container section-title-container\" style=\"margin-top:75px;\"><h3 class=\"section-title section-title-center\"><b aria-hidden=\"true\"><\/b><span class=\"section-title-main\" >OPTIONS DE PAIEMENT<\/span><b aria-hidden=\"true\"><\/b><\/h3><\/div>\n<p><strong>PAS DE FRAIS SUPPL\u00c9MENTAIRES pour l'utilisation des options de paiement suivantes :<\/strong><\/p>\n<ul>\n<li><strong>Apple Pay<\/strong> - Disponible dans le monde entier (l\u00e0 o\u00f9 Apple Pay est pris en charge)<\/li>\n<li><strong>Carte (cr\u00e9dit\/d\u00e9bit)<\/strong> - Disponible dans le monde entier<\/li>\n<\/ul>\n<p>\u00a0<\/p>\n<div class=\"container section-title-container\" style=\"margin-top:75px;\"><h3 class=\"section-title section-title-center\"><b aria-hidden=\"true\"><\/b><span class=\"section-title-main\" >PRIX<\/span><b aria-hidden=\"true\"><\/b><\/h3><\/div>\n<p><strong>Tous les prix indiqu\u00e9s s'entendent TVA comprise.<\/strong><br \/>Dont 9% TVA : Alimentation | Dont 21% TVA : Cosm\u00e9tiques<br \/><em>Sous r\u00e9serve d'erreurs et de modifications. Si le taux de change change, un changement de prix peut \u00eatre effectu\u00e9 sans pr\u00e9avis ni nouvelle liste de prix. Sous r\u00e9serve de modifications de prix. Sous r\u00e9serve d'erreurs d'impression et de publication. Les prix indiqu\u00e9s sur ce site web incluent la TVA. Si vous commandez avec un num\u00e9ro de TVA europ\u00e9en valide, vous pouvez l'ajouter lors de la commande, ce qui entra\u00eenera une charge de TVA de 0%.<\/em><\/p>\n<div class=\"container section-title-container\" style=\"margin-top:75px;\"><h3 class=\"section-title section-title-center\"><b aria-hidden=\"true\"><\/b><span class=\"section-title-main\" >D\u00c9LAIS DE LIVRAISON<\/span><b aria-hidden=\"true\"><\/b><\/h3><\/div>\n<p>Nous traitons les commandes du lundi au vendredi, entre 7h00 et 17h00.<\/p>\n<p>Une fois votre commande trait\u00e9e, la livraison prend g\u00e9n\u00e9ralement de 2 \u00e0 24 jours ouvrables, en fonction de votre lieu de r\u00e9sidence. D\u00e8s que votre colis quitte notre entrep\u00f4t, vous recevez un courriel de confirmation d'exp\u00e9dition avec un lien de suivi afin que vous puissiez facilement suivre votre commande.<\/p>\n<p>Les commandes sont exp\u00e9di\u00e9es par PostNL ou UPS.<\/p>\n<p>Si vous avez des questions ou si vous avez besoin d'aide, notre \u00e9quipe d'assistance \u00e0 la client\u00e8le est toujours heureuse de vous aider.<\/p>\n<div class=\"container section-title-container\" style=\"margin-top:75px;\"><h3 class=\"section-title section-title-center\"><b aria-hidden=\"true\"><\/b><span class=\"section-title-main\" >Douanes, droits et taxes \u00e0 l'importation<\/span><b aria-hidden=\"true\"><\/b><\/h3><\/div>\n<p>Pour les livraisons en dehors de l'Union europ\u00e9enne, votre commande peut \u00eatre soumise \u00e0 des droits de douane, des taxes d'importation ou des frais de manutention locaux. Ces frais sont d\u00e9termin\u00e9s par les autorit\u00e9s du pays de destination et ne sont pas inclus dans le prix de nos produits ni dans les frais d'exp\u00e9dition.<\/p>\n<p>Les droits de douane, la TVA ou les frais suppl\u00e9mentaires sont \u00e0 la charge du destinataire. Nous vous recommandons de vous renseigner aupr\u00e8s de votre bureau de douane local sur les \u00e9ventuels frais d'importation avant de passer votre commande.<\/p>\n<p>Veuillez noter que les proc\u00e9dures de d\u00e9douanement peuvent occasionnellement entra\u00eener des retards par rapport au d\u00e9lai de livraison estim\u00e9.<\/p>\n\t\t<\/div>\n\t\t\t\t\t<\/div>\n\n\t\n<\/div>\n\t\t<\/div>\n\n\t\t\n<style>\n#section_1206312165 {\n  padding-top: 30px;\n  padding-bottom: 30px;\n}\n<\/style>\n\t<\/section>","protected":false},"excerpt":{"rendered":"","protected":false},"author":2,"featured_media":0,"parent":0,"menu_order":0,"comment_status":"closed","ping_status":"closed","template":"","meta":{"footnotes":""},"class_list":["post-33604","page","type-page","status-publish","hentry"],"yoast_head":"<!-- This site is optimized with the Yoast SEO plugin v27.3 - https:\/\/yoast.com\/product\/yoast-seo-wordpress\/ -->\n<title>Pricing, Shipping and Ordering Information - MNZ - Manuka New Zealand - The Best Raw Manuka Honey | Global<\/title>\n<meta name=\"description\" content=\"Discover MNZ&#039;s competitive prices and excellent international shipping options. With affordable shipping rates, get MNZ products delivered quickly and conveniently to your doorstep anywhere in the world. Shop now for quality and value\" \/>\n<meta name=\"robots\" content=\"index, follow, max-snippet:-1, max-image-preview:large, max-video-preview:-1\" \/>\n<link rel=\"canonical\" href=\"https:\/\/www.manukanewzealand.com\/fr\/service-a-la-clientele\/\" \/>\n<meta property=\"og:locale\" content=\"fr_FR\" \/>\n<meta property=\"og:type\" content=\"article\" \/>\n<meta property=\"og:title\" content=\"Pricing, Shipping and Ordering Information - MNZ - Manuka New Zealand - The Best Raw Manuka Honey | Global\" \/>\n<meta property=\"og:description\" content=\"Discover MNZ&#039;s competitive prices and excellent international shipping options. With affordable shipping rates, get MNZ products delivered quickly and conveniently to your doorstep anywhere in the world. Shop now for quality and value\" \/>\n<meta property=\"og:url\" content=\"https:\/\/www.manukanewzealand.com\/fr\/service-a-la-clientele\/\" \/>\n<meta property=\"og:site_name\" content=\"MNZ - Manuka New Zealand - The Best Raw Manuka Honey | Global\" \/>\n<meta property=\"article:modified_time\" content=\"2026-02-18T14:39:00+00:00\" \/>\n<meta property=\"og:image\" content=\"https:\/\/www.manukanewzealand.com\/wp-content\/uploads\/2022\/11\/mnz-logo-200x200-1-1.png\" \/>\n\t<meta property=\"og:image:width\" content=\"200\" \/>\n\t<meta property=\"og:image:height\" content=\"200\" \/>\n\t<meta property=\"og:image:type\" content=\"image\/png\" \/>\n<meta name=\"twitter:card\" content=\"summary_large_image\" \/>\n<meta name=\"twitter:label1\" content=\"Dur\u00e9e de lecture estim\u00e9e\" \/>\n\t<meta name=\"twitter:data1\" content=\"3 minutes\" \/>\n<script type=\"application\/ld+json\" class=\"yoast-schema-graph\">{\"@context\":\"https:\\\/\\\/schema.org\",\"@graph\":[{\"@type\":\"WebPage\",\"@id\":\"https:\\\/\\\/www.manukanewzealand.com\\\/information\\\/\",\"url\":\"https:\\\/\\\/www.manukanewzealand.com\\\/information\\\/\",\"name\":\"Pricing, Shipping and Ordering Information - MNZ - Manuka New Zealand - The Best Raw Manuka Honey | Global\",\"isPartOf\":{\"@id\":\"https:\\\/\\\/www.manukanewzealand.com\\\/es\\\/#website\"},\"datePublished\":\"2022-08-24T10:58:46+00:00\",\"dateModified\":\"2026-02-18T14:39:00+00:00\",\"description\":\"Discover MNZ's competitive prices and excellent international shipping options. With affordable shipping rates, get MNZ products delivered quickly and conveniently to your doorstep anywhere in the world. Shop now for quality and value\",\"breadcrumb\":{\"@id\":\"https:\\\/\\\/www.manukanewzealand.com\\\/information\\\/#breadcrumb\"},\"inLanguage\":\"fr-FR\",\"potentialAction\":[{\"@type\":\"ReadAction\",\"target\":[\"https:\\\/\\\/www.manukanewzealand.com\\\/information\\\/\"]}]},{\"@type\":\"BreadcrumbList\",\"@id\":\"https:\\\/\\\/www.manukanewzealand.com\\\/information\\\/#breadcrumb\",\"itemListElement\":[{\"@type\":\"ListItem\",\"position\":1,\"name\":\"Home\",\"item\":\"https:\\\/\\\/www.manukanewzealand.com\\\/\"},{\"@type\":\"ListItem\",\"position\":2,\"name\":\"Pricing, Shipping and Ordering Information\"}]},{\"@type\":\"WebSite\",\"@id\":\"https:\\\/\\\/www.manukanewzealand.com\\\/es\\\/#website\",\"url\":\"https:\\\/\\\/www.manukanewzealand.com\\\/es\\\/\",\"name\":\"MNZ - Manuka New Zealand - The Best Raw Manuka Honey | Global\",\"description\":\"\",\"publisher\":{\"@id\":\"https:\\\/\\\/www.manukanewzealand.com\\\/es\\\/#organization\"},\"potentialAction\":[{\"@type\":\"SearchAction\",\"target\":{\"@type\":\"EntryPoint\",\"urlTemplate\":\"https:\\\/\\\/www.manukanewzealand.com\\\/es\\\/?s={search_term_string}\"},\"query-input\":{\"@type\":\"PropertyValueSpecification\",\"valueRequired\":true,\"valueName\":\"search_term_string\"}}],\"inLanguage\":\"fr-FR\"},{\"@type\":\"Organization\",\"@id\":\"https:\\\/\\\/www.manukanewzealand.com\\\/es\\\/#organization\",\"name\":\"MNZ - Manuka New Zealand - The Best Raw Manuka Honey | Global\",\"url\":\"https:\\\/\\\/www.manukanewzealand.com\\\/es\\\/\",\"logo\":{\"@type\":\"ImageObject\",\"inLanguage\":\"fr-FR\",\"@id\":\"https:\\\/\\\/www.manukanewzealand.com\\\/es\\\/#\\\/schema\\\/logo\\\/image\\\/\",\"url\":\"https:\\\/\\\/www.manukanewzealand.com\\\/wp-content\\\/uploads\\\/2022\\\/11\\\/mnz-logo-200x200-1-1.png\",\"contentUrl\":\"https:\\\/\\\/www.manukanewzealand.com\\\/wp-content\\\/uploads\\\/2022\\\/11\\\/mnz-logo-200x200-1-1.png\",\"width\":200,\"height\":200,\"caption\":\"MNZ - Manuka New Zealand - The Best Raw Manuka Honey | Global\"},\"image\":{\"@id\":\"https:\\\/\\\/www.manukanewzealand.com\\\/es\\\/#\\\/schema\\\/logo\\\/image\\\/\"}}]}<\/script>\n<!-- \/ Yoast SEO plugin. -->","yoast_head_json":{"title":"Prix, exp\u00e9dition et informations sur les commandes - MNZ - Manuka New Zealand - The Best Raw Manuka Honey | Global","description":"D\u00e9couvrez les prix comp\u00e9titifs et les excellentes options d'exp\u00e9dition internationale de MNZ. Gr\u00e2ce \u00e0 des tarifs d'exp\u00e9dition abordables, les produits MNZ sont livr\u00e9s rapidement et commod\u00e9ment \u00e0 votre porte, partout dans le monde. Achetez maintenant pour la qualit\u00e9 et la valeur","robots":{"index":"index","follow":"follow","max-snippet":"max-snippet:-1","max-image-preview":"max-image-preview:large","max-video-preview":"max-video-preview:-1"},"canonical":"https:\/\/www.manukanewzealand.com\/fr\/service-a-la-clientele\/","og_locale":"fr_FR","og_type":"article","og_title":"Pricing, Shipping and Ordering Information - MNZ - Manuka New Zealand - The Best Raw Manuka Honey | Global","og_description":"Discover MNZ's competitive prices and excellent international shipping options. With affordable shipping rates, get MNZ products delivered quickly and conveniently to your doorstep anywhere in the world. Shop now for quality and value","og_url":"https:\/\/www.manukanewzealand.com\/fr\/service-a-la-clientele\/","og_site_name":"MNZ - Manuka New Zealand - The Best Raw Manuka Honey | Global","article_modified_time":"2026-02-18T14:39:00+00:00","og_image":[{"width":200,"height":200,"url":"https:\/\/www.manukanewzealand.com\/wp-content\/uploads\/2022\/11\/mnz-logo-200x200-1-1.png","type":"image\/png"}],"twitter_card":"summary_large_image","twitter_misc":{"Dur\u00e9e de lecture estim\u00e9e":"3 minutes"},"schema":{"@context":"https:\/\/schema.org","@graph":[{"@type":"WebPage","@id":"https:\/\/www.manukanewzealand.com\/information\/","url":"https:\/\/www.manukanewzealand.com\/information\/","name":"Prix, exp\u00e9dition et informations sur les commandes - MNZ - Manuka New Zealand - The Best Raw Manuka Honey | Global","isPartOf":{"@id":"https:\/\/www.manukanewzealand.com\/es\/#website"},"datePublished":"2022-08-24T10:58:46+00:00","dateModified":"2026-02-18T14:39:00+00:00","description":"D\u00e9couvrez les prix comp\u00e9titifs et les excellentes options d'exp\u00e9dition internationale de MNZ. Gr\u00e2ce \u00e0 des tarifs d'exp\u00e9dition abordables, les produits MNZ sont livr\u00e9s rapidement et commod\u00e9ment \u00e0 votre porte, partout dans le monde. Achetez maintenant pour la qualit\u00e9 et la valeur","breadcrumb":{"@id":"https:\/\/www.manukanewzealand.com\/information\/#breadcrumb"},"inLanguage":"fr-FR","potentialAction":[{"@type":"ReadAction","target":["https:\/\/www.manukanewzealand.com\/information\/"]}]},{"@type":"BreadcrumbList","@id":"https:\/\/www.manukanewzealand.com\/information\/#breadcrumb","itemListElement":[{"@type":"ListItem","position":1,"name":"Home","item":"https:\/\/www.manukanewzealand.com\/"},{"@type":"ListItem","position":2,"name":"Pricing, Shipping and Ordering Information"}]},{"@type":"WebSite","@id":"https:\/\/www.manukanewzealand.com\/es\/#website","url":"https:\/\/www.manukanewzealand.com\/es\/","name":"MNZ - Manuka New Zealand - Le meilleur miel brut de Manuka | Global","description":"","publisher":{"@id":"https:\/\/www.manukanewzealand.com\/es\/#organization"},"potentialAction":[{"@type":"SearchAction","target":{"@type":"EntryPoint","urlTemplate":"https:\/\/www.manukanewzealand.com\/es\/?s={search_term_string}"},"query-input":{"@type":"PropertyValueSpecification","valueRequired":true,"valueName":"search_term_string"}}],"inLanguage":"fr-FR"},{"@type":"Organization","@id":"https:\/\/www.manukanewzealand.com\/es\/#organization","name":"MNZ - Manuka New Zealand - Le meilleur miel brut de Manuka | Global","url":"https:\/\/www.manukanewzealand.com\/es\/","logo":{"@type":"ImageObject","inLanguage":"fr-FR","@id":"https:\/\/www.manukanewzealand.com\/es\/#\/schema\/logo\/image\/","url":"https:\/\/www.manukanewzealand.com\/wp-content\/uploads\/2022\/11\/mnz-logo-200x200-1-1.png","contentUrl":"https:\/\/www.manukanewzealand.com\/wp-content\/uploads\/2022\/11\/mnz-logo-200x200-1-1.png","width":200,"height":200,"caption":"MNZ - Manuka New Zealand - The Best Raw Manuka Honey | Global"},"image":{"@id":"https:\/\/www.manukanewzealand.com\/es\/#\/schema\/logo\/image\/"}}]}},"_links":{"self":[{"href":"https:\/\/www.manukanewzealand.com\/fr\/wp-json\/wp\/v2\/pages\/33604","targetHints":{"allow":["GET"]}}],"collection":[{"href":"https:\/\/www.manukanewzealand.com\/fr\/wp-json\/wp\/v2\/pages"}],"about":[{"href":"https:\/\/www.manukanewzealand.com\/fr\/wp-json\/wp\/v2\/types\/page"}],"author":[{"embeddable":true,"href":"https:\/\/www.manukanewzealand.com\/fr\/wp-json\/wp\/v2\/users\/2"}],"replies":[{"embeddable":true,"href":"https:\/\/www.manukanewzealand.com\/fr\/wp-json\/wp\/v2\/comments?post=33604"}],"version-history":[{"count":3,"href":"https:\/\/www.manukanewzealand.com\/fr\/wp-json\/wp\/v2\/pages\/33604\/revisions"}],"predecessor-version":[{"id":35315,"href":"https:\/\/www.manukanewzealand.com\/fr\/wp-json\/wp\/v2\/pages\/33604\/revisions\/35315"}],"wp:attachment":[{"href":"https:\/\/www.manukanewzealand.com\/fr\/wp-json\/wp\/v2\/media?parent=33604"}],"curies":[{"name":"wp","href":"https:\/\/api.w.org\/{rel}","templated":true}]}}