{"id":32835,"date":"2022-02-02T16:36:11","date_gmt":"2022-02-02T15:36:11","guid":{"rendered":"https:\/\/www.manukanewzealand.com\/?page_id=32835"},"modified":"2026-02-18T15:01:50","modified_gmt":"2026-02-18T14:01:50","slug":"beeprotection","status":"publish","type":"page","link":"https:\/\/www.manukanewzealand.com\/fr\/protectiondesabeilles\/","title":{"rendered":"Programme de protection et de sant\u00e9 des abeilles"},"content":{"rendered":"<div id=\"page-header-1458788794\" class=\"page-header-wrapper\">\n  <div class=\"page-title dark divided-title\">\n\n        <div class=\"page-title-bg\">\n      <div class=\"title-bg fill bg-fill\"\n        data-parallax-container=\".page-title\"\n        data-parallax-background\n data-parallax=\"-\">\n      <\/div>\n      <div class=\"title-overlay fill\"><\/div>\n    <\/div>\n    \n    <div class=\"page-title-inner container align-center flex-row medium-flex-wrap\" >\n              <div class=\"title-wrapper flex-col text-left medium-text-center\">\n          <h1 class=\"entry-title mb-0\">\n            Programme de protection et de sant\u00e9 des abeilles          <\/h1>\n        <\/div>\n                    <div class=\"title-content flex-col flex-right text-right medium-text-center\">\n        <div class=\"title-breadcrumbs pb-half pt-half\"><nav class=\"woocommerce-breadcrumb breadcrumbs\" aria-label=\"Fil d&#039;Ariane\">Accueil<\/nav><\/div>      <\/div>\n    <\/div>\n\n     \n<style>\n#page-header-1458788794 .page-title-inner {\n  min-height: 250px;\n}\n#page-header-1458788794 .title-bg {\n  background-image: url(https:\/\/www.manukanewzealand.com\/wp-content\/uploads\/2026\/02\/mnz-header-2.jpg);\n}\n<\/style>\n  <\/div>\n  <div class=\"container header-wrapper-divider\"><hr\/><\/div>  <\/div>\n  \n\n\n\t<section class=\"section\" id=\"section_1516906769\">\n\t\t<div class=\"section-bg fill\" >\n\t\t\t\t\t\t\t\t\t\n\t\t\t\n\n\t\t<\/div>\n\n\t\t\n\n\t\t<div class=\"section-content relative\">\n\t\t\t\n\n<div class=\"row\"  id=\"row-2145580174\">\n\n\n\t<div id=\"col-1831544830\" class=\"col medium-12 small-12 large-8\"  >\n\t\t\t\t<div class=\"col-inner\"  >\n\t\t\t\n\t\t\t\n\n<p>Dans le cadre du programme de protection et de sant\u00e9 des abeilles du MNZ, nous travaillons avec nos propres apiculteurs et employons un apiculteur sp\u00e9cialis\u00e9 ainsi que des inspecteurs apicoles saisonniers dans toute la Nouvelle-Z\u00e9lande. Nos \u00e9quipes op\u00e8rent \u00e0 la fois sur l'\u00eele du Nord et sur l'\u00eele du Sud, assurant une surveillance continue de la sant\u00e9 et du placement des ruches.<\/p>\n<p>MNZ g\u00e8re actuellement plus de 5 600 ruches, abritant plusieurs millions d'abeilles, situ\u00e9es dans certaines des zones rurales les plus recul\u00e9es de Nouvelle-Z\u00e9lande. Les emplacements des ruches vont de sites plus vastes comptant plus de 80 colonies \u00e0 des zones tr\u00e8s isol\u00e9es ne comptant que quelques ruches. Les emplacements sont soigneusement s\u00e9lectionn\u00e9s dans des r\u00e9gions vierges o\u00f9 les arbres Manuka sont abondants et o\u00f9 l'exposition \u00e0 l'activit\u00e9 agricole est minimale.<\/p>\n<p>Le programme de protection et de sant\u00e9 des abeilles se concentre sur l'inspection r\u00e9guli\u00e8re des ruches en bois, le contr\u00f4le de la force des colonies, de la vitalit\u00e9 des reines et de l'\u00e9tat g\u00e9n\u00e9ral de la ruche. Une attention particuli\u00e8re est accord\u00e9e \u00e0 la d\u00e9tection et \u00e0 la gestion des parasites tels que les acariens Varroa et Tropilaelaps, ainsi que des agents pathog\u00e8nes tels que Nosema et d'autres virus.<\/p>\n<p>La sant\u00e9 des reines et leur provenance sont \u00e9troitement surveill\u00e9es, y compris les reines obtenues aupr\u00e8s d'\u00e9leveurs externes. Cette surveillance structur\u00e9e contribue \u00e0 pr\u00e9server l'int\u00e9grit\u00e9 de l'ensemble de la cha\u00eene d'approvisionnement, depuis les colonies saines jusqu'au produit final.<\/p>\n<p><strong>Dans le cadre de son programme de protection et de sant\u00e9 des abeilles, MNZ applique une politique d'alimentation stricte : nos abeilles sont nourries exclusivement avec leurs propres r\u00e9serves de miel constitu\u00e9es au cours de la saison. Une alimentation suppl\u00e9mentaire n'est envisag\u00e9e que dans des conditions climatiques extr\u00eames. Notre syst\u00e8me de gestion des ruches garantit que les colonies conservent suffisamment de r\u00e9serves de miel pour subvenir naturellement \u00e0 leurs besoins pendant l'hiver n\u00e9o-z\u00e9landais.<\/strong><\/p>\n<p>Outre la gestion des ruches, MNZ applique un syst\u00e8me strict de contr\u00f4le de la qualit\u00e9. Tout le miel de Manuka est test\u00e9 pour les param\u00e8tres microbiologiques, les toxines, les r\u00e9sidus de pesticides, les sucres, les marqueurs de pollen, la teneur en humidit\u00e9, la couleur, la saveur et l'activit\u00e9 enzymatique, conform\u00e9ment aux exigences de l'IPM. Cela permet de garantir que tout le miel entrant et sortant de nos installations de conditionnement r\u00e9pond aux normes les plus strictes.<\/p>\n<p>Le MNZ op\u00e8re sous la supervision de deux autorit\u00e9s gouvernementales n\u00e9o-z\u00e9landaises. Le minist\u00e8re des industries primaires (MPI) est responsable du syst\u00e8me national de s\u00e9curit\u00e9 alimentaire et contr\u00f4le la conformit\u00e9 de l'industrie alimentaire. MNZ participe au programme national de d\u00e9pistage du MPI en plus de ses proc\u00e9dures de contr\u00f4le internes. La section 8.0 de la liste consolid\u00e9e des tests pour les produits d'origine animale du MPI d\u00e9crit le programme d'analyse des r\u00e9sidus chimiques applicable au miel.<\/p>\n<p>L'autorit\u00e9 n\u00e9o-z\u00e9landaise de protection de l'environnement (EPA) r\u00e9glemente l'utilisation des pesticides et des insecticides afin de prot\u00e9ger les abeilles et les pollinisateurs. Des contr\u00f4les stricts s'appliquent aux n\u00e9onicotino\u00efdes et \u00e0 d'autres substances, avec des mesures sp\u00e9cifiques visant \u00e0 pr\u00e9server la sant\u00e9 des pollinisateurs.<\/p>\n<p>La mesure de protection la plus importante reste l'emplacement des ruches. MNZ place d\u00e9lib\u00e9r\u00e9ment ses ruches dans des endroits isol\u00e9s, ruraux et pr\u00e9serv\u00e9s, loin de l'agriculture intensive. Cela r\u00e9duit consid\u00e9rablement le risque d'exposition aux herbicides et aux pesticides.<\/p>\n<p>Dans le cadre du programme de protection et de sant\u00e9 des abeilles, tous les produits \u00e0 base de miel sont soumis \u00e0 des tests approfondis pour d\u00e9tecter les compos\u00e9s naturels et les traces potentielles de pesticides. Ce contr\u00f4le syst\u00e9matique renforce notre engagement en faveur de la puret\u00e9 et de la qualit\u00e9.<\/p>\n<p><strong>MNZ produit exclusivement du miel de Manuka monofloral brut, non filtr\u00e9 et non pasteuris\u00e9. Tous les produits sont fabriqu\u00e9s, trait\u00e9s et conditionn\u00e9s en Nouvelle-Z\u00e9lande dans des emballages sans BPA.<\/strong><\/p>\n\n\n\t\t<\/div>\n\t\t\t\t\t<\/div>\n\n\t\n\n\t<div id=\"col-380717062\" class=\"col medium-12 small-12 large-4\"  >\n\t\t\t\t<div class=\"col-inner text-center\"  >\n\t\t\t\n\t\t\t\n\n\t<div class=\"img has-hover x md-x lg-x y md-y lg-y\" id=\"image_741692237\">\n\t\t\t\t\t\t\t\t<div class=\"img-inner dark\" >\n\t\t\t<img decoding=\"async\" width=\"573\" height=\"573\" src=\"https:\/\/www.manukanewzealand.com\/wp-content\/uploads\/2022\/02\/Manuka-ID-1.png\" class=\"attachment-large size-large\" alt=\"\" srcset=\"https:\/\/www.manukanewzealand.com\/wp-content\/uploads\/2022\/02\/Manuka-ID-1.png 573w, https:\/\/www.manukanewzealand.com\/wp-content\/uploads\/2022\/02\/Manuka-ID-1-500x500.png 500w, https:\/\/www.manukanewzealand.com\/wp-content\/uploads\/2022\/02\/Manuka-ID-1-100x100.png 100w, https:\/\/www.manukanewzealand.com\/wp-content\/uploads\/2022\/02\/Manuka-ID-1-300x300.png 300w, https:\/\/www.manukanewzealand.com\/wp-content\/uploads\/2022\/02\/Manuka-ID-1-80x80.png 80w, https:\/\/www.manukanewzealand.com\/wp-content\/uploads\/2022\/02\/Manuka-ID-1-12x12.png 12w\" sizes=\"(max-width: 573px) 100vw, 573px\" \/>\t\t\t\t\t\t\n\t\t\t\t\t<\/div>\n\t\t\t\t\t\t\t\t\n<style>\n#image_741692237 {\n  width: 100%;\n}\n<\/style>\n\t<\/div>\n\t\n\n\t\n  \n    <div class=\"row large-columns-1 medium-columns- small-columns- row-small slider row-slider slider-nav-reveal slider-nav-push\"  data-flickity-options='{&quot;imagesLoaded&quot;: true, &quot;groupCells&quot;: &quot;100%&quot;, &quot;dragThreshold&quot; : 5, &quot;cellAlign&quot;: &quot;left&quot;,&quot;wrapAround&quot;: true,&quot;prevNextButtons&quot;: true,&quot;percentPosition&quot;: true,&quot;pageDots&quot;: false, &quot;rightToLeft&quot;: false, &quot;autoPlay&quot; : false}' >\n\n  \n\t     <div class=\"product-small col has-hover product type-product post-470 status-publish first instock product_cat-uncategorized has-post-thumbnail taxable shipping-taxable purchasable product-type-simple\">\n\t<div class=\"col-inner\">\n\t\n<div class=\"badge-container absolute left top z-1\">\n\n<\/div>\n\t<div class=\"product-small box\">\n\t\t<div class=\"box-image\">\n\t\t\t<div class=\"image-none\">\n\t\t\t\t<a href=\"https:\/\/www.manukanewzealand.com\/fr\/product\/mgo-100-miel-de-manuka-500gr\/\">\n\t\t\t\t\t<img decoding=\"async\" width=\"500\" height=\"500\" src=\"https:\/\/www.manukanewzealand.com\/wp-content\/uploads\/2022\/07\/manukahoney-mnz100-500g-1-1.webp\" class=\"attachment-woocommerce_thumbnail size-woocommerce_thumbnail\" alt=\"Miel de Manuka MGO 100+ 500gr.\" srcset=\"https:\/\/www.manukanewzealand.com\/wp-content\/uploads\/2022\/07\/manukahoney-mnz100-500g-1-1.webp 500w, https:\/\/www.manukanewzealand.com\/wp-content\/uploads\/2022\/07\/manukahoney-mnz100-500g-1-1-100x100.webp 100w\" sizes=\"(max-width: 500px) 100vw, 500px\" \/>\t\t\t\t<\/a>\n\t\t\t<\/div>\n\t\t\t<div class=\"image-tools is-small top right show-on-hover\">\n\t\t\t\t\t\t<div class=\"wishlist-icon\">\n\t\t\t<button class=\"wishlist-button button is-outline circle icon\" aria-label=\"Liste de souhaits\">\n\t\t\t\t<i class=\"icon-heart\" aria-hidden=\"true\"><\/i>\t\t\t<\/button>\n\t\t\t<div class=\"wishlist-popup dark\">\n\t\t\t\t\n<div\n\tclass=\"yith-wcwl-add-to-wishlist add-to-wishlist-470 yith-wcwl-add-to-wishlist--link-style wishlist-fragment on-first-load\"\n\tdata-fragment-ref=\"470\"\n\tdata-fragment-options=\"{&quot;base_url&quot;:&quot;&quot;,&quot;product_id&quot;:470,&quot;parent_product_id&quot;:0,&quot;product_type&quot;:&quot;simple&quot;,&quot;is_single&quot;:false,&quot;in_default_wishlist&quot;:false,&quot;show_view&quot;:false,&quot;browse_wishlist_text&quot;:&quot;Browse wishlist&quot;,&quot;already_in_wishslist_text&quot;:&quot;The product is already in your wishlist!&quot;,&quot;product_added_text&quot;:&quot;Product added!&quot;,&quot;available_multi_wishlist&quot;:false,&quot;disable_wishlist&quot;:false,&quot;show_count&quot;:false,&quot;ajax_loading&quot;:false,&quot;loop_position&quot;:&quot;after_add_to_cart&quot;,&quot;item&quot;:&quot;add_to_wishlist&quot;}\"\n>\n\t<\/div>\n\t\t\t<\/div>\n\t\t<\/div>\n\t\t\t\t\t<\/div>\n\t\t\t<div class=\"image-tools is-small hide-for-small bottom left show-on-hover\">\n\t\t\t\t\t\t\t<\/div>\n\t\t\t<div class=\"image-tools grid-tools text-center hide-for-small bottom hover-slide-in show-on-hover\">\n\t\t\t\t\t\t\t<\/div>\n\t\t\t\t\t<\/div>\n\n\t\t<div class=\"box-text box-text-products text-center grid-style-2\">\n\t\t\t<div class=\"title-wrapper\"><p class=\"name product-title woocommerce-loop-product__title\"><a href=\"https:\/\/www.manukanewzealand.com\/fr\/product\/mgo-100-miel-de-manuka-500gr\/\" class=\"woocommerce-LoopProduct-link woocommerce-loop-product__link\">Miel de Manuka MGO 100+ 500gr.<\/a><\/p><\/div><div class=\"price-wrapper\">\n\t<span class=\"price\"><span class=\"woocommerce-Price-amount amount\"><bdi><span class=\"woocommerce-Price-currencySymbol\">\u20ac<\/span>59,00<\/bdi><\/span> <small class=\"woocommerce-price-suffix\">TVA incluse<\/small><\/span>\n<\/div><div class=\"add-to-cart-button\"><a href=\"\/fr\/wp-json\/wp\/v2\/pages\/32835?add-to-cart=470\" aria-describedby=\"woocommerce_loop_add_to_cart_link_describedby_470\" data-quantity=\"1\" class=\"primary is-small mb-0 button product_type_simple add_to_cart_button ajax_add_to_cart is-outline\" data-product_id=\"470\" data-product_sku=\"MNZ002\" aria-label=\"Ajouter au panier : \u201cMiel de Manuka MGO 100+ 500gr.\u201d\" rel=\"nofollow\" data-success_message=\"&ldquo;Manuka Honey MGO 100+ 500gr.&rdquo; has been added to your cart\" role=\"button\">Ajouter au panier<\/a><\/div>\t<span id=\"woocommerce_loop_add_to_cart_link_describedby_470\" class=\"screen-reader-text\">\n\t\t\t<\/span>\n\t\t<\/div>\n\t<\/div>\n\t\t<\/div>\n<\/div><\/div>\n\n\n\t\t<\/div>\n\t\t\t\t\n<style>\n#col-380717062 > .col-inner {\n  max-width: 500px;\n}\n<\/style>\n\t<\/div>\n\n\t\n\n<\/div>\n\n\t\t<\/div>\n\n\t\t\n<style>\n#section_1516906769 {\n  padding-top: 30px;\n  padding-bottom: 30px;\n}\n<\/style>\n\t<\/section>\n\t\n<p><\/p><!-- \/wp:post-content -->","protected":false},"excerpt":{"rendered":"","protected":false},"author":2,"featured_media":0,"parent":0,"menu_order":0,"comment_status":"closed","ping_status":"closed","template":"","meta":{"footnotes":""},"class_list":["post-32835","page","type-page","status-publish","hentry"],"yoast_head":"<!-- This site is optimized with the Yoast SEO plugin v27.3 - https:\/\/yoast.com\/product\/yoast-seo-wordpress\/ -->\n<title>Bee Protection &amp; Health Program - Manuka New Zealand<\/title>\n<meta name=\"description\" content=\"As part of Manuka New Zealand\u2019s Bee Protection &amp; Health Program, in addition to our own dedicated beekeepers, we currently employ a specialist apiculturist and seasonal beekeeping inspectors based in New Zealand\u2019s North Island, with assigned areas on both the North and South Island. Manuka New Zealand takes good care of our wonderful hard workers; our precious bees.\" \/>\n<meta name=\"robots\" content=\"index, follow, max-snippet:-1, max-image-preview:large, max-video-preview:-1\" \/>\n<link rel=\"canonical\" href=\"https:\/\/www.manukanewzealand.com\/fr\/protectiondesabeilles\/\" \/>\n<meta property=\"og:locale\" content=\"fr_FR\" \/>\n<meta property=\"og:type\" content=\"article\" \/>\n<meta property=\"og:title\" content=\"Bee Protection &amp; Health Program - Manuka New Zealand\" \/>\n<meta property=\"og:description\" content=\"As part of Manuka New Zealand\u2019s Bee Protection &amp; Health Program, in addition to our own dedicated beekeepers, we currently employ a specialist apiculturist and seasonal beekeeping inspectors based in New Zealand\u2019s North Island, with assigned areas on both the North and South Island. Manuka New Zealand takes good care of our wonderful hard workers; our precious bees.\" \/>\n<meta property=\"og:url\" content=\"https:\/\/www.manukanewzealand.com\/fr\/protectiondesabeilles\/\" \/>\n<meta property=\"og:site_name\" content=\"MNZ - Manuka New Zealand - The Best Raw Manuka Honey | Global\" \/>\n<meta property=\"article:modified_time\" content=\"2026-02-18T14:01:50+00:00\" \/>\n<meta property=\"og:image\" content=\"https:\/\/www.manukanewzealand.com\/wp-content\/uploads\/2022\/11\/mnz-logo-200x200-1-1.png\" \/>\n\t<meta property=\"og:image:width\" content=\"200\" \/>\n\t<meta property=\"og:image:height\" content=\"200\" \/>\n\t<meta property=\"og:image:type\" content=\"image\/png\" \/>\n<meta name=\"twitter:card\" content=\"summary_large_image\" \/>\n<meta name=\"twitter:label1\" content=\"Dur\u00e9e de lecture estim\u00e9e\" \/>\n\t<meta name=\"twitter:data1\" content=\"9 minutes\" \/>\n<script type=\"application\/ld+json\" class=\"yoast-schema-graph\">{\"@context\":\"https:\\\/\\\/schema.org\",\"@graph\":[{\"@type\":\"WebPage\",\"@id\":\"https:\\\/\\\/www.manukanewzealand.com\\\/beeprotection\\\/\",\"url\":\"https:\\\/\\\/www.manukanewzealand.com\\\/beeprotection\\\/\",\"name\":\"Bee Protection & Health Program - Manuka New Zealand\",\"isPartOf\":{\"@id\":\"https:\\\/\\\/www.manukanewzealand.com\\\/es\\\/#website\"},\"datePublished\":\"2022-02-02T15:36:11+00:00\",\"dateModified\":\"2026-02-18T14:01:50+00:00\",\"description\":\"As part of Manuka New Zealand\u2019s Bee Protection & Health Program, in addition to our own dedicated beekeepers, we currently employ a specialist apiculturist and seasonal beekeeping inspectors based in New Zealand\u2019s North Island, with assigned areas on both the North and South Island. Manuka New Zealand takes good care of our wonderful hard workers; our precious bees.\",\"breadcrumb\":{\"@id\":\"https:\\\/\\\/www.manukanewzealand.com\\\/beeprotection\\\/#breadcrumb\"},\"inLanguage\":\"fr-FR\",\"potentialAction\":[{\"@type\":\"ReadAction\",\"target\":[\"https:\\\/\\\/www.manukanewzealand.com\\\/beeprotection\\\/\"]}]},{\"@type\":\"BreadcrumbList\",\"@id\":\"https:\\\/\\\/www.manukanewzealand.com\\\/beeprotection\\\/#breadcrumb\",\"itemListElement\":[{\"@type\":\"ListItem\",\"position\":1,\"name\":\"Home\",\"item\":\"https:\\\/\\\/www.manukanewzealand.com\\\/\"},{\"@type\":\"ListItem\",\"position\":2,\"name\":\"Bee Protection &#038; Health Program\"}]},{\"@type\":\"WebSite\",\"@id\":\"https:\\\/\\\/www.manukanewzealand.com\\\/es\\\/#website\",\"url\":\"https:\\\/\\\/www.manukanewzealand.com\\\/es\\\/\",\"name\":\"MNZ - Manuka New Zealand - The Best Raw Manuka Honey | Global\",\"description\":\"\",\"publisher\":{\"@id\":\"https:\\\/\\\/www.manukanewzealand.com\\\/es\\\/#organization\"},\"potentialAction\":[{\"@type\":\"SearchAction\",\"target\":{\"@type\":\"EntryPoint\",\"urlTemplate\":\"https:\\\/\\\/www.manukanewzealand.com\\\/es\\\/?s={search_term_string}\"},\"query-input\":{\"@type\":\"PropertyValueSpecification\",\"valueRequired\":true,\"valueName\":\"search_term_string\"}}],\"inLanguage\":\"fr-FR\"},{\"@type\":\"Organization\",\"@id\":\"https:\\\/\\\/www.manukanewzealand.com\\\/es\\\/#organization\",\"name\":\"MNZ - Manuka New Zealand - The Best Raw Manuka Honey | Global\",\"url\":\"https:\\\/\\\/www.manukanewzealand.com\\\/es\\\/\",\"logo\":{\"@type\":\"ImageObject\",\"inLanguage\":\"fr-FR\",\"@id\":\"https:\\\/\\\/www.manukanewzealand.com\\\/es\\\/#\\\/schema\\\/logo\\\/image\\\/\",\"url\":\"https:\\\/\\\/www.manukanewzealand.com\\\/wp-content\\\/uploads\\\/2022\\\/11\\\/mnz-logo-200x200-1-1.png\",\"contentUrl\":\"https:\\\/\\\/www.manukanewzealand.com\\\/wp-content\\\/uploads\\\/2022\\\/11\\\/mnz-logo-200x200-1-1.png\",\"width\":200,\"height\":200,\"caption\":\"MNZ - Manuka New Zealand - The Best Raw Manuka Honey | Global\"},\"image\":{\"@id\":\"https:\\\/\\\/www.manukanewzealand.com\\\/es\\\/#\\\/schema\\\/logo\\\/image\\\/\"}}]}<\/script>\n<meta property=\"product:price:amount\" content=\"59.00\" \/>\n<meta property=\"product:price:currency\" content=\"EUR\" \/>\n<meta property=\"og:availability\" content=\"instock\" \/>\n<meta property=\"product:availability\" content=\"instock\" \/>\n<meta property=\"product:retailer_item_id\" content=\"MNZ002\" \/>\n<meta property=\"product:condition\" content=\"new\" \/>\n<!-- \/ Yoast SEO plugin. -->","yoast_head_json":{"title":"Programme de protection et de sant\u00e9 des abeilles - Manuka New Zealand","description":"Dans le cadre du programme de protection et de sant\u00e9 des abeilles de Manuka New Zealand, outre nos propres apiculteurs d\u00e9vou\u00e9s, nous employons actuellement un apiculteur sp\u00e9cialis\u00e9 et des inspecteurs apicoles saisonniers bas\u00e9s sur l'\u00eele du Nord de la Nouvelle-Z\u00e9lande, avec des zones assign\u00e9es \u00e0 la fois sur l'\u00eele du Nord et l'\u00eele du Sud. Manuka New Zealand prend bien soin de nos merveilleuses travailleuses, nos pr\u00e9cieuses abeilles.","robots":{"index":"index","follow":"follow","max-snippet":"max-snippet:-1","max-image-preview":"max-image-preview:large","max-video-preview":"max-video-preview:-1"},"canonical":"https:\/\/www.manukanewzealand.com\/fr\/protectiondesabeilles\/","og_locale":"fr_FR","og_type":"article","og_title":"Bee Protection & Health Program - Manuka New Zealand","og_description":"As part of Manuka New Zealand\u2019s Bee Protection & Health Program, in addition to our own dedicated beekeepers, we currently employ a specialist apiculturist and seasonal beekeeping inspectors based in New Zealand\u2019s North Island, with assigned areas on both the North and South Island. Manuka New Zealand takes good care of our wonderful hard workers; our precious bees.","og_url":"https:\/\/www.manukanewzealand.com\/fr\/protectiondesabeilles\/","og_site_name":"MNZ - Manuka New Zealand - The Best Raw Manuka Honey | Global","article_modified_time":"2026-02-18T14:01:50+00:00","og_image":[{"width":200,"height":200,"url":"https:\/\/www.manukanewzealand.com\/wp-content\/uploads\/2022\/11\/mnz-logo-200x200-1-1.png","type":"image\/png"}],"twitter_card":"summary_large_image","twitter_misc":{"Dur\u00e9e de lecture estim\u00e9e":"9 minutes"},"schema":{"@context":"https:\/\/schema.org","@graph":[{"@type":"WebPage","@id":"https:\/\/www.manukanewzealand.com\/beeprotection\/","url":"https:\/\/www.manukanewzealand.com\/beeprotection\/","name":"Programme de protection et de sant\u00e9 des abeilles - Manuka New Zealand","isPartOf":{"@id":"https:\/\/www.manukanewzealand.com\/es\/#website"},"datePublished":"2022-02-02T15:36:11+00:00","dateModified":"2026-02-18T14:01:50+00:00","description":"Dans le cadre du programme de protection et de sant\u00e9 des abeilles de Manuka New Zealand, outre nos propres apiculteurs d\u00e9vou\u00e9s, nous employons actuellement un apiculteur sp\u00e9cialis\u00e9 et des inspecteurs apicoles saisonniers bas\u00e9s sur l'\u00eele du Nord de la Nouvelle-Z\u00e9lande, avec des zones assign\u00e9es \u00e0 la fois sur l'\u00eele du Nord et l'\u00eele du Sud. Manuka New Zealand prend bien soin de nos merveilleuses travailleuses, nos pr\u00e9cieuses abeilles.","breadcrumb":{"@id":"https:\/\/www.manukanewzealand.com\/beeprotection\/#breadcrumb"},"inLanguage":"fr-FR","potentialAction":[{"@type":"ReadAction","target":["https:\/\/www.manukanewzealand.com\/beeprotection\/"]}]},{"@type":"BreadcrumbList","@id":"https:\/\/www.manukanewzealand.com\/beeprotection\/#breadcrumb","itemListElement":[{"@type":"ListItem","position":1,"name":"Home","item":"https:\/\/www.manukanewzealand.com\/"},{"@type":"ListItem","position":2,"name":"Bee Protection &#038; Health Program"}]},{"@type":"WebSite","@id":"https:\/\/www.manukanewzealand.com\/es\/#website","url":"https:\/\/www.manukanewzealand.com\/es\/","name":"MNZ - Manuka New Zealand - Le meilleur miel brut de Manuka | Global","description":"","publisher":{"@id":"https:\/\/www.manukanewzealand.com\/es\/#organization"},"potentialAction":[{"@type":"SearchAction","target":{"@type":"EntryPoint","urlTemplate":"https:\/\/www.manukanewzealand.com\/es\/?s={search_term_string}"},"query-input":{"@type":"PropertyValueSpecification","valueRequired":true,"valueName":"search_term_string"}}],"inLanguage":"fr-FR"},{"@type":"Organization","@id":"https:\/\/www.manukanewzealand.com\/es\/#organization","name":"MNZ - Manuka New Zealand - Le meilleur miel brut de Manuka | Global","url":"https:\/\/www.manukanewzealand.com\/es\/","logo":{"@type":"ImageObject","inLanguage":"fr-FR","@id":"https:\/\/www.manukanewzealand.com\/es\/#\/schema\/logo\/image\/","url":"https:\/\/www.manukanewzealand.com\/wp-content\/uploads\/2022\/11\/mnz-logo-200x200-1-1.png","contentUrl":"https:\/\/www.manukanewzealand.com\/wp-content\/uploads\/2022\/11\/mnz-logo-200x200-1-1.png","width":200,"height":200,"caption":"MNZ - Manuka New Zealand - The Best Raw Manuka Honey | Global"},"image":{"@id":"https:\/\/www.manukanewzealand.com\/es\/#\/schema\/logo\/image\/"}}]},"product_price_amount":"59.00","product_price_currency":"EUR","og_availability":"instock","product_availability":"instock","product_retailer_item_id":"MNZ002","product_condition":"new"},"_links":{"self":[{"href":"https:\/\/www.manukanewzealand.com\/fr\/wp-json\/wp\/v2\/pages\/32835","targetHints":{"allow":["GET"]}}],"collection":[{"href":"https:\/\/www.manukanewzealand.com\/fr\/wp-json\/wp\/v2\/pages"}],"about":[{"href":"https:\/\/www.manukanewzealand.com\/fr\/wp-json\/wp\/v2\/types\/page"}],"author":[{"embeddable":true,"href":"https:\/\/www.manukanewzealand.com\/fr\/wp-json\/wp\/v2\/users\/2"}],"replies":[{"embeddable":true,"href":"https:\/\/www.manukanewzealand.com\/fr\/wp-json\/wp\/v2\/comments?post=32835"}],"version-history":[{"count":1,"href":"https:\/\/www.manukanewzealand.com\/fr\/wp-json\/wp\/v2\/pages\/32835\/revisions"}],"predecessor-version":[{"id":35290,"href":"https:\/\/www.manukanewzealand.com\/fr\/wp-json\/wp\/v2\/pages\/32835\/revisions\/35290"}],"wp:attachment":[{"href":"https:\/\/www.manukanewzealand.com\/fr\/wp-json\/wp\/v2\/media?parent=32835"}],"curies":[{"name":"wp","href":"https:\/\/api.w.org\/{rel}","templated":true}]}}