{"id":29012,"date":"2019-08-14T14:11:44","date_gmt":"2019-08-14T13:11:44","guid":{"rendered":"https:\/\/www.manukanewzealand.com\/?page_id=29012"},"modified":"2026-02-18T15:29:06","modified_gmt":"2026-02-18T14:29:06","slug":"thomashenle","status":"publish","type":"page","link":"https:\/\/www.manukanewzealand.com\/fr\/thomashenle-3\/","title":{"rendered":"Professeur Thomas Henle - d\u00e9couvreur du M\u00e9thylglyoxal (MGO)"},"content":{"rendered":"<div id=\"page-header-1750159042\" class=\"page-header-wrapper\">\n  <div class=\"page-title dark divided-title\">\n\n        <div class=\"page-title-bg\">\n      <div class=\"title-bg fill bg-fill\"\n        data-parallax-container=\".page-title\"\n        data-parallax-background\n data-parallax=\"-\">\n      <\/div>\n      <div class=\"title-overlay fill\"><\/div>\n    <\/div>\n    \n    <div class=\"page-title-inner container align-center flex-row medium-flex-wrap\" >\n              <div class=\"title-wrapper flex-col text-left medium-text-center\">\n          <h1 class=\"entry-title mb-0\">\n            Thomas Henle          <\/h1>\n        <\/div>\n                    <div class=\"title-content flex-col flex-right text-right medium-text-center\">\n        <div class=\"title-breadcrumbs pb-half pt-half\"><nav class=\"woocommerce-breadcrumb breadcrumbs\" aria-label=\"Fil d&#039;Ariane\">Accueil<\/nav><\/div>      <\/div>\n    <\/div>\n\n     \n<style>\n#page-header-1750159042 .title-bg {\n  background-image: url(https:\/\/www.manukanewzealand.com\/wp-content\/uploads\/2026\/02\/mnz-header-2.jpg);\n}\n<\/style>\n  <\/div>\n  <div class=\"container header-wrapper-divider\"><hr\/><\/div>  <\/div>\n  \n\n\t<section class=\"section\" id=\"section_300421671\">\n\t\t<div class=\"section-bg fill\" >\n\t\t\t\t\t\t\t\t\t\n\t\t\t\n\n\t\t<\/div>\n\n\t\t\n\n\t\t<div class=\"section-content relative\">\n\t\t\t\n<div class=\"row\"  id=\"row-1313740432\">\n\n\t<div id=\"col-978169964\" class=\"col medium-12 small-12 large-8\"  >\n\t\t\t\t<div class=\"col-inner\"  >\n\t\t\t\n\t\t\t\n<blockquote>\n<p><em><strong>\u201cUn syst\u00e8me de classement doit \u00eatre scientifiquement fond\u00e9, bas\u00e9 sur une m\u00e9thode publi\u00e9e et applicable en laboratoire. C'est certainement le cas de la classification du miel de Manuka MGO\u201d.\u201d<\/strong><\/em><\/p>\n<\/blockquote>\n<p><em>Citation du professeur Thomas Henle - Universit\u00e9 technique de Dresde, Allemagne<\/em><\/p>\n<p>En 2006, le professeur Thomas Henle et son \u00e9quipe de recherche de l'universit\u00e9 technique de Dresde ont identifi\u00e9 le m\u00e9thylglyoxal (MGO) comme un compos\u00e9 mesurable pr\u00e9sent dans le miel de Manuka. Ses travaux ont permis d'\u00e9tablir un syst\u00e8me de classification scientifique, v\u00e9rifiable en laboratoire, fond\u00e9 sur la quantification des niveaux de MGO.<\/p>\n<p>Le professeur Henle a d\u00e9clar\u00e9 que l'analyse du m\u00e9thylglyoxal constituait une m\u00e9thode fiable et quantitative pour classer le miel de Manuka. Les recherches men\u00e9es par son \u00e9quipe ont mis en \u00e9vidence une relation directe entre la concentration de MGO mesur\u00e9e et le niveau de classification du miel.<\/p>\n<p>Depuis lors, le professeur Henle et ses coll\u00e8gues ont continu\u00e9 \u00e0 publier des recherches scientifiques sur la composition chimique et les caract\u00e9ristiques mesurables du miel de Manuka.<\/p>\n\t\t<\/div>\n\t\t\t\t\t<\/div>\n\n\t\n\n\t<div id=\"col-54549197\" class=\"col medium-12 small-12 large-4\"  >\n\t\t\t\t<div class=\"col-inner text-center\"  >\n\t\t\t\n\t\t\t\n\t<div class=\"img has-hover x md-x lg-x y md-y lg-y\" id=\"image_1773824032\">\n\t\t\t\t\t\t\t\t<div class=\"img-inner dark\" >\n\t\t\t<img decoding=\"async\" width=\"500\" height=\"500\" src=\"https:\/\/www.manukanewzealand.com\/wp-content\/uploads\/2024\/12\/henle.jpg\" class=\"attachment-large size-large\" alt=\"\" \/>\t\t\t\t\t\t\n\t\t\t\t\t<\/div>\n\t\t\t\t\t\t\t\t\n<style>\n#image_1773824032 {\n  width: 100%;\n}\n<\/style>\n\t<\/div>\n\t\n\t\t<\/div>\n\t\t\t\t\n<style>\n#col-54549197 > .col-inner {\n  max-width: 500px;\n}\n<\/style>\n\t<\/div>\n\n\t\n<\/div>\n\t\t<\/div>\n\n\t\t\n<style>\n#section_300421671 {\n  padding-top: 30px;\n  padding-bottom: 30px;\n}\n<\/style>\n\t<\/section>","protected":false},"excerpt":{"rendered":"","protected":false},"author":2,"featured_media":0,"parent":0,"menu_order":0,"comment_status":"closed","ping_status":"closed","template":"","meta":{"footnotes":""},"class_list":["post-29012","page","type-page","status-publish","hentry"],"yoast_head":"<!-- This site is optimized with the Yoast SEO plugin v27.3 - https:\/\/yoast.com\/product\/yoast-seo-wordpress\/ -->\n<title>Professor Thomas Henle - The discoverer of Methylglyoxal (MGO) in Manuka Honey - Manuka New Zealand<\/title>\n<meta name=\"description\" content=\"In 2006, Professor Thomas Henle of the Technical University of Dresden demonstrated that Methylglyoxal (MGO) as a compound is responsible for a unique, high-quality bioactivity and is therefore characteristic of the unique and high-quality qualities and bio-activities of MGO Manuka Honey.\" \/>\n<meta name=\"robots\" content=\"index, follow, max-snippet:-1, max-image-preview:large, max-video-preview:-1\" \/>\n<link rel=\"canonical\" href=\"https:\/\/www.manukanewzealand.com\/fr\/thomashenle-3\/\" \/>\n<meta property=\"og:locale\" content=\"fr_FR\" \/>\n<meta property=\"og:type\" content=\"article\" \/>\n<meta property=\"og:title\" content=\"Professor Thomas Henle - The discoverer of Methylglyoxal (MGO) in Manuka Honey - Manuka New Zealand\" \/>\n<meta property=\"og:description\" content=\"In 2006, Professor Thomas Henle of the Technical University of Dresden demonstrated that Methylglyoxal (MGO) as a compound is responsible for a unique, high-quality bioactivity and is therefore characteristic of the unique and high-quality qualities and bio-activities of MGO Manuka Honey.\" \/>\n<meta property=\"og:url\" content=\"https:\/\/www.manukanewzealand.com\/fr\/thomashenle-3\/\" \/>\n<meta property=\"og:site_name\" content=\"MNZ - Manuka New Zealand - The Best Raw Manuka Honey | Global\" \/>\n<meta property=\"article:modified_time\" content=\"2026-02-18T14:29:06+00:00\" \/>\n<meta property=\"og:image\" content=\"https:\/\/www.manukanewzealand.com\/wp-content\/uploads\/2022\/11\/mnz-logo-200x200-1-1.png\" \/>\n\t<meta property=\"og:image:width\" content=\"200\" \/>\n\t<meta property=\"og:image:height\" content=\"200\" \/>\n\t<meta property=\"og:image:type\" content=\"image\/png\" \/>\n<meta name=\"twitter:card\" content=\"summary_large_image\" \/>\n<script type=\"application\/ld+json\" class=\"yoast-schema-graph\">{\"@context\":\"https:\\\/\\\/schema.org\",\"@graph\":[{\"@type\":\"WebPage\",\"@id\":\"https:\\\/\\\/www.manukanewzealand.com\\\/thomashenle\\\/\",\"url\":\"https:\\\/\\\/www.manukanewzealand.com\\\/thomashenle\\\/\",\"name\":\"Professor Thomas Henle - The discoverer of Methylglyoxal (MGO) in Manuka Honey - Manuka New Zealand\",\"isPartOf\":{\"@id\":\"https:\\\/\\\/www.manukanewzealand.com\\\/es\\\/#website\"},\"datePublished\":\"2019-08-14T13:11:44+00:00\",\"dateModified\":\"2026-02-18T14:29:06+00:00\",\"description\":\"In 2006, Professor Thomas Henle of the Technical University of Dresden demonstrated that Methylglyoxal (MGO) as a compound is responsible for a unique, high-quality bioactivity and is therefore characteristic of the unique and high-quality qualities and bio-activities of MGO Manuka Honey.\",\"breadcrumb\":{\"@id\":\"https:\\\/\\\/www.manukanewzealand.com\\\/thomashenle\\\/#breadcrumb\"},\"inLanguage\":\"fr-FR\",\"potentialAction\":[{\"@type\":\"ReadAction\",\"target\":[\"https:\\\/\\\/www.manukanewzealand.com\\\/thomashenle\\\/\"]}]},{\"@type\":\"BreadcrumbList\",\"@id\":\"https:\\\/\\\/www.manukanewzealand.com\\\/thomashenle\\\/#breadcrumb\",\"itemListElement\":[{\"@type\":\"ListItem\",\"position\":1,\"name\":\"Home\",\"item\":\"https:\\\/\\\/www.manukanewzealand.com\\\/\"},{\"@type\":\"ListItem\",\"position\":2,\"name\":\"Professor Thomas Henle &#8211; discoverer of Methylglyoxal (MGO)\"}]},{\"@type\":\"WebSite\",\"@id\":\"https:\\\/\\\/www.manukanewzealand.com\\\/es\\\/#website\",\"url\":\"https:\\\/\\\/www.manukanewzealand.com\\\/es\\\/\",\"name\":\"MNZ - Manuka New Zealand - The Best Raw Manuka Honey | Global\",\"description\":\"\",\"publisher\":{\"@id\":\"https:\\\/\\\/www.manukanewzealand.com\\\/es\\\/#organization\"},\"potentialAction\":[{\"@type\":\"SearchAction\",\"target\":{\"@type\":\"EntryPoint\",\"urlTemplate\":\"https:\\\/\\\/www.manukanewzealand.com\\\/es\\\/?s={search_term_string}\"},\"query-input\":{\"@type\":\"PropertyValueSpecification\",\"valueRequired\":true,\"valueName\":\"search_term_string\"}}],\"inLanguage\":\"fr-FR\"},{\"@type\":\"Organization\",\"@id\":\"https:\\\/\\\/www.manukanewzealand.com\\\/es\\\/#organization\",\"name\":\"MNZ - Manuka New Zealand - The Best Raw Manuka Honey | Global\",\"url\":\"https:\\\/\\\/www.manukanewzealand.com\\\/es\\\/\",\"logo\":{\"@type\":\"ImageObject\",\"inLanguage\":\"fr-FR\",\"@id\":\"https:\\\/\\\/www.manukanewzealand.com\\\/es\\\/#\\\/schema\\\/logo\\\/image\\\/\",\"url\":\"https:\\\/\\\/www.manukanewzealand.com\\\/wp-content\\\/uploads\\\/2022\\\/11\\\/mnz-logo-200x200-1-1.png\",\"contentUrl\":\"https:\\\/\\\/www.manukanewzealand.com\\\/wp-content\\\/uploads\\\/2022\\\/11\\\/mnz-logo-200x200-1-1.png\",\"width\":200,\"height\":200,\"caption\":\"MNZ - Manuka New Zealand - The Best Raw Manuka Honey | Global\"},\"image\":{\"@id\":\"https:\\\/\\\/www.manukanewzealand.com\\\/es\\\/#\\\/schema\\\/logo\\\/image\\\/\"}}]}<\/script>\n<!-- \/ Yoast SEO plugin. -->","yoast_head_json":{"title":"Professeur Thomas Henle - Le d\u00e9couvreur du m\u00e9thylglyoxal (MGO) dans le miel de Manuka - Manuka New Zealand","description":"En 2006, le professeur Thomas Henle de l'universit\u00e9 technique de Dresde a d\u00e9montr\u00e9 que le m\u00e9thylglyoxal (MGO), en tant que compos\u00e9, est responsable d'une bioactivit\u00e9 unique et de haute qualit\u00e9 et qu'il est donc caract\u00e9ristique des qualit\u00e9s et bioactivit\u00e9s uniques et de haute qualit\u00e9 du miel de Manuka MGO.","robots":{"index":"index","follow":"follow","max-snippet":"max-snippet:-1","max-image-preview":"max-image-preview:large","max-video-preview":"max-video-preview:-1"},"canonical":"https:\/\/www.manukanewzealand.com\/fr\/thomashenle-3\/","og_locale":"fr_FR","og_type":"article","og_title":"Professor Thomas Henle - The discoverer of Methylglyoxal (MGO) in Manuka Honey - Manuka New Zealand","og_description":"In 2006, Professor Thomas Henle of the Technical University of Dresden demonstrated that Methylglyoxal (MGO) as a compound is responsible for a unique, high-quality bioactivity and is therefore characteristic of the unique and high-quality qualities and bio-activities of MGO Manuka Honey.","og_url":"https:\/\/www.manukanewzealand.com\/fr\/thomashenle-3\/","og_site_name":"MNZ - Manuka New Zealand - The Best Raw Manuka Honey | Global","article_modified_time":"2026-02-18T14:29:06+00:00","og_image":[{"width":200,"height":200,"url":"https:\/\/www.manukanewzealand.com\/wp-content\/uploads\/2022\/11\/mnz-logo-200x200-1-1.png","type":"image\/png"}],"twitter_card":"summary_large_image","schema":{"@context":"https:\/\/schema.org","@graph":[{"@type":"WebPage","@id":"https:\/\/www.manukanewzealand.com\/thomashenle\/","url":"https:\/\/www.manukanewzealand.com\/thomashenle\/","name":"Professeur Thomas Henle - Le d\u00e9couvreur du m\u00e9thylglyoxal (MGO) dans le miel de Manuka - Manuka New Zealand","isPartOf":{"@id":"https:\/\/www.manukanewzealand.com\/es\/#website"},"datePublished":"2019-08-14T13:11:44+00:00","dateModified":"2026-02-18T14:29:06+00:00","description":"En 2006, le professeur Thomas Henle de l'universit\u00e9 technique de Dresde a d\u00e9montr\u00e9 que le m\u00e9thylglyoxal (MGO), en tant que compos\u00e9, est responsable d'une bioactivit\u00e9 unique et de haute qualit\u00e9 et qu'il est donc caract\u00e9ristique des qualit\u00e9s et bioactivit\u00e9s uniques et de haute qualit\u00e9 du miel de Manuka MGO.","breadcrumb":{"@id":"https:\/\/www.manukanewzealand.com\/thomashenle\/#breadcrumb"},"inLanguage":"fr-FR","potentialAction":[{"@type":"ReadAction","target":["https:\/\/www.manukanewzealand.com\/thomashenle\/"]}]},{"@type":"BreadcrumbList","@id":"https:\/\/www.manukanewzealand.com\/thomashenle\/#breadcrumb","itemListElement":[{"@type":"ListItem","position":1,"name":"Home","item":"https:\/\/www.manukanewzealand.com\/"},{"@type":"ListItem","position":2,"name":"Professor Thomas Henle &#8211; discoverer of Methylglyoxal (MGO)"}]},{"@type":"WebSite","@id":"https:\/\/www.manukanewzealand.com\/es\/#website","url":"https:\/\/www.manukanewzealand.com\/es\/","name":"MNZ - Manuka New Zealand - Le meilleur miel brut de Manuka | Global","description":"","publisher":{"@id":"https:\/\/www.manukanewzealand.com\/es\/#organization"},"potentialAction":[{"@type":"SearchAction","target":{"@type":"EntryPoint","urlTemplate":"https:\/\/www.manukanewzealand.com\/es\/?s={search_term_string}"},"query-input":{"@type":"PropertyValueSpecification","valueRequired":true,"valueName":"search_term_string"}}],"inLanguage":"fr-FR"},{"@type":"Organization","@id":"https:\/\/www.manukanewzealand.com\/es\/#organization","name":"MNZ - Manuka New Zealand - Le meilleur miel brut de Manuka | Global","url":"https:\/\/www.manukanewzealand.com\/es\/","logo":{"@type":"ImageObject","inLanguage":"fr-FR","@id":"https:\/\/www.manukanewzealand.com\/es\/#\/schema\/logo\/image\/","url":"https:\/\/www.manukanewzealand.com\/wp-content\/uploads\/2022\/11\/mnz-logo-200x200-1-1.png","contentUrl":"https:\/\/www.manukanewzealand.com\/wp-content\/uploads\/2022\/11\/mnz-logo-200x200-1-1.png","width":200,"height":200,"caption":"MNZ - Manuka New Zealand - The Best Raw Manuka Honey | Global"},"image":{"@id":"https:\/\/www.manukanewzealand.com\/es\/#\/schema\/logo\/image\/"}}]}},"_links":{"self":[{"href":"https:\/\/www.manukanewzealand.com\/fr\/wp-json\/wp\/v2\/pages\/29012","targetHints":{"allow":["GET"]}}],"collection":[{"href":"https:\/\/www.manukanewzealand.com\/fr\/wp-json\/wp\/v2\/pages"}],"about":[{"href":"https:\/\/www.manukanewzealand.com\/fr\/wp-json\/wp\/v2\/types\/page"}],"author":[{"embeddable":true,"href":"https:\/\/www.manukanewzealand.com\/fr\/wp-json\/wp\/v2\/users\/2"}],"replies":[{"embeddable":true,"href":"https:\/\/www.manukanewzealand.com\/fr\/wp-json\/wp\/v2\/comments?post=29012"}],"version-history":[{"count":1,"href":"https:\/\/www.manukanewzealand.com\/fr\/wp-json\/wp\/v2\/pages\/29012\/revisions"}],"predecessor-version":[{"id":35308,"href":"https:\/\/www.manukanewzealand.com\/fr\/wp-json\/wp\/v2\/pages\/29012\/revisions\/35308"}],"wp:attachment":[{"href":"https:\/\/www.manukanewzealand.com\/fr\/wp-json\/wp\/v2\/media?parent=29012"}],"curies":[{"name":"wp","href":"https:\/\/api.w.org\/{rel}","templated":true}]}}