{"id":28919,"date":"2019-08-14T13:14:00","date_gmt":"2019-08-14T12:14:00","guid":{"rendered":"https:\/\/www.manukanewzealand.com\/?page_id=28919"},"modified":"2026-02-18T15:32:00","modified_gmt":"2026-02-18T14:32:00","slug":"science","status":"publish","type":"page","link":"https:\/\/www.manukanewzealand.com\/fr\/science\/","title":{"rendered":"Science du miel de Manuka"},"content":{"rendered":"<div id=\"page-header-340242583\" class=\"page-header-wrapper\">\n  <div class=\"page-title dark simple-title\">\n\n        <div class=\"page-title-bg\">\n      <div class=\"title-bg fill bg-fill\"\n        data-parallax-container=\".page-title\"\n        data-parallax-background\n data-parallax=\"-\">\n      <\/div>\n      <div class=\"title-overlay fill\"><\/div>\n    <\/div>\n    \n    <div class=\"page-title-inner container align-center flex-row medium-flex-wrap\" >\n              <div class=\"title-wrapper flex-col text-left medium-text-center\">\n          <h1 class=\"entry-title mb-0\">\n            La science derri\u00e8re le miel de Manuka          <\/h1>\n        <\/div>\n                    <div class=\"title-content flex-col flex-right text-right medium-text-center\">\n        <div class=\"title-breadcrumbs pb-half pt-half\"><nav class=\"woocommerce-breadcrumb breadcrumbs\" aria-label=\"Fil d&#039;Ariane\">Accueil<\/nav><\/div>      <\/div>\n    <\/div>\n\n     \n<style>\n#page-header-340242583 .title-bg {\n  background-image: url(https:\/\/www.manukanewzealand.com\/wp-content\/uploads\/2026\/02\/mnz-header-2.jpg);\n}\n<\/style>\n  <\/div>\n    <\/div>\n  \n<div class=\"row\"  id=\"row-931388371\">\n\n\t<div id=\"col-82200807\" class=\"col small-12 large-12\"  >\n\t\t\t\t<div class=\"col-inner\"  >\n\t\t\t\n\t\t\t\n<p>Au fil des ans, des recherches scientifiques approfondies ont \u00e9t\u00e9 men\u00e9es sur la composition et les caract\u00e9ristiques mesurables du miel de Manuka. Des chercheurs tels que le professeur Thomas Henle, le professeur Peter Molan, le professeur Keiji Terao et le Dr Robert Laheij ont contribu\u00e9 au nombre croissant de publications \u00e9valu\u00e9es par les pairs dans ce domaine.<\/p>\n<p>Le miel de Manuka continue d'\u00eatre examin\u00e9 dans le cadre de recherches universitaires et cliniques pour son profil chimique et ses compos\u00e9s quantifiables. Chaque ann\u00e9e, de nouveaux articles scientifiques sont publi\u00e9s sur sa composition et ses marqueurs de classification. Bon nombre de ces publications sont disponibles dans des revues scientifiques reconnues et aupr\u00e8s d'\u00e9diteurs universitaires.<\/p>\n<p><strong>Les institutions impliqu\u00e9es dans la recherche sur le miel de Manuka sont les suivantes :<\/strong><\/p>\n<p>\n<strong>Universit\u00e9 technique de Dresde (Allemagne)<\/strong><br \/>\n<strong>Universit\u00e9 de Kobe (Japon)<\/strong><br \/>\n<strong>UCLA (\u00c9TATS-UNIS)<\/strong><br \/>\n<strong>Universit\u00e9 d'Auckland (Nouvelle-Z\u00e9lande)<\/strong><br \/>\n<strong>H\u00f4pital Elisabeth-TweeSteden (Pays-Bas)<\/strong>\n<\/p>\n\t\t<\/div>\n\t\t\t\t\t<\/div>\n\n\t\n<\/div>","protected":false},"excerpt":{"rendered":"","protected":false},"author":2,"featured_media":0,"parent":0,"menu_order":0,"comment_status":"closed","ping_status":"closed","template":"","meta":{"footnotes":""},"class_list":["post-28919","page","type-page","status-publish","hentry"],"yoast_head":"<!-- This site is optimized with the Yoast SEO plugin v27.3 - https:\/\/yoast.com\/product\/yoast-seo-wordpress\/ -->\n<title>Scientific publications about Manuka Honing - Manuka New Zealand<\/title>\n<meta name=\"description\" content=\"Over the years, much groundbreaking scientific research has been done into the unique qualities of Manuka Honey. Leading researchers such as Thomas Henle and Keiji Terao have many publications to their name. In addition, many universities have published publications.\" \/>\n<meta name=\"robots\" content=\"index, follow, max-snippet:-1, max-image-preview:large, max-video-preview:-1\" \/>\n<link rel=\"canonical\" href=\"https:\/\/www.manukanewzealand.com\/fr\/science\/\" \/>\n<meta property=\"og:locale\" content=\"fr_FR\" \/>\n<meta property=\"og:type\" content=\"article\" \/>\n<meta property=\"og:title\" content=\"Scientific publications about Manuka Honing - Manuka New Zealand\" \/>\n<meta property=\"og:description\" content=\"Over the years, much groundbreaking scientific research has been done into the unique qualities of Manuka Honey. Leading researchers such as Thomas Henle and Keiji Terao have many publications to their name. In addition, many universities have published publications.\" \/>\n<meta property=\"og:url\" content=\"https:\/\/www.manukanewzealand.com\/fr\/science\/\" \/>\n<meta property=\"og:site_name\" content=\"MNZ - Manuka New Zealand - The Best Raw Manuka Honey | Global\" \/>\n<meta property=\"article:modified_time\" content=\"2026-02-18T14:32:00+00:00\" \/>\n<meta property=\"og:image\" content=\"https:\/\/www.manukanewzealand.com\/wp-content\/uploads\/2022\/11\/mnz-logo-200x200-1-1.png\" \/>\n\t<meta property=\"og:image:width\" content=\"200\" \/>\n\t<meta property=\"og:image:height\" content=\"200\" \/>\n\t<meta property=\"og:image:type\" content=\"image\/png\" \/>\n<meta name=\"twitter:card\" content=\"summary_large_image\" \/>\n<meta name=\"twitter:label1\" content=\"Dur\u00e9e de lecture estim\u00e9e\" \/>\n\t<meta name=\"twitter:data1\" content=\"1 minute\" \/>\n<script type=\"application\/ld+json\" class=\"yoast-schema-graph\">{\"@context\":\"https:\\\/\\\/schema.org\",\"@graph\":[{\"@type\":\"WebPage\",\"@id\":\"https:\\\/\\\/www.manukanewzealand.com\\\/science\\\/\",\"url\":\"https:\\\/\\\/www.manukanewzealand.com\\\/science\\\/\",\"name\":\"Scientific publications about Manuka Honing - Manuka New Zealand\",\"isPartOf\":{\"@id\":\"https:\\\/\\\/www.manukanewzealand.com\\\/es\\\/#website\"},\"datePublished\":\"2019-08-14T12:14:00+00:00\",\"dateModified\":\"2026-02-18T14:32:00+00:00\",\"description\":\"Over the years, much groundbreaking scientific research has been done into the unique qualities of Manuka Honey. Leading researchers such as Thomas Henle and Keiji Terao have many publications to their name. In addition, many universities have published publications.\",\"breadcrumb\":{\"@id\":\"https:\\\/\\\/www.manukanewzealand.com\\\/science\\\/#breadcrumb\"},\"inLanguage\":\"fr-FR\",\"potentialAction\":[{\"@type\":\"ReadAction\",\"target\":[\"https:\\\/\\\/www.manukanewzealand.com\\\/science\\\/\"]}]},{\"@type\":\"BreadcrumbList\",\"@id\":\"https:\\\/\\\/www.manukanewzealand.com\\\/science\\\/#breadcrumb\",\"itemListElement\":[{\"@type\":\"ListItem\",\"position\":1,\"name\":\"Home\",\"item\":\"https:\\\/\\\/www.manukanewzealand.com\\\/\"},{\"@type\":\"ListItem\",\"position\":2,\"name\":\"Manuka Honey Science\"}]},{\"@type\":\"WebSite\",\"@id\":\"https:\\\/\\\/www.manukanewzealand.com\\\/es\\\/#website\",\"url\":\"https:\\\/\\\/www.manukanewzealand.com\\\/es\\\/\",\"name\":\"MNZ - Manuka New Zealand - The Best Raw Manuka Honey | Global\",\"description\":\"\",\"publisher\":{\"@id\":\"https:\\\/\\\/www.manukanewzealand.com\\\/es\\\/#organization\"},\"potentialAction\":[{\"@type\":\"SearchAction\",\"target\":{\"@type\":\"EntryPoint\",\"urlTemplate\":\"https:\\\/\\\/www.manukanewzealand.com\\\/es\\\/?s={search_term_string}\"},\"query-input\":{\"@type\":\"PropertyValueSpecification\",\"valueRequired\":true,\"valueName\":\"search_term_string\"}}],\"inLanguage\":\"fr-FR\"},{\"@type\":\"Organization\",\"@id\":\"https:\\\/\\\/www.manukanewzealand.com\\\/es\\\/#organization\",\"name\":\"MNZ - Manuka New Zealand - The Best Raw Manuka Honey | Global\",\"url\":\"https:\\\/\\\/www.manukanewzealand.com\\\/es\\\/\",\"logo\":{\"@type\":\"ImageObject\",\"inLanguage\":\"fr-FR\",\"@id\":\"https:\\\/\\\/www.manukanewzealand.com\\\/es\\\/#\\\/schema\\\/logo\\\/image\\\/\",\"url\":\"https:\\\/\\\/www.manukanewzealand.com\\\/wp-content\\\/uploads\\\/2022\\\/11\\\/mnz-logo-200x200-1-1.png\",\"contentUrl\":\"https:\\\/\\\/www.manukanewzealand.com\\\/wp-content\\\/uploads\\\/2022\\\/11\\\/mnz-logo-200x200-1-1.png\",\"width\":200,\"height\":200,\"caption\":\"MNZ - Manuka New Zealand - The Best Raw Manuka Honey | Global\"},\"image\":{\"@id\":\"https:\\\/\\\/www.manukanewzealand.com\\\/es\\\/#\\\/schema\\\/logo\\\/image\\\/\"}}]}<\/script>\n<!-- \/ Yoast SEO plugin. -->","yoast_head_json":{"title":"Publications scientifiques sur Manuka Honing - Manuka New Zealand","description":"Au fil des ans, de nombreuses recherches scientifiques novatrices ont \u00e9t\u00e9 men\u00e9es sur les qualit\u00e9s uniques du miel de Manuka. Des chercheurs de premier plan tels que Thomas Henle et Keiji Terao ont publi\u00e9 de nombreux ouvrages. En outre, de nombreuses universit\u00e9s ont publi\u00e9 des ouvrages.","robots":{"index":"index","follow":"follow","max-snippet":"max-snippet:-1","max-image-preview":"max-image-preview:large","max-video-preview":"max-video-preview:-1"},"canonical":"https:\/\/www.manukanewzealand.com\/fr\/science\/","og_locale":"fr_FR","og_type":"article","og_title":"Scientific publications about Manuka Honing - Manuka New Zealand","og_description":"Over the years, much groundbreaking scientific research has been done into the unique qualities of Manuka Honey. Leading researchers such as Thomas Henle and Keiji Terao have many publications to their name. In addition, many universities have published publications.","og_url":"https:\/\/www.manukanewzealand.com\/fr\/science\/","og_site_name":"MNZ - Manuka New Zealand - The Best Raw Manuka Honey | Global","article_modified_time":"2026-02-18T14:32:00+00:00","og_image":[{"width":200,"height":200,"url":"https:\/\/www.manukanewzealand.com\/wp-content\/uploads\/2022\/11\/mnz-logo-200x200-1-1.png","type":"image\/png"}],"twitter_card":"summary_large_image","twitter_misc":{"Dur\u00e9e de lecture estim\u00e9e":"1 minute"},"schema":{"@context":"https:\/\/schema.org","@graph":[{"@type":"WebPage","@id":"https:\/\/www.manukanewzealand.com\/science\/","url":"https:\/\/www.manukanewzealand.com\/science\/","name":"Publications scientifiques sur Manuka Honing - Manuka New Zealand","isPartOf":{"@id":"https:\/\/www.manukanewzealand.com\/es\/#website"},"datePublished":"2019-08-14T12:14:00+00:00","dateModified":"2026-02-18T14:32:00+00:00","description":"Au fil des ans, de nombreuses recherches scientifiques novatrices ont \u00e9t\u00e9 men\u00e9es sur les qualit\u00e9s uniques du miel de Manuka. Des chercheurs de premier plan tels que Thomas Henle et Keiji Terao ont publi\u00e9 de nombreux ouvrages. En outre, de nombreuses universit\u00e9s ont publi\u00e9 des ouvrages.","breadcrumb":{"@id":"https:\/\/www.manukanewzealand.com\/science\/#breadcrumb"},"inLanguage":"fr-FR","potentialAction":[{"@type":"ReadAction","target":["https:\/\/www.manukanewzealand.com\/science\/"]}]},{"@type":"BreadcrumbList","@id":"https:\/\/www.manukanewzealand.com\/science\/#breadcrumb","itemListElement":[{"@type":"ListItem","position":1,"name":"Home","item":"https:\/\/www.manukanewzealand.com\/"},{"@type":"ListItem","position":2,"name":"Manuka Honey Science"}]},{"@type":"WebSite","@id":"https:\/\/www.manukanewzealand.com\/es\/#website","url":"https:\/\/www.manukanewzealand.com\/es\/","name":"MNZ - Manuka New Zealand - Le meilleur miel brut de Manuka | Global","description":"","publisher":{"@id":"https:\/\/www.manukanewzealand.com\/es\/#organization"},"potentialAction":[{"@type":"SearchAction","target":{"@type":"EntryPoint","urlTemplate":"https:\/\/www.manukanewzealand.com\/es\/?s={search_term_string}"},"query-input":{"@type":"PropertyValueSpecification","valueRequired":true,"valueName":"search_term_string"}}],"inLanguage":"fr-FR"},{"@type":"Organization","@id":"https:\/\/www.manukanewzealand.com\/es\/#organization","name":"MNZ - Manuka New Zealand - Le meilleur miel brut de Manuka | Global","url":"https:\/\/www.manukanewzealand.com\/es\/","logo":{"@type":"ImageObject","inLanguage":"fr-FR","@id":"https:\/\/www.manukanewzealand.com\/es\/#\/schema\/logo\/image\/","url":"https:\/\/www.manukanewzealand.com\/wp-content\/uploads\/2022\/11\/mnz-logo-200x200-1-1.png","contentUrl":"https:\/\/www.manukanewzealand.com\/wp-content\/uploads\/2022\/11\/mnz-logo-200x200-1-1.png","width":200,"height":200,"caption":"MNZ - Manuka New Zealand - The Best Raw Manuka Honey | Global"},"image":{"@id":"https:\/\/www.manukanewzealand.com\/es\/#\/schema\/logo\/image\/"}}]}},"_links":{"self":[{"href":"https:\/\/www.manukanewzealand.com\/fr\/wp-json\/wp\/v2\/pages\/28919","targetHints":{"allow":["GET"]}}],"collection":[{"href":"https:\/\/www.manukanewzealand.com\/fr\/wp-json\/wp\/v2\/pages"}],"about":[{"href":"https:\/\/www.manukanewzealand.com\/fr\/wp-json\/wp\/v2\/types\/page"}],"author":[{"embeddable":true,"href":"https:\/\/www.manukanewzealand.com\/fr\/wp-json\/wp\/v2\/users\/2"}],"replies":[{"embeddable":true,"href":"https:\/\/www.manukanewzealand.com\/fr\/wp-json\/wp\/v2\/comments?post=28919"}],"version-history":[{"count":1,"href":"https:\/\/www.manukanewzealand.com\/fr\/wp-json\/wp\/v2\/pages\/28919\/revisions"}],"predecessor-version":[{"id":35311,"href":"https:\/\/www.manukanewzealand.com\/fr\/wp-json\/wp\/v2\/pages\/28919\/revisions\/35311"}],"wp:attachment":[{"href":"https:\/\/www.manukanewzealand.com\/fr\/wp-json\/wp\/v2\/media?parent=28919"}],"curies":[{"name":"wp","href":"https:\/\/api.w.org\/{rel}","templated":true}]}}