{"id":28897,"date":"2019-08-14T12:59:30","date_gmt":"2019-08-14T11:59:30","guid":{"rendered":"https:\/\/www.manukanewzealand.com\/?page_id=28897"},"modified":"2026-02-18T15:04:37","modified_gmt":"2026-02-18T14:04:37","slug":"experts","status":"publish","type":"page","link":"https:\/\/www.manukanewzealand.com\/fr\/experts\/","title":{"rendered":"Experts"},"content":{"rendered":"<div id=\"page-header-590286877\" class=\"page-header-wrapper\">\n  <div class=\"page-title dark divided-title\">\n\n        <div class=\"page-title-bg\">\n      <div class=\"title-bg fill bg-fill\"\n        data-parallax-container=\".page-title\"\n        data-parallax-background\n data-parallax=\"-\">\n      <\/div>\n      <div class=\"title-overlay fill\"><\/div>\n    <\/div>\n    \n    <div class=\"page-title-inner container align-center flex-row medium-flex-wrap\" >\n              <div class=\"title-wrapper flex-col text-left medium-text-center\">\n          <h1 class=\"entry-title mb-0\">\n            les experts de la MNZ          <\/h1>\n        <\/div>\n                    <div class=\"title-content flex-col flex-right text-right medium-text-center\">\n        <div class=\"title-breadcrumbs pb-half pt-half\"><nav class=\"woocommerce-breadcrumb breadcrumbs\" aria-label=\"Fil d&#039;Ariane\">Accueil<\/nav><\/div>      <\/div>\n    <\/div>\n\n     \n<style>\n#page-header-590286877 .page-title-inner {\n  min-height: 250px;\n}\n#page-header-590286877 .title-bg {\n  background-image: url(https:\/\/www.manukanewzealand.com\/wp-content\/uploads\/2026\/02\/mnz-header-2.jpg);\n}\n<\/style>\n  <\/div>\n  <div class=\"container header-wrapper-divider\"><hr\/><\/div>  <\/div>\n  \n\n\t<section class=\"section\" id=\"section_582442244\">\n\t\t<div class=\"section-bg fill\" >\n\t\t\t\t\t\t\t\t\t\n\t\t\t\n\n\t\t<\/div>\n\n\t\t\n\n\t\t<div class=\"section-content relative\">\n\t\t\t\n<div class=\"row\"  id=\"row-2110025658\">\n\n\t<div id=\"col-212751129\" class=\"col medium-12 small-12 large-8\"  >\n\t\t\t\t<div class=\"col-inner\"  >\n\t\t\t\n\t\t\t\n<h2>Miel de Manuka - Un cadeau unique de la nature<\/h2>\n<p>Le miel de Manuka provient de l'arbuste de Manuka, originaire de Nouvelle-Z\u00e9lande (<em>Leptospermum scoparium<\/em>), une plante qui prosp\u00e8re dans les paysages accident\u00e9s et isol\u00e9s du pays. Le long isolement g\u00e9ographique de la Nouvelle-Z\u00e9lande a permis \u00e0 sa flore et \u00e0 sa faune d'\u00e9voluer d'une mani\u00e8re particuli\u00e8re, donnant naissance \u00e0 des esp\u00e8ces v\u00e9g\u00e9tales que l'on ne trouve nulle part ailleurs dans le monde.<\/p>\n<p>La plante de Manuka va de l'arbuste \u00e0 l'arbre de petite taille et ne fleurit que pendant une courte p\u00e9riode chaque ann\u00e9e. Pendant cette p\u00e9riode, les abeilles r\u00e9coltent le nectar qui donne au miel de Manuka son profil caract\u00e9ristique. Depuis des g\u00e9n\u00e9rations, les communaut\u00e9s M\u0101ori appr\u00e9cient la plante Manuka dans le cadre de leurs pratiques traditionnelles.<\/p>\n<p>Les abeilles \u00e0 miel ont \u00e9t\u00e9 introduites en Nouvelle-Z\u00e9lande au XIXe si\u00e8cle et, au fil du temps, le miel de Manuka s'est fait conna\u00eetre pour sa composition particuli\u00e8re. La recherche scientifique moderne a depuis permis de mieux comprendre les compos\u00e9s naturels qui rendent ce miel unique.<\/p>\n<h2>Sp\u00e9cialistes du miel de Manuka<\/h2>\n<p>MNZ est fi\u00e8re de produire ses produits apicoles en Nouvelle-Z\u00e9lande. La r\u00e9colte, le traitement et l'emballage ont lieu dans nos propres installations, conform\u00e9ment aux normes strictes \u00e9tablies par le minist\u00e8re n\u00e9o-z\u00e9landais des industries primaires (MPI).<\/p>\n<p>Notre miel de Manuka brut et monofloral se caract\u00e9rise par sa puret\u00e9, sa tra\u00e7abilit\u00e9 et sa qualit\u00e9 constante. Les ruches en bois sont plac\u00e9es dans des r\u00e9gions recul\u00e9es et pr\u00e9serv\u00e9es de Nouvelle-Z\u00e9lande afin de r\u00e9duire l'exposition \u00e0 l'environnement et de maintenir un cadre naturel pour nos colonies.<\/p>\n<p>Chez MNZ, la sant\u00e9 des colonies d'abeilles est \u00e0 la base de tout ce que nous faisons. Nos apiculteurs surveillent de pr\u00e8s l'\u00e9tat des ruches pour s'assurer que les abeilles peuvent prosp\u00e9rer et produire du miel de Manuka dans un environnement stable.<\/p>\n<p>Nos ruches \u00e9tant situ\u00e9es dans des zones rurales isol\u00e9es, le risque de contamination de l'environnement est r\u00e9duit au minimum. En outre, chaque lot de miel de Manuka est soumis \u00e0 des tests de laboratoire rigoureux afin de confirmer qu'il r\u00e9pond \u00e0 des normes de qualit\u00e9 strictes et qu'il est exempt de r\u00e9sidus ind\u00e9sirables.<\/p>\n\t\t<\/div>\n\t\t\t\t\t<\/div>\n\n\t\n\n\t<div id=\"col-966000923\" class=\"col medium-12 small-12 large-4\"  >\n\t\t\t\t<div class=\"col-inner text-center\"  >\n\t\t\t\n\t\t\t\n\t\n  \n    <div class=\"row large-columns-1 medium-columns- small-columns- row-small slider row-slider slider-nav-reveal slider-nav-push\"  data-flickity-options='{&quot;imagesLoaded&quot;: true, &quot;groupCells&quot;: &quot;100%&quot;, &quot;dragThreshold&quot; : 5, &quot;cellAlign&quot;: &quot;left&quot;,&quot;wrapAround&quot;: true,&quot;prevNextButtons&quot;: true,&quot;percentPosition&quot;: true,&quot;pageDots&quot;: false, &quot;rightToLeft&quot;: false, &quot;autoPlay&quot; : false}' >\n\n  \n\t     <div class=\"product-small col has-hover product type-product post-470 status-publish first instock product_cat-uncategorized has-post-thumbnail taxable shipping-taxable purchasable product-type-simple\">\n\t<div class=\"col-inner\">\n\t\n<div class=\"badge-container absolute left top z-1\">\n\n<\/div>\n\t<div class=\"product-small box\">\n\t\t<div class=\"box-image\">\n\t\t\t<div class=\"image-none\">\n\t\t\t\t<a href=\"https:\/\/www.manukanewzealand.com\/fr\/product\/mgo-100-miel-de-manuka-500gr\/\">\n\t\t\t\t\t<img decoding=\"async\" width=\"500\" height=\"500\" src=\"https:\/\/www.manukanewzealand.com\/wp-content\/uploads\/2022\/07\/manukahoney-mnz100-500g-1-1.webp\" class=\"attachment-woocommerce_thumbnail size-woocommerce_thumbnail\" alt=\"Miel de Manuka MGO 100+ 500gr.\" srcset=\"https:\/\/www.manukanewzealand.com\/wp-content\/uploads\/2022\/07\/manukahoney-mnz100-500g-1-1.webp 500w, https:\/\/www.manukanewzealand.com\/wp-content\/uploads\/2022\/07\/manukahoney-mnz100-500g-1-1-100x100.webp 100w\" sizes=\"(max-width: 500px) 100vw, 500px\" \/>\t\t\t\t<\/a>\n\t\t\t<\/div>\n\t\t\t<div class=\"image-tools is-small top right show-on-hover\">\n\t\t\t\t\t\t<div class=\"wishlist-icon\">\n\t\t\t<button class=\"wishlist-button button is-outline circle icon\" aria-label=\"Liste de souhaits\">\n\t\t\t\t<i class=\"icon-heart\" aria-hidden=\"true\"><\/i>\t\t\t<\/button>\n\t\t\t<div class=\"wishlist-popup dark\">\n\t\t\t\t\n<div\n\tclass=\"yith-wcwl-add-to-wishlist add-to-wishlist-470 yith-wcwl-add-to-wishlist--link-style wishlist-fragment on-first-load\"\n\tdata-fragment-ref=\"470\"\n\tdata-fragment-options=\"{&quot;base_url&quot;:&quot;&quot;,&quot;product_id&quot;:470,&quot;parent_product_id&quot;:0,&quot;product_type&quot;:&quot;simple&quot;,&quot;is_single&quot;:false,&quot;in_default_wishlist&quot;:false,&quot;show_view&quot;:false,&quot;browse_wishlist_text&quot;:&quot;Browse wishlist&quot;,&quot;already_in_wishslist_text&quot;:&quot;The product is already in your wishlist!&quot;,&quot;product_added_text&quot;:&quot;Product added!&quot;,&quot;available_multi_wishlist&quot;:false,&quot;disable_wishlist&quot;:false,&quot;show_count&quot;:false,&quot;ajax_loading&quot;:false,&quot;loop_position&quot;:&quot;after_add_to_cart&quot;,&quot;item&quot;:&quot;add_to_wishlist&quot;}\"\n>\n\t<\/div>\n\t\t\t<\/div>\n\t\t<\/div>\n\t\t\t\t\t<\/div>\n\t\t\t<div class=\"image-tools is-small hide-for-small bottom left show-on-hover\">\n\t\t\t\t\t\t\t<\/div>\n\t\t\t<div class=\"image-tools grid-tools text-center hide-for-small bottom hover-slide-in show-on-hover\">\n\t\t\t\t\t\t\t<\/div>\n\t\t\t\t\t<\/div>\n\n\t\t<div class=\"box-text box-text-products text-center grid-style-2\">\n\t\t\t<div class=\"title-wrapper\"><p class=\"name product-title woocommerce-loop-product__title\"><a href=\"https:\/\/www.manukanewzealand.com\/fr\/product\/mgo-100-miel-de-manuka-500gr\/\" class=\"woocommerce-LoopProduct-link woocommerce-loop-product__link\">Miel de Manuka MGO 100+ 500gr.<\/a><\/p><\/div><div class=\"price-wrapper\">\n\t<span class=\"price\"><span class=\"woocommerce-Price-amount amount\"><bdi><span class=\"woocommerce-Price-currencySymbol\">\u20ac<\/span>59,00<\/bdi><\/span> <small class=\"woocommerce-price-suffix\">TVA incluse<\/small><\/span>\n<\/div><div class=\"add-to-cart-button\"><a href=\"\/fr\/wp-json\/wp\/v2\/pages\/28897?add-to-cart=470\" aria-describedby=\"woocommerce_loop_add_to_cart_link_describedby_470\" data-quantity=\"1\" class=\"primary is-small mb-0 button product_type_simple add_to_cart_button ajax_add_to_cart is-outline\" data-product_id=\"470\" data-product_sku=\"MNZ002\" aria-label=\"Ajouter au panier : \u201cMiel de Manuka MGO 100+ 500gr.\u201d\" rel=\"nofollow\" data-success_message=\"&ldquo;Manuka Honey MGO 100+ 500gr.&rdquo; has been added to your cart\" role=\"button\">Ajouter au panier<\/a><\/div>\t<span id=\"woocommerce_loop_add_to_cart_link_describedby_470\" class=\"screen-reader-text\">\n\t\t\t<\/span>\n\t\t<\/div>\n\t<\/div>\n\t\t<\/div>\n<\/div><\/div>\n\t\t<\/div>\n\t\t\t\t\n<style>\n#col-966000923 > .col-inner {\n  max-width: 500px;\n}\n<\/style>\n\t<\/div>\n\n\t\n<\/div>\n\t\t<\/div>\n\n\t\t\n<style>\n#section_582442244 {\n  padding-top: 30px;\n  padding-bottom: 30px;\n}\n<\/style>\n\t<\/section>","protected":false},"excerpt":{"rendered":"","protected":false},"author":2,"featured_media":0,"parent":0,"menu_order":0,"comment_status":"closed","ping_status":"closed","template":"","meta":{"footnotes":""},"class_list":["post-28897","page","type-page","status-publish","hentry"],"yoast_head":"<!-- This site is optimized with the Yoast SEO plugin v27.3 - https:\/\/yoast.com\/product\/yoast-seo-wordpress\/ -->\n<title>Experts in MGO Manuka Honey - Manuka New Zealand<\/title>\n<meta name=\"description\" content=\"Manuka New Zealand; 100% New Zealand. Manuka New Zealand is a leading producer of bee products from New Zealand. Manuka New Zealand harvests, processes and packages its by-products in New Zealand, which means they meet the strict quality standards of New Zealand. Original Manuka Honey from New Zealand\" \/>\n<meta name=\"robots\" content=\"index, follow, max-snippet:-1, max-image-preview:large, max-video-preview:-1\" \/>\n<link rel=\"canonical\" href=\"https:\/\/www.manukanewzealand.com\/fr\/experts\/\" \/>\n<meta property=\"og:locale\" content=\"fr_FR\" \/>\n<meta property=\"og:type\" content=\"article\" \/>\n<meta property=\"og:title\" content=\"Experts in MGO Manuka Honey - Manuka New Zealand\" \/>\n<meta property=\"og:description\" content=\"Manuka New Zealand; 100% New Zealand. Manuka New Zealand is a leading producer of bee products from New Zealand. Manuka New Zealand harvests, processes and packages its by-products in New Zealand, which means they meet the strict quality standards of New Zealand. Original Manuka Honey from New Zealand\" \/>\n<meta property=\"og:url\" content=\"https:\/\/www.manukanewzealand.com\/fr\/experts\/\" \/>\n<meta property=\"og:site_name\" content=\"MNZ - Manuka New Zealand - The Best Raw Manuka Honey | Global\" \/>\n<meta property=\"article:modified_time\" content=\"2026-02-18T14:04:37+00:00\" \/>\n<meta property=\"og:image\" content=\"https:\/\/www.manukanewzealand.com\/wp-content\/uploads\/2022\/11\/mnz-logo-200x200-1-1.png\" \/>\n\t<meta property=\"og:image:width\" content=\"200\" \/>\n\t<meta property=\"og:image:height\" content=\"200\" \/>\n\t<meta property=\"og:image:type\" content=\"image\/png\" \/>\n<meta name=\"twitter:card\" content=\"summary_large_image\" \/>\n<script type=\"application\/ld+json\" class=\"yoast-schema-graph\">{\"@context\":\"https:\\\/\\\/schema.org\",\"@graph\":[{\"@type\":\"WebPage\",\"@id\":\"https:\\\/\\\/www.manukanewzealand.com\\\/experts\\\/\",\"url\":\"https:\\\/\\\/www.manukanewzealand.com\\\/experts\\\/\",\"name\":\"Experts in MGO Manuka Honey - Manuka New Zealand\",\"isPartOf\":{\"@id\":\"https:\\\/\\\/www.manukanewzealand.com\\\/es\\\/#website\"},\"datePublished\":\"2019-08-14T11:59:30+00:00\",\"dateModified\":\"2026-02-18T14:04:37+00:00\",\"description\":\"Manuka New Zealand; 100% New Zealand. Manuka New Zealand is a leading producer of bee products from New Zealand. Manuka New Zealand harvests, processes and packages its by-products in New Zealand, which means they meet the strict quality standards of New Zealand. Original Manuka Honey from New Zealand\",\"breadcrumb\":{\"@id\":\"https:\\\/\\\/www.manukanewzealand.com\\\/experts\\\/#breadcrumb\"},\"inLanguage\":\"fr-FR\",\"potentialAction\":[{\"@type\":\"ReadAction\",\"target\":[\"https:\\\/\\\/www.manukanewzealand.com\\\/experts\\\/\"]}]},{\"@type\":\"BreadcrumbList\",\"@id\":\"https:\\\/\\\/www.manukanewzealand.com\\\/experts\\\/#breadcrumb\",\"itemListElement\":[{\"@type\":\"ListItem\",\"position\":1,\"name\":\"Home\",\"item\":\"https:\\\/\\\/www.manukanewzealand.com\\\/\"},{\"@type\":\"ListItem\",\"position\":2,\"name\":\"Experts\"}]},{\"@type\":\"WebSite\",\"@id\":\"https:\\\/\\\/www.manukanewzealand.com\\\/es\\\/#website\",\"url\":\"https:\\\/\\\/www.manukanewzealand.com\\\/es\\\/\",\"name\":\"MNZ - Manuka New Zealand - The Best Raw Manuka Honey | Global\",\"description\":\"\",\"publisher\":{\"@id\":\"https:\\\/\\\/www.manukanewzealand.com\\\/es\\\/#organization\"},\"potentialAction\":[{\"@type\":\"SearchAction\",\"target\":{\"@type\":\"EntryPoint\",\"urlTemplate\":\"https:\\\/\\\/www.manukanewzealand.com\\\/es\\\/?s={search_term_string}\"},\"query-input\":{\"@type\":\"PropertyValueSpecification\",\"valueRequired\":true,\"valueName\":\"search_term_string\"}}],\"inLanguage\":\"fr-FR\"},{\"@type\":\"Organization\",\"@id\":\"https:\\\/\\\/www.manukanewzealand.com\\\/es\\\/#organization\",\"name\":\"MNZ - Manuka New Zealand - The Best Raw Manuka Honey | Global\",\"url\":\"https:\\\/\\\/www.manukanewzealand.com\\\/es\\\/\",\"logo\":{\"@type\":\"ImageObject\",\"inLanguage\":\"fr-FR\",\"@id\":\"https:\\\/\\\/www.manukanewzealand.com\\\/es\\\/#\\\/schema\\\/logo\\\/image\\\/\",\"url\":\"https:\\\/\\\/www.manukanewzealand.com\\\/wp-content\\\/uploads\\\/2022\\\/11\\\/mnz-logo-200x200-1-1.png\",\"contentUrl\":\"https:\\\/\\\/www.manukanewzealand.com\\\/wp-content\\\/uploads\\\/2022\\\/11\\\/mnz-logo-200x200-1-1.png\",\"width\":200,\"height\":200,\"caption\":\"MNZ - Manuka New Zealand - The Best Raw Manuka Honey | Global\"},\"image\":{\"@id\":\"https:\\\/\\\/www.manukanewzealand.com\\\/es\\\/#\\\/schema\\\/logo\\\/image\\\/\"}}]}<\/script>\n<meta property=\"product:price:amount\" content=\"59.00\" \/>\n<meta property=\"product:price:currency\" content=\"EUR\" \/>\n<meta property=\"og:availability\" content=\"instock\" \/>\n<meta property=\"product:availability\" content=\"instock\" \/>\n<meta property=\"product:retailer_item_id\" content=\"MNZ002\" \/>\n<meta property=\"product:condition\" content=\"new\" \/>\n<!-- \/ Yoast SEO plugin. -->","yoast_head_json":{"title":"Experts en miel de manuka MGO - Manuka Nouvelle-Z\u00e9lande","description":"Manuka Nouvelle-Z\u00e9lande ; 100% Nouvelle-Z\u00e9lande. Manuka New Zealand est l'un des principaux producteurs de produits apicoles de Nouvelle-Z\u00e9lande. Manuka New Zealand r\u00e9colte, transforme et conditionne ses produits d\u00e9riv\u00e9s en Nouvelle-Z\u00e9lande, ce qui signifie qu'ils r\u00e9pondent aux normes de qualit\u00e9 strictes de la Nouvelle-Z\u00e9lande. Miel de Manuka original de Nouvelle-Z\u00e9lande","robots":{"index":"index","follow":"follow","max-snippet":"max-snippet:-1","max-image-preview":"max-image-preview:large","max-video-preview":"max-video-preview:-1"},"canonical":"https:\/\/www.manukanewzealand.com\/fr\/experts\/","og_locale":"fr_FR","og_type":"article","og_title":"Experts in MGO Manuka Honey - Manuka New Zealand","og_description":"Manuka New Zealand; 100% New Zealand. Manuka New Zealand is a leading producer of bee products from New Zealand. Manuka New Zealand harvests, processes and packages its by-products in New Zealand, which means they meet the strict quality standards of New Zealand. Original Manuka Honey from New Zealand","og_url":"https:\/\/www.manukanewzealand.com\/fr\/experts\/","og_site_name":"MNZ - Manuka New Zealand - The Best Raw Manuka Honey | Global","article_modified_time":"2026-02-18T14:04:37+00:00","og_image":[{"width":200,"height":200,"url":"https:\/\/www.manukanewzealand.com\/wp-content\/uploads\/2022\/11\/mnz-logo-200x200-1-1.png","type":"image\/png"}],"twitter_card":"summary_large_image","schema":{"@context":"https:\/\/schema.org","@graph":[{"@type":"WebPage","@id":"https:\/\/www.manukanewzealand.com\/experts\/","url":"https:\/\/www.manukanewzealand.com\/experts\/","name":"Experts en miel de manuka MGO - Manuka Nouvelle-Z\u00e9lande","isPartOf":{"@id":"https:\/\/www.manukanewzealand.com\/es\/#website"},"datePublished":"2019-08-14T11:59:30+00:00","dateModified":"2026-02-18T14:04:37+00:00","description":"Manuka Nouvelle-Z\u00e9lande ; 100% Nouvelle-Z\u00e9lande. Manuka New Zealand est l'un des principaux producteurs de produits apicoles de Nouvelle-Z\u00e9lande. Manuka New Zealand r\u00e9colte, transforme et conditionne ses produits d\u00e9riv\u00e9s en Nouvelle-Z\u00e9lande, ce qui signifie qu'ils r\u00e9pondent aux normes de qualit\u00e9 strictes de la Nouvelle-Z\u00e9lande. Miel de Manuka original de Nouvelle-Z\u00e9lande","breadcrumb":{"@id":"https:\/\/www.manukanewzealand.com\/experts\/#breadcrumb"},"inLanguage":"fr-FR","potentialAction":[{"@type":"ReadAction","target":["https:\/\/www.manukanewzealand.com\/experts\/"]}]},{"@type":"BreadcrumbList","@id":"https:\/\/www.manukanewzealand.com\/experts\/#breadcrumb","itemListElement":[{"@type":"ListItem","position":1,"name":"Home","item":"https:\/\/www.manukanewzealand.com\/"},{"@type":"ListItem","position":2,"name":"Experts"}]},{"@type":"WebSite","@id":"https:\/\/www.manukanewzealand.com\/es\/#website","url":"https:\/\/www.manukanewzealand.com\/es\/","name":"MNZ - Manuka New Zealand - Le meilleur miel brut de Manuka | Global","description":"","publisher":{"@id":"https:\/\/www.manukanewzealand.com\/es\/#organization"},"potentialAction":[{"@type":"SearchAction","target":{"@type":"EntryPoint","urlTemplate":"https:\/\/www.manukanewzealand.com\/es\/?s={search_term_string}"},"query-input":{"@type":"PropertyValueSpecification","valueRequired":true,"valueName":"search_term_string"}}],"inLanguage":"fr-FR"},{"@type":"Organization","@id":"https:\/\/www.manukanewzealand.com\/es\/#organization","name":"MNZ - Manuka New Zealand - Le meilleur miel brut de Manuka | Global","url":"https:\/\/www.manukanewzealand.com\/es\/","logo":{"@type":"ImageObject","inLanguage":"fr-FR","@id":"https:\/\/www.manukanewzealand.com\/es\/#\/schema\/logo\/image\/","url":"https:\/\/www.manukanewzealand.com\/wp-content\/uploads\/2022\/11\/mnz-logo-200x200-1-1.png","contentUrl":"https:\/\/www.manukanewzealand.com\/wp-content\/uploads\/2022\/11\/mnz-logo-200x200-1-1.png","width":200,"height":200,"caption":"MNZ - Manuka New Zealand - The Best Raw Manuka Honey | Global"},"image":{"@id":"https:\/\/www.manukanewzealand.com\/es\/#\/schema\/logo\/image\/"}}]},"product_price_amount":"59.00","product_price_currency":"EUR","og_availability":"instock","product_availability":"instock","product_retailer_item_id":"MNZ002","product_condition":"new"},"_links":{"self":[{"href":"https:\/\/www.manukanewzealand.com\/fr\/wp-json\/wp\/v2\/pages\/28897","targetHints":{"allow":["GET"]}}],"collection":[{"href":"https:\/\/www.manukanewzealand.com\/fr\/wp-json\/wp\/v2\/pages"}],"about":[{"href":"https:\/\/www.manukanewzealand.com\/fr\/wp-json\/wp\/v2\/types\/page"}],"author":[{"embeddable":true,"href":"https:\/\/www.manukanewzealand.com\/fr\/wp-json\/wp\/v2\/users\/2"}],"replies":[{"embeddable":true,"href":"https:\/\/www.manukanewzealand.com\/fr\/wp-json\/wp\/v2\/comments?post=28897"}],"version-history":[{"count":1,"href":"https:\/\/www.manukanewzealand.com\/fr\/wp-json\/wp\/v2\/pages\/28897\/revisions"}],"predecessor-version":[{"id":35292,"href":"https:\/\/www.manukanewzealand.com\/fr\/wp-json\/wp\/v2\/pages\/28897\/revisions\/35292"}],"wp:attachment":[{"href":"https:\/\/www.manukanewzealand.com\/fr\/wp-json\/wp\/v2\/media?parent=28897"}],"curies":[{"name":"wp","href":"https:\/\/api.w.org\/{rel}","templated":true}]}}