{"id":28891,"date":"2019-08-14T12:53:44","date_gmt":"2019-08-14T11:53:44","guid":{"rendered":"https:\/\/www.manukanewzealand.com\/?page_id=28891"},"modified":"2026-02-18T15:41:00","modified_gmt":"2026-02-18T14:41:00","slug":"disclaimer","status":"publish","type":"page","link":"https:\/\/www.manukanewzealand.com\/fr\/clause-de-non-responsabilite\/","title":{"rendered":"Clause de non-responsabilit\u00e9"},"content":{"rendered":"<div id=\"page-header-1287217073\" class=\"page-header-wrapper\">\n  <div class=\"page-title dark simple-title\">\n\n        <div class=\"page-title-bg\">\n      <div class=\"title-bg fill bg-fill\"\n        data-parallax-container=\".page-title\"\n        data-parallax-background\n data-parallax=\"-\">\n      <\/div>\n      <div class=\"title-overlay fill\"><\/div>\n    <\/div>\n    \n    <div class=\"page-title-inner container align-center flex-row medium-flex-wrap\" >\n              <div class=\"title-wrapper flex-col text-left medium-text-center\">\n          <h1 class=\"entry-title mb-0\">\n            Clause de non-responsabilit\u00e9          <\/h1>\n        <\/div>\n                    <div class=\"title-content flex-col flex-right text-right medium-text-center\">\n        <div class=\"title-breadcrumbs pb-half pt-half\"><nav class=\"woocommerce-breadcrumb breadcrumbs\" aria-label=\"Fil d&#039;Ariane\">Accueil<\/nav><\/div>      <\/div>\n    <\/div>\n\n     \n<style>\n#page-header-1287217073 .page-title-inner {\n  min-height: 250px;\n}\n#page-header-1287217073 .title-bg {\n  background-image: url(https:\/\/www.manukanewzealand.com\/wp-content\/uploads\/2026\/02\/mnz-header-2.jpg);\n}\n<\/style>\n  <\/div>\n    <\/div>\n  \n\n\t<section class=\"section\" id=\"section_1686176170\">\n\t\t<div class=\"section-bg fill\" >\n\t\t\t\t\t\t\t\t\t\n\t\t\t\n\n\t\t<\/div>\n\n\t\t\n\n\t\t<div class=\"section-content relative\">\n\t\t\t\n<div class=\"row\"  id=\"row-1372233005\">\n\n\t<div id=\"col-477393811\" class=\"col small-12 large-12\"  >\n\t\t\t\t<div class=\"col-inner\"  >\n\t\t\t\n\t\t\t\n<h2>Clause de non-responsabilit\u00e9<\/h2>\n<p><strong>Propri\u00e9t\u00e9 intellectuelle<\/strong><br \/>\nTout le contenu de ce site web - y compris les textes, les images, les \u00e9l\u00e9ments de conception, les marques, les logos et les noms de domaine - est la propri\u00e9t\u00e9 de <strong>Manuka New Zealand B.V.<\/strong> et <strong>MNZ Manuka New Zealand EMEA B.V.<\/strong> ou de leurs conc\u00e9dants de licence. Ce contenu est prot\u00e9g\u00e9 par des droits d'auteur, des marques commerciales et d'autres lois sur la propri\u00e9t\u00e9 intellectuelle.<br \/>\nAucune partie de ce site Web ne peut \u00eatre reproduite, distribu\u00e9e, modifi\u00e9e, publi\u00e9e ou utilis\u00e9e de quelque mani\u00e8re que ce soit sans l'autorisation \u00e9crite pr\u00e9alable de Manuka New Zealand B.V. ou de MNZ Manuka New Zealand EMEA B.V.<\/p>\n<p><strong>Information et pr\u00e9cision<\/strong><br \/>\nNous avons rassembl\u00e9 les informations sur ce site web avec le plus grand soin. Cependant, <strong>Manuka New Zealand B.V.<\/strong> et <strong>MNZ Manuka New Zealand EMEA B.V.<\/strong> ne peut garantir que l'ensemble du contenu est complet, exact ou \u00e0 jour \u00e0 tout moment.<br \/>\nNous nous r\u00e9servons le droit de mettre \u00e0 jour, de modifier ou de supprimer le contenu sans pr\u00e9avis. Les visiteurs sont responsables de l'utilisation et de l'interpr\u00e9tation des informations fournies.<\/p>\n<p><strong>Liens avec des tiers<\/strong><br \/>\nCe site web peut contenir des liens vers des sites web externes qui ne sont pas exploit\u00e9s ou contr\u00f4l\u00e9s par <strong>Manuka New Zealand B.V.<\/strong> ou <strong>MNZ Manuka New Zealand EMEA B.V.<\/strong>.<br \/>\nNous ne sommes pas responsables du contenu, de la disponibilit\u00e9 ou de la s\u00e9curit\u00e9 de ces sites web externes. L'acc\u00e8s \u00e0 ces sites se fait \u00e0 vos propres risques.<\/p>\n<p><strong>Responsabilit\u00e9<\/strong><br \/>\nNi l'un ni l'autre <strong>Manuka New Zealand B.V.<\/strong> ni <strong>MNZ Manuka New Zealand EMEA B.V.<\/strong> ne sera pas responsable des dommages directs ou indirects r\u00e9sultant de l'utilisation de ce site web, des informations fournies ou de l'impossibilit\u00e9 temporaire d'acc\u00e9der au site web. Cela inclut, mais sans s'y limiter, les dommages caus\u00e9s par des d\u00e9faillances techniques, des virus, des inexactitudes ou des informations incompl\u00e8tes.<br \/>\n<em>Aucune disposition de la pr\u00e9sente clause de non-responsabilit\u00e9 n'exclut ou ne limite la responsabilit\u00e9 dans les cas o\u00f9 une telle exclusion serait ill\u00e9gale, y compris la responsabilit\u00e9 en cas de d\u00e9c\u00e8s ou de dommages corporels caus\u00e9s par la n\u00e9gligence, la responsabilit\u00e9 obligatoire du fait des produits en vertu de la l\u00e9gislation de l'UE, ou les dommages caus\u00e9s par une faute intentionnelle ou une n\u00e9gligence grave.<\/em><\/p>\n<p><strong>Avis sur la loi sur les services num\u00e9riques (DSA)<\/strong><br \/>\nSi vous estimez qu'un contenu de ce site web est ill\u00e9gal ou porte atteinte \u00e0 vos droits, veuillez nous contacter par l'interm\u00e9diaire de notre site web \u00e0 l'adresse suivante <a href=\"https:\/\/www.manukanewzealand.com\/fr\/contact\/\">Page de contact<\/a>. Nous traitons ces notifications conform\u00e9ment \u00e0 la l\u00e9gislation europ\u00e9enne applicable, y compris la loi sur les services num\u00e9riques.<\/p>\n<p><strong>Vie priv\u00e9e et cookies<\/strong><br \/>\nLe traitement des donn\u00e9es \u00e0 caract\u00e8re personnel et l'utilisation des cookies sont r\u00e9gis par notre <a href=\"\/fr\/privacy-policy\/\">Politique de confidentialit\u00e9<\/a> et <a href=\"\/fr\/cookie-policy\/\">Politique en mati\u00e8re de cookies<\/a>.<\/p>\n<p><em>2025 Manuka New Zealand B.V. \/ MNZ Manuka New Zealand EMEA B.V. - Tous droits r\u00e9serv\u00e9s.<\/em><\/p>\n\t\t<\/div>\n\t\t\t\t\t<\/div>\n\n\t\n<\/div>\n\t\t<\/div>\n\n\t\t\n<style>\n#section_1686176170 {\n  padding-top: 30px;\n  padding-bottom: 30px;\n}\n<\/style>\n\t<\/section>","protected":false},"excerpt":{"rendered":"","protected":false},"author":2,"featured_media":0,"parent":0,"menu_order":0,"comment_status":"closed","ping_status":"closed","template":"","meta":{"footnotes":""},"class_list":["post-28891","page","type-page","status-publish","hentry"],"yoast_head":"<!-- This site is optimized with the Yoast SEO plugin v27.3 - https:\/\/yoast.com\/product\/yoast-seo-wordpress\/ -->\n<title>Disclaimer - MNZ - Manuka New Zealand - The Best Raw Manuka Honey | Global<\/title>\n<meta name=\"description\" content=\"Disclaimer Manuka New Zealand - EON Health B.V.\" \/>\n<meta name=\"robots\" content=\"noindex, nofollow\" \/>\n<meta property=\"og:locale\" content=\"fr_FR\" \/>\n<meta property=\"og:type\" content=\"article\" \/>\n<meta property=\"og:title\" content=\"Disclaimer - MNZ - Manuka New Zealand - The Best Raw Manuka Honey | Global\" \/>\n<meta property=\"og:description\" content=\"Disclaimer Manuka New Zealand - EON Health B.V.\" \/>\n<meta property=\"og:url\" content=\"https:\/\/www.manukanewzealand.com\/fr\/clause-de-non-responsabilite\/\" \/>\n<meta property=\"og:site_name\" content=\"MNZ - Manuka New Zealand - The Best Raw Manuka Honey | Global\" \/>\n<meta property=\"article:modified_time\" content=\"2026-02-18T14:41:00+00:00\" \/>\n<meta property=\"og:image\" content=\"https:\/\/www.manukanewzealand.com\/wp-content\/uploads\/2022\/11\/mnz-logo-200x200-1-1.png\" \/>\n\t<meta property=\"og:image:width\" content=\"200\" \/>\n\t<meta property=\"og:image:height\" content=\"200\" \/>\n\t<meta property=\"og:image:type\" content=\"image\/png\" \/>\n<meta name=\"twitter:card\" content=\"summary_large_image\" \/>\n<meta name=\"twitter:label1\" content=\"Dur\u00e9e de lecture estim\u00e9e\" \/>\n\t<meta name=\"twitter:data1\" content=\"2 minutes\" \/>\n<script type=\"application\/ld+json\" class=\"yoast-schema-graph\">{\"@context\":\"https:\\\/\\\/schema.org\",\"@graph\":[{\"@type\":\"WebPage\",\"@id\":\"https:\\\/\\\/www.manukanewzealand.com\\\/disclaimer\\\/\",\"url\":\"https:\\\/\\\/www.manukanewzealand.com\\\/disclaimer\\\/\",\"name\":\"Disclaimer - MNZ - Manuka New Zealand - The Best Raw Manuka Honey | Global\",\"isPartOf\":{\"@id\":\"https:\\\/\\\/www.manukanewzealand.com\\\/es\\\/#website\"},\"datePublished\":\"2019-08-14T11:53:44+00:00\",\"dateModified\":\"2026-02-18T14:41:00+00:00\",\"description\":\"Disclaimer Manuka New Zealand - EON Health B.V.\",\"breadcrumb\":{\"@id\":\"https:\\\/\\\/www.manukanewzealand.com\\\/disclaimer\\\/#breadcrumb\"},\"inLanguage\":\"fr-FR\",\"potentialAction\":[{\"@type\":\"ReadAction\",\"target\":[\"https:\\\/\\\/www.manukanewzealand.com\\\/disclaimer\\\/\"]}]},{\"@type\":\"BreadcrumbList\",\"@id\":\"https:\\\/\\\/www.manukanewzealand.com\\\/disclaimer\\\/#breadcrumb\",\"itemListElement\":[{\"@type\":\"ListItem\",\"position\":1,\"name\":\"Home\",\"item\":\"https:\\\/\\\/www.manukanewzealand.com\\\/\"},{\"@type\":\"ListItem\",\"position\":2,\"name\":\"Disclaimer\"}]},{\"@type\":\"WebSite\",\"@id\":\"https:\\\/\\\/www.manukanewzealand.com\\\/es\\\/#website\",\"url\":\"https:\\\/\\\/www.manukanewzealand.com\\\/es\\\/\",\"name\":\"MNZ - Manuka New Zealand - The Best Raw Manuka Honey | Global\",\"description\":\"\",\"publisher\":{\"@id\":\"https:\\\/\\\/www.manukanewzealand.com\\\/es\\\/#organization\"},\"potentialAction\":[{\"@type\":\"SearchAction\",\"target\":{\"@type\":\"EntryPoint\",\"urlTemplate\":\"https:\\\/\\\/www.manukanewzealand.com\\\/es\\\/?s={search_term_string}\"},\"query-input\":{\"@type\":\"PropertyValueSpecification\",\"valueRequired\":true,\"valueName\":\"search_term_string\"}}],\"inLanguage\":\"fr-FR\"},{\"@type\":\"Organization\",\"@id\":\"https:\\\/\\\/www.manukanewzealand.com\\\/es\\\/#organization\",\"name\":\"MNZ - Manuka New Zealand - The Best Raw Manuka Honey | Global\",\"url\":\"https:\\\/\\\/www.manukanewzealand.com\\\/es\\\/\",\"logo\":{\"@type\":\"ImageObject\",\"inLanguage\":\"fr-FR\",\"@id\":\"https:\\\/\\\/www.manukanewzealand.com\\\/es\\\/#\\\/schema\\\/logo\\\/image\\\/\",\"url\":\"https:\\\/\\\/www.manukanewzealand.com\\\/wp-content\\\/uploads\\\/2022\\\/11\\\/mnz-logo-200x200-1-1.png\",\"contentUrl\":\"https:\\\/\\\/www.manukanewzealand.com\\\/wp-content\\\/uploads\\\/2022\\\/11\\\/mnz-logo-200x200-1-1.png\",\"width\":200,\"height\":200,\"caption\":\"MNZ - Manuka New Zealand - The Best Raw Manuka Honey | Global\"},\"image\":{\"@id\":\"https:\\\/\\\/www.manukanewzealand.com\\\/es\\\/#\\\/schema\\\/logo\\\/image\\\/\"}}]}<\/script>\n<!-- \/ Yoast SEO plugin. -->","yoast_head_json":{"title":"Avertissement - MNZ - Manuka New Zealand - Le meilleur miel de manuka brut au monde","description":"Disclaimer Manuka New Zealand - EON Health B.V.","robots":{"index":"noindex","follow":"nofollow"},"og_locale":"fr_FR","og_type":"article","og_title":"Disclaimer - MNZ - Manuka New Zealand - The Best Raw Manuka Honey | Global","og_description":"Disclaimer Manuka New Zealand - EON Health B.V.","og_url":"https:\/\/www.manukanewzealand.com\/fr\/clause-de-non-responsabilite\/","og_site_name":"MNZ - Manuka New Zealand - The Best Raw Manuka Honey | Global","article_modified_time":"2026-02-18T14:41:00+00:00","og_image":[{"width":200,"height":200,"url":"https:\/\/www.manukanewzealand.com\/wp-content\/uploads\/2022\/11\/mnz-logo-200x200-1-1.png","type":"image\/png"}],"twitter_card":"summary_large_image","twitter_misc":{"Dur\u00e9e de lecture estim\u00e9e":"2 minutes"},"schema":{"@context":"https:\/\/schema.org","@graph":[{"@type":"WebPage","@id":"https:\/\/www.manukanewzealand.com\/disclaimer\/","url":"https:\/\/www.manukanewzealand.com\/disclaimer\/","name":"Avertissement - MNZ - Manuka New Zealand - Le meilleur miel de manuka brut au monde","isPartOf":{"@id":"https:\/\/www.manukanewzealand.com\/es\/#website"},"datePublished":"2019-08-14T11:53:44+00:00","dateModified":"2026-02-18T14:41:00+00:00","description":"Disclaimer Manuka New Zealand - EON Health B.V.","breadcrumb":{"@id":"https:\/\/www.manukanewzealand.com\/disclaimer\/#breadcrumb"},"inLanguage":"fr-FR","potentialAction":[{"@type":"ReadAction","target":["https:\/\/www.manukanewzealand.com\/disclaimer\/"]}]},{"@type":"BreadcrumbList","@id":"https:\/\/www.manukanewzealand.com\/disclaimer\/#breadcrumb","itemListElement":[{"@type":"ListItem","position":1,"name":"Home","item":"https:\/\/www.manukanewzealand.com\/"},{"@type":"ListItem","position":2,"name":"Disclaimer"}]},{"@type":"WebSite","@id":"https:\/\/www.manukanewzealand.com\/es\/#website","url":"https:\/\/www.manukanewzealand.com\/es\/","name":"MNZ - Manuka New Zealand - Le meilleur miel brut de Manuka | Global","description":"","publisher":{"@id":"https:\/\/www.manukanewzealand.com\/es\/#organization"},"potentialAction":[{"@type":"SearchAction","target":{"@type":"EntryPoint","urlTemplate":"https:\/\/www.manukanewzealand.com\/es\/?s={search_term_string}"},"query-input":{"@type":"PropertyValueSpecification","valueRequired":true,"valueName":"search_term_string"}}],"inLanguage":"fr-FR"},{"@type":"Organization","@id":"https:\/\/www.manukanewzealand.com\/es\/#organization","name":"MNZ - Manuka New Zealand - Le meilleur miel brut de Manuka | Global","url":"https:\/\/www.manukanewzealand.com\/es\/","logo":{"@type":"ImageObject","inLanguage":"fr-FR","@id":"https:\/\/www.manukanewzealand.com\/es\/#\/schema\/logo\/image\/","url":"https:\/\/www.manukanewzealand.com\/wp-content\/uploads\/2022\/11\/mnz-logo-200x200-1-1.png","contentUrl":"https:\/\/www.manukanewzealand.com\/wp-content\/uploads\/2022\/11\/mnz-logo-200x200-1-1.png","width":200,"height":200,"caption":"MNZ - Manuka New Zealand - The Best Raw Manuka Honey | Global"},"image":{"@id":"https:\/\/www.manukanewzealand.com\/es\/#\/schema\/logo\/image\/"}}]}},"_links":{"self":[{"href":"https:\/\/www.manukanewzealand.com\/fr\/wp-json\/wp\/v2\/pages\/28891","targetHints":{"allow":["GET"]}}],"collection":[{"href":"https:\/\/www.manukanewzealand.com\/fr\/wp-json\/wp\/v2\/pages"}],"about":[{"href":"https:\/\/www.manukanewzealand.com\/fr\/wp-json\/wp\/v2\/types\/page"}],"author":[{"embeddable":true,"href":"https:\/\/www.manukanewzealand.com\/fr\/wp-json\/wp\/v2\/users\/2"}],"replies":[{"embeddable":true,"href":"https:\/\/www.manukanewzealand.com\/fr\/wp-json\/wp\/v2\/comments?post=28891"}],"version-history":[{"count":3,"href":"https:\/\/www.manukanewzealand.com\/fr\/wp-json\/wp\/v2\/pages\/28891\/revisions"}],"predecessor-version":[{"id":35317,"href":"https:\/\/www.manukanewzealand.com\/fr\/wp-json\/wp\/v2\/pages\/28891\/revisions\/35317"}],"wp:attachment":[{"href":"https:\/\/www.manukanewzealand.com\/fr\/wp-json\/wp\/v2\/media?parent=28891"}],"curies":[{"name":"wp","href":"https:\/\/api.w.org\/{rel}","templated":true}]}}