{"id":503,"date":"2024-01-17T08:02:53","date_gmt":"2024-01-17T07:02:53","guid":{"rendered":"https:\/\/www.manukahoney.eu\/?post_type=product&#038;p=503"},"modified":"2026-02-17T13:57:08","modified_gmt":"2026-02-17T12:57:08","slug":"manuka-honey-drops-propolis","status":"publish","type":"product","link":"https:\/\/www.manukanewzealand.com\/es\/product\/manuka-honey-drops-propolis\/","title":{"rendered":"Gotas de miel de Manuka y prop\u00f3leo"},"content":{"rendered":"<h1>Pastillas de miel de Manuka MNZ \u2013 Con isomalt y prop\u00f3leos<\/h1>\n<p><strong>Pastillas de miel de Manuka MNZ<\/strong> son pastillas cuidadosamente elaboradas con <strong>isomalt<\/strong>, <strong>Miel de Manuka monofloral cruda MGO 100+<\/strong> y una peque\u00f1a cantidad de <strong>prop\u00f3leo<\/strong>. Ofrecen una textura suave y un sabor agradable y equilibrado.<\/p>\n<h2>\u00bfPor qu\u00e9 elegir las pastillas de miel de Manuka de MNZ?<\/h2>\n<p>MNZ es sin\u00f3nimo de pureza, transparencia y origen confiable. Estas pastillas se elaboran utilizando isomalt como sustituto del az\u00facar, combinado con aut\u00e9ntica miel de Manuka de Nueva Zelanda.<\/p>\n<p>El isomalt proporciona un dulzor suave, lo que permite que el sabor natural de la miel de Manuka se aprecie sin resultar excesivamente dulce. La adici\u00f3n de prop\u00f3leo complementa la f\u00f3rmula y crea una composici\u00f3n equilibrada.<\/p>\n<p>Su formato s\u00f3lido en forma de pastilla las hace f\u00e1ciles de llevar y sencillas de usar. Ideales para viajar, ir al trabajo o para el d\u00eda a d\u00eda, cuando prefieres una alternativa pr\u00e1ctica a la miel l\u00edquida. La marca MNZ es sin\u00f3nimo de calidad constante, trazabilidad total e ingredientes cuidadosamente seleccionados.<\/p>\n<ul>\n<li>Con miel de Manuka monofloral cruda MGO 100+.<\/li>\n<li>Elaborado con isomalt como sustituto del az\u00facar.<\/li>\n<li>Contiene prop\u00f3leos.<\/li>\n<li>Agradable dulzura equilibrada.<\/li>\n<li>C\u00f3modo y f\u00e1cil de transportar.<\/li>\n<\/ul>\n<h3>Ingredientes<\/h3>\n<p>Isomalt, miel de Manuka (MGO 100+), prop\u00f3leo.<\/p>\n<h3>Valores nutricionales por cada 100 g<\/h3>\n<ul>\n<li>Energ\u00eda: 1130 kJ \/ 270 kcal<\/li>\n<li>Grasa: 0,0 g<\/li>\n<li>de los cuales saturados: 0.0 g<\/li>\n<li>Carbohidratos: 38,1 g<\/li>\n<li>de los cuales az\u00facares: 32,7 g<\/li>\n<li>Fibra: 60,0 g<\/li>\n<li>Prote\u00ednas: 0,1 g<\/li>\n<li>Sal: 0,013 g<\/li>\n<\/ul>\n<h3>Informaci\u00f3n importante<\/h3>\n<p>El consumo excesivo puede tener un efecto laxante.<br \/>\nNo apto para ni\u00f1os menores de 1 a\u00f1o.<br \/>\nGu\u00e1rdese en un lugar fresco y seco.<\/p>","protected":false},"excerpt":{"rendered":"<p>MNZ Manuka Honey Pastilles \u2013 With Isomalt &amp; Propolis MNZ Manuka Honey Pastilles are carefully crafted lozenges made with Isomalt, raw monofloral MGO 100+ Manuka honey and a small amount of propolis. They offer a smooth texture and a pleasant, balanced taste. Why choose MNZ Manuka Honey Pastilles? MNZ stands for purity, transparency and trusted [&#8230;]\n","protected":false},"featured_media":35177,"comment_status":"closed","ping_status":"closed","template":"","meta":[],"product_brand":[],"product_cat":[113],"product_tag":[],"class_list":{"0":"post-503","1":"product","2":"type-product","3":"status-publish","4":"has-post-thumbnail","6":"product_cat-uncategorized","8":"first","9":"instock","10":"taxable","11":"shipping-taxable","12":"purchasable","13":"product-type-simple"},"yoast_head":"<!-- This site is optimized with the Yoast SEO plugin v27.3 - https:\/\/yoast.com\/product\/yoast-seo-wordpress\/ -->\n<title>MNZ Manuka Honey Pastilles MGO 100+ | With Isomalt &amp; Propolis | Low Sugar<\/title>\n<meta name=\"description\" content=\"Premium Manuka honey pastilles with raw MGO 100+ Manuka honey, Isomalt and propolis. Pleasantly sweet, sugar free and ideal for daily use or on the go.\" \/>\n<meta name=\"robots\" content=\"index, follow, max-snippet:-1, max-image-preview:large, max-video-preview:-1\" \/>\n<link rel=\"canonical\" href=\"https:\/\/www.manukanewzealand.com\/es\/product\/manuka-honey-drops-propolis\/\" \/>\n<meta property=\"og:locale\" content=\"es_MX\" \/>\n<meta property=\"og:type\" content=\"article\" \/>\n<meta property=\"og:title\" content=\"MNZ Manuka Honey Pastilles MGO 100+ | With Isomalt &amp; Propolis | Low Sugar\" \/>\n<meta property=\"og:description\" content=\"Premium Manuka honey pastilles with raw MGO 100+ Manuka honey, Isomalt and propolis. Pleasantly sweet, sugar free and ideal for daily use or on the go.\" \/>\n<meta property=\"og:url\" content=\"https:\/\/www.manukanewzealand.com\/es\/product\/manuka-honey-drops-propolis\/\" \/>\n<meta property=\"og:site_name\" content=\"MNZ - Manuka New Zealand - The Best Raw Manuka Honey | Global\" \/>\n<meta property=\"article:modified_time\" content=\"2026-02-17T12:57:08+00:00\" \/>\n<meta property=\"og:image\" content=\"https:\/\/www.manukanewzealand.com\/wp-content\/uploads\/2024\/01\/MNZ-lozenges-manuka-honey-propolis.png\" \/>\n\t<meta property=\"og:image:width\" content=\"500\" \/>\n\t<meta property=\"og:image:height\" content=\"500\" \/>\n\t<meta property=\"og:image:type\" content=\"image\/png\" \/>\n<meta name=\"twitter:card\" content=\"summary_large_image\" \/>\n<meta name=\"twitter:label1\" content=\"Precio\" \/>\n\t<meta name=\"twitter:data1\" content=\"&euro;14,95 incl. VAT\" \/>\n\t<meta name=\"twitter:label2\" content=\"Availability\" \/>\n\t<meta name=\"twitter:data2\" content=\"In stock\" \/>\n<script type=\"application\/ld+json\" class=\"yoast-schema-graph\">{\"@context\":\"https:\\\/\\\/schema.org\",\"@graph\":[{\"@type\":\"WebPage\",\"@id\":\"https:\\\/\\\/www.manukanewzealand.com\\\/product\\\/manuka-honey-drops-propolis\\\/\",\"url\":\"https:\\\/\\\/www.manukanewzealand.com\\\/product\\\/manuka-honey-drops-propolis\\\/\",\"name\":\"MNZ Manuka Honey Pastilles MGO 100+ | With Isomalt & Propolis | Low Sugar\",\"isPartOf\":{\"@id\":\"https:\\\/\\\/www.manukanewzealand.com\\\/es\\\/#website\"},\"primaryImageOfPage\":{\"@id\":\"https:\\\/\\\/www.manukanewzealand.com\\\/product\\\/manuka-honey-drops-propolis\\\/#primaryimage\"},\"image\":{\"@id\":\"https:\\\/\\\/www.manukanewzealand.com\\\/product\\\/manuka-honey-drops-propolis\\\/#primaryimage\"},\"thumbnailUrl\":\"https:\\\/\\\/www.manukanewzealand.com\\\/wp-content\\\/uploads\\\/2024\\\/01\\\/MNZ-lozenges-manuka-honey-propolis.png\",\"datePublished\":\"2024-01-17T07:02:53+00:00\",\"dateModified\":\"2026-02-17T12:57:08+00:00\",\"description\":\"Premium Manuka honey pastilles with raw MGO 100+ Manuka honey, Isomalt and propolis. Pleasantly sweet, sugar free and ideal for daily use or on the go.\",\"breadcrumb\":{\"@id\":\"https:\\\/\\\/www.manukanewzealand.com\\\/product\\\/manuka-honey-drops-propolis\\\/#breadcrumb\"},\"inLanguage\":\"es\",\"potentialAction\":[{\"@type\":\"ReadAction\",\"target\":[\"https:\\\/\\\/www.manukanewzealand.com\\\/product\\\/manuka-honey-drops-propolis\\\/\"]}]},{\"@type\":\"ImageObject\",\"inLanguage\":\"es\",\"@id\":\"https:\\\/\\\/www.manukanewzealand.com\\\/product\\\/manuka-honey-drops-propolis\\\/#primaryimage\",\"url\":\"https:\\\/\\\/www.manukanewzealand.com\\\/wp-content\\\/uploads\\\/2024\\\/01\\\/MNZ-lozenges-manuka-honey-propolis.png\",\"contentUrl\":\"https:\\\/\\\/www.manukanewzealand.com\\\/wp-content\\\/uploads\\\/2024\\\/01\\\/MNZ-lozenges-manuka-honey-propolis.png\",\"width\":500,\"height\":500},{\"@type\":\"BreadcrumbList\",\"@id\":\"https:\\\/\\\/www.manukanewzealand.com\\\/product\\\/manuka-honey-drops-propolis\\\/#breadcrumb\",\"itemListElement\":[{\"@type\":\"ListItem\",\"position\":1,\"name\":\"Home\",\"item\":\"https:\\\/\\\/www.manukanewzealand.com\\\/\"},{\"@type\":\"ListItem\",\"position\":2,\"name\":\"MNZ Products\",\"item\":\"https:\\\/\\\/www.manukanewzealand.com\\\/mnz-products\\\/\"},{\"@type\":\"ListItem\",\"position\":3,\"name\":\"Manuka Honey Drops &#038; Propolis\"}]},{\"@type\":\"WebSite\",\"@id\":\"https:\\\/\\\/www.manukanewzealand.com\\\/es\\\/#website\",\"url\":\"https:\\\/\\\/www.manukanewzealand.com\\\/es\\\/\",\"name\":\"MNZ - Manuka New Zealand - The Best Raw Manuka Honey | Global\",\"description\":\"\",\"publisher\":{\"@id\":\"https:\\\/\\\/www.manukanewzealand.com\\\/es\\\/#organization\"},\"potentialAction\":[{\"@type\":\"SearchAction\",\"target\":{\"@type\":\"EntryPoint\",\"urlTemplate\":\"https:\\\/\\\/www.manukanewzealand.com\\\/es\\\/?s={search_term_string}\"},\"query-input\":{\"@type\":\"PropertyValueSpecification\",\"valueRequired\":true,\"valueName\":\"search_term_string\"}}],\"inLanguage\":\"es\"},{\"@type\":\"Organization\",\"@id\":\"https:\\\/\\\/www.manukanewzealand.com\\\/es\\\/#organization\",\"name\":\"MNZ - Manuka New Zealand - The Best Raw Manuka Honey | Global\",\"url\":\"https:\\\/\\\/www.manukanewzealand.com\\\/es\\\/\",\"logo\":{\"@type\":\"ImageObject\",\"inLanguage\":\"es\",\"@id\":\"https:\\\/\\\/www.manukanewzealand.com\\\/es\\\/#\\\/schema\\\/logo\\\/image\\\/\",\"url\":\"https:\\\/\\\/www.manukanewzealand.com\\\/wp-content\\\/uploads\\\/2022\\\/11\\\/mnz-logo-200x200-1-1.png\",\"contentUrl\":\"https:\\\/\\\/www.manukanewzealand.com\\\/wp-content\\\/uploads\\\/2022\\\/11\\\/mnz-logo-200x200-1-1.png\",\"width\":200,\"height\":200,\"caption\":\"MNZ - Manuka New Zealand - The Best Raw Manuka Honey | Global\"},\"image\":{\"@id\":\"https:\\\/\\\/www.manukanewzealand.com\\\/es\\\/#\\\/schema\\\/logo\\\/image\\\/\"}}]}<\/script>\n<meta property=\"product:price:amount\" content=\"14.95\" \/>\n<meta property=\"product:price:currency\" content=\"EUR\" \/>\n<meta property=\"og:availability\" content=\"instock\" \/>\n<meta property=\"product:availability\" content=\"instock\" \/>\n<meta property=\"product:retailer_item_id\" content=\"MNZ052\" \/>\n<meta property=\"product:condition\" content=\"new\" \/>\n<!-- \/ Yoast SEO plugin. -->","yoast_head_json":{"title":"Pastillas de miel de Manuka MNZ MGO 100+ | Con isomalt y prop\u00f3leo | Bajo contenido en az\u00facar","description":"Pastillas de miel de Manuka premium con miel de Manuka cruda MGO 100+, isomalt y prop\u00f3leo. Agradablemente dulces, sin az\u00facar e ideales para el uso diario o para llevar.","robots":{"index":"index","follow":"follow","max-snippet":"max-snippet:-1","max-image-preview":"max-image-preview:large","max-video-preview":"max-video-preview:-1"},"canonical":"https:\/\/www.manukanewzealand.com\/es\/product\/manuka-honey-drops-propolis\/","og_locale":"es_MX","og_type":"article","og_title":"MNZ Manuka Honey Pastilles MGO 100+ | With Isomalt & Propolis | Low Sugar","og_description":"Premium Manuka honey pastilles with raw MGO 100+ Manuka honey, Isomalt and propolis. Pleasantly sweet, sugar free and ideal for daily use or on the go.","og_url":"https:\/\/www.manukanewzealand.com\/es\/product\/manuka-honey-drops-propolis\/","og_site_name":"MNZ - Manuka New Zealand - The Best Raw Manuka Honey | Global","article_modified_time":"2026-02-17T12:57:08+00:00","og_image":[{"width":500,"height":500,"url":"https:\/\/www.manukanewzealand.com\/wp-content\/uploads\/2024\/01\/MNZ-lozenges-manuka-honey-propolis.png","type":"image\/png"}],"twitter_card":"summary_large_image","twitter_misc":{"Precio":"&euro;14,95 incl. VAT","Availability":"In stock"},"schema":{"@context":"https:\/\/schema.org","@graph":[{"@type":"WebPage","@id":"https:\/\/www.manukanewzealand.com\/product\/manuka-honey-drops-propolis\/","url":"https:\/\/www.manukanewzealand.com\/product\/manuka-honey-drops-propolis\/","name":"Pastillas de miel de Manuka MNZ MGO 100+ | Con isomalt y prop\u00f3leo | Bajo contenido en az\u00facar","isPartOf":{"@id":"https:\/\/www.manukanewzealand.com\/es\/#website"},"primaryImageOfPage":{"@id":"https:\/\/www.manukanewzealand.com\/product\/manuka-honey-drops-propolis\/#primaryimage"},"image":{"@id":"https:\/\/www.manukanewzealand.com\/product\/manuka-honey-drops-propolis\/#primaryimage"},"thumbnailUrl":"https:\/\/www.manukanewzealand.com\/wp-content\/uploads\/2024\/01\/MNZ-lozenges-manuka-honey-propolis.png","datePublished":"2024-01-17T07:02:53+00:00","dateModified":"2026-02-17T12:57:08+00:00","description":"Pastillas de miel de Manuka premium con miel de Manuka cruda MGO 100+, isomalt y prop\u00f3leo. Agradablemente dulces, sin az\u00facar e ideales para el uso diario o para llevar.","breadcrumb":{"@id":"https:\/\/www.manukanewzealand.com\/product\/manuka-honey-drops-propolis\/#breadcrumb"},"inLanguage":"es","potentialAction":[{"@type":"ReadAction","target":["https:\/\/www.manukanewzealand.com\/product\/manuka-honey-drops-propolis\/"]}]},{"@type":"ImageObject","inLanguage":"es","@id":"https:\/\/www.manukanewzealand.com\/product\/manuka-honey-drops-propolis\/#primaryimage","url":"https:\/\/www.manukanewzealand.com\/wp-content\/uploads\/2024\/01\/MNZ-lozenges-manuka-honey-propolis.png","contentUrl":"https:\/\/www.manukanewzealand.com\/wp-content\/uploads\/2024\/01\/MNZ-lozenges-manuka-honey-propolis.png","width":500,"height":500},{"@type":"BreadcrumbList","@id":"https:\/\/www.manukanewzealand.com\/product\/manuka-honey-drops-propolis\/#breadcrumb","itemListElement":[{"@type":"ListItem","position":1,"name":"Home","item":"https:\/\/www.manukanewzealand.com\/"},{"@type":"ListItem","position":2,"name":"MNZ Products","item":"https:\/\/www.manukanewzealand.com\/mnz-products\/"},{"@type":"ListItem","position":3,"name":"Manuka Honey Drops &#038; Propolis"}]},{"@type":"WebSite","@id":"https:\/\/www.manukanewzealand.com\/es\/#website","url":"https:\/\/www.manukanewzealand.com\/es\/","name":"MNZ - Manuka Nueva Zelanda - La mejor miel de Manuka cruda | Global","description":"","publisher":{"@id":"https:\/\/www.manukanewzealand.com\/es\/#organization"},"potentialAction":[{"@type":"SearchAction","target":{"@type":"EntryPoint","urlTemplate":"https:\/\/www.manukanewzealand.com\/es\/?s={search_term_string}"},"query-input":{"@type":"PropertyValueSpecification","valueRequired":true,"valueName":"search_term_string"}}],"inLanguage":"es"},{"@type":"Organization","@id":"https:\/\/www.manukanewzealand.com\/es\/#organization","name":"MNZ - Manuka Nueva Zelanda - La mejor miel de Manuka cruda | Global","url":"https:\/\/www.manukanewzealand.com\/es\/","logo":{"@type":"ImageObject","inLanguage":"es","@id":"https:\/\/www.manukanewzealand.com\/es\/#\/schema\/logo\/image\/","url":"https:\/\/www.manukanewzealand.com\/wp-content\/uploads\/2022\/11\/mnz-logo-200x200-1-1.png","contentUrl":"https:\/\/www.manukanewzealand.com\/wp-content\/uploads\/2022\/11\/mnz-logo-200x200-1-1.png","width":200,"height":200,"caption":"MNZ - Manuka New Zealand - The Best Raw Manuka Honey | Global"},"image":{"@id":"https:\/\/www.manukanewzealand.com\/es\/#\/schema\/logo\/image\/"}}]},"product_price_amount":"14.95","product_price_currency":"EUR","og_availability":"instock","product_availability":"instock","product_retailer_item_id":"MNZ052","product_condition":"new"},"_links":{"self":[{"href":"https:\/\/www.manukanewzealand.com\/es\/wp-json\/wp\/v2\/product\/503","targetHints":{"allow":["GET"]}}],"collection":[{"href":"https:\/\/www.manukanewzealand.com\/es\/wp-json\/wp\/v2\/product"}],"about":[{"href":"https:\/\/www.manukanewzealand.com\/es\/wp-json\/wp\/v2\/types\/product"}],"replies":[{"embeddable":true,"href":"https:\/\/www.manukanewzealand.com\/es\/wp-json\/wp\/v2\/comments?post=503"}],"wp:featuredmedia":[{"embeddable":true,"href":"https:\/\/www.manukanewzealand.com\/es\/wp-json\/wp\/v2\/media\/35177"}],"wp:attachment":[{"href":"https:\/\/www.manukanewzealand.com\/es\/wp-json\/wp\/v2\/media?parent=503"}],"wp:term":[{"taxonomy":"product_brand","embeddable":true,"href":"https:\/\/www.manukanewzealand.com\/es\/wp-json\/wp\/v2\/product_brand?post=503"},{"taxonomy":"product_cat","embeddable":true,"href":"https:\/\/www.manukanewzealand.com\/es\/wp-json\/wp\/v2\/product_cat?post=503"},{"taxonomy":"product_tag","embeddable":true,"href":"https:\/\/www.manukanewzealand.com\/es\/wp-json\/wp\/v2\/product_tag?post=503"}],"curies":[{"name":"wp","href":"https:\/\/api.w.org\/{rel}","templated":true}]}}