{"id":468,"date":"2024-01-30T01:01:31","date_gmt":"2024-01-30T00:01:31","guid":{"rendered":"https:\/\/www.manukahoney.eu\/?post_type=product&#038;p=468"},"modified":"2026-02-17T13:36:36","modified_gmt":"2026-02-17T12:36:36","slug":"mgo-100-manuka-honey-250gr","status":"publish","type":"product","link":"https:\/\/www.manukanewzealand.com\/es\/product\/mgo-100-manuka-honey-250gr\/","title":{"rendered":"Miel de Manuka MGO 100+ 250 g."},"content":{"rendered":"<h1>Miel de Manuka MNZ MGO 100+: miel monofloral pura y cruda de Nueva Zelanda.<\/h1>\n<p><strong>MNZ MGO 100+<\/strong> es de alta calidad <strong>Miel de Manuka monofloral cruda<\/strong> con un m\u00ednimo garantizado de <strong>100 mg\/kg de metilglioxal (MGO)<\/strong>. Es una opci\u00f3n accesible y confiable para quienes desean miel de Manuka genuina con un nivel certificado de MGO.<\/p>\n<p><strong>Disponible en:<\/strong> 250 gramos<\/p>\n<h2>\u00bfPor qu\u00e9 elegir MNZ MGO 100+?<\/h2>\n<p>MNZ es sin\u00f3nimo de pureza, transparencia y origen neozeland\u00e9s de confianza. Esta miel nunca se mezcla ni se somete a procesos intensivos. Se produce exclusivamente a partir del n\u00e9ctar de la flor de Manuka y se clasifica cuidadosamente seg\u00fan la reconocida norma MGO.<\/p>\n<p>El valor MGO refleja la concentraci\u00f3n natural de metilglioxal, el compuesto que hace que la miel de Manuka sea \u00fanica. Con un MGO 100+ garantizado, esta miel ofrece una introducci\u00f3n equilibrada y aut\u00e9ntica a la miel de Manuka de primera calidad.<\/p>\n<p>Nuestras colmenas se encuentran en zonas remotas y v\u00edrgenes de Nueva Zelanda, lejos de la agricultura intensiva y la contaminaci\u00f3n. Cada lote se somete a pruebas independientes para confirmar tanto su nivel de MGO como su condici\u00f3n de monofloral. La etiqueta MNZ y el sello dorado MGO que figuran en el frasco garantizan una trazabilidad total y una calidad constante en la que puede confiar.<\/p>\n<ul>\n<li>100% crudo, sin calentar y sin pasteurizar<\/li>\n<li>Miel de Manuka monofloral certificada<\/li>\n<li>MGO m\u00ednimo garantizado 100+<\/li>\n<li>Probado de forma independiente en laboratorio.<\/li>\n<li>Cosechado, envasado y etiquetado en Nueva Zelanda.<\/li>\n<\/ul>\n<h3>Ingredientes<\/h3>\n<p>Miel de Manuka monofloral cruda<\/p>\n<h3>Valores nutricionales por cada 100 g<\/h3>\n<ul>\n<li>Energ\u00eda: 1400 kJ \/ 335 kcal<\/li>\n<li>Grasa: 0,0 g<\/li>\n<li>de los cuales saturados: 0.0 g<\/li>\n<li>Carbohidratos: 82,1 g<\/li>\n<li>de los cuales az\u00facares: 82.1 g<\/li>\n<li>Prote\u00ednas: 0,0 g<\/li>\n<li>Fibra: 0,0 g<\/li>\n<li>Sal: 0,03 g<\/li>\n<\/ul>","protected":false},"excerpt":{"rendered":"<p>MNZ Manuka Honey MGO 100+ \u2013 Pure Raw Monofloral Manuka from New Zealand MNZ MGO 100+ is a high-quality raw monofloral Manuka honey with a guaranteed minimum of 100 mg\/kg Methylglyoxal (MGO). It is an accessible and reliable choice for those who want genuine Manuka honey with a certified MGO level. Available in: 250 grams [&#8230;]\n","protected":false},"featured_media":33827,"comment_status":"closed","ping_status":"closed","template":"","meta":[],"product_brand":[],"product_cat":[113],"product_tag":[],"class_list":{"0":"post-468","1":"product","2":"type-product","3":"status-publish","4":"has-post-thumbnail","6":"product_cat-uncategorized","8":"first","9":"instock","10":"taxable","11":"shipping-taxable","12":"purchasable","13":"product-type-simple"},"yoast_head":"<!-- This site is optimized with the Yoast SEO plugin v27.3 - https:\/\/yoast.com\/product\/yoast-seo-wordpress\/ -->\n<title>MNZ Manuka Honey MGO 100+ | Raw Monofloral Manuka Honey from New Zealand<\/title>\n<meta name=\"description\" content=\"Premium raw monofloral Manuka honey with guaranteed MGO 100+. Independently tested, unprocessed and harvested in remote New Zealand regions. Authentic MNZ quality.\" \/>\n<meta name=\"robots\" content=\"index, follow, max-snippet:-1, max-image-preview:large, max-video-preview:-1\" \/>\n<link rel=\"canonical\" href=\"https:\/\/www.manukanewzealand.com\/es\/product\/mgo-100-manuka-honey-250gr\/\" \/>\n<meta property=\"og:locale\" content=\"es_MX\" \/>\n<meta property=\"og:type\" content=\"article\" \/>\n<meta property=\"og:title\" content=\"MNZ Manuka Honey MGO 100+ | Raw Monofloral Manuka Honey from New Zealand\" \/>\n<meta property=\"og:description\" content=\"Premium raw monofloral Manuka honey with guaranteed MGO 100+. Independently tested, unprocessed and harvested in remote New Zealand regions. Authentic MNZ quality.\" \/>\n<meta property=\"og:url\" content=\"https:\/\/www.manukanewzealand.com\/es\/product\/mgo-100-manuka-honey-250gr\/\" \/>\n<meta property=\"og:site_name\" content=\"MNZ - Manuka New Zealand - The Best Raw Manuka Honey | Global\" \/>\n<meta property=\"article:modified_time\" content=\"2026-02-17T12:36:36+00:00\" \/>\n<meta property=\"og:image\" content=\"https:\/\/www.manukanewzealand.com\/wp-content\/uploads\/2022\/07\/manukahoney-mnz100-250g-1.webp\" \/>\n\t<meta property=\"og:image:width\" content=\"500\" \/>\n\t<meta property=\"og:image:height\" content=\"500\" \/>\n\t<meta property=\"og:image:type\" content=\"image\/webp\" \/>\n<meta name=\"twitter:card\" content=\"summary_large_image\" \/>\n<meta name=\"twitter:label1\" content=\"Precio\" \/>\n\t<meta name=\"twitter:data1\" content=\"&euro;32,50 incl. VAT\" \/>\n\t<meta name=\"twitter:label2\" content=\"Availability\" \/>\n\t<meta name=\"twitter:data2\" content=\"In stock\" \/>\n<script type=\"application\/ld+json\" class=\"yoast-schema-graph\">{\"@context\":\"https:\\\/\\\/schema.org\",\"@graph\":[{\"@type\":\"WebPage\",\"@id\":\"https:\\\/\\\/www.manukanewzealand.com\\\/product\\\/mgo-100-manuka-honey-250gr\\\/\",\"url\":\"https:\\\/\\\/www.manukanewzealand.com\\\/product\\\/mgo-100-manuka-honey-250gr\\\/\",\"name\":\"MNZ Manuka Honey MGO 100+ | Raw Monofloral Manuka Honey from New Zealand\",\"isPartOf\":{\"@id\":\"https:\\\/\\\/www.manukanewzealand.com\\\/es\\\/#website\"},\"primaryImageOfPage\":{\"@id\":\"https:\\\/\\\/www.manukanewzealand.com\\\/product\\\/mgo-100-manuka-honey-250gr\\\/#primaryimage\"},\"image\":{\"@id\":\"https:\\\/\\\/www.manukanewzealand.com\\\/product\\\/mgo-100-manuka-honey-250gr\\\/#primaryimage\"},\"thumbnailUrl\":\"https:\\\/\\\/www.manukanewzealand.com\\\/wp-content\\\/uploads\\\/2022\\\/07\\\/manukahoney-mnz100-250g-1.webp\",\"datePublished\":\"2024-01-30T00:01:31+00:00\",\"dateModified\":\"2026-02-17T12:36:36+00:00\",\"description\":\"Premium raw monofloral Manuka honey with guaranteed MGO 100+. Independently tested, unprocessed and harvested in remote New Zealand regions. Authentic MNZ quality.\",\"breadcrumb\":{\"@id\":\"https:\\\/\\\/www.manukanewzealand.com\\\/product\\\/mgo-100-manuka-honey-250gr\\\/#breadcrumb\"},\"inLanguage\":\"es\",\"potentialAction\":[{\"@type\":\"ReadAction\",\"target\":[\"https:\\\/\\\/www.manukanewzealand.com\\\/product\\\/mgo-100-manuka-honey-250gr\\\/\"]}]},{\"@type\":\"ImageObject\",\"inLanguage\":\"es\",\"@id\":\"https:\\\/\\\/www.manukanewzealand.com\\\/product\\\/mgo-100-manuka-honey-250gr\\\/#primaryimage\",\"url\":\"https:\\\/\\\/www.manukanewzealand.com\\\/wp-content\\\/uploads\\\/2022\\\/07\\\/manukahoney-mnz100-250g-1.webp\",\"contentUrl\":\"https:\\\/\\\/www.manukanewzealand.com\\\/wp-content\\\/uploads\\\/2022\\\/07\\\/manukahoney-mnz100-250g-1.webp\",\"width\":500,\"height\":500},{\"@type\":\"BreadcrumbList\",\"@id\":\"https:\\\/\\\/www.manukanewzealand.com\\\/product\\\/mgo-100-manuka-honey-250gr\\\/#breadcrumb\",\"itemListElement\":[{\"@type\":\"ListItem\",\"position\":1,\"name\":\"Home\",\"item\":\"https:\\\/\\\/www.manukanewzealand.com\\\/\"},{\"@type\":\"ListItem\",\"position\":2,\"name\":\"MNZ Products\",\"item\":\"https:\\\/\\\/www.manukanewzealand.com\\\/mnz-products\\\/\"},{\"@type\":\"ListItem\",\"position\":3,\"name\":\"Manuka Honey MGO 100+ 250gr.\"}]},{\"@type\":\"WebSite\",\"@id\":\"https:\\\/\\\/www.manukanewzealand.com\\\/es\\\/#website\",\"url\":\"https:\\\/\\\/www.manukanewzealand.com\\\/es\\\/\",\"name\":\"MNZ - Manuka New Zealand - The Best Raw Manuka Honey | Global\",\"description\":\"\",\"publisher\":{\"@id\":\"https:\\\/\\\/www.manukanewzealand.com\\\/es\\\/#organization\"},\"potentialAction\":[{\"@type\":\"SearchAction\",\"target\":{\"@type\":\"EntryPoint\",\"urlTemplate\":\"https:\\\/\\\/www.manukanewzealand.com\\\/es\\\/?s={search_term_string}\"},\"query-input\":{\"@type\":\"PropertyValueSpecification\",\"valueRequired\":true,\"valueName\":\"search_term_string\"}}],\"inLanguage\":\"es\"},{\"@type\":\"Organization\",\"@id\":\"https:\\\/\\\/www.manukanewzealand.com\\\/es\\\/#organization\",\"name\":\"MNZ - Manuka New Zealand - The Best Raw Manuka Honey | Global\",\"url\":\"https:\\\/\\\/www.manukanewzealand.com\\\/es\\\/\",\"logo\":{\"@type\":\"ImageObject\",\"inLanguage\":\"es\",\"@id\":\"https:\\\/\\\/www.manukanewzealand.com\\\/es\\\/#\\\/schema\\\/logo\\\/image\\\/\",\"url\":\"https:\\\/\\\/www.manukanewzealand.com\\\/wp-content\\\/uploads\\\/2022\\\/11\\\/mnz-logo-200x200-1-1.png\",\"contentUrl\":\"https:\\\/\\\/www.manukanewzealand.com\\\/wp-content\\\/uploads\\\/2022\\\/11\\\/mnz-logo-200x200-1-1.png\",\"width\":200,\"height\":200,\"caption\":\"MNZ - Manuka New Zealand - The Best Raw Manuka Honey | Global\"},\"image\":{\"@id\":\"https:\\\/\\\/www.manukanewzealand.com\\\/es\\\/#\\\/schema\\\/logo\\\/image\\\/\"}}]}<\/script>\n<meta property=\"product:price:amount\" content=\"32.50\" \/>\n<meta property=\"product:price:currency\" content=\"EUR\" \/>\n<meta property=\"og:availability\" content=\"instock\" \/>\n<meta property=\"product:availability\" content=\"instock\" \/>\n<meta property=\"product:retailer_item_id\" content=\"MNZ001\" \/>\n<meta property=\"product:condition\" content=\"new\" \/>\n<!-- \/ Yoast SEO plugin. -->","yoast_head_json":{"title":"Miel de Manuka MNZ MGO 100+ | Miel de Manuka monofloral cruda de Nueva Zelanda","description":"Miel de Manuka monofloral cruda de primera calidad con MGO 100+ garantizado. Probada de forma independiente, sin procesar y recolectada en regiones remotas de Nueva Zelanda. Aut\u00e9ntica calidad MNZ.","robots":{"index":"index","follow":"follow","max-snippet":"max-snippet:-1","max-image-preview":"max-image-preview:large","max-video-preview":"max-video-preview:-1"},"canonical":"https:\/\/www.manukanewzealand.com\/es\/product\/mgo-100-manuka-honey-250gr\/","og_locale":"es_MX","og_type":"article","og_title":"MNZ Manuka Honey MGO 100+ | Raw Monofloral Manuka Honey from New Zealand","og_description":"Premium raw monofloral Manuka honey with guaranteed MGO 100+. Independently tested, unprocessed and harvested in remote New Zealand regions. Authentic MNZ quality.","og_url":"https:\/\/www.manukanewzealand.com\/es\/product\/mgo-100-manuka-honey-250gr\/","og_site_name":"MNZ - Manuka New Zealand - The Best Raw Manuka Honey | Global","article_modified_time":"2026-02-17T12:36:36+00:00","og_image":[{"width":500,"height":500,"url":"https:\/\/www.manukanewzealand.com\/wp-content\/uploads\/2022\/07\/manukahoney-mnz100-250g-1.webp","type":"image\/webp"}],"twitter_card":"summary_large_image","twitter_misc":{"Precio":"&euro;32,50 incl. VAT","Availability":"In stock"},"schema":{"@context":"https:\/\/schema.org","@graph":[{"@type":"WebPage","@id":"https:\/\/www.manukanewzealand.com\/product\/mgo-100-manuka-honey-250gr\/","url":"https:\/\/www.manukanewzealand.com\/product\/mgo-100-manuka-honey-250gr\/","name":"Miel de Manuka MNZ MGO 100+ | Miel de Manuka monofloral cruda de Nueva Zelanda","isPartOf":{"@id":"https:\/\/www.manukanewzealand.com\/es\/#website"},"primaryImageOfPage":{"@id":"https:\/\/www.manukanewzealand.com\/product\/mgo-100-manuka-honey-250gr\/#primaryimage"},"image":{"@id":"https:\/\/www.manukanewzealand.com\/product\/mgo-100-manuka-honey-250gr\/#primaryimage"},"thumbnailUrl":"https:\/\/www.manukanewzealand.com\/wp-content\/uploads\/2022\/07\/manukahoney-mnz100-250g-1.webp","datePublished":"2024-01-30T00:01:31+00:00","dateModified":"2026-02-17T12:36:36+00:00","description":"Miel de Manuka monofloral cruda de primera calidad con MGO 100+ garantizado. Probada de forma independiente, sin procesar y recolectada en regiones remotas de Nueva Zelanda. Aut\u00e9ntica calidad MNZ.","breadcrumb":{"@id":"https:\/\/www.manukanewzealand.com\/product\/mgo-100-manuka-honey-250gr\/#breadcrumb"},"inLanguage":"es","potentialAction":[{"@type":"ReadAction","target":["https:\/\/www.manukanewzealand.com\/product\/mgo-100-manuka-honey-250gr\/"]}]},{"@type":"ImageObject","inLanguage":"es","@id":"https:\/\/www.manukanewzealand.com\/product\/mgo-100-manuka-honey-250gr\/#primaryimage","url":"https:\/\/www.manukanewzealand.com\/wp-content\/uploads\/2022\/07\/manukahoney-mnz100-250g-1.webp","contentUrl":"https:\/\/www.manukanewzealand.com\/wp-content\/uploads\/2022\/07\/manukahoney-mnz100-250g-1.webp","width":500,"height":500},{"@type":"BreadcrumbList","@id":"https:\/\/www.manukanewzealand.com\/product\/mgo-100-manuka-honey-250gr\/#breadcrumb","itemListElement":[{"@type":"ListItem","position":1,"name":"Home","item":"https:\/\/www.manukanewzealand.com\/"},{"@type":"ListItem","position":2,"name":"MNZ Products","item":"https:\/\/www.manukanewzealand.com\/mnz-products\/"},{"@type":"ListItem","position":3,"name":"Manuka Honey MGO 100+ 250gr."}]},{"@type":"WebSite","@id":"https:\/\/www.manukanewzealand.com\/es\/#website","url":"https:\/\/www.manukanewzealand.com\/es\/","name":"MNZ - Manuka Nueva Zelanda - La mejor miel de Manuka cruda | Global","description":"","publisher":{"@id":"https:\/\/www.manukanewzealand.com\/es\/#organization"},"potentialAction":[{"@type":"SearchAction","target":{"@type":"EntryPoint","urlTemplate":"https:\/\/www.manukanewzealand.com\/es\/?s={search_term_string}"},"query-input":{"@type":"PropertyValueSpecification","valueRequired":true,"valueName":"search_term_string"}}],"inLanguage":"es"},{"@type":"Organization","@id":"https:\/\/www.manukanewzealand.com\/es\/#organization","name":"MNZ - Manuka Nueva Zelanda - La mejor miel de Manuka cruda | Global","url":"https:\/\/www.manukanewzealand.com\/es\/","logo":{"@type":"ImageObject","inLanguage":"es","@id":"https:\/\/www.manukanewzealand.com\/es\/#\/schema\/logo\/image\/","url":"https:\/\/www.manukanewzealand.com\/wp-content\/uploads\/2022\/11\/mnz-logo-200x200-1-1.png","contentUrl":"https:\/\/www.manukanewzealand.com\/wp-content\/uploads\/2022\/11\/mnz-logo-200x200-1-1.png","width":200,"height":200,"caption":"MNZ - Manuka New Zealand - The Best Raw Manuka Honey | Global"},"image":{"@id":"https:\/\/www.manukanewzealand.com\/es\/#\/schema\/logo\/image\/"}}]},"product_price_amount":"32.50","product_price_currency":"EUR","og_availability":"instock","product_availability":"instock","product_retailer_item_id":"MNZ001","product_condition":"new"},"_links":{"self":[{"href":"https:\/\/www.manukanewzealand.com\/es\/wp-json\/wp\/v2\/product\/468","targetHints":{"allow":["GET"]}}],"collection":[{"href":"https:\/\/www.manukanewzealand.com\/es\/wp-json\/wp\/v2\/product"}],"about":[{"href":"https:\/\/www.manukanewzealand.com\/es\/wp-json\/wp\/v2\/types\/product"}],"replies":[{"embeddable":true,"href":"https:\/\/www.manukanewzealand.com\/es\/wp-json\/wp\/v2\/comments?post=468"}],"wp:featuredmedia":[{"embeddable":true,"href":"https:\/\/www.manukanewzealand.com\/es\/wp-json\/wp\/v2\/media\/33827"}],"wp:attachment":[{"href":"https:\/\/www.manukanewzealand.com\/es\/wp-json\/wp\/v2\/media?parent=468"}],"wp:term":[{"taxonomy":"product_brand","embeddable":true,"href":"https:\/\/www.manukanewzealand.com\/es\/wp-json\/wp\/v2\/product_brand?post=468"},{"taxonomy":"product_cat","embeddable":true,"href":"https:\/\/www.manukanewzealand.com\/es\/wp-json\/wp\/v2\/product_cat?post=468"},{"taxonomy":"product_tag","embeddable":true,"href":"https:\/\/www.manukanewzealand.com\/es\/wp-json\/wp\/v2\/product_tag?post=468"}],"curies":[{"name":"wp","href":"https:\/\/api.w.org\/{rel}","templated":true}]}}