{"id":35279,"date":"2026-02-17T14:13:15","date_gmt":"2026-02-17T13:13:15","guid":{"rendered":"https:\/\/www.manukanewzealand.com\/?post_type=product&#038;p=35279"},"modified":"2026-02-17T14:13:15","modified_gmt":"2026-02-17T13:13:15","slug":"manuka-honey-mgo-50-500gr","status":"publish","type":"product","link":"https:\/\/www.manukanewzealand.com\/es\/product\/manuka-honey-mgo-50-500gr\/","title":{"rendered":"Miel de Manuka MGO 50+ 500 g."},"content":{"rendered":"<h1>Miel de Manuka MNZ MGO 50+: miel de Manuka cruda en una pr\u00e1ctica botella exprimible.<\/h1>\n<p><strong>MNZ MGO 50+<\/strong> es de alta calidad <strong>miel de Manuka cruda<\/strong> con un m\u00ednimo garantizado de <strong>50 mg\/kg de metilglioxal (MGO)<\/strong>. Este grado suave de MGO es ideal para el uso diario y viene en una pr\u00e1ctica botella exprimible para servirlo de forma limpia y f\u00e1cil.<\/p>\n<p><strong>Disponible en:<\/strong> 500 g (botella exprimible)<\/p>\n<h2>\u00bfPor qu\u00e9 elegir MNZ MGO 50+?<\/h2>\n<p>MNZ es sin\u00f3nimo de pureza, transparencia y origen neozeland\u00e9s de confianza. Esta miel de Manuka se obtiene y se analiza cuidadosamente para confirmar su contenido natural de MGO.<\/p>\n<p>Con su menor nivel de MGO, el MGO 50+ ofrece un sabor suave y accesible, lo que lo hace perfecto para disfrutar a diario. \u00daselo en el desayuno, m\u00e9zclelo con t\u00e9, roc\u00edelo sobre yogur o a\u00f1\u00e1dalo a sus recetas favoritas.<\/p>\n<p>Nuestras colmenas se encuentran en regiones remotas y v\u00edrgenes de Nueva Zelanda, lejos de la agricultura intensiva y la contaminaci\u00f3n ambiental. Cada lote se somete a pruebas de laboratorio independientes para garantizar su autenticidad y calidad. El nombre MNZ y el sello dorado MGO representan una trazabilidad total y unos est\u00e1ndares uniformes.<\/p>\n<p>El pr\u00e1ctico envase flexible permite un uso f\u00e1cil y limpio sin necesidad de cuchara.<\/p>\n<ul>\n<li>100% crudo, sin calentar y sin pasteurizar<\/li>\n<li>Miel de Manuka con MGO 50+ garantizado.<\/li>\n<li>Sabor suave, apto para el consumo diario.<\/li>\n<li>Pr\u00e1ctica botella exprimible para una dosificaci\u00f3n limpia.<\/li>\n<li>Probado de forma independiente en laboratorio.<\/li>\n<li>Cosechado, envasado y etiquetado en Nueva Zelanda.<\/li>\n<\/ul>\n<h3>Ingredientes<\/h3>\n<p>Miel de Manuka cruda<\/p>\n<h3>Valores nutricionales por cada 100 g<\/h3>\n<ul>\n<li>Energ\u00eda: 1400 kJ \/ 335 kcal<\/li>\n<li>Grasa: 0,0 g<\/li>\n<li>de los cuales grasas saturadas: 0.0 g<\/li>\n<li>Carbohidratos: 82,1 g<\/li>\n<li>de los cuales az\u00facares: 82.1 g<\/li>\n<li>Prote\u00ednas: 0,0 g<\/li>\n<li>Fibra: 0,0 g<\/li>\n<li>Sal: 0,03 g<\/li>\n<\/ul>","protected":false},"excerpt":{"rendered":"<p>MNZ Manuka Honey MGO 50+ \u2013 Raw Manuka Honey in a Convenient Squeezy Bottle MNZ MGO 50+ is a high-quality raw Manuka honey with a guaranteed minimum of 50 mg\/kg Methylglyoxal (MGO). This mild MGO grade is ideal for everyday use and comes in a practical squeezy bottle for clean and easy serving. Available in: [&#8230;]\n","protected":false},"featured_media":35280,"comment_status":"closed","ping_status":"closed","template":"","meta":[],"product_brand":[],"product_cat":[113],"product_tag":[],"class_list":{"0":"post-35279","1":"product","2":"type-product","3":"status-publish","4":"has-post-thumbnail","6":"product_cat-uncategorized","8":"first","9":"instock","10":"taxable","11":"shipping-taxable","12":"purchasable","13":"product-type-simple"},"yoast_head":"<!-- This site is optimized with the Yoast SEO plugin v27.3 - https:\/\/yoast.com\/product\/yoast-seo-wordpress\/ -->\n<title>MNZ Manuka Honey MGO 50+ 500g Squeezy Bottle | Raw Manuka Honey<\/title>\n<meta name=\"description\" content=\"Raw MNZ Manuka honey MGO 50+ in a convenient 500 g squeezy bottle. Mild taste, independently tested and sourced from New Zealand.\" \/>\n<meta name=\"robots\" content=\"index, follow, max-snippet:-1, max-image-preview:large, max-video-preview:-1\" \/>\n<link rel=\"canonical\" href=\"https:\/\/www.manukanewzealand.com\/es\/product\/manuka-honey-mgo-50-500gr\/\" \/>\n<meta property=\"og:locale\" content=\"es_MX\" \/>\n<meta property=\"og:type\" content=\"article\" \/>\n<meta property=\"og:title\" content=\"MNZ Manuka Honey MGO 50+ 500g Squeezy Bottle | Raw Manuka Honey\" \/>\n<meta property=\"og:description\" content=\"Raw MNZ Manuka honey MGO 50+ in a convenient 500 g squeezy bottle. Mild taste, independently tested and sourced from New Zealand.\" \/>\n<meta property=\"og:url\" content=\"https:\/\/www.manukanewzealand.com\/es\/product\/manuka-honey-mgo-50-500gr\/\" \/>\n<meta property=\"og:site_name\" content=\"MNZ - Manuka New Zealand - The Best Raw Manuka Honey | Global\" \/>\n<meta property=\"og:image\" content=\"https:\/\/www.manukanewzealand.com\/wp-content\/uploads\/2026\/02\/MGO-50-500gr.jpg\" \/>\n\t<meta property=\"og:image:width\" content=\"500\" \/>\n\t<meta property=\"og:image:height\" content=\"500\" \/>\n\t<meta property=\"og:image:type\" content=\"image\/jpeg\" \/>\n<meta name=\"twitter:card\" content=\"summary_large_image\" \/>\n<meta name=\"twitter:label1\" content=\"Precio\" \/>\n\t<meta name=\"twitter:data1\" content=\"&euro;34,50 incl. VAT\" \/>\n\t<meta name=\"twitter:label2\" content=\"Availability\" \/>\n\t<meta name=\"twitter:data2\" content=\"In stock\" \/>\n<script type=\"application\/ld+json\" class=\"yoast-schema-graph\">{\"@context\":\"https:\\\/\\\/schema.org\",\"@graph\":[{\"@type\":\"WebPage\",\"@id\":\"https:\\\/\\\/www.manukanewzealand.com\\\/product\\\/manuka-honey-mgo-50-500gr\\\/\",\"url\":\"https:\\\/\\\/www.manukanewzealand.com\\\/product\\\/manuka-honey-mgo-50-500gr\\\/\",\"name\":\"MNZ Manuka Honey MGO 50+ 500g Squeezy Bottle | Raw Manuka Honey\",\"isPartOf\":{\"@id\":\"https:\\\/\\\/www.manukanewzealand.com\\\/es\\\/#website\"},\"primaryImageOfPage\":{\"@id\":\"https:\\\/\\\/www.manukanewzealand.com\\\/product\\\/manuka-honey-mgo-50-500gr\\\/#primaryimage\"},\"image\":{\"@id\":\"https:\\\/\\\/www.manukanewzealand.com\\\/product\\\/manuka-honey-mgo-50-500gr\\\/#primaryimage\"},\"thumbnailUrl\":\"https:\\\/\\\/www.manukanewzealand.com\\\/wp-content\\\/uploads\\\/2026\\\/02\\\/MGO-50-500gr.jpg\",\"datePublished\":\"2026-02-17T13:13:15+00:00\",\"description\":\"Raw MNZ Manuka honey MGO 50+ in a convenient 500 g squeezy bottle. Mild taste, independently tested and sourced from New Zealand.\",\"breadcrumb\":{\"@id\":\"https:\\\/\\\/www.manukanewzealand.com\\\/product\\\/manuka-honey-mgo-50-500gr\\\/#breadcrumb\"},\"inLanguage\":\"es\",\"potentialAction\":[{\"@type\":\"ReadAction\",\"target\":[\"https:\\\/\\\/www.manukanewzealand.com\\\/product\\\/manuka-honey-mgo-50-500gr\\\/\"]}]},{\"@type\":\"ImageObject\",\"inLanguage\":\"es\",\"@id\":\"https:\\\/\\\/www.manukanewzealand.com\\\/product\\\/manuka-honey-mgo-50-500gr\\\/#primaryimage\",\"url\":\"https:\\\/\\\/www.manukanewzealand.com\\\/wp-content\\\/uploads\\\/2026\\\/02\\\/MGO-50-500gr.jpg\",\"contentUrl\":\"https:\\\/\\\/www.manukanewzealand.com\\\/wp-content\\\/uploads\\\/2026\\\/02\\\/MGO-50-500gr.jpg\",\"width\":500,\"height\":500},{\"@type\":\"BreadcrumbList\",\"@id\":\"https:\\\/\\\/www.manukanewzealand.com\\\/product\\\/manuka-honey-mgo-50-500gr\\\/#breadcrumb\",\"itemListElement\":[{\"@type\":\"ListItem\",\"position\":1,\"name\":\"Home\",\"item\":\"https:\\\/\\\/www.manukanewzealand.com\\\/\"},{\"@type\":\"ListItem\",\"position\":2,\"name\":\"MNZ Products\",\"item\":\"https:\\\/\\\/www.manukanewzealand.com\\\/mnz-products\\\/\"},{\"@type\":\"ListItem\",\"position\":3,\"name\":\"Manuka Honey MGO 50+ 500gr.\"}]},{\"@type\":\"WebSite\",\"@id\":\"https:\\\/\\\/www.manukanewzealand.com\\\/es\\\/#website\",\"url\":\"https:\\\/\\\/www.manukanewzealand.com\\\/es\\\/\",\"name\":\"MNZ - Manuka New Zealand - The Best Raw Manuka Honey | Global\",\"description\":\"\",\"publisher\":{\"@id\":\"https:\\\/\\\/www.manukanewzealand.com\\\/es\\\/#organization\"},\"potentialAction\":[{\"@type\":\"SearchAction\",\"target\":{\"@type\":\"EntryPoint\",\"urlTemplate\":\"https:\\\/\\\/www.manukanewzealand.com\\\/es\\\/?s={search_term_string}\"},\"query-input\":{\"@type\":\"PropertyValueSpecification\",\"valueRequired\":true,\"valueName\":\"search_term_string\"}}],\"inLanguage\":\"es\"},{\"@type\":\"Organization\",\"@id\":\"https:\\\/\\\/www.manukanewzealand.com\\\/es\\\/#organization\",\"name\":\"MNZ - Manuka New Zealand - The Best Raw Manuka Honey | Global\",\"url\":\"https:\\\/\\\/www.manukanewzealand.com\\\/es\\\/\",\"logo\":{\"@type\":\"ImageObject\",\"inLanguage\":\"es\",\"@id\":\"https:\\\/\\\/www.manukanewzealand.com\\\/es\\\/#\\\/schema\\\/logo\\\/image\\\/\",\"url\":\"https:\\\/\\\/www.manukanewzealand.com\\\/wp-content\\\/uploads\\\/2022\\\/11\\\/mnz-logo-200x200-1-1.png\",\"contentUrl\":\"https:\\\/\\\/www.manukanewzealand.com\\\/wp-content\\\/uploads\\\/2022\\\/11\\\/mnz-logo-200x200-1-1.png\",\"width\":200,\"height\":200,\"caption\":\"MNZ - Manuka New Zealand - The Best Raw Manuka Honey | Global\"},\"image\":{\"@id\":\"https:\\\/\\\/www.manukanewzealand.com\\\/es\\\/#\\\/schema\\\/logo\\\/image\\\/\"}}]}<\/script>\n<meta property=\"product:price:amount\" content=\"34.50\" \/>\n<meta property=\"product:price:currency\" content=\"EUR\" \/>\n<meta property=\"og:availability\" content=\"instock\" \/>\n<meta property=\"product:availability\" content=\"instock\" \/>\n<meta property=\"product:retailer_item_id\" content=\"MNZ024\" \/>\n<meta property=\"product:condition\" content=\"new\" \/>\n<!-- \/ Yoast SEO plugin. -->","yoast_head_json":{"title":"Miel de Manuka MNZ MGO 50+ 500 g en botella exprimible | Miel de Manuka cruda","description":"Miel de Manuka MNZ cruda MGO 50+ en una pr\u00e1ctica botella exprimible de 500 g. Sabor suave, probada de forma independiente y procedente de Nueva Zelanda.","robots":{"index":"index","follow":"follow","max-snippet":"max-snippet:-1","max-image-preview":"max-image-preview:large","max-video-preview":"max-video-preview:-1"},"canonical":"https:\/\/www.manukanewzealand.com\/es\/product\/manuka-honey-mgo-50-500gr\/","og_locale":"es_MX","og_type":"article","og_title":"MNZ Manuka Honey MGO 50+ 500g Squeezy Bottle | Raw Manuka Honey","og_description":"Raw MNZ Manuka honey MGO 50+ in a convenient 500 g squeezy bottle. Mild taste, independently tested and sourced from New Zealand.","og_url":"https:\/\/www.manukanewzealand.com\/es\/product\/manuka-honey-mgo-50-500gr\/","og_site_name":"MNZ - Manuka New Zealand - The Best Raw Manuka Honey | Global","og_image":[{"width":500,"height":500,"url":"https:\/\/www.manukanewzealand.com\/wp-content\/uploads\/2026\/02\/MGO-50-500gr.jpg","type":"image\/jpeg"}],"twitter_card":"summary_large_image","twitter_misc":{"Precio":"&euro;34,50 incl. VAT","Availability":"In stock"},"schema":{"@context":"https:\/\/schema.org","@graph":[{"@type":"WebPage","@id":"https:\/\/www.manukanewzealand.com\/product\/manuka-honey-mgo-50-500gr\/","url":"https:\/\/www.manukanewzealand.com\/product\/manuka-honey-mgo-50-500gr\/","name":"Miel de Manuka MNZ MGO 50+ 500 g en botella exprimible | Miel de Manuka cruda","isPartOf":{"@id":"https:\/\/www.manukanewzealand.com\/es\/#website"},"primaryImageOfPage":{"@id":"https:\/\/www.manukanewzealand.com\/product\/manuka-honey-mgo-50-500gr\/#primaryimage"},"image":{"@id":"https:\/\/www.manukanewzealand.com\/product\/manuka-honey-mgo-50-500gr\/#primaryimage"},"thumbnailUrl":"https:\/\/www.manukanewzealand.com\/wp-content\/uploads\/2026\/02\/MGO-50-500gr.jpg","datePublished":"2026-02-17T13:13:15+00:00","description":"Miel de Manuka MNZ cruda MGO 50+ en una pr\u00e1ctica botella exprimible de 500 g. Sabor suave, probada de forma independiente y procedente de Nueva Zelanda.","breadcrumb":{"@id":"https:\/\/www.manukanewzealand.com\/product\/manuka-honey-mgo-50-500gr\/#breadcrumb"},"inLanguage":"es","potentialAction":[{"@type":"ReadAction","target":["https:\/\/www.manukanewzealand.com\/product\/manuka-honey-mgo-50-500gr\/"]}]},{"@type":"ImageObject","inLanguage":"es","@id":"https:\/\/www.manukanewzealand.com\/product\/manuka-honey-mgo-50-500gr\/#primaryimage","url":"https:\/\/www.manukanewzealand.com\/wp-content\/uploads\/2026\/02\/MGO-50-500gr.jpg","contentUrl":"https:\/\/www.manukanewzealand.com\/wp-content\/uploads\/2026\/02\/MGO-50-500gr.jpg","width":500,"height":500},{"@type":"BreadcrumbList","@id":"https:\/\/www.manukanewzealand.com\/product\/manuka-honey-mgo-50-500gr\/#breadcrumb","itemListElement":[{"@type":"ListItem","position":1,"name":"Home","item":"https:\/\/www.manukanewzealand.com\/"},{"@type":"ListItem","position":2,"name":"MNZ Products","item":"https:\/\/www.manukanewzealand.com\/mnz-products\/"},{"@type":"ListItem","position":3,"name":"Manuka Honey MGO 50+ 500gr."}]},{"@type":"WebSite","@id":"https:\/\/www.manukanewzealand.com\/es\/#website","url":"https:\/\/www.manukanewzealand.com\/es\/","name":"MNZ - Manuka Nueva Zelanda - La mejor miel de Manuka cruda | Global","description":"","publisher":{"@id":"https:\/\/www.manukanewzealand.com\/es\/#organization"},"potentialAction":[{"@type":"SearchAction","target":{"@type":"EntryPoint","urlTemplate":"https:\/\/www.manukanewzealand.com\/es\/?s={search_term_string}"},"query-input":{"@type":"PropertyValueSpecification","valueRequired":true,"valueName":"search_term_string"}}],"inLanguage":"es"},{"@type":"Organization","@id":"https:\/\/www.manukanewzealand.com\/es\/#organization","name":"MNZ - Manuka Nueva Zelanda - La mejor miel de Manuka cruda | Global","url":"https:\/\/www.manukanewzealand.com\/es\/","logo":{"@type":"ImageObject","inLanguage":"es","@id":"https:\/\/www.manukanewzealand.com\/es\/#\/schema\/logo\/image\/","url":"https:\/\/www.manukanewzealand.com\/wp-content\/uploads\/2022\/11\/mnz-logo-200x200-1-1.png","contentUrl":"https:\/\/www.manukanewzealand.com\/wp-content\/uploads\/2022\/11\/mnz-logo-200x200-1-1.png","width":200,"height":200,"caption":"MNZ - Manuka New Zealand - The Best Raw Manuka Honey | Global"},"image":{"@id":"https:\/\/www.manukanewzealand.com\/es\/#\/schema\/logo\/image\/"}}]},"product_price_amount":"34.50","product_price_currency":"EUR","og_availability":"instock","product_availability":"instock","product_retailer_item_id":"MNZ024","product_condition":"new"},"_links":{"self":[{"href":"https:\/\/www.manukanewzealand.com\/es\/wp-json\/wp\/v2\/product\/35279","targetHints":{"allow":["GET"]}}],"collection":[{"href":"https:\/\/www.manukanewzealand.com\/es\/wp-json\/wp\/v2\/product"}],"about":[{"href":"https:\/\/www.manukanewzealand.com\/es\/wp-json\/wp\/v2\/types\/product"}],"replies":[{"embeddable":true,"href":"https:\/\/www.manukanewzealand.com\/es\/wp-json\/wp\/v2\/comments?post=35279"}],"wp:featuredmedia":[{"embeddable":true,"href":"https:\/\/www.manukanewzealand.com\/es\/wp-json\/wp\/v2\/media\/35280"}],"wp:attachment":[{"href":"https:\/\/www.manukanewzealand.com\/es\/wp-json\/wp\/v2\/media?parent=35279"}],"wp:term":[{"taxonomy":"product_brand","embeddable":true,"href":"https:\/\/www.manukanewzealand.com\/es\/wp-json\/wp\/v2\/product_brand?post=35279"},{"taxonomy":"product_cat","embeddable":true,"href":"https:\/\/www.manukanewzealand.com\/es\/wp-json\/wp\/v2\/product_cat?post=35279"},{"taxonomy":"product_tag","embeddable":true,"href":"https:\/\/www.manukanewzealand.com\/es\/wp-json\/wp\/v2\/product_tag?post=35279"}],"curies":[{"name":"wp","href":"https:\/\/api.w.org\/{rel}","templated":true}]}}